{"id":5943,"date":"2022-04-22T17:41:52","date_gmt":"2022-04-22T17:41:52","guid":{"rendered":"https:\/\/cyberlogics.ao\/?post_type=product&#038;p=5943"},"modified":"2025-12-20T06:23:59","modified_gmt":"2025-12-20T06:23:59","slug":"windows-8-1-home","status":"publish","type":"product","link":"https:\/\/cyberlogics.ao\/index.php\/product\/windows-8-1-home\/","title":{"rendered":"Windows 8.1 Home"},"content":{"rendered":"<p>Compre o Windows 8.1 Home pelo melhor pre\u00e7o em instant-key.com. Fa\u00e7a o pedido agora e baixe sua licen\u00e7a de ativa\u00e7\u00e3o para a licen\u00e7a do Windows 8.1 diretamente.<\/p>\n<p>Detalhes do produto<br \/>\nMarca: Microsoft<br \/>\nLan\u00e7ado em: 08-04-2014<br \/>\nPlataforma: Windows 8<br \/>\nFormato: Licen\u00e7a Digital de Uso \u00danico<br \/>\nCompatibilidade: 32 bits e 64 bits<br \/>\nIdioma: EU Multilingual (\u00e9 poss\u00edvel alterar as configura\u00e7\u00f5es de idioma ap\u00f3s a instala\u00e7\u00e3o)<br \/>\nBaixe o Windows 8.1 Home e melhore a efici\u00eancia de suas tarefas di\u00e1rias<br \/>\nBaixe e ative a vers\u00e3o total e oficial do Windows 8.1 Home em nosso site Digitalproductkey.com, que tamb\u00e9m envolve melhorias e avan\u00e7os substanciais para tornar suas tarefas di\u00e1rias mais eficientes.<\/p>\n<p>Instale e ative o Windows 8.1 Home.<br \/>\nInstale um sistema operacional que ofere\u00e7a recursos inovadores que podem ser \u00fateis mesmo para quem n\u00e3o tem experi\u00eancia em tecnologia. Na realidade, com esta vers\u00e3o do Windows 8.1, voc\u00ea pode experimentar essas op\u00e7\u00f5es simplificadas: uma tela inicial atualizada, agora voc\u00ea pode configurar a tela da \u00e1rea de trabalho com suas prefer\u00eancias, conex\u00f5es e aplicativos. Al\u00e9m disso, agora voc\u00ea pode criar um c\u00f3digo de imagem para sua imagem favorita. N\u00e3o apenas isso, mas voc\u00ea ainda experimentar\u00e1 uma plataforma online, al\u00e9m disso, a loja do Windows entrega milhares de aplicativos aos usu\u00e1rios deste sistema operacional. O Windows 8.1 Home oferece uma variedade de recursos f\u00e1ceis e simplificados que permitem atualizar facilmente esses aplicativos: Fa\u00e7a login em sua conta diferente para sincronizar seus dispositivos com sua conta da Microsoft. Voc\u00ea pode ver a mesma configura\u00e7\u00e3o, os mesmos aplicativos, seus programas favoritos, o hist\u00f3rico do site, mas principalmente suas conex\u00f5es ao entrar na sua conta da Microsoft na segunda tela.<\/p>\n<p>&nbsp;<\/p>\n<p>Melhor experi\u00eancia do usu\u00e1rio<br \/>\nA vers\u00e3o do Windows 8.1 Home apresentou tr\u00eas aprimoramentos principais que se concentram na atualiza\u00e7\u00e3o da experi\u00eancia do usu\u00e1rio, na introdu\u00e7\u00e3o de funcionalidades adicionais e na promo\u00e7\u00e3o de dispositivos com telas menores. Para esta edi\u00e7\u00e3o, os programas atualizados n\u00e3o t\u00eam mais um c\u00f3digo de inicializa\u00e7\u00e3o: para o Windows 8, os aplicativos foram imediatamente bloqueados na p\u00e1gina de inicializa\u00e7\u00e3o.<\/p>\n<p>Pesquisa internacional<br \/>\nA Microsoft tamb\u00e9m aprimorou a busca de aplicativos integrados, um dos aplicativos mais usados. No Windows 8.1 Home, essa fun\u00e7\u00e3o \u00e9 como uma Omnibox que incorpora formul\u00e1rios de aplicativos, transcri\u00e7\u00f5es e conte\u00fado da Web nos resultados. Em compara\u00e7\u00e3o, o recurso Snap, que permite a opera\u00e7\u00e3o sincronizada de dois aplicativos no computador, com um dos aplicativos na lateral das janelas ocupando 25% da visualiza\u00e7\u00e3o. Com o Windows 8.1, essa propor\u00e7\u00e3o se torna muito mais vers\u00e1til, permitindo que os usu\u00e1rios quebrem o dispositivo de v\u00e1rias maneiras: 50\/50, 60\/40, 70\/30 ou algo intermedi\u00e1rio.<\/p>\n<p>Software integrado atual<br \/>\nO Windows 8.1 Home tamb\u00e9m lan\u00e7ou novos recursos da Microsoft, como rel\u00f3gio, cron\u00f4metro, um programa de culin\u00e1ria que possui um recurso simples de prepara\u00e7\u00e3o com as m\u00e3os livres que leva voc\u00ea ao pr\u00f3ximo n\u00edvel e um programa de sa\u00fade e bem-estar com design de monitoramento de condi\u00e7\u00f5es. \u00c9 um WebMD. No que diz respeito, os aplicativos de m\u00fasica, v\u00eddeo e jogos da marca Xbox possuem funcionalidades inovadoras que permitem ao usu\u00e1rio acessar os dados com os quais mais interage. M\u00eddia e Esportes sofreram mudan\u00e7as significativas, com p\u00e1ginas personalizadas, postagens e informa\u00e7\u00f5es sobre seus jogadores esportivos.<\/p>\n<p>Requisitos do sistema para o Microsoft Windows 8.1 Home<br \/>\n\u2023 Processador necess\u00e1rio: processador de 1 GHz ou mais r\u00e1pido<br \/>\n\u2023 Mem\u00f3ria necess\u00e1ria: 1 GB de RAM (32 bits); 2 GB de RAM (64 bits)<br \/>\n\u2023 Espa\u00e7o necess\u00e1rio no disco r\u00edgido: 16 GB (32 bits); 20 GB (64 bits)<br \/>\n\u2023 Tela recomendada: resolu\u00e7\u00e3o de tela de 1024\u00d7768 ou superior<br \/>\n\u2023 Placa gr\u00e1fica necess\u00e1ria: processador gr\u00e1fico DirectX\u00ae 9 com driver WDDM 1.0<br \/>\n\u2023 Conectividade necess\u00e1ria: acesso \u00e0 Internet (podem ser aplicadas taxas)<\/p>\n<p>Se voc\u00ea tiver mais alguma d\u00favida, n\u00e3o hesite em nos contatar!<\/p>\n","protected":false},"excerpt":{"rendered":"<p>compre o Windows 8.1 Home ao pre\u00e7o mais barato do mercado online!<\/p>\n<p>Ap\u00f3s uma compra bem-sucedida, voc\u00ea receber\u00e1 imediatamente:<\/p>\n<p>O c\u00f3digo-chave da licen\u00e7a de ativa\u00e7\u00e3o do <strong>Windows 8.1<\/strong> Home \u00e9 uma licen\u00e7a v\u00e1lida vital\u00edcia<br \/>\nPrograma completo do Windows 8.1 Home em ambas as vers\u00f5es de 32\/64 bits<br \/>\nGuias e instru\u00e7\u00f5es para ativar seu Produto<br \/>\n7\/7 Suporte gratuito de atendimento ao cliente<\/p>\n","protected":false},"featured_media":5944,"comment_status":"open","ping_status":"closed","template":"","meta":{"_joinchat":[]},"product_brand":[],"product_cat":[245,249],"product_tag":[],"class_list":{"0":"post-5943","1":"product","2":"type-product","3":"status-publish","4":"has-post-thumbnail","6":"product_cat-sistemas-operativos","7":"product_cat-windows-8","9":"first","10":"instock","11":"sale","12":"shipping-taxable","13":"purchasable","14":"product-type-simple"},"yoast_head":"<!-- This site is optimized with the Yoast SEO plugin v27.3 - https:\/\/yoast.com\/product\/yoast-seo-wordpress\/ -->\n<title>Windows 8.1 Home - Cyberlogics Technologies Angola<\/title>\n<meta name=\"description\" content=\"A Maior Loja Online de Angola de Licen\u00e7as Microsoft Office | Chaves Sistemas Operativos Windows | Antiv\u00edrus | Cloud Adobe | Inform\u00e1tica &amp; Servidores | Softwares de Gest\u00e3o ERP | Gaming Hardware | UPS e Baterias &amp; Muito Mais...\" \/>\n<meta name=\"robots\" content=\"index, follow, max-snippet:-1, max-image-preview:large, max-video-preview:-1\" \/>\n<link rel=\"canonical\" href=\"https:\/\/cyberlogics.ao\/index.php\/product\/windows-8-1-home\/\" \/>\n<meta property=\"og:locale\" content=\"pt_PT\" \/>\n<meta property=\"og:type\" content=\"article\" \/>\n<meta property=\"og:title\" content=\"Windows 8.1 Home - Cyberlogics Technologies Angola\" \/>\n<meta property=\"og:description\" content=\"A Maior Loja Online de Angola de Licen\u00e7as Microsoft Office | Chaves Sistemas Operativos Windows | Antiv\u00edrus | Cloud Adobe | Inform\u00e1tica &amp; Servidores | Softwares de Gest\u00e3o ERP | Gaming Hardware | UPS e Baterias &amp; Muito Mais...\" \/>\n<meta property=\"og:url\" content=\"https:\/\/cyberlogics.ao\/index.php\/product\/windows-8-1-home\/\" \/>\n<meta property=\"og:site_name\" content=\"Cyberlogics Technologies Angola\" \/>\n<meta property=\"article:modified_time\" content=\"2025-12-20T06:23:59+00:00\" \/>\n<meta property=\"og:image\" content=\"http:\/\/cyberlogics.ao\/wp-content\/uploads\/2022\/04\/Windows-8.1-Home_7ze8-5d.webp\" \/>\n\t<meta property=\"og:image:width\" content=\"600\" \/>\n\t<meta property=\"og:image:height\" content=\"600\" \/>\n\t<meta property=\"og:image:type\" content=\"image\/webp\" \/>\n<meta name=\"twitter:card\" content=\"summary_large_image\" \/>\n<meta name=\"twitter:label1\" content=\"Tempo estimado de leitura\" \/>\n\t<meta name=\"twitter:data1\" content=\"3 minutos\" \/>\n<script type=\"application\/ld+json\" class=\"yoast-schema-graph\">{\"@context\":\"https:\\\/\\\/schema.org\",\"@graph\":[{\"@type\":\"WebPage\",\"@id\":\"https:\\\/\\\/cyberlogics.ao\\\/index.php\\\/product\\\/windows-8-1-home\\\/\",\"url\":\"https:\\\/\\\/cyberlogics.ao\\\/index.php\\\/product\\\/windows-8-1-home\\\/\",\"name\":\"Windows 8.1 Home - Cyberlogics Technologies Angola\",\"isPartOf\":{\"@id\":\"https:\\\/\\\/cyberlogics.ao\\\/#website\"},\"primaryImageOfPage\":{\"@id\":\"https:\\\/\\\/cyberlogics.ao\\\/index.php\\\/product\\\/windows-8-1-home\\\/#primaryimage\"},\"image\":{\"@id\":\"https:\\\/\\\/cyberlogics.ao\\\/index.php\\\/product\\\/windows-8-1-home\\\/#primaryimage\"},\"thumbnailUrl\":\"https:\\\/\\\/cyberlogics.ao\\\/wp-content\\\/uploads\\\/2022\\\/04\\\/Windows-8.1-Home_7ze8-5d.webp\",\"datePublished\":\"2022-04-22T17:41:52+00:00\",\"dateModified\":\"2025-12-20T06:23:59+00:00\",\"description\":\"A Maior Loja Online de Angola de Licen\u00e7as Microsoft Office | Chaves Sistemas Operativos Windows | Antiv\u00edrus | Cloud Adobe | Inform\u00e1tica & Servidores | Softwares de Gest\u00e3o ERP | Gaming Hardware | UPS e Baterias & Muito Mais...\",\"breadcrumb\":{\"@id\":\"https:\\\/\\\/cyberlogics.ao\\\/index.php\\\/product\\\/windows-8-1-home\\\/#breadcrumb\"},\"inLanguage\":\"pt-PT\",\"potentialAction\":[{\"@type\":\"ReadAction\",\"target\":[\"https:\\\/\\\/cyberlogics.ao\\\/index.php\\\/product\\\/windows-8-1-home\\\/\"]}]},{\"@type\":\"ImageObject\",\"inLanguage\":\"pt-PT\",\"@id\":\"https:\\\/\\\/cyberlogics.ao\\\/index.php\\\/product\\\/windows-8-1-home\\\/#primaryimage\",\"url\":\"https:\\\/\\\/cyberlogics.ao\\\/wp-content\\\/uploads\\\/2022\\\/04\\\/Windows-8.1-Home_7ze8-5d.webp\",\"contentUrl\":\"https:\\\/\\\/cyberlogics.ao\\\/wp-content\\\/uploads\\\/2022\\\/04\\\/Windows-8.1-Home_7ze8-5d.webp\",\"width\":600,\"height\":600},{\"@type\":\"BreadcrumbList\",\"@id\":\"https:\\\/\\\/cyberlogics.ao\\\/index.php\\\/product\\\/windows-8-1-home\\\/#breadcrumb\",\"itemListElement\":[{\"@type\":\"ListItem\",\"position\":1,\"name\":\"In\u00edcio\",\"item\":\"https:\\\/\\\/cyberlogics.ao\\\/\"},{\"@type\":\"ListItem\",\"position\":2,\"name\":\"Produtos\",\"item\":\"https:\\\/\\\/cyberlogics.ao\\\/index.php\\\/shop-2\\\/\"},{\"@type\":\"ListItem\",\"position\":3,\"name\":\"Windows 8.1 Home\"}]},{\"@type\":\"WebSite\",\"@id\":\"https:\\\/\\\/cyberlogics.ao\\\/#website\",\"url\":\"https:\\\/\\\/cyberlogics.ao\\\/\",\"name\":\"Cyberlogics Technologies Angola\",\"description\":\"Loja Online de Licen\u00e7as de Softwares e Inform\u00e1tica\",\"publisher\":{\"@id\":\"https:\\\/\\\/cyberlogics.ao\\\/#organization\"},\"potentialAction\":[{\"@type\":\"SearchAction\",\"target\":{\"@type\":\"EntryPoint\",\"urlTemplate\":\"https:\\\/\\\/cyberlogics.ao\\\/?s={search_term_string}\"},\"query-input\":{\"@type\":\"PropertyValueSpecification\",\"valueRequired\":true,\"valueName\":\"search_term_string\"}}],\"inLanguage\":\"pt-PT\"},{\"@type\":\"Organization\",\"@id\":\"https:\\\/\\\/cyberlogics.ao\\\/#organization\",\"name\":\"Cyberlogics Ao Technologies - Loja Online de Licen\u00e7as de Softwares e Inform\u00e1tica\",\"url\":\"https:\\\/\\\/cyberlogics.ao\\\/\",\"logo\":{\"@type\":\"ImageObject\",\"inLanguage\":\"pt-PT\",\"@id\":\"https:\\\/\\\/cyberlogics.ao\\\/#\\\/schema\\\/logo\\\/image\\\/\",\"url\":\"https:\\\/\\\/cyberlogics.ao\\\/wp-content\\\/uploads\\\/2022\\\/04\\\/CT-logo.png\",\"contentUrl\":\"https:\\\/\\\/cyberlogics.ao\\\/wp-content\\\/uploads\\\/2022\\\/04\\\/CT-logo.png\",\"width\":190,\"height\":75,\"caption\":\"Cyberlogics Ao Technologies - Loja Online de Licen\u00e7as de Softwares e Inform\u00e1tica\"},\"image\":{\"@id\":\"https:\\\/\\\/cyberlogics.ao\\\/#\\\/schema\\\/logo\\\/image\\\/\"}}]}<\/script>\n<!-- \/ Yoast SEO plugin. -->","yoast_head_json":{"title":"Windows 8.1 Home - Cyberlogics Technologies Angola","description":"A Maior Loja Online de Angola de Licen\u00e7as Microsoft Office | Chaves Sistemas Operativos Windows | Antiv\u00edrus | Cloud Adobe | Inform\u00e1tica & Servidores | Softwares de Gest\u00e3o ERP | Gaming Hardware | UPS e Baterias & Muito Mais...","robots":{"index":"index","follow":"follow","max-snippet":"max-snippet:-1","max-image-preview":"max-image-preview:large","max-video-preview":"max-video-preview:-1"},"canonical":"https:\/\/cyberlogics.ao\/index.php\/product\/windows-8-1-home\/","og_locale":"pt_PT","og_type":"article","og_title":"Windows 8.1 Home - Cyberlogics Technologies Angola","og_description":"A Maior Loja Online de Angola de Licen\u00e7as Microsoft Office | Chaves Sistemas Operativos Windows | Antiv\u00edrus | Cloud Adobe | Inform\u00e1tica & Servidores | Softwares de Gest\u00e3o ERP | Gaming Hardware | UPS e Baterias & Muito Mais...","og_url":"https:\/\/cyberlogics.ao\/index.php\/product\/windows-8-1-home\/","og_site_name":"Cyberlogics Technologies Angola","article_modified_time":"2025-12-20T06:23:59+00:00","og_image":[{"width":600,"height":600,"url":"http:\/\/cyberlogics.ao\/wp-content\/uploads\/2022\/04\/Windows-8.1-Home_7ze8-5d.webp","type":"image\/webp"}],"twitter_card":"summary_large_image","twitter_misc":{"Tempo estimado de leitura":"3 minutos"},"schema":{"@context":"https:\/\/schema.org","@graph":[{"@type":"WebPage","@id":"https:\/\/cyberlogics.ao\/index.php\/product\/windows-8-1-home\/","url":"https:\/\/cyberlogics.ao\/index.php\/product\/windows-8-1-home\/","name":"Windows 8.1 Home - Cyberlogics Technologies Angola","isPartOf":{"@id":"https:\/\/cyberlogics.ao\/#website"},"primaryImageOfPage":{"@id":"https:\/\/cyberlogics.ao\/index.php\/product\/windows-8-1-home\/#primaryimage"},"image":{"@id":"https:\/\/cyberlogics.ao\/index.php\/product\/windows-8-1-home\/#primaryimage"},"thumbnailUrl":"https:\/\/cyberlogics.ao\/wp-content\/uploads\/2022\/04\/Windows-8.1-Home_7ze8-5d.webp","datePublished":"2022-04-22T17:41:52+00:00","dateModified":"2025-12-20T06:23:59+00:00","description":"A Maior Loja Online de Angola de Licen\u00e7as Microsoft Office | Chaves Sistemas Operativos Windows | Antiv\u00edrus | Cloud Adobe | Inform\u00e1tica & Servidores | Softwares de Gest\u00e3o ERP | Gaming Hardware | UPS e Baterias & Muito Mais...","breadcrumb":{"@id":"https:\/\/cyberlogics.ao\/index.php\/product\/windows-8-1-home\/#breadcrumb"},"inLanguage":"pt-PT","potentialAction":[{"@type":"ReadAction","target":["https:\/\/cyberlogics.ao\/index.php\/product\/windows-8-1-home\/"]}]},{"@type":"ImageObject","inLanguage":"pt-PT","@id":"https:\/\/cyberlogics.ao\/index.php\/product\/windows-8-1-home\/#primaryimage","url":"https:\/\/cyberlogics.ao\/wp-content\/uploads\/2022\/04\/Windows-8.1-Home_7ze8-5d.webp","contentUrl":"https:\/\/cyberlogics.ao\/wp-content\/uploads\/2022\/04\/Windows-8.1-Home_7ze8-5d.webp","width":600,"height":600},{"@type":"BreadcrumbList","@id":"https:\/\/cyberlogics.ao\/index.php\/product\/windows-8-1-home\/#breadcrumb","itemListElement":[{"@type":"ListItem","position":1,"name":"In\u00edcio","item":"https:\/\/cyberlogics.ao\/"},{"@type":"ListItem","position":2,"name":"Produtos","item":"https:\/\/cyberlogics.ao\/index.php\/shop-2\/"},{"@type":"ListItem","position":3,"name":"Windows 8.1 Home"}]},{"@type":"WebSite","@id":"https:\/\/cyberlogics.ao\/#website","url":"https:\/\/cyberlogics.ao\/","name":"Cyberlogics Technologies Angola","description":"Loja Online de Licen\u00e7as de Softwares e Inform\u00e1tica","publisher":{"@id":"https:\/\/cyberlogics.ao\/#organization"},"potentialAction":[{"@type":"SearchAction","target":{"@type":"EntryPoint","urlTemplate":"https:\/\/cyberlogics.ao\/?s={search_term_string}"},"query-input":{"@type":"PropertyValueSpecification","valueRequired":true,"valueName":"search_term_string"}}],"inLanguage":"pt-PT"},{"@type":"Organization","@id":"https:\/\/cyberlogics.ao\/#organization","name":"Cyberlogics Ao Technologies - Loja Online de Licen\u00e7as de Softwares e Inform\u00e1tica","url":"https:\/\/cyberlogics.ao\/","logo":{"@type":"ImageObject","inLanguage":"pt-PT","@id":"https:\/\/cyberlogics.ao\/#\/schema\/logo\/image\/","url":"https:\/\/cyberlogics.ao\/wp-content\/uploads\/2022\/04\/CT-logo.png","contentUrl":"https:\/\/cyberlogics.ao\/wp-content\/uploads\/2022\/04\/CT-logo.png","width":190,"height":75,"caption":"Cyberlogics Ao Technologies - Loja Online de Licen\u00e7as de Softwares e Inform\u00e1tica"},"image":{"@id":"https:\/\/cyberlogics.ao\/#\/schema\/logo\/image\/"}}]}},"_links":{"self":[{"href":"https:\/\/cyberlogics.ao\/index.php\/wp-json\/wp\/v2\/product\/5943","targetHints":{"allow":["GET"]}}],"collection":[{"href":"https:\/\/cyberlogics.ao\/index.php\/wp-json\/wp\/v2\/product"}],"about":[{"href":"https:\/\/cyberlogics.ao\/index.php\/wp-json\/wp\/v2\/types\/product"}],"replies":[{"embeddable":true,"href":"https:\/\/cyberlogics.ao\/index.php\/wp-json\/wp\/v2\/comments?post=5943"}],"wp:featuredmedia":[{"embeddable":true,"href":"https:\/\/cyberlogics.ao\/index.php\/wp-json\/wp\/v2\/media\/5944"}],"wp:attachment":[{"href":"https:\/\/cyberlogics.ao\/index.php\/wp-json\/wp\/v2\/media?parent=5943"}],"wp:term":[{"taxonomy":"product_brand","embeddable":true,"href":"https:\/\/cyberlogics.ao\/index.php\/wp-json\/wp\/v2\/product_brand?post=5943"},{"taxonomy":"product_cat","embeddable":true,"href":"https:\/\/cyberlogics.ao\/index.php\/wp-json\/wp\/v2\/product_cat?post=5943"},{"taxonomy":"product_tag","embeddable":true,"href":"https:\/\/cyberlogics.ao\/index.php\/wp-json\/wp\/v2\/product_tag?post=5943"}],"curies":[{"name":"wp","href":"https:\/\/api.w.org\/{rel}","templated":true}]}}