{"id":5945,"date":"2022-04-22T17:44:50","date_gmt":"2022-04-22T17:44:50","guid":{"rendered":"https:\/\/cyberlogics.ao\/?post_type=product&#038;p=5945"},"modified":"2024-02-09T15:22:47","modified_gmt":"2024-02-09T15:22:47","slug":"windows-7-professional-sp1-para-1-usuario","status":"publish","type":"product","link":"https:\/\/cyberlogics.ao\/index.php\/product\/windows-7-professional-sp1-para-1-usuario\/","title":{"rendered":"Windows 7 Professional 1 User"},"content":{"rendered":"<p>Novos recursos, \u00f3tima sensa\u00e7\u00e3o &#8211; Este \u00e9 um sistema operacional que \u00e9 bom de usar. A Microsoft comprometeu-se a oferecer uma experi\u00eancia de computa\u00e7\u00e3o transcendente quando lan\u00e7ou o Windows 7 Pro. Seu lan\u00e7amento anterior, Windows Vista, foi mal recebido pela cr\u00edtica e pelo p\u00fablico. Determinado a n\u00e3o repetir esse erro, foi lan\u00e7ado o Microsoft Windows 7 Professional. \u00c9 fruto do trabalho \u00e1rduo de uma equipe excepcionalmente talentosa. A barra de tarefas que voc\u00ea conhece e ama est\u00e1 de volta. Voc\u00ea pode fixar seus programas ou aplicativos favoritos para facilitar o acesso. Compartilhe arquivos usando o HomeGroup e gerencie com facilidade gra\u00e7as ao sistema atualizado de Controle de Conta de Usu\u00e1rio. Os programas que voc\u00ea conhece e ama ainda est\u00e3o aqui tamb\u00e9m. O Internet Explorer 8, o Windows Media Player e o Windows Media Center v\u00eam pr\u00e9-carregados. Este \u00e9 o SO que voc\u00ea estava esperando.<\/p>\n<p>Neg\u00f3cios e lazer &#8211; Seu computador ser\u00e1 uma m\u00e1quina de neg\u00f3cios eficiente assim que voc\u00ea instalar o Windows 7. Recursos como suporte para at\u00e9 192 GB de RAM, opera\u00e7\u00f5es de \u00c1rea de Trabalho Remota, impress\u00e3o com reconhecimento geogr\u00e1fico, backup de rede localizado, um sistema de criptografia de arquivos seguro, Windows XP Mode , e o Modo de Apresenta\u00e7\u00e3o tornam este sistema operacional perfeito para grandes empresas, pequenas empresas e at\u00e9 mesmo estudantes. O Windows 7 Pro foi desenvolvido especialmente para uso por profissionais de neg\u00f3cios, mas isso n\u00e3o significa que n\u00e3o possa ser usado ap\u00f3s o hor\u00e1rio de trabalho. Jogue at\u00e9 DirectX 10 com suporte para multim\u00eddia e at\u00e9 3D! Seu computador \u00e9 uma ferramenta poderosa e voc\u00ea pode liberar todo o seu potencial comprando este produto hoje.<\/p>\n<p>O sistema operacional mais popular &#8211; Enquanto a Microsoft continua sua busca para oferecer a experi\u00eancia de computa\u00e7\u00e3o mais confort\u00e1vel, lan\u00e7ando novos sistemas operacionais como o Windows 10, o Windows 7 Pro ainda \u00e9 a melhor escolha para milh\u00f5es de usu\u00e1rios de computador em todo o mundo porque \u00e9 f\u00e1cil de navegar e \u00e9 ainda notavelmente funcional, apesar do ritmo acelerado de modifica\u00e7\u00e3o tecnol\u00f3gica que se tornou uma marca registrada da era moderna. Quase metade de todos os sistemas operacionais instalados em computadores ao redor do mundo s\u00e3o Windows 7, de acordo com o NetMarketShare. Torne-se parte da sensa\u00e7\u00e3o global. Obtenha um sistema operacional confi\u00e1vel e usado por milh\u00f5es. Compre o Windows 7 Pro agora.<\/p>\n<p>&nbsp;<\/p>\n<p>\ud83c\udd70\ud83c\udd72\ud83c\udd83\ud83c\udd78\ud83c\udd85\ud83c\udd70\ud83c\udd83\ud83c\udd78\ud83c\udd7e\ud83c\udd7d \ud83c\udd73\ud83c\udd74\ud83c\udd83\ud83c\udd70\ud83c\udd78\ud83c\udd7b\ud83c\udd82:<\/p>\n<p>A ativa\u00e7\u00e3o ajuda a verificar se sua c\u00f3pia do Windows \u00e9 genu\u00edna e n\u00e3o foi usada em mais dispositivos do que os Termos de Licen\u00e7a para Software Microsoft permitem. Uma chave de produto do Windows \u00e9 um c\u00f3digo de 25 caracteres usado para ativar o Windows.<\/p>\n<p>&nbsp;<\/p>\n<p>Parece com isto: CHAVE DO PRODUTO: XXXXX-XXXXX-XXXXX-XXXXX-XXXXX<\/p>\n<p>&nbsp;<\/p>\n<p>Ative a chave atrav\u00e9s das configura\u00e7\u00f5es do computador.<\/p>\n<p>&nbsp;<\/p>\n<p>Sem uma chave de produto, voc\u00ea n\u00e3o poder\u00e1 ativar seu dispositivo.<\/p>\n<p>&nbsp;<\/p>\n<p>\ud835\udc08\ud835\udc0c\ud835\udc0f\ud835\udc0e\ud835\udc11\ud835\udc13\ud835\udc00\ud835\udc0d\ud835\udc13|\ud835\udc08\ud835\udc0c\ud835\udc0f\ud835\udc0e\ud835\udc11\ud835\udc13\ud835\udc00\ud835\udc0d\ud835\udc13|\ud835\udc08\ud835\udc0c\ud835\udc0f\ud835\udc0e\ud835\udc11\ud835\udc13\ud835\udc00\ud835\udc0d\ud835\udc13<\/p>\n<p>A CHAVE N\u00c3O PODE SER USADA PARA ATUALIZAR DE OUTRA VERS\u00c3O DO WINDOWS!<\/p>\n<p>1 Chave = 1 PC.<\/p>\n<p>Tipo de licen\u00e7a: OEM<\/p>\n<p>VIDA!<\/p>\n<p>&nbsp;<\/p>\n<p>Se voc\u00ea encontrar algum tipo de problema durante a ativa\u00e7\u00e3o da chave, entre em contato conosco na aba de correspond\u00eancia da p\u00e1gina de compra\/chat\/ &#8211; ap\u00f3s a compra, voc\u00ea ser\u00e1 redirecionado para uma p\u00e1gina onde poder\u00e1 ver sua chave e poder\u00e1 entrar em contato conosco \/voc\u00ea pode acessar esta p\u00e1gina com o e-mail, usado durante a compra do item, clique em &#8220;Minhas compras&#8221; no topo da p\u00e1gina e digite seu e-mail, ent\u00e3o voc\u00ea receber\u00e1 um e-mail que cont\u00e9m um link que o levar\u00e1 para sua p\u00e1gina de pedidos\/compra anteriores\/\/.<\/p>\n<p>&nbsp;<\/p>\n<p>&nbsp;<\/p>\n<p>&nbsp;<\/p>\n<p>Estamos resolvendo todos os tipos de problemas rapidamente! POR FAVOR, N\u00c3O ABRA RECLAMA\u00c7\u00d5ES NO PAYPAL E N\u00c3O ESCREVA FEEDBACK NEGATIVO ANTES DE TENTAR RESOLVER SEU PROBLEMA!<\/p>\n","protected":false},"excerpt":{"rendered":"<p><strong>O Windows 7\u00a0<\/strong> facilita sua vida. Obtenha um sistema operacional elegante e simplificado do l\u00edder do setor, a Microsoft. A navega\u00e7\u00e3o \u00e9 mais r\u00e1pida, a conex\u00e3o \u00e9 mais simples e a interface nunca foi t\u00e3o amig\u00e1vel. Seu sistema operacional deve ser projetado para dar suporte ao seu trabalho e cooperar com seu estilo de vida. Esta \u00e9 a escolha perfeita para os neg\u00f3cios e os loucos por jogos. Seu computador funcionar\u00e1 de forma r\u00e1pida, suave e eficiente com a vers\u00e3o de 32 bits ou 64 bits. O Windows 7 foi projetado para melhorar o desempenho do seu PC e mant\u00ea-lo seguro. Fa\u00e7a com que seu computador se sinta em casa com o Windows 7 Pro.<\/p>\n","protected":false},"featured_media":5946,"comment_status":"open","ping_status":"closed","template":"","meta":{"_joinchat":[]},"product_brand":[],"product_cat":[245,250],"product_tag":[],"class_list":{"0":"post-5945","1":"product","2":"type-product","3":"status-publish","4":"has-post-thumbnail","6":"product_cat-sistemas-operativos","7":"product_cat-windows-7","9":"first","10":"instock","11":"sale","12":"shipping-taxable","13":"purchasable","14":"product-type-simple"},"yoast_head":"<!-- This site is optimized with the Yoast SEO plugin v27.3 - https:\/\/yoast.com\/product\/yoast-seo-wordpress\/ -->\n<title>Windows 7 Professional 1 User - Cyberlogics Technologies Angola<\/title>\n<meta name=\"description\" content=\"A Maior Loja Online de Angola de Licen\u00e7as Microsoft Office | Chaves Sistemas Operativos Windows | Antiv\u00edrus | Cloud Adobe | Inform\u00e1tica &amp; Servidores | Softwares de Gest\u00e3o ERP | Gaming Hardware | UPS e Baterias &amp; Muito Mais...\" \/>\n<meta name=\"robots\" content=\"index, follow, max-snippet:-1, max-image-preview:large, max-video-preview:-1\" \/>\n<link rel=\"canonical\" href=\"https:\/\/cyberlogics.ao\/index.php\/product\/windows-7-professional-sp1-para-1-usuario\/\" \/>\n<meta property=\"og:locale\" content=\"pt_PT\" \/>\n<meta property=\"og:type\" content=\"article\" \/>\n<meta property=\"og:title\" content=\"Windows 7 Professional 1 User - Cyberlogics Technologies Angola\" \/>\n<meta property=\"og:description\" content=\"A Maior Loja Online de Angola de Licen\u00e7as Microsoft Office | Chaves Sistemas Operativos Windows | Antiv\u00edrus | Cloud Adobe | Inform\u00e1tica &amp; Servidores | Softwares de Gest\u00e3o ERP | Gaming Hardware | UPS e Baterias &amp; Muito Mais...\" \/>\n<meta property=\"og:url\" content=\"https:\/\/cyberlogics.ao\/index.php\/product\/windows-7-professional-sp1-para-1-usuario\/\" \/>\n<meta property=\"og:site_name\" content=\"Cyberlogics Technologies Angola\" \/>\n<meta property=\"article:modified_time\" content=\"2024-02-09T15:22:47+00:00\" \/>\n<meta property=\"og:image\" content=\"http:\/\/cyberlogics.ao\/wp-content\/uploads\/2022\/04\/windows-7-professional_dtf0-5u.webp\" \/>\n\t<meta property=\"og:image:width\" content=\"500\" \/>\n\t<meta property=\"og:image:height\" content=\"500\" \/>\n\t<meta property=\"og:image:type\" content=\"image\/webp\" \/>\n<meta name=\"twitter:card\" content=\"summary_large_image\" \/>\n<meta name=\"twitter:label1\" content=\"Tempo estimado de leitura\" \/>\n\t<meta name=\"twitter:data1\" content=\"3 minutos\" \/>\n<script type=\"application\/ld+json\" class=\"yoast-schema-graph\">{\"@context\":\"https:\\\/\\\/schema.org\",\"@graph\":[{\"@type\":\"WebPage\",\"@id\":\"https:\\\/\\\/cyberlogics.ao\\\/index.php\\\/product\\\/windows-7-professional-sp1-para-1-usuario\\\/\",\"url\":\"https:\\\/\\\/cyberlogics.ao\\\/index.php\\\/product\\\/windows-7-professional-sp1-para-1-usuario\\\/\",\"name\":\"Windows 7 Professional 1 User - Cyberlogics Technologies Angola\",\"isPartOf\":{\"@id\":\"https:\\\/\\\/cyberlogics.ao\\\/#website\"},\"primaryImageOfPage\":{\"@id\":\"https:\\\/\\\/cyberlogics.ao\\\/index.php\\\/product\\\/windows-7-professional-sp1-para-1-usuario\\\/#primaryimage\"},\"image\":{\"@id\":\"https:\\\/\\\/cyberlogics.ao\\\/index.php\\\/product\\\/windows-7-professional-sp1-para-1-usuario\\\/#primaryimage\"},\"thumbnailUrl\":\"https:\\\/\\\/cyberlogics.ao\\\/wp-content\\\/uploads\\\/2022\\\/04\\\/windows-7-professional_dtf0-5u.webp\",\"datePublished\":\"2022-04-22T17:44:50+00:00\",\"dateModified\":\"2024-02-09T15:22:47+00:00\",\"description\":\"A Maior Loja Online de Angola de Licen\u00e7as Microsoft Office | Chaves Sistemas Operativos Windows | Antiv\u00edrus | Cloud Adobe | Inform\u00e1tica & Servidores | Softwares de Gest\u00e3o ERP | Gaming Hardware | UPS e Baterias & Muito Mais...\",\"breadcrumb\":{\"@id\":\"https:\\\/\\\/cyberlogics.ao\\\/index.php\\\/product\\\/windows-7-professional-sp1-para-1-usuario\\\/#breadcrumb\"},\"inLanguage\":\"pt-PT\",\"potentialAction\":[{\"@type\":\"ReadAction\",\"target\":[\"https:\\\/\\\/cyberlogics.ao\\\/index.php\\\/product\\\/windows-7-professional-sp1-para-1-usuario\\\/\"]}]},{\"@type\":\"ImageObject\",\"inLanguage\":\"pt-PT\",\"@id\":\"https:\\\/\\\/cyberlogics.ao\\\/index.php\\\/product\\\/windows-7-professional-sp1-para-1-usuario\\\/#primaryimage\",\"url\":\"https:\\\/\\\/cyberlogics.ao\\\/wp-content\\\/uploads\\\/2022\\\/04\\\/windows-7-professional_dtf0-5u.webp\",\"contentUrl\":\"https:\\\/\\\/cyberlogics.ao\\\/wp-content\\\/uploads\\\/2022\\\/04\\\/windows-7-professional_dtf0-5u.webp\",\"width\":500,\"height\":500},{\"@type\":\"BreadcrumbList\",\"@id\":\"https:\\\/\\\/cyberlogics.ao\\\/index.php\\\/product\\\/windows-7-professional-sp1-para-1-usuario\\\/#breadcrumb\",\"itemListElement\":[{\"@type\":\"ListItem\",\"position\":1,\"name\":\"In\u00edcio\",\"item\":\"https:\\\/\\\/cyberlogics.ao\\\/\"},{\"@type\":\"ListItem\",\"position\":2,\"name\":\"Produtos\",\"item\":\"https:\\\/\\\/cyberlogics.ao\\\/index.php\\\/shop-2\\\/\"},{\"@type\":\"ListItem\",\"position\":3,\"name\":\"Windows 7 Professional 1 User\"}]},{\"@type\":\"WebSite\",\"@id\":\"https:\\\/\\\/cyberlogics.ao\\\/#website\",\"url\":\"https:\\\/\\\/cyberlogics.ao\\\/\",\"name\":\"Cyberlogics Technologies Angola\",\"description\":\"Loja Online de Licen\u00e7as de Softwares e Inform\u00e1tica\",\"publisher\":{\"@id\":\"https:\\\/\\\/cyberlogics.ao\\\/#organization\"},\"potentialAction\":[{\"@type\":\"SearchAction\",\"target\":{\"@type\":\"EntryPoint\",\"urlTemplate\":\"https:\\\/\\\/cyberlogics.ao\\\/?s={search_term_string}\"},\"query-input\":{\"@type\":\"PropertyValueSpecification\",\"valueRequired\":true,\"valueName\":\"search_term_string\"}}],\"inLanguage\":\"pt-PT\"},{\"@type\":\"Organization\",\"@id\":\"https:\\\/\\\/cyberlogics.ao\\\/#organization\",\"name\":\"Cyberlogics Ao Technologies - Loja Online de Licen\u00e7as de Softwares e Inform\u00e1tica\",\"url\":\"https:\\\/\\\/cyberlogics.ao\\\/\",\"logo\":{\"@type\":\"ImageObject\",\"inLanguage\":\"pt-PT\",\"@id\":\"https:\\\/\\\/cyberlogics.ao\\\/#\\\/schema\\\/logo\\\/image\\\/\",\"url\":\"https:\\\/\\\/cyberlogics.ao\\\/wp-content\\\/uploads\\\/2022\\\/04\\\/CT-logo.png\",\"contentUrl\":\"https:\\\/\\\/cyberlogics.ao\\\/wp-content\\\/uploads\\\/2022\\\/04\\\/CT-logo.png\",\"width\":190,\"height\":75,\"caption\":\"Cyberlogics Ao Technologies - Loja Online de Licen\u00e7as de Softwares e Inform\u00e1tica\"},\"image\":{\"@id\":\"https:\\\/\\\/cyberlogics.ao\\\/#\\\/schema\\\/logo\\\/image\\\/\"}}]}<\/script>\n<!-- \/ Yoast SEO plugin. -->","yoast_head_json":{"title":"Windows 7 Professional 1 User - Cyberlogics Technologies Angola","description":"A Maior Loja Online de Angola de Licen\u00e7as Microsoft Office | Chaves Sistemas Operativos Windows | Antiv\u00edrus | Cloud Adobe | Inform\u00e1tica & Servidores | Softwares de Gest\u00e3o ERP | Gaming Hardware | UPS e Baterias & Muito Mais...","robots":{"index":"index","follow":"follow","max-snippet":"max-snippet:-1","max-image-preview":"max-image-preview:large","max-video-preview":"max-video-preview:-1"},"canonical":"https:\/\/cyberlogics.ao\/index.php\/product\/windows-7-professional-sp1-para-1-usuario\/","og_locale":"pt_PT","og_type":"article","og_title":"Windows 7 Professional 1 User - Cyberlogics Technologies Angola","og_description":"A Maior Loja Online de Angola de Licen\u00e7as Microsoft Office | Chaves Sistemas Operativos Windows | Antiv\u00edrus | Cloud Adobe | Inform\u00e1tica & Servidores | Softwares de Gest\u00e3o ERP | Gaming Hardware | UPS e Baterias & Muito Mais...","og_url":"https:\/\/cyberlogics.ao\/index.php\/product\/windows-7-professional-sp1-para-1-usuario\/","og_site_name":"Cyberlogics Technologies Angola","article_modified_time":"2024-02-09T15:22:47+00:00","og_image":[{"width":500,"height":500,"url":"http:\/\/cyberlogics.ao\/wp-content\/uploads\/2022\/04\/windows-7-professional_dtf0-5u.webp","type":"image\/webp"}],"twitter_card":"summary_large_image","twitter_misc":{"Tempo estimado de leitura":"3 minutos"},"schema":{"@context":"https:\/\/schema.org","@graph":[{"@type":"WebPage","@id":"https:\/\/cyberlogics.ao\/index.php\/product\/windows-7-professional-sp1-para-1-usuario\/","url":"https:\/\/cyberlogics.ao\/index.php\/product\/windows-7-professional-sp1-para-1-usuario\/","name":"Windows 7 Professional 1 User - Cyberlogics Technologies Angola","isPartOf":{"@id":"https:\/\/cyberlogics.ao\/#website"},"primaryImageOfPage":{"@id":"https:\/\/cyberlogics.ao\/index.php\/product\/windows-7-professional-sp1-para-1-usuario\/#primaryimage"},"image":{"@id":"https:\/\/cyberlogics.ao\/index.php\/product\/windows-7-professional-sp1-para-1-usuario\/#primaryimage"},"thumbnailUrl":"https:\/\/cyberlogics.ao\/wp-content\/uploads\/2022\/04\/windows-7-professional_dtf0-5u.webp","datePublished":"2022-04-22T17:44:50+00:00","dateModified":"2024-02-09T15:22:47+00:00","description":"A Maior Loja Online de Angola de Licen\u00e7as Microsoft Office | Chaves Sistemas Operativos Windows | Antiv\u00edrus | Cloud Adobe | Inform\u00e1tica & Servidores | Softwares de Gest\u00e3o ERP | Gaming Hardware | UPS e Baterias & Muito Mais...","breadcrumb":{"@id":"https:\/\/cyberlogics.ao\/index.php\/product\/windows-7-professional-sp1-para-1-usuario\/#breadcrumb"},"inLanguage":"pt-PT","potentialAction":[{"@type":"ReadAction","target":["https:\/\/cyberlogics.ao\/index.php\/product\/windows-7-professional-sp1-para-1-usuario\/"]}]},{"@type":"ImageObject","inLanguage":"pt-PT","@id":"https:\/\/cyberlogics.ao\/index.php\/product\/windows-7-professional-sp1-para-1-usuario\/#primaryimage","url":"https:\/\/cyberlogics.ao\/wp-content\/uploads\/2022\/04\/windows-7-professional_dtf0-5u.webp","contentUrl":"https:\/\/cyberlogics.ao\/wp-content\/uploads\/2022\/04\/windows-7-professional_dtf0-5u.webp","width":500,"height":500},{"@type":"BreadcrumbList","@id":"https:\/\/cyberlogics.ao\/index.php\/product\/windows-7-professional-sp1-para-1-usuario\/#breadcrumb","itemListElement":[{"@type":"ListItem","position":1,"name":"In\u00edcio","item":"https:\/\/cyberlogics.ao\/"},{"@type":"ListItem","position":2,"name":"Produtos","item":"https:\/\/cyberlogics.ao\/index.php\/shop-2\/"},{"@type":"ListItem","position":3,"name":"Windows 7 Professional 1 User"}]},{"@type":"WebSite","@id":"https:\/\/cyberlogics.ao\/#website","url":"https:\/\/cyberlogics.ao\/","name":"Cyberlogics Technologies Angola","description":"Loja Online de Licen\u00e7as de Softwares e Inform\u00e1tica","publisher":{"@id":"https:\/\/cyberlogics.ao\/#organization"},"potentialAction":[{"@type":"SearchAction","target":{"@type":"EntryPoint","urlTemplate":"https:\/\/cyberlogics.ao\/?s={search_term_string}"},"query-input":{"@type":"PropertyValueSpecification","valueRequired":true,"valueName":"search_term_string"}}],"inLanguage":"pt-PT"},{"@type":"Organization","@id":"https:\/\/cyberlogics.ao\/#organization","name":"Cyberlogics Ao Technologies - Loja Online de Licen\u00e7as de Softwares e Inform\u00e1tica","url":"https:\/\/cyberlogics.ao\/","logo":{"@type":"ImageObject","inLanguage":"pt-PT","@id":"https:\/\/cyberlogics.ao\/#\/schema\/logo\/image\/","url":"https:\/\/cyberlogics.ao\/wp-content\/uploads\/2022\/04\/CT-logo.png","contentUrl":"https:\/\/cyberlogics.ao\/wp-content\/uploads\/2022\/04\/CT-logo.png","width":190,"height":75,"caption":"Cyberlogics Ao Technologies - Loja Online de Licen\u00e7as de Softwares e Inform\u00e1tica"},"image":{"@id":"https:\/\/cyberlogics.ao\/#\/schema\/logo\/image\/"}}]}},"_links":{"self":[{"href":"https:\/\/cyberlogics.ao\/index.php\/wp-json\/wp\/v2\/product\/5945","targetHints":{"allow":["GET"]}}],"collection":[{"href":"https:\/\/cyberlogics.ao\/index.php\/wp-json\/wp\/v2\/product"}],"about":[{"href":"https:\/\/cyberlogics.ao\/index.php\/wp-json\/wp\/v2\/types\/product"}],"replies":[{"embeddable":true,"href":"https:\/\/cyberlogics.ao\/index.php\/wp-json\/wp\/v2\/comments?post=5945"}],"wp:featuredmedia":[{"embeddable":true,"href":"https:\/\/cyberlogics.ao\/index.php\/wp-json\/wp\/v2\/media\/5946"}],"wp:attachment":[{"href":"https:\/\/cyberlogics.ao\/index.php\/wp-json\/wp\/v2\/media?parent=5945"}],"wp:term":[{"taxonomy":"product_brand","embeddable":true,"href":"https:\/\/cyberlogics.ao\/index.php\/wp-json\/wp\/v2\/product_brand?post=5945"},{"taxonomy":"product_cat","embeddable":true,"href":"https:\/\/cyberlogics.ao\/index.php\/wp-json\/wp\/v2\/product_cat?post=5945"},{"taxonomy":"product_tag","embeddable":true,"href":"https:\/\/cyberlogics.ao\/index.php\/wp-json\/wp\/v2\/product_tag?post=5945"}],"curies":[{"name":"wp","href":"https:\/\/api.w.org\/{rel}","templated":true}]}}