{"id":5947,"date":"2022-04-22T17:52:48","date_gmt":"2022-04-22T17:52:48","guid":{"rendered":"https:\/\/cyberlogics.ao\/?post_type=product&#038;p=5947"},"modified":"2024-06-10T15:14:51","modified_gmt":"2024-06-10T15:14:51","slug":"microsoft-office-2021-home-and-business-for-mac","status":"publish","type":"product","link":"https:\/\/cyberlogics.ao\/index.php\/product\/microsoft-office-2021-home-and-business-for-mac\/","title":{"rendered":"Microsoft Office 2021 Home And Business For Mac"},"content":{"rendered":"<p>AP\u00d3S O PAGAMENTO VOC\u00ca RECEBER\u00c1 A CHAVE\/C\u00d3DIGO DO PRODUTO NO SEU E-MAIL (ESPECIFICADO AO PAGAR), TAMB\u00c9M SER\u00c1 REDIRECIONADO PARA A P\u00c1GINA DE COMPRA, ONDE VOC\u00ca PODE VER A CHAVE\/C\u00d3DIGO DO PRODUTO, INSTRU\u00c7\u00d5ES E ENTRAR EM CONTATO.<\/p>\n<p>Observe que essa chave se vincula \u00e0 sua conta para que voc\u00ea n\u00e3o perca o software ativado ap\u00f3s uma reinstala\u00e7\u00e3o limpa.<br \/>\nEsta vers\u00e3o funciona SOMENTE para MAC OS!<\/p>\n<p>\ud83c\udd70\ud83c\udd72\ud83c\udd83\ud83c\udd78\ud83c\udd85\ud83c\udd70\ud83c\udd83\ud83c\udd78\ud83c\udd7e\ud83c\udd7d \ud83c\udd73\ud83c\udd74\ud83c\udd83\ud83c\udd70\ud83c\udd78\ud83c\udd7b\ud83c\udd82:<\/p>\n<p>Parece com isto: CHAVE DO PRODUTO: XXXXX-XXXXX-XXXXX-XXXXX-XXXXX<\/p>\n<p>1. Use a chave em https:\/\/redeem.microsoft.com\/ para ativar o software de escrit\u00f3rio em sua conta da Microsoft.<\/p>\n<p>2. Uma vez ativado em sua conta da Microsoft, voc\u00ea pode baixar o escrit\u00f3rio e us\u00e1-lo sem problemas!<\/p>\n<p>Sem uma chave de produto, voc\u00ea n\u00e3o poder\u00e1 ativar o escrit\u00f3rio!<\/p>\n<p>\ud835\udc08\ud835\udc0c\ud835\udc0f\ud835\udc0e\ud835\udc11\ud835\udc13\ud835\udc00\ud835\udc0d\ud835\udc13|\ud835\udc08\ud835\udc0c\ud835\udc0f\ud835\udc0e\ud835\udc11\ud835\udc13\ud835\udc00\ud835\udc0d\ud835\udc13|\ud835\udc08\ud835\udc0c\ud835\udc0f\ud835\udc0e\ud835\udc11\ud835\udc13\ud835\udc00\ud835\udc0d\ud835\udc13<br \/>\n1 Chave = 1 MAC<br \/>\nLICEN\u00c7A VITAL\u00cdCIA = VINCULAR \u00c0 SUA CONTA MICROSOFT<br \/>\nREGI\u00c3O GLOBAL &#8211; O PRODUTO FUNCIONAR\u00c1 EM TODO O MUNDO<\/p>\n<p>&nbsp;<\/p>\n<p>Se voc\u00ea encontrar algum tipo de problema durante a ativa\u00e7\u00e3o da chave, entre em contato conosco na aba de correspond\u00eancia da p\u00e1gina de compra\/chat\/ &#8211; ap\u00f3s a compra, voc\u00ea ser\u00e1 redirecionado para uma p\u00e1gina onde poder\u00e1 ver sua chave e poder\u00e1 entrar em contato conosco \/voc\u00ea pode acessar esta p\u00e1gina com o e-mail, usado durante a compra do item, clique em &#8220;Minhas compras&#8221; no topo da p\u00e1gina e digite seu e-mail, ent\u00e3o voc\u00ea receber\u00e1 um e-mail que cont\u00e9m um link que o levar\u00e1 para sua p\u00e1gina de pedidos\/compra anteriores\/\/.<\/p>\n<p>Estamos resolvendo todos os tipos de problemas rapidamente! POR FAVOR, N\u00c3O ABRA RECLAMA\u00c7\u00d5ES NO PAYPAL E N\u00c3O ESCREVA FEEDBACK NEGATIVO ANTES DE TENTAR RESOLVER SEU PROBLEMA!<br \/>\nMais sobre este texto de partida\u00c9 necess\u00e1rio o texto de partida para obter informa\u00e7\u00f5es de tradu\u00e7\u00e3o adicionais<br \/>\nEnviar feedback e opini\u00f5es<br \/>\nPain\u00e9is laterais<\/p>\n","protected":false},"excerpt":{"rendered":"<p>Office 2021 Home and Business PARA MAC:<br \/>\nO Office Home and Business 2021 \u00e9 para fam\u00edlias e pequenas empresas que desejam aplicativos e email cl\u00e1ssicos do Office.<br \/>\nO pacote Office mais recente para o seu computador com uma lista expandida de aplicativos.<br \/>\nOs programas da su\u00edte foram melhorados visualmente e funcionalmente. Foram adicionados mais de 30 recursos exclusivos que est\u00e3o dispon\u00edveis apenas no novo Office 2021, mas tamb\u00e9m v\u00e1rias melhorias na funcionalidade antiga. Desempenho otimizado do pr\u00f3prio sistema, e agora os aplicativos do Office s\u00e3o o mais responsivos poss\u00edvel no trabalho, mesmo em computadores de baixo desempenho. M\u00e1xima compatibilidade com v\u00e1rios formatos de documentos criados em vers\u00f5es mais antigas do Microsoft Office. O Microsoft Outlook adicionou um tradutor autom\u00e1tico para mais de 70 idiomas, bem como a possibilidade de entrada de texto manuscrito, usando a tela sens\u00edvel ao toque, caneta ou mouse.<br \/>\nAdicionadas muitas fun\u00e7\u00f5es para o Microsoft Excel, pesquisa de dados, filtragem, classifica\u00e7\u00e3o e an\u00e1lise com armazenamento de valores intermedi\u00e1rios, bem como ferramentas para trabalhar com matrizes. Aqui est\u00e1 uma breve lista de fun\u00e7\u00f5es adicionadas e atualizadas no Microsoft Exel: XLOOKUP, XMATCH, FILTER, SORT, SORTBY, UNIQUE, SEQUENCE e RANDARRAY. Os aplicativos padr\u00e3o Word e PowerPoint tamb\u00e9m foram atualizados para adicionar um grande n\u00famero de imagens de estoque, uma corre\u00e7\u00e3o de rep\u00f3rter de v\u00eddeo, entrada manuscrita e entrada de ponteiro laser.<br \/>\nA chave de CD do Microsoft Office Home &amp; Business 2021 PARA MAC BIND inclui: <strong>\u00a0<\/strong><img decoding=\"async\" class=\"alignnone wp-image-4382\" src=\"https:\/\/instant-key.com\/wp-content\/uploads\/2020\/07\/word.png\" alt=\"\" width=\"25\" height=\"22\" \/>\u00a0<img decoding=\"async\" class=\"alignnone wp-image-4383\" src=\"https:\/\/instant-key.com\/wp-content\/uploads\/2020\/07\/powerpoint.png\" alt=\"\" width=\"25\" height=\"22\" \/>\u00a0<img decoding=\"async\" class=\"alignnone wp-image-4386\" src=\"https:\/\/instant-key.com\/wp-content\/uploads\/2020\/07\/excel.png\" alt=\"\" width=\"25\" height=\"22\" \/>\u00a0<img loading=\"lazy\" decoding=\"async\" class=\"alignnone wp-image-4384\" src=\"https:\/\/instant-key.com\/wp-content\/uploads\/2020\/07\/outlook.png\" alt=\"\" width=\"25\" height=\"22\" \/><\/p>\n","protected":false},"featured_media":5948,"comment_status":"open","ping_status":"closed","template":"","meta":{"_joinchat":[]},"product_brand":[],"product_cat":[244],"product_tag":[],"class_list":{"0":"post-5947","1":"product","2":"type-product","3":"status-publish","4":"has-post-thumbnail","6":"product_cat-microsoft-office-win-mac","8":"first","9":"instock","10":"downloadable","11":"virtual","12":"purchasable","13":"product-type-simple"},"yoast_head":"<!-- This site is optimized with the Yoast SEO plugin v27.4 - https:\/\/yoast.com\/product\/yoast-seo-wordpress\/ -->\n<title>Microsoft Office 2021 Home And Business For Mac - Cyberlogics Technologies Angola<\/title>\n<meta name=\"description\" content=\"A Maior Loja Online de Angola de Licen\u00e7as Microsoft Office | Chaves Sistemas Operativos Windows | Antiv\u00edrus | Cloud Adobe | Inform\u00e1tica &amp; Servidores | Softwares de Gest\u00e3o ERP | Gaming Hardware | UPS e Baterias &amp; Muito Mais...\" \/>\n<meta name=\"robots\" content=\"index, follow, max-snippet:-1, max-image-preview:large, max-video-preview:-1\" \/>\n<link rel=\"canonical\" href=\"https:\/\/cyberlogics.ao\/index.php\/product\/microsoft-office-2021-home-and-business-for-mac\/\" \/>\n<meta property=\"og:locale\" content=\"pt_PT\" \/>\n<meta property=\"og:type\" content=\"article\" \/>\n<meta property=\"og:title\" content=\"Microsoft Office 2021 Home And Business For Mac - Cyberlogics Technologies Angola\" \/>\n<meta property=\"og:description\" content=\"A Maior Loja Online de Angola de Licen\u00e7as Microsoft Office | Chaves Sistemas Operativos Windows | Antiv\u00edrus | Cloud Adobe | Inform\u00e1tica &amp; Servidores | Softwares de Gest\u00e3o ERP | Gaming Hardware | UPS e Baterias &amp; Muito Mais...\" \/>\n<meta property=\"og:url\" content=\"https:\/\/cyberlogics.ao\/index.php\/product\/microsoft-office-2021-home-and-business-for-mac\/\" \/>\n<meta property=\"og:site_name\" content=\"Cyberlogics Technologies Angola\" \/>\n<meta property=\"article:modified_time\" content=\"2024-06-10T15:14:51+00:00\" \/>\n<meta property=\"og:image\" content=\"http:\/\/cyberlogics.ao\/wp-content\/uploads\/2022\/04\/img-1.png\" \/>\n\t<meta property=\"og:image:width\" content=\"500\" \/>\n\t<meta property=\"og:image:height\" content=\"500\" \/>\n\t<meta property=\"og:image:type\" content=\"image\/png\" \/>\n<meta name=\"twitter:card\" content=\"summary_large_image\" \/>\n<meta name=\"twitter:label1\" content=\"Tempo estimado de leitura\" \/>\n\t<meta name=\"twitter:data1\" content=\"2 minutos\" \/>\n<script type=\"application\/ld+json\" class=\"yoast-schema-graph\">{\"@context\":\"https:\\\/\\\/schema.org\",\"@graph\":[{\"@type\":\"WebPage\",\"@id\":\"https:\\\/\\\/cyberlogics.ao\\\/index.php\\\/product\\\/microsoft-office-2021-home-and-business-for-mac\\\/\",\"url\":\"https:\\\/\\\/cyberlogics.ao\\\/index.php\\\/product\\\/microsoft-office-2021-home-and-business-for-mac\\\/\",\"name\":\"Microsoft Office 2021 Home And Business For Mac - Cyberlogics Technologies Angola\",\"isPartOf\":{\"@id\":\"https:\\\/\\\/cyberlogics.ao\\\/#website\"},\"primaryImageOfPage\":{\"@id\":\"https:\\\/\\\/cyberlogics.ao\\\/index.php\\\/product\\\/microsoft-office-2021-home-and-business-for-mac\\\/#primaryimage\"},\"image\":{\"@id\":\"https:\\\/\\\/cyberlogics.ao\\\/index.php\\\/product\\\/microsoft-office-2021-home-and-business-for-mac\\\/#primaryimage\"},\"thumbnailUrl\":\"https:\\\/\\\/cyberlogics.ao\\\/wp-content\\\/uploads\\\/2022\\\/04\\\/img-1.png\",\"datePublished\":\"2022-04-22T17:52:48+00:00\",\"dateModified\":\"2024-06-10T15:14:51+00:00\",\"description\":\"A Maior Loja Online de Angola de Licen\u00e7as Microsoft Office | Chaves Sistemas Operativos Windows | Antiv\u00edrus | Cloud Adobe | Inform\u00e1tica & Servidores | Softwares de Gest\u00e3o ERP | Gaming Hardware | UPS e Baterias & Muito Mais...\",\"breadcrumb\":{\"@id\":\"https:\\\/\\\/cyberlogics.ao\\\/index.php\\\/product\\\/microsoft-office-2021-home-and-business-for-mac\\\/#breadcrumb\"},\"inLanguage\":\"pt-PT\",\"potentialAction\":[{\"@type\":\"ReadAction\",\"target\":[\"https:\\\/\\\/cyberlogics.ao\\\/index.php\\\/product\\\/microsoft-office-2021-home-and-business-for-mac\\\/\"]}]},{\"@type\":\"ImageObject\",\"inLanguage\":\"pt-PT\",\"@id\":\"https:\\\/\\\/cyberlogics.ao\\\/index.php\\\/product\\\/microsoft-office-2021-home-and-business-for-mac\\\/#primaryimage\",\"url\":\"https:\\\/\\\/cyberlogics.ao\\\/wp-content\\\/uploads\\\/2022\\\/04\\\/img-1.png\",\"contentUrl\":\"https:\\\/\\\/cyberlogics.ao\\\/wp-content\\\/uploads\\\/2022\\\/04\\\/img-1.png\",\"width\":500,\"height\":500},{\"@type\":\"BreadcrumbList\",\"@id\":\"https:\\\/\\\/cyberlogics.ao\\\/index.php\\\/product\\\/microsoft-office-2021-home-and-business-for-mac\\\/#breadcrumb\",\"itemListElement\":[{\"@type\":\"ListItem\",\"position\":1,\"name\":\"In\u00edcio\",\"item\":\"https:\\\/\\\/cyberlogics.ao\\\/\"},{\"@type\":\"ListItem\",\"position\":2,\"name\":\"Produtos\",\"item\":\"https:\\\/\\\/cyberlogics.ao\\\/index.php\\\/shop-2\\\/\"},{\"@type\":\"ListItem\",\"position\":3,\"name\":\"Microsoft Office 2021 Home And Business For Mac\"}]},{\"@type\":\"WebSite\",\"@id\":\"https:\\\/\\\/cyberlogics.ao\\\/#website\",\"url\":\"https:\\\/\\\/cyberlogics.ao\\\/\",\"name\":\"Cyberlogics Technologies Angola\",\"description\":\"Loja Online de Licen\u00e7as de Softwares e Inform\u00e1tica\",\"publisher\":{\"@id\":\"https:\\\/\\\/cyberlogics.ao\\\/#organization\"},\"potentialAction\":[{\"@type\":\"SearchAction\",\"target\":{\"@type\":\"EntryPoint\",\"urlTemplate\":\"https:\\\/\\\/cyberlogics.ao\\\/?s={search_term_string}\"},\"query-input\":{\"@type\":\"PropertyValueSpecification\",\"valueRequired\":true,\"valueName\":\"search_term_string\"}}],\"inLanguage\":\"pt-PT\"},{\"@type\":\"Organization\",\"@id\":\"https:\\\/\\\/cyberlogics.ao\\\/#organization\",\"name\":\"Cyberlogics Ao Technologies - Loja Online de Licen\u00e7as de Softwares e Inform\u00e1tica\",\"url\":\"https:\\\/\\\/cyberlogics.ao\\\/\",\"logo\":{\"@type\":\"ImageObject\",\"inLanguage\":\"pt-PT\",\"@id\":\"https:\\\/\\\/cyberlogics.ao\\\/#\\\/schema\\\/logo\\\/image\\\/\",\"url\":\"https:\\\/\\\/cyberlogics.ao\\\/wp-content\\\/uploads\\\/2022\\\/04\\\/CT-logo.png\",\"contentUrl\":\"https:\\\/\\\/cyberlogics.ao\\\/wp-content\\\/uploads\\\/2022\\\/04\\\/CT-logo.png\",\"width\":190,\"height\":75,\"caption\":\"Cyberlogics Ao Technologies - Loja Online de Licen\u00e7as de Softwares e Inform\u00e1tica\"},\"image\":{\"@id\":\"https:\\\/\\\/cyberlogics.ao\\\/#\\\/schema\\\/logo\\\/image\\\/\"}}]}<\/script>\n<!-- \/ Yoast SEO plugin. -->","yoast_head_json":{"title":"Microsoft Office 2021 Home And Business For Mac - Cyberlogics Technologies Angola","description":"A Maior Loja Online de Angola de Licen\u00e7as Microsoft Office | Chaves Sistemas Operativos Windows | Antiv\u00edrus | Cloud Adobe | Inform\u00e1tica & Servidores | Softwares de Gest\u00e3o ERP | Gaming Hardware | UPS e Baterias & Muito Mais...","robots":{"index":"index","follow":"follow","max-snippet":"max-snippet:-1","max-image-preview":"max-image-preview:large","max-video-preview":"max-video-preview:-1"},"canonical":"https:\/\/cyberlogics.ao\/index.php\/product\/microsoft-office-2021-home-and-business-for-mac\/","og_locale":"pt_PT","og_type":"article","og_title":"Microsoft Office 2021 Home And Business For Mac - Cyberlogics Technologies Angola","og_description":"A Maior Loja Online de Angola de Licen\u00e7as Microsoft Office | Chaves Sistemas Operativos Windows | Antiv\u00edrus | Cloud Adobe | Inform\u00e1tica & Servidores | Softwares de Gest\u00e3o ERP | Gaming Hardware | UPS e Baterias & Muito Mais...","og_url":"https:\/\/cyberlogics.ao\/index.php\/product\/microsoft-office-2021-home-and-business-for-mac\/","og_site_name":"Cyberlogics Technologies Angola","article_modified_time":"2024-06-10T15:14:51+00:00","og_image":[{"width":500,"height":500,"url":"http:\/\/cyberlogics.ao\/wp-content\/uploads\/2022\/04\/img-1.png","type":"image\/png"}],"twitter_card":"summary_large_image","twitter_misc":{"Tempo estimado de leitura":"2 minutos"},"schema":{"@context":"https:\/\/schema.org","@graph":[{"@type":"WebPage","@id":"https:\/\/cyberlogics.ao\/index.php\/product\/microsoft-office-2021-home-and-business-for-mac\/","url":"https:\/\/cyberlogics.ao\/index.php\/product\/microsoft-office-2021-home-and-business-for-mac\/","name":"Microsoft Office 2021 Home And Business For Mac - Cyberlogics Technologies Angola","isPartOf":{"@id":"https:\/\/cyberlogics.ao\/#website"},"primaryImageOfPage":{"@id":"https:\/\/cyberlogics.ao\/index.php\/product\/microsoft-office-2021-home-and-business-for-mac\/#primaryimage"},"image":{"@id":"https:\/\/cyberlogics.ao\/index.php\/product\/microsoft-office-2021-home-and-business-for-mac\/#primaryimage"},"thumbnailUrl":"https:\/\/cyberlogics.ao\/wp-content\/uploads\/2022\/04\/img-1.png","datePublished":"2022-04-22T17:52:48+00:00","dateModified":"2024-06-10T15:14:51+00:00","description":"A Maior Loja Online de Angola de Licen\u00e7as Microsoft Office | Chaves Sistemas Operativos Windows | Antiv\u00edrus | Cloud Adobe | Inform\u00e1tica & Servidores | Softwares de Gest\u00e3o ERP | Gaming Hardware | UPS e Baterias & Muito Mais...","breadcrumb":{"@id":"https:\/\/cyberlogics.ao\/index.php\/product\/microsoft-office-2021-home-and-business-for-mac\/#breadcrumb"},"inLanguage":"pt-PT","potentialAction":[{"@type":"ReadAction","target":["https:\/\/cyberlogics.ao\/index.php\/product\/microsoft-office-2021-home-and-business-for-mac\/"]}]},{"@type":"ImageObject","inLanguage":"pt-PT","@id":"https:\/\/cyberlogics.ao\/index.php\/product\/microsoft-office-2021-home-and-business-for-mac\/#primaryimage","url":"https:\/\/cyberlogics.ao\/wp-content\/uploads\/2022\/04\/img-1.png","contentUrl":"https:\/\/cyberlogics.ao\/wp-content\/uploads\/2022\/04\/img-1.png","width":500,"height":500},{"@type":"BreadcrumbList","@id":"https:\/\/cyberlogics.ao\/index.php\/product\/microsoft-office-2021-home-and-business-for-mac\/#breadcrumb","itemListElement":[{"@type":"ListItem","position":1,"name":"In\u00edcio","item":"https:\/\/cyberlogics.ao\/"},{"@type":"ListItem","position":2,"name":"Produtos","item":"https:\/\/cyberlogics.ao\/index.php\/shop-2\/"},{"@type":"ListItem","position":3,"name":"Microsoft Office 2021 Home And Business For Mac"}]},{"@type":"WebSite","@id":"https:\/\/cyberlogics.ao\/#website","url":"https:\/\/cyberlogics.ao\/","name":"Cyberlogics Technologies Angola","description":"Loja Online de Licen\u00e7as de Softwares e Inform\u00e1tica","publisher":{"@id":"https:\/\/cyberlogics.ao\/#organization"},"potentialAction":[{"@type":"SearchAction","target":{"@type":"EntryPoint","urlTemplate":"https:\/\/cyberlogics.ao\/?s={search_term_string}"},"query-input":{"@type":"PropertyValueSpecification","valueRequired":true,"valueName":"search_term_string"}}],"inLanguage":"pt-PT"},{"@type":"Organization","@id":"https:\/\/cyberlogics.ao\/#organization","name":"Cyberlogics Ao Technologies - Loja Online de Licen\u00e7as de Softwares e Inform\u00e1tica","url":"https:\/\/cyberlogics.ao\/","logo":{"@type":"ImageObject","inLanguage":"pt-PT","@id":"https:\/\/cyberlogics.ao\/#\/schema\/logo\/image\/","url":"https:\/\/cyberlogics.ao\/wp-content\/uploads\/2022\/04\/CT-logo.png","contentUrl":"https:\/\/cyberlogics.ao\/wp-content\/uploads\/2022\/04\/CT-logo.png","width":190,"height":75,"caption":"Cyberlogics Ao Technologies - Loja Online de Licen\u00e7as de Softwares e Inform\u00e1tica"},"image":{"@id":"https:\/\/cyberlogics.ao\/#\/schema\/logo\/image\/"}}]}},"_links":{"self":[{"href":"https:\/\/cyberlogics.ao\/index.php\/wp-json\/wp\/v2\/product\/5947","targetHints":{"allow":["GET"]}}],"collection":[{"href":"https:\/\/cyberlogics.ao\/index.php\/wp-json\/wp\/v2\/product"}],"about":[{"href":"https:\/\/cyberlogics.ao\/index.php\/wp-json\/wp\/v2\/types\/product"}],"replies":[{"embeddable":true,"href":"https:\/\/cyberlogics.ao\/index.php\/wp-json\/wp\/v2\/comments?post=5947"}],"wp:featuredmedia":[{"embeddable":true,"href":"https:\/\/cyberlogics.ao\/index.php\/wp-json\/wp\/v2\/media\/5948"}],"wp:attachment":[{"href":"https:\/\/cyberlogics.ao\/index.php\/wp-json\/wp\/v2\/media?parent=5947"}],"wp:term":[{"taxonomy":"product_brand","embeddable":true,"href":"https:\/\/cyberlogics.ao\/index.php\/wp-json\/wp\/v2\/product_brand?post=5947"},{"taxonomy":"product_cat","embeddable":true,"href":"https:\/\/cyberlogics.ao\/index.php\/wp-json\/wp\/v2\/product_cat?post=5947"},{"taxonomy":"product_tag","embeddable":true,"href":"https:\/\/cyberlogics.ao\/index.php\/wp-json\/wp\/v2\/product_tag?post=5947"}],"curies":[{"name":"wp","href":"https:\/\/api.w.org\/{rel}","templated":true}]}}