{"id":5963,"date":"2022-04-23T15:58:41","date_gmt":"2022-04-23T15:58:41","guid":{"rendered":"https:\/\/cyberlogics.ao\/?post_type=product&#038;p=5963"},"modified":"2023-03-22T10:46:21","modified_gmt":"2023-03-22T10:46:21","slug":"mcafee-total-protection-2020-full-version-instant-key","status":"publish","type":"product","link":"https:\/\/cyberlogics.ao\/index.php\/product\/mcafee-total-protection-2020-full-version-instant-key\/","title":{"rendered":"Antiv\u00edrus McAfee Total Protection 2022 \u2013 10 PC\u00b4s \u2013 1 Ano"},"content":{"rendered":"<p><strong>\u00a0 \u00a0 \u00a0 \u00a0 Descri\u00e7\u00e3o<\/strong><\/p>\n<div class=\"tab-panels\">\n<div id=\"tab-description\" class=\"woocommerce-Tabs-panel woocommerce-Tabs-panel--description panel entry-content active\" role=\"tabpanel\" aria-labelledby=\"tab-title-description\">\n<ul class=\"wc-rich-features wc-rich-content-orientation-right-aligned wc-first wc-last wc-rich-features-center-984\">\n<li class=\"wc-rich-feature-item wc-text-placement-false wc-odd-0 wc-first wc-has-media wc-thumb-small \">\n<div class=\"wc-text-wrap\">\n<h3 class=\"wc-rich-content-header wc-feature-main-header \">McAfee\u00ae Total Protection<\/h3>\n<div class=\"wc-rich-content-description\">\n<p><b>Antiv\u00edrus premium, prote\u00e7\u00e3o de identidade e privacidade para um n\u00famero ilimitado de PCs, Macs, smartphones e tablets<\/b><\/p>\n<\/div>\n<div class=\"wc-media-wrap\"><\/div>\n<div class=\"wc-text-wrap\">\n<h3 class=\"wc-rich-content-header wc-feature-main-header \">Caracter\u00edsticas principais<\/h3>\n<div class=\"wc-rich-content-description\">\n<ul>\n<li><b><\/b><b>Seguran\u00e7a\u00a0<\/b><b>premiada\u00a0<\/b><b>:\u00a0<\/b>\u00a0Defenda-se contra v\u00edrus, ransomware e amea\u00e7as online com uma combina\u00e7\u00e3o de prote\u00e7\u00e3o online e offline baseada em nuvem.<\/li>\n<\/ul>\n<ul>\n<li><b>Navega\u00e7\u00e3o segura na Web: \u00a0<\/b>\u00a0navegue com seguran\u00e7a e evite perigos online como malware, phishing e downloads maliciosos.<\/li>\n<\/ul>\n<ul>\n<li><b>Prote\u00e7\u00e3o contra roubo de identidade<\/b>\u00a0\u2013 enfrente os poss\u00edveis ladr\u00f5es de identidade com monitoramento de identidade sempre ativo e agentes 24 horas por dia, 7 dias por semana, 365 dias por ano.\u00a0\u00a0<sup class=\"wc-footnote-index\" data-index=\"1\">1<\/sup><\/li>\n<\/ul>\n<\/div>\n<\/div>\n<\/div>\n<\/li>\n<li class=\"wc-rich-feature-item wc-text-placement-false wc-odd-0 wc-has-media wc-thumb-small \">\n<div class=\"wc-media-wrap\">\n<div class=\"wc-media-inner-wrap\"><img decoding=\"async\" class=\"wc-media wc-image\" title=\"Antiv\u00edrus premiado\" src=\"https:\/\/i0.wp.com\/smedia.webcollage.net\/rwvfp\/wc\/cp\/1551821957887_4e996e05-3980-407d-ad7c-1282c642ba5b\/module\/mcafee\/_cp\/products\/1501186322868\/tab-2cf65eaa-a5de-4c00-b068-4b8ac22292f9\/ea8415e0-3141-49f8-a3e8-c16d04226adf.jpg.w1920.jpg?w=1020&amp;ssl=1\" alt=\"McAfee Total Protection\" data-asset-title=\"Award-Winning Antivirus\" data-asset-type=\"image\" data-asset-url=\"\/_cp\/products\/1501186322868\/tab-2cf65eaa-a5de-4c00-b068-4b8ac22292f9\/ea8415e0-3141-49f8-a3e8-c16d04226adf.jpg\" data-asset-wrapper=\"rich-features\" data-height=\"150\" data-section-template-code=\"rich-features\" data-width=\"150\" data-recalc-dims=\"1\" \/><\/div>\n<\/div>\n<div class=\"wc-text-wrap\">\n<h3 class=\"wc-rich-content-header wc-feature-main-header \">Antiv\u00edrus premiado<\/h3>\n<div class=\"wc-rich-content-description\">\n<p><b>Seguran\u00e7a f\u00e1cil de usar com um nome em que voc\u00ea confia<\/b><\/p>\n<ul>\n<li>Bloqueie v\u00edrus, malware, ransomware, spyware e programas indesejados<\/li>\n<li>Anti-SPAM: evita que o e-mail SPAM chegue \u00e0 sua caixa de entrada<\/li>\n<li>Entre dispositivos: proteja todos os seus dispositivos para que voc\u00ea esteja protegido em casa e em tr\u00e2nsito<\/li>\n<\/ul>\n<\/div>\n<\/div>\n<\/li>\n<li class=\"wc-rich-feature-item wc-text-placement-false wc-even-0 wc-has-media wc-thumb-small \">\n<div class=\"wc-media-wrap\">\n<div class=\"wc-media-inner-wrap\"><img decoding=\"async\" class=\"wc-media wc-image\" title=\"Compromisso de prote\u00e7\u00e3o contra v\u00edrus\" src=\"https:\/\/i0.wp.com\/smedia.webcollage.net\/rwvfp\/wc\/cp\/1551821957887_4e996e05-3980-407d-ad7c-1282c642ba5b\/module\/mcafee\/_cp\/products\/1501186322868\/tab-2cf65eaa-a5de-4c00-b068-4b8ac22292f9\/54d9eb57-d32c-4c26-853e-fbe4c62a4c9f.jpg.w1920.jpg?w=1020&amp;ssl=1\" alt=\"McAfee Total Protection\" data-asset-title=\"Virus Protection Pledge\" data-asset-type=\"image\" data-asset-url=\"\/_cp\/products\/1501186322868\/tab-2cf65eaa-a5de-4c00-b068-4b8ac22292f9\/54d9eb57-d32c-4c26-853e-fbe4c62a4c9f.jpg\" data-asset-wrapper=\"rich-features\" data-height=\"150\" data-section-template-code=\"rich-features\" data-width=\"150\" data-recalc-dims=\"1\" \/><\/div>\n<\/div>\n<div class=\"wc-text-wrap\">\n<h3 class=\"wc-rich-content-header wc-feature-main-header \">Compromisso de prote\u00e7\u00e3o contra v\u00edrus<\/h3>\n<div class=\"wc-rich-content-description\"><b>100% de garantia O<br \/>\n<\/b>McAfee\u00ae Total Protection tem o respaldo de nossa garantia de 100%, que lhe d\u00e1 a confian\u00e7a de que, se o seu PC pegar um v\u00edrus, um especialista da McAfee o remover\u00e1 ou seu dinheiro de volta!<br \/>\n<i>Requer inscri\u00e7\u00e3o no servi\u00e7o de renova\u00e7\u00e3o autom\u00e1tica;\u00a0termos adicionais se aplicam.\u00a0<sup class=\"wc-footnote-index\" data-index=\"2\">2<\/sup><\/i><\/div>\n<\/div>\n<\/li>\n<li class=\"wc-rich-feature-item wc-text-placement-false wc-odd-0 wc-has-media wc-thumb-medium wc-last \">\n<div class=\"wc-media-wrap\">\n<div class=\"wc-media-inner-wrap\"><img decoding=\"async\" class=\"wc-media wc-image\" title=\"Al\u00e9m do antiv\u00edrus\" src=\"https:\/\/i0.wp.com\/smedia.webcollage.net\/rwvfp\/wc\/cp\/1551821957887_4e996e05-3980-407d-ad7c-1282c642ba5b\/module\/mcafee\/_cp\/products\/1501186322868\/tab-2cf65eaa-a5de-4c00-b068-4b8ac22292f9\/0e9614c2-aef2-4371-9c6a-4a1a763bf52d.png.w1920.png?w=1020&amp;ssl=1\" alt=\"McAfee Total Protection\" data-asset-title=\"Beyond Antivirus\" data-asset-type=\"image\" data-asset-url=\"\/_cp\/products\/1501186322868\/tab-2cf65eaa-a5de-4c00-b068-4b8ac22292f9\/0e9614c2-aef2-4371-9c6a-4a1a763bf52d.png\" data-asset-wrapper=\"rich-features\" data-height=\"118\" data-section-template-code=\"rich-features\" data-width=\"150\" data-recalc-dims=\"1\" \/><\/div>\n<\/div>\n<div class=\"wc-text-wrap\">\n<h3 class=\"wc-rich-content-header wc-feature-main-header \">Al\u00e9m do antiv\u00edrus<\/h3>\n<div class=\"wc-rich-content-description\">\n<p><b>V\u00e1 al\u00e9m do antiv\u00edrus com recursos avan\u00e7ados que protegem sua identidade, privacidade e dispositivos e o mant\u00eam produtivo<\/b><\/p>\n<ul>\n<li><b>Seguran\u00e7a m\u00f3vel abrangente:<\/b>\u00a0\u00a0mantenha seus dados seguros e rastreie facilmente seu dispositivo perdido ou roubado, mesmo se o SIM for substitu\u00eddo.<\/li>\n<li><b><\/b><b>PC Boost:\u00a0<\/b>\u00a0aumenta o desempenho do navegador e dos aplicativos do seu computador, permitindo que voc\u00ea dedique mais tempo ao que realmente importa.<\/li>\n<li><b>Bloqueio de arquivo:<\/b>\u00a0mantenha seus arquivos pessoais privados, armazenando-os no seu PC com prote\u00e7\u00e3o por senha e criptografia de arquivos de 128 bits<\/li>\n<li><b>Gerenciador de senhas:<\/b>\u00a0\u00a0reconhece sua impress\u00e3o digital ou dispositivo secund\u00e1rio, protege suas senhas e faz login instantaneamente em seus sites e aplicativos<\/li>\n<\/ul>\n<\/div>\n<\/div>\n<\/li>\n<\/ul>\n<\/div>\n<\/div>\n","protected":false},"excerpt":{"rendered":"<h3 class=\"wc-rich-content-header wc-feature-main-header \">McAfee\u00ae Total Protection<\/h3>\n<div class=\"wc-rich-content-description\">\n<p><b>Antiv\u00edrus premium, prote\u00e7\u00e3o de identidade e privacidade para um n\u00famero ilimitado de PCs, Macs, smartphones e tablets<\/b><\/p>\n<\/div>\n","protected":false},"featured_media":5964,"comment_status":"open","ping_status":"closed","template":"","meta":{"_joinchat":[]},"product_brand":[],"product_cat":[246,253],"product_tag":[],"class_list":{"0":"post-5963","1":"product","2":"type-product","3":"status-publish","4":"has-post-thumbnail","6":"product_cat-antivirus","7":"product_cat-mcafee","9":"first","10":"instock","11":"shipping-taxable","12":"purchasable","13":"product-type-simple"},"yoast_head":"<!-- This site is optimized with the Yoast SEO plugin v27.4 - https:\/\/yoast.com\/product\/yoast-seo-wordpress\/ -->\n<title>Antiv\u00edrus McAfee Total Protection 2022 \u2013 10 PC\u00b4s \u2013 1 Ano - Cyberlogics Technologies Angola<\/title>\n<meta name=\"description\" content=\"A Maior Loja Online de Angola de Licen\u00e7as Microsoft Office | Chaves Sistemas Operativos Windows | Antiv\u00edrus | Cloud Adobe | Inform\u00e1tica &amp; Servidores | Softwares de Gest\u00e3o ERP | Gaming Hardware | UPS e Baterias &amp; Muito Mais...\" \/>\n<meta name=\"robots\" content=\"index, follow, max-snippet:-1, max-image-preview:large, max-video-preview:-1\" \/>\n<link rel=\"canonical\" href=\"https:\/\/cyberlogics.ao\/index.php\/product\/mcafee-total-protection-2020-full-version-instant-key\/\" \/>\n<meta property=\"og:locale\" content=\"pt_PT\" \/>\n<meta property=\"og:type\" content=\"article\" \/>\n<meta property=\"og:title\" content=\"Antiv\u00edrus McAfee Total Protection 2022 \u2013 10 PC\u00b4s \u2013 1 Ano - Cyberlogics Technologies Angola\" \/>\n<meta property=\"og:description\" content=\"A Maior Loja Online de Angola de Licen\u00e7as Microsoft Office | Chaves Sistemas Operativos Windows | Antiv\u00edrus | Cloud Adobe | Inform\u00e1tica &amp; Servidores | Softwares de Gest\u00e3o ERP | Gaming Hardware | UPS e Baterias &amp; Muito Mais...\" \/>\n<meta property=\"og:url\" content=\"https:\/\/cyberlogics.ao\/index.php\/product\/mcafee-total-protection-2020-full-version-instant-key\/\" \/>\n<meta property=\"og:site_name\" content=\"Cyberlogics Technologies Angola\" \/>\n<meta property=\"article:modified_time\" content=\"2023-03-22T10:46:21+00:00\" \/>\n<meta property=\"og:image\" content=\"http:\/\/cyberlogics.ao\/wp-content\/uploads\/2022\/04\/McAfee-Total-Protection-2020-Full-version.webp\" \/>\n\t<meta property=\"og:image:width\" content=\"600\" \/>\n\t<meta property=\"og:image:height\" content=\"600\" \/>\n\t<meta property=\"og:image:type\" content=\"image\/webp\" \/>\n<meta name=\"twitter:card\" content=\"summary_large_image\" \/>\n<meta name=\"twitter:label1\" content=\"Tempo estimado de leitura\" \/>\n\t<meta name=\"twitter:data1\" content=\"2 minutos\" \/>\n<script type=\"application\/ld+json\" class=\"yoast-schema-graph\">{\"@context\":\"https:\\\/\\\/schema.org\",\"@graph\":[{\"@type\":\"WebPage\",\"@id\":\"https:\\\/\\\/cyberlogics.ao\\\/index.php\\\/product\\\/mcafee-total-protection-2020-full-version-instant-key\\\/\",\"url\":\"https:\\\/\\\/cyberlogics.ao\\\/index.php\\\/product\\\/mcafee-total-protection-2020-full-version-instant-key\\\/\",\"name\":\"Antiv\u00edrus McAfee Total Protection 2022 \u2013 10 PC\u00b4s \u2013 1 Ano - Cyberlogics Technologies Angola\",\"isPartOf\":{\"@id\":\"https:\\\/\\\/cyberlogics.ao\\\/#website\"},\"primaryImageOfPage\":{\"@id\":\"https:\\\/\\\/cyberlogics.ao\\\/index.php\\\/product\\\/mcafee-total-protection-2020-full-version-instant-key\\\/#primaryimage\"},\"image\":{\"@id\":\"https:\\\/\\\/cyberlogics.ao\\\/index.php\\\/product\\\/mcafee-total-protection-2020-full-version-instant-key\\\/#primaryimage\"},\"thumbnailUrl\":\"https:\\\/\\\/cyberlogics.ao\\\/wp-content\\\/uploads\\\/2022\\\/04\\\/McAfee-Total-Protection-2020-Full-version.webp\",\"datePublished\":\"2022-04-23T15:58:41+00:00\",\"dateModified\":\"2023-03-22T10:46:21+00:00\",\"description\":\"A Maior Loja Online de Angola de Licen\u00e7as Microsoft Office | Chaves Sistemas Operativos Windows | Antiv\u00edrus | Cloud Adobe | Inform\u00e1tica & Servidores | Softwares de Gest\u00e3o ERP | Gaming Hardware | UPS e Baterias & Muito Mais...\",\"breadcrumb\":{\"@id\":\"https:\\\/\\\/cyberlogics.ao\\\/index.php\\\/product\\\/mcafee-total-protection-2020-full-version-instant-key\\\/#breadcrumb\"},\"inLanguage\":\"pt-PT\",\"potentialAction\":[{\"@type\":\"ReadAction\",\"target\":[\"https:\\\/\\\/cyberlogics.ao\\\/index.php\\\/product\\\/mcafee-total-protection-2020-full-version-instant-key\\\/\"]}]},{\"@type\":\"ImageObject\",\"inLanguage\":\"pt-PT\",\"@id\":\"https:\\\/\\\/cyberlogics.ao\\\/index.php\\\/product\\\/mcafee-total-protection-2020-full-version-instant-key\\\/#primaryimage\",\"url\":\"https:\\\/\\\/cyberlogics.ao\\\/wp-content\\\/uploads\\\/2022\\\/04\\\/McAfee-Total-Protection-2020-Full-version.webp\",\"contentUrl\":\"https:\\\/\\\/cyberlogics.ao\\\/wp-content\\\/uploads\\\/2022\\\/04\\\/McAfee-Total-Protection-2020-Full-version.webp\",\"width\":600,\"height\":600},{\"@type\":\"BreadcrumbList\",\"@id\":\"https:\\\/\\\/cyberlogics.ao\\\/index.php\\\/product\\\/mcafee-total-protection-2020-full-version-instant-key\\\/#breadcrumb\",\"itemListElement\":[{\"@type\":\"ListItem\",\"position\":1,\"name\":\"In\u00edcio\",\"item\":\"https:\\\/\\\/cyberlogics.ao\\\/\"},{\"@type\":\"ListItem\",\"position\":2,\"name\":\"Produtos\",\"item\":\"https:\\\/\\\/cyberlogics.ao\\\/index.php\\\/shop-2\\\/\"},{\"@type\":\"ListItem\",\"position\":3,\"name\":\"Antiv\u00edrus McAfee Total Protection 2022 \u2013 10 PC\u00b4s \u2013 1 Ano\"}]},{\"@type\":\"WebSite\",\"@id\":\"https:\\\/\\\/cyberlogics.ao\\\/#website\",\"url\":\"https:\\\/\\\/cyberlogics.ao\\\/\",\"name\":\"Cyberlogics Technologies Angola\",\"description\":\"Loja Online de Licen\u00e7as de Softwares e Inform\u00e1tica\",\"publisher\":{\"@id\":\"https:\\\/\\\/cyberlogics.ao\\\/#organization\"},\"potentialAction\":[{\"@type\":\"SearchAction\",\"target\":{\"@type\":\"EntryPoint\",\"urlTemplate\":\"https:\\\/\\\/cyberlogics.ao\\\/?s={search_term_string}\"},\"query-input\":{\"@type\":\"PropertyValueSpecification\",\"valueRequired\":true,\"valueName\":\"search_term_string\"}}],\"inLanguage\":\"pt-PT\"},{\"@type\":\"Organization\",\"@id\":\"https:\\\/\\\/cyberlogics.ao\\\/#organization\",\"name\":\"Cyberlogics Ao Technologies - Loja Online de Licen\u00e7as de Softwares e Inform\u00e1tica\",\"url\":\"https:\\\/\\\/cyberlogics.ao\\\/\",\"logo\":{\"@type\":\"ImageObject\",\"inLanguage\":\"pt-PT\",\"@id\":\"https:\\\/\\\/cyberlogics.ao\\\/#\\\/schema\\\/logo\\\/image\\\/\",\"url\":\"https:\\\/\\\/cyberlogics.ao\\\/wp-content\\\/uploads\\\/2022\\\/04\\\/CT-logo.png\",\"contentUrl\":\"https:\\\/\\\/cyberlogics.ao\\\/wp-content\\\/uploads\\\/2022\\\/04\\\/CT-logo.png\",\"width\":190,\"height\":75,\"caption\":\"Cyberlogics Ao Technologies - Loja Online de Licen\u00e7as de Softwares e Inform\u00e1tica\"},\"image\":{\"@id\":\"https:\\\/\\\/cyberlogics.ao\\\/#\\\/schema\\\/logo\\\/image\\\/\"}}]}<\/script>\n<!-- \/ Yoast SEO plugin. -->","yoast_head_json":{"title":"Antiv\u00edrus McAfee Total Protection 2022 \u2013 10 PC\u00b4s \u2013 1 Ano - Cyberlogics Technologies Angola","description":"A Maior Loja Online de Angola de Licen\u00e7as Microsoft Office | Chaves Sistemas Operativos Windows | Antiv\u00edrus | Cloud Adobe | Inform\u00e1tica & Servidores | Softwares de Gest\u00e3o ERP | Gaming Hardware | UPS e Baterias & Muito Mais...","robots":{"index":"index","follow":"follow","max-snippet":"max-snippet:-1","max-image-preview":"max-image-preview:large","max-video-preview":"max-video-preview:-1"},"canonical":"https:\/\/cyberlogics.ao\/index.php\/product\/mcafee-total-protection-2020-full-version-instant-key\/","og_locale":"pt_PT","og_type":"article","og_title":"Antiv\u00edrus McAfee Total Protection 2022 \u2013 10 PC\u00b4s \u2013 1 Ano - Cyberlogics Technologies Angola","og_description":"A Maior Loja Online de Angola de Licen\u00e7as Microsoft Office | Chaves Sistemas Operativos Windows | Antiv\u00edrus | Cloud Adobe | Inform\u00e1tica & Servidores | Softwares de Gest\u00e3o ERP | Gaming Hardware | UPS e Baterias & Muito Mais...","og_url":"https:\/\/cyberlogics.ao\/index.php\/product\/mcafee-total-protection-2020-full-version-instant-key\/","og_site_name":"Cyberlogics Technologies Angola","article_modified_time":"2023-03-22T10:46:21+00:00","og_image":[{"width":600,"height":600,"url":"http:\/\/cyberlogics.ao\/wp-content\/uploads\/2022\/04\/McAfee-Total-Protection-2020-Full-version.webp","type":"image\/webp"}],"twitter_card":"summary_large_image","twitter_misc":{"Tempo estimado de leitura":"2 minutos"},"schema":{"@context":"https:\/\/schema.org","@graph":[{"@type":"WebPage","@id":"https:\/\/cyberlogics.ao\/index.php\/product\/mcafee-total-protection-2020-full-version-instant-key\/","url":"https:\/\/cyberlogics.ao\/index.php\/product\/mcafee-total-protection-2020-full-version-instant-key\/","name":"Antiv\u00edrus McAfee Total Protection 2022 \u2013 10 PC\u00b4s \u2013 1 Ano - Cyberlogics Technologies Angola","isPartOf":{"@id":"https:\/\/cyberlogics.ao\/#website"},"primaryImageOfPage":{"@id":"https:\/\/cyberlogics.ao\/index.php\/product\/mcafee-total-protection-2020-full-version-instant-key\/#primaryimage"},"image":{"@id":"https:\/\/cyberlogics.ao\/index.php\/product\/mcafee-total-protection-2020-full-version-instant-key\/#primaryimage"},"thumbnailUrl":"https:\/\/cyberlogics.ao\/wp-content\/uploads\/2022\/04\/McAfee-Total-Protection-2020-Full-version.webp","datePublished":"2022-04-23T15:58:41+00:00","dateModified":"2023-03-22T10:46:21+00:00","description":"A Maior Loja Online de Angola de Licen\u00e7as Microsoft Office | Chaves Sistemas Operativos Windows | Antiv\u00edrus | Cloud Adobe | Inform\u00e1tica & Servidores | Softwares de Gest\u00e3o ERP | Gaming Hardware | UPS e Baterias & Muito Mais...","breadcrumb":{"@id":"https:\/\/cyberlogics.ao\/index.php\/product\/mcafee-total-protection-2020-full-version-instant-key\/#breadcrumb"},"inLanguage":"pt-PT","potentialAction":[{"@type":"ReadAction","target":["https:\/\/cyberlogics.ao\/index.php\/product\/mcafee-total-protection-2020-full-version-instant-key\/"]}]},{"@type":"ImageObject","inLanguage":"pt-PT","@id":"https:\/\/cyberlogics.ao\/index.php\/product\/mcafee-total-protection-2020-full-version-instant-key\/#primaryimage","url":"https:\/\/cyberlogics.ao\/wp-content\/uploads\/2022\/04\/McAfee-Total-Protection-2020-Full-version.webp","contentUrl":"https:\/\/cyberlogics.ao\/wp-content\/uploads\/2022\/04\/McAfee-Total-Protection-2020-Full-version.webp","width":600,"height":600},{"@type":"BreadcrumbList","@id":"https:\/\/cyberlogics.ao\/index.php\/product\/mcafee-total-protection-2020-full-version-instant-key\/#breadcrumb","itemListElement":[{"@type":"ListItem","position":1,"name":"In\u00edcio","item":"https:\/\/cyberlogics.ao\/"},{"@type":"ListItem","position":2,"name":"Produtos","item":"https:\/\/cyberlogics.ao\/index.php\/shop-2\/"},{"@type":"ListItem","position":3,"name":"Antiv\u00edrus McAfee Total Protection 2022 \u2013 10 PC\u00b4s \u2013 1 Ano"}]},{"@type":"WebSite","@id":"https:\/\/cyberlogics.ao\/#website","url":"https:\/\/cyberlogics.ao\/","name":"Cyberlogics Technologies Angola","description":"Loja Online de Licen\u00e7as de Softwares e Inform\u00e1tica","publisher":{"@id":"https:\/\/cyberlogics.ao\/#organization"},"potentialAction":[{"@type":"SearchAction","target":{"@type":"EntryPoint","urlTemplate":"https:\/\/cyberlogics.ao\/?s={search_term_string}"},"query-input":{"@type":"PropertyValueSpecification","valueRequired":true,"valueName":"search_term_string"}}],"inLanguage":"pt-PT"},{"@type":"Organization","@id":"https:\/\/cyberlogics.ao\/#organization","name":"Cyberlogics Ao Technologies - Loja Online de Licen\u00e7as de Softwares e Inform\u00e1tica","url":"https:\/\/cyberlogics.ao\/","logo":{"@type":"ImageObject","inLanguage":"pt-PT","@id":"https:\/\/cyberlogics.ao\/#\/schema\/logo\/image\/","url":"https:\/\/cyberlogics.ao\/wp-content\/uploads\/2022\/04\/CT-logo.png","contentUrl":"https:\/\/cyberlogics.ao\/wp-content\/uploads\/2022\/04\/CT-logo.png","width":190,"height":75,"caption":"Cyberlogics Ao Technologies - Loja Online de Licen\u00e7as de Softwares e Inform\u00e1tica"},"image":{"@id":"https:\/\/cyberlogics.ao\/#\/schema\/logo\/image\/"}}]}},"_links":{"self":[{"href":"https:\/\/cyberlogics.ao\/index.php\/wp-json\/wp\/v2\/product\/5963","targetHints":{"allow":["GET"]}}],"collection":[{"href":"https:\/\/cyberlogics.ao\/index.php\/wp-json\/wp\/v2\/product"}],"about":[{"href":"https:\/\/cyberlogics.ao\/index.php\/wp-json\/wp\/v2\/types\/product"}],"replies":[{"embeddable":true,"href":"https:\/\/cyberlogics.ao\/index.php\/wp-json\/wp\/v2\/comments?post=5963"}],"wp:featuredmedia":[{"embeddable":true,"href":"https:\/\/cyberlogics.ao\/index.php\/wp-json\/wp\/v2\/media\/5964"}],"wp:attachment":[{"href":"https:\/\/cyberlogics.ao\/index.php\/wp-json\/wp\/v2\/media?parent=5963"}],"wp:term":[{"taxonomy":"product_brand","embeddable":true,"href":"https:\/\/cyberlogics.ao\/index.php\/wp-json\/wp\/v2\/product_brand?post=5963"},{"taxonomy":"product_cat","embeddable":true,"href":"https:\/\/cyberlogics.ao\/index.php\/wp-json\/wp\/v2\/product_cat?post=5963"},{"taxonomy":"product_tag","embeddable":true,"href":"https:\/\/cyberlogics.ao\/index.php\/wp-json\/wp\/v2\/product_tag?post=5963"}],"curies":[{"name":"wp","href":"https:\/\/api.w.org\/{rel}","templated":true}]}}