{"id":5966,"date":"2022-04-23T16:04:42","date_gmt":"2022-04-23T16:04:42","guid":{"rendered":"https:\/\/cyberlogics.ao\/?post_type=product&#038;p=5966"},"modified":"2024-02-09T15:23:01","modified_gmt":"2024-02-09T15:23:01","slug":"norton-360-deluxe-1-user-5-devices-annual-license","status":"publish","type":"product","link":"https:\/\/cyberlogics.ao\/index.php\/product\/norton-360-deluxe-1-user-5-devices-annual-license\/","title":{"rendered":"Norton 360 Deluxe, 1 user 5 devices, 1 Ano"},"content":{"rendered":"<p>Symantec Norton 360 Deluxe, backup em nuvem de 50 GB, 1 usu\u00e1rio 5 dispositivos, licen\u00e7a anual de 12 MO, download<\/p>\n<p>NORTON Antivirus 360 Deluxe:<br \/>\nObtenha prote\u00e7\u00e3o multicamada imbat\u00edvel do especialista em antiv\u00edrus l\u00edder do setor para 5 dispositivos por uma fra\u00e7\u00e3o do pre\u00e7o! Com a prote\u00e7\u00e3o 27\/7\/365 em tempo real mais avan\u00e7ada, a licen\u00e7a antiv\u00edrus do Norton 360 Deluxe praticamente coloca todos os seus dispositivos acima de todas as amea\u00e7as existentes e emergentes. Aproveite agora!<\/p>\n<p>O backup em nuvem Suficiente de 50 GB oferece a maneira mais conveniente de armazenar todos os dados importantes on-line para que voc\u00ea tenha uma recupera\u00e7\u00e3o abrangente de informa\u00e7\u00f5es sempre que necess\u00e1rio em caso de falhas no disco r\u00edgido, enquanto o gerenciador de senhas integrado armazena com seguran\u00e7a todas as suas senhas para o mais seguro e sem estresse logins.<\/p>\n<p>Este pacote antiv\u00edrus universal do Norton 360 Deluxe tamb\u00e9m vem com uma VPN segura sem registro que oferece verdadeiro anonimato e seguran\u00e7a online, juntamente com a tecnologia de ponta Dark Web Monitoring para manter dados como informa\u00e7\u00f5es de cart\u00e3o de cr\u00e9dito fora da dark web. Explore com seguran\u00e7a, fique seguro!<\/p>\n<p>Caracter\u00edsticas do antiv\u00edrus:<br \/>\nSEGURAN\u00c7A DE DISPOSITIVO M\u00c1XIMO: Obtenha prote\u00e7\u00e3o robusta contra amea\u00e7as em tempo real contra amea\u00e7as atuais e futuras com o Norton 360 Deluxe, incluindo ransomware, spyware, v\u00edrus, phishing e muito mais. Nunca mais seja uma v\u00edtima!<\/p>\n<p>VPN 100% SEGURA: O pacote antiv\u00edrus do Norton 360 Deluxe inclui uma VPN sem registro com criptografia de n\u00edvel banc\u00e1rio para ajudar a manter suas informa\u00e7\u00f5es, como senhas e detalhes banc\u00e1rios, seguras e privadas, permitindo que voc\u00ea navegue anonimamente.<\/p>\n<p>GERENCIADOR DE SENHAS SEGURO: Com o Norton 360 Deluxe, voc\u00ea pode criar, salvar e gerenciar convenientemente suas senhas de login, informa\u00e7\u00f5es de cart\u00e3o e muitas outras credenciais on-line.<\/p>\n<p>BACKUP EM NUVEM DE 50 GB PARA PC: Obter a licen\u00e7a do Norton 360 Deluxe automaticamente d\u00e1 acesso a um espa\u00e7o de backup em nuvem de PC generoso e seguro para salvar todos os arquivos importantes como uma medida proativa contra falhas no disco r\u00edgido, dispositivos roubados e ransomware.<\/p>\n<p>SAFECAM PARA PC: Esta tecnologia inteligente impede o uso n\u00e3o autorizado de sua webcam, avisando e ajudando a bloquear qualquer invas\u00e3o.<br \/>\nFIREWALL ULTRA-SMART: Norton 360 Deluxe Monitora com efici\u00eancia todas as atividades da rede enquanto restringe os esfor\u00e7os dos cibercriminosos e outros tr\u00e1fegos n\u00e3o autorizados, permitindo apenas o tr\u00e1fego que voc\u00ea autorizar.<\/p>\n<p>CONTROLE PARENTAL: Fique de olho nas atividades de seus filhos na internet enquanto os ajuda a navegar na web com seguran\u00e7a em seus PCs ou smartphones.<\/p>\n<p>PROTE\u00c7\u00c3O 100% GARANTIDA: A partir do momento em que voc\u00ea assinar o produto, um especialista da Norton estar\u00e1 dispon\u00edvel para ajud\u00e1-lo a manter seu equipamento livre de v\u00edrus. Se o seu dispositivo pegar um v\u00edrus que nossos especialistas n\u00e3o puderem remover, voc\u00ea receber\u00e1 seu dinheiro de volta!<\/p>\n<p>&nbsp;<\/p>\n<p>IMPORTANTE: Este produto \u00e9 para a regi\u00e3o da UE (Europa).<\/p>\n<p>Voc\u00ea deve ativ\u00e1-lo usando um endere\u00e7o IP da Europa. Voc\u00ea pode usar uma VPN para isso se n\u00e3o for da Europa.<\/p>\n","protected":false},"excerpt":{"rendered":"<p>Symantec Norton 360 Deluxe, backup em nuvem de 50 GB, 1 usu\u00e1rio 5 dispositivos, licen\u00e7a anual de 12 MO, download NORTON Antivirus 360 Deluxe: Obtenha prote\u00e7\u00e3o multicamada imbat\u00edvel do especialista<\/p>\n","protected":false},"featured_media":5967,"comment_status":"open","ping_status":"closed","template":"","meta":{"_joinchat":[]},"product_brand":[],"product_cat":[246,254],"product_tag":[],"class_list":{"0":"post-5966","1":"product","2":"type-product","3":"status-publish","4":"has-post-thumbnail","6":"product_cat-antivirus","7":"product_cat-norton","9":"first","10":"instock","11":"downloadable","12":"virtual","13":"purchasable","14":"product-type-simple"},"yoast_head":"<!-- This site is optimized with the Yoast SEO plugin v27.3 - https:\/\/yoast.com\/product\/yoast-seo-wordpress\/ -->\n<title>Norton 360 Deluxe, 1 user 5 devices, 1 Ano - Cyberlogics Technologies Angola<\/title>\n<meta name=\"description\" content=\"A Maior Loja Online de Angola de Licen\u00e7as Microsoft Office | Chaves Sistemas Operativos Windows | Antiv\u00edrus | Cloud Adobe | Inform\u00e1tica &amp; Servidores | Softwares de Gest\u00e3o ERP | Gaming Hardware | UPS e Baterias &amp; Muito Mais...\" \/>\n<meta name=\"robots\" content=\"index, follow, max-snippet:-1, max-image-preview:large, max-video-preview:-1\" \/>\n<link rel=\"canonical\" href=\"https:\/\/cyberlogics.ao\/index.php\/product\/norton-360-deluxe-1-user-5-devices-annual-license\/\" \/>\n<meta property=\"og:locale\" content=\"pt_PT\" \/>\n<meta property=\"og:type\" content=\"article\" \/>\n<meta property=\"og:title\" content=\"Norton 360 Deluxe, 1 user 5 devices, 1 Ano - Cyberlogics Technologies Angola\" \/>\n<meta property=\"og:description\" content=\"A Maior Loja Online de Angola de Licen\u00e7as Microsoft Office | Chaves Sistemas Operativos Windows | Antiv\u00edrus | Cloud Adobe | Inform\u00e1tica &amp; Servidores | Softwares de Gest\u00e3o ERP | Gaming Hardware | UPS e Baterias &amp; Muito Mais...\" \/>\n<meta property=\"og:url\" content=\"https:\/\/cyberlogics.ao\/index.php\/product\/norton-360-deluxe-1-user-5-devices-annual-license\/\" \/>\n<meta property=\"og:site_name\" content=\"Cyberlogics Technologies Angola\" \/>\n<meta property=\"article:modified_time\" content=\"2024-02-09T15:23:01+00:00\" \/>\n<meta property=\"og:image\" content=\"http:\/\/cyberlogics.ao\/wp-content\/uploads\/2022\/04\/Norton-360-Deluxe-1-user-5-devices-12-MO-annual-license.webp\" \/>\n\t<meta property=\"og:image:width\" content=\"600\" \/>\n\t<meta property=\"og:image:height\" content=\"600\" \/>\n\t<meta property=\"og:image:type\" content=\"image\/webp\" \/>\n<meta name=\"twitter:card\" content=\"summary_large_image\" \/>\n<meta name=\"twitter:label1\" content=\"Tempo estimado de leitura\" \/>\n\t<meta name=\"twitter:data1\" content=\"3 minutos\" \/>\n<script type=\"application\/ld+json\" class=\"yoast-schema-graph\">{\"@context\":\"https:\\\/\\\/schema.org\",\"@graph\":[{\"@type\":\"WebPage\",\"@id\":\"https:\\\/\\\/cyberlogics.ao\\\/index.php\\\/product\\\/norton-360-deluxe-1-user-5-devices-annual-license\\\/\",\"url\":\"https:\\\/\\\/cyberlogics.ao\\\/index.php\\\/product\\\/norton-360-deluxe-1-user-5-devices-annual-license\\\/\",\"name\":\"Norton 360 Deluxe, 1 user 5 devices, 1 Ano - Cyberlogics Technologies Angola\",\"isPartOf\":{\"@id\":\"https:\\\/\\\/cyberlogics.ao\\\/#website\"},\"primaryImageOfPage\":{\"@id\":\"https:\\\/\\\/cyberlogics.ao\\\/index.php\\\/product\\\/norton-360-deluxe-1-user-5-devices-annual-license\\\/#primaryimage\"},\"image\":{\"@id\":\"https:\\\/\\\/cyberlogics.ao\\\/index.php\\\/product\\\/norton-360-deluxe-1-user-5-devices-annual-license\\\/#primaryimage\"},\"thumbnailUrl\":\"https:\\\/\\\/cyberlogics.ao\\\/wp-content\\\/uploads\\\/2022\\\/04\\\/Norton-360-Deluxe-1-user-5-devices-12-MO-annual-license.webp\",\"datePublished\":\"2022-04-23T16:04:42+00:00\",\"dateModified\":\"2024-02-09T15:23:01+00:00\",\"description\":\"A Maior Loja Online de Angola de Licen\u00e7as Microsoft Office | Chaves Sistemas Operativos Windows | Antiv\u00edrus | Cloud Adobe | Inform\u00e1tica & Servidores | Softwares de Gest\u00e3o ERP | Gaming Hardware | UPS e Baterias & Muito Mais...\",\"breadcrumb\":{\"@id\":\"https:\\\/\\\/cyberlogics.ao\\\/index.php\\\/product\\\/norton-360-deluxe-1-user-5-devices-annual-license\\\/#breadcrumb\"},\"inLanguage\":\"pt-PT\",\"potentialAction\":[{\"@type\":\"ReadAction\",\"target\":[\"https:\\\/\\\/cyberlogics.ao\\\/index.php\\\/product\\\/norton-360-deluxe-1-user-5-devices-annual-license\\\/\"]}]},{\"@type\":\"ImageObject\",\"inLanguage\":\"pt-PT\",\"@id\":\"https:\\\/\\\/cyberlogics.ao\\\/index.php\\\/product\\\/norton-360-deluxe-1-user-5-devices-annual-license\\\/#primaryimage\",\"url\":\"https:\\\/\\\/cyberlogics.ao\\\/wp-content\\\/uploads\\\/2022\\\/04\\\/Norton-360-Deluxe-1-user-5-devices-12-MO-annual-license.webp\",\"contentUrl\":\"https:\\\/\\\/cyberlogics.ao\\\/wp-content\\\/uploads\\\/2022\\\/04\\\/Norton-360-Deluxe-1-user-5-devices-12-MO-annual-license.webp\",\"width\":600,\"height\":600},{\"@type\":\"BreadcrumbList\",\"@id\":\"https:\\\/\\\/cyberlogics.ao\\\/index.php\\\/product\\\/norton-360-deluxe-1-user-5-devices-annual-license\\\/#breadcrumb\",\"itemListElement\":[{\"@type\":\"ListItem\",\"position\":1,\"name\":\"In\u00edcio\",\"item\":\"https:\\\/\\\/cyberlogics.ao\\\/\"},{\"@type\":\"ListItem\",\"position\":2,\"name\":\"Produtos\",\"item\":\"https:\\\/\\\/cyberlogics.ao\\\/index.php\\\/shop-2\\\/\"},{\"@type\":\"ListItem\",\"position\":3,\"name\":\"Norton 360 Deluxe, 1 user 5 devices, 1 Ano\"}]},{\"@type\":\"WebSite\",\"@id\":\"https:\\\/\\\/cyberlogics.ao\\\/#website\",\"url\":\"https:\\\/\\\/cyberlogics.ao\\\/\",\"name\":\"Cyberlogics Technologies Angola\",\"description\":\"Loja Online de Licen\u00e7as de Softwares e Inform\u00e1tica\",\"publisher\":{\"@id\":\"https:\\\/\\\/cyberlogics.ao\\\/#organization\"},\"potentialAction\":[{\"@type\":\"SearchAction\",\"target\":{\"@type\":\"EntryPoint\",\"urlTemplate\":\"https:\\\/\\\/cyberlogics.ao\\\/?s={search_term_string}\"},\"query-input\":{\"@type\":\"PropertyValueSpecification\",\"valueRequired\":true,\"valueName\":\"search_term_string\"}}],\"inLanguage\":\"pt-PT\"},{\"@type\":\"Organization\",\"@id\":\"https:\\\/\\\/cyberlogics.ao\\\/#organization\",\"name\":\"Cyberlogics Ao Technologies - Loja Online de Licen\u00e7as de Softwares e Inform\u00e1tica\",\"url\":\"https:\\\/\\\/cyberlogics.ao\\\/\",\"logo\":{\"@type\":\"ImageObject\",\"inLanguage\":\"pt-PT\",\"@id\":\"https:\\\/\\\/cyberlogics.ao\\\/#\\\/schema\\\/logo\\\/image\\\/\",\"url\":\"https:\\\/\\\/cyberlogics.ao\\\/wp-content\\\/uploads\\\/2022\\\/04\\\/CT-logo.png\",\"contentUrl\":\"https:\\\/\\\/cyberlogics.ao\\\/wp-content\\\/uploads\\\/2022\\\/04\\\/CT-logo.png\",\"width\":190,\"height\":75,\"caption\":\"Cyberlogics Ao Technologies - Loja Online de Licen\u00e7as de Softwares e Inform\u00e1tica\"},\"image\":{\"@id\":\"https:\\\/\\\/cyberlogics.ao\\\/#\\\/schema\\\/logo\\\/image\\\/\"}}]}<\/script>\n<!-- \/ Yoast SEO plugin. -->","yoast_head_json":{"title":"Norton 360 Deluxe, 1 user 5 devices, 1 Ano - Cyberlogics Technologies Angola","description":"A Maior Loja Online de Angola de Licen\u00e7as Microsoft Office | Chaves Sistemas Operativos Windows | Antiv\u00edrus | Cloud Adobe | Inform\u00e1tica & Servidores | Softwares de Gest\u00e3o ERP | Gaming Hardware | UPS e Baterias & Muito Mais...","robots":{"index":"index","follow":"follow","max-snippet":"max-snippet:-1","max-image-preview":"max-image-preview:large","max-video-preview":"max-video-preview:-1"},"canonical":"https:\/\/cyberlogics.ao\/index.php\/product\/norton-360-deluxe-1-user-5-devices-annual-license\/","og_locale":"pt_PT","og_type":"article","og_title":"Norton 360 Deluxe, 1 user 5 devices, 1 Ano - Cyberlogics Technologies Angola","og_description":"A Maior Loja Online de Angola de Licen\u00e7as Microsoft Office | Chaves Sistemas Operativos Windows | Antiv\u00edrus | Cloud Adobe | Inform\u00e1tica & Servidores | Softwares de Gest\u00e3o ERP | Gaming Hardware | UPS e Baterias & Muito Mais...","og_url":"https:\/\/cyberlogics.ao\/index.php\/product\/norton-360-deluxe-1-user-5-devices-annual-license\/","og_site_name":"Cyberlogics Technologies Angola","article_modified_time":"2024-02-09T15:23:01+00:00","og_image":[{"width":600,"height":600,"url":"http:\/\/cyberlogics.ao\/wp-content\/uploads\/2022\/04\/Norton-360-Deluxe-1-user-5-devices-12-MO-annual-license.webp","type":"image\/webp"}],"twitter_card":"summary_large_image","twitter_misc":{"Tempo estimado de leitura":"3 minutos"},"schema":{"@context":"https:\/\/schema.org","@graph":[{"@type":"WebPage","@id":"https:\/\/cyberlogics.ao\/index.php\/product\/norton-360-deluxe-1-user-5-devices-annual-license\/","url":"https:\/\/cyberlogics.ao\/index.php\/product\/norton-360-deluxe-1-user-5-devices-annual-license\/","name":"Norton 360 Deluxe, 1 user 5 devices, 1 Ano - Cyberlogics Technologies Angola","isPartOf":{"@id":"https:\/\/cyberlogics.ao\/#website"},"primaryImageOfPage":{"@id":"https:\/\/cyberlogics.ao\/index.php\/product\/norton-360-deluxe-1-user-5-devices-annual-license\/#primaryimage"},"image":{"@id":"https:\/\/cyberlogics.ao\/index.php\/product\/norton-360-deluxe-1-user-5-devices-annual-license\/#primaryimage"},"thumbnailUrl":"https:\/\/cyberlogics.ao\/wp-content\/uploads\/2022\/04\/Norton-360-Deluxe-1-user-5-devices-12-MO-annual-license.webp","datePublished":"2022-04-23T16:04:42+00:00","dateModified":"2024-02-09T15:23:01+00:00","description":"A Maior Loja Online de Angola de Licen\u00e7as Microsoft Office | Chaves Sistemas Operativos Windows | Antiv\u00edrus | Cloud Adobe | Inform\u00e1tica & Servidores | Softwares de Gest\u00e3o ERP | Gaming Hardware | UPS e Baterias & Muito Mais...","breadcrumb":{"@id":"https:\/\/cyberlogics.ao\/index.php\/product\/norton-360-deluxe-1-user-5-devices-annual-license\/#breadcrumb"},"inLanguage":"pt-PT","potentialAction":[{"@type":"ReadAction","target":["https:\/\/cyberlogics.ao\/index.php\/product\/norton-360-deluxe-1-user-5-devices-annual-license\/"]}]},{"@type":"ImageObject","inLanguage":"pt-PT","@id":"https:\/\/cyberlogics.ao\/index.php\/product\/norton-360-deluxe-1-user-5-devices-annual-license\/#primaryimage","url":"https:\/\/cyberlogics.ao\/wp-content\/uploads\/2022\/04\/Norton-360-Deluxe-1-user-5-devices-12-MO-annual-license.webp","contentUrl":"https:\/\/cyberlogics.ao\/wp-content\/uploads\/2022\/04\/Norton-360-Deluxe-1-user-5-devices-12-MO-annual-license.webp","width":600,"height":600},{"@type":"BreadcrumbList","@id":"https:\/\/cyberlogics.ao\/index.php\/product\/norton-360-deluxe-1-user-5-devices-annual-license\/#breadcrumb","itemListElement":[{"@type":"ListItem","position":1,"name":"In\u00edcio","item":"https:\/\/cyberlogics.ao\/"},{"@type":"ListItem","position":2,"name":"Produtos","item":"https:\/\/cyberlogics.ao\/index.php\/shop-2\/"},{"@type":"ListItem","position":3,"name":"Norton 360 Deluxe, 1 user 5 devices, 1 Ano"}]},{"@type":"WebSite","@id":"https:\/\/cyberlogics.ao\/#website","url":"https:\/\/cyberlogics.ao\/","name":"Cyberlogics Technologies Angola","description":"Loja Online de Licen\u00e7as de Softwares e Inform\u00e1tica","publisher":{"@id":"https:\/\/cyberlogics.ao\/#organization"},"potentialAction":[{"@type":"SearchAction","target":{"@type":"EntryPoint","urlTemplate":"https:\/\/cyberlogics.ao\/?s={search_term_string}"},"query-input":{"@type":"PropertyValueSpecification","valueRequired":true,"valueName":"search_term_string"}}],"inLanguage":"pt-PT"},{"@type":"Organization","@id":"https:\/\/cyberlogics.ao\/#organization","name":"Cyberlogics Ao Technologies - Loja Online de Licen\u00e7as de Softwares e Inform\u00e1tica","url":"https:\/\/cyberlogics.ao\/","logo":{"@type":"ImageObject","inLanguage":"pt-PT","@id":"https:\/\/cyberlogics.ao\/#\/schema\/logo\/image\/","url":"https:\/\/cyberlogics.ao\/wp-content\/uploads\/2022\/04\/CT-logo.png","contentUrl":"https:\/\/cyberlogics.ao\/wp-content\/uploads\/2022\/04\/CT-logo.png","width":190,"height":75,"caption":"Cyberlogics Ao Technologies - Loja Online de Licen\u00e7as de Softwares e Inform\u00e1tica"},"image":{"@id":"https:\/\/cyberlogics.ao\/#\/schema\/logo\/image\/"}}]}},"_links":{"self":[{"href":"https:\/\/cyberlogics.ao\/index.php\/wp-json\/wp\/v2\/product\/5966","targetHints":{"allow":["GET"]}}],"collection":[{"href":"https:\/\/cyberlogics.ao\/index.php\/wp-json\/wp\/v2\/product"}],"about":[{"href":"https:\/\/cyberlogics.ao\/index.php\/wp-json\/wp\/v2\/types\/product"}],"replies":[{"embeddable":true,"href":"https:\/\/cyberlogics.ao\/index.php\/wp-json\/wp\/v2\/comments?post=5966"}],"wp:featuredmedia":[{"embeddable":true,"href":"https:\/\/cyberlogics.ao\/index.php\/wp-json\/wp\/v2\/media\/5967"}],"wp:attachment":[{"href":"https:\/\/cyberlogics.ao\/index.php\/wp-json\/wp\/v2\/media?parent=5966"}],"wp:term":[{"taxonomy":"product_brand","embeddable":true,"href":"https:\/\/cyberlogics.ao\/index.php\/wp-json\/wp\/v2\/product_brand?post=5966"},{"taxonomy":"product_cat","embeddable":true,"href":"https:\/\/cyberlogics.ao\/index.php\/wp-json\/wp\/v2\/product_cat?post=5966"},{"taxonomy":"product_tag","embeddable":true,"href":"https:\/\/cyberlogics.ao\/index.php\/wp-json\/wp\/v2\/product_tag?post=5966"}],"curies":[{"name":"wp","href":"https:\/\/api.w.org\/{rel}","templated":true}]}}