{"id":5968,"date":"2022-04-23T16:09:12","date_gmt":"2022-04-23T16:09:12","guid":{"rendered":"https:\/\/cyberlogics.ao\/?post_type=product&#038;p=5968"},"modified":"2023-03-22T10:45:44","modified_gmt":"2023-03-22T10:45:44","slug":"avg-ultimate-2020-1-device-vpn-3-year","status":"publish","type":"product","link":"https:\/\/cyberlogics.ao\/index.php\/product\/avg-ultimate-2020-1-device-vpn-3-year\/","title":{"rendered":"AVG Ultimate 2022 \u2013 10 PC + VPN 2 Anos"},"content":{"rendered":"<div class=\"apm-rightthirdcol\">\n<div class=\"apm-rightthirdcol-inner\">\n<div class=\"celwidget aplus-module module-7\" data-cel-widget=\"aplus-module-7\">\n<div class=\"a-expander-collapsed-height a-row a-expander-container a-expander-partial-collapse-container\" data-a-expander-name=\"aplus-module-expander\" data-a-expander-collapsed-height=\"700\">\n<div class=\"a-expander-content a-expander-partial-collapse-content\">\n<div class=\"aplus-module-wrapper apm-fixed-width\">\n<div class=\"apm-spacing apm-wrap\">\n<div class=\"apm-floatleft apm-wrap\">\n<div class=\"apm-rightthirdcol\">\n<div class=\"apm-rightthirdcol-inner\">\n<h4>Caracter\u00edsticas principais:<\/h4>\n<div class=\"apm-listbox a-spacing-small\">\n<div class=\"a-box-inner\">\n<ul class=\"a-unordered-list a-vertical\">\n<li><span class=\"a-list-item\"><span class=\"a-size-base a-color-secondary\">O AVG Internet Security inclui Internet Security para Windows, AntiVirus para Android e AntiVirus para Mac.<\/span><\/span><\/li>\n<li><span class=\"a-list-item\"><span class=\"a-size-base a-color-secondary\">Antiv\u00edrus \u2013 Mantenha seu software essencial e mais popular sempre atualizado<\/span><\/span><\/li>\n<li><span class=\"a-list-item\"><span class=\"a-size-base a-color-secondary\">Prote\u00e7\u00e3o contra Ransomware \u2013 Limpe fotos e arquivos pessoais de ataques de ransomware<\/span><\/span><\/li>\n<li><span class=\"a-list-item\"><span class=\"a-size-base a-color-secondary\">Anti-Spam \u2013 Bloqueie spam, golpes e e-mails de phishing.<\/span><\/span><\/li>\n<\/ul>\n<\/div>\n<\/div>\n<\/div>\n<\/div>\n<div class=\"apm-centerthirdcol\">\n<h4 class=\"a-spacing-mini\">para PC, Mac e Android<\/h4>\n<h5 class=\"a-spacing-mini a-color-secondary\">Proteja todos os seus dispositivos pessoais com a nossa melhor seguran\u00e7a da categoria<\/h5>\n<p class=\"a-spacing-base\">O AVG Internet Security usa aprendizado de m\u00e1quina da pr\u00f3xima gera\u00e7\u00e3o e intelig\u00eancia artificial para proteg\u00ea-lo contra v\u00edrus, ransomware, spyware, cavalos de Troia e outros tipos de malware em tempo real.\u00a0Voc\u00ea obt\u00e9m:<\/p>\n<p class=\"a-spacing-base\">\u25a0 Seguran\u00e7a m\u00e1xima<\/p>\n<p class=\"a-spacing-base\">Pare malware, bloqueie downloads perigosos, evite sites falsos e proteja arquivos pessoais com prote\u00e7\u00e3o avan\u00e7ada contra ransomware.<\/p>\n<p class=\"a-spacing-base\">\u25a0 Privacidade m\u00e1xima<\/p>\n<p class=\"a-spacing-base\">Impe\u00e7a que Toms ocultos sequestrem sua webcam, oculte fotos e arquivos particulares de bisbilhoteiros e destruam dados confidenciais com seguran\u00e7a.<\/p>\n<p class=\"a-spacing-base\">\u25a0 Prote\u00e7\u00e3o ilimitada para a fam\u00edlia<\/p>\n<p class=\"a-spacing-base\">Instale em PCs, tablets e smartphones pessoais ilimitados para proteger todos da sua fam\u00edlia.<\/p>\n<\/div>\n<\/div>\n<\/div>\n<\/div>\n<div><\/div>\n<\/div>\n<\/div>\n<\/div>\n<div class=\"celwidget aplus-module module-2\" data-cel-widget=\"aplus-module-2\">\n<div class=\"a-expander-collapsed-height a-row a-expander-container a-expander-partial-collapse-container\" data-a-expander-name=\"aplus-module-expander\" data-a-expander-collapsed-height=\"700\">\n<div class=\"a-expander-content a-expander-partial-collapse-content\">\n<div class=\"aplus-module-wrapper apm-floatnone\">\n<div class=\"apm-sidemodule apm-spacing\">\n<div class=\"apm-sidemodule-imageleft\"><img decoding=\"async\" src=\"https:\/\/i0.wp.com\/m.media-amazon.com\/images\/S\/aplus-media\/vc\/8b0b35d1-41b6-44df-8eea-be222b2859aa._SR300,300_.png?w=1020&amp;ssl=1\" alt=\"AVG Internet Security\" data-recalc-dims=\"1\" \/><\/div>\n<div class=\"apm-sidemodule-textright\">\n<h3 class=\"a-spacing-mini\">Com o AVG Internet Security \u2013 Unlimited, voc\u00ea pode:<\/h3>\n<p>\u25a0 Proteja seu PC \u2013 com prote\u00e7\u00e3o em tempo real e aprendizado de m\u00e1quina avan\u00e7ado, mantemos seu computador livre de v\u00edrus, spyware, ransomware, rootkits, cavalos de Troia e outros malwares desagrad\u00e1veis.\u00a0Nosso firewall aprimorado tamb\u00e9m mant\u00e9m os hackers longe do seu PC.<\/p>\n<p>\u25a0 Navega\u00e7\u00e3o e e-mail mais seguros \u2013 Bloqueamos links, downloads, spam e anexos n\u00e3o seguros, para que voc\u00ea possa aproveitar sua vida on-line sem preocupa\u00e7\u00f5es.\u00a0N\u00f3s at\u00e9 ajudamos a evitar sites falsos de imitadores para que voc\u00ea n\u00e3o forne\u00e7a inadvertidamente senhas, n\u00fameros de cart\u00e3o de cr\u00e9dito ou outras informa\u00e7\u00f5es pessoais.<\/p>\n<p>\u25a0 Obtenha prote\u00e7\u00e3o avan\u00e7ada contra ransomware \u2013 limpe suas fotos, documentos e arquivos pessoais da criptografia maliciosa e tenha controle total sobre quais aplicativos podem alterar ou excluir seus arquivos.<\/p>\n<p>\u25a0 Pare de espionar a webcam \u2013 continue espiando Toms fora de sua casa \u2013 e dos quartos das crian\u00e7as \u2013 permitindo que apenas aplicativos confi\u00e1veis \u200b\u200busem sua webcam e seja avisado quando algo suspeito tentar acessar sua c\u00e2mera.<\/p>\n<p>\u25a0 Mantenha-se atualizado \u2013 as atualiza\u00e7\u00f5es de seguran\u00e7a e os novos recursos s\u00e3o enviados automaticamente a voc\u00ea, para que voc\u00ea nunca precise atualizar manualmente o software AVG para ficar protegido das amea\u00e7as mais recentes.<\/p>\n<p>\u25a0 Proteger toda a fam\u00edlia \u2013 proteja facilmente toda a sua fam\u00edlia, independentemente de quantos dispositivos algu\u00e9m tenha ou de que tipo seja.\u00a0Melhor ainda, voc\u00ea pode fazer tudo isso em um \u00fanico painel, em qualquer lugar do mundo.<\/p>\n<\/div>\n<\/div>\n<\/div>\n<div><\/div>\n<\/div>\n<\/div>\n<\/div>\n<div class=\"celwidget aplus-module module-4\" data-cel-widget=\"aplus-module-4\">\n<div class=\"a-expander-collapsed-height a-row a-expander-container a-expander-partial-collapse-container\" data-a-expander-name=\"aplus-module-expander\" data-a-expander-collapsed-height=\"700\">\n<div class=\"a-expander-content a-expander-partial-collapse-content\">\n<div class=\"aplus-module-wrapper\">\n<div class=\"apm-spacing\">\n<div class=\"apm-floatleft apm-fixed-width\">\n<h3 class=\"a-spacing-small\">Inclui o seguinte software para dispositivos pessoais ou dom\u00e9sticos ILIMITADOS:<\/h3>\n<div class=\"a-spacing-extra-large\">\n<div class=\"apm-spacing\">\n<table class=\"apm-fixed-width a-spacing-mini apm-fourthcol-table\" width=\"1093\">\n<tbody>\n<tr>\n<th class=\"apm-center\">\n<div class=\"apm-fourthcol\">\n<p><img decoding=\"async\" src=\"https:\/\/i0.wp.com\/m.media-amazon.com\/images\/S\/aplus-media\/vc\/0c21811c-a278-4a87-baa5-0c85e7e69acd._SL220__.png?w=1020&amp;ssl=1\" alt=\"AVG Internet Security\" data-recalc-dims=\"1\" \/><\/p>\n<\/div>\n<\/th>\n<th class=\"apm-center\">\n<div class=\"apm-fourthcol\">\n<p><img decoding=\"async\" src=\"https:\/\/i0.wp.com\/m.media-amazon.com\/images\/S\/aplus-media\/vc\/98ee56f8-2cba-4c24-9b5b-49254a5ebd0c._SL220__.png?w=1020&amp;ssl=1\" alt=\"AVG Internet Security\" data-recalc-dims=\"1\" \/><\/p>\n<\/div>\n<\/th>\n<th class=\"apm-center\">\n<div class=\"apm-fourthcol\">\n<p><img decoding=\"async\" src=\"https:\/\/i0.wp.com\/m.media-amazon.com\/images\/S\/aplus-media\/vc\/9b073e27-ee9b-4baa-b18b-c19c3dc14d92._SL220__.png?w=1020&amp;ssl=1\" alt=\"AVG Internet Security\" data-recalc-dims=\"1\" \/><\/p>\n<\/div>\n<\/th>\n<th class=\"apm-center\">\n<div class=\"apm-fourthcol\">\n<p><img decoding=\"async\" src=\"https:\/\/i0.wp.com\/m.media-amazon.com\/images\/S\/aplus-media\/vc\/fff08e09-931c-471c-b1c3-aaa97652cb22._SL220__.png?w=1020&amp;ssl=1\" alt=\"AVG Internet Security\" data-recalc-dims=\"1\" \/><\/p>\n<\/div>\n<\/th>\n<\/tr>\n<tr>\n<td class=\"apm-top\">\n<div class=\"apm-fourthcol\">\n<h4 class=\"a-spacing-mini\">AVG Internet Security para Windows:<\/h4>\n<p class=\"a-size-small\">O malware n\u00e3o afeta mais o seu PC \u2013 ele \u00e9 pessoal.\u00a0Atrav\u00e9s do ransomware e da espionagem da webcam, os hackers podem acessar seus arquivos e fotos mais pessoais ou at\u00e9 espreitar sua casa.\u00a0O AVG Internet Security agora vem com os novos recursos Prote\u00e7\u00e3o de webcam e Prote\u00e7\u00e3o de Ransomware para proteger seus arquivos pessoais \u2013 e sua vida privada.<\/p>\n<\/div>\n<\/td>\n<td class=\"apm-top\">\n<div class=\"apm-fourthcol\">\n<h4 class=\"a-spacing-mini\">AVG AntiVirus para Android:<\/h4>\n<p class=\"a-size-small\">O nosso foi o primeiro aplicativo antiv\u00edrus no Google Play a quebrar 100 milh\u00f5es de downloads e \u00e9 usado hoje para proteger telefones e tablets em todo o mundo.\u00a0Uma vez instalado, ele \u00e9 executado silenciosamente para proteg\u00ea-lo contra os mais recentes v\u00edrus, malware, spyware, aplicativos e configura\u00e7\u00f5es n\u00e3o seguros, chamadas indesejadas e outras amea\u00e7as desagrad\u00e1veis.<\/p>\n<\/div>\n<\/td>\n<td class=\"apm-top\">\n<div class=\"apm-fourthcol\">\n<h4 class=\"a-spacing-mini\">AVG AntiVirus para Mac:<\/h4>\n<p class=\"a-size-small\">Por baixo de seu design enganosamente simples, existe um poderoso limpador de v\u00edrus que funciona em tempo real para detectar e remover n\u00e3o apenas v\u00edrus e spywares espec\u00edficos para Mac, mas tamb\u00e9m amea\u00e7as para PC e dispositivos m\u00f3veis.\u00a0Portanto, o AVG AntiVirus n\u00e3o apenas ajuda a proteger tudo o que \u00e9 importante no seu Mac, mas tamb\u00e9m impede que voc\u00ea infecte amigos em outros dispositivos.<\/p>\n<\/div>\n<\/td>\n<td class=\"apm-top\">\n<div class=\"apm-fourthcol\">\n<h4 class=\"a-spacing-mini\">Painel do AVG:<\/h4>\n<p class=\"a-size-small\">Permite estender sua seguran\u00e7a a membros da fam\u00edlia ilimitados e proteger remotamente todos os seus dispositivos de qualquer PC com Windows ou telefone \/ tablet Android.<\/p>\n<\/div>\n<\/td>\n<\/tr>\n<\/tbody>\n<\/table>\n<\/div>\n<\/div>\n<\/div>\n<\/div>\n<\/div>\n<\/div>\n<\/div>\n<\/div>\n<\/div>\n<\/div>\n","protected":false},"excerpt":{"rendered":"<p>Proteja seu PC \u2013 com prote\u00e7\u00e3o em tempo real e aprendizado de m\u00e1quina avan\u00e7ado, mantemos seu computador livre de v\u00edrus, spyware, ransomware, rootkits, cavalos de Troia e outros malwares desagrad\u00e1veis.\u00a0Nosso firewall aprimorado tamb\u00e9m mant\u00e9m os hackers longe do seu PC.<\/p>\n","protected":false},"featured_media":5970,"comment_status":"open","ping_status":"closed","template":"","meta":{"_joinchat":[]},"product_brand":[],"product_cat":[246,255],"product_tag":[],"class_list":{"0":"post-5968","1":"product","2":"type-product","3":"status-publish","4":"has-post-thumbnail","6":"product_cat-antivirus","7":"product_cat-avg","9":"first","10":"instock","11":"downloadable","12":"virtual","13":"purchasable","14":"product-type-simple"},"yoast_head":"<!-- This site is optimized with the Yoast SEO plugin v27.4 - https:\/\/yoast.com\/product\/yoast-seo-wordpress\/ -->\n<title>AVG Ultimate 2022 \u2013 10 PC + VPN 2 Anos - Cyberlogics Technologies Angola<\/title>\n<meta name=\"description\" content=\"A Maior Loja Online de Angola de Licen\u00e7as Microsoft Office | Chaves Sistemas Operativos Windows | Antiv\u00edrus | Cloud Adobe | Inform\u00e1tica &amp; Servidores | Softwares de Gest\u00e3o ERP | Gaming Hardware | UPS e Baterias &amp; Muito Mais...\" \/>\n<meta name=\"robots\" content=\"index, follow, max-snippet:-1, max-image-preview:large, max-video-preview:-1\" \/>\n<link rel=\"canonical\" href=\"https:\/\/cyberlogics.ao\/index.php\/product\/avg-ultimate-2020-1-device-vpn-3-year\/\" \/>\n<meta property=\"og:locale\" content=\"pt_PT\" \/>\n<meta property=\"og:type\" content=\"article\" \/>\n<meta property=\"og:title\" content=\"AVG Ultimate 2022 \u2013 10 PC + VPN 2 Anos - Cyberlogics Technologies Angola\" \/>\n<meta property=\"og:description\" content=\"A Maior Loja Online de Angola de Licen\u00e7as Microsoft Office | Chaves Sistemas Operativos Windows | Antiv\u00edrus | Cloud Adobe | Inform\u00e1tica &amp; Servidores | Softwares de Gest\u00e3o ERP | Gaming Hardware | UPS e Baterias &amp; Muito Mais...\" \/>\n<meta property=\"og:url\" content=\"https:\/\/cyberlogics.ao\/index.php\/product\/avg-ultimate-2020-1-device-vpn-3-year\/\" \/>\n<meta property=\"og:site_name\" content=\"Cyberlogics Technologies Angola\" \/>\n<meta property=\"article:modified_time\" content=\"2023-03-22T10:45:44+00:00\" \/>\n<meta property=\"og:image\" content=\"http:\/\/cyberlogics.ao\/wp-content\/uploads\/2022\/04\/AVG-Ultimate-2020-1-Device-VPN-3-Year.webp\" \/>\n\t<meta property=\"og:image:width\" content=\"600\" \/>\n\t<meta property=\"og:image:height\" content=\"600\" \/>\n\t<meta property=\"og:image:type\" content=\"image\/webp\" \/>\n<meta name=\"twitter:card\" content=\"summary_large_image\" \/>\n<meta name=\"twitter:label1\" content=\"Tempo estimado de leitura\" \/>\n\t<meta name=\"twitter:data1\" content=\"3 minutos\" \/>\n<script type=\"application\/ld+json\" class=\"yoast-schema-graph\">{\"@context\":\"https:\\\/\\\/schema.org\",\"@graph\":[{\"@type\":\"WebPage\",\"@id\":\"https:\\\/\\\/cyberlogics.ao\\\/index.php\\\/product\\\/avg-ultimate-2020-1-device-vpn-3-year\\\/\",\"url\":\"https:\\\/\\\/cyberlogics.ao\\\/index.php\\\/product\\\/avg-ultimate-2020-1-device-vpn-3-year\\\/\",\"name\":\"AVG Ultimate 2022 \u2013 10 PC + VPN 2 Anos - Cyberlogics Technologies Angola\",\"isPartOf\":{\"@id\":\"https:\\\/\\\/cyberlogics.ao\\\/#website\"},\"primaryImageOfPage\":{\"@id\":\"https:\\\/\\\/cyberlogics.ao\\\/index.php\\\/product\\\/avg-ultimate-2020-1-device-vpn-3-year\\\/#primaryimage\"},\"image\":{\"@id\":\"https:\\\/\\\/cyberlogics.ao\\\/index.php\\\/product\\\/avg-ultimate-2020-1-device-vpn-3-year\\\/#primaryimage\"},\"thumbnailUrl\":\"https:\\\/\\\/cyberlogics.ao\\\/wp-content\\\/uploads\\\/2022\\\/04\\\/AVG-Ultimate-2020-1-Device-VPN-3-Year.webp\",\"datePublished\":\"2022-04-23T16:09:12+00:00\",\"dateModified\":\"2023-03-22T10:45:44+00:00\",\"description\":\"A Maior Loja Online de Angola de Licen\u00e7as Microsoft Office | Chaves Sistemas Operativos Windows | Antiv\u00edrus | Cloud Adobe | Inform\u00e1tica & Servidores | Softwares de Gest\u00e3o ERP | Gaming Hardware | UPS e Baterias & Muito Mais...\",\"breadcrumb\":{\"@id\":\"https:\\\/\\\/cyberlogics.ao\\\/index.php\\\/product\\\/avg-ultimate-2020-1-device-vpn-3-year\\\/#breadcrumb\"},\"inLanguage\":\"pt-PT\",\"potentialAction\":[{\"@type\":\"ReadAction\",\"target\":[\"https:\\\/\\\/cyberlogics.ao\\\/index.php\\\/product\\\/avg-ultimate-2020-1-device-vpn-3-year\\\/\"]}]},{\"@type\":\"ImageObject\",\"inLanguage\":\"pt-PT\",\"@id\":\"https:\\\/\\\/cyberlogics.ao\\\/index.php\\\/product\\\/avg-ultimate-2020-1-device-vpn-3-year\\\/#primaryimage\",\"url\":\"https:\\\/\\\/cyberlogics.ao\\\/wp-content\\\/uploads\\\/2022\\\/04\\\/AVG-Ultimate-2020-1-Device-VPN-3-Year.webp\",\"contentUrl\":\"https:\\\/\\\/cyberlogics.ao\\\/wp-content\\\/uploads\\\/2022\\\/04\\\/AVG-Ultimate-2020-1-Device-VPN-3-Year.webp\",\"width\":600,\"height\":600},{\"@type\":\"BreadcrumbList\",\"@id\":\"https:\\\/\\\/cyberlogics.ao\\\/index.php\\\/product\\\/avg-ultimate-2020-1-device-vpn-3-year\\\/#breadcrumb\",\"itemListElement\":[{\"@type\":\"ListItem\",\"position\":1,\"name\":\"In\u00edcio\",\"item\":\"https:\\\/\\\/cyberlogics.ao\\\/\"},{\"@type\":\"ListItem\",\"position\":2,\"name\":\"Produtos\",\"item\":\"https:\\\/\\\/cyberlogics.ao\\\/index.php\\\/shop-2\\\/\"},{\"@type\":\"ListItem\",\"position\":3,\"name\":\"AVG Ultimate 2022 \u2013 10 PC + VPN 2 Anos\"}]},{\"@type\":\"WebSite\",\"@id\":\"https:\\\/\\\/cyberlogics.ao\\\/#website\",\"url\":\"https:\\\/\\\/cyberlogics.ao\\\/\",\"name\":\"Cyberlogics Technologies Angola\",\"description\":\"Loja Online de Licen\u00e7as de Softwares e Inform\u00e1tica\",\"publisher\":{\"@id\":\"https:\\\/\\\/cyberlogics.ao\\\/#organization\"},\"potentialAction\":[{\"@type\":\"SearchAction\",\"target\":{\"@type\":\"EntryPoint\",\"urlTemplate\":\"https:\\\/\\\/cyberlogics.ao\\\/?s={search_term_string}\"},\"query-input\":{\"@type\":\"PropertyValueSpecification\",\"valueRequired\":true,\"valueName\":\"search_term_string\"}}],\"inLanguage\":\"pt-PT\"},{\"@type\":\"Organization\",\"@id\":\"https:\\\/\\\/cyberlogics.ao\\\/#organization\",\"name\":\"Cyberlogics Ao Technologies - Loja Online de Licen\u00e7as de Softwares e Inform\u00e1tica\",\"url\":\"https:\\\/\\\/cyberlogics.ao\\\/\",\"logo\":{\"@type\":\"ImageObject\",\"inLanguage\":\"pt-PT\",\"@id\":\"https:\\\/\\\/cyberlogics.ao\\\/#\\\/schema\\\/logo\\\/image\\\/\",\"url\":\"https:\\\/\\\/cyberlogics.ao\\\/wp-content\\\/uploads\\\/2022\\\/04\\\/CT-logo.png\",\"contentUrl\":\"https:\\\/\\\/cyberlogics.ao\\\/wp-content\\\/uploads\\\/2022\\\/04\\\/CT-logo.png\",\"width\":190,\"height\":75,\"caption\":\"Cyberlogics Ao Technologies - Loja Online de Licen\u00e7as de Softwares e Inform\u00e1tica\"},\"image\":{\"@id\":\"https:\\\/\\\/cyberlogics.ao\\\/#\\\/schema\\\/logo\\\/image\\\/\"}}]}<\/script>\n<!-- \/ Yoast SEO plugin. -->","yoast_head_json":{"title":"AVG Ultimate 2022 \u2013 10 PC + VPN 2 Anos - Cyberlogics Technologies Angola","description":"A Maior Loja Online de Angola de Licen\u00e7as Microsoft Office | Chaves Sistemas Operativos Windows | Antiv\u00edrus | Cloud Adobe | Inform\u00e1tica & Servidores | Softwares de Gest\u00e3o ERP | Gaming Hardware | UPS e Baterias & Muito Mais...","robots":{"index":"index","follow":"follow","max-snippet":"max-snippet:-1","max-image-preview":"max-image-preview:large","max-video-preview":"max-video-preview:-1"},"canonical":"https:\/\/cyberlogics.ao\/index.php\/product\/avg-ultimate-2020-1-device-vpn-3-year\/","og_locale":"pt_PT","og_type":"article","og_title":"AVG Ultimate 2022 \u2013 10 PC + VPN 2 Anos - Cyberlogics Technologies Angola","og_description":"A Maior Loja Online de Angola de Licen\u00e7as Microsoft Office | Chaves Sistemas Operativos Windows | Antiv\u00edrus | Cloud Adobe | Inform\u00e1tica & Servidores | Softwares de Gest\u00e3o ERP | Gaming Hardware | UPS e Baterias & Muito Mais...","og_url":"https:\/\/cyberlogics.ao\/index.php\/product\/avg-ultimate-2020-1-device-vpn-3-year\/","og_site_name":"Cyberlogics Technologies Angola","article_modified_time":"2023-03-22T10:45:44+00:00","og_image":[{"width":600,"height":600,"url":"http:\/\/cyberlogics.ao\/wp-content\/uploads\/2022\/04\/AVG-Ultimate-2020-1-Device-VPN-3-Year.webp","type":"image\/webp"}],"twitter_card":"summary_large_image","twitter_misc":{"Tempo estimado de leitura":"3 minutos"},"schema":{"@context":"https:\/\/schema.org","@graph":[{"@type":"WebPage","@id":"https:\/\/cyberlogics.ao\/index.php\/product\/avg-ultimate-2020-1-device-vpn-3-year\/","url":"https:\/\/cyberlogics.ao\/index.php\/product\/avg-ultimate-2020-1-device-vpn-3-year\/","name":"AVG Ultimate 2022 \u2013 10 PC + VPN 2 Anos - Cyberlogics Technologies Angola","isPartOf":{"@id":"https:\/\/cyberlogics.ao\/#website"},"primaryImageOfPage":{"@id":"https:\/\/cyberlogics.ao\/index.php\/product\/avg-ultimate-2020-1-device-vpn-3-year\/#primaryimage"},"image":{"@id":"https:\/\/cyberlogics.ao\/index.php\/product\/avg-ultimate-2020-1-device-vpn-3-year\/#primaryimage"},"thumbnailUrl":"https:\/\/cyberlogics.ao\/wp-content\/uploads\/2022\/04\/AVG-Ultimate-2020-1-Device-VPN-3-Year.webp","datePublished":"2022-04-23T16:09:12+00:00","dateModified":"2023-03-22T10:45:44+00:00","description":"A Maior Loja Online de Angola de Licen\u00e7as Microsoft Office | Chaves Sistemas Operativos Windows | Antiv\u00edrus | Cloud Adobe | Inform\u00e1tica & Servidores | Softwares de Gest\u00e3o ERP | Gaming Hardware | UPS e Baterias & Muito Mais...","breadcrumb":{"@id":"https:\/\/cyberlogics.ao\/index.php\/product\/avg-ultimate-2020-1-device-vpn-3-year\/#breadcrumb"},"inLanguage":"pt-PT","potentialAction":[{"@type":"ReadAction","target":["https:\/\/cyberlogics.ao\/index.php\/product\/avg-ultimate-2020-1-device-vpn-3-year\/"]}]},{"@type":"ImageObject","inLanguage":"pt-PT","@id":"https:\/\/cyberlogics.ao\/index.php\/product\/avg-ultimate-2020-1-device-vpn-3-year\/#primaryimage","url":"https:\/\/cyberlogics.ao\/wp-content\/uploads\/2022\/04\/AVG-Ultimate-2020-1-Device-VPN-3-Year.webp","contentUrl":"https:\/\/cyberlogics.ao\/wp-content\/uploads\/2022\/04\/AVG-Ultimate-2020-1-Device-VPN-3-Year.webp","width":600,"height":600},{"@type":"BreadcrumbList","@id":"https:\/\/cyberlogics.ao\/index.php\/product\/avg-ultimate-2020-1-device-vpn-3-year\/#breadcrumb","itemListElement":[{"@type":"ListItem","position":1,"name":"In\u00edcio","item":"https:\/\/cyberlogics.ao\/"},{"@type":"ListItem","position":2,"name":"Produtos","item":"https:\/\/cyberlogics.ao\/index.php\/shop-2\/"},{"@type":"ListItem","position":3,"name":"AVG Ultimate 2022 \u2013 10 PC + VPN 2 Anos"}]},{"@type":"WebSite","@id":"https:\/\/cyberlogics.ao\/#website","url":"https:\/\/cyberlogics.ao\/","name":"Cyberlogics Technologies Angola","description":"Loja Online de Licen\u00e7as de Softwares e Inform\u00e1tica","publisher":{"@id":"https:\/\/cyberlogics.ao\/#organization"},"potentialAction":[{"@type":"SearchAction","target":{"@type":"EntryPoint","urlTemplate":"https:\/\/cyberlogics.ao\/?s={search_term_string}"},"query-input":{"@type":"PropertyValueSpecification","valueRequired":true,"valueName":"search_term_string"}}],"inLanguage":"pt-PT"},{"@type":"Organization","@id":"https:\/\/cyberlogics.ao\/#organization","name":"Cyberlogics Ao Technologies - Loja Online de Licen\u00e7as de Softwares e Inform\u00e1tica","url":"https:\/\/cyberlogics.ao\/","logo":{"@type":"ImageObject","inLanguage":"pt-PT","@id":"https:\/\/cyberlogics.ao\/#\/schema\/logo\/image\/","url":"https:\/\/cyberlogics.ao\/wp-content\/uploads\/2022\/04\/CT-logo.png","contentUrl":"https:\/\/cyberlogics.ao\/wp-content\/uploads\/2022\/04\/CT-logo.png","width":190,"height":75,"caption":"Cyberlogics Ao Technologies - Loja Online de Licen\u00e7as de Softwares e Inform\u00e1tica"},"image":{"@id":"https:\/\/cyberlogics.ao\/#\/schema\/logo\/image\/"}}]}},"_links":{"self":[{"href":"https:\/\/cyberlogics.ao\/index.php\/wp-json\/wp\/v2\/product\/5968","targetHints":{"allow":["GET"]}}],"collection":[{"href":"https:\/\/cyberlogics.ao\/index.php\/wp-json\/wp\/v2\/product"}],"about":[{"href":"https:\/\/cyberlogics.ao\/index.php\/wp-json\/wp\/v2\/types\/product"}],"replies":[{"embeddable":true,"href":"https:\/\/cyberlogics.ao\/index.php\/wp-json\/wp\/v2\/comments?post=5968"}],"wp:featuredmedia":[{"embeddable":true,"href":"https:\/\/cyberlogics.ao\/index.php\/wp-json\/wp\/v2\/media\/5970"}],"wp:attachment":[{"href":"https:\/\/cyberlogics.ao\/index.php\/wp-json\/wp\/v2\/media?parent=5968"}],"wp:term":[{"taxonomy":"product_brand","embeddable":true,"href":"https:\/\/cyberlogics.ao\/index.php\/wp-json\/wp\/v2\/product_brand?post=5968"},{"taxonomy":"product_cat","embeddable":true,"href":"https:\/\/cyberlogics.ao\/index.php\/wp-json\/wp\/v2\/product_cat?post=5968"},{"taxonomy":"product_tag","embeddable":true,"href":"https:\/\/cyberlogics.ao\/index.php\/wp-json\/wp\/v2\/product_tag?post=5968"}],"curies":[{"name":"wp","href":"https:\/\/api.w.org\/{rel}","templated":true}]}}