{"id":5971,"date":"2022-04-23T16:11:49","date_gmt":"2022-04-23T16:11:49","guid":{"rendered":"https:\/\/cyberlogics.ao\/?post_type=product&#038;p=5971"},"modified":"2025-12-12T08:52:10","modified_gmt":"2025-12-12T08:52:10","slug":"microsoft-office-365-for-5-devices-pc-tablette-mac","status":"publish","type":"product","link":"https:\/\/cyberlogics.ao\/index.php\/product\/microsoft-office-365-for-5-devices-pc-tablette-mac\/","title":{"rendered":"Microsoft Office 365 for 5 DEVICES (PC, Tablette, Mac)"},"content":{"rendered":"<p>Esta vers\u00e3o do Microsoft Office \u00e9 uma assinatura anual; se voc\u00ea quiser uma vers\u00e3o vital\u00edcia, verifique uma das seguintes vers\u00f5es:<\/p>\n<p>Office 2021 (Vital\u00edcio) para Windows<br \/>\nOffice 2021 Home &amp; Business para Mac (Vital\u00edcio)<br \/>\nOffice 2019 (Vital\u00edcio) para Windows<br \/>\nOffice 2019 Home &amp; Business para Mac (Vital\u00edcio)<br \/>\nOffice 2016 Windows ou Mac<br \/>\nVoc\u00ea precisa usar solu\u00e7\u00f5es cl\u00e1ssicas de produtividade (Word, Excel, PowerPoint, Outlook)?<br \/>\nVoc\u00ea pode ser o l\u00edder mundial com Word, Excel, PowerPoint e outros softwares de desktop.<br \/>\nVoc\u00ea pode acessar e editar documentos em qualquer um de seus dispositivos.<\/p>\n<p>Aproveite ao m\u00e1ximo a intelig\u00eancia artificial incorporada ao pacote Office:<\/p>\n<p>Escritor, Designer e Pesquisa Inteligente<\/p>\n<p>Caracter\u00edsticas padr\u00e3o do Office 365:<\/p>\n<p>Outlook, Word, Excel, PowerPoint e OneNote est\u00e3o todos dispon\u00edveis nas vers\u00f5es para desktop (al\u00e9m do Access e Publisher apenas para PC).<br \/>\n\u2022 Configure o e-mail com uma caixa de correio de 50 gigabytes e um dom\u00ednio personalizado.<br \/>\n\u2022 Use o Microsoft Teams para criar um hub colaborativo.<br \/>\n\u2022 Cada usu\u00e1rio recebe 1 TB de armazenamento em nuvem do OneDrive para armazenar e compartilhar arquivos.<br \/>\n\u2022 Cada usu\u00e1rio pode instalar aplicativos do Office em cinco dispositivos m\u00f3veis, cinco tablets e cinco PCs ou Macs com apenas uma licen\u00e7a.<br \/>\n\u2022 Com a assist\u00eancia 24 horas por telefone e na Web da Microsoft, voc\u00ea pode obter ajuda sempre que precisar.<\/p>\n<p>Windows 10, Windows 8.1, Windows 7 Service Pack 1 e as duas vers\u00f5es mais recentes do macOS t\u00eam suporte. Todos os idiomas est\u00e3o inclu\u00eddos no pacote.<\/p>\n","protected":false},"excerpt":{"rendered":"<p><img decoding=\"async\" class=\"alignnone wp-image-1605\" src=\"https:\/\/mysoftwarekeys.com\/wp\/wp-content\/uploads\/2018\/07\/download.png\" alt=\"\" width=\"21\" height=\"21\" \/>100% Genuine version.<br \/>\n<img decoding=\"async\" class=\"alignnone wp-image-1605\" src=\"https:\/\/mysoftwarekeys.com\/wp\/wp-content\/uploads\/2018\/07\/download.png\" alt=\"\" width=\"21\" height=\"21\" \/>\u00a0Both 32\/64 bit version support<br \/>\n<img decoding=\"async\" class=\"alignnone wp-image-1605\" src=\"https:\/\/mysoftwarekeys.com\/wp\/wp-content\/uploads\/2018\/07\/download.png\" alt=\"\" width=\"21\" height=\"21\" \/>\u00a0Runs On Windows\/ Mac\/ Tablettes<br \/>\n<img decoding=\"async\" class=\"alignnone wp-image-1605\" src=\"https:\/\/mysoftwarekeys.com\/wp\/wp-content\/uploads\/2018\/07\/download.png\" alt=\"\" width=\"21\" height=\"21\" \/>One year subscription<\/p>\n","protected":false},"featured_media":5972,"comment_status":"open","ping_status":"closed","template":"","meta":{"_joinchat":[]},"product_brand":[],"product_cat":[244,257],"product_tag":[],"class_list":{"0":"post-5971","1":"product","2":"type-product","3":"status-publish","4":"has-post-thumbnail","6":"product_cat-microsoft-office-win-mac","7":"product_cat-office-365","9":"first","10":"instock","11":"downloadable","12":"virtual","13":"purchasable","14":"product-type-simple"},"yoast_head":"<!-- This site is optimized with the Yoast SEO plugin v27.4 - https:\/\/yoast.com\/product\/yoast-seo-wordpress\/ -->\n<title>Microsoft Office 365 for 5 DEVICES (PC, Tablette, Mac) - Cyberlogics Technologies Angola<\/title>\n<meta name=\"description\" content=\"A Maior Loja Online de Angola de Licen\u00e7as Microsoft Office | Chaves Sistemas Operativos Windows | Antiv\u00edrus | Cloud Adobe | Inform\u00e1tica &amp; Servidores | Softwares de Gest\u00e3o ERP | Gaming Hardware | UPS e Baterias &amp; Muito Mais...\" \/>\n<meta name=\"robots\" content=\"index, follow, max-snippet:-1, max-image-preview:large, max-video-preview:-1\" \/>\n<link rel=\"canonical\" href=\"https:\/\/cyberlogics.ao\/index.php\/product\/microsoft-office-365-for-5-devices-pc-tablette-mac\/\" \/>\n<meta property=\"og:locale\" content=\"pt_PT\" \/>\n<meta property=\"og:type\" content=\"article\" \/>\n<meta property=\"og:title\" content=\"Microsoft Office 365 for 5 DEVICES (PC, Tablette, Mac) - Cyberlogics Technologies Angola\" \/>\n<meta property=\"og:description\" content=\"A Maior Loja Online de Angola de Licen\u00e7as Microsoft Office | Chaves Sistemas Operativos Windows | Antiv\u00edrus | Cloud Adobe | Inform\u00e1tica &amp; Servidores | Softwares de Gest\u00e3o ERP | Gaming Hardware | UPS e Baterias &amp; Muito Mais...\" \/>\n<meta property=\"og:url\" content=\"https:\/\/cyberlogics.ao\/index.php\/product\/microsoft-office-365-for-5-devices-pc-tablette-mac\/\" \/>\n<meta property=\"og:site_name\" content=\"Cyberlogics Technologies Angola\" \/>\n<meta property=\"article:modified_time\" content=\"2025-12-12T08:52:10+00:00\" \/>\n<meta property=\"og:image\" content=\"http:\/\/cyberlogics.ao\/wp-content\/uploads\/2022\/04\/office-365-enterprise-e3.webp\" \/>\n\t<meta property=\"og:image:width\" content=\"600\" \/>\n\t<meta property=\"og:image:height\" content=\"600\" \/>\n\t<meta property=\"og:image:type\" content=\"image\/webp\" \/>\n<meta name=\"twitter:card\" content=\"summary_large_image\" \/>\n<meta name=\"twitter:label1\" content=\"Tempo estimado de leitura\" \/>\n\t<meta name=\"twitter:data1\" content=\"1 minuto\" \/>\n<script type=\"application\/ld+json\" class=\"yoast-schema-graph\">{\"@context\":\"https:\\\/\\\/schema.org\",\"@graph\":[{\"@type\":\"WebPage\",\"@id\":\"https:\\\/\\\/cyberlogics.ao\\\/index.php\\\/product\\\/microsoft-office-365-for-5-devices-pc-tablette-mac\\\/\",\"url\":\"https:\\\/\\\/cyberlogics.ao\\\/index.php\\\/product\\\/microsoft-office-365-for-5-devices-pc-tablette-mac\\\/\",\"name\":\"Microsoft Office 365 for 5 DEVICES (PC, Tablette, Mac) - Cyberlogics Technologies Angola\",\"isPartOf\":{\"@id\":\"https:\\\/\\\/cyberlogics.ao\\\/#website\"},\"primaryImageOfPage\":{\"@id\":\"https:\\\/\\\/cyberlogics.ao\\\/index.php\\\/product\\\/microsoft-office-365-for-5-devices-pc-tablette-mac\\\/#primaryimage\"},\"image\":{\"@id\":\"https:\\\/\\\/cyberlogics.ao\\\/index.php\\\/product\\\/microsoft-office-365-for-5-devices-pc-tablette-mac\\\/#primaryimage\"},\"thumbnailUrl\":\"https:\\\/\\\/cyberlogics.ao\\\/wp-content\\\/uploads\\\/2022\\\/04\\\/office-365-enterprise-e3.webp\",\"datePublished\":\"2022-04-23T16:11:49+00:00\",\"dateModified\":\"2025-12-12T08:52:10+00:00\",\"description\":\"A Maior Loja Online de Angola de Licen\u00e7as Microsoft Office | Chaves Sistemas Operativos Windows | Antiv\u00edrus | Cloud Adobe | Inform\u00e1tica & Servidores | Softwares de Gest\u00e3o ERP | Gaming Hardware | UPS e Baterias & Muito Mais...\",\"breadcrumb\":{\"@id\":\"https:\\\/\\\/cyberlogics.ao\\\/index.php\\\/product\\\/microsoft-office-365-for-5-devices-pc-tablette-mac\\\/#breadcrumb\"},\"inLanguage\":\"pt-PT\",\"potentialAction\":[{\"@type\":\"ReadAction\",\"target\":[\"https:\\\/\\\/cyberlogics.ao\\\/index.php\\\/product\\\/microsoft-office-365-for-5-devices-pc-tablette-mac\\\/\"]}]},{\"@type\":\"ImageObject\",\"inLanguage\":\"pt-PT\",\"@id\":\"https:\\\/\\\/cyberlogics.ao\\\/index.php\\\/product\\\/microsoft-office-365-for-5-devices-pc-tablette-mac\\\/#primaryimage\",\"url\":\"https:\\\/\\\/cyberlogics.ao\\\/wp-content\\\/uploads\\\/2022\\\/04\\\/office-365-enterprise-e3.webp\",\"contentUrl\":\"https:\\\/\\\/cyberlogics.ao\\\/wp-content\\\/uploads\\\/2022\\\/04\\\/office-365-enterprise-e3.webp\",\"width\":600,\"height\":600},{\"@type\":\"BreadcrumbList\",\"@id\":\"https:\\\/\\\/cyberlogics.ao\\\/index.php\\\/product\\\/microsoft-office-365-for-5-devices-pc-tablette-mac\\\/#breadcrumb\",\"itemListElement\":[{\"@type\":\"ListItem\",\"position\":1,\"name\":\"In\u00edcio\",\"item\":\"https:\\\/\\\/cyberlogics.ao\\\/\"},{\"@type\":\"ListItem\",\"position\":2,\"name\":\"Produtos\",\"item\":\"https:\\\/\\\/cyberlogics.ao\\\/index.php\\\/shop-2\\\/\"},{\"@type\":\"ListItem\",\"position\":3,\"name\":\"Microsoft Office 365 for 5 DEVICES (PC, Tablette, Mac)\"}]},{\"@type\":\"WebSite\",\"@id\":\"https:\\\/\\\/cyberlogics.ao\\\/#website\",\"url\":\"https:\\\/\\\/cyberlogics.ao\\\/\",\"name\":\"Cyberlogics Technologies Angola\",\"description\":\"Loja Online de Licen\u00e7as de Softwares e Inform\u00e1tica\",\"publisher\":{\"@id\":\"https:\\\/\\\/cyberlogics.ao\\\/#organization\"},\"potentialAction\":[{\"@type\":\"SearchAction\",\"target\":{\"@type\":\"EntryPoint\",\"urlTemplate\":\"https:\\\/\\\/cyberlogics.ao\\\/?s={search_term_string}\"},\"query-input\":{\"@type\":\"PropertyValueSpecification\",\"valueRequired\":true,\"valueName\":\"search_term_string\"}}],\"inLanguage\":\"pt-PT\"},{\"@type\":\"Organization\",\"@id\":\"https:\\\/\\\/cyberlogics.ao\\\/#organization\",\"name\":\"Cyberlogics Ao Technologies - Loja Online de Licen\u00e7as de Softwares e Inform\u00e1tica\",\"url\":\"https:\\\/\\\/cyberlogics.ao\\\/\",\"logo\":{\"@type\":\"ImageObject\",\"inLanguage\":\"pt-PT\",\"@id\":\"https:\\\/\\\/cyberlogics.ao\\\/#\\\/schema\\\/logo\\\/image\\\/\",\"url\":\"https:\\\/\\\/cyberlogics.ao\\\/wp-content\\\/uploads\\\/2022\\\/04\\\/CT-logo.png\",\"contentUrl\":\"https:\\\/\\\/cyberlogics.ao\\\/wp-content\\\/uploads\\\/2022\\\/04\\\/CT-logo.png\",\"width\":190,\"height\":75,\"caption\":\"Cyberlogics Ao Technologies - Loja Online de Licen\u00e7as de Softwares e Inform\u00e1tica\"},\"image\":{\"@id\":\"https:\\\/\\\/cyberlogics.ao\\\/#\\\/schema\\\/logo\\\/image\\\/\"}}]}<\/script>\n<!-- \/ Yoast SEO plugin. -->","yoast_head_json":{"title":"Microsoft Office 365 for 5 DEVICES (PC, Tablette, Mac) - Cyberlogics Technologies Angola","description":"A Maior Loja Online de Angola de Licen\u00e7as Microsoft Office | Chaves Sistemas Operativos Windows | Antiv\u00edrus | Cloud Adobe | Inform\u00e1tica & Servidores | Softwares de Gest\u00e3o ERP | Gaming Hardware | UPS e Baterias & Muito Mais...","robots":{"index":"index","follow":"follow","max-snippet":"max-snippet:-1","max-image-preview":"max-image-preview:large","max-video-preview":"max-video-preview:-1"},"canonical":"https:\/\/cyberlogics.ao\/index.php\/product\/microsoft-office-365-for-5-devices-pc-tablette-mac\/","og_locale":"pt_PT","og_type":"article","og_title":"Microsoft Office 365 for 5 DEVICES (PC, Tablette, Mac) - Cyberlogics Technologies Angola","og_description":"A Maior Loja Online de Angola de Licen\u00e7as Microsoft Office | Chaves Sistemas Operativos Windows | Antiv\u00edrus | Cloud Adobe | Inform\u00e1tica & Servidores | Softwares de Gest\u00e3o ERP | Gaming Hardware | UPS e Baterias & Muito Mais...","og_url":"https:\/\/cyberlogics.ao\/index.php\/product\/microsoft-office-365-for-5-devices-pc-tablette-mac\/","og_site_name":"Cyberlogics Technologies Angola","article_modified_time":"2025-12-12T08:52:10+00:00","og_image":[{"width":600,"height":600,"url":"http:\/\/cyberlogics.ao\/wp-content\/uploads\/2022\/04\/office-365-enterprise-e3.webp","type":"image\/webp"}],"twitter_card":"summary_large_image","twitter_misc":{"Tempo estimado de leitura":"1 minuto"},"schema":{"@context":"https:\/\/schema.org","@graph":[{"@type":"WebPage","@id":"https:\/\/cyberlogics.ao\/index.php\/product\/microsoft-office-365-for-5-devices-pc-tablette-mac\/","url":"https:\/\/cyberlogics.ao\/index.php\/product\/microsoft-office-365-for-5-devices-pc-tablette-mac\/","name":"Microsoft Office 365 for 5 DEVICES (PC, Tablette, Mac) - Cyberlogics Technologies Angola","isPartOf":{"@id":"https:\/\/cyberlogics.ao\/#website"},"primaryImageOfPage":{"@id":"https:\/\/cyberlogics.ao\/index.php\/product\/microsoft-office-365-for-5-devices-pc-tablette-mac\/#primaryimage"},"image":{"@id":"https:\/\/cyberlogics.ao\/index.php\/product\/microsoft-office-365-for-5-devices-pc-tablette-mac\/#primaryimage"},"thumbnailUrl":"https:\/\/cyberlogics.ao\/wp-content\/uploads\/2022\/04\/office-365-enterprise-e3.webp","datePublished":"2022-04-23T16:11:49+00:00","dateModified":"2025-12-12T08:52:10+00:00","description":"A Maior Loja Online de Angola de Licen\u00e7as Microsoft Office | Chaves Sistemas Operativos Windows | Antiv\u00edrus | Cloud Adobe | Inform\u00e1tica & Servidores | Softwares de Gest\u00e3o ERP | Gaming Hardware | UPS e Baterias & Muito Mais...","breadcrumb":{"@id":"https:\/\/cyberlogics.ao\/index.php\/product\/microsoft-office-365-for-5-devices-pc-tablette-mac\/#breadcrumb"},"inLanguage":"pt-PT","potentialAction":[{"@type":"ReadAction","target":["https:\/\/cyberlogics.ao\/index.php\/product\/microsoft-office-365-for-5-devices-pc-tablette-mac\/"]}]},{"@type":"ImageObject","inLanguage":"pt-PT","@id":"https:\/\/cyberlogics.ao\/index.php\/product\/microsoft-office-365-for-5-devices-pc-tablette-mac\/#primaryimage","url":"https:\/\/cyberlogics.ao\/wp-content\/uploads\/2022\/04\/office-365-enterprise-e3.webp","contentUrl":"https:\/\/cyberlogics.ao\/wp-content\/uploads\/2022\/04\/office-365-enterprise-e3.webp","width":600,"height":600},{"@type":"BreadcrumbList","@id":"https:\/\/cyberlogics.ao\/index.php\/product\/microsoft-office-365-for-5-devices-pc-tablette-mac\/#breadcrumb","itemListElement":[{"@type":"ListItem","position":1,"name":"In\u00edcio","item":"https:\/\/cyberlogics.ao\/"},{"@type":"ListItem","position":2,"name":"Produtos","item":"https:\/\/cyberlogics.ao\/index.php\/shop-2\/"},{"@type":"ListItem","position":3,"name":"Microsoft Office 365 for 5 DEVICES (PC, Tablette, Mac)"}]},{"@type":"WebSite","@id":"https:\/\/cyberlogics.ao\/#website","url":"https:\/\/cyberlogics.ao\/","name":"Cyberlogics Technologies Angola","description":"Loja Online de Licen\u00e7as de Softwares e Inform\u00e1tica","publisher":{"@id":"https:\/\/cyberlogics.ao\/#organization"},"potentialAction":[{"@type":"SearchAction","target":{"@type":"EntryPoint","urlTemplate":"https:\/\/cyberlogics.ao\/?s={search_term_string}"},"query-input":{"@type":"PropertyValueSpecification","valueRequired":true,"valueName":"search_term_string"}}],"inLanguage":"pt-PT"},{"@type":"Organization","@id":"https:\/\/cyberlogics.ao\/#organization","name":"Cyberlogics Ao Technologies - Loja Online de Licen\u00e7as de Softwares e Inform\u00e1tica","url":"https:\/\/cyberlogics.ao\/","logo":{"@type":"ImageObject","inLanguage":"pt-PT","@id":"https:\/\/cyberlogics.ao\/#\/schema\/logo\/image\/","url":"https:\/\/cyberlogics.ao\/wp-content\/uploads\/2022\/04\/CT-logo.png","contentUrl":"https:\/\/cyberlogics.ao\/wp-content\/uploads\/2022\/04\/CT-logo.png","width":190,"height":75,"caption":"Cyberlogics Ao Technologies - Loja Online de Licen\u00e7as de Softwares e Inform\u00e1tica"},"image":{"@id":"https:\/\/cyberlogics.ao\/#\/schema\/logo\/image\/"}}]}},"_links":{"self":[{"href":"https:\/\/cyberlogics.ao\/index.php\/wp-json\/wp\/v2\/product\/5971","targetHints":{"allow":["GET"]}}],"collection":[{"href":"https:\/\/cyberlogics.ao\/index.php\/wp-json\/wp\/v2\/product"}],"about":[{"href":"https:\/\/cyberlogics.ao\/index.php\/wp-json\/wp\/v2\/types\/product"}],"replies":[{"embeddable":true,"href":"https:\/\/cyberlogics.ao\/index.php\/wp-json\/wp\/v2\/comments?post=5971"}],"wp:featuredmedia":[{"embeddable":true,"href":"https:\/\/cyberlogics.ao\/index.php\/wp-json\/wp\/v2\/media\/5972"}],"wp:attachment":[{"href":"https:\/\/cyberlogics.ao\/index.php\/wp-json\/wp\/v2\/media?parent=5971"}],"wp:term":[{"taxonomy":"product_brand","embeddable":true,"href":"https:\/\/cyberlogics.ao\/index.php\/wp-json\/wp\/v2\/product_brand?post=5971"},{"taxonomy":"product_cat","embeddable":true,"href":"https:\/\/cyberlogics.ao\/index.php\/wp-json\/wp\/v2\/product_cat?post=5971"},{"taxonomy":"product_tag","embeddable":true,"href":"https:\/\/cyberlogics.ao\/index.php\/wp-json\/wp\/v2\/product_tag?post=5971"}],"curies":[{"name":"wp","href":"https:\/\/api.w.org\/{rel}","templated":true}]}}