{"id":6001,"date":"2022-04-23T17:01:05","date_gmt":"2022-04-23T17:01:05","guid":{"rendered":"https:\/\/cyberlogics.ao\/?post_type=product&#038;p=6001"},"modified":"2025-06-05T23:30:43","modified_gmt":"2025-06-05T23:30:43","slug":"subscricao-spotify-premium","status":"publish","type":"product","link":"https:\/\/cyberlogics.ao\/index.php\/product\/subscricao-spotify-premium\/","title":{"rendered":"Subscri\u00e7\u00e3o Spotify Premium"},"content":{"rendered":"<p>Reproduza milh\u00f5es de m\u00fasicas<\/p>\n<p>Baixe m\u00fasicas e ou\u00e7a offline.<\/p>\n<p>Sem an\u00fancios!<\/p>\n<p>Melhor qualidade de som.<\/p>\n<p><strong>Detalhes de Activa\u00e7\u00e3o:<\/strong><\/p>\n<ol>\n<li>Acesse https:\/\/www.spotify.com\/<\/li>\n<li>Fa\u00e7a login na sua conta<\/li>\n<li>Abra o link recebido por n\u00f3s e siga os passos no site do Spotify<\/li>\n<\/ol>\n<p>&nbsp;<\/p>\n<p>\ud835\udc08\ud835\udc0c\ud835\udc0f\ud835\udc0e\ud835\udc11\ud835\udc13\ud835\udc00\ud835\udc0d\ud835\udc13|\ud835\udc08\ud835\udc0c\ud835\udc0f\ud835\udc0e\ud835\udc11\ud835\udc13\ud835\udc00\ud835\udc0d\ud835\udc13|\ud835\udc08\ud835\udc0c\ud835\udc0f\ud835\udc0e\ud835\udc11\ud835\udc13\ud835\udc00\ud835\udc0d\ud835\udc13<\/p>\n<p>1 LINK = 1 CONTA<\/p>\n<p>&nbsp;<\/p>\n<p>Lista de pa\u00edses suportados SOMENTE!<\/p>\n<p>\u25ac\u25ac\u25ac\u25ac\u25ac\u25ac\u25ac\u25ac\u25ac\u25ac\u25ac\u25ac\u25ac\u25ac\u25ac\u25ac\u25ac\u25ac\u25ac\u25ac\u25ac\u25ac\u25ac\u25ac\u25ac<\/p>\n<p>&nbsp;<\/p>\n<p>Argentina<\/p>\n<p>Austr\u00e1lia<\/p>\n<p>Brasil<\/p>\n<p>Fran\u00e7a<\/p>\n<p>Alemanha<\/p>\n<p>M\u00e9xico<\/p>\n<p>Pol\u00f4nia<\/p>\n<p>\u00c1frica do Sul<\/p>\n<p>Emirados \u00c1rabes Unidos<\/p>\n<p>Reino Unido<\/p>\n<p>Estados Unidos<\/p>\n<p>&nbsp;<\/p>\n<p>Aten\u00e7\u00e3o, se voc\u00ea for de outro pa\u00eds, a VPN n\u00e3o ajudar\u00e1.<\/p>\n<p>&nbsp;<\/p>\n<p>\u25ac\u25ac\u25ac\u25ac\u25ac\u25ac\u25ac\u25ac\u25ac\u25ac\u25ac\u25ac\u25ac\u25ac\u25ac\u25ac\u25ac\u25ac\u25ac\u25ac\u25ac\u25ac\u25ac\u25ac\u25ac<\/p>\n<p>&nbsp;<\/p>\n<p>Se voc\u00ea encontrar algum tipo de problema durante a ativa\u00e7\u00e3o da chave, entre em contato conosco na aba de correspond\u00eancia da p\u00e1gina de compra\/chat\/ &#8211; ap\u00f3s a compra, voc\u00ea ser\u00e1 redirecionado para uma p\u00e1gina onde poder\u00e1 ver sua chave e poder\u00e1 entrar em contato conosco \/voc\u00ea pode acessar esta p\u00e1gina com o e-mail, usado durante a compra do item, clique em &#8220;Minhas compras&#8221; no topo da p\u00e1gina e digite seu e-mail, ent\u00e3o voc\u00ea receber\u00e1 um e-mail que cont\u00e9m um link que o levar\u00e1 para sua p\u00e1gina de pedidos\/compra anteriores\/\/.<\/p>\n<p>&nbsp;<\/p>\n<p>&nbsp;<\/p>\n<p>Estamos resolvendo todos os tipos de problemas rapidamente! POR FAVOR, N\u00c3O ABRA RECLAMA\u00c7\u00d5ES NO PAYPAL E N\u00c3O ESCREVA FEEDBACK NEGATIVO ANTES DE TENTAR RESOLVER SEU PROBLEMA!<\/p>\n","protected":false},"excerpt":{"rendered":"<p>Agora o Spotify torna mais f\u00e1cil encontrar a m\u00fasica certa para cada momento \u2013 no seu telefone, computador, tablet e muito mais.<\/p>\n<p>Existem milh\u00f5es de faixas no Spotify. Ent\u00e3o, se voc\u00ea est\u00e1 se exercitando, festejando ou relaxando, a m\u00fasica certa est\u00e1 sempre ao seu alcance.<\/p>\n<p>Escolha a m\u00fasica certa que voc\u00ea deseja ouvir ou deixe o Spotify surpreend\u00ea-lo. Voc\u00ea tamb\u00e9m pode navegar pelas cole\u00e7\u00f5es de m\u00fasicas de amigos, artistas e celebridades, ou criar uma esta\u00e7\u00e3o de r\u00e1dio e simplesmente sentar.<\/p>\n","protected":false},"featured_media":6002,"comment_status":"open","ping_status":"closed","template":"","meta":{"_joinchat":[]},"product_brand":[],"product_cat":[269,263],"product_tag":[],"class_list":{"0":"post-6001","1":"product","2":"type-product","3":"status-publish","4":"has-post-thumbnail","6":"product_cat-spotify","7":"product_cat-subscricoes","9":"first","10":"instock","11":"shipping-taxable","12":"purchasable","13":"product-type-simple"},"yoast_head":"<!-- This site is optimized with the Yoast SEO plugin v27.3 - https:\/\/yoast.com\/product\/yoast-seo-wordpress\/ -->\n<title>Subscri\u00e7\u00e3o Spotify Premium - Cyberlogics Technologies Angola<\/title>\n<meta name=\"description\" content=\"A Maior Loja Online de Angola de Licen\u00e7as Microsoft Office | Chaves Sistemas Operativos Windows | Antiv\u00edrus | Cloud Adobe | Inform\u00e1tica &amp; Servidores | Softwares de Gest\u00e3o ERP | Gaming Hardware | UPS e Baterias &amp; Muito Mais...\" \/>\n<meta name=\"robots\" content=\"index, follow, max-snippet:-1, max-image-preview:large, max-video-preview:-1\" \/>\n<link rel=\"canonical\" href=\"https:\/\/cyberlogics.ao\/index.php\/product\/subscricao-spotify-premium\/\" \/>\n<meta property=\"og:locale\" content=\"pt_PT\" \/>\n<meta property=\"og:type\" content=\"article\" \/>\n<meta property=\"og:title\" content=\"Subscri\u00e7\u00e3o Spotify Premium - Cyberlogics Technologies Angola\" \/>\n<meta property=\"og:description\" content=\"A Maior Loja Online de Angola de Licen\u00e7as Microsoft Office | Chaves Sistemas Operativos Windows | Antiv\u00edrus | Cloud Adobe | Inform\u00e1tica &amp; Servidores | Softwares de Gest\u00e3o ERP | Gaming Hardware | UPS e Baterias &amp; Muito Mais...\" \/>\n<meta property=\"og:url\" content=\"https:\/\/cyberlogics.ao\/index.php\/product\/subscricao-spotify-premium\/\" \/>\n<meta property=\"og:site_name\" content=\"Cyberlogics Technologies Angola\" \/>\n<meta property=\"article:modified_time\" content=\"2025-06-05T23:30:43+00:00\" \/>\n<meta property=\"og:image\" content=\"https:\/\/cyberlogics.ao\/wp-content\/uploads\/2022\/04\/img-2.png\" \/>\n\t<meta property=\"og:image:width\" content=\"800\" \/>\n\t<meta property=\"og:image:height\" content=\"800\" \/>\n\t<meta property=\"og:image:type\" content=\"image\/png\" \/>\n<meta name=\"twitter:card\" content=\"summary_large_image\" \/>\n<meta name=\"twitter:label1\" content=\"Tempo estimado de leitura\" \/>\n\t<meta name=\"twitter:data1\" content=\"1 minuto\" \/>\n<script type=\"application\/ld+json\" class=\"yoast-schema-graph\">{\"@context\":\"https:\\\/\\\/schema.org\",\"@graph\":[{\"@type\":\"WebPage\",\"@id\":\"https:\\\/\\\/cyberlogics.ao\\\/index.php\\\/product\\\/subscricao-spotify-premium\\\/\",\"url\":\"https:\\\/\\\/cyberlogics.ao\\\/index.php\\\/product\\\/subscricao-spotify-premium\\\/\",\"name\":\"Subscri\u00e7\u00e3o Spotify Premium - Cyberlogics Technologies Angola\",\"isPartOf\":{\"@id\":\"https:\\\/\\\/cyberlogics.ao\\\/#website\"},\"primaryImageOfPage\":{\"@id\":\"https:\\\/\\\/cyberlogics.ao\\\/index.php\\\/product\\\/subscricao-spotify-premium\\\/#primaryimage\"},\"image\":{\"@id\":\"https:\\\/\\\/cyberlogics.ao\\\/index.php\\\/product\\\/subscricao-spotify-premium\\\/#primaryimage\"},\"thumbnailUrl\":\"https:\\\/\\\/cyberlogics.ao\\\/wp-content\\\/uploads\\\/2022\\\/04\\\/img-2.png\",\"datePublished\":\"2022-04-23T17:01:05+00:00\",\"dateModified\":\"2025-06-05T23:30:43+00:00\",\"description\":\"A Maior Loja Online de Angola de Licen\u00e7as Microsoft Office | Chaves Sistemas Operativos Windows | Antiv\u00edrus | Cloud Adobe | Inform\u00e1tica & Servidores | Softwares de Gest\u00e3o ERP | Gaming Hardware | UPS e Baterias & Muito Mais...\",\"breadcrumb\":{\"@id\":\"https:\\\/\\\/cyberlogics.ao\\\/index.php\\\/product\\\/subscricao-spotify-premium\\\/#breadcrumb\"},\"inLanguage\":\"pt-PT\",\"potentialAction\":[{\"@type\":\"ReadAction\",\"target\":[\"https:\\\/\\\/cyberlogics.ao\\\/index.php\\\/product\\\/subscricao-spotify-premium\\\/\"]}]},{\"@type\":\"ImageObject\",\"inLanguage\":\"pt-PT\",\"@id\":\"https:\\\/\\\/cyberlogics.ao\\\/index.php\\\/product\\\/subscricao-spotify-premium\\\/#primaryimage\",\"url\":\"https:\\\/\\\/cyberlogics.ao\\\/wp-content\\\/uploads\\\/2022\\\/04\\\/img-2.png\",\"contentUrl\":\"https:\\\/\\\/cyberlogics.ao\\\/wp-content\\\/uploads\\\/2022\\\/04\\\/img-2.png\",\"width\":800,\"height\":800},{\"@type\":\"BreadcrumbList\",\"@id\":\"https:\\\/\\\/cyberlogics.ao\\\/index.php\\\/product\\\/subscricao-spotify-premium\\\/#breadcrumb\",\"itemListElement\":[{\"@type\":\"ListItem\",\"position\":1,\"name\":\"In\u00edcio\",\"item\":\"https:\\\/\\\/cyberlogics.ao\\\/\"},{\"@type\":\"ListItem\",\"position\":2,\"name\":\"Produtos\",\"item\":\"https:\\\/\\\/cyberlogics.ao\\\/index.php\\\/shop-2\\\/\"},{\"@type\":\"ListItem\",\"position\":3,\"name\":\"Subscri\u00e7\u00e3o Spotify Premium\"}]},{\"@type\":\"WebSite\",\"@id\":\"https:\\\/\\\/cyberlogics.ao\\\/#website\",\"url\":\"https:\\\/\\\/cyberlogics.ao\\\/\",\"name\":\"Cyberlogics Technologies Angola\",\"description\":\"Loja Online de Licen\u00e7as de Softwares e Inform\u00e1tica\",\"publisher\":{\"@id\":\"https:\\\/\\\/cyberlogics.ao\\\/#organization\"},\"potentialAction\":[{\"@type\":\"SearchAction\",\"target\":{\"@type\":\"EntryPoint\",\"urlTemplate\":\"https:\\\/\\\/cyberlogics.ao\\\/?s={search_term_string}\"},\"query-input\":{\"@type\":\"PropertyValueSpecification\",\"valueRequired\":true,\"valueName\":\"search_term_string\"}}],\"inLanguage\":\"pt-PT\"},{\"@type\":\"Organization\",\"@id\":\"https:\\\/\\\/cyberlogics.ao\\\/#organization\",\"name\":\"Cyberlogics Ao Technologies - Loja Online de Licen\u00e7as de Softwares e Inform\u00e1tica\",\"url\":\"https:\\\/\\\/cyberlogics.ao\\\/\",\"logo\":{\"@type\":\"ImageObject\",\"inLanguage\":\"pt-PT\",\"@id\":\"https:\\\/\\\/cyberlogics.ao\\\/#\\\/schema\\\/logo\\\/image\\\/\",\"url\":\"https:\\\/\\\/cyberlogics.ao\\\/wp-content\\\/uploads\\\/2022\\\/04\\\/CT-logo.png\",\"contentUrl\":\"https:\\\/\\\/cyberlogics.ao\\\/wp-content\\\/uploads\\\/2022\\\/04\\\/CT-logo.png\",\"width\":190,\"height\":75,\"caption\":\"Cyberlogics Ao Technologies - Loja Online de Licen\u00e7as de Softwares e Inform\u00e1tica\"},\"image\":{\"@id\":\"https:\\\/\\\/cyberlogics.ao\\\/#\\\/schema\\\/logo\\\/image\\\/\"}}]}<\/script>\n<!-- \/ Yoast SEO plugin. -->","yoast_head_json":{"title":"Subscri\u00e7\u00e3o Spotify Premium - Cyberlogics Technologies Angola","description":"A Maior Loja Online de Angola de Licen\u00e7as Microsoft Office | Chaves Sistemas Operativos Windows | Antiv\u00edrus | Cloud Adobe | Inform\u00e1tica & Servidores | Softwares de Gest\u00e3o ERP | Gaming Hardware | UPS e Baterias & Muito Mais...","robots":{"index":"index","follow":"follow","max-snippet":"max-snippet:-1","max-image-preview":"max-image-preview:large","max-video-preview":"max-video-preview:-1"},"canonical":"https:\/\/cyberlogics.ao\/index.php\/product\/subscricao-spotify-premium\/","og_locale":"pt_PT","og_type":"article","og_title":"Subscri\u00e7\u00e3o Spotify Premium - Cyberlogics Technologies Angola","og_description":"A Maior Loja Online de Angola de Licen\u00e7as Microsoft Office | Chaves Sistemas Operativos Windows | Antiv\u00edrus | Cloud Adobe | Inform\u00e1tica & Servidores | Softwares de Gest\u00e3o ERP | Gaming Hardware | UPS e Baterias & Muito Mais...","og_url":"https:\/\/cyberlogics.ao\/index.php\/product\/subscricao-spotify-premium\/","og_site_name":"Cyberlogics Technologies Angola","article_modified_time":"2025-06-05T23:30:43+00:00","og_image":[{"width":800,"height":800,"url":"https:\/\/cyberlogics.ao\/wp-content\/uploads\/2022\/04\/img-2.png","type":"image\/png"}],"twitter_card":"summary_large_image","twitter_misc":{"Tempo estimado de leitura":"1 minuto"},"schema":{"@context":"https:\/\/schema.org","@graph":[{"@type":"WebPage","@id":"https:\/\/cyberlogics.ao\/index.php\/product\/subscricao-spotify-premium\/","url":"https:\/\/cyberlogics.ao\/index.php\/product\/subscricao-spotify-premium\/","name":"Subscri\u00e7\u00e3o Spotify Premium - Cyberlogics Technologies Angola","isPartOf":{"@id":"https:\/\/cyberlogics.ao\/#website"},"primaryImageOfPage":{"@id":"https:\/\/cyberlogics.ao\/index.php\/product\/subscricao-spotify-premium\/#primaryimage"},"image":{"@id":"https:\/\/cyberlogics.ao\/index.php\/product\/subscricao-spotify-premium\/#primaryimage"},"thumbnailUrl":"https:\/\/cyberlogics.ao\/wp-content\/uploads\/2022\/04\/img-2.png","datePublished":"2022-04-23T17:01:05+00:00","dateModified":"2025-06-05T23:30:43+00:00","description":"A Maior Loja Online de Angola de Licen\u00e7as Microsoft Office | Chaves Sistemas Operativos Windows | Antiv\u00edrus | Cloud Adobe | Inform\u00e1tica & Servidores | Softwares de Gest\u00e3o ERP | Gaming Hardware | UPS e Baterias & Muito Mais...","breadcrumb":{"@id":"https:\/\/cyberlogics.ao\/index.php\/product\/subscricao-spotify-premium\/#breadcrumb"},"inLanguage":"pt-PT","potentialAction":[{"@type":"ReadAction","target":["https:\/\/cyberlogics.ao\/index.php\/product\/subscricao-spotify-premium\/"]}]},{"@type":"ImageObject","inLanguage":"pt-PT","@id":"https:\/\/cyberlogics.ao\/index.php\/product\/subscricao-spotify-premium\/#primaryimage","url":"https:\/\/cyberlogics.ao\/wp-content\/uploads\/2022\/04\/img-2.png","contentUrl":"https:\/\/cyberlogics.ao\/wp-content\/uploads\/2022\/04\/img-2.png","width":800,"height":800},{"@type":"BreadcrumbList","@id":"https:\/\/cyberlogics.ao\/index.php\/product\/subscricao-spotify-premium\/#breadcrumb","itemListElement":[{"@type":"ListItem","position":1,"name":"In\u00edcio","item":"https:\/\/cyberlogics.ao\/"},{"@type":"ListItem","position":2,"name":"Produtos","item":"https:\/\/cyberlogics.ao\/index.php\/shop-2\/"},{"@type":"ListItem","position":3,"name":"Subscri\u00e7\u00e3o Spotify Premium"}]},{"@type":"WebSite","@id":"https:\/\/cyberlogics.ao\/#website","url":"https:\/\/cyberlogics.ao\/","name":"Cyberlogics Technologies Angola","description":"Loja Online de Licen\u00e7as de Softwares e Inform\u00e1tica","publisher":{"@id":"https:\/\/cyberlogics.ao\/#organization"},"potentialAction":[{"@type":"SearchAction","target":{"@type":"EntryPoint","urlTemplate":"https:\/\/cyberlogics.ao\/?s={search_term_string}"},"query-input":{"@type":"PropertyValueSpecification","valueRequired":true,"valueName":"search_term_string"}}],"inLanguage":"pt-PT"},{"@type":"Organization","@id":"https:\/\/cyberlogics.ao\/#organization","name":"Cyberlogics Ao Technologies - Loja Online de Licen\u00e7as de Softwares e Inform\u00e1tica","url":"https:\/\/cyberlogics.ao\/","logo":{"@type":"ImageObject","inLanguage":"pt-PT","@id":"https:\/\/cyberlogics.ao\/#\/schema\/logo\/image\/","url":"https:\/\/cyberlogics.ao\/wp-content\/uploads\/2022\/04\/CT-logo.png","contentUrl":"https:\/\/cyberlogics.ao\/wp-content\/uploads\/2022\/04\/CT-logo.png","width":190,"height":75,"caption":"Cyberlogics Ao Technologies - Loja Online de Licen\u00e7as de Softwares e Inform\u00e1tica"},"image":{"@id":"https:\/\/cyberlogics.ao\/#\/schema\/logo\/image\/"}}]}},"_links":{"self":[{"href":"https:\/\/cyberlogics.ao\/index.php\/wp-json\/wp\/v2\/product\/6001","targetHints":{"allow":["GET"]}}],"collection":[{"href":"https:\/\/cyberlogics.ao\/index.php\/wp-json\/wp\/v2\/product"}],"about":[{"href":"https:\/\/cyberlogics.ao\/index.php\/wp-json\/wp\/v2\/types\/product"}],"replies":[{"embeddable":true,"href":"https:\/\/cyberlogics.ao\/index.php\/wp-json\/wp\/v2\/comments?post=6001"}],"wp:featuredmedia":[{"embeddable":true,"href":"https:\/\/cyberlogics.ao\/index.php\/wp-json\/wp\/v2\/media\/6002"}],"wp:attachment":[{"href":"https:\/\/cyberlogics.ao\/index.php\/wp-json\/wp\/v2\/media?parent=6001"}],"wp:term":[{"taxonomy":"product_brand","embeddable":true,"href":"https:\/\/cyberlogics.ao\/index.php\/wp-json\/wp\/v2\/product_brand?post=6001"},{"taxonomy":"product_cat","embeddable":true,"href":"https:\/\/cyberlogics.ao\/index.php\/wp-json\/wp\/v2\/product_cat?post=6001"},{"taxonomy":"product_tag","embeddable":true,"href":"https:\/\/cyberlogics.ao\/index.php\/wp-json\/wp\/v2\/product_tag?post=6001"}],"curies":[{"name":"wp","href":"https:\/\/api.w.org\/{rel}","templated":true}]}}