{"id":6003,"date":"2022-04-23T17:05:56","date_gmt":"2022-04-23T17:05:56","guid":{"rendered":"https:\/\/cyberlogics.ao\/?post_type=product&#038;p=6003"},"modified":"2024-02-09T15:22:39","modified_gmt":"2024-02-09T15:22:39","slug":"hp-proliant-dl360e-g8","status":"publish","type":"product","link":"https:\/\/cyberlogics.ao\/index.php\/product\/hp-proliant-dl360e-g8\/","title":{"rendered":"HP Proliant DL360e G8"},"content":{"rendered":"<h1 id=\"tw-target-text\" class=\"tw-data-text tw-text-large XcVN5d tw-ta\" data-placeholder=\"Tradu\u00e7\u00e3o\">HP Proliant DL360e G8<\/h1>\n<p class=\"tw-data-text tw-text-large XcVN5d tw-ta\" dir=\"ltr\" data-placeholder=\"Tradu\u00e7\u00e3o\">O HP Proliant DL360e Gen8<strong class=\"ods_si_emphasis_bold\">,\u00a0<\/strong>define os padr\u00f5es da pr\u00f3xima gera\u00e7\u00e3o de servidores em rack 2U de 2 soquetes para a ind\u00fastria. Com flexibilidade de configura\u00e7\u00e3o aprimorada, desempenho incompar\u00e1vel e design de efici\u00eancia energ\u00e9tica l\u00edder, o DL360e Gen8 oferece a solu\u00e7\u00e3o perfeita para os requisitos din\u00e2micos de computa\u00e7\u00e3o e armazenamento dos atuais datacenters exigentes.<\/p>\n<div>\n<h2 class=\"c-heading-3 x-weight-semibold ow-no-padding-top ow-slide-in ow-slide-in-1 ow-headinghelper-1 \">Caracter\u00edsticas e Funcionalidades do\u00a0<strong class=\"ods_si_emphasis_bold\">HP ProLiant DL360e Gen8<\/strong>:<\/h2>\n<h3>Atua\u00e7\u00e3o do\u00a0<strong class=\"ods_si_emphasis_bold\">HP Proliant DL360e Gen8<\/strong><\/h3>\n<p>O Servidor HP Proliant DL360e Gen8 chipset Intel C600 Series do ,\u00a0 suporta no m\u00e1ximo dois processadores Intel E5-2400 ou Intel E5-2400 v2 controlando at\u00e9 doze m\u00f3dulos de mem\u00f3ria DDR3. Os processadores V2 fornecem um aumento de desempenho de 35% nos mesmos n\u00edveis de energia ou mais baixos do que os processadores Xeon da gera\u00e7\u00e3o anterior. Os servidores de 8\u00aa gera\u00e7\u00e3o da HPE tamb\u00e9m introduziram o Guia de CPU Smart Socket da HPE, oferecendo uma abordagem mais precisa para a instala\u00e7\u00e3o do processador, reduzindo o tempo de manuseio e poss\u00edveis danos ao processador.<\/p>\n<h3>Mem\u00f3ria<\/h3>\n<p>Em uma configura\u00e7\u00e3o de dois processadores, o servidor HPE DL360e Gen8 pode suportar at\u00e9 doze m\u00f3dulos de mem\u00f3ria DDR3 para um m\u00e1ximo de 384 GB de mem\u00f3ria. M\u00f3dulos de mem\u00f3ria sem buffer (UDIMM), registrados (RDIMM) e carga reduzida (LRDIMM) s\u00e3o todos suportados, mas a combina\u00e7\u00e3o de diferentes tipos de m\u00f3dulos de mem\u00f3ria n\u00e3o \u00e9 suportada. O uso do SmartMemory da HPE proporcionar\u00e1 um aumento de 16,6% no rendimento e consumir\u00e1 20% menos energia em compara\u00e7\u00e3o com a mem\u00f3ria de terceiros. A resili\u00eancia de mem\u00f3ria tamb\u00e9m foi aumentada em 35% nos servidores ProLiant Gen8 da HPE com a tecnologia avan\u00e7ada de detec\u00e7\u00e3o de erros de mem\u00f3ria da HPE.<\/p>\n<h3>Armazenamento<\/h3>\n<p>O servidor ProLiant DL360e Gen8 da HPE pode suportar 8 baias de unidade hot plug SFF, 8 LFF, 12 LFF ou 25 SFF. Ambas as configura\u00e7\u00f5es de 8 SFF e 8 LFF podem suportar um compartimento de m\u00eddia \u00f3ptica opcional. Com a configura\u00e7\u00e3o 12 LFF, cada dispositivo de armazenamento tem sua pr\u00f3pria conex\u00e3o privada por meio de um backplane ponto a ponto. Usando a configura\u00e7\u00e3o 12 LFF, este servidor pode suportar uma capacidade m\u00e1xima de armazenamento interno de 56 TB. Os novos SmartDrives da HPE comunicam a atividade da unidade de maneira mais precisa para reduzir a chance de erro humano e poss\u00edvel perda de dados que ocorre quando uma unidade \u00e9 puxada prematuramente.<\/p>\n<h3>Expans\u00e3o<\/h3>\n<p>Existem at\u00e9 quatro slots de expans\u00e3o PCIe com um \u00fanico processador ou seis slots PCIe com a adi\u00e7\u00e3o de um riser secund\u00e1rio.\u00a0Embora a maioria dos slots de expans\u00e3o suporte PCIe 3.0, o quarto slot de expans\u00e3o oferece suporte a PCIe Gen2.<\/p>\n<h3>Gest\u00e3o<\/h3>\n<p>O gerenciamento do sistema \u00e9 aprimorado com o HPE\u2019s iLO 4.0 Management Engine, um chip de gerenciamento de servidor remoto incorporado na placa do sistema.\u00a0As ferramentas de gerenciamento s\u00e3o dispostas de maneira mais eficiente e podem ser acessadas facilmente em uma \u00fanica tela com os servidores ProLiant Gen8 da HPE.\u00a0Al\u00e9m das ferramentas de gerenciamento padr\u00e3o inclu\u00eddas no Management Engine da HPE, os usu\u00e1rios t\u00eam a op\u00e7\u00e3o de atualizar para ferramentas de gerenciamento mais abrangentes com uma chave de licen\u00e7a avan\u00e7ada que desbloqueia o conjunto completo de funcionalidade de administra\u00e7\u00e3o remota.\u00a0O Matrix Operating Environment, outra ferramenta avan\u00e7ada de gerenciamento oferecida pela HPE, reduz o custo das tarefas comuns do data center em at\u00e9 40% por meio de seu centro de comando integrado.<\/p>\n<h3><strong>Especifica\u00e7\u00f5es:<\/strong><\/h3>\n<div class=\"lp-spec-item-title bold\"><strong>PROCESSADOR \u2013 2 SOQUETES<\/strong><\/div>\n<div class=\"lp-spec-item-text\">Processador Intel\u00ae Xeon\u00ae E5-2400 e fam\u00edlias de produtos E5-2400 v2<\/div>\n<div><\/div>\n<\/div>\n<div>\n<div class=\"lp-spec-item-title bold\"><strong>SUPORTE A SISTEMAS OPERACIONAIS E SOFTWARE DE VIRTUALIZA\u00c7\u00c3O PARA SERVIDORES PROLIANT<\/strong><\/div>\n<div class=\"lp-spec-item-text\">\n<ul>\n<li>Microsoft Windows Server<\/li>\n<li>Red Hat Enterprise Linux (RHEL)<\/li>\n<li>SUSE Linux Enterprise Server (SLES)<\/li>\n<li>Oracle Solaris<\/li>\n<li>VMware<\/li>\n<\/ul>\n<div class=\"lp-spec-item-title bold\"><strong>CHIPSET<\/strong><\/div>\n<div class=\"lp-spec-item-text\">Chipset Intel\u00ae C600 Series<\/div>\n<div><\/div>\n<div>\n<div class=\"lp-spec-item-title bold\"><strong>NO CHIPSET DE GERENCIAMENTO DO SISTEMA<\/strong><\/div>\n<div class=\"lp-spec-item-text\">HP iLO (Firmware: HP iLO 4)<\/div>\n<div><\/div>\n<div>\n<div class=\"lp-spec-item-title bold\"><strong>MEM\u00d3RIA<\/strong><\/div>\n<div class=\"lp-spec-item-text\">\n<p>TipoCarga DDR3 reduzida (LRDIMM), registrada (RDIMM) ou sem buffer (UDIMM)<\/p>\n<p>Capacidade m\u00e1xima (LRDIMM)<\/p>\n<ul>\n<li>384 GB (12 x 32 GB LRDIMM a 1333 MHz)<\/li>\n<\/ul>\n<p>Capacidade M\u00e1xima (RDIMM)<\/p>\n<ul>\n<li>192 GB (12 x 16 GB RDIMM a 1600 MHz ou 1333 MHz)<\/li>\n<\/ul>\n<p>Capacidade m\u00e1xima (UDIMM)<\/p>\n<ul>\n<li>96 GB (UDIMM 12 x 8 GB a 1333 MHz)<\/li>\n<\/ul>\n<\/div>\n<\/div>\n<\/div>\n<\/div>\n<\/div>\n<div>\n<div><\/div>\n<div class=\"lp-spec-item\">\n<div class=\"lp-spec-item-title bold\"><strong>VENTILADORES DO SISTEMA<\/strong><\/div>\n<div class=\"lp-spec-item-text\">\n<ul>\n<li>(4) Ventiladores n\u00e3o redundantes hot-plug s\u00e3o enviados como padr\u00e3o nos modelos 1P<\/li>\n<li>(6) Ventiladores redundantes hot-plug s\u00e3o enviados como padr\u00e3o nos modelos 2P<\/li>\n<\/ul>\n<\/div>\n<\/div>\n<div class=\"lp-spec-item\">\n<div class=\"lp-spec-item-title bold\"><strong>GR\u00c1FICOS<\/strong><\/div>\n<div class=\"lp-spec-item-text\">\n<ul>\n<li>Padr\u00e3o de v\u00eddeo Matrox G200 integrado<\/li>\n<\/ul>\n<\/div>\n<\/div>\n<div class=\"lp-spec-item\"><\/div>\n<div class=\"lp-spec-item\">\n<div class=\"lp-spec-item-text\">\n<p>&nbsp;<\/p>\n<ul>\n<li>HP iLO<\/li>\n<li>Gerenciamento sem agente HP<\/li>\n<li>HP Active Health System<\/li>\n<li>HP Intelligent Provisioning<\/li>\n<li>HP iLO Mobile App<\/li>\n<\/ul>\n<\/div>\n<\/div>\n<div class=\"lp-spec-item\">\n<div class=\"lp-spec-item-title bold\"><strong>SEGURAN\u00c7A<\/strong><\/div>\n<div class=\"lp-spec-item-text\">\n<ul>\n<li>Senha de inicializa\u00e7\u00e3o<\/li>\n<li>Controle de interface serial<\/li>\n<li>Senha do administrador<\/li>\n<\/ul>\n<\/div>\n<\/div>\n<\/div>\n<p>Fale connosco\u00a0agora mesmo e solicite j\u00e1 o seu\u00a0<strong>Servidor HP Proliant DL360e G8<\/strong><\/p>\n","protected":false},"excerpt":{"rendered":"<p id=\"tw-target-text\" class=\"tw-data-text tw-text-large XcVN5d tw-ta\" dir=\"ltr\" data-placeholder=\"Tradu\u00e7\u00e3o\"><span lang=\"pt\">Marca: HP\u00a0<\/span><\/p>\n<p dir=\"ltr\" data-placeholder=\"Tradu\u00e7\u00e3o\">Modelo:\u00a0<span lang=\"pt\">ProLiant DL360e Gen8<\/span><\/p>\n<p dir=\"ltr\" data-placeholder=\"Tradu\u00e7\u00e3o\">Mem\u00f3ria RAM: 32GB<\/p>\n<p class=\"tw-data-text tw-text-large XcVN5d tw-ta\" dir=\"ltr\" data-placeholder=\"Tradu\u00e7\u00e3o\"><span lang=\"pt\">Especifica\u00e7\u00e3o: Servidor Recondicionado<\/span><\/p>\n","protected":false},"featured_media":6004,"comment_status":"open","ping_status":"closed","template":"","meta":{"_joinchat":[]},"product_brand":[],"product_cat":[115,261],"product_tag":[],"class_list":{"0":"post-6003","1":"product","2":"type-product","3":"status-publish","4":"has-post-thumbnail","6":"product_cat-servidores","7":"product_cat-servidores-rack","9":"first","10":"instock","11":"shipping-taxable","12":"purchasable","13":"product-type-simple"},"yoast_head":"<!-- This site is optimized with the Yoast SEO plugin v27.4 - https:\/\/yoast.com\/product\/yoast-seo-wordpress\/ -->\n<title>HP Proliant DL360e G8 - Cyberlogics Technologies Angola<\/title>\n<meta name=\"description\" content=\"A Maior Loja Online de Angola de Licen\u00e7as Microsoft Office | Chaves Sistemas Operativos Windows | Antiv\u00edrus | Cloud Adobe | Inform\u00e1tica &amp; Servidores | Softwares de Gest\u00e3o ERP | Gaming Hardware | UPS e Baterias &amp; Muito Mais...\" \/>\n<meta name=\"robots\" content=\"index, follow, max-snippet:-1, max-image-preview:large, max-video-preview:-1\" \/>\n<link rel=\"canonical\" href=\"https:\/\/cyberlogics.ao\/index.php\/product\/hp-proliant-dl360e-g8\/\" \/>\n<meta property=\"og:locale\" content=\"pt_PT\" \/>\n<meta property=\"og:type\" content=\"article\" \/>\n<meta property=\"og:title\" content=\"HP Proliant DL360e G8 - Cyberlogics Technologies Angola\" \/>\n<meta property=\"og:description\" content=\"A Maior Loja Online de Angola de Licen\u00e7as Microsoft Office | Chaves Sistemas Operativos Windows | Antiv\u00edrus | Cloud Adobe | Inform\u00e1tica &amp; Servidores | Softwares de Gest\u00e3o ERP | Gaming Hardware | UPS e Baterias &amp; Muito Mais...\" \/>\n<meta property=\"og:url\" content=\"https:\/\/cyberlogics.ao\/index.php\/product\/hp-proliant-dl360e-g8\/\" \/>\n<meta property=\"og:site_name\" content=\"Cyberlogics Technologies Angola\" \/>\n<meta property=\"article:modified_time\" content=\"2024-02-09T15:22:39+00:00\" \/>\n<meta property=\"og:image\" content=\"https:\/\/cyberlogics.ao\/wp-content\/uploads\/2022\/04\/HP-Proliant-DL360e-G8-400x400-1.jpeg\" \/>\n\t<meta property=\"og:image:width\" content=\"400\" \/>\n\t<meta property=\"og:image:height\" content=\"400\" \/>\n\t<meta property=\"og:image:type\" content=\"image\/jpeg\" \/>\n<meta name=\"twitter:card\" content=\"summary_large_image\" \/>\n<meta name=\"twitter:label1\" content=\"Tempo estimado de leitura\" \/>\n\t<meta name=\"twitter:data1\" content=\"4 minutos\" \/>\n<script type=\"application\/ld+json\" class=\"yoast-schema-graph\">{\"@context\":\"https:\\\/\\\/schema.org\",\"@graph\":[{\"@type\":\"WebPage\",\"@id\":\"https:\\\/\\\/cyberlogics.ao\\\/index.php\\\/product\\\/hp-proliant-dl360e-g8\\\/\",\"url\":\"https:\\\/\\\/cyberlogics.ao\\\/index.php\\\/product\\\/hp-proliant-dl360e-g8\\\/\",\"name\":\"HP Proliant DL360e G8 - Cyberlogics Technologies Angola\",\"isPartOf\":{\"@id\":\"https:\\\/\\\/cyberlogics.ao\\\/#website\"},\"primaryImageOfPage\":{\"@id\":\"https:\\\/\\\/cyberlogics.ao\\\/index.php\\\/product\\\/hp-proliant-dl360e-g8\\\/#primaryimage\"},\"image\":{\"@id\":\"https:\\\/\\\/cyberlogics.ao\\\/index.php\\\/product\\\/hp-proliant-dl360e-g8\\\/#primaryimage\"},\"thumbnailUrl\":\"https:\\\/\\\/cyberlogics.ao\\\/wp-content\\\/uploads\\\/2022\\\/04\\\/HP-Proliant-DL360e-G8-400x400-1.jpeg\",\"datePublished\":\"2022-04-23T17:05:56+00:00\",\"dateModified\":\"2024-02-09T15:22:39+00:00\",\"description\":\"A Maior Loja Online de Angola de Licen\u00e7as Microsoft Office | Chaves Sistemas Operativos Windows | Antiv\u00edrus | Cloud Adobe | Inform\u00e1tica & Servidores | Softwares de Gest\u00e3o ERP | Gaming Hardware | UPS e Baterias & Muito Mais...\",\"breadcrumb\":{\"@id\":\"https:\\\/\\\/cyberlogics.ao\\\/index.php\\\/product\\\/hp-proliant-dl360e-g8\\\/#breadcrumb\"},\"inLanguage\":\"pt-PT\",\"potentialAction\":[{\"@type\":\"ReadAction\",\"target\":[\"https:\\\/\\\/cyberlogics.ao\\\/index.php\\\/product\\\/hp-proliant-dl360e-g8\\\/\"]}]},{\"@type\":\"ImageObject\",\"inLanguage\":\"pt-PT\",\"@id\":\"https:\\\/\\\/cyberlogics.ao\\\/index.php\\\/product\\\/hp-proliant-dl360e-g8\\\/#primaryimage\",\"url\":\"https:\\\/\\\/cyberlogics.ao\\\/wp-content\\\/uploads\\\/2022\\\/04\\\/HP-Proliant-DL360e-G8-400x400-1.jpeg\",\"contentUrl\":\"https:\\\/\\\/cyberlogics.ao\\\/wp-content\\\/uploads\\\/2022\\\/04\\\/HP-Proliant-DL360e-G8-400x400-1.jpeg\",\"width\":400,\"height\":400},{\"@type\":\"BreadcrumbList\",\"@id\":\"https:\\\/\\\/cyberlogics.ao\\\/index.php\\\/product\\\/hp-proliant-dl360e-g8\\\/#breadcrumb\",\"itemListElement\":[{\"@type\":\"ListItem\",\"position\":1,\"name\":\"In\u00edcio\",\"item\":\"https:\\\/\\\/cyberlogics.ao\\\/\"},{\"@type\":\"ListItem\",\"position\":2,\"name\":\"Produtos\",\"item\":\"https:\\\/\\\/cyberlogics.ao\\\/index.php\\\/shop-2\\\/\"},{\"@type\":\"ListItem\",\"position\":3,\"name\":\"HP Proliant DL360e G8\"}]},{\"@type\":\"WebSite\",\"@id\":\"https:\\\/\\\/cyberlogics.ao\\\/#website\",\"url\":\"https:\\\/\\\/cyberlogics.ao\\\/\",\"name\":\"Cyberlogics Technologies Angola\",\"description\":\"Loja Online de Licen\u00e7as de Softwares e Inform\u00e1tica\",\"publisher\":{\"@id\":\"https:\\\/\\\/cyberlogics.ao\\\/#organization\"},\"potentialAction\":[{\"@type\":\"SearchAction\",\"target\":{\"@type\":\"EntryPoint\",\"urlTemplate\":\"https:\\\/\\\/cyberlogics.ao\\\/?s={search_term_string}\"},\"query-input\":{\"@type\":\"PropertyValueSpecification\",\"valueRequired\":true,\"valueName\":\"search_term_string\"}}],\"inLanguage\":\"pt-PT\"},{\"@type\":\"Organization\",\"@id\":\"https:\\\/\\\/cyberlogics.ao\\\/#organization\",\"name\":\"Cyberlogics Ao Technologies - Loja Online de Licen\u00e7as de Softwares e Inform\u00e1tica\",\"url\":\"https:\\\/\\\/cyberlogics.ao\\\/\",\"logo\":{\"@type\":\"ImageObject\",\"inLanguage\":\"pt-PT\",\"@id\":\"https:\\\/\\\/cyberlogics.ao\\\/#\\\/schema\\\/logo\\\/image\\\/\",\"url\":\"https:\\\/\\\/cyberlogics.ao\\\/wp-content\\\/uploads\\\/2022\\\/04\\\/CT-logo.png\",\"contentUrl\":\"https:\\\/\\\/cyberlogics.ao\\\/wp-content\\\/uploads\\\/2022\\\/04\\\/CT-logo.png\",\"width\":190,\"height\":75,\"caption\":\"Cyberlogics Ao Technologies - Loja Online de Licen\u00e7as de Softwares e Inform\u00e1tica\"},\"image\":{\"@id\":\"https:\\\/\\\/cyberlogics.ao\\\/#\\\/schema\\\/logo\\\/image\\\/\"}}]}<\/script>\n<!-- \/ Yoast SEO plugin. -->","yoast_head_json":{"title":"HP Proliant DL360e G8 - Cyberlogics Technologies Angola","description":"A Maior Loja Online de Angola de Licen\u00e7as Microsoft Office | Chaves Sistemas Operativos Windows | Antiv\u00edrus | Cloud Adobe | Inform\u00e1tica & Servidores | Softwares de Gest\u00e3o ERP | Gaming Hardware | UPS e Baterias & Muito Mais...","robots":{"index":"index","follow":"follow","max-snippet":"max-snippet:-1","max-image-preview":"max-image-preview:large","max-video-preview":"max-video-preview:-1"},"canonical":"https:\/\/cyberlogics.ao\/index.php\/product\/hp-proliant-dl360e-g8\/","og_locale":"pt_PT","og_type":"article","og_title":"HP Proliant DL360e G8 - Cyberlogics Technologies Angola","og_description":"A Maior Loja Online de Angola de Licen\u00e7as Microsoft Office | Chaves Sistemas Operativos Windows | Antiv\u00edrus | Cloud Adobe | Inform\u00e1tica & Servidores | Softwares de Gest\u00e3o ERP | Gaming Hardware | UPS e Baterias & Muito Mais...","og_url":"https:\/\/cyberlogics.ao\/index.php\/product\/hp-proliant-dl360e-g8\/","og_site_name":"Cyberlogics Technologies Angola","article_modified_time":"2024-02-09T15:22:39+00:00","og_image":[{"width":400,"height":400,"url":"https:\/\/cyberlogics.ao\/wp-content\/uploads\/2022\/04\/HP-Proliant-DL360e-G8-400x400-1.jpeg","type":"image\/jpeg"}],"twitter_card":"summary_large_image","twitter_misc":{"Tempo estimado de leitura":"4 minutos"},"schema":{"@context":"https:\/\/schema.org","@graph":[{"@type":"WebPage","@id":"https:\/\/cyberlogics.ao\/index.php\/product\/hp-proliant-dl360e-g8\/","url":"https:\/\/cyberlogics.ao\/index.php\/product\/hp-proliant-dl360e-g8\/","name":"HP Proliant DL360e G8 - Cyberlogics Technologies Angola","isPartOf":{"@id":"https:\/\/cyberlogics.ao\/#website"},"primaryImageOfPage":{"@id":"https:\/\/cyberlogics.ao\/index.php\/product\/hp-proliant-dl360e-g8\/#primaryimage"},"image":{"@id":"https:\/\/cyberlogics.ao\/index.php\/product\/hp-proliant-dl360e-g8\/#primaryimage"},"thumbnailUrl":"https:\/\/cyberlogics.ao\/wp-content\/uploads\/2022\/04\/HP-Proliant-DL360e-G8-400x400-1.jpeg","datePublished":"2022-04-23T17:05:56+00:00","dateModified":"2024-02-09T15:22:39+00:00","description":"A Maior Loja Online de Angola de Licen\u00e7as Microsoft Office | Chaves Sistemas Operativos Windows | Antiv\u00edrus | Cloud Adobe | Inform\u00e1tica & Servidores | Softwares de Gest\u00e3o ERP | Gaming Hardware | UPS e Baterias & Muito Mais...","breadcrumb":{"@id":"https:\/\/cyberlogics.ao\/index.php\/product\/hp-proliant-dl360e-g8\/#breadcrumb"},"inLanguage":"pt-PT","potentialAction":[{"@type":"ReadAction","target":["https:\/\/cyberlogics.ao\/index.php\/product\/hp-proliant-dl360e-g8\/"]}]},{"@type":"ImageObject","inLanguage":"pt-PT","@id":"https:\/\/cyberlogics.ao\/index.php\/product\/hp-proliant-dl360e-g8\/#primaryimage","url":"https:\/\/cyberlogics.ao\/wp-content\/uploads\/2022\/04\/HP-Proliant-DL360e-G8-400x400-1.jpeg","contentUrl":"https:\/\/cyberlogics.ao\/wp-content\/uploads\/2022\/04\/HP-Proliant-DL360e-G8-400x400-1.jpeg","width":400,"height":400},{"@type":"BreadcrumbList","@id":"https:\/\/cyberlogics.ao\/index.php\/product\/hp-proliant-dl360e-g8\/#breadcrumb","itemListElement":[{"@type":"ListItem","position":1,"name":"In\u00edcio","item":"https:\/\/cyberlogics.ao\/"},{"@type":"ListItem","position":2,"name":"Produtos","item":"https:\/\/cyberlogics.ao\/index.php\/shop-2\/"},{"@type":"ListItem","position":3,"name":"HP Proliant DL360e G8"}]},{"@type":"WebSite","@id":"https:\/\/cyberlogics.ao\/#website","url":"https:\/\/cyberlogics.ao\/","name":"Cyberlogics Technologies Angola","description":"Loja Online de Licen\u00e7as de Softwares e Inform\u00e1tica","publisher":{"@id":"https:\/\/cyberlogics.ao\/#organization"},"potentialAction":[{"@type":"SearchAction","target":{"@type":"EntryPoint","urlTemplate":"https:\/\/cyberlogics.ao\/?s={search_term_string}"},"query-input":{"@type":"PropertyValueSpecification","valueRequired":true,"valueName":"search_term_string"}}],"inLanguage":"pt-PT"},{"@type":"Organization","@id":"https:\/\/cyberlogics.ao\/#organization","name":"Cyberlogics Ao Technologies - Loja Online de Licen\u00e7as de Softwares e Inform\u00e1tica","url":"https:\/\/cyberlogics.ao\/","logo":{"@type":"ImageObject","inLanguage":"pt-PT","@id":"https:\/\/cyberlogics.ao\/#\/schema\/logo\/image\/","url":"https:\/\/cyberlogics.ao\/wp-content\/uploads\/2022\/04\/CT-logo.png","contentUrl":"https:\/\/cyberlogics.ao\/wp-content\/uploads\/2022\/04\/CT-logo.png","width":190,"height":75,"caption":"Cyberlogics Ao Technologies - Loja Online de Licen\u00e7as de Softwares e Inform\u00e1tica"},"image":{"@id":"https:\/\/cyberlogics.ao\/#\/schema\/logo\/image\/"}}]}},"_links":{"self":[{"href":"https:\/\/cyberlogics.ao\/index.php\/wp-json\/wp\/v2\/product\/6003","targetHints":{"allow":["GET"]}}],"collection":[{"href":"https:\/\/cyberlogics.ao\/index.php\/wp-json\/wp\/v2\/product"}],"about":[{"href":"https:\/\/cyberlogics.ao\/index.php\/wp-json\/wp\/v2\/types\/product"}],"replies":[{"embeddable":true,"href":"https:\/\/cyberlogics.ao\/index.php\/wp-json\/wp\/v2\/comments?post=6003"}],"wp:featuredmedia":[{"embeddable":true,"href":"https:\/\/cyberlogics.ao\/index.php\/wp-json\/wp\/v2\/media\/6004"}],"wp:attachment":[{"href":"https:\/\/cyberlogics.ao\/index.php\/wp-json\/wp\/v2\/media?parent=6003"}],"wp:term":[{"taxonomy":"product_brand","embeddable":true,"href":"https:\/\/cyberlogics.ao\/index.php\/wp-json\/wp\/v2\/product_brand?post=6003"},{"taxonomy":"product_cat","embeddable":true,"href":"https:\/\/cyberlogics.ao\/index.php\/wp-json\/wp\/v2\/product_cat?post=6003"},{"taxonomy":"product_tag","embeddable":true,"href":"https:\/\/cyberlogics.ao\/index.php\/wp-json\/wp\/v2\/product_tag?post=6003"}],"curies":[{"name":"wp","href":"https:\/\/api.w.org\/{rel}","templated":true}]}}