{"id":6008,"date":"2022-04-23T17:10:54","date_gmt":"2022-04-23T17:10:54","guid":{"rendered":"https:\/\/cyberlogics.ao\/?post_type=product&#038;p=6008"},"modified":"2023-03-22T10:43:49","modified_gmt":"2023-03-22T10:43:49","slug":"thinksystem-st250-servidor-torre","status":"publish","type":"product","link":"https:\/\/cyberlogics.ao\/index.php\/product\/thinksystem-st250-servidor-torre\/","title":{"rendered":"ThinkSystem ST250 Servidor Torre"},"content":{"rendered":"<table border=\"2\" cellspacing=\"0\">\n<tbody>\n<tr>\n<td valign=\"top\"><strong>Product Name<\/strong><\/td>\n<td valign=\"top\">Lenovo ThinkSystem ST250 Server<\/td>\n<\/tr>\n<tr>\n<td valign=\"top\"><strong>Form factor<\/strong><\/td>\n<td valign=\"top\">Tower or 4U Rack.<\/td>\n<\/tr>\n<tr>\n<td valign=\"top\"><strong>Processor<\/strong><\/td>\n<td valign=\"top\">One Intel processor (formerly codenamed &#8220;Coffee Lake&#8221;). Choose from:<br \/>\n* Intel Xeon E-2100 Series processor up to 3.8 GHz<br \/>\n* Intel Core i3-8100\/8300 Series processor up to 4 GHz<br \/>\n* Intel Pentium G5400\/G5500\/G5600 Series processor up to 3.9 GHz<\/td>\n<\/tr>\n<tr>\n<td valign=\"top\"><strong>Chipset<\/strong><\/td>\n<td valign=\"top\">Intel C246 chipset<\/td>\n<\/tr>\n<tr>\n<td valign=\"top\"><strong>Memory<\/strong><\/td>\n<td valign=\"top\">Four DIMM sockets supporting Lenovo TruDDR4 DIMMs at 2666 MHz. Support ECC UDIMMs.<\/td>\n<\/tr>\n<tr>\n<td valign=\"top\"><strong>Disk drive bays<\/strong><\/td>\n<td valign=\"top\">Available configurations:<br \/>\n* 8x or 16x 2.5-inch SAS\/SATA hot-swap drive bays<br \/>\n* 4x or 8x 3.5-inch SAS\/SATA hot-swap drive bays<br \/>\n* Both 4x 3.5-inch + 8x 2.5-inch SAS\/SATA hot-swap drive bays<br \/>\n* 8x 3.5-inch simple-swap drive bays<\/p>\n<p>In addition, the ST250 supports one M.2 Drive via an onboard connector. Note: If the onboard SATA controller is used to connect<br \/>\nthe drive bays, then only 6 drives can be installed if an M.2 drive is installed.<\/td>\n<\/tr>\n<tr>\n<td valign=\"top\"><strong>Maximum internal storage<\/strong><\/td>\n<td valign=\"top\">\u00a0* 38.4 TB with 16x 2.4TB 2.5-inch SAS hot-swap HDDs<br \/>\n* 15.4 TB with 16x 960GB 2.5-inch SATA hot-swap SSDs<br \/>\n* 64 TB with 8x 8TB 3.5-inch SATA or SAS hot-swap HDDs<br \/>\n* 64 TB with 8x 8TB 3.5-inch SATA simple-swap HDDs<br \/>\n* Intermix of SAS and SATA is supported.<\/td>\n<\/tr>\n<tr>\n<td valign=\"top\"><strong>Storage controller<\/strong><\/td>\n<td valign=\"top\">\u00a0\u00a0* Onboard 6 Gb SATA for simple-swap drive configurations, using embedded Intel RSTe software RAID, supporting RAID 0, 1, 10, 5,<br \/>\n50<br \/>\n* 12 Gb SAS\/SATA RAID for hot-swap drive configurations: * RAID 530i (cacheless) supports RAID 0, 1, 10, 5, 50<br \/>\n* RAID 730-8i with 1GB cache supports RAID 0, 1, 10, 5, 50<br \/>\n* RAID 930-8i with 2GB flash-backed cache supports RAID 0, 1, 10, 5, 50,<br \/>\n6, 60<br \/>\n* RAID 930-16i and 24i with 4GB flash-backed cache supports RAID 0, 1,<br \/>\n10, 5, 50, 6, 60<br \/>\n* 12 Gb SAS\/SATA non-RAID: 430-8i and 430-16i HBAs<\/td>\n<\/tr>\n<tr>\n<td valign=\"top\"><strong>Optical drive bays<\/strong><\/td>\n<td valign=\"top\">Two half-height 5.25-inch bays for optical or tape drives. Supports SATA DVD-ROM or DVD-RW (multiburner). Note: If the onboard<br \/>\nSATA controller is used to connect the drive bays, then only 6 drives can be installed if an optical drive is installed.<\/td>\n<\/tr>\n<tr>\n<td valign=\"top\"><strong>Network interfaces<\/strong><\/td>\n<td valign=\"top\">Two integrated Gigabit Ethernet 1000BASE-T ports (RJ-45) based on Broadcom BCM5720 embedded controller, one can be shared with XCC<br \/>\nfor systems management. Third dedicated Gigabit Ethernet port for XCC systems management.<\/td>\n<\/tr>\n<tr>\n<td valign=\"top\"><strong>PCI Expansion slots<\/strong><\/td>\n<td valign=\"top\">Four PCIe slots as follows: * Slot 1: PCIe 3.0 x1 full-height, half-length<br \/>\n* Slot 2: PCIe 3.0 x16 full-height, half-length<br \/>\n* Slot 3: PCIe 3.0 x4 full-height, half-length<br \/>\n* Slot 4: PCIe 3.0 x4 full-height, half-length (x8 physical slot)<\/td>\n<\/tr>\n<tr>\n<td valign=\"top\"><strong>Ports<\/strong><\/td>\n<td valign=\"top\">* Front: * One USB 3.1 G1 (5 Gb\/s) port<br \/>\n* One USB 2.0 port (supports XClarity Mobile connectivity for local systems management)<br \/>\n<span data-spm-anchor-id=\"a2700.details.0.i40.1c097b59wtNhzw\">* Rear: * Two USB 3.1 G1 (5Gb\/s) ports<\/span><br \/>\n* Two USB 3.1 G2 (10Gb\/s) ports<br \/>\n* One VGA video<br \/>\n* One RJ-45 systems management<br \/>\n* Two RJ-45 GbE network ports<br \/>\n* One serial port<br \/>\n* Internal: * One internal USB 3.0 port for RDX drive<\/td>\n<\/tr>\n<tr>\n<td valign=\"top\"><strong>Power supply<\/strong><\/td>\n<td valign=\"top\">Two choices, model dependent:<br \/>\n* One fixed power supply, 250W. 80 PLUS Platinum certified.<br \/>\n* Two redundant hot-swap power supplies, each 550W. For China customers, the 550W power supplies support 240V DC input. 80 PLUS<br \/>\nPlatinum certified. Energy Star 2.1 compliant.<\/td>\n<\/tr>\n<tr>\n<td valign=\"top\"><strong>Hot-swap parts<\/strong><\/td>\n<td valign=\"top\">Hard drives and 550W power supplies<\/td>\n<\/tr>\n<tr>\n<td valign=\"top\"><strong>Dimensions<\/strong><\/td>\n<td valign=\"top\">Height: 430 mm (16.9 inches), width: 175 mm (6.9 inches), depth: 566 mm (22.3 inches)<\/td>\n<\/tr>\n<tr>\n<td valign=\"top\"><strong>Weight<\/strong><\/td>\n<td valign=\"top\">Fully configured: 23.56 kg (51.94 lb)<\/td>\n<\/tr>\n<\/tbody>\n<\/table>\n","protected":false},"excerpt":{"rendered":"<p>O Lenovo ThinkSystem ST250 \u00e9 um servidor em torre convencional de 1 soquete que tamb\u00e9m pode ser montado em rack como um servidor em rack de 4U. \u00c9 ideal para pequenas e m\u00e9dias empresas, escrit\u00f3rios remotos, filiais, bancos e setor p\u00fablico.<br \/>\nEste guia do produto fornece informa\u00e7\u00f5es essenciais de pr\u00e9-venda para entender o servidor ThinkSystem ST250, seus principais recursos e especifica\u00e7\u00f5es, componentes e op\u00e7\u00f5es e diretrizes de configura\u00e7\u00e3o. Este guia destina-se a especialistas t\u00e9cnicos, especialistas em vendas, engenheiros de vendas, arquitetos de TI e outros profissionais de TI que desejam aprender mais sobre o ST250 e considerar seu uso em solu\u00e7\u00f5es de TI.<\/p>\n","protected":false},"featured_media":6960,"comment_status":"open","ping_status":"closed","template":"","meta":{"_joinchat":[]},"product_brand":[],"product_cat":[115,260],"product_tag":[],"class_list":{"0":"post-6008","1":"product","2":"type-product","3":"status-publish","4":"has-post-thumbnail","6":"product_cat-servidores","7":"product_cat-servidores-torre","9":"first","10":"instock","11":"shipping-taxable","12":"purchasable","13":"product-type-simple"},"yoast_head":"<!-- This site is optimized with the Yoast SEO plugin v27.4 - https:\/\/yoast.com\/product\/yoast-seo-wordpress\/ -->\n<title>ThinkSystem ST250 Servidor Torre - Cyberlogics Technologies Angola<\/title>\n<meta name=\"description\" content=\"A Maior Loja Online de Angola de Licen\u00e7as Microsoft Office | Chaves Sistemas Operativos Windows | Antiv\u00edrus | Cloud Adobe | Inform\u00e1tica &amp; Servidores | Softwares de Gest\u00e3o ERP | Gaming Hardware | UPS e Baterias &amp; Muito Mais...\" \/>\n<meta name=\"robots\" content=\"index, follow, max-snippet:-1, max-image-preview:large, max-video-preview:-1\" \/>\n<link rel=\"canonical\" href=\"https:\/\/cyberlogics.ao\/index.php\/product\/thinksystem-st250-servidor-torre\/\" \/>\n<meta property=\"og:locale\" content=\"pt_PT\" \/>\n<meta property=\"og:type\" content=\"article\" \/>\n<meta property=\"og:title\" content=\"ThinkSystem ST250 Servidor Torre - Cyberlogics Technologies Angola\" \/>\n<meta property=\"og:description\" content=\"A Maior Loja Online de Angola de Licen\u00e7as Microsoft Office | Chaves Sistemas Operativos Windows | Antiv\u00edrus | Cloud Adobe | Inform\u00e1tica &amp; Servidores | Softwares de Gest\u00e3o ERP | Gaming Hardware | UPS e Baterias &amp; Muito Mais...\" \/>\n<meta property=\"og:url\" content=\"https:\/\/cyberlogics.ao\/index.php\/product\/thinksystem-st250-servidor-torre\/\" \/>\n<meta property=\"og:site_name\" content=\"Cyberlogics Technologies Angola\" \/>\n<meta property=\"article:modified_time\" content=\"2023-03-22T10:43:49+00:00\" \/>\n<meta property=\"og:image\" content=\"http:\/\/cyberlogics.ao\/wp-content\/uploads\/2022\/04\/server.png\" \/>\n\t<meta property=\"og:image:width\" content=\"640\" \/>\n\t<meta property=\"og:image:height\" content=\"640\" \/>\n\t<meta property=\"og:image:type\" content=\"image\/png\" \/>\n<meta name=\"twitter:card\" content=\"summary_large_image\" \/>\n<meta name=\"twitter:label1\" content=\"Tempo estimado de leitura\" \/>\n\t<meta name=\"twitter:data1\" content=\"2 minutos\" \/>\n<script type=\"application\/ld+json\" class=\"yoast-schema-graph\">{\"@context\":\"https:\\\/\\\/schema.org\",\"@graph\":[{\"@type\":\"WebPage\",\"@id\":\"https:\\\/\\\/cyberlogics.ao\\\/index.php\\\/product\\\/thinksystem-st250-servidor-torre\\\/\",\"url\":\"https:\\\/\\\/cyberlogics.ao\\\/index.php\\\/product\\\/thinksystem-st250-servidor-torre\\\/\",\"name\":\"ThinkSystem ST250 Servidor Torre - Cyberlogics Technologies Angola\",\"isPartOf\":{\"@id\":\"https:\\\/\\\/cyberlogics.ao\\\/#website\"},\"primaryImageOfPage\":{\"@id\":\"https:\\\/\\\/cyberlogics.ao\\\/index.php\\\/product\\\/thinksystem-st250-servidor-torre\\\/#primaryimage\"},\"image\":{\"@id\":\"https:\\\/\\\/cyberlogics.ao\\\/index.php\\\/product\\\/thinksystem-st250-servidor-torre\\\/#primaryimage\"},\"thumbnailUrl\":\"https:\\\/\\\/cyberlogics.ao\\\/wp-content\\\/uploads\\\/2022\\\/04\\\/server.png\",\"datePublished\":\"2022-04-23T17:10:54+00:00\",\"dateModified\":\"2023-03-22T10:43:49+00:00\",\"description\":\"A Maior Loja Online de Angola de Licen\u00e7as Microsoft Office | Chaves Sistemas Operativos Windows | Antiv\u00edrus | Cloud Adobe | Inform\u00e1tica & Servidores | Softwares de Gest\u00e3o ERP | Gaming Hardware | UPS e Baterias & Muito Mais...\",\"breadcrumb\":{\"@id\":\"https:\\\/\\\/cyberlogics.ao\\\/index.php\\\/product\\\/thinksystem-st250-servidor-torre\\\/#breadcrumb\"},\"inLanguage\":\"pt-PT\",\"potentialAction\":[{\"@type\":\"ReadAction\",\"target\":[\"https:\\\/\\\/cyberlogics.ao\\\/index.php\\\/product\\\/thinksystem-st250-servidor-torre\\\/\"]}]},{\"@type\":\"ImageObject\",\"inLanguage\":\"pt-PT\",\"@id\":\"https:\\\/\\\/cyberlogics.ao\\\/index.php\\\/product\\\/thinksystem-st250-servidor-torre\\\/#primaryimage\",\"url\":\"https:\\\/\\\/cyberlogics.ao\\\/wp-content\\\/uploads\\\/2022\\\/04\\\/server.png\",\"contentUrl\":\"https:\\\/\\\/cyberlogics.ao\\\/wp-content\\\/uploads\\\/2022\\\/04\\\/server.png\",\"width\":640,\"height\":640},{\"@type\":\"BreadcrumbList\",\"@id\":\"https:\\\/\\\/cyberlogics.ao\\\/index.php\\\/product\\\/thinksystem-st250-servidor-torre\\\/#breadcrumb\",\"itemListElement\":[{\"@type\":\"ListItem\",\"position\":1,\"name\":\"In\u00edcio\",\"item\":\"https:\\\/\\\/cyberlogics.ao\\\/\"},{\"@type\":\"ListItem\",\"position\":2,\"name\":\"Produtos\",\"item\":\"https:\\\/\\\/cyberlogics.ao\\\/index.php\\\/shop-2\\\/\"},{\"@type\":\"ListItem\",\"position\":3,\"name\":\"ThinkSystem ST250 Servidor Torre\"}]},{\"@type\":\"WebSite\",\"@id\":\"https:\\\/\\\/cyberlogics.ao\\\/#website\",\"url\":\"https:\\\/\\\/cyberlogics.ao\\\/\",\"name\":\"Cyberlogics Technologies Angola\",\"description\":\"Loja Online de Licen\u00e7as de Softwares e Inform\u00e1tica\",\"publisher\":{\"@id\":\"https:\\\/\\\/cyberlogics.ao\\\/#organization\"},\"potentialAction\":[{\"@type\":\"SearchAction\",\"target\":{\"@type\":\"EntryPoint\",\"urlTemplate\":\"https:\\\/\\\/cyberlogics.ao\\\/?s={search_term_string}\"},\"query-input\":{\"@type\":\"PropertyValueSpecification\",\"valueRequired\":true,\"valueName\":\"search_term_string\"}}],\"inLanguage\":\"pt-PT\"},{\"@type\":\"Organization\",\"@id\":\"https:\\\/\\\/cyberlogics.ao\\\/#organization\",\"name\":\"Cyberlogics Ao Technologies - Loja Online de Licen\u00e7as de Softwares e Inform\u00e1tica\",\"url\":\"https:\\\/\\\/cyberlogics.ao\\\/\",\"logo\":{\"@type\":\"ImageObject\",\"inLanguage\":\"pt-PT\",\"@id\":\"https:\\\/\\\/cyberlogics.ao\\\/#\\\/schema\\\/logo\\\/image\\\/\",\"url\":\"https:\\\/\\\/cyberlogics.ao\\\/wp-content\\\/uploads\\\/2022\\\/04\\\/CT-logo.png\",\"contentUrl\":\"https:\\\/\\\/cyberlogics.ao\\\/wp-content\\\/uploads\\\/2022\\\/04\\\/CT-logo.png\",\"width\":190,\"height\":75,\"caption\":\"Cyberlogics Ao Technologies - Loja Online de Licen\u00e7as de Softwares e Inform\u00e1tica\"},\"image\":{\"@id\":\"https:\\\/\\\/cyberlogics.ao\\\/#\\\/schema\\\/logo\\\/image\\\/\"}}]}<\/script>\n<!-- \/ Yoast SEO plugin. -->","yoast_head_json":{"title":"ThinkSystem ST250 Servidor Torre - Cyberlogics Technologies Angola","description":"A Maior Loja Online de Angola de Licen\u00e7as Microsoft Office | Chaves Sistemas Operativos Windows | Antiv\u00edrus | Cloud Adobe | Inform\u00e1tica & Servidores | Softwares de Gest\u00e3o ERP | Gaming Hardware | UPS e Baterias & Muito Mais...","robots":{"index":"index","follow":"follow","max-snippet":"max-snippet:-1","max-image-preview":"max-image-preview:large","max-video-preview":"max-video-preview:-1"},"canonical":"https:\/\/cyberlogics.ao\/index.php\/product\/thinksystem-st250-servidor-torre\/","og_locale":"pt_PT","og_type":"article","og_title":"ThinkSystem ST250 Servidor Torre - Cyberlogics Technologies Angola","og_description":"A Maior Loja Online de Angola de Licen\u00e7as Microsoft Office | Chaves Sistemas Operativos Windows | Antiv\u00edrus | Cloud Adobe | Inform\u00e1tica & Servidores | Softwares de Gest\u00e3o ERP | Gaming Hardware | UPS e Baterias & Muito Mais...","og_url":"https:\/\/cyberlogics.ao\/index.php\/product\/thinksystem-st250-servidor-torre\/","og_site_name":"Cyberlogics Technologies Angola","article_modified_time":"2023-03-22T10:43:49+00:00","og_image":[{"width":640,"height":640,"url":"http:\/\/cyberlogics.ao\/wp-content\/uploads\/2022\/04\/server.png","type":"image\/png"}],"twitter_card":"summary_large_image","twitter_misc":{"Tempo estimado de leitura":"2 minutos"},"schema":{"@context":"https:\/\/schema.org","@graph":[{"@type":"WebPage","@id":"https:\/\/cyberlogics.ao\/index.php\/product\/thinksystem-st250-servidor-torre\/","url":"https:\/\/cyberlogics.ao\/index.php\/product\/thinksystem-st250-servidor-torre\/","name":"ThinkSystem ST250 Servidor Torre - Cyberlogics Technologies Angola","isPartOf":{"@id":"https:\/\/cyberlogics.ao\/#website"},"primaryImageOfPage":{"@id":"https:\/\/cyberlogics.ao\/index.php\/product\/thinksystem-st250-servidor-torre\/#primaryimage"},"image":{"@id":"https:\/\/cyberlogics.ao\/index.php\/product\/thinksystem-st250-servidor-torre\/#primaryimage"},"thumbnailUrl":"https:\/\/cyberlogics.ao\/wp-content\/uploads\/2022\/04\/server.png","datePublished":"2022-04-23T17:10:54+00:00","dateModified":"2023-03-22T10:43:49+00:00","description":"A Maior Loja Online de Angola de Licen\u00e7as Microsoft Office | Chaves Sistemas Operativos Windows | Antiv\u00edrus | Cloud Adobe | Inform\u00e1tica & Servidores | Softwares de Gest\u00e3o ERP | Gaming Hardware | UPS e Baterias & Muito Mais...","breadcrumb":{"@id":"https:\/\/cyberlogics.ao\/index.php\/product\/thinksystem-st250-servidor-torre\/#breadcrumb"},"inLanguage":"pt-PT","potentialAction":[{"@type":"ReadAction","target":["https:\/\/cyberlogics.ao\/index.php\/product\/thinksystem-st250-servidor-torre\/"]}]},{"@type":"ImageObject","inLanguage":"pt-PT","@id":"https:\/\/cyberlogics.ao\/index.php\/product\/thinksystem-st250-servidor-torre\/#primaryimage","url":"https:\/\/cyberlogics.ao\/wp-content\/uploads\/2022\/04\/server.png","contentUrl":"https:\/\/cyberlogics.ao\/wp-content\/uploads\/2022\/04\/server.png","width":640,"height":640},{"@type":"BreadcrumbList","@id":"https:\/\/cyberlogics.ao\/index.php\/product\/thinksystem-st250-servidor-torre\/#breadcrumb","itemListElement":[{"@type":"ListItem","position":1,"name":"In\u00edcio","item":"https:\/\/cyberlogics.ao\/"},{"@type":"ListItem","position":2,"name":"Produtos","item":"https:\/\/cyberlogics.ao\/index.php\/shop-2\/"},{"@type":"ListItem","position":3,"name":"ThinkSystem ST250 Servidor Torre"}]},{"@type":"WebSite","@id":"https:\/\/cyberlogics.ao\/#website","url":"https:\/\/cyberlogics.ao\/","name":"Cyberlogics Technologies Angola","description":"Loja Online de Licen\u00e7as de Softwares e Inform\u00e1tica","publisher":{"@id":"https:\/\/cyberlogics.ao\/#organization"},"potentialAction":[{"@type":"SearchAction","target":{"@type":"EntryPoint","urlTemplate":"https:\/\/cyberlogics.ao\/?s={search_term_string}"},"query-input":{"@type":"PropertyValueSpecification","valueRequired":true,"valueName":"search_term_string"}}],"inLanguage":"pt-PT"},{"@type":"Organization","@id":"https:\/\/cyberlogics.ao\/#organization","name":"Cyberlogics Ao Technologies - Loja Online de Licen\u00e7as de Softwares e Inform\u00e1tica","url":"https:\/\/cyberlogics.ao\/","logo":{"@type":"ImageObject","inLanguage":"pt-PT","@id":"https:\/\/cyberlogics.ao\/#\/schema\/logo\/image\/","url":"https:\/\/cyberlogics.ao\/wp-content\/uploads\/2022\/04\/CT-logo.png","contentUrl":"https:\/\/cyberlogics.ao\/wp-content\/uploads\/2022\/04\/CT-logo.png","width":190,"height":75,"caption":"Cyberlogics Ao Technologies - Loja Online de Licen\u00e7as de Softwares e Inform\u00e1tica"},"image":{"@id":"https:\/\/cyberlogics.ao\/#\/schema\/logo\/image\/"}}]}},"_links":{"self":[{"href":"https:\/\/cyberlogics.ao\/index.php\/wp-json\/wp\/v2\/product\/6008","targetHints":{"allow":["GET"]}}],"collection":[{"href":"https:\/\/cyberlogics.ao\/index.php\/wp-json\/wp\/v2\/product"}],"about":[{"href":"https:\/\/cyberlogics.ao\/index.php\/wp-json\/wp\/v2\/types\/product"}],"replies":[{"embeddable":true,"href":"https:\/\/cyberlogics.ao\/index.php\/wp-json\/wp\/v2\/comments?post=6008"}],"wp:featuredmedia":[{"embeddable":true,"href":"https:\/\/cyberlogics.ao\/index.php\/wp-json\/wp\/v2\/media\/6960"}],"wp:attachment":[{"href":"https:\/\/cyberlogics.ao\/index.php\/wp-json\/wp\/v2\/media?parent=6008"}],"wp:term":[{"taxonomy":"product_brand","embeddable":true,"href":"https:\/\/cyberlogics.ao\/index.php\/wp-json\/wp\/v2\/product_brand?post=6008"},{"taxonomy":"product_cat","embeddable":true,"href":"https:\/\/cyberlogics.ao\/index.php\/wp-json\/wp\/v2\/product_cat?post=6008"},{"taxonomy":"product_tag","embeddable":true,"href":"https:\/\/cyberlogics.ao\/index.php\/wp-json\/wp\/v2\/product_tag?post=6008"}],"curies":[{"name":"wp","href":"https:\/\/api.w.org\/{rel}","templated":true}]}}