{"id":6465,"date":"2022-05-05T10:50:58","date_gmt":"2022-05-05T10:50:58","guid":{"rendered":"https:\/\/cyberlogics.ao\/?post_type=product&#038;p=6465"},"modified":"2024-02-09T15:22:32","modified_gmt":"2024-02-09T15:22:32","slug":"microsoft-visio-2019-professional-2-pcs","status":"publish","type":"product","link":"https:\/\/cyberlogics.ao\/index.php\/product\/microsoft-visio-2019-professional-2-pcs\/","title":{"rendered":"Microsoft Visio 2019 Professional"},"content":{"rendered":"<p><strong>Vis\u00e3o Geral<\/strong><\/p>\n<p>Crie facilmente qualquer diagrama profissional com modelos prontos e milhares de formas que ajudam a atender aos padr\u00f5es do setor.\u00a0Realize atividades comuns de fluxograma com facilidade, gra\u00e7as \u00e0 experi\u00eancia familiar do Office.\u00a0Sobreponha rapidamente dados sobre uma rede de TI, f\u00e1brica ou processo de neg\u00f3cios.\u00a0\u00c0 medida que seus dados subjacentes s\u00e3o atualizados, seus diagramas e visualiza\u00e7\u00f5es de dados s\u00e3o atualizados automaticamente.\u00a0Colabore da maneira que desejar.\u00a0Trabalhe juntos no mesmo diagrama ao mesmo tempo ou converse via Skype for Business.\u00a0Compartilhe diagramas vinculados a dados facilmente com qualquer pessoa da sua organiza\u00e7\u00e3o, de praticamente qualquer lugar, e mantenha todos em sincronia com informa\u00e7\u00f5es operacionais.\u00a0Mantenha todos em sua organiza\u00e7\u00e3o produtivos enquanto libera a TI para trabalhar em iniciativas mais estrat\u00e9gicas.<\/p>\n<p><strong>Recursos<\/strong><\/p>\n<table border=\"0\" cellspacing=\"0\" cellpadding=\"0\">\n<tbody>\n<tr>\n<td class=\"xl66\" width=\"289\" height=\"20\">\n<h3>Crie qualquer coisa visualmente<\/h3>\n<\/td>\n<td class=\"xl66\" width=\"630\"><\/td>\n<\/tr>\n<tr>\n<td><strong>Modelos vers\u00e1teis e milhares de formas<\/strong><\/td>\n<td>Use um dos muitos modelos pr\u00e9-criados do Visio e aumente a produtividade com formas prontas.<\/td>\n<\/tr>\n<tr>\n<td><strong>Suporte para padr\u00f5es da ind\u00fastria<\/strong><\/td>\n<td>Aproveite os modelos que atendem aos padr\u00f5es do setor, como Modelo de Processo de Neg\u00f3cios e Nota\u00e7\u00e3o (BPMN) 2.0 e Instituto de Engenheiros El\u00e9tricos e Eletr\u00f4nicos (IEEE).<\/td>\n<\/tr>\n<tr>\n<td><strong>Formas inteligentes<\/strong><\/td>\n<td>Use sugest\u00f5es visuais para representar com precis\u00e3o os metadados incorporados nas formas do Visio.\u00a0\u00c0 medida que os metadados, como a dimens\u00e3o, s\u00e3o alterados, a visualiza\u00e7\u00e3o \u00e9 atualizada automaticamente.<\/td>\n<\/tr>\n<tr>\n<td><strong>Capacidade de importar arquivos DWG<\/strong><\/td>\n<td>Adicione dados ou formas inteligentes a projetos AutoCAD importados (suporte at\u00e9 DWG 2010) e simplifique ou aprimore visualiza\u00e7\u00f5es avan\u00e7adas com facilidade.<\/td>\n<\/tr>\n<tr>\n<td class=\"xl66\" height=\"20\"><\/td>\n<td class=\"xl66\"><\/td>\n<\/tr>\n<tr>\n<td class=\"xl66\" height=\"20\">\n<h3>Comece facilmente<\/h3>\n<\/td>\n<td class=\"xl66\"><\/td>\n<\/tr>\n<tr>\n<td><strong>Inicializa\u00e7\u00e3o r\u00e1pida<\/strong><\/td>\n<td>Acelere-se rapidamente com os Diagramas Iniciais e dicas e truques contextuais que orientam voc\u00ea nos recursos b\u00e1sicos.<\/td>\n<\/tr>\n<tr>\n<td><strong>F\u00e1cil experi\u00eancia de fluxograma<\/strong><\/td>\n<td>Realize atividades comuns de diagrama\u00e7\u00e3o \u2013 como alterar formas, alinhar e posicionar automaticamente ou duplicar e reordenar p\u00e1ginas \u2013 com uma experi\u00eancia intuitiva que preserva os metadados e as conex\u00f5es das formas.<\/td>\n<\/tr>\n<tr>\n<td><strong>Pesquisa intuitiva<\/strong><\/td>\n<td>Use a barra de pesquisa Diga-me para encontrar rapidamente recursos \u00fateis no Visio.<\/td>\n<\/tr>\n<tr>\n<td><strong>Temas e efeitos integrados<\/strong><\/td>\n<td>Personalize diagramas usando um poderoso conjunto de efeitos e temas e aplique uma apar\u00eancia completamente diferente ao seu design em apenas alguns cliques.<\/td>\n<\/tr>\n<tr>\n<td class=\"xl66\" height=\"20\"><\/td>\n<td class=\"xl66\"><\/td>\n<\/tr>\n<tr>\n<td class=\"xl66\" height=\"20\">\n<h3>D\u00ea vida aos diagramas com vincula\u00e7\u00e3o de dados<\/h3>\n<\/td>\n<td class=\"xl66\"><\/td>\n<\/tr>\n<tr>\n<td><strong>Sobreposi\u00e7\u00e3o de dados ao vivo<\/strong><\/td>\n<td>Visualize dados ao vivo no contexto de uma estrutura organizacional, rede de TI, f\u00e1brica ou processo de neg\u00f3cios complexo para obter uma vis\u00e3o geral de uma s\u00f3 vez.<\/td>\n<\/tr>\n<tr>\n<td><strong>Dados para diagrama<\/strong><\/td>\n<td>Use um assistente simples para criar automaticamente diagramas a partir dos dados, come\u00e7ando com os organogramas.<\/td>\n<\/tr>\n<tr>\n<td><strong>Gr\u00e1ficos de dados<\/strong><\/td>\n<td>Revele padr\u00f5es e significado em seus dados com gr\u00e1ficos de dados, como \u00edcones vibrantes, s\u00edmbolos, cores e gr\u00e1ficos de barras.<\/td>\n<\/tr>\n<tr>\n<td><strong>Vincula\u00e7\u00e3o de dados em uma etapa<\/strong><\/td>\n<td>Aproveite a nova conectividade de uma etapa com as tabelas do Excel e troque gr\u00e1ficos de dados com um clique.<\/td>\n<\/tr>\n<tr>\n<td><strong>Atualiza\u00e7\u00e3o de dados<\/strong><\/td>\n<td>Tenha uma vis\u00e3o dos seus dados sempre atualizados.\u00a0Mantenha seu diagrama conectado \u00e0 sua fonte de dados e atualize os dados manualmente ou em um agendamento definido.<\/td>\n<\/tr>\n<tr>\n<td class=\"xl66\" height=\"20\"><\/td>\n<td class=\"xl66\"><\/td>\n<\/tr>\n<tr>\n<td class=\"xl66\" height=\"20\">\n<h3>Colabore ao longo dos processos<\/h3>\n<\/td>\n<td class=\"xl66\"><\/td>\n<\/tr>\n<tr>\n<td><strong>Coment\u00e1rios no aplicativo<\/strong><\/td>\n<td>Obtenha ou envie feedback facilmente sobre um diagrama ou forma.<\/td>\n<\/tr>\n<tr>\n<td><strong>Integra\u00e7\u00e3o com o Skype for Business<\/strong><\/td>\n<td>Trabalhe em conjunto facilmente atrav\u00e9s de ferramentas de comunica\u00e7\u00e3o integradas como o Skype for Business.\u00a0Use voz, v\u00eddeo ou bate-papo no Visio, eliminando a necessidade de alternar entre aplicativos.<\/td>\n<\/tr>\n<tr>\n<td><strong>Diagramas protegidos<\/strong><\/td>\n<td>Proteja informa\u00e7\u00f5es confidenciais com as tecnologias de prote\u00e7\u00e3o de arquivos da Microsoft.<\/td>\n<\/tr>\n<tr>\n<td class=\"xl66\" height=\"20\"><\/td>\n<td class=\"xl66\"><\/td>\n<\/tr>\n<tr>\n<td class=\"xl66\" height=\"20\">\n<h3>Comunique uma vers\u00e3o da verdade<\/h3>\n<\/td>\n<td class=\"xl66\"><\/td>\n<\/tr>\n<tr>\n<td><strong>F\u00e1cil compartilhamento de diagrama<\/strong><\/td>\n<td>Compartilhe facilmente diagramas em um navegador com qualquer pessoa da sua organiza\u00e7\u00e3o para obter alinhamento.\u00a0Crie visibilidade das melhores pr\u00e1ticas, pol\u00edticas ou planos futuros para aumentar a conformidade e a efici\u00eancia.<\/td>\n<\/tr>\n<tr>\n<td><strong>Acesso em qualquer lugar<\/strong><\/td>\n<td>Acesse diagramas e processos em qualquer lugar, em praticamente qualquer lugar, em um navegador ou aplicativo para iPad\u00ae.<\/td>\n<\/tr>\n<tr>\n<td><strong>Fidelidade total<\/strong><\/td>\n<td>Use o novo aplicativo Web e o iPad para visualizar diagramas com total fidelidade, com panor\u00e2mica e zoom intuitivos.<\/td>\n<\/tr>\n<tr>\n<td><strong>Painel operacional<\/strong><\/td>\n<td>Use o novo aplicativo da web para manter toda a organiza\u00e7\u00e3o sincronizada com informa\u00e7\u00f5es operacionais visualizadas sobre os processos e planos do mundo real.<\/td>\n<\/tr>\n<\/tbody>\n<\/table>\n","protected":false},"excerpt":{"rendered":"<p>O Visio 2019 Professional leva voc\u00ea ao pr\u00f3ximo n\u00edvel de\u00a0\u00a0<span class=\"lemma-pieces\">visualidade.\u00a0<\/span>Torna f\u00e1cil e intuitivo criar fluxogramas, diagramas de rede, organogramas, plantas, projetos de engenharia e muito mais, usando formas e modelos modernos, com a mais nova experi\u00eancia do Office.<\/p>\n","protected":false},"featured_media":6466,"comment_status":"open","ping_status":"closed","template":"","meta":{"_joinchat":[]},"product_brand":[],"product_cat":[244,275],"product_tag":[],"class_list":{"0":"post-6465","1":"product","2":"type-product","3":"status-publish","4":"has-post-thumbnail","6":"product_cat-microsoft-office-win-mac","7":"product_cat-visio-profissional","9":"first","10":"instock","11":"downloadable","12":"virtual","13":"purchasable","14":"product-type-simple"},"yoast_head":"<!-- This site is optimized with the Yoast SEO plugin v27.3 - https:\/\/yoast.com\/product\/yoast-seo-wordpress\/ -->\n<title>Microsoft Visio 2019 Professional - Cyberlogics Technologies Angola<\/title>\n<meta name=\"description\" content=\"A Maior Loja Online de Angola de Licen\u00e7as Microsoft Office | Chaves Sistemas Operativos Windows | Antiv\u00edrus | Cloud Adobe | Inform\u00e1tica &amp; Servidores | Softwares de Gest\u00e3o ERP | Gaming Hardware | UPS e Baterias &amp; Muito Mais...\" \/>\n<meta name=\"robots\" content=\"index, follow, max-snippet:-1, max-image-preview:large, max-video-preview:-1\" \/>\n<link rel=\"canonical\" href=\"https:\/\/cyberlogics.ao\/index.php\/product\/microsoft-visio-2019-professional-2-pcs\/\" \/>\n<meta property=\"og:locale\" content=\"pt_PT\" \/>\n<meta property=\"og:type\" content=\"article\" \/>\n<meta property=\"og:title\" content=\"Microsoft Visio 2019 Professional - Cyberlogics Technologies Angola\" \/>\n<meta property=\"og:description\" content=\"A Maior Loja Online de Angola de Licen\u00e7as Microsoft Office | Chaves Sistemas Operativos Windows | Antiv\u00edrus | Cloud Adobe | Inform\u00e1tica &amp; Servidores | Softwares de Gest\u00e3o ERP | Gaming Hardware | UPS e Baterias &amp; Muito Mais...\" \/>\n<meta property=\"og:url\" content=\"https:\/\/cyberlogics.ao\/index.php\/product\/microsoft-visio-2019-professional-2-pcs\/\" \/>\n<meta property=\"og:site_name\" content=\"Cyberlogics Technologies Angola\" \/>\n<meta property=\"article:modified_time\" content=\"2024-02-09T15:22:32+00:00\" \/>\n<meta property=\"og:image\" content=\"http:\/\/cyberlogics.ao\/wp-content\/uploads\/2022\/05\/Microsoft-Visio-PROFESSIONAL-2019-2020.webp\" \/>\n\t<meta property=\"og:image:width\" content=\"600\" \/>\n\t<meta property=\"og:image:height\" content=\"600\" \/>\n\t<meta property=\"og:image:type\" content=\"image\/webp\" \/>\n<meta name=\"twitter:card\" content=\"summary_large_image\" \/>\n<meta name=\"twitter:label1\" content=\"Tempo estimado de leitura\" \/>\n\t<meta name=\"twitter:data1\" content=\"4 minutos\" \/>\n<script type=\"application\/ld+json\" class=\"yoast-schema-graph\">{\"@context\":\"https:\\\/\\\/schema.org\",\"@graph\":[{\"@type\":\"WebPage\",\"@id\":\"https:\\\/\\\/cyberlogics.ao\\\/index.php\\\/product\\\/microsoft-visio-2019-professional-2-pcs\\\/\",\"url\":\"https:\\\/\\\/cyberlogics.ao\\\/index.php\\\/product\\\/microsoft-visio-2019-professional-2-pcs\\\/\",\"name\":\"Microsoft Visio 2019 Professional - Cyberlogics Technologies Angola\",\"isPartOf\":{\"@id\":\"https:\\\/\\\/cyberlogics.ao\\\/#website\"},\"primaryImageOfPage\":{\"@id\":\"https:\\\/\\\/cyberlogics.ao\\\/index.php\\\/product\\\/microsoft-visio-2019-professional-2-pcs\\\/#primaryimage\"},\"image\":{\"@id\":\"https:\\\/\\\/cyberlogics.ao\\\/index.php\\\/product\\\/microsoft-visio-2019-professional-2-pcs\\\/#primaryimage\"},\"thumbnailUrl\":\"https:\\\/\\\/cyberlogics.ao\\\/wp-content\\\/uploads\\\/2022\\\/05\\\/Microsoft-Visio-PROFESSIONAL-2019-2020.webp\",\"datePublished\":\"2022-05-05T10:50:58+00:00\",\"dateModified\":\"2024-02-09T15:22:32+00:00\",\"description\":\"A Maior Loja Online de Angola de Licen\u00e7as Microsoft Office | Chaves Sistemas Operativos Windows | Antiv\u00edrus | Cloud Adobe | Inform\u00e1tica & Servidores | Softwares de Gest\u00e3o ERP | Gaming Hardware | UPS e Baterias & Muito Mais...\",\"breadcrumb\":{\"@id\":\"https:\\\/\\\/cyberlogics.ao\\\/index.php\\\/product\\\/microsoft-visio-2019-professional-2-pcs\\\/#breadcrumb\"},\"inLanguage\":\"pt-PT\",\"potentialAction\":[{\"@type\":\"ReadAction\",\"target\":[\"https:\\\/\\\/cyberlogics.ao\\\/index.php\\\/product\\\/microsoft-visio-2019-professional-2-pcs\\\/\"]}]},{\"@type\":\"ImageObject\",\"inLanguage\":\"pt-PT\",\"@id\":\"https:\\\/\\\/cyberlogics.ao\\\/index.php\\\/product\\\/microsoft-visio-2019-professional-2-pcs\\\/#primaryimage\",\"url\":\"https:\\\/\\\/cyberlogics.ao\\\/wp-content\\\/uploads\\\/2022\\\/05\\\/Microsoft-Visio-PROFESSIONAL-2019-2020.webp\",\"contentUrl\":\"https:\\\/\\\/cyberlogics.ao\\\/wp-content\\\/uploads\\\/2022\\\/05\\\/Microsoft-Visio-PROFESSIONAL-2019-2020.webp\",\"width\":600,\"height\":600},{\"@type\":\"BreadcrumbList\",\"@id\":\"https:\\\/\\\/cyberlogics.ao\\\/index.php\\\/product\\\/microsoft-visio-2019-professional-2-pcs\\\/#breadcrumb\",\"itemListElement\":[{\"@type\":\"ListItem\",\"position\":1,\"name\":\"In\u00edcio\",\"item\":\"https:\\\/\\\/cyberlogics.ao\\\/\"},{\"@type\":\"ListItem\",\"position\":2,\"name\":\"Produtos\",\"item\":\"https:\\\/\\\/cyberlogics.ao\\\/index.php\\\/shop-2\\\/\"},{\"@type\":\"ListItem\",\"position\":3,\"name\":\"Microsoft Visio 2019 Professional\"}]},{\"@type\":\"WebSite\",\"@id\":\"https:\\\/\\\/cyberlogics.ao\\\/#website\",\"url\":\"https:\\\/\\\/cyberlogics.ao\\\/\",\"name\":\"Cyberlogics Technologies Angola\",\"description\":\"Loja Online de Licen\u00e7as de Softwares e Inform\u00e1tica\",\"publisher\":{\"@id\":\"https:\\\/\\\/cyberlogics.ao\\\/#organization\"},\"potentialAction\":[{\"@type\":\"SearchAction\",\"target\":{\"@type\":\"EntryPoint\",\"urlTemplate\":\"https:\\\/\\\/cyberlogics.ao\\\/?s={search_term_string}\"},\"query-input\":{\"@type\":\"PropertyValueSpecification\",\"valueRequired\":true,\"valueName\":\"search_term_string\"}}],\"inLanguage\":\"pt-PT\"},{\"@type\":\"Organization\",\"@id\":\"https:\\\/\\\/cyberlogics.ao\\\/#organization\",\"name\":\"Cyberlogics Ao Technologies - Loja Online de Licen\u00e7as de Softwares e Inform\u00e1tica\",\"url\":\"https:\\\/\\\/cyberlogics.ao\\\/\",\"logo\":{\"@type\":\"ImageObject\",\"inLanguage\":\"pt-PT\",\"@id\":\"https:\\\/\\\/cyberlogics.ao\\\/#\\\/schema\\\/logo\\\/image\\\/\",\"url\":\"https:\\\/\\\/cyberlogics.ao\\\/wp-content\\\/uploads\\\/2022\\\/04\\\/CT-logo.png\",\"contentUrl\":\"https:\\\/\\\/cyberlogics.ao\\\/wp-content\\\/uploads\\\/2022\\\/04\\\/CT-logo.png\",\"width\":190,\"height\":75,\"caption\":\"Cyberlogics Ao Technologies - Loja Online de Licen\u00e7as de Softwares e Inform\u00e1tica\"},\"image\":{\"@id\":\"https:\\\/\\\/cyberlogics.ao\\\/#\\\/schema\\\/logo\\\/image\\\/\"}}]}<\/script>\n<!-- \/ Yoast SEO plugin. -->","yoast_head_json":{"title":"Microsoft Visio 2019 Professional - Cyberlogics Technologies Angola","description":"A Maior Loja Online de Angola de Licen\u00e7as Microsoft Office | Chaves Sistemas Operativos Windows | Antiv\u00edrus | Cloud Adobe | Inform\u00e1tica & Servidores | Softwares de Gest\u00e3o ERP | Gaming Hardware | UPS e Baterias & Muito Mais...","robots":{"index":"index","follow":"follow","max-snippet":"max-snippet:-1","max-image-preview":"max-image-preview:large","max-video-preview":"max-video-preview:-1"},"canonical":"https:\/\/cyberlogics.ao\/index.php\/product\/microsoft-visio-2019-professional-2-pcs\/","og_locale":"pt_PT","og_type":"article","og_title":"Microsoft Visio 2019 Professional - Cyberlogics Technologies Angola","og_description":"A Maior Loja Online de Angola de Licen\u00e7as Microsoft Office | Chaves Sistemas Operativos Windows | Antiv\u00edrus | Cloud Adobe | Inform\u00e1tica & Servidores | Softwares de Gest\u00e3o ERP | Gaming Hardware | UPS e Baterias & Muito Mais...","og_url":"https:\/\/cyberlogics.ao\/index.php\/product\/microsoft-visio-2019-professional-2-pcs\/","og_site_name":"Cyberlogics Technologies Angola","article_modified_time":"2024-02-09T15:22:32+00:00","og_image":[{"width":600,"height":600,"url":"http:\/\/cyberlogics.ao\/wp-content\/uploads\/2022\/05\/Microsoft-Visio-PROFESSIONAL-2019-2020.webp","type":"image\/webp"}],"twitter_card":"summary_large_image","twitter_misc":{"Tempo estimado de leitura":"4 minutos"},"schema":{"@context":"https:\/\/schema.org","@graph":[{"@type":"WebPage","@id":"https:\/\/cyberlogics.ao\/index.php\/product\/microsoft-visio-2019-professional-2-pcs\/","url":"https:\/\/cyberlogics.ao\/index.php\/product\/microsoft-visio-2019-professional-2-pcs\/","name":"Microsoft Visio 2019 Professional - Cyberlogics Technologies Angola","isPartOf":{"@id":"https:\/\/cyberlogics.ao\/#website"},"primaryImageOfPage":{"@id":"https:\/\/cyberlogics.ao\/index.php\/product\/microsoft-visio-2019-professional-2-pcs\/#primaryimage"},"image":{"@id":"https:\/\/cyberlogics.ao\/index.php\/product\/microsoft-visio-2019-professional-2-pcs\/#primaryimage"},"thumbnailUrl":"https:\/\/cyberlogics.ao\/wp-content\/uploads\/2022\/05\/Microsoft-Visio-PROFESSIONAL-2019-2020.webp","datePublished":"2022-05-05T10:50:58+00:00","dateModified":"2024-02-09T15:22:32+00:00","description":"A Maior Loja Online de Angola de Licen\u00e7as Microsoft Office | Chaves Sistemas Operativos Windows | Antiv\u00edrus | Cloud Adobe | Inform\u00e1tica & Servidores | Softwares de Gest\u00e3o ERP | Gaming Hardware | UPS e Baterias & Muito Mais...","breadcrumb":{"@id":"https:\/\/cyberlogics.ao\/index.php\/product\/microsoft-visio-2019-professional-2-pcs\/#breadcrumb"},"inLanguage":"pt-PT","potentialAction":[{"@type":"ReadAction","target":["https:\/\/cyberlogics.ao\/index.php\/product\/microsoft-visio-2019-professional-2-pcs\/"]}]},{"@type":"ImageObject","inLanguage":"pt-PT","@id":"https:\/\/cyberlogics.ao\/index.php\/product\/microsoft-visio-2019-professional-2-pcs\/#primaryimage","url":"https:\/\/cyberlogics.ao\/wp-content\/uploads\/2022\/05\/Microsoft-Visio-PROFESSIONAL-2019-2020.webp","contentUrl":"https:\/\/cyberlogics.ao\/wp-content\/uploads\/2022\/05\/Microsoft-Visio-PROFESSIONAL-2019-2020.webp","width":600,"height":600},{"@type":"BreadcrumbList","@id":"https:\/\/cyberlogics.ao\/index.php\/product\/microsoft-visio-2019-professional-2-pcs\/#breadcrumb","itemListElement":[{"@type":"ListItem","position":1,"name":"In\u00edcio","item":"https:\/\/cyberlogics.ao\/"},{"@type":"ListItem","position":2,"name":"Produtos","item":"https:\/\/cyberlogics.ao\/index.php\/shop-2\/"},{"@type":"ListItem","position":3,"name":"Microsoft Visio 2019 Professional"}]},{"@type":"WebSite","@id":"https:\/\/cyberlogics.ao\/#website","url":"https:\/\/cyberlogics.ao\/","name":"Cyberlogics Technologies Angola","description":"Loja Online de Licen\u00e7as de Softwares e Inform\u00e1tica","publisher":{"@id":"https:\/\/cyberlogics.ao\/#organization"},"potentialAction":[{"@type":"SearchAction","target":{"@type":"EntryPoint","urlTemplate":"https:\/\/cyberlogics.ao\/?s={search_term_string}"},"query-input":{"@type":"PropertyValueSpecification","valueRequired":true,"valueName":"search_term_string"}}],"inLanguage":"pt-PT"},{"@type":"Organization","@id":"https:\/\/cyberlogics.ao\/#organization","name":"Cyberlogics Ao Technologies - Loja Online de Licen\u00e7as de Softwares e Inform\u00e1tica","url":"https:\/\/cyberlogics.ao\/","logo":{"@type":"ImageObject","inLanguage":"pt-PT","@id":"https:\/\/cyberlogics.ao\/#\/schema\/logo\/image\/","url":"https:\/\/cyberlogics.ao\/wp-content\/uploads\/2022\/04\/CT-logo.png","contentUrl":"https:\/\/cyberlogics.ao\/wp-content\/uploads\/2022\/04\/CT-logo.png","width":190,"height":75,"caption":"Cyberlogics Ao Technologies - Loja Online de Licen\u00e7as de Softwares e Inform\u00e1tica"},"image":{"@id":"https:\/\/cyberlogics.ao\/#\/schema\/logo\/image\/"}}]}},"_links":{"self":[{"href":"https:\/\/cyberlogics.ao\/index.php\/wp-json\/wp\/v2\/product\/6465","targetHints":{"allow":["GET"]}}],"collection":[{"href":"https:\/\/cyberlogics.ao\/index.php\/wp-json\/wp\/v2\/product"}],"about":[{"href":"https:\/\/cyberlogics.ao\/index.php\/wp-json\/wp\/v2\/types\/product"}],"replies":[{"embeddable":true,"href":"https:\/\/cyberlogics.ao\/index.php\/wp-json\/wp\/v2\/comments?post=6465"}],"wp:featuredmedia":[{"embeddable":true,"href":"https:\/\/cyberlogics.ao\/index.php\/wp-json\/wp\/v2\/media\/6466"}],"wp:attachment":[{"href":"https:\/\/cyberlogics.ao\/index.php\/wp-json\/wp\/v2\/media?parent=6465"}],"wp:term":[{"taxonomy":"product_brand","embeddable":true,"href":"https:\/\/cyberlogics.ao\/index.php\/wp-json\/wp\/v2\/product_brand?post=6465"},{"taxonomy":"product_cat","embeddable":true,"href":"https:\/\/cyberlogics.ao\/index.php\/wp-json\/wp\/v2\/product_cat?post=6465"},{"taxonomy":"product_tag","embeddable":true,"href":"https:\/\/cyberlogics.ao\/index.php\/wp-json\/wp\/v2\/product_tag?post=6465"}],"curies":[{"name":"wp","href":"https:\/\/api.w.org\/{rel}","templated":true}]}}