{"id":6775,"date":"2022-05-06T09:36:27","date_gmt":"2022-05-06T09:36:27","guid":{"rendered":"https:\/\/cyberlogics.ao\/?post_type=product&#038;p=6775"},"modified":"2023-03-22T09:40:48","modified_gmt":"2023-03-22T09:40:48","slug":"sql-server-2019-standard-16-core","status":"publish","type":"product","link":"https:\/\/cyberlogics.ao\/index.php\/product\/sql-server-2019-standard-16-core\/","title":{"rendered":"Microsoft SQL Server 2019 Standard &#8211; licen\u00e7a &#8211; 16 cores &#8211; Com MS Windows S"},"content":{"rendered":"<p>O SQL Server criado pela Microsoft \u00e9 um sistema de gerenciamento de banco de dados relacional. Este servidor de banco de dados possui uma ampla capacidade de armazenamento e recupera\u00e7\u00e3o de informa\u00e7\u00f5es, conforme mencionado por alguns dos aplicativos de programa\u00e7\u00e3o de alto n\u00edvel. At\u00e9 agora, a empresa criou v\u00e1rias vers\u00f5es do Microsoft SQL Server e o 2019 Standard \u00e9 a vers\u00e3o mais recente e completa. Portanto, se voc\u00ea est\u00e1 procurando a chave de ativa\u00e7\u00e3o do Microsoft SQL Server 2019 a pre\u00e7os acess\u00edveis, a Instant-Key \u00e9 uma plataforma autorizada para obt\u00ea-la.<\/p>\n<p>&nbsp;<\/p>\n<p>Recursos de banco de dados inteligentes<br \/>\nEsta nova vers\u00e3o resolve o problema de incompatibilidade de aplicativos. Agora \u00e9 poss\u00edvel modernizar e atualizar seu banco de dados SQL Server na nuvem, no local e na borda.<\/p>\n<p>Seguran\u00e7a e conformidade integradas<br \/>\nOs recursos integrados de seguran\u00e7a e conformidade da Licen\u00e7a Padr\u00e3o do SQL Server 2019 identificam, monitoram e fornecem alertas em caso de qualquer atividade suspeita. Os recursos de seguran\u00e7a integrados s\u00e3o \u00fateis at\u00e9 mesmo para a classifica\u00e7\u00e3o de dados.<\/p>\n<p>Criptografando todos os dados<br \/>\nCriptografe dados confidenciais de sua organiza\u00e7\u00e3o e at\u00e9 mesmo execute c\u00e1lculos complexos nos dados criptografados com seguran\u00e7a.<\/p>\n<p>Servi\u00e7os de nuvem escal\u00e1veis<br \/>\nCom a assist\u00eancia da mais ampla compatibilidade do mecanismo SQL Server, \u00e9 poss\u00edvel criar servi\u00e7os de banco de dados em nuvem altamente escal\u00e1veis \u200b\u200bno Azure. O Azure atuar\u00e1 como o melhor destino de nuvem, permitindo a migra\u00e7\u00e3o de aplicativos antigos ou criando novos aplicativos para sua empresa sem esfor\u00e7o.<\/p>\n<p>Escolha qualquer plataforma para seu idioma<br \/>\nAgora voc\u00ea pode escolher qualquer plataforma do Windows, Containers ao Linux para completar seu trabalho de neg\u00f3cios em qualquer linguagem de computador.<\/p>\n<p>Equipado para lidar com a carga de trabalho de Big Data<br \/>\nCom o Microsoft SQL Server 2019 Standard, \u00e9 poss\u00edvel gerenciar clusters de big data com HDFS e Apache Spark.<\/p>\n<p>\u00datil na tomada de decis\u00f5es de neg\u00f3cios<br \/>\nTome decis\u00f5es de neg\u00f3cios melhores e mais r\u00e1pidas usando o SQL Server Reporting Services. Visualiza\u00e7\u00f5es ricas na vers\u00e3o permitem a cria\u00e7\u00e3o de relat\u00f3rios perspicazes com a \u00e1rea de trabalho do Power-BI.<\/p>\n<p>Intelig\u00eancia sobre qualquer dado<br \/>\nTorne sua organiza\u00e7\u00e3o orientada pela intelig\u00eancia aproveitando o aprendizado de m\u00e1quina e a Intelig\u00eancia Artificial para ingerir, armazenar e analisar quaisquer dados estruturados ou n\u00e3o estruturados. Gerencie tudo isso com SQL Server, Spark e Hadoop em clusters de Big Data do SQL Server.<\/p>\n<p>Portanto, maximize seus dados e esteja \u00e0 frente de seus concorrentes comprando a Chave de Ativa\u00e7\u00e3o do SQL Server 2019 da Instant-Key.<\/p>\n<p>Requisitos de sistema:<\/p>\n<p>Sistema operacional: Windows 8, Windows 8.1, Windows 10, Windows Server 2012, Windows Server 2012 R2, Windows Server 2016, Windows Server 2019, Red Hat Enterprise Linux 7.3, Red Hat Enterprise Linux 7.4, SUSE Enterprise Linux Server v12 SP2, Ubuntu 16.04 LTS, Docker Engine 1.8+<br \/>\nProcessador: processador x64 de pelo menos 1,4 GHz (recomendado 2,0 GHz)<br \/>\nMem\u00f3ria: pelo menos 1 GB (recomenda-se 4 GB)<br \/>\nEspa\u00e7o no disco r\u00edgido: 6 GB<br \/>\nPlaca gr\u00e1fica: placa Super VGA, resolu\u00e7\u00e3o m\u00ednima de 800 x 600 px<\/p>\n<p>Inclu\u00eddo na entrega por e-mail:<\/p>\n<p>Chave do produto para 1 PC<br \/>\nArquivo para download em 32\/64 bits<\/p>\n","protected":false},"excerpt":{"rendered":"<ul>\n<li>100% genu\u00edno<\/li>\n<li>Ambos suporte a vers\u00e3o de 32\/64 bits<\/li>\n<li>Suporte a todas as vers\u00f5es de idiomas.<\/li>\n<li>Suporte de atualiza\u00e7\u00e3o online.<\/li>\n<li>Vital\u00edcia eficaz<\/li>\n<\/ul>\n","protected":false},"featured_media":6947,"comment_status":"open","ping_status":"closed","template":"","meta":{"_joinchat":[]},"product_brand":[],"product_cat":[292,251],"product_tag":[],"class_list":{"0":"post-6775","1":"product","2":"type-product","3":"status-publish","4":"has-post-thumbnail","6":"product_cat-sql-server","7":"product_cat-windows-server","9":"first","10":"instock","11":"downloadable","12":"virtual","13":"purchasable","14":"product-type-simple"},"yoast_head":"<!-- This site is optimized with the Yoast SEO plugin v27.3 - https:\/\/yoast.com\/product\/yoast-seo-wordpress\/ -->\n<title>Microsoft SQL Server 2019 Standard - licen\u00e7a - 16 cores - Com MS Windows S - Cyberlogics Technologies Angola<\/title>\n<meta name=\"description\" content=\"A Maior Loja Online de Angola de Licen\u00e7as Microsoft Office | Chaves Sistemas Operativos Windows | Antiv\u00edrus | Cloud Adobe | Inform\u00e1tica &amp; Servidores | Softwares de Gest\u00e3o ERP | Gaming Hardware | UPS e Baterias &amp; Muito Mais...\" \/>\n<meta name=\"robots\" content=\"index, follow, max-snippet:-1, max-image-preview:large, max-video-preview:-1\" \/>\n<link rel=\"canonical\" href=\"https:\/\/cyberlogics.ao\/index.php\/product\/sql-server-2019-standard-16-core\/\" \/>\n<meta property=\"og:locale\" content=\"pt_PT\" \/>\n<meta property=\"og:type\" content=\"article\" \/>\n<meta property=\"og:title\" content=\"Microsoft SQL Server 2019 Standard - licen\u00e7a - 16 cores - Com MS Windows S - Cyberlogics Technologies Angola\" \/>\n<meta property=\"og:description\" content=\"A Maior Loja Online de Angola de Licen\u00e7as Microsoft Office | Chaves Sistemas Operativos Windows | Antiv\u00edrus | Cloud Adobe | Inform\u00e1tica &amp; Servidores | Softwares de Gest\u00e3o ERP | Gaming Hardware | UPS e Baterias &amp; Muito Mais...\" \/>\n<meta property=\"og:url\" content=\"https:\/\/cyberlogics.ao\/index.php\/product\/sql-server-2019-standard-16-core\/\" \/>\n<meta property=\"og:site_name\" content=\"Cyberlogics Technologies Angola\" \/>\n<meta property=\"article:modified_time\" content=\"2023-03-22T09:40:48+00:00\" \/>\n<meta property=\"og:image\" content=\"http:\/\/cyberlogics.ao\/wp-content\/uploads\/2022\/05\/sqlsrv16core.png\" \/>\n\t<meta property=\"og:image:width\" content=\"700\" \/>\n\t<meta property=\"og:image:height\" content=\"700\" \/>\n\t<meta property=\"og:image:type\" content=\"image\/png\" \/>\n<meta name=\"twitter:card\" content=\"summary_large_image\" \/>\n<meta name=\"twitter:label1\" content=\"Tempo estimado de leitura\" \/>\n\t<meta name=\"twitter:data1\" content=\"3 minutos\" \/>\n<script type=\"application\/ld+json\" class=\"yoast-schema-graph\">{\"@context\":\"https:\\\/\\\/schema.org\",\"@graph\":[{\"@type\":\"WebPage\",\"@id\":\"https:\\\/\\\/cyberlogics.ao\\\/index.php\\\/product\\\/sql-server-2019-standard-16-core\\\/\",\"url\":\"https:\\\/\\\/cyberlogics.ao\\\/index.php\\\/product\\\/sql-server-2019-standard-16-core\\\/\",\"name\":\"Microsoft SQL Server 2019 Standard - licen\u00e7a - 16 cores - Com MS Windows S - Cyberlogics Technologies Angola\",\"isPartOf\":{\"@id\":\"https:\\\/\\\/cyberlogics.ao\\\/#website\"},\"primaryImageOfPage\":{\"@id\":\"https:\\\/\\\/cyberlogics.ao\\\/index.php\\\/product\\\/sql-server-2019-standard-16-core\\\/#primaryimage\"},\"image\":{\"@id\":\"https:\\\/\\\/cyberlogics.ao\\\/index.php\\\/product\\\/sql-server-2019-standard-16-core\\\/#primaryimage\"},\"thumbnailUrl\":\"https:\\\/\\\/cyberlogics.ao\\\/wp-content\\\/uploads\\\/2022\\\/05\\\/sqlsrv16core.png\",\"datePublished\":\"2022-05-06T09:36:27+00:00\",\"dateModified\":\"2023-03-22T09:40:48+00:00\",\"description\":\"A Maior Loja Online de Angola de Licen\u00e7as Microsoft Office | Chaves Sistemas Operativos Windows | Antiv\u00edrus | Cloud Adobe | Inform\u00e1tica & Servidores | Softwares de Gest\u00e3o ERP | Gaming Hardware | UPS e Baterias & Muito Mais...\",\"breadcrumb\":{\"@id\":\"https:\\\/\\\/cyberlogics.ao\\\/index.php\\\/product\\\/sql-server-2019-standard-16-core\\\/#breadcrumb\"},\"inLanguage\":\"pt-PT\",\"potentialAction\":[{\"@type\":\"ReadAction\",\"target\":[\"https:\\\/\\\/cyberlogics.ao\\\/index.php\\\/product\\\/sql-server-2019-standard-16-core\\\/\"]}]},{\"@type\":\"ImageObject\",\"inLanguage\":\"pt-PT\",\"@id\":\"https:\\\/\\\/cyberlogics.ao\\\/index.php\\\/product\\\/sql-server-2019-standard-16-core\\\/#primaryimage\",\"url\":\"https:\\\/\\\/cyberlogics.ao\\\/wp-content\\\/uploads\\\/2022\\\/05\\\/sqlsrv16core.png\",\"contentUrl\":\"https:\\\/\\\/cyberlogics.ao\\\/wp-content\\\/uploads\\\/2022\\\/05\\\/sqlsrv16core.png\",\"width\":700,\"height\":700},{\"@type\":\"BreadcrumbList\",\"@id\":\"https:\\\/\\\/cyberlogics.ao\\\/index.php\\\/product\\\/sql-server-2019-standard-16-core\\\/#breadcrumb\",\"itemListElement\":[{\"@type\":\"ListItem\",\"position\":1,\"name\":\"In\u00edcio\",\"item\":\"https:\\\/\\\/cyberlogics.ao\\\/\"},{\"@type\":\"ListItem\",\"position\":2,\"name\":\"Produtos\",\"item\":\"https:\\\/\\\/cyberlogics.ao\\\/index.php\\\/shop-2\\\/\"},{\"@type\":\"ListItem\",\"position\":3,\"name\":\"Microsoft SQL Server 2019 Standard &#8211; licen\u00e7a &#8211; 16 cores &#8211; Com MS Windows S\"}]},{\"@type\":\"WebSite\",\"@id\":\"https:\\\/\\\/cyberlogics.ao\\\/#website\",\"url\":\"https:\\\/\\\/cyberlogics.ao\\\/\",\"name\":\"Cyberlogics Technologies Angola\",\"description\":\"Loja Online de Licen\u00e7as de Softwares e Inform\u00e1tica\",\"publisher\":{\"@id\":\"https:\\\/\\\/cyberlogics.ao\\\/#organization\"},\"potentialAction\":[{\"@type\":\"SearchAction\",\"target\":{\"@type\":\"EntryPoint\",\"urlTemplate\":\"https:\\\/\\\/cyberlogics.ao\\\/?s={search_term_string}\"},\"query-input\":{\"@type\":\"PropertyValueSpecification\",\"valueRequired\":true,\"valueName\":\"search_term_string\"}}],\"inLanguage\":\"pt-PT\"},{\"@type\":\"Organization\",\"@id\":\"https:\\\/\\\/cyberlogics.ao\\\/#organization\",\"name\":\"Cyberlogics Ao Technologies - Loja Online de Licen\u00e7as de Softwares e Inform\u00e1tica\",\"url\":\"https:\\\/\\\/cyberlogics.ao\\\/\",\"logo\":{\"@type\":\"ImageObject\",\"inLanguage\":\"pt-PT\",\"@id\":\"https:\\\/\\\/cyberlogics.ao\\\/#\\\/schema\\\/logo\\\/image\\\/\",\"url\":\"https:\\\/\\\/cyberlogics.ao\\\/wp-content\\\/uploads\\\/2022\\\/04\\\/CT-logo.png\",\"contentUrl\":\"https:\\\/\\\/cyberlogics.ao\\\/wp-content\\\/uploads\\\/2022\\\/04\\\/CT-logo.png\",\"width\":190,\"height\":75,\"caption\":\"Cyberlogics Ao Technologies - Loja Online de Licen\u00e7as de Softwares e Inform\u00e1tica\"},\"image\":{\"@id\":\"https:\\\/\\\/cyberlogics.ao\\\/#\\\/schema\\\/logo\\\/image\\\/\"}}]}<\/script>\n<!-- \/ Yoast SEO plugin. -->","yoast_head_json":{"title":"Microsoft SQL Server 2019 Standard - licen\u00e7a - 16 cores - Com MS Windows S - Cyberlogics Technologies Angola","description":"A Maior Loja Online de Angola de Licen\u00e7as Microsoft Office | Chaves Sistemas Operativos Windows | Antiv\u00edrus | Cloud Adobe | Inform\u00e1tica & Servidores | Softwares de Gest\u00e3o ERP | Gaming Hardware | UPS e Baterias & Muito Mais...","robots":{"index":"index","follow":"follow","max-snippet":"max-snippet:-1","max-image-preview":"max-image-preview:large","max-video-preview":"max-video-preview:-1"},"canonical":"https:\/\/cyberlogics.ao\/index.php\/product\/sql-server-2019-standard-16-core\/","og_locale":"pt_PT","og_type":"article","og_title":"Microsoft SQL Server 2019 Standard - licen\u00e7a - 16 cores - Com MS Windows S - Cyberlogics Technologies Angola","og_description":"A Maior Loja Online de Angola de Licen\u00e7as Microsoft Office | Chaves Sistemas Operativos Windows | Antiv\u00edrus | Cloud Adobe | Inform\u00e1tica & Servidores | Softwares de Gest\u00e3o ERP | Gaming Hardware | UPS e Baterias & Muito Mais...","og_url":"https:\/\/cyberlogics.ao\/index.php\/product\/sql-server-2019-standard-16-core\/","og_site_name":"Cyberlogics Technologies Angola","article_modified_time":"2023-03-22T09:40:48+00:00","og_image":[{"width":700,"height":700,"url":"http:\/\/cyberlogics.ao\/wp-content\/uploads\/2022\/05\/sqlsrv16core.png","type":"image\/png"}],"twitter_card":"summary_large_image","twitter_misc":{"Tempo estimado de leitura":"3 minutos"},"schema":{"@context":"https:\/\/schema.org","@graph":[{"@type":"WebPage","@id":"https:\/\/cyberlogics.ao\/index.php\/product\/sql-server-2019-standard-16-core\/","url":"https:\/\/cyberlogics.ao\/index.php\/product\/sql-server-2019-standard-16-core\/","name":"Microsoft SQL Server 2019 Standard - licen\u00e7a - 16 cores - Com MS Windows S - Cyberlogics Technologies Angola","isPartOf":{"@id":"https:\/\/cyberlogics.ao\/#website"},"primaryImageOfPage":{"@id":"https:\/\/cyberlogics.ao\/index.php\/product\/sql-server-2019-standard-16-core\/#primaryimage"},"image":{"@id":"https:\/\/cyberlogics.ao\/index.php\/product\/sql-server-2019-standard-16-core\/#primaryimage"},"thumbnailUrl":"https:\/\/cyberlogics.ao\/wp-content\/uploads\/2022\/05\/sqlsrv16core.png","datePublished":"2022-05-06T09:36:27+00:00","dateModified":"2023-03-22T09:40:48+00:00","description":"A Maior Loja Online de Angola de Licen\u00e7as Microsoft Office | Chaves Sistemas Operativos Windows | Antiv\u00edrus | Cloud Adobe | Inform\u00e1tica & Servidores | Softwares de Gest\u00e3o ERP | Gaming Hardware | UPS e Baterias & Muito Mais...","breadcrumb":{"@id":"https:\/\/cyberlogics.ao\/index.php\/product\/sql-server-2019-standard-16-core\/#breadcrumb"},"inLanguage":"pt-PT","potentialAction":[{"@type":"ReadAction","target":["https:\/\/cyberlogics.ao\/index.php\/product\/sql-server-2019-standard-16-core\/"]}]},{"@type":"ImageObject","inLanguage":"pt-PT","@id":"https:\/\/cyberlogics.ao\/index.php\/product\/sql-server-2019-standard-16-core\/#primaryimage","url":"https:\/\/cyberlogics.ao\/wp-content\/uploads\/2022\/05\/sqlsrv16core.png","contentUrl":"https:\/\/cyberlogics.ao\/wp-content\/uploads\/2022\/05\/sqlsrv16core.png","width":700,"height":700},{"@type":"BreadcrumbList","@id":"https:\/\/cyberlogics.ao\/index.php\/product\/sql-server-2019-standard-16-core\/#breadcrumb","itemListElement":[{"@type":"ListItem","position":1,"name":"In\u00edcio","item":"https:\/\/cyberlogics.ao\/"},{"@type":"ListItem","position":2,"name":"Produtos","item":"https:\/\/cyberlogics.ao\/index.php\/shop-2\/"},{"@type":"ListItem","position":3,"name":"Microsoft SQL Server 2019 Standard &#8211; licen\u00e7a &#8211; 16 cores &#8211; Com MS Windows S"}]},{"@type":"WebSite","@id":"https:\/\/cyberlogics.ao\/#website","url":"https:\/\/cyberlogics.ao\/","name":"Cyberlogics Technologies Angola","description":"Loja Online de Licen\u00e7as de Softwares e Inform\u00e1tica","publisher":{"@id":"https:\/\/cyberlogics.ao\/#organization"},"potentialAction":[{"@type":"SearchAction","target":{"@type":"EntryPoint","urlTemplate":"https:\/\/cyberlogics.ao\/?s={search_term_string}"},"query-input":{"@type":"PropertyValueSpecification","valueRequired":true,"valueName":"search_term_string"}}],"inLanguage":"pt-PT"},{"@type":"Organization","@id":"https:\/\/cyberlogics.ao\/#organization","name":"Cyberlogics Ao Technologies - Loja Online de Licen\u00e7as de Softwares e Inform\u00e1tica","url":"https:\/\/cyberlogics.ao\/","logo":{"@type":"ImageObject","inLanguage":"pt-PT","@id":"https:\/\/cyberlogics.ao\/#\/schema\/logo\/image\/","url":"https:\/\/cyberlogics.ao\/wp-content\/uploads\/2022\/04\/CT-logo.png","contentUrl":"https:\/\/cyberlogics.ao\/wp-content\/uploads\/2022\/04\/CT-logo.png","width":190,"height":75,"caption":"Cyberlogics Ao Technologies - Loja Online de Licen\u00e7as de Softwares e Inform\u00e1tica"},"image":{"@id":"https:\/\/cyberlogics.ao\/#\/schema\/logo\/image\/"}}]}},"_links":{"self":[{"href":"https:\/\/cyberlogics.ao\/index.php\/wp-json\/wp\/v2\/product\/6775","targetHints":{"allow":["GET"]}}],"collection":[{"href":"https:\/\/cyberlogics.ao\/index.php\/wp-json\/wp\/v2\/product"}],"about":[{"href":"https:\/\/cyberlogics.ao\/index.php\/wp-json\/wp\/v2\/types\/product"}],"replies":[{"embeddable":true,"href":"https:\/\/cyberlogics.ao\/index.php\/wp-json\/wp\/v2\/comments?post=6775"}],"wp:featuredmedia":[{"embeddable":true,"href":"https:\/\/cyberlogics.ao\/index.php\/wp-json\/wp\/v2\/media\/6947"}],"wp:attachment":[{"href":"https:\/\/cyberlogics.ao\/index.php\/wp-json\/wp\/v2\/media?parent=6775"}],"wp:term":[{"taxonomy":"product_brand","embeddable":true,"href":"https:\/\/cyberlogics.ao\/index.php\/wp-json\/wp\/v2\/product_brand?post=6775"},{"taxonomy":"product_cat","embeddable":true,"href":"https:\/\/cyberlogics.ao\/index.php\/wp-json\/wp\/v2\/product_cat?post=6775"},{"taxonomy":"product_tag","embeddable":true,"href":"https:\/\/cyberlogics.ao\/index.php\/wp-json\/wp\/v2\/product_tag?post=6775"}],"curies":[{"name":"wp","href":"https:\/\/api.w.org\/{rel}","templated":true}]}}