{"id":6777,"date":"2022-05-06T09:38:58","date_gmt":"2022-05-06T09:38:58","guid":{"rendered":"https:\/\/cyberlogics.ao\/?post_type=product&#038;p=6777"},"modified":"2023-03-22T09:41:18","modified_gmt":"2023-03-22T09:41:18","slug":"sql-server-2017-standard-license","status":"publish","type":"product","link":"https:\/\/cyberlogics.ao\/index.php\/product\/sql-server-2017-standard-license\/","title":{"rendered":"Windows SQL Server 2019 Standard (Licen\u00e7a Digital)"},"content":{"rendered":"<p>Descubra habilidades de programa\u00e7\u00e3o ricas, desenvolvimentos de seguran\u00e7a e execu\u00e7\u00e3o r\u00e1pida para aplicativos de n\u00edvel m\u00e9dio e bazares de informa\u00e7\u00f5es.<\/p>\n<p>Sua decis\u00e3o de idioma e est\u00e1gios<br \/>\nExecu\u00e7\u00e3o impulsionadora da ind\u00fastria<br \/>\nBanco de dados menos impotente<br \/>\nConhecimento constante<br \/>\nBI port\u00e1til de ponta a ponta<br \/>\n#1 em pre\u00e7o e desempenho<br \/>\nO padr\u00e3o SQL Server 2019 lidera consistentemente na carga de trabalho TPC-E OLTP, na carga de trabalho de data warehousing TPC-H e em benchmarks de desempenho de aplicativos do mundo real. Obtenha um desempenho recorde agora no Windows e no Linux.<\/p>\n<p>Armaz\u00e9ns de dados de melhor desempenho<br \/>\nObtenha suporte para pequenos data marts a grandes data warehouses corporativos, reduzindo as necessidades de armazenamento com compacta\u00e7\u00e3o de dados aprimorada. Dimensione para petabytes de dados para armazenamento de dados relacional de n\u00edvel empresarial e integre-se a fontes n\u00e3o relacionais como o Hadoop.<\/p>\n<p>Idealmente equipado para big data com SQL Server 2019<\/p>\n<p>Para garantir que as empresas que compram o SQL Server 2019 Standard tamb\u00e9m estejam preparadas para grandes cargas de trabalho de dados, a Microsoft est\u00e1 integrando os dois frameworks mais importantes, o Big Data Framework \u201cApache Spark\u201d e o Hadoop Distribute File System (HDFS) Topic big data goes. Com interoperabilidade, o software de orquestra\u00e7\u00e3o de cont\u00eaineres do Kubernetes possibilita que as cargas de trabalho sejam executadas localmente e em v\u00e1rias nuvens p\u00fablicas.<\/p>\n<p>O que \u00e9 o SQL Server 2019?<\/p>\n<p>O SQL Server 2019 Standard \u00e9 um sistema de gerenciamento de banco de dados relacional desenvolvido pela Microsoft. Como servidor de banco de dados, \u00e9 um produto de software com a fun\u00e7\u00e3o principal de armazenar e recuperar dados conforme solicitado por outros aplicativos de software &#8211; que podem ser executados no mesmo computador ou em outro computador em uma rede (incluindo a Internet).<\/p>\n<p>O SQL Server 2019, lan\u00e7ado em 2019, inclui suporte ao Linux para esses est\u00e1gios do Linux: Red Hat Enterprise Linux, SUSE Linux Enterprise Server, Ubuntu e Docker Engine.<\/p>\n<p>Criptografia e seguran\u00e7a de dados<\/p>\n<p>O SQL Server 2017 tem criptografia de dados transparente (TDE). Isso oferece fun\u00e7\u00f5es adicionais de suspens\u00e3o e retomada. Simplificando, as transa\u00e7\u00f5es em execu\u00e7\u00e3o podem ser interrompidas se o servidor estiver sobrecarregado pela criptografia e, em seguida, retomadas.<\/p>\n<p>Requisitos de sistema:<\/p>\n<p>Hard: Disk SQL Server requer um m\u00ednimo de 6 GB de espa\u00e7o dispon\u00edvel em disco r\u00edgido;<br \/>\nUnidade: Uma unidade de DVD, conforme apropriado, \u00e9 necess\u00e1ria para instala\u00e7\u00e3o a partir do disco;<br \/>\nMonitor: o SQL Server requer monitor Super-VGA (800\u00d7600) ou de resolu\u00e7\u00e3o superior;<br \/>\nInternet: a funcionalidade da Internet requer acesso \u00e0 Internet (podem ser aplicadas taxas);<br \/>\nMem\u00f3ria:<br \/>\nM\u00ednimo: 1GB<br \/>\nRecomendado: 4 GB e deve ser aumentado \u00e0 medida que o tamanho do banco de dados aumenta para garantir o desempenho ideal.<br \/>\nVelocidade do processador:<br \/>\nM\u00ednimo: x64 Processador: 1,4 GHz<br \/>\nRecomendado: 2,0 GHz ou mais r\u00e1pido<br \/>\nProcessador: Tipo x64 Processador: AMD Opteron, AMD Athlon 64, Intel Xeon com suporte para Intel EM64T, Intel Pentium IV com suporte para EM64T.<br \/>\nSuporte ao sistema operacional: Windows Server 2019, Windows Server 2016, Windows Server 2012 R2, Windows Server 2012, Windows 10 Enterprise, Windows 10 Professional, Windows 10 Home, Windows 8.1<br \/>\nInclu\u00eddo na entrega por e-mail:<\/p>\n<p>Chave do produto para 1 PC<br \/>\nBaixe em 32\/64 bits<\/p>\n","protected":false},"excerpt":{"rendered":"<p>Independentemente de seus dados serem estruturados ou n\u00e3o, consulte e analise-os usando a plataforma de dados com desempenho e seguran\u00e7a l\u00edderes do setor.O SQL Server 2019 em cont\u00eaineres \u00e9 uma maneira r\u00e1pida de come\u00e7ar com o padr\u00e3o Server SQL 2019 e pode ser usado em todo o seu patrim\u00f4nio de dados desde o desenvolvimento at\u00e9 a produ\u00e7\u00e3o.<\/p>\n<ul>\n<li>100% genu\u00edno<\/li>\n<li>Ambos suporte a vers\u00e3o de 32\/64 bits<\/li>\n<li>Suporte a todas as vers\u00f5es de idiomas.<\/li>\n<li>Suporte de atualiza\u00e7\u00e3o online.<\/li>\n<li>Vital\u00edcia efetiva<\/li>\n<\/ul>\n","protected":false},"featured_media":6944,"comment_status":"open","ping_status":"closed","template":"","meta":{"_joinchat":[]},"product_brand":[],"product_cat":[292,251],"product_tag":[],"class_list":{"0":"post-6777","1":"product","2":"type-product","3":"status-publish","4":"has-post-thumbnail","6":"product_cat-sql-server","7":"product_cat-windows-server","9":"first","10":"instock","11":"downloadable","12":"virtual","13":"purchasable","14":"product-type-simple"},"yoast_head":"<!-- This site is optimized with the Yoast SEO plugin v27.4 - https:\/\/yoast.com\/product\/yoast-seo-wordpress\/ -->\n<title>Windows SQL Server 2019 Standard (Licen\u00e7a Digital) - Cyberlogics Technologies Angola<\/title>\n<meta name=\"description\" content=\"A Maior Loja Online de Angola de Licen\u00e7as Microsoft Office | Chaves Sistemas Operativos Windows | Antiv\u00edrus | Cloud Adobe | Inform\u00e1tica &amp; Servidores | Softwares de Gest\u00e3o ERP | Gaming Hardware | UPS e Baterias &amp; Muito Mais...\" \/>\n<meta name=\"robots\" content=\"index, follow, max-snippet:-1, max-image-preview:large, max-video-preview:-1\" \/>\n<link rel=\"canonical\" href=\"https:\/\/cyberlogics.ao\/index.php\/product\/sql-server-2017-standard-license\/\" \/>\n<meta property=\"og:locale\" content=\"pt_PT\" \/>\n<meta property=\"og:type\" content=\"article\" \/>\n<meta property=\"og:title\" content=\"Windows SQL Server 2019 Standard (Licen\u00e7a Digital) - Cyberlogics Technologies Angola\" \/>\n<meta property=\"og:description\" content=\"A Maior Loja Online de Angola de Licen\u00e7as Microsoft Office | Chaves Sistemas Operativos Windows | Antiv\u00edrus | Cloud Adobe | Inform\u00e1tica &amp; Servidores | Softwares de Gest\u00e3o ERP | Gaming Hardware | UPS e Baterias &amp; Muito Mais...\" \/>\n<meta property=\"og:url\" content=\"https:\/\/cyberlogics.ao\/index.php\/product\/sql-server-2017-standard-license\/\" \/>\n<meta property=\"og:site_name\" content=\"Cyberlogics Technologies Angola\" \/>\n<meta property=\"article:modified_time\" content=\"2023-03-22T09:41:18+00:00\" \/>\n<meta property=\"og:image\" content=\"http:\/\/cyberlogics.ao\/wp-content\/uploads\/2022\/05\/microsoft-sql-server-2019-standard-1.jpg\" \/>\n\t<meta property=\"og:image:width\" content=\"1200\" \/>\n\t<meta property=\"og:image:height\" content=\"1200\" \/>\n\t<meta property=\"og:image:type\" content=\"image\/jpeg\" \/>\n<meta name=\"twitter:card\" content=\"summary_large_image\" \/>\n<meta name=\"twitter:label1\" content=\"Tempo estimado de leitura\" \/>\n\t<meta name=\"twitter:data1\" content=\"3 minutos\" \/>\n<script type=\"application\/ld+json\" class=\"yoast-schema-graph\">{\"@context\":\"https:\\\/\\\/schema.org\",\"@graph\":[{\"@type\":\"WebPage\",\"@id\":\"https:\\\/\\\/cyberlogics.ao\\\/index.php\\\/product\\\/sql-server-2017-standard-license\\\/\",\"url\":\"https:\\\/\\\/cyberlogics.ao\\\/index.php\\\/product\\\/sql-server-2017-standard-license\\\/\",\"name\":\"Windows SQL Server 2019 Standard (Licen\u00e7a Digital) - Cyberlogics Technologies Angola\",\"isPartOf\":{\"@id\":\"https:\\\/\\\/cyberlogics.ao\\\/#website\"},\"primaryImageOfPage\":{\"@id\":\"https:\\\/\\\/cyberlogics.ao\\\/index.php\\\/product\\\/sql-server-2017-standard-license\\\/#primaryimage\"},\"image\":{\"@id\":\"https:\\\/\\\/cyberlogics.ao\\\/index.php\\\/product\\\/sql-server-2017-standard-license\\\/#primaryimage\"},\"thumbnailUrl\":\"https:\\\/\\\/cyberlogics.ao\\\/wp-content\\\/uploads\\\/2022\\\/05\\\/microsoft-sql-server-2019-standard-1.jpg\",\"datePublished\":\"2022-05-06T09:38:58+00:00\",\"dateModified\":\"2023-03-22T09:41:18+00:00\",\"description\":\"A Maior Loja Online de Angola de Licen\u00e7as Microsoft Office | Chaves Sistemas Operativos Windows | Antiv\u00edrus | Cloud Adobe | Inform\u00e1tica & Servidores | Softwares de Gest\u00e3o ERP | Gaming Hardware | UPS e Baterias & Muito Mais...\",\"breadcrumb\":{\"@id\":\"https:\\\/\\\/cyberlogics.ao\\\/index.php\\\/product\\\/sql-server-2017-standard-license\\\/#breadcrumb\"},\"inLanguage\":\"pt-PT\",\"potentialAction\":[{\"@type\":\"ReadAction\",\"target\":[\"https:\\\/\\\/cyberlogics.ao\\\/index.php\\\/product\\\/sql-server-2017-standard-license\\\/\"]}]},{\"@type\":\"ImageObject\",\"inLanguage\":\"pt-PT\",\"@id\":\"https:\\\/\\\/cyberlogics.ao\\\/index.php\\\/product\\\/sql-server-2017-standard-license\\\/#primaryimage\",\"url\":\"https:\\\/\\\/cyberlogics.ao\\\/wp-content\\\/uploads\\\/2022\\\/05\\\/microsoft-sql-server-2019-standard-1.jpg\",\"contentUrl\":\"https:\\\/\\\/cyberlogics.ao\\\/wp-content\\\/uploads\\\/2022\\\/05\\\/microsoft-sql-server-2019-standard-1.jpg\",\"width\":1200,\"height\":1200},{\"@type\":\"BreadcrumbList\",\"@id\":\"https:\\\/\\\/cyberlogics.ao\\\/index.php\\\/product\\\/sql-server-2017-standard-license\\\/#breadcrumb\",\"itemListElement\":[{\"@type\":\"ListItem\",\"position\":1,\"name\":\"In\u00edcio\",\"item\":\"https:\\\/\\\/cyberlogics.ao\\\/\"},{\"@type\":\"ListItem\",\"position\":2,\"name\":\"Produtos\",\"item\":\"https:\\\/\\\/cyberlogics.ao\\\/index.php\\\/shop-2\\\/\"},{\"@type\":\"ListItem\",\"position\":3,\"name\":\"Windows SQL Server 2019 Standard (Licen\u00e7a Digital)\"}]},{\"@type\":\"WebSite\",\"@id\":\"https:\\\/\\\/cyberlogics.ao\\\/#website\",\"url\":\"https:\\\/\\\/cyberlogics.ao\\\/\",\"name\":\"Cyberlogics Technologies Angola\",\"description\":\"Loja Online de Licen\u00e7as de Softwares e Inform\u00e1tica\",\"publisher\":{\"@id\":\"https:\\\/\\\/cyberlogics.ao\\\/#organization\"},\"potentialAction\":[{\"@type\":\"SearchAction\",\"target\":{\"@type\":\"EntryPoint\",\"urlTemplate\":\"https:\\\/\\\/cyberlogics.ao\\\/?s={search_term_string}\"},\"query-input\":{\"@type\":\"PropertyValueSpecification\",\"valueRequired\":true,\"valueName\":\"search_term_string\"}}],\"inLanguage\":\"pt-PT\"},{\"@type\":\"Organization\",\"@id\":\"https:\\\/\\\/cyberlogics.ao\\\/#organization\",\"name\":\"Cyberlogics Ao Technologies - Loja Online de Licen\u00e7as de Softwares e Inform\u00e1tica\",\"url\":\"https:\\\/\\\/cyberlogics.ao\\\/\",\"logo\":{\"@type\":\"ImageObject\",\"inLanguage\":\"pt-PT\",\"@id\":\"https:\\\/\\\/cyberlogics.ao\\\/#\\\/schema\\\/logo\\\/image\\\/\",\"url\":\"https:\\\/\\\/cyberlogics.ao\\\/wp-content\\\/uploads\\\/2022\\\/04\\\/CT-logo.png\",\"contentUrl\":\"https:\\\/\\\/cyberlogics.ao\\\/wp-content\\\/uploads\\\/2022\\\/04\\\/CT-logo.png\",\"width\":190,\"height\":75,\"caption\":\"Cyberlogics Ao Technologies - Loja Online de Licen\u00e7as de Softwares e Inform\u00e1tica\"},\"image\":{\"@id\":\"https:\\\/\\\/cyberlogics.ao\\\/#\\\/schema\\\/logo\\\/image\\\/\"}}]}<\/script>\n<!-- \/ Yoast SEO plugin. -->","yoast_head_json":{"title":"Windows SQL Server 2019 Standard (Licen\u00e7a Digital) - Cyberlogics Technologies Angola","description":"A Maior Loja Online de Angola de Licen\u00e7as Microsoft Office | Chaves Sistemas Operativos Windows | Antiv\u00edrus | Cloud Adobe | Inform\u00e1tica & Servidores | Softwares de Gest\u00e3o ERP | Gaming Hardware | UPS e Baterias & Muito Mais...","robots":{"index":"index","follow":"follow","max-snippet":"max-snippet:-1","max-image-preview":"max-image-preview:large","max-video-preview":"max-video-preview:-1"},"canonical":"https:\/\/cyberlogics.ao\/index.php\/product\/sql-server-2017-standard-license\/","og_locale":"pt_PT","og_type":"article","og_title":"Windows SQL Server 2019 Standard (Licen\u00e7a Digital) - Cyberlogics Technologies Angola","og_description":"A Maior Loja Online de Angola de Licen\u00e7as Microsoft Office | Chaves Sistemas Operativos Windows | Antiv\u00edrus | Cloud Adobe | Inform\u00e1tica & Servidores | Softwares de Gest\u00e3o ERP | Gaming Hardware | UPS e Baterias & Muito Mais...","og_url":"https:\/\/cyberlogics.ao\/index.php\/product\/sql-server-2017-standard-license\/","og_site_name":"Cyberlogics Technologies Angola","article_modified_time":"2023-03-22T09:41:18+00:00","og_image":[{"width":1200,"height":1200,"url":"http:\/\/cyberlogics.ao\/wp-content\/uploads\/2022\/05\/microsoft-sql-server-2019-standard-1.jpg","type":"image\/jpeg"}],"twitter_card":"summary_large_image","twitter_misc":{"Tempo estimado de leitura":"3 minutos"},"schema":{"@context":"https:\/\/schema.org","@graph":[{"@type":"WebPage","@id":"https:\/\/cyberlogics.ao\/index.php\/product\/sql-server-2017-standard-license\/","url":"https:\/\/cyberlogics.ao\/index.php\/product\/sql-server-2017-standard-license\/","name":"Windows SQL Server 2019 Standard (Licen\u00e7a Digital) - Cyberlogics Technologies Angola","isPartOf":{"@id":"https:\/\/cyberlogics.ao\/#website"},"primaryImageOfPage":{"@id":"https:\/\/cyberlogics.ao\/index.php\/product\/sql-server-2017-standard-license\/#primaryimage"},"image":{"@id":"https:\/\/cyberlogics.ao\/index.php\/product\/sql-server-2017-standard-license\/#primaryimage"},"thumbnailUrl":"https:\/\/cyberlogics.ao\/wp-content\/uploads\/2022\/05\/microsoft-sql-server-2019-standard-1.jpg","datePublished":"2022-05-06T09:38:58+00:00","dateModified":"2023-03-22T09:41:18+00:00","description":"A Maior Loja Online de Angola de Licen\u00e7as Microsoft Office | Chaves Sistemas Operativos Windows | Antiv\u00edrus | Cloud Adobe | Inform\u00e1tica & Servidores | Softwares de Gest\u00e3o ERP | Gaming Hardware | UPS e Baterias & Muito Mais...","breadcrumb":{"@id":"https:\/\/cyberlogics.ao\/index.php\/product\/sql-server-2017-standard-license\/#breadcrumb"},"inLanguage":"pt-PT","potentialAction":[{"@type":"ReadAction","target":["https:\/\/cyberlogics.ao\/index.php\/product\/sql-server-2017-standard-license\/"]}]},{"@type":"ImageObject","inLanguage":"pt-PT","@id":"https:\/\/cyberlogics.ao\/index.php\/product\/sql-server-2017-standard-license\/#primaryimage","url":"https:\/\/cyberlogics.ao\/wp-content\/uploads\/2022\/05\/microsoft-sql-server-2019-standard-1.jpg","contentUrl":"https:\/\/cyberlogics.ao\/wp-content\/uploads\/2022\/05\/microsoft-sql-server-2019-standard-1.jpg","width":1200,"height":1200},{"@type":"BreadcrumbList","@id":"https:\/\/cyberlogics.ao\/index.php\/product\/sql-server-2017-standard-license\/#breadcrumb","itemListElement":[{"@type":"ListItem","position":1,"name":"In\u00edcio","item":"https:\/\/cyberlogics.ao\/"},{"@type":"ListItem","position":2,"name":"Produtos","item":"https:\/\/cyberlogics.ao\/index.php\/shop-2\/"},{"@type":"ListItem","position":3,"name":"Windows SQL Server 2019 Standard (Licen\u00e7a Digital)"}]},{"@type":"WebSite","@id":"https:\/\/cyberlogics.ao\/#website","url":"https:\/\/cyberlogics.ao\/","name":"Cyberlogics Technologies Angola","description":"Loja Online de Licen\u00e7as de Softwares e Inform\u00e1tica","publisher":{"@id":"https:\/\/cyberlogics.ao\/#organization"},"potentialAction":[{"@type":"SearchAction","target":{"@type":"EntryPoint","urlTemplate":"https:\/\/cyberlogics.ao\/?s={search_term_string}"},"query-input":{"@type":"PropertyValueSpecification","valueRequired":true,"valueName":"search_term_string"}}],"inLanguage":"pt-PT"},{"@type":"Organization","@id":"https:\/\/cyberlogics.ao\/#organization","name":"Cyberlogics Ao Technologies - Loja Online de Licen\u00e7as de Softwares e Inform\u00e1tica","url":"https:\/\/cyberlogics.ao\/","logo":{"@type":"ImageObject","inLanguage":"pt-PT","@id":"https:\/\/cyberlogics.ao\/#\/schema\/logo\/image\/","url":"https:\/\/cyberlogics.ao\/wp-content\/uploads\/2022\/04\/CT-logo.png","contentUrl":"https:\/\/cyberlogics.ao\/wp-content\/uploads\/2022\/04\/CT-logo.png","width":190,"height":75,"caption":"Cyberlogics Ao Technologies - Loja Online de Licen\u00e7as de Softwares e Inform\u00e1tica"},"image":{"@id":"https:\/\/cyberlogics.ao\/#\/schema\/logo\/image\/"}}]}},"_links":{"self":[{"href":"https:\/\/cyberlogics.ao\/index.php\/wp-json\/wp\/v2\/product\/6777","targetHints":{"allow":["GET"]}}],"collection":[{"href":"https:\/\/cyberlogics.ao\/index.php\/wp-json\/wp\/v2\/product"}],"about":[{"href":"https:\/\/cyberlogics.ao\/index.php\/wp-json\/wp\/v2\/types\/product"}],"replies":[{"embeddable":true,"href":"https:\/\/cyberlogics.ao\/index.php\/wp-json\/wp\/v2\/comments?post=6777"}],"wp:featuredmedia":[{"embeddable":true,"href":"https:\/\/cyberlogics.ao\/index.php\/wp-json\/wp\/v2\/media\/6944"}],"wp:attachment":[{"href":"https:\/\/cyberlogics.ao\/index.php\/wp-json\/wp\/v2\/media?parent=6777"}],"wp:term":[{"taxonomy":"product_brand","embeddable":true,"href":"https:\/\/cyberlogics.ao\/index.php\/wp-json\/wp\/v2\/product_brand?post=6777"},{"taxonomy":"product_cat","embeddable":true,"href":"https:\/\/cyberlogics.ao\/index.php\/wp-json\/wp\/v2\/product_cat?post=6777"},{"taxonomy":"product_tag","embeddable":true,"href":"https:\/\/cyberlogics.ao\/index.php\/wp-json\/wp\/v2\/product_tag?post=6777"}],"curies":[{"name":"wp","href":"https:\/\/api.w.org\/{rel}","templated":true}]}}