{"id":6806,"date":"2022-05-06T15:01:29","date_gmt":"2022-05-06T15:01:29","guid":{"rendered":"https:\/\/cyberlogics.ao\/?post_type=product&#038;p=6806"},"modified":"2023-03-22T09:43:20","modified_gmt":"2023-03-22T09:43:20","slug":"adobe-photoshop","status":"publish","type":"product","link":"https:\/\/cyberlogics.ao\/index.php\/product\/adobe-photoshop\/","title":{"rendered":"Adobe &#8211; Photoshop Elements 2022 &amp; Premiere Elements 2022 &#8211; Windows [Digital]"},"content":{"rendered":"<p><strong>Vis\u00e3o Geral<\/strong><\/p>\n<p>Descubra a divers\u00e3o da edi\u00e7\u00e3o criativa e da narrativa. A tecnologia Adobe Sensei AI* e as op\u00e7\u00f5es automatizadas fazem o trabalho pesado para que voc\u00ea possa transformar fotos instantaneamente em arte, distorcer fotos para caber em qualquer formato, reformular seus assuntos de v\u00eddeo e muito mais. Adicione sobreposi\u00e7\u00f5es em movimento ou movimento de c\u00e2mera 3D para levar suas fotos a um n\u00edvel totalmente novo e salve-as como MP4s para facilitar o compartilhamento nas redes sociais. Aumente suas habilidades com 87 edi\u00e7\u00f5es guiadas que ensinam como criar fotos perfeitas de animais de estima\u00e7\u00e3o; estender, remover ou substituir fundos de fotos; adicione sobreposi\u00e7\u00f5es animadas divertidas aos seus v\u00eddeos; real\u00e7ar detalhes em sombras e realces de v\u00eddeo; e mais. Edite e exporte v\u00eddeos em propor\u00e7\u00f5es verticais e quadradas amig\u00e1veis \u200b\u200bpara redes sociais e compacte v\u00eddeos para facilitar o compartilhamento. Organize sem esfor\u00e7o suas fotos e v\u00eddeos e crie cria\u00e7\u00f5es personalizadas, como apresenta\u00e7\u00f5es de slides din\u00e2micas de fotos e v\u00eddeos com estilos totalmente novos, gr\u00e1ficos de cita\u00e7\u00f5es inspiradoras e postagens sociais animadas. Transforme suas fotos favoritas em arte de parede com qualidade de galeria, belas impress\u00f5es e lembran\u00e7as exclusivas com o servi\u00e7o integrado de impress\u00f5es e presentes.\u2020E desfrute de uma apar\u00eancia atualizada que torna o software ainda mais f\u00e1cil de usar e navegar. *Adobe Sensei \u00e9 a tecnologia que fornece recursos inteligentes em todos os produtos da Adobe para melhorar drasticamente o design e a entrega de experi\u00eancias digitais, usando intelig\u00eancia artificial e aprendizado de m\u00e1quina em uma estrutura comum.\u2020O servi\u00e7o FUJIFILM Prints &amp; Gifts est\u00e1 dispon\u00edvel apenas nos EUA.<\/p>\n<p><strong>recursos<\/strong><\/p>\n<p>Transforme fotos instantaneamente em arte<br \/>\nCom um clique, transforme suas fotos com efeitos inspirados em obras de arte famosas ou estilos de arte populares. Escolha entre efeitos art\u00edsticos incr\u00edveis que voc\u00ea pode aplicar a toda ou parte de sua foto e ajuste facilmente os resultados para exatamente a apar\u00eancia desejada.<\/p>\n<p>Crie fotos n\u00e3o t\u00e3o paradas<br \/>\nAdicione sobreposi\u00e7\u00f5es em movimento, como flocos de neve e brilhos, e crie quadros animados divertidos. Em seguida, salve suas fotos como MP4s para compartilhar nas redes sociais e muito mais.<\/p>\n<p>Deformar fotos para caber em qualquer formato<br \/>\nColoque uma foto dentro de outra envolvendo-a em um objeto como uma caneca de caf\u00e9 ou encaixando-a em formas como as lentes dos \u00f3culos de sol do seu assunto. N\u00e3o h\u00e1 limite para o que voc\u00ea pode criar!<\/p>\n<p>Escolha a propor\u00e7\u00e3o perfeita para v\u00eddeos<br \/>\nEdite e exporte seus v\u00eddeos em propor\u00e7\u00f5es verticais ou quadradas compat\u00edveis com redes sociais sem perder conte\u00fado. Adicione tamb\u00e9m t\u00edtulos em movimento, foscos e planos de fundo projetados para v\u00eddeos n\u00e3o horizontais.<\/p>\n<p>Reformule automaticamente o assunto do seu v\u00eddeo<br \/>\nRedimensione facilmente seus v\u00eddeos para m\u00eddias sociais e muito mais, mantendo a parte mais importante da a\u00e7\u00e3o no quadro. Funciona muito bem para clipes com muito movimento, como uma festa de anivers\u00e1rio infantil ou um evento esportivo.<\/p>\n<p>Aumente facilmente suas habilidades com edi\u00e7\u00f5es guiadas<br \/>\nFotos e v\u00eddeos impec\u00e1veis \u200b\u200best\u00e3o a poucos passos de dist\u00e2ncia. Basta seguir para fazer ajustes b\u00e1sicos, cria\u00e7\u00f5es art\u00edsticas e tudo mais com 87 edi\u00e7\u00f5es guiadas.<\/p>\n<p>Crie fotos perfeitas de animais de estima\u00e7\u00e3o<br \/>\nFa\u00e7a seus amigos peludos e emplumados parecerem melhores. Enquadre-os da maneira certa, ajuste a cor e a ilumina\u00e7\u00e3o, selecione e refine bordas detalhadas como peles, corrija o olho do animal de estima\u00e7\u00e3o e remova coleiras e trelas em algumas etapas simples.<\/p>\n<p>Estender fundos de fotos<br \/>\nCrie uma paisagem deslumbrante ou reposicione seu assunto para a postagem social perfeita, estendendo facilmente o plano de fundo da sua foto. A magia da tecnologia Content-Aware Fill torna tudo isso poss\u00edvel.<\/p>\n<p>Adicione sobreposi\u00e7\u00f5es animadas divertidas aos v\u00eddeos<br \/>\nAprimore qualquer v\u00eddeo com borboletas esvoa\u00e7antes, cora\u00e7\u00f5es ao redor e outras anima\u00e7\u00f5es lindas e caprichosas. Crie um visual totalmente novo em algumas etapas r\u00e1pidas.<\/p>\n<p>Ajustar sombras e realces em v\u00eddeos<br \/>\nRevele facilmente detalhes ocultos nas \u00e1reas mais escuras ou mais claras de seus v\u00eddeos para que haja mais para ver em cada cena.<\/p>\n<p>Exporte fotos em movimento como MP4s<br \/>\nSalve suas fotos em movimento e gr\u00e1ficos de cita\u00e7\u00f5es como MP4s para facilitar o compartilhamento no Instagram e em outros sites sociais.<\/p>\n<p>Explore novos estilos de apresenta\u00e7\u00e3o de slides<br \/>\nMostre suas fotos e v\u00eddeos e conte suas hist\u00f3rias com novos modelos de apresenta\u00e7\u00e3o de slides animados em uma variedade de estilos atraentes.<\/p>\n","protected":false},"excerpt":{"rendered":"<p>O melhor aplicativo de imagens e design do mundo est\u00e1 sempre presente em projetos criativos. Crie e aprimore fotografias, designs da Web e de aplicativos para dispositivos m\u00f3veis, ilustra\u00e7\u00f5es 3D, v\u00eddeos e muito mais.<\/p>\n","protected":false},"featured_media":6942,"comment_status":"open","ping_status":"closed","template":"","meta":{"_joinchat":[]},"product_brand":[],"product_cat":[267,263],"product_tag":[],"class_list":{"0":"post-6806","1":"product","2":"type-product","3":"status-publish","4":"has-post-thumbnail","6":"product_cat-adobe","7":"product_cat-subscricoes","9":"first","10":"instock","11":"downloadable","12":"virtual","13":"purchasable","14":"product-type-simple"},"yoast_head":"<!-- This site is optimized with the Yoast SEO plugin v27.4 - https:\/\/yoast.com\/product\/yoast-seo-wordpress\/ -->\n<title>Adobe - Photoshop Elements 2022 &amp; Premiere Elements 2022 - Windows [Digital] - Cyberlogics Technologies Angola<\/title>\n<meta name=\"description\" content=\"A Maior Loja Online de Angola de Licen\u00e7as Microsoft Office | Chaves Sistemas Operativos Windows | Antiv\u00edrus | Cloud Adobe | Inform\u00e1tica &amp; Servidores | Softwares de Gest\u00e3o ERP | Gaming Hardware | UPS e Baterias &amp; Muito Mais...\" \/>\n<meta name=\"robots\" content=\"index, follow, max-snippet:-1, max-image-preview:large, max-video-preview:-1\" \/>\n<link rel=\"canonical\" href=\"https:\/\/cyberlogics.ao\/index.php\/product\/adobe-photoshop\/\" \/>\n<meta property=\"og:locale\" content=\"pt_PT\" \/>\n<meta property=\"og:type\" content=\"article\" \/>\n<meta property=\"og:title\" content=\"Adobe - Photoshop Elements 2022 &amp; Premiere Elements 2022 - Windows [Digital] - Cyberlogics Technologies Angola\" \/>\n<meta property=\"og:description\" content=\"A Maior Loja Online de Angola de Licen\u00e7as Microsoft Office | Chaves Sistemas Operativos Windows | Antiv\u00edrus | Cloud Adobe | Inform\u00e1tica &amp; Servidores | Softwares de Gest\u00e3o ERP | Gaming Hardware | UPS e Baterias &amp; Muito Mais...\" \/>\n<meta property=\"og:url\" content=\"https:\/\/cyberlogics.ao\/index.php\/product\/adobe-photoshop\/\" \/>\n<meta property=\"og:site_name\" content=\"Cyberlogics Technologies Angola\" \/>\n<meta property=\"article:modified_time\" content=\"2023-03-22T09:43:20+00:00\" \/>\n<meta property=\"og:image\" content=\"http:\/\/cyberlogics.ao\/wp-content\/uploads\/2022\/05\/photoshop.jpg\" \/>\n\t<meta property=\"og:image:width\" content=\"649\" \/>\n\t<meta property=\"og:image:height\" content=\"1000\" \/>\n\t<meta property=\"og:image:type\" content=\"image\/jpeg\" \/>\n<meta name=\"twitter:card\" content=\"summary_large_image\" \/>\n<meta name=\"twitter:label1\" content=\"Tempo estimado de leitura\" \/>\n\t<meta name=\"twitter:data1\" content=\"4 minutos\" \/>\n<script type=\"application\/ld+json\" class=\"yoast-schema-graph\">{\"@context\":\"https:\\\/\\\/schema.org\",\"@graph\":[{\"@type\":\"WebPage\",\"@id\":\"https:\\\/\\\/cyberlogics.ao\\\/index.php\\\/product\\\/adobe-photoshop\\\/\",\"url\":\"https:\\\/\\\/cyberlogics.ao\\\/index.php\\\/product\\\/adobe-photoshop\\\/\",\"name\":\"Adobe - Photoshop Elements 2022 &amp; Premiere Elements 2022 - Windows [Digital] - Cyberlogics Technologies Angola\",\"isPartOf\":{\"@id\":\"https:\\\/\\\/cyberlogics.ao\\\/#website\"},\"primaryImageOfPage\":{\"@id\":\"https:\\\/\\\/cyberlogics.ao\\\/index.php\\\/product\\\/adobe-photoshop\\\/#primaryimage\"},\"image\":{\"@id\":\"https:\\\/\\\/cyberlogics.ao\\\/index.php\\\/product\\\/adobe-photoshop\\\/#primaryimage\"},\"thumbnailUrl\":\"https:\\\/\\\/cyberlogics.ao\\\/wp-content\\\/uploads\\\/2022\\\/05\\\/photoshop.jpg\",\"datePublished\":\"2022-05-06T15:01:29+00:00\",\"dateModified\":\"2023-03-22T09:43:20+00:00\",\"description\":\"A Maior Loja Online de Angola de Licen\u00e7as Microsoft Office | Chaves Sistemas Operativos Windows | Antiv\u00edrus | Cloud Adobe | Inform\u00e1tica & Servidores | Softwares de Gest\u00e3o ERP | Gaming Hardware | UPS e Baterias & Muito Mais...\",\"breadcrumb\":{\"@id\":\"https:\\\/\\\/cyberlogics.ao\\\/index.php\\\/product\\\/adobe-photoshop\\\/#breadcrumb\"},\"inLanguage\":\"pt-PT\",\"potentialAction\":[{\"@type\":\"ReadAction\",\"target\":[\"https:\\\/\\\/cyberlogics.ao\\\/index.php\\\/product\\\/adobe-photoshop\\\/\"]}]},{\"@type\":\"ImageObject\",\"inLanguage\":\"pt-PT\",\"@id\":\"https:\\\/\\\/cyberlogics.ao\\\/index.php\\\/product\\\/adobe-photoshop\\\/#primaryimage\",\"url\":\"https:\\\/\\\/cyberlogics.ao\\\/wp-content\\\/uploads\\\/2022\\\/05\\\/photoshop.jpg\",\"contentUrl\":\"https:\\\/\\\/cyberlogics.ao\\\/wp-content\\\/uploads\\\/2022\\\/05\\\/photoshop.jpg\",\"width\":649,\"height\":1000},{\"@type\":\"BreadcrumbList\",\"@id\":\"https:\\\/\\\/cyberlogics.ao\\\/index.php\\\/product\\\/adobe-photoshop\\\/#breadcrumb\",\"itemListElement\":[{\"@type\":\"ListItem\",\"position\":1,\"name\":\"In\u00edcio\",\"item\":\"https:\\\/\\\/cyberlogics.ao\\\/\"},{\"@type\":\"ListItem\",\"position\":2,\"name\":\"Produtos\",\"item\":\"https:\\\/\\\/cyberlogics.ao\\\/index.php\\\/shop-2\\\/\"},{\"@type\":\"ListItem\",\"position\":3,\"name\":\"Adobe &#8211; Photoshop Elements 2022 &amp; Premiere Elements 2022 &#8211; Windows [Digital]\"}]},{\"@type\":\"WebSite\",\"@id\":\"https:\\\/\\\/cyberlogics.ao\\\/#website\",\"url\":\"https:\\\/\\\/cyberlogics.ao\\\/\",\"name\":\"Cyberlogics Technologies Angola\",\"description\":\"Loja Online de Licen\u00e7as de Softwares e Inform\u00e1tica\",\"publisher\":{\"@id\":\"https:\\\/\\\/cyberlogics.ao\\\/#organization\"},\"potentialAction\":[{\"@type\":\"SearchAction\",\"target\":{\"@type\":\"EntryPoint\",\"urlTemplate\":\"https:\\\/\\\/cyberlogics.ao\\\/?s={search_term_string}\"},\"query-input\":{\"@type\":\"PropertyValueSpecification\",\"valueRequired\":true,\"valueName\":\"search_term_string\"}}],\"inLanguage\":\"pt-PT\"},{\"@type\":\"Organization\",\"@id\":\"https:\\\/\\\/cyberlogics.ao\\\/#organization\",\"name\":\"Cyberlogics Ao Technologies - Loja Online de Licen\u00e7as de Softwares e Inform\u00e1tica\",\"url\":\"https:\\\/\\\/cyberlogics.ao\\\/\",\"logo\":{\"@type\":\"ImageObject\",\"inLanguage\":\"pt-PT\",\"@id\":\"https:\\\/\\\/cyberlogics.ao\\\/#\\\/schema\\\/logo\\\/image\\\/\",\"url\":\"https:\\\/\\\/cyberlogics.ao\\\/wp-content\\\/uploads\\\/2022\\\/04\\\/CT-logo.png\",\"contentUrl\":\"https:\\\/\\\/cyberlogics.ao\\\/wp-content\\\/uploads\\\/2022\\\/04\\\/CT-logo.png\",\"width\":190,\"height\":75,\"caption\":\"Cyberlogics Ao Technologies - Loja Online de Licen\u00e7as de Softwares e Inform\u00e1tica\"},\"image\":{\"@id\":\"https:\\\/\\\/cyberlogics.ao\\\/#\\\/schema\\\/logo\\\/image\\\/\"}}]}<\/script>\n<!-- \/ Yoast SEO plugin. -->","yoast_head_json":{"title":"Adobe - Photoshop Elements 2022 &amp; Premiere Elements 2022 - Windows [Digital] - Cyberlogics Technologies Angola","description":"A Maior Loja Online de Angola de Licen\u00e7as Microsoft Office | Chaves Sistemas Operativos Windows | Antiv\u00edrus | Cloud Adobe | Inform\u00e1tica & Servidores | Softwares de Gest\u00e3o ERP | Gaming Hardware | UPS e Baterias & Muito Mais...","robots":{"index":"index","follow":"follow","max-snippet":"max-snippet:-1","max-image-preview":"max-image-preview:large","max-video-preview":"max-video-preview:-1"},"canonical":"https:\/\/cyberlogics.ao\/index.php\/product\/adobe-photoshop\/","og_locale":"pt_PT","og_type":"article","og_title":"Adobe - Photoshop Elements 2022 &amp; Premiere Elements 2022 - Windows [Digital] - Cyberlogics Technologies Angola","og_description":"A Maior Loja Online de Angola de Licen\u00e7as Microsoft Office | Chaves Sistemas Operativos Windows | Antiv\u00edrus | Cloud Adobe | Inform\u00e1tica & Servidores | Softwares de Gest\u00e3o ERP | Gaming Hardware | UPS e Baterias & Muito Mais...","og_url":"https:\/\/cyberlogics.ao\/index.php\/product\/adobe-photoshop\/","og_site_name":"Cyberlogics Technologies Angola","article_modified_time":"2023-03-22T09:43:20+00:00","og_image":[{"width":649,"height":1000,"url":"http:\/\/cyberlogics.ao\/wp-content\/uploads\/2022\/05\/photoshop.jpg","type":"image\/jpeg"}],"twitter_card":"summary_large_image","twitter_misc":{"Tempo estimado de leitura":"4 minutos"},"schema":{"@context":"https:\/\/schema.org","@graph":[{"@type":"WebPage","@id":"https:\/\/cyberlogics.ao\/index.php\/product\/adobe-photoshop\/","url":"https:\/\/cyberlogics.ao\/index.php\/product\/adobe-photoshop\/","name":"Adobe - Photoshop Elements 2022 &amp; Premiere Elements 2022 - Windows [Digital] - Cyberlogics Technologies Angola","isPartOf":{"@id":"https:\/\/cyberlogics.ao\/#website"},"primaryImageOfPage":{"@id":"https:\/\/cyberlogics.ao\/index.php\/product\/adobe-photoshop\/#primaryimage"},"image":{"@id":"https:\/\/cyberlogics.ao\/index.php\/product\/adobe-photoshop\/#primaryimage"},"thumbnailUrl":"https:\/\/cyberlogics.ao\/wp-content\/uploads\/2022\/05\/photoshop.jpg","datePublished":"2022-05-06T15:01:29+00:00","dateModified":"2023-03-22T09:43:20+00:00","description":"A Maior Loja Online de Angola de Licen\u00e7as Microsoft Office | Chaves Sistemas Operativos Windows | Antiv\u00edrus | Cloud Adobe | Inform\u00e1tica & Servidores | Softwares de Gest\u00e3o ERP | Gaming Hardware | UPS e Baterias & Muito Mais...","breadcrumb":{"@id":"https:\/\/cyberlogics.ao\/index.php\/product\/adobe-photoshop\/#breadcrumb"},"inLanguage":"pt-PT","potentialAction":[{"@type":"ReadAction","target":["https:\/\/cyberlogics.ao\/index.php\/product\/adobe-photoshop\/"]}]},{"@type":"ImageObject","inLanguage":"pt-PT","@id":"https:\/\/cyberlogics.ao\/index.php\/product\/adobe-photoshop\/#primaryimage","url":"https:\/\/cyberlogics.ao\/wp-content\/uploads\/2022\/05\/photoshop.jpg","contentUrl":"https:\/\/cyberlogics.ao\/wp-content\/uploads\/2022\/05\/photoshop.jpg","width":649,"height":1000},{"@type":"BreadcrumbList","@id":"https:\/\/cyberlogics.ao\/index.php\/product\/adobe-photoshop\/#breadcrumb","itemListElement":[{"@type":"ListItem","position":1,"name":"In\u00edcio","item":"https:\/\/cyberlogics.ao\/"},{"@type":"ListItem","position":2,"name":"Produtos","item":"https:\/\/cyberlogics.ao\/index.php\/shop-2\/"},{"@type":"ListItem","position":3,"name":"Adobe &#8211; Photoshop Elements 2022 &amp; Premiere Elements 2022 &#8211; Windows [Digital]"}]},{"@type":"WebSite","@id":"https:\/\/cyberlogics.ao\/#website","url":"https:\/\/cyberlogics.ao\/","name":"Cyberlogics Technologies Angola","description":"Loja Online de Licen\u00e7as de Softwares e Inform\u00e1tica","publisher":{"@id":"https:\/\/cyberlogics.ao\/#organization"},"potentialAction":[{"@type":"SearchAction","target":{"@type":"EntryPoint","urlTemplate":"https:\/\/cyberlogics.ao\/?s={search_term_string}"},"query-input":{"@type":"PropertyValueSpecification","valueRequired":true,"valueName":"search_term_string"}}],"inLanguage":"pt-PT"},{"@type":"Organization","@id":"https:\/\/cyberlogics.ao\/#organization","name":"Cyberlogics Ao Technologies - Loja Online de Licen\u00e7as de Softwares e Inform\u00e1tica","url":"https:\/\/cyberlogics.ao\/","logo":{"@type":"ImageObject","inLanguage":"pt-PT","@id":"https:\/\/cyberlogics.ao\/#\/schema\/logo\/image\/","url":"https:\/\/cyberlogics.ao\/wp-content\/uploads\/2022\/04\/CT-logo.png","contentUrl":"https:\/\/cyberlogics.ao\/wp-content\/uploads\/2022\/04\/CT-logo.png","width":190,"height":75,"caption":"Cyberlogics Ao Technologies - Loja Online de Licen\u00e7as de Softwares e Inform\u00e1tica"},"image":{"@id":"https:\/\/cyberlogics.ao\/#\/schema\/logo\/image\/"}}]}},"_links":{"self":[{"href":"https:\/\/cyberlogics.ao\/index.php\/wp-json\/wp\/v2\/product\/6806","targetHints":{"allow":["GET"]}}],"collection":[{"href":"https:\/\/cyberlogics.ao\/index.php\/wp-json\/wp\/v2\/product"}],"about":[{"href":"https:\/\/cyberlogics.ao\/index.php\/wp-json\/wp\/v2\/types\/product"}],"replies":[{"embeddable":true,"href":"https:\/\/cyberlogics.ao\/index.php\/wp-json\/wp\/v2\/comments?post=6806"}],"wp:featuredmedia":[{"embeddable":true,"href":"https:\/\/cyberlogics.ao\/index.php\/wp-json\/wp\/v2\/media\/6942"}],"wp:attachment":[{"href":"https:\/\/cyberlogics.ao\/index.php\/wp-json\/wp\/v2\/media?parent=6806"}],"wp:term":[{"taxonomy":"product_brand","embeddable":true,"href":"https:\/\/cyberlogics.ao\/index.php\/wp-json\/wp\/v2\/product_brand?post=6806"},{"taxonomy":"product_cat","embeddable":true,"href":"https:\/\/cyberlogics.ao\/index.php\/wp-json\/wp\/v2\/product_cat?post=6806"},{"taxonomy":"product_tag","embeddable":true,"href":"https:\/\/cyberlogics.ao\/index.php\/wp-json\/wp\/v2\/product_tag?post=6806"}],"curies":[{"name":"wp","href":"https:\/\/api.w.org\/{rel}","templated":true}]}}