{"id":6808,"date":"2022-05-06T15:02:31","date_gmt":"2022-05-06T15:02:31","guid":{"rendered":"https:\/\/cyberlogics.ao\/?post_type=product&#038;p=6808"},"modified":"2023-03-22T10:06:50","modified_gmt":"2023-03-22T10:06:50","slug":"adobe-illustrator","status":"publish","type":"product","link":"https:\/\/cyberlogics.ao\/index.php\/product\/adobe-illustrator\/","title":{"rendered":"Adobe &#8211; Illustrator 2022(Subscri\u00e7\u00e3o Anual) &#8211; Mac OS, Windows [Digital]"},"content":{"rendered":"<p><strong>Vis\u00e3o Geral<\/strong><\/p>\n<p>Obtenha todas as ferramentas de desenho necess\u00e1rias para transformar formas e cores simples em logotipos, \u00edcones e gr\u00e1ficos sofisticados<\/p>\n<p>Crie desenhos \u00e0 m\u00e3o livre ou trace e recolora gr\u00e1ficos para transform\u00e1-los em obras de arte<\/p>\n<p>Use suas ilustra\u00e7\u00f5es em qualquer lugar, inclusive em pe\u00e7as impressas, apresenta\u00e7\u00f5es, sites, blogs e m\u00eddias sociais<\/p>\n<p>Incorpore o nome de uma empresa em um logotipo, crie um panfleto ou crie um design de site com as ferramentas de tipografia perfeitas dispon\u00edveis<\/p>\n<p>Adicione efeitos, gerencie estilos e edite caracteres individuais para criar designs tipogr\u00e1ficos que expressem perfeitamente suas mensagens<\/p>\n<p>Crie projetos de grande formato, como envelopamento de \u00f4nibus e sinaliza\u00e7\u00e3o externa em uma tela que oferece espa\u00e7o para projetar em escala<\/p>\n<p>Prepare-se para levar sua imagina\u00e7\u00e3o a novos lugares com o Illustrator no seu iPad<\/p>\n<p>Crie belos gr\u00e1ficos, logotipos, \u00edcones e obras de arte com ferramentas avan\u00e7adas de design vetorial que foram reimaginadas do zero para funcionar com o Apple Pencil e a tela sens\u00edvel ao toque<\/p>\n<p>Crie no seu iPad ou desktop &#8211; seus arquivos s\u00e3o salvos automaticamente na nuvem, para que voc\u00ea possa dar vida ao seu trabalho art\u00edstico onde quer que esteja<\/p>\n<p>Visualize seus designs enquanto trabalha agora que as altera\u00e7\u00f5es s\u00e3o renderizadas instantaneamente<\/p>\n<p>Duplique rapidamente uma prancheta, coloque-a em outro documento ou no mesmo documento para criar uma vers\u00e3o alternativa ou inicie um novo projeto<\/p>\n<p><strong>Adobe Illustrator\u00a0 2022(assinatura de 1 ano)<\/strong><\/p>\n","protected":false},"excerpt":{"rendered":"<p>O Adobe Illustrator \u00e9 o software de gr\u00e1ficos vetoriais padr\u00e3o do setor usado por milh\u00f5es de designers e artistas para criar tudo, desde lindos gr\u00e1ficos da Web e m\u00f3veis a logotipos, \u00edcones, ilustra\u00e7\u00f5es de livros, embalagens de produtos e outdoors.<\/p>\n","protected":false},"featured_media":6809,"comment_status":"open","ping_status":"closed","template":"","meta":{"_joinchat":[]},"product_brand":[],"product_cat":[267,263],"product_tag":[],"class_list":{"0":"post-6808","1":"product","2":"type-product","3":"status-publish","4":"has-post-thumbnail","6":"product_cat-adobe","7":"product_cat-subscricoes","9":"first","10":"instock","11":"shipping-taxable","12":"purchasable","13":"product-type-simple"},"yoast_head":"<!-- This site is optimized with the Yoast SEO plugin v27.4 - https:\/\/yoast.com\/product\/yoast-seo-wordpress\/ -->\n<title>Adobe - Illustrator 2022(Subscri\u00e7\u00e3o Anual) - Mac OS, Windows [Digital] - Cyberlogics Technologies Angola<\/title>\n<meta name=\"description\" content=\"A Maior Loja Online de Angola de Licen\u00e7as Microsoft Office | Chaves Sistemas Operativos Windows | Antiv\u00edrus | Cloud Adobe | Inform\u00e1tica &amp; Servidores | Softwares de Gest\u00e3o ERP | Gaming Hardware | UPS e Baterias &amp; Muito Mais...\" \/>\n<meta name=\"robots\" content=\"index, follow, max-snippet:-1, max-image-preview:large, max-video-preview:-1\" \/>\n<link rel=\"canonical\" href=\"https:\/\/cyberlogics.ao\/index.php\/product\/adobe-illustrator\/\" \/>\n<meta property=\"og:locale\" content=\"pt_PT\" \/>\n<meta property=\"og:type\" content=\"article\" \/>\n<meta property=\"og:title\" content=\"Adobe - Illustrator 2022(Subscri\u00e7\u00e3o Anual) - Mac OS, Windows [Digital] - Cyberlogics Technologies Angola\" \/>\n<meta property=\"og:description\" content=\"A Maior Loja Online de Angola de Licen\u00e7as Microsoft Office | Chaves Sistemas Operativos Windows | Antiv\u00edrus | Cloud Adobe | Inform\u00e1tica &amp; Servidores | Softwares de Gest\u00e3o ERP | Gaming Hardware | UPS e Baterias &amp; Muito Mais...\" \/>\n<meta property=\"og:url\" content=\"https:\/\/cyberlogics.ao\/index.php\/product\/adobe-illustrator\/\" \/>\n<meta property=\"og:site_name\" content=\"Cyberlogics Technologies Angola\" \/>\n<meta property=\"article:modified_time\" content=\"2023-03-22T10:06:50+00:00\" \/>\n<meta property=\"og:image\" content=\"http:\/\/cyberlogics.ao\/wp-content\/uploads\/2022\/05\/adobe-illustrator-2022-full-version-lifetime-windows1-119683d2c162cdcf2916365919170474-640-0.jpg\" \/>\n\t<meta property=\"og:image:width\" content=\"500\" \/>\n\t<meta property=\"og:image:height\" content=\"500\" \/>\n\t<meta property=\"og:image:type\" content=\"image\/jpeg\" \/>\n<meta name=\"twitter:card\" content=\"summary_large_image\" \/>\n<meta name=\"twitter:label1\" content=\"Tempo estimado de leitura\" \/>\n\t<meta name=\"twitter:data1\" content=\"1 minuto\" \/>\n<script type=\"application\/ld+json\" class=\"yoast-schema-graph\">{\"@context\":\"https:\\\/\\\/schema.org\",\"@graph\":[{\"@type\":\"WebPage\",\"@id\":\"https:\\\/\\\/cyberlogics.ao\\\/index.php\\\/product\\\/adobe-illustrator\\\/\",\"url\":\"https:\\\/\\\/cyberlogics.ao\\\/index.php\\\/product\\\/adobe-illustrator\\\/\",\"name\":\"Adobe - Illustrator 2022(Subscri\u00e7\u00e3o Anual) - Mac OS, Windows [Digital] - Cyberlogics Technologies Angola\",\"isPartOf\":{\"@id\":\"https:\\\/\\\/cyberlogics.ao\\\/#website\"},\"primaryImageOfPage\":{\"@id\":\"https:\\\/\\\/cyberlogics.ao\\\/index.php\\\/product\\\/adobe-illustrator\\\/#primaryimage\"},\"image\":{\"@id\":\"https:\\\/\\\/cyberlogics.ao\\\/index.php\\\/product\\\/adobe-illustrator\\\/#primaryimage\"},\"thumbnailUrl\":\"https:\\\/\\\/cyberlogics.ao\\\/wp-content\\\/uploads\\\/2022\\\/05\\\/adobe-illustrator-2022-full-version-lifetime-windows1-119683d2c162cdcf2916365919170474-640-0.jpg\",\"datePublished\":\"2022-05-06T15:02:31+00:00\",\"dateModified\":\"2023-03-22T10:06:50+00:00\",\"description\":\"A Maior Loja Online de Angola de Licen\u00e7as Microsoft Office | Chaves Sistemas Operativos Windows | Antiv\u00edrus | Cloud Adobe | Inform\u00e1tica & Servidores | Softwares de Gest\u00e3o ERP | Gaming Hardware | UPS e Baterias & Muito Mais...\",\"breadcrumb\":{\"@id\":\"https:\\\/\\\/cyberlogics.ao\\\/index.php\\\/product\\\/adobe-illustrator\\\/#breadcrumb\"},\"inLanguage\":\"pt-PT\",\"potentialAction\":[{\"@type\":\"ReadAction\",\"target\":[\"https:\\\/\\\/cyberlogics.ao\\\/index.php\\\/product\\\/adobe-illustrator\\\/\"]}]},{\"@type\":\"ImageObject\",\"inLanguage\":\"pt-PT\",\"@id\":\"https:\\\/\\\/cyberlogics.ao\\\/index.php\\\/product\\\/adobe-illustrator\\\/#primaryimage\",\"url\":\"https:\\\/\\\/cyberlogics.ao\\\/wp-content\\\/uploads\\\/2022\\\/05\\\/adobe-illustrator-2022-full-version-lifetime-windows1-119683d2c162cdcf2916365919170474-640-0.jpg\",\"contentUrl\":\"https:\\\/\\\/cyberlogics.ao\\\/wp-content\\\/uploads\\\/2022\\\/05\\\/adobe-illustrator-2022-full-version-lifetime-windows1-119683d2c162cdcf2916365919170474-640-0.jpg\",\"width\":500,\"height\":500},{\"@type\":\"BreadcrumbList\",\"@id\":\"https:\\\/\\\/cyberlogics.ao\\\/index.php\\\/product\\\/adobe-illustrator\\\/#breadcrumb\",\"itemListElement\":[{\"@type\":\"ListItem\",\"position\":1,\"name\":\"In\u00edcio\",\"item\":\"https:\\\/\\\/cyberlogics.ao\\\/\"},{\"@type\":\"ListItem\",\"position\":2,\"name\":\"Produtos\",\"item\":\"https:\\\/\\\/cyberlogics.ao\\\/index.php\\\/shop-2\\\/\"},{\"@type\":\"ListItem\",\"position\":3,\"name\":\"Adobe &#8211; Illustrator 2022(Subscri\u00e7\u00e3o Anual) &#8211; Mac OS, Windows [Digital]\"}]},{\"@type\":\"WebSite\",\"@id\":\"https:\\\/\\\/cyberlogics.ao\\\/#website\",\"url\":\"https:\\\/\\\/cyberlogics.ao\\\/\",\"name\":\"Cyberlogics Technologies Angola\",\"description\":\"Loja Online de Licen\u00e7as de Softwares e Inform\u00e1tica\",\"publisher\":{\"@id\":\"https:\\\/\\\/cyberlogics.ao\\\/#organization\"},\"potentialAction\":[{\"@type\":\"SearchAction\",\"target\":{\"@type\":\"EntryPoint\",\"urlTemplate\":\"https:\\\/\\\/cyberlogics.ao\\\/?s={search_term_string}\"},\"query-input\":{\"@type\":\"PropertyValueSpecification\",\"valueRequired\":true,\"valueName\":\"search_term_string\"}}],\"inLanguage\":\"pt-PT\"},{\"@type\":\"Organization\",\"@id\":\"https:\\\/\\\/cyberlogics.ao\\\/#organization\",\"name\":\"Cyberlogics Ao Technologies - Loja Online de Licen\u00e7as de Softwares e Inform\u00e1tica\",\"url\":\"https:\\\/\\\/cyberlogics.ao\\\/\",\"logo\":{\"@type\":\"ImageObject\",\"inLanguage\":\"pt-PT\",\"@id\":\"https:\\\/\\\/cyberlogics.ao\\\/#\\\/schema\\\/logo\\\/image\\\/\",\"url\":\"https:\\\/\\\/cyberlogics.ao\\\/wp-content\\\/uploads\\\/2022\\\/04\\\/CT-logo.png\",\"contentUrl\":\"https:\\\/\\\/cyberlogics.ao\\\/wp-content\\\/uploads\\\/2022\\\/04\\\/CT-logo.png\",\"width\":190,\"height\":75,\"caption\":\"Cyberlogics Ao Technologies - Loja Online de Licen\u00e7as de Softwares e Inform\u00e1tica\"},\"image\":{\"@id\":\"https:\\\/\\\/cyberlogics.ao\\\/#\\\/schema\\\/logo\\\/image\\\/\"}}]}<\/script>\n<!-- \/ Yoast SEO plugin. -->","yoast_head_json":{"title":"Adobe - Illustrator 2022(Subscri\u00e7\u00e3o Anual) - Mac OS, Windows [Digital] - Cyberlogics Technologies Angola","description":"A Maior Loja Online de Angola de Licen\u00e7as Microsoft Office | Chaves Sistemas Operativos Windows | Antiv\u00edrus | Cloud Adobe | Inform\u00e1tica & Servidores | Softwares de Gest\u00e3o ERP | Gaming Hardware | UPS e Baterias & Muito Mais...","robots":{"index":"index","follow":"follow","max-snippet":"max-snippet:-1","max-image-preview":"max-image-preview:large","max-video-preview":"max-video-preview:-1"},"canonical":"https:\/\/cyberlogics.ao\/index.php\/product\/adobe-illustrator\/","og_locale":"pt_PT","og_type":"article","og_title":"Adobe - Illustrator 2022(Subscri\u00e7\u00e3o Anual) - Mac OS, Windows [Digital] - Cyberlogics Technologies Angola","og_description":"A Maior Loja Online de Angola de Licen\u00e7as Microsoft Office | Chaves Sistemas Operativos Windows | Antiv\u00edrus | Cloud Adobe | Inform\u00e1tica & Servidores | Softwares de Gest\u00e3o ERP | Gaming Hardware | UPS e Baterias & Muito Mais...","og_url":"https:\/\/cyberlogics.ao\/index.php\/product\/adobe-illustrator\/","og_site_name":"Cyberlogics Technologies Angola","article_modified_time":"2023-03-22T10:06:50+00:00","og_image":[{"width":500,"height":500,"url":"http:\/\/cyberlogics.ao\/wp-content\/uploads\/2022\/05\/adobe-illustrator-2022-full-version-lifetime-windows1-119683d2c162cdcf2916365919170474-640-0.jpg","type":"image\/jpeg"}],"twitter_card":"summary_large_image","twitter_misc":{"Tempo estimado de leitura":"1 minuto"},"schema":{"@context":"https:\/\/schema.org","@graph":[{"@type":"WebPage","@id":"https:\/\/cyberlogics.ao\/index.php\/product\/adobe-illustrator\/","url":"https:\/\/cyberlogics.ao\/index.php\/product\/adobe-illustrator\/","name":"Adobe - Illustrator 2022(Subscri\u00e7\u00e3o Anual) - Mac OS, Windows [Digital] - Cyberlogics Technologies Angola","isPartOf":{"@id":"https:\/\/cyberlogics.ao\/#website"},"primaryImageOfPage":{"@id":"https:\/\/cyberlogics.ao\/index.php\/product\/adobe-illustrator\/#primaryimage"},"image":{"@id":"https:\/\/cyberlogics.ao\/index.php\/product\/adobe-illustrator\/#primaryimage"},"thumbnailUrl":"https:\/\/cyberlogics.ao\/wp-content\/uploads\/2022\/05\/adobe-illustrator-2022-full-version-lifetime-windows1-119683d2c162cdcf2916365919170474-640-0.jpg","datePublished":"2022-05-06T15:02:31+00:00","dateModified":"2023-03-22T10:06:50+00:00","description":"A Maior Loja Online de Angola de Licen\u00e7as Microsoft Office | Chaves Sistemas Operativos Windows | Antiv\u00edrus | Cloud Adobe | Inform\u00e1tica & Servidores | Softwares de Gest\u00e3o ERP | Gaming Hardware | UPS e Baterias & Muito Mais...","breadcrumb":{"@id":"https:\/\/cyberlogics.ao\/index.php\/product\/adobe-illustrator\/#breadcrumb"},"inLanguage":"pt-PT","potentialAction":[{"@type":"ReadAction","target":["https:\/\/cyberlogics.ao\/index.php\/product\/adobe-illustrator\/"]}]},{"@type":"ImageObject","inLanguage":"pt-PT","@id":"https:\/\/cyberlogics.ao\/index.php\/product\/adobe-illustrator\/#primaryimage","url":"https:\/\/cyberlogics.ao\/wp-content\/uploads\/2022\/05\/adobe-illustrator-2022-full-version-lifetime-windows1-119683d2c162cdcf2916365919170474-640-0.jpg","contentUrl":"https:\/\/cyberlogics.ao\/wp-content\/uploads\/2022\/05\/adobe-illustrator-2022-full-version-lifetime-windows1-119683d2c162cdcf2916365919170474-640-0.jpg","width":500,"height":500},{"@type":"BreadcrumbList","@id":"https:\/\/cyberlogics.ao\/index.php\/product\/adobe-illustrator\/#breadcrumb","itemListElement":[{"@type":"ListItem","position":1,"name":"In\u00edcio","item":"https:\/\/cyberlogics.ao\/"},{"@type":"ListItem","position":2,"name":"Produtos","item":"https:\/\/cyberlogics.ao\/index.php\/shop-2\/"},{"@type":"ListItem","position":3,"name":"Adobe &#8211; Illustrator 2022(Subscri\u00e7\u00e3o Anual) &#8211; Mac OS, Windows [Digital]"}]},{"@type":"WebSite","@id":"https:\/\/cyberlogics.ao\/#website","url":"https:\/\/cyberlogics.ao\/","name":"Cyberlogics Technologies Angola","description":"Loja Online de Licen\u00e7as de Softwares e Inform\u00e1tica","publisher":{"@id":"https:\/\/cyberlogics.ao\/#organization"},"potentialAction":[{"@type":"SearchAction","target":{"@type":"EntryPoint","urlTemplate":"https:\/\/cyberlogics.ao\/?s={search_term_string}"},"query-input":{"@type":"PropertyValueSpecification","valueRequired":true,"valueName":"search_term_string"}}],"inLanguage":"pt-PT"},{"@type":"Organization","@id":"https:\/\/cyberlogics.ao\/#organization","name":"Cyberlogics Ao Technologies - Loja Online de Licen\u00e7as de Softwares e Inform\u00e1tica","url":"https:\/\/cyberlogics.ao\/","logo":{"@type":"ImageObject","inLanguage":"pt-PT","@id":"https:\/\/cyberlogics.ao\/#\/schema\/logo\/image\/","url":"https:\/\/cyberlogics.ao\/wp-content\/uploads\/2022\/04\/CT-logo.png","contentUrl":"https:\/\/cyberlogics.ao\/wp-content\/uploads\/2022\/04\/CT-logo.png","width":190,"height":75,"caption":"Cyberlogics Ao Technologies - Loja Online de Licen\u00e7as de Softwares e Inform\u00e1tica"},"image":{"@id":"https:\/\/cyberlogics.ao\/#\/schema\/logo\/image\/"}}]}},"_links":{"self":[{"href":"https:\/\/cyberlogics.ao\/index.php\/wp-json\/wp\/v2\/product\/6808","targetHints":{"allow":["GET"]}}],"collection":[{"href":"https:\/\/cyberlogics.ao\/index.php\/wp-json\/wp\/v2\/product"}],"about":[{"href":"https:\/\/cyberlogics.ao\/index.php\/wp-json\/wp\/v2\/types\/product"}],"replies":[{"embeddable":true,"href":"https:\/\/cyberlogics.ao\/index.php\/wp-json\/wp\/v2\/comments?post=6808"}],"wp:featuredmedia":[{"embeddable":true,"href":"https:\/\/cyberlogics.ao\/index.php\/wp-json\/wp\/v2\/media\/6809"}],"wp:attachment":[{"href":"https:\/\/cyberlogics.ao\/index.php\/wp-json\/wp\/v2\/media?parent=6808"}],"wp:term":[{"taxonomy":"product_brand","embeddable":true,"href":"https:\/\/cyberlogics.ao\/index.php\/wp-json\/wp\/v2\/product_brand?post=6808"},{"taxonomy":"product_cat","embeddable":true,"href":"https:\/\/cyberlogics.ao\/index.php\/wp-json\/wp\/v2\/product_cat?post=6808"},{"taxonomy":"product_tag","embeddable":true,"href":"https:\/\/cyberlogics.ao\/index.php\/wp-json\/wp\/v2\/product_tag?post=6808"}],"curies":[{"name":"wp","href":"https:\/\/api.w.org\/{rel}","templated":true}]}}