{"id":6812,"date":"2022-05-06T15:10:42","date_gmt":"2022-05-06T15:10:42","guid":{"rendered":"https:\/\/cyberlogics.ao\/?post_type=product&#038;p=6812"},"modified":"2023-03-22T09:46:40","modified_gmt":"2023-03-22T09:46:40","slug":"adobe-acrobat-dc-2020","status":"publish","type":"product","link":"https:\/\/cyberlogics.ao\/index.php\/product\/adobe-acrobat-dc-2020\/","title":{"rendered":"Adobe &#8211; Acrobat Pro 2020 Student and Teacher Edition &#8211; Windows [Digital]"},"content":{"rendered":"<p><strong>vis\u00e3o global<\/strong><\/p>\n<p>Seja mais eficaz e organizado. O Adobe Acrobat Pro 2020 traz as ferramentas necess\u00e1rias para criar, editar, preencher, assinar e proteger documentos PDF. Converta documentos para PDF a partir do Windows, transforme documentos em papel em PDFs edit\u00e1veis e gerencie todos os seus arquivos PDF a partir da visualiza\u00e7\u00e3o inicial centralizada.<\/p>\n<p><strong>Recursos<\/strong><\/p>\n<p>Student and Teacher Edition \u00e9 uma vers\u00e3o especializada que est\u00e1 dispon\u00edvel para uso por alunos e professores<\/p>\n<p>Converta documentos de forma r\u00e1pida e segura em PDFs compat\u00edveis com os padr\u00f5es do Windows<\/p>\n<p>Converta PDFs em formatos do Microsoft Office 365, preservando fontes, formata\u00e7\u00e3o e layouts<\/p>\n<p>Melhora a acessibilidade para pessoas com defici\u00eancia para gerenciar documentos e formul\u00e1rios PDF com ou sem a ajuda de software e dispositivos de tecnologia assistiva<\/p>\n<p>A visualiza\u00e7\u00e3o inicial centralizada permite que voc\u00ea organize, gerencie e pesquise todos os seus PDFs em um s\u00f3 lugar<\/p>\n<p>Crie PDFs interativos adicionando v\u00eddeo, som e conte\u00fado interativo<\/p>\n<p>Gerencie a personaliza\u00e7\u00e3o de cores das ferramentas Preencher e assinar, como Adicionar texto, Adicionar marca de sele\u00e7\u00e3o e Assinar<\/p>\n<p>Abra facilmente arquivos protegidos com as solu\u00e7\u00f5es de Prote\u00e7\u00e3o de Informa\u00e7\u00f5es da Microsoft<\/p>\n<p>Edite documentos digitalizados com reconhecimento \u00f3ptico de caracteres (OCR) e transforme-os em PDFs edit\u00e1veis<\/p>\n<p>Compare facilmente arquivos de duas vers\u00f5es de um arquivo PDF usando um resumo de resultados f\u00e1cil de digitalizar para ver rapidamente o que mudou<\/p>\n<p>Trabalhe com Dropbox, Box e OneDrive enquanto trabalha no Acrobat Pro<\/p>\n<p>Prepare PDFs para impress\u00e3o de alta qualidade com o uso de bibliotecas de comprova\u00e7\u00e3o<\/p>\n<p>Exclua informa\u00e7\u00f5es confidenciais com ferramentas de reda\u00e7\u00e3o f\u00e1ceis de usar.<\/p>\n<p>&nbsp;<\/p>\n","protected":false},"excerpt":{"rendered":"<p>Crie, projete, assine, colabora e imprima PDFS, documentos e formul\u00e1rios. \u00c9 tudo de que voc\u00ea precisa para criar fluxos de trabalho de documentos digitais com rapidez e seguran\u00e7a, nos sistemas que usa diariamente. A Adobe Document Cloud inclui o Acrobat DC, Adobe Sign (assinatura eletr\u00f4nica) e aplicativos avan\u00e7ados para dispositivos m\u00f3veis. Seguran\u00e7a extremamente confi\u00e1vel que s\u00f3 a Adobe, l\u00edder em comunica\u00e7\u00f5es com documentos digitais, pode oferecer.<\/p>\n","protected":false},"featured_media":6813,"comment_status":"open","ping_status":"closed","template":"","meta":{"_joinchat":[]},"product_brand":[],"product_cat":[267,263],"product_tag":[],"class_list":{"0":"post-6812","1":"product","2":"type-product","3":"status-publish","4":"has-post-thumbnail","6":"product_cat-adobe","7":"product_cat-subscricoes","9":"first","10":"instock","11":"shipping-taxable","12":"purchasable","13":"product-type-simple"},"yoast_head":"<!-- This site is optimized with the Yoast SEO plugin v27.4 - https:\/\/yoast.com\/product\/yoast-seo-wordpress\/ -->\n<title>Adobe - Acrobat Pro 2020 Student and Teacher Edition - Windows [Digital] - Cyberlogics Technologies Angola<\/title>\n<meta name=\"description\" content=\"A Maior Loja Online de Angola de Licen\u00e7as Microsoft Office | Chaves Sistemas Operativos Windows | Antiv\u00edrus | Cloud Adobe | Inform\u00e1tica &amp; Servidores | Softwares de Gest\u00e3o ERP | Gaming Hardware | UPS e Baterias &amp; Muito Mais...\" \/>\n<meta name=\"robots\" content=\"index, follow, max-snippet:-1, max-image-preview:large, max-video-preview:-1\" \/>\n<link rel=\"canonical\" href=\"https:\/\/cyberlogics.ao\/index.php\/product\/adobe-acrobat-dc-2020\/\" \/>\n<meta property=\"og:locale\" content=\"pt_PT\" \/>\n<meta property=\"og:type\" content=\"article\" \/>\n<meta property=\"og:title\" content=\"Adobe - Acrobat Pro 2020 Student and Teacher Edition - Windows [Digital] - Cyberlogics Technologies Angola\" \/>\n<meta property=\"og:description\" content=\"A Maior Loja Online de Angola de Licen\u00e7as Microsoft Office | Chaves Sistemas Operativos Windows | Antiv\u00edrus | Cloud Adobe | Inform\u00e1tica &amp; Servidores | Softwares de Gest\u00e3o ERP | Gaming Hardware | UPS e Baterias &amp; Muito Mais...\" \/>\n<meta property=\"og:url\" content=\"https:\/\/cyberlogics.ao\/index.php\/product\/adobe-acrobat-dc-2020\/\" \/>\n<meta property=\"og:site_name\" content=\"Cyberlogics Technologies Angola\" \/>\n<meta property=\"article:modified_time\" content=\"2023-03-22T09:46:40+00:00\" \/>\n<meta property=\"og:image\" content=\"http:\/\/cyberlogics.ao\/wp-content\/uploads\/2022\/05\/e6353c9b6df2813ae1555013f307b776.jpg\" \/>\n\t<meta property=\"og:image:width\" content=\"500\" \/>\n\t<meta property=\"og:image:height\" content=\"500\" \/>\n\t<meta property=\"og:image:type\" content=\"image\/jpeg\" \/>\n<meta name=\"twitter:card\" content=\"summary_large_image\" \/>\n<meta name=\"twitter:label1\" content=\"Tempo estimado de leitura\" \/>\n\t<meta name=\"twitter:data1\" content=\"1 minuto\" \/>\n<script type=\"application\/ld+json\" class=\"yoast-schema-graph\">{\"@context\":\"https:\\\/\\\/schema.org\",\"@graph\":[{\"@type\":\"WebPage\",\"@id\":\"https:\\\/\\\/cyberlogics.ao\\\/index.php\\\/product\\\/adobe-acrobat-dc-2020\\\/\",\"url\":\"https:\\\/\\\/cyberlogics.ao\\\/index.php\\\/product\\\/adobe-acrobat-dc-2020\\\/\",\"name\":\"Adobe - Acrobat Pro 2020 Student and Teacher Edition - Windows [Digital] - Cyberlogics Technologies Angola\",\"isPartOf\":{\"@id\":\"https:\\\/\\\/cyberlogics.ao\\\/#website\"},\"primaryImageOfPage\":{\"@id\":\"https:\\\/\\\/cyberlogics.ao\\\/index.php\\\/product\\\/adobe-acrobat-dc-2020\\\/#primaryimage\"},\"image\":{\"@id\":\"https:\\\/\\\/cyberlogics.ao\\\/index.php\\\/product\\\/adobe-acrobat-dc-2020\\\/#primaryimage\"},\"thumbnailUrl\":\"https:\\\/\\\/cyberlogics.ao\\\/wp-content\\\/uploads\\\/2022\\\/05\\\/e6353c9b6df2813ae1555013f307b776.jpg\",\"datePublished\":\"2022-05-06T15:10:42+00:00\",\"dateModified\":\"2023-03-22T09:46:40+00:00\",\"description\":\"A Maior Loja Online de Angola de Licen\u00e7as Microsoft Office | Chaves Sistemas Operativos Windows | Antiv\u00edrus | Cloud Adobe | Inform\u00e1tica & Servidores | Softwares de Gest\u00e3o ERP | Gaming Hardware | UPS e Baterias & Muito Mais...\",\"breadcrumb\":{\"@id\":\"https:\\\/\\\/cyberlogics.ao\\\/index.php\\\/product\\\/adobe-acrobat-dc-2020\\\/#breadcrumb\"},\"inLanguage\":\"pt-PT\",\"potentialAction\":[{\"@type\":\"ReadAction\",\"target\":[\"https:\\\/\\\/cyberlogics.ao\\\/index.php\\\/product\\\/adobe-acrobat-dc-2020\\\/\"]}]},{\"@type\":\"ImageObject\",\"inLanguage\":\"pt-PT\",\"@id\":\"https:\\\/\\\/cyberlogics.ao\\\/index.php\\\/product\\\/adobe-acrobat-dc-2020\\\/#primaryimage\",\"url\":\"https:\\\/\\\/cyberlogics.ao\\\/wp-content\\\/uploads\\\/2022\\\/05\\\/e6353c9b6df2813ae1555013f307b776.jpg\",\"contentUrl\":\"https:\\\/\\\/cyberlogics.ao\\\/wp-content\\\/uploads\\\/2022\\\/05\\\/e6353c9b6df2813ae1555013f307b776.jpg\",\"width\":500,\"height\":500},{\"@type\":\"BreadcrumbList\",\"@id\":\"https:\\\/\\\/cyberlogics.ao\\\/index.php\\\/product\\\/adobe-acrobat-dc-2020\\\/#breadcrumb\",\"itemListElement\":[{\"@type\":\"ListItem\",\"position\":1,\"name\":\"In\u00edcio\",\"item\":\"https:\\\/\\\/cyberlogics.ao\\\/\"},{\"@type\":\"ListItem\",\"position\":2,\"name\":\"Produtos\",\"item\":\"https:\\\/\\\/cyberlogics.ao\\\/index.php\\\/shop-2\\\/\"},{\"@type\":\"ListItem\",\"position\":3,\"name\":\"Adobe &#8211; Acrobat Pro 2020 Student and Teacher Edition &#8211; Windows [Digital]\"}]},{\"@type\":\"WebSite\",\"@id\":\"https:\\\/\\\/cyberlogics.ao\\\/#website\",\"url\":\"https:\\\/\\\/cyberlogics.ao\\\/\",\"name\":\"Cyberlogics Technologies Angola\",\"description\":\"Loja Online de Licen\u00e7as de Softwares e Inform\u00e1tica\",\"publisher\":{\"@id\":\"https:\\\/\\\/cyberlogics.ao\\\/#organization\"},\"potentialAction\":[{\"@type\":\"SearchAction\",\"target\":{\"@type\":\"EntryPoint\",\"urlTemplate\":\"https:\\\/\\\/cyberlogics.ao\\\/?s={search_term_string}\"},\"query-input\":{\"@type\":\"PropertyValueSpecification\",\"valueRequired\":true,\"valueName\":\"search_term_string\"}}],\"inLanguage\":\"pt-PT\"},{\"@type\":\"Organization\",\"@id\":\"https:\\\/\\\/cyberlogics.ao\\\/#organization\",\"name\":\"Cyberlogics Ao Technologies - Loja Online de Licen\u00e7as de Softwares e Inform\u00e1tica\",\"url\":\"https:\\\/\\\/cyberlogics.ao\\\/\",\"logo\":{\"@type\":\"ImageObject\",\"inLanguage\":\"pt-PT\",\"@id\":\"https:\\\/\\\/cyberlogics.ao\\\/#\\\/schema\\\/logo\\\/image\\\/\",\"url\":\"https:\\\/\\\/cyberlogics.ao\\\/wp-content\\\/uploads\\\/2022\\\/04\\\/CT-logo.png\",\"contentUrl\":\"https:\\\/\\\/cyberlogics.ao\\\/wp-content\\\/uploads\\\/2022\\\/04\\\/CT-logo.png\",\"width\":190,\"height\":75,\"caption\":\"Cyberlogics Ao Technologies - Loja Online de Licen\u00e7as de Softwares e Inform\u00e1tica\"},\"image\":{\"@id\":\"https:\\\/\\\/cyberlogics.ao\\\/#\\\/schema\\\/logo\\\/image\\\/\"}}]}<\/script>\n<!-- \/ Yoast SEO plugin. -->","yoast_head_json":{"title":"Adobe - Acrobat Pro 2020 Student and Teacher Edition - Windows [Digital] - Cyberlogics Technologies Angola","description":"A Maior Loja Online de Angola de Licen\u00e7as Microsoft Office | Chaves Sistemas Operativos Windows | Antiv\u00edrus | Cloud Adobe | Inform\u00e1tica & Servidores | Softwares de Gest\u00e3o ERP | Gaming Hardware | UPS e Baterias & Muito Mais...","robots":{"index":"index","follow":"follow","max-snippet":"max-snippet:-1","max-image-preview":"max-image-preview:large","max-video-preview":"max-video-preview:-1"},"canonical":"https:\/\/cyberlogics.ao\/index.php\/product\/adobe-acrobat-dc-2020\/","og_locale":"pt_PT","og_type":"article","og_title":"Adobe - Acrobat Pro 2020 Student and Teacher Edition - Windows [Digital] - Cyberlogics Technologies Angola","og_description":"A Maior Loja Online de Angola de Licen\u00e7as Microsoft Office | Chaves Sistemas Operativos Windows | Antiv\u00edrus | Cloud Adobe | Inform\u00e1tica & Servidores | Softwares de Gest\u00e3o ERP | Gaming Hardware | UPS e Baterias & Muito Mais...","og_url":"https:\/\/cyberlogics.ao\/index.php\/product\/adobe-acrobat-dc-2020\/","og_site_name":"Cyberlogics Technologies Angola","article_modified_time":"2023-03-22T09:46:40+00:00","og_image":[{"width":500,"height":500,"url":"http:\/\/cyberlogics.ao\/wp-content\/uploads\/2022\/05\/e6353c9b6df2813ae1555013f307b776.jpg","type":"image\/jpeg"}],"twitter_card":"summary_large_image","twitter_misc":{"Tempo estimado de leitura":"1 minuto"},"schema":{"@context":"https:\/\/schema.org","@graph":[{"@type":"WebPage","@id":"https:\/\/cyberlogics.ao\/index.php\/product\/adobe-acrobat-dc-2020\/","url":"https:\/\/cyberlogics.ao\/index.php\/product\/adobe-acrobat-dc-2020\/","name":"Adobe - Acrobat Pro 2020 Student and Teacher Edition - Windows [Digital] - Cyberlogics Technologies Angola","isPartOf":{"@id":"https:\/\/cyberlogics.ao\/#website"},"primaryImageOfPage":{"@id":"https:\/\/cyberlogics.ao\/index.php\/product\/adobe-acrobat-dc-2020\/#primaryimage"},"image":{"@id":"https:\/\/cyberlogics.ao\/index.php\/product\/adobe-acrobat-dc-2020\/#primaryimage"},"thumbnailUrl":"https:\/\/cyberlogics.ao\/wp-content\/uploads\/2022\/05\/e6353c9b6df2813ae1555013f307b776.jpg","datePublished":"2022-05-06T15:10:42+00:00","dateModified":"2023-03-22T09:46:40+00:00","description":"A Maior Loja Online de Angola de Licen\u00e7as Microsoft Office | Chaves Sistemas Operativos Windows | Antiv\u00edrus | Cloud Adobe | Inform\u00e1tica & Servidores | Softwares de Gest\u00e3o ERP | Gaming Hardware | UPS e Baterias & Muito Mais...","breadcrumb":{"@id":"https:\/\/cyberlogics.ao\/index.php\/product\/adobe-acrobat-dc-2020\/#breadcrumb"},"inLanguage":"pt-PT","potentialAction":[{"@type":"ReadAction","target":["https:\/\/cyberlogics.ao\/index.php\/product\/adobe-acrobat-dc-2020\/"]}]},{"@type":"ImageObject","inLanguage":"pt-PT","@id":"https:\/\/cyberlogics.ao\/index.php\/product\/adobe-acrobat-dc-2020\/#primaryimage","url":"https:\/\/cyberlogics.ao\/wp-content\/uploads\/2022\/05\/e6353c9b6df2813ae1555013f307b776.jpg","contentUrl":"https:\/\/cyberlogics.ao\/wp-content\/uploads\/2022\/05\/e6353c9b6df2813ae1555013f307b776.jpg","width":500,"height":500},{"@type":"BreadcrumbList","@id":"https:\/\/cyberlogics.ao\/index.php\/product\/adobe-acrobat-dc-2020\/#breadcrumb","itemListElement":[{"@type":"ListItem","position":1,"name":"In\u00edcio","item":"https:\/\/cyberlogics.ao\/"},{"@type":"ListItem","position":2,"name":"Produtos","item":"https:\/\/cyberlogics.ao\/index.php\/shop-2\/"},{"@type":"ListItem","position":3,"name":"Adobe &#8211; Acrobat Pro 2020 Student and Teacher Edition &#8211; Windows [Digital]"}]},{"@type":"WebSite","@id":"https:\/\/cyberlogics.ao\/#website","url":"https:\/\/cyberlogics.ao\/","name":"Cyberlogics Technologies Angola","description":"Loja Online de Licen\u00e7as de Softwares e Inform\u00e1tica","publisher":{"@id":"https:\/\/cyberlogics.ao\/#organization"},"potentialAction":[{"@type":"SearchAction","target":{"@type":"EntryPoint","urlTemplate":"https:\/\/cyberlogics.ao\/?s={search_term_string}"},"query-input":{"@type":"PropertyValueSpecification","valueRequired":true,"valueName":"search_term_string"}}],"inLanguage":"pt-PT"},{"@type":"Organization","@id":"https:\/\/cyberlogics.ao\/#organization","name":"Cyberlogics Ao Technologies - Loja Online de Licen\u00e7as de Softwares e Inform\u00e1tica","url":"https:\/\/cyberlogics.ao\/","logo":{"@type":"ImageObject","inLanguage":"pt-PT","@id":"https:\/\/cyberlogics.ao\/#\/schema\/logo\/image\/","url":"https:\/\/cyberlogics.ao\/wp-content\/uploads\/2022\/04\/CT-logo.png","contentUrl":"https:\/\/cyberlogics.ao\/wp-content\/uploads\/2022\/04\/CT-logo.png","width":190,"height":75,"caption":"Cyberlogics Ao Technologies - Loja Online de Licen\u00e7as de Softwares e Inform\u00e1tica"},"image":{"@id":"https:\/\/cyberlogics.ao\/#\/schema\/logo\/image\/"}}]}},"_links":{"self":[{"href":"https:\/\/cyberlogics.ao\/index.php\/wp-json\/wp\/v2\/product\/6812","targetHints":{"allow":["GET"]}}],"collection":[{"href":"https:\/\/cyberlogics.ao\/index.php\/wp-json\/wp\/v2\/product"}],"about":[{"href":"https:\/\/cyberlogics.ao\/index.php\/wp-json\/wp\/v2\/types\/product"}],"replies":[{"embeddable":true,"href":"https:\/\/cyberlogics.ao\/index.php\/wp-json\/wp\/v2\/comments?post=6812"}],"wp:featuredmedia":[{"embeddable":true,"href":"https:\/\/cyberlogics.ao\/index.php\/wp-json\/wp\/v2\/media\/6813"}],"wp:attachment":[{"href":"https:\/\/cyberlogics.ao\/index.php\/wp-json\/wp\/v2\/media?parent=6812"}],"wp:term":[{"taxonomy":"product_brand","embeddable":true,"href":"https:\/\/cyberlogics.ao\/index.php\/wp-json\/wp\/v2\/product_brand?post=6812"},{"taxonomy":"product_cat","embeddable":true,"href":"https:\/\/cyberlogics.ao\/index.php\/wp-json\/wp\/v2\/product_cat?post=6812"},{"taxonomy":"product_tag","embeddable":true,"href":"https:\/\/cyberlogics.ao\/index.php\/wp-json\/wp\/v2\/product_tag?post=6812"}],"curies":[{"name":"wp","href":"https:\/\/api.w.org\/{rel}","templated":true}]}}