{"id":6910,"date":"2022-06-02T10:11:17","date_gmt":"2022-06-02T10:11:17","guid":{"rendered":"https:\/\/cyberlogics.ao\/?post_type=product&#038;p=6910"},"modified":"2026-04-02T07:58:50","modified_gmt":"2026-04-02T07:58:50","slug":"okayfreedom-vpn-premium-1-year1-device10-gb-traffic-global-cd-key","status":"publish","type":"product","link":"https:\/\/cyberlogics.ao\/index.php\/product\/okayfreedom-vpn-premium-1-year1-device10-gb-traffic-global-cd-key\/","title":{"rendered":"OkayFreedom VPN PREMIUM 1 YEAR|1 DEVICE|10 GB TRAFFIC GLOBAL CD KEY"},"content":{"rendered":"<p>O c\u00f3digo premium oferece a oportunidade de obter tr\u00e1fego de 10 GB\/m\u00eas usando o servi\u00e7o online OkayFreedom VPN por 1 ano.<\/p>\n<p>OkayFreedom VPN fornece os seguintes recursos:<\/p>\n<p>Acesso a sites, servidores de jogos e recursos online bloqueados em seu pa\u00eds.<br \/>\nA capacidade de visitar todos os seus sites favoritos quando estiver no exterior.<br \/>\nAcesso confi\u00e1vel e seguro \u00e0 Internet, mesmo usando redes Wi-Fi p\u00fablicas, com uma conex\u00e3o criptografada (Blowfish de 128 bits).<br \/>\nUso an\u00f4nimo da Internet.<br \/>\nProteja sua atividade online, privacidade online.<br \/>\nServidores Fast Premium na Europa, \u00c1sia e Am\u00e9rica nos seguintes pa\u00edses: EUA, \u00c1ustria, Reino Unido, Canad\u00e1, Dinamarca, Fran\u00e7a, Alemanha, It\u00e1lia, Jap\u00e3o, Pol\u00f4nia, Rom\u00eania, R\u00fassia, Espanha, Su\u00ed\u00e7a, Turquia.<\/p>\n<p>Apenas uma chave pode ser aplicada a uma conta, pois a assinatura N\u00c3O \u00e9 empilh\u00e1vel.<\/p>\n<p>\ud83c\udd70\ud83c\udd72\ud83c\udd83\ud83c\udd78\ud83c\udd85\ud83c\udd70\ud83c\udd83\ud83c\udd78\ud83c\udd7e\ud83c\udd7d \ud83c\udd73\ud83c\udd74\ud83c\udd83\ud83c\udd70\ud83c\udd78\ud83c\udd7b\ud83c\udd82:<\/p>\n<p>Ap\u00f3s a compra, voc\u00ea receber\u00e1 um c\u00f3digo de ativa\u00e7\u00e3o da licen\u00e7a.<br \/>\n1) O programa em si deve ser baixado do link: https:\/\/file.steganos.com\/software\/wrappers\/chip0619\/okayfreedomwr.exe<br \/>\n2) Ap\u00f3s a instala\u00e7\u00e3o, certifique-se de REINICIAR seu computador<br \/>\n3) Ap\u00f3s reiniciar o PC, v\u00e1 para a \u00e1rea de notifica\u00e7\u00e3o (bandeja) e clique com o bot\u00e3o direito do mouse no menu de contexto no \u00edcone OkayFreedom VPN.<br \/>\n4) No menu do programa, selecione &#8211; Gerenciamento de licen\u00e7a &#8230;&gt; Digite o n\u00famero de s\u00e9rie (Gerenciar licen\u00e7a &#8230;&gt; Digite o serial) e digite o c\u00f3digo Premium adquirido.<\/p>\n<p>\ud835\udc08\ud835\udc0c\ud835\udc0f\ud835\udc0e\ud835\udc11\ud835\udc13\ud835\udc00\ud835\udc0d\ud835\udc13E|\ud835\udc08\ud835\udc0c\ud835\udc0f\ud835\udc0e\ud835\udc11\ud835\udc13\ud835\udc00\ud835\udc0d\ud835\udc13E|\ud835\udc08\ud835\udc0c\ud835\udc0f\ud835\udc0e\ud835\udc11\ud835\udc13\ud835\udc00\ud835\udc0d\ud835\udc13E<br \/>\n1 Chave = 1 PC.<br \/>\nPer\u00edodo de licen\u00e7a: 1 ANO, A MENOS QUE VOC\u00ca REINSTALE SEU PC, FORMATANDO-O.<br \/>\nESTA CHAVE N\u00c3O EST\u00c1 LIGADA A UMA CONTA MAS \u00c0 PLACA M\u00c3E DO SEU PC!<br \/>\n10 GB DE TR\u00c1FEGO MENSAL<br \/>\nREGI\u00c3O LIVRE &#8211; GLOBAL<\/p>\n<p>Se voc\u00ea encontrar algum tipo de problema durante a ativa\u00e7\u00e3o da chave, entre em contato conosco na aba de correspond\u00eancia da p\u00e1gina de compra\/chat\/ &#8211; ap\u00f3s a compra, voc\u00ea ser\u00e1 redirecionado para uma p\u00e1gina onde poder\u00e1 ver sua chave e poder\u00e1 entrar em contato conosco \/voc\u00ea pode acessar esta p\u00e1gina com o e-mail, usado durante a compra do item, clique em &#8220;Minhas compras&#8221; no topo da p\u00e1gina e digite seu e-mail, ent\u00e3o voc\u00ea receber\u00e1 um e-mail que cont\u00e9m um link que o levar\u00e1 para sua p\u00e1gina de pedidos\/compra anteriores\/\/.<\/p>\n","protected":false},"excerpt":{"rendered":"<p>AP\u00d3S O PAGAMENTO VOC\u00ca RECEBER\u00c1 A CHAVE\/C\u00d3DIGO DO PRODUTO NO SEU EMAIL (ESPECIFICADO AO PAGAR), TAMB\u00c9M SER\u00c1 REDIRECIONADO PARA A P\u00c1GINA DE COMPRA, ONDE VOC\u00ca PODE VER A CHAVE\/C\u00d3DIGO DO PRODUTO E ENTRAR EM CONTATO.<\/p>\n","protected":false},"featured_media":6911,"comment_status":"open","ping_status":"closed","template":"","meta":{"_joinchat":[]},"product_brand":[],"product_cat":[298],"product_tag":[],"class_list":{"0":"post-6910","1":"product","2":"type-product","3":"status-publish","4":"has-post-thumbnail","6":"product_cat-vpn","8":"first","9":"instock","10":"downloadable","11":"virtual","12":"purchasable","13":"product-type-simple"},"yoast_head":"<!-- This site is optimized with the Yoast SEO plugin v27.3 - https:\/\/yoast.com\/product\/yoast-seo-wordpress\/ -->\n<title>OkayFreedom VPN PREMIUM 1 YEAR|1 DEVICE|10 GB TRAFFIC GLOBAL CD KEY - Cyberlogics Technologies Angola<\/title>\n<meta name=\"description\" content=\"A Maior Loja Online de Angola de Licen\u00e7as Microsoft Office | Chaves Sistemas Operativos Windows | Antiv\u00edrus | Cloud Adobe | Inform\u00e1tica &amp; Servidores | Softwares de Gest\u00e3o ERP | Gaming Hardware | UPS e Baterias &amp; Muito Mais...\" \/>\n<meta name=\"robots\" content=\"index, follow, max-snippet:-1, max-image-preview:large, max-video-preview:-1\" \/>\n<link rel=\"canonical\" href=\"https:\/\/cyberlogics.ao\/index.php\/product\/okayfreedom-vpn-premium-1-year1-device10-gb-traffic-global-cd-key\/\" \/>\n<meta property=\"og:locale\" content=\"pt_PT\" \/>\n<meta property=\"og:type\" content=\"article\" \/>\n<meta property=\"og:title\" content=\"OkayFreedom VPN PREMIUM 1 YEAR|1 DEVICE|10 GB TRAFFIC GLOBAL CD KEY - Cyberlogics Technologies Angola\" \/>\n<meta property=\"og:description\" content=\"A Maior Loja Online de Angola de Licen\u00e7as Microsoft Office | Chaves Sistemas Operativos Windows | Antiv\u00edrus | Cloud Adobe | Inform\u00e1tica &amp; Servidores | Softwares de Gest\u00e3o ERP | Gaming Hardware | UPS e Baterias &amp; Muito Mais...\" \/>\n<meta property=\"og:url\" content=\"https:\/\/cyberlogics.ao\/index.php\/product\/okayfreedom-vpn-premium-1-year1-device10-gb-traffic-global-cd-key\/\" \/>\n<meta property=\"og:site_name\" content=\"Cyberlogics Technologies Angola\" \/>\n<meta property=\"article:modified_time\" content=\"2026-04-02T07:58:50+00:00\" \/>\n<meta property=\"og:image\" content=\"http:\/\/cyberlogics.ao\/wp-content\/uploads\/2022\/06\/OKAY-FREEDOM.jpg\" \/>\n\t<meta property=\"og:image:width\" content=\"468\" \/>\n\t<meta property=\"og:image:height\" content=\"265\" \/>\n\t<meta property=\"og:image:type\" content=\"image\/jpeg\" \/>\n<meta name=\"twitter:card\" content=\"summary_large_image\" \/>\n<meta name=\"twitter:label1\" content=\"Tempo estimado de leitura\" \/>\n\t<meta name=\"twitter:data1\" content=\"2 minutos\" \/>\n<script type=\"application\/ld+json\" class=\"yoast-schema-graph\">{\"@context\":\"https:\\\/\\\/schema.org\",\"@graph\":[{\"@type\":\"WebPage\",\"@id\":\"https:\\\/\\\/cyberlogics.ao\\\/index.php\\\/product\\\/okayfreedom-vpn-premium-1-year1-device10-gb-traffic-global-cd-key\\\/\",\"url\":\"https:\\\/\\\/cyberlogics.ao\\\/index.php\\\/product\\\/okayfreedom-vpn-premium-1-year1-device10-gb-traffic-global-cd-key\\\/\",\"name\":\"OkayFreedom VPN PREMIUM 1 YEAR|1 DEVICE|10 GB TRAFFIC GLOBAL CD KEY - Cyberlogics Technologies Angola\",\"isPartOf\":{\"@id\":\"https:\\\/\\\/cyberlogics.ao\\\/#website\"},\"primaryImageOfPage\":{\"@id\":\"https:\\\/\\\/cyberlogics.ao\\\/index.php\\\/product\\\/okayfreedom-vpn-premium-1-year1-device10-gb-traffic-global-cd-key\\\/#primaryimage\"},\"image\":{\"@id\":\"https:\\\/\\\/cyberlogics.ao\\\/index.php\\\/product\\\/okayfreedom-vpn-premium-1-year1-device10-gb-traffic-global-cd-key\\\/#primaryimage\"},\"thumbnailUrl\":\"https:\\\/\\\/cyberlogics.ao\\\/wp-content\\\/uploads\\\/2022\\\/06\\\/OKAY-FREEDOM.jpg\",\"datePublished\":\"2022-06-02T10:11:17+00:00\",\"dateModified\":\"2026-04-02T07:58:50+00:00\",\"description\":\"A Maior Loja Online de Angola de Licen\u00e7as Microsoft Office | Chaves Sistemas Operativos Windows | Antiv\u00edrus | Cloud Adobe | Inform\u00e1tica & Servidores | Softwares de Gest\u00e3o ERP | Gaming Hardware | UPS e Baterias & Muito Mais...\",\"breadcrumb\":{\"@id\":\"https:\\\/\\\/cyberlogics.ao\\\/index.php\\\/product\\\/okayfreedom-vpn-premium-1-year1-device10-gb-traffic-global-cd-key\\\/#breadcrumb\"},\"inLanguage\":\"pt-PT\",\"potentialAction\":[{\"@type\":\"ReadAction\",\"target\":[\"https:\\\/\\\/cyberlogics.ao\\\/index.php\\\/product\\\/okayfreedom-vpn-premium-1-year1-device10-gb-traffic-global-cd-key\\\/\"]}]},{\"@type\":\"ImageObject\",\"inLanguage\":\"pt-PT\",\"@id\":\"https:\\\/\\\/cyberlogics.ao\\\/index.php\\\/product\\\/okayfreedom-vpn-premium-1-year1-device10-gb-traffic-global-cd-key\\\/#primaryimage\",\"url\":\"https:\\\/\\\/cyberlogics.ao\\\/wp-content\\\/uploads\\\/2022\\\/06\\\/OKAY-FREEDOM.jpg\",\"contentUrl\":\"https:\\\/\\\/cyberlogics.ao\\\/wp-content\\\/uploads\\\/2022\\\/06\\\/OKAY-FREEDOM.jpg\",\"width\":468,\"height\":265},{\"@type\":\"BreadcrumbList\",\"@id\":\"https:\\\/\\\/cyberlogics.ao\\\/index.php\\\/product\\\/okayfreedom-vpn-premium-1-year1-device10-gb-traffic-global-cd-key\\\/#breadcrumb\",\"itemListElement\":[{\"@type\":\"ListItem\",\"position\":1,\"name\":\"In\u00edcio\",\"item\":\"https:\\\/\\\/cyberlogics.ao\\\/\"},{\"@type\":\"ListItem\",\"position\":2,\"name\":\"Produtos\",\"item\":\"https:\\\/\\\/cyberlogics.ao\\\/index.php\\\/shop-2\\\/\"},{\"@type\":\"ListItem\",\"position\":3,\"name\":\"OkayFreedom VPN PREMIUM 1 YEAR|1 DEVICE|10 GB TRAFFIC GLOBAL CD KEY\"}]},{\"@type\":\"WebSite\",\"@id\":\"https:\\\/\\\/cyberlogics.ao\\\/#website\",\"url\":\"https:\\\/\\\/cyberlogics.ao\\\/\",\"name\":\"Cyberlogics Technologies Angola\",\"description\":\"Loja Online de Licen\u00e7as de Softwares e Inform\u00e1tica\",\"publisher\":{\"@id\":\"https:\\\/\\\/cyberlogics.ao\\\/#organization\"},\"potentialAction\":[{\"@type\":\"SearchAction\",\"target\":{\"@type\":\"EntryPoint\",\"urlTemplate\":\"https:\\\/\\\/cyberlogics.ao\\\/?s={search_term_string}\"},\"query-input\":{\"@type\":\"PropertyValueSpecification\",\"valueRequired\":true,\"valueName\":\"search_term_string\"}}],\"inLanguage\":\"pt-PT\"},{\"@type\":\"Organization\",\"@id\":\"https:\\\/\\\/cyberlogics.ao\\\/#organization\",\"name\":\"Cyberlogics Ao Technologies - Loja Online de Licen\u00e7as de Softwares e Inform\u00e1tica\",\"url\":\"https:\\\/\\\/cyberlogics.ao\\\/\",\"logo\":{\"@type\":\"ImageObject\",\"inLanguage\":\"pt-PT\",\"@id\":\"https:\\\/\\\/cyberlogics.ao\\\/#\\\/schema\\\/logo\\\/image\\\/\",\"url\":\"https:\\\/\\\/cyberlogics.ao\\\/wp-content\\\/uploads\\\/2022\\\/04\\\/CT-logo.png\",\"contentUrl\":\"https:\\\/\\\/cyberlogics.ao\\\/wp-content\\\/uploads\\\/2022\\\/04\\\/CT-logo.png\",\"width\":190,\"height\":75,\"caption\":\"Cyberlogics Ao Technologies - Loja Online de Licen\u00e7as de Softwares e Inform\u00e1tica\"},\"image\":{\"@id\":\"https:\\\/\\\/cyberlogics.ao\\\/#\\\/schema\\\/logo\\\/image\\\/\"}}]}<\/script>\n<!-- \/ Yoast SEO plugin. -->","yoast_head_json":{"title":"OkayFreedom VPN PREMIUM 1 YEAR|1 DEVICE|10 GB TRAFFIC GLOBAL CD KEY - Cyberlogics Technologies Angola","description":"A Maior Loja Online de Angola de Licen\u00e7as Microsoft Office | Chaves Sistemas Operativos Windows | Antiv\u00edrus | Cloud Adobe | Inform\u00e1tica & Servidores | Softwares de Gest\u00e3o ERP | Gaming Hardware | UPS e Baterias & Muito Mais...","robots":{"index":"index","follow":"follow","max-snippet":"max-snippet:-1","max-image-preview":"max-image-preview:large","max-video-preview":"max-video-preview:-1"},"canonical":"https:\/\/cyberlogics.ao\/index.php\/product\/okayfreedom-vpn-premium-1-year1-device10-gb-traffic-global-cd-key\/","og_locale":"pt_PT","og_type":"article","og_title":"OkayFreedom VPN PREMIUM 1 YEAR|1 DEVICE|10 GB TRAFFIC GLOBAL CD KEY - Cyberlogics Technologies Angola","og_description":"A Maior Loja Online de Angola de Licen\u00e7as Microsoft Office | Chaves Sistemas Operativos Windows | Antiv\u00edrus | Cloud Adobe | Inform\u00e1tica & Servidores | Softwares de Gest\u00e3o ERP | Gaming Hardware | UPS e Baterias & Muito Mais...","og_url":"https:\/\/cyberlogics.ao\/index.php\/product\/okayfreedom-vpn-premium-1-year1-device10-gb-traffic-global-cd-key\/","og_site_name":"Cyberlogics Technologies Angola","article_modified_time":"2026-04-02T07:58:50+00:00","og_image":[{"width":468,"height":265,"url":"http:\/\/cyberlogics.ao\/wp-content\/uploads\/2022\/06\/OKAY-FREEDOM.jpg","type":"image\/jpeg"}],"twitter_card":"summary_large_image","twitter_misc":{"Tempo estimado de leitura":"2 minutos"},"schema":{"@context":"https:\/\/schema.org","@graph":[{"@type":"WebPage","@id":"https:\/\/cyberlogics.ao\/index.php\/product\/okayfreedom-vpn-premium-1-year1-device10-gb-traffic-global-cd-key\/","url":"https:\/\/cyberlogics.ao\/index.php\/product\/okayfreedom-vpn-premium-1-year1-device10-gb-traffic-global-cd-key\/","name":"OkayFreedom VPN PREMIUM 1 YEAR|1 DEVICE|10 GB TRAFFIC GLOBAL CD KEY - Cyberlogics Technologies Angola","isPartOf":{"@id":"https:\/\/cyberlogics.ao\/#website"},"primaryImageOfPage":{"@id":"https:\/\/cyberlogics.ao\/index.php\/product\/okayfreedom-vpn-premium-1-year1-device10-gb-traffic-global-cd-key\/#primaryimage"},"image":{"@id":"https:\/\/cyberlogics.ao\/index.php\/product\/okayfreedom-vpn-premium-1-year1-device10-gb-traffic-global-cd-key\/#primaryimage"},"thumbnailUrl":"https:\/\/cyberlogics.ao\/wp-content\/uploads\/2022\/06\/OKAY-FREEDOM.jpg","datePublished":"2022-06-02T10:11:17+00:00","dateModified":"2026-04-02T07:58:50+00:00","description":"A Maior Loja Online de Angola de Licen\u00e7as Microsoft Office | Chaves Sistemas Operativos Windows | Antiv\u00edrus | Cloud Adobe | Inform\u00e1tica & Servidores | Softwares de Gest\u00e3o ERP | Gaming Hardware | UPS e Baterias & Muito Mais...","breadcrumb":{"@id":"https:\/\/cyberlogics.ao\/index.php\/product\/okayfreedom-vpn-premium-1-year1-device10-gb-traffic-global-cd-key\/#breadcrumb"},"inLanguage":"pt-PT","potentialAction":[{"@type":"ReadAction","target":["https:\/\/cyberlogics.ao\/index.php\/product\/okayfreedom-vpn-premium-1-year1-device10-gb-traffic-global-cd-key\/"]}]},{"@type":"ImageObject","inLanguage":"pt-PT","@id":"https:\/\/cyberlogics.ao\/index.php\/product\/okayfreedom-vpn-premium-1-year1-device10-gb-traffic-global-cd-key\/#primaryimage","url":"https:\/\/cyberlogics.ao\/wp-content\/uploads\/2022\/06\/OKAY-FREEDOM.jpg","contentUrl":"https:\/\/cyberlogics.ao\/wp-content\/uploads\/2022\/06\/OKAY-FREEDOM.jpg","width":468,"height":265},{"@type":"BreadcrumbList","@id":"https:\/\/cyberlogics.ao\/index.php\/product\/okayfreedom-vpn-premium-1-year1-device10-gb-traffic-global-cd-key\/#breadcrumb","itemListElement":[{"@type":"ListItem","position":1,"name":"In\u00edcio","item":"https:\/\/cyberlogics.ao\/"},{"@type":"ListItem","position":2,"name":"Produtos","item":"https:\/\/cyberlogics.ao\/index.php\/shop-2\/"},{"@type":"ListItem","position":3,"name":"OkayFreedom VPN PREMIUM 1 YEAR|1 DEVICE|10 GB TRAFFIC GLOBAL CD KEY"}]},{"@type":"WebSite","@id":"https:\/\/cyberlogics.ao\/#website","url":"https:\/\/cyberlogics.ao\/","name":"Cyberlogics Technologies Angola","description":"Loja Online de Licen\u00e7as de Softwares e Inform\u00e1tica","publisher":{"@id":"https:\/\/cyberlogics.ao\/#organization"},"potentialAction":[{"@type":"SearchAction","target":{"@type":"EntryPoint","urlTemplate":"https:\/\/cyberlogics.ao\/?s={search_term_string}"},"query-input":{"@type":"PropertyValueSpecification","valueRequired":true,"valueName":"search_term_string"}}],"inLanguage":"pt-PT"},{"@type":"Organization","@id":"https:\/\/cyberlogics.ao\/#organization","name":"Cyberlogics Ao Technologies - Loja Online de Licen\u00e7as de Softwares e Inform\u00e1tica","url":"https:\/\/cyberlogics.ao\/","logo":{"@type":"ImageObject","inLanguage":"pt-PT","@id":"https:\/\/cyberlogics.ao\/#\/schema\/logo\/image\/","url":"https:\/\/cyberlogics.ao\/wp-content\/uploads\/2022\/04\/CT-logo.png","contentUrl":"https:\/\/cyberlogics.ao\/wp-content\/uploads\/2022\/04\/CT-logo.png","width":190,"height":75,"caption":"Cyberlogics Ao Technologies - Loja Online de Licen\u00e7as de Softwares e Inform\u00e1tica"},"image":{"@id":"https:\/\/cyberlogics.ao\/#\/schema\/logo\/image\/"}}]}},"_links":{"self":[{"href":"https:\/\/cyberlogics.ao\/index.php\/wp-json\/wp\/v2\/product\/6910","targetHints":{"allow":["GET"]}}],"collection":[{"href":"https:\/\/cyberlogics.ao\/index.php\/wp-json\/wp\/v2\/product"}],"about":[{"href":"https:\/\/cyberlogics.ao\/index.php\/wp-json\/wp\/v2\/types\/product"}],"replies":[{"embeddable":true,"href":"https:\/\/cyberlogics.ao\/index.php\/wp-json\/wp\/v2\/comments?post=6910"}],"wp:featuredmedia":[{"embeddable":true,"href":"https:\/\/cyberlogics.ao\/index.php\/wp-json\/wp\/v2\/media\/6911"}],"wp:attachment":[{"href":"https:\/\/cyberlogics.ao\/index.php\/wp-json\/wp\/v2\/media?parent=6910"}],"wp:term":[{"taxonomy":"product_brand","embeddable":true,"href":"https:\/\/cyberlogics.ao\/index.php\/wp-json\/wp\/v2\/product_brand?post=6910"},{"taxonomy":"product_cat","embeddable":true,"href":"https:\/\/cyberlogics.ao\/index.php\/wp-json\/wp\/v2\/product_cat?post=6910"},{"taxonomy":"product_tag","embeddable":true,"href":"https:\/\/cyberlogics.ao\/index.php\/wp-json\/wp\/v2\/product_tag?post=6910"}],"curies":[{"name":"wp","href":"https:\/\/api.w.org\/{rel}","templated":true}]}}