{"id":6980,"date":"2022-06-23T11:02:26","date_gmt":"2022-06-23T11:02:26","guid":{"rendered":"https:\/\/cyberlogics.ao\/?post_type=product&#038;p=6980"},"modified":"2023-03-22T10:07:20","modified_gmt":"2023-03-22T10:07:20","slug":"powerdirector-18-ultra-photodirector-11-ultra","status":"publish","type":"product","link":"https:\/\/cyberlogics.ao\/index.php\/product\/powerdirector-18-ultra-photodirector-11-ultra\/","title":{"rendered":"PowerDirector 18 Ultra &amp; PhotoDirector 11 Ultra"},"content":{"rendered":"<div class=\"celwidget aplus-module 3p-module-b\" data-cel-widget=\"aplus-3p-module-b\">\n<div class=\"aplus-3p-fixed-width\">\n<h3 class=\"a-spacing-mini\">PowerDirector 18 Ultra + PhotoDirector 11 Ultra<\/h3>\n<p><img decoding=\"async\" class=\"a-spacing-base\" src=\"https:\/\/i0.wp.com\/m.media-amazon.com\/images\/S\/aplus-media\/vc\/8a39fe25-ba47-43d2-8bbb-51a551df1971.__CR217,0,970,600_PT0_SX970_V1___.png?w=1020&amp;ssl=1\" alt=\"Projetos Expressos\" data-src=\"https:\/\/i0.wp.com\/m.media-amazon.com\/images\/S\/aplus-media\/vc\/8a39fe25-ba47-43d2-8bbb-51a551df1971.__CR217,0,970,600_PT0_SX970_V1___.png?w=1020&amp;ssl=1\" data-recalc-dims=\"1\" \/><\/p>\n<h3 class=\"a-spacing-mini\">A Value-Packed Video &amp; Photo Editing Combo<\/h3>\n<p class=\"a-spacing-base\">There\u2019s never been a better time to explore your creativity through photo and video editing and produce amazing results, without the steep learning curve of professional editing products. All in one value-priced package.<\/p>\n<\/div>\n<\/div>\n<div class=\"celwidget aplus-module module-2\" data-cel-widget=\"aplus-module-2\">\n<div class=\"a-expander-collapsed-height a-row a-expander-container a-expander-partial-collapse-container\" data-a-expander-name=\"aplus-module-expander\" data-a-expander-collapsed-height=\"700\">\n<div class=\"a-expander-content a-expander-partial-collapse-content\">\n<div class=\"aplus-module-wrapper apm-floatnone\">\n<div class=\"apm-sidemodule apm-spacing\">\n<div class=\"apm-sidemodule-imageleft\"><img decoding=\"async\" class=\"\" src=\"https:\/\/i0.wp.com\/m.media-amazon.com\/images\/S\/aplus-media\/vc\/86cb2f06-a63b-4a4f-81f3-720088979dbc.__CR0,0,540,540_PT0_SX300_V1___.jpg?w=1020&amp;ssl=1\" alt=\"Video Collage Designer\" data-src=\"https:\/\/i0.wp.com\/m.media-amazon.com\/images\/S\/aplus-media\/vc\/86cb2f06-a63b-4a4f-81f3-720088979dbc.__CR0,0,540,540_PT0_SX300_V1___.jpg?w=1020&amp;ssl=1\" data-recalc-dims=\"1\" \/><\/div>\n<div class=\"apm-sidemodule-textright\">\n<h3 class=\"a-spacing-mini\">PowerDirector para edi\u00e7\u00e3o de v\u00eddeo \u2013 produza v\u00eddeos incr\u00edveis com ferramentas de edi\u00e7\u00e3o intuitivas<\/h3>\n<p>O PowerDirector Ultra \u00e9 todas as ferramentas necess\u00e1rias para a verdadeira liberdade criativa!\u00a0Produza facilmente cria\u00e7\u00f5es incr\u00edveis para compartilhar, com ferramentas de edi\u00e7\u00e3o precisas e profissionais que n\u00e3o levar\u00e3o anos para aprender.\u00a0Aumente seus limites criativos com a mais recente tecnologia e recursos de cria\u00e7\u00e3o de v\u00eddeo.<\/p>\n<\/div>\n<\/div>\n<\/div>\n<div><\/div>\n<\/div>\n<\/div>\n<\/div>\n<div class=\"celwidget aplus-module module-3\" data-cel-widget=\"aplus-module-3\">\n<div class=\"a-expander-collapsed-height a-row a-expander-container a-expander-partial-collapse-container\" data-a-expander-name=\"aplus-module-expander\" data-a-expander-collapsed-height=\"700\">\n<div class=\"a-expander-content a-expander-partial-collapse-content\">\n<div class=\"aplus-module-wrapper apm-floatnone\">\n<div class=\"apm-sidemodule apm-spacing\">\n<div class=\"apm-sidemodule-imageright\"><img decoding=\"async\" class=\"a-spacing-mini\" src=\"https:\/\/i0.wp.com\/m.media-amazon.com\/images\/S\/aplus-media\/vc\/cb378442-8d52-40ef-9543-f265777928d7.__CR0,0,540,540_PT0_SX300_V1___.jpg?w=1020&amp;ssl=1\" alt=\"Efeitos de transi\u00e7\u00e3o\" data-src=\"https:\/\/i0.wp.com\/m.media-amazon.com\/images\/S\/aplus-media\/vc\/cb378442-8d52-40ef-9543-f265777928d7.__CR0,0,540,540_PT0_SX300_V1___.jpg?w=1020&amp;ssl=1\" data-recalc-dims=\"1\" \/><\/div>\n<div class=\"apm-sidemodule-textleft\">\n<h3 class=\"a-spacing-mini\">PhotoDirector for Photo Editing \u2013 Ferramentas criativas para elevar suas fotos ao pr\u00f3ximo n\u00edvel<\/h3>\n<p>Combinando edi\u00e7\u00e3o e otimiza\u00e7\u00e3o de imagem com retoque em retrato, o PhotoDirector Ultra \u00e9 como ter o Photoshop e o Lightroom reunidos em um.\u00a0Oferece resultados profissionais sem a curva de aprendizado acentuada.<\/p>\n<\/div>\n<\/div>\n<\/div>\n<div><\/div>\n<\/div>\n<\/div>\n<\/div>\n<div class=\"celwidget aplus-module module-4\" data-cel-widget=\"aplus-module-4\">\n<div class=\"a-expander-collapsed-height a-row a-expander-container a-expander-partial-collapse-container\" data-a-expander-name=\"aplus-module-expander\" data-a-expander-collapsed-height=\"700\">\n<div class=\"a-expander-content a-expander-partial-collapse-content\">\n<div class=\"aplus-module-wrapper\">\n<div class=\"apm-spacing\">\n<div class=\"apm-floatleft apm-fixed-width\">\n<h3 class=\"a-spacing-small\">Recursos e desempenho avan\u00e7ados de edi\u00e7\u00e3o<\/h3>\n<div class=\"a-spacing-extra-large\">\n<div class=\"apm-spacing\">\n<table class=\"apm-fixed-width a-spacing-mini apm-fourthcol-table\">\n<tbody>\n<tr>\n<th class=\"apm-center\">\n<div class=\"apm-fourthcol\">\n<p><img decoding=\"async\" class=\"\" src=\"https:\/\/i0.wp.com\/m.media-amazon.com\/images\/S\/aplus-media\/vc\/a7100874-cd8a-4d2c-8b1d-81b5c6b05126.__CR0,0,1200,1200_PT0_SX220_V1___.jpg?w=1020&amp;ssl=1\" alt=\"Gr\u00e1ficos em movimento e t\u00edtulos animados\" data-src=\"https:\/\/i0.wp.com\/m.media-amazon.com\/images\/S\/aplus-media\/vc\/a7100874-cd8a-4d2c-8b1d-81b5c6b05126.__CR0,0,1200,1200_PT0_SX220_V1___.jpg?w=1020&amp;ssl=1\" data-recalc-dims=\"1\" \/><\/p>\n<\/div>\n<\/th>\n<th class=\"apm-center\">\n<div class=\"apm-fourthcol\">\n<p><img decoding=\"async\" class=\"\" src=\"https:\/\/i0.wp.com\/m.media-amazon.com\/images\/S\/aplus-media\/vc\/7043ab82-7c7a-4321-83a0-9c8c96723694.__CR0,0,540,540_PT0_SX220_V1___.jpg?w=1020&amp;ssl=1\" alt=\"Alinhar objetos em um piscar de olhos\" data-src=\"https:\/\/i0.wp.com\/m.media-amazon.com\/images\/S\/aplus-media\/vc\/7043ab82-7c7a-4321-83a0-9c8c96723694.__CR0,0,540,540_PT0_SX220_V1___.jpg?w=1020&amp;ssl=1\" data-recalc-dims=\"1\" \/><\/p>\n<\/div>\n<\/th>\n<th class=\"apm-center\">\n<div class=\"apm-fourthcol\">\n<p><img decoding=\"async\" class=\"\" src=\"https:\/\/i0.wp.com\/m.media-amazon.com\/images\/S\/aplus-media\/vc\/9d4b1431-b3b1-4668-967b-23b2e8a0c17f.__CR0,0,540,540_PT0_SX220_V1___.jpg?w=1020&amp;ssl=1\" alt=\"Action camera center\" data-src=\"https:\/\/i0.wp.com\/m.media-amazon.com\/images\/S\/aplus-media\/vc\/9d4b1431-b3b1-4668-967b-23b2e8a0c17f.__CR0,0,540,540_PT0_SX220_V1___.jpg?w=1020&amp;ssl=1\" data-recalc-dims=\"1\" \/><\/p>\n<\/div>\n<\/th>\n<th class=\"apm-center\">\n<div class=\"apm-fourthcol\">\n<p><img decoding=\"async\" class=\"\" src=\"https:\/\/i0.wp.com\/m.media-amazon.com\/images\/S\/aplus-media\/vc\/a3cdd023-7ba5-4f4f-9926-99bf307dad89.__CR0,0,540,540_PT0_SX220_V1___.jpg?w=1020&amp;ssl=1\" alt=\"Desempenho da CPU e GPU\" data-src=\"https:\/\/i0.wp.com\/m.media-amazon.com\/images\/S\/aplus-media\/vc\/a3cdd023-7ba5-4f4f-9926-99bf307dad89.__CR0,0,540,540_PT0_SX220_V1___.jpg?w=1020&amp;ssl=1\" data-recalc-dims=\"1\" \/><\/p>\n<\/div>\n<\/th>\n<\/tr>\n<tr>\n<td class=\"apm-top\">\n<div class=\"apm-fourthcol\">\n<h4 class=\"a-spacing-mini\">Gr\u00e1ficos em movimento impressionantes e t\u00edtulos animados<\/h4>\n<p class=\"a-size-small\">Combine elementos gr\u00e1ficos de movimento com os t\u00edtulos de seus v\u00eddeos para torn\u00e1-los elegantes e modernos.<\/p>\n<\/div>\n<\/td>\n<td class=\"apm-top\">\n<div class=\"apm-fourthcol\">\n<h4 class=\"a-spacing-mini\">Alinhar objetos em um snap<\/h4>\n<p class=\"a-size-small\">Alinhe ou encaixe t\u00edtulos, m\u00e1scaras e objetos para posicion\u00e1-los perfeitamente dentro do seu quadro.\u00a0Encaixe nos eixos verticais \/ horizontais ou outros objetos.<\/p>\n<\/div>\n<\/td>\n<td class=\"apm-top\">\n<div class=\"apm-fourthcol\">\n<h4 class=\"a-spacing-mini\">Edi\u00e7\u00e3o poderosa da camada<\/h4>\n<p class=\"a-size-small\">A edi\u00e7\u00e3o de camadas oferece a flexibilidade de criar composi\u00e7\u00f5es exclusivas combinando imagens, textos e gr\u00e1ficos.<\/p>\n<\/div>\n<\/td>\n<td class=\"apm-top\">\n<div class=\"apm-fourthcol\">\n<h4 class=\"a-spacing-mini\">Deblur com intelig\u00eancia artificial<\/h4>\n<p class=\"a-size-small\">Imagens desfocadas s\u00e3o coisa do passado com desfoque inteligente.\u00a0Perfeito para corrigir fotos de crian\u00e7as animadas, animais de estima\u00e7\u00e3o ou tiradas de ve\u00edculos em movimento.<\/p>\n<\/div>\n<\/td>\n<\/tr>\n<\/tbody>\n<\/table>\n<\/div>\n<\/div>\n<\/div>\n<\/div>\n<\/div>\n<\/div>\n<\/div>\n<\/div>\n","protected":false},"excerpt":{"rendered":"<p>PowerDirector 18 Ultra + PhotoDirector 11 Ultra A Value-Packed Video &amp; Photo Editing Combo There\u2019s never been a better time to explore your creativity through photo and video editing and<\/p>\n","protected":false},"featured_media":6981,"comment_status":"open","ping_status":"closed","template":"","meta":{"_joinchat":[]},"product_brand":[],"product_cat":[299],"product_tag":[],"class_list":{"0":"post-6980","1":"product","2":"type-product","3":"status-publish","4":"has-post-thumbnail","6":"product_cat-softwares","8":"first","9":"instock","10":"shipping-taxable","11":"purchasable","12":"product-type-simple"},"yoast_head":"<!-- This site is optimized with the Yoast SEO plugin v27.4 - https:\/\/yoast.com\/product\/yoast-seo-wordpress\/ -->\n<title>PowerDirector 18 Ultra &amp; PhotoDirector 11 Ultra - Cyberlogics Technologies Angola<\/title>\n<meta name=\"description\" content=\"A Maior Loja Online de Angola de Licen\u00e7as Microsoft Office | Chaves Sistemas Operativos Windows | Antiv\u00edrus | Cloud Adobe | Inform\u00e1tica &amp; Servidores | Softwares de Gest\u00e3o ERP | Gaming Hardware | UPS e Baterias &amp; Muito Mais...\" \/>\n<meta name=\"robots\" content=\"index, follow, max-snippet:-1, max-image-preview:large, max-video-preview:-1\" \/>\n<link rel=\"canonical\" href=\"https:\/\/cyberlogics.ao\/index.php\/product\/powerdirector-18-ultra-photodirector-11-ultra\/\" \/>\n<meta property=\"og:locale\" content=\"pt_PT\" \/>\n<meta property=\"og:type\" content=\"article\" \/>\n<meta property=\"og:title\" content=\"PowerDirector 18 Ultra &amp; PhotoDirector 11 Ultra - Cyberlogics Technologies Angola\" \/>\n<meta property=\"og:description\" content=\"A Maior Loja Online de Angola de Licen\u00e7as Microsoft Office | Chaves Sistemas Operativos Windows | Antiv\u00edrus | Cloud Adobe | Inform\u00e1tica &amp; Servidores | Softwares de Gest\u00e3o ERP | Gaming Hardware | UPS e Baterias &amp; Muito Mais...\" \/>\n<meta property=\"og:url\" content=\"https:\/\/cyberlogics.ao\/index.php\/product\/powerdirector-18-ultra-photodirector-11-ultra\/\" \/>\n<meta property=\"og:site_name\" content=\"Cyberlogics Technologies Angola\" \/>\n<meta property=\"article:modified_time\" content=\"2023-03-22T10:07:20+00:00\" \/>\n<meta property=\"og:image\" content=\"http:\/\/cyberlogics.ao\/wp-content\/uploads\/2022\/06\/power-director-logo-cover.jpg\" \/>\n\t<meta property=\"og:image:width\" content=\"522\" \/>\n\t<meta property=\"og:image:height\" content=\"653\" \/>\n\t<meta property=\"og:image:type\" content=\"image\/jpeg\" \/>\n<meta name=\"twitter:card\" content=\"summary_large_image\" \/>\n<meta name=\"twitter:label1\" content=\"Tempo estimado de leitura\" \/>\n\t<meta name=\"twitter:data1\" content=\"1 minuto\" \/>\n<script type=\"application\/ld+json\" class=\"yoast-schema-graph\">{\"@context\":\"https:\\\/\\\/schema.org\",\"@graph\":[{\"@type\":\"WebPage\",\"@id\":\"https:\\\/\\\/cyberlogics.ao\\\/index.php\\\/product\\\/powerdirector-18-ultra-photodirector-11-ultra\\\/\",\"url\":\"https:\\\/\\\/cyberlogics.ao\\\/index.php\\\/product\\\/powerdirector-18-ultra-photodirector-11-ultra\\\/\",\"name\":\"PowerDirector 18 Ultra &amp; PhotoDirector 11 Ultra - Cyberlogics Technologies Angola\",\"isPartOf\":{\"@id\":\"https:\\\/\\\/cyberlogics.ao\\\/#website\"},\"primaryImageOfPage\":{\"@id\":\"https:\\\/\\\/cyberlogics.ao\\\/index.php\\\/product\\\/powerdirector-18-ultra-photodirector-11-ultra\\\/#primaryimage\"},\"image\":{\"@id\":\"https:\\\/\\\/cyberlogics.ao\\\/index.php\\\/product\\\/powerdirector-18-ultra-photodirector-11-ultra\\\/#primaryimage\"},\"thumbnailUrl\":\"https:\\\/\\\/cyberlogics.ao\\\/wp-content\\\/uploads\\\/2022\\\/06\\\/power-director-logo-cover.jpg\",\"datePublished\":\"2022-06-23T11:02:26+00:00\",\"dateModified\":\"2023-03-22T10:07:20+00:00\",\"description\":\"A Maior Loja Online de Angola de Licen\u00e7as Microsoft Office | Chaves Sistemas Operativos Windows | Antiv\u00edrus | Cloud Adobe | Inform\u00e1tica & Servidores | Softwares de Gest\u00e3o ERP | Gaming Hardware | UPS e Baterias & Muito Mais...\",\"breadcrumb\":{\"@id\":\"https:\\\/\\\/cyberlogics.ao\\\/index.php\\\/product\\\/powerdirector-18-ultra-photodirector-11-ultra\\\/#breadcrumb\"},\"inLanguage\":\"pt-PT\",\"potentialAction\":[{\"@type\":\"ReadAction\",\"target\":[\"https:\\\/\\\/cyberlogics.ao\\\/index.php\\\/product\\\/powerdirector-18-ultra-photodirector-11-ultra\\\/\"]}]},{\"@type\":\"ImageObject\",\"inLanguage\":\"pt-PT\",\"@id\":\"https:\\\/\\\/cyberlogics.ao\\\/index.php\\\/product\\\/powerdirector-18-ultra-photodirector-11-ultra\\\/#primaryimage\",\"url\":\"https:\\\/\\\/cyberlogics.ao\\\/wp-content\\\/uploads\\\/2022\\\/06\\\/power-director-logo-cover.jpg\",\"contentUrl\":\"https:\\\/\\\/cyberlogics.ao\\\/wp-content\\\/uploads\\\/2022\\\/06\\\/power-director-logo-cover.jpg\",\"width\":522,\"height\":653},{\"@type\":\"BreadcrumbList\",\"@id\":\"https:\\\/\\\/cyberlogics.ao\\\/index.php\\\/product\\\/powerdirector-18-ultra-photodirector-11-ultra\\\/#breadcrumb\",\"itemListElement\":[{\"@type\":\"ListItem\",\"position\":1,\"name\":\"In\u00edcio\",\"item\":\"https:\\\/\\\/cyberlogics.ao\\\/\"},{\"@type\":\"ListItem\",\"position\":2,\"name\":\"Produtos\",\"item\":\"https:\\\/\\\/cyberlogics.ao\\\/index.php\\\/shop-2\\\/\"},{\"@type\":\"ListItem\",\"position\":3,\"name\":\"PowerDirector 18 Ultra &amp; PhotoDirector 11 Ultra\"}]},{\"@type\":\"WebSite\",\"@id\":\"https:\\\/\\\/cyberlogics.ao\\\/#website\",\"url\":\"https:\\\/\\\/cyberlogics.ao\\\/\",\"name\":\"Cyberlogics Technologies Angola\",\"description\":\"Loja Online de Licen\u00e7as de Softwares e Inform\u00e1tica\",\"publisher\":{\"@id\":\"https:\\\/\\\/cyberlogics.ao\\\/#organization\"},\"potentialAction\":[{\"@type\":\"SearchAction\",\"target\":{\"@type\":\"EntryPoint\",\"urlTemplate\":\"https:\\\/\\\/cyberlogics.ao\\\/?s={search_term_string}\"},\"query-input\":{\"@type\":\"PropertyValueSpecification\",\"valueRequired\":true,\"valueName\":\"search_term_string\"}}],\"inLanguage\":\"pt-PT\"},{\"@type\":\"Organization\",\"@id\":\"https:\\\/\\\/cyberlogics.ao\\\/#organization\",\"name\":\"Cyberlogics Ao Technologies - Loja Online de Licen\u00e7as de Softwares e Inform\u00e1tica\",\"url\":\"https:\\\/\\\/cyberlogics.ao\\\/\",\"logo\":{\"@type\":\"ImageObject\",\"inLanguage\":\"pt-PT\",\"@id\":\"https:\\\/\\\/cyberlogics.ao\\\/#\\\/schema\\\/logo\\\/image\\\/\",\"url\":\"https:\\\/\\\/cyberlogics.ao\\\/wp-content\\\/uploads\\\/2022\\\/04\\\/CT-logo.png\",\"contentUrl\":\"https:\\\/\\\/cyberlogics.ao\\\/wp-content\\\/uploads\\\/2022\\\/04\\\/CT-logo.png\",\"width\":190,\"height\":75,\"caption\":\"Cyberlogics Ao Technologies - Loja Online de Licen\u00e7as de Softwares e Inform\u00e1tica\"},\"image\":{\"@id\":\"https:\\\/\\\/cyberlogics.ao\\\/#\\\/schema\\\/logo\\\/image\\\/\"}}]}<\/script>\n<!-- \/ Yoast SEO plugin. -->","yoast_head_json":{"title":"PowerDirector 18 Ultra &amp; PhotoDirector 11 Ultra - Cyberlogics Technologies Angola","description":"A Maior Loja Online de Angola de Licen\u00e7as Microsoft Office | Chaves Sistemas Operativos Windows | Antiv\u00edrus | Cloud Adobe | Inform\u00e1tica & Servidores | Softwares de Gest\u00e3o ERP | Gaming Hardware | UPS e Baterias & Muito Mais...","robots":{"index":"index","follow":"follow","max-snippet":"max-snippet:-1","max-image-preview":"max-image-preview:large","max-video-preview":"max-video-preview:-1"},"canonical":"https:\/\/cyberlogics.ao\/index.php\/product\/powerdirector-18-ultra-photodirector-11-ultra\/","og_locale":"pt_PT","og_type":"article","og_title":"PowerDirector 18 Ultra &amp; PhotoDirector 11 Ultra - Cyberlogics Technologies Angola","og_description":"A Maior Loja Online de Angola de Licen\u00e7as Microsoft Office | Chaves Sistemas Operativos Windows | Antiv\u00edrus | Cloud Adobe | Inform\u00e1tica & Servidores | Softwares de Gest\u00e3o ERP | Gaming Hardware | UPS e Baterias & Muito Mais...","og_url":"https:\/\/cyberlogics.ao\/index.php\/product\/powerdirector-18-ultra-photodirector-11-ultra\/","og_site_name":"Cyberlogics Technologies Angola","article_modified_time":"2023-03-22T10:07:20+00:00","og_image":[{"width":522,"height":653,"url":"http:\/\/cyberlogics.ao\/wp-content\/uploads\/2022\/06\/power-director-logo-cover.jpg","type":"image\/jpeg"}],"twitter_card":"summary_large_image","twitter_misc":{"Tempo estimado de leitura":"1 minuto"},"schema":{"@context":"https:\/\/schema.org","@graph":[{"@type":"WebPage","@id":"https:\/\/cyberlogics.ao\/index.php\/product\/powerdirector-18-ultra-photodirector-11-ultra\/","url":"https:\/\/cyberlogics.ao\/index.php\/product\/powerdirector-18-ultra-photodirector-11-ultra\/","name":"PowerDirector 18 Ultra &amp; PhotoDirector 11 Ultra - Cyberlogics Technologies Angola","isPartOf":{"@id":"https:\/\/cyberlogics.ao\/#website"},"primaryImageOfPage":{"@id":"https:\/\/cyberlogics.ao\/index.php\/product\/powerdirector-18-ultra-photodirector-11-ultra\/#primaryimage"},"image":{"@id":"https:\/\/cyberlogics.ao\/index.php\/product\/powerdirector-18-ultra-photodirector-11-ultra\/#primaryimage"},"thumbnailUrl":"https:\/\/cyberlogics.ao\/wp-content\/uploads\/2022\/06\/power-director-logo-cover.jpg","datePublished":"2022-06-23T11:02:26+00:00","dateModified":"2023-03-22T10:07:20+00:00","description":"A Maior Loja Online de Angola de Licen\u00e7as Microsoft Office | Chaves Sistemas Operativos Windows | Antiv\u00edrus | Cloud Adobe | Inform\u00e1tica & Servidores | Softwares de Gest\u00e3o ERP | Gaming Hardware | UPS e Baterias & Muito Mais...","breadcrumb":{"@id":"https:\/\/cyberlogics.ao\/index.php\/product\/powerdirector-18-ultra-photodirector-11-ultra\/#breadcrumb"},"inLanguage":"pt-PT","potentialAction":[{"@type":"ReadAction","target":["https:\/\/cyberlogics.ao\/index.php\/product\/powerdirector-18-ultra-photodirector-11-ultra\/"]}]},{"@type":"ImageObject","inLanguage":"pt-PT","@id":"https:\/\/cyberlogics.ao\/index.php\/product\/powerdirector-18-ultra-photodirector-11-ultra\/#primaryimage","url":"https:\/\/cyberlogics.ao\/wp-content\/uploads\/2022\/06\/power-director-logo-cover.jpg","contentUrl":"https:\/\/cyberlogics.ao\/wp-content\/uploads\/2022\/06\/power-director-logo-cover.jpg","width":522,"height":653},{"@type":"BreadcrumbList","@id":"https:\/\/cyberlogics.ao\/index.php\/product\/powerdirector-18-ultra-photodirector-11-ultra\/#breadcrumb","itemListElement":[{"@type":"ListItem","position":1,"name":"In\u00edcio","item":"https:\/\/cyberlogics.ao\/"},{"@type":"ListItem","position":2,"name":"Produtos","item":"https:\/\/cyberlogics.ao\/index.php\/shop-2\/"},{"@type":"ListItem","position":3,"name":"PowerDirector 18 Ultra &amp; PhotoDirector 11 Ultra"}]},{"@type":"WebSite","@id":"https:\/\/cyberlogics.ao\/#website","url":"https:\/\/cyberlogics.ao\/","name":"Cyberlogics Technologies Angola","description":"Loja Online de Licen\u00e7as de Softwares e Inform\u00e1tica","publisher":{"@id":"https:\/\/cyberlogics.ao\/#organization"},"potentialAction":[{"@type":"SearchAction","target":{"@type":"EntryPoint","urlTemplate":"https:\/\/cyberlogics.ao\/?s={search_term_string}"},"query-input":{"@type":"PropertyValueSpecification","valueRequired":true,"valueName":"search_term_string"}}],"inLanguage":"pt-PT"},{"@type":"Organization","@id":"https:\/\/cyberlogics.ao\/#organization","name":"Cyberlogics Ao Technologies - Loja Online de Licen\u00e7as de Softwares e Inform\u00e1tica","url":"https:\/\/cyberlogics.ao\/","logo":{"@type":"ImageObject","inLanguage":"pt-PT","@id":"https:\/\/cyberlogics.ao\/#\/schema\/logo\/image\/","url":"https:\/\/cyberlogics.ao\/wp-content\/uploads\/2022\/04\/CT-logo.png","contentUrl":"https:\/\/cyberlogics.ao\/wp-content\/uploads\/2022\/04\/CT-logo.png","width":190,"height":75,"caption":"Cyberlogics Ao Technologies - Loja Online de Licen\u00e7as de Softwares e Inform\u00e1tica"},"image":{"@id":"https:\/\/cyberlogics.ao\/#\/schema\/logo\/image\/"}}]}},"_links":{"self":[{"href":"https:\/\/cyberlogics.ao\/index.php\/wp-json\/wp\/v2\/product\/6980","targetHints":{"allow":["GET"]}}],"collection":[{"href":"https:\/\/cyberlogics.ao\/index.php\/wp-json\/wp\/v2\/product"}],"about":[{"href":"https:\/\/cyberlogics.ao\/index.php\/wp-json\/wp\/v2\/types\/product"}],"replies":[{"embeddable":true,"href":"https:\/\/cyberlogics.ao\/index.php\/wp-json\/wp\/v2\/comments?post=6980"}],"wp:featuredmedia":[{"embeddable":true,"href":"https:\/\/cyberlogics.ao\/index.php\/wp-json\/wp\/v2\/media\/6981"}],"wp:attachment":[{"href":"https:\/\/cyberlogics.ao\/index.php\/wp-json\/wp\/v2\/media?parent=6980"}],"wp:term":[{"taxonomy":"product_brand","embeddable":true,"href":"https:\/\/cyberlogics.ao\/index.php\/wp-json\/wp\/v2\/product_brand?post=6980"},{"taxonomy":"product_cat","embeddable":true,"href":"https:\/\/cyberlogics.ao\/index.php\/wp-json\/wp\/v2\/product_cat?post=6980"},{"taxonomy":"product_tag","embeddable":true,"href":"https:\/\/cyberlogics.ao\/index.php\/wp-json\/wp\/v2\/product_tag?post=6980"}],"curies":[{"name":"wp","href":"https:\/\/api.w.org\/{rel}","templated":true}]}}