{"id":6988,"date":"2022-06-23T14:00:36","date_gmt":"2022-06-23T14:00:36","guid":{"rendered":"https:\/\/cyberlogics.ao\/?post_type=product&#038;p=6988"},"modified":"2022-06-23T14:00:37","modified_gmt":"2022-06-23T14:00:37","slug":"dell-r740-enterprise-level-2u-rack-emc-server-r740xd-4208-4210-16g-2tb-storage-server","status":"publish","type":"product","link":"https:\/\/cyberlogics.ao\/index.php\/product\/dell-r740-enterprise-level-2u-rack-emc-server-r740xd-4208-4210-16g-2tb-storage-server\/","title":{"rendered":"DELL R740 enterprise level 2U Rack EMC Server R740XD 4208 4210 16G 2TB Storage Server"},"content":{"rendered":"<div class=\"J_module\">\n<div id=\"ali-anchor-AliMagic-x2yiz5\" class=\"magic-5\" data-section=\"AliMagic-x2yiz5\" data-section-title=\"Products Description\" data-spm-anchor-id=\"a2700.details.0.i27.69b8128bAOhhnv\">Products Description<\/div>\n<\/div>\n<div class=\"J_module\">\n<div class=\"ife-detail-decorate-table\">\n<table class=\"has-title all magic-6\">\n<tbody>\n<tr>\n<td colspan=\"1\" rowspan=\"1\">\n<div class=\"magic-7\">\n<div class=\"magic-8\">MODEL<\/div>\n<\/div>\n<\/td>\n<td colspan=\"1\" rowspan=\"1\">\n<div class=\"magic-9\">Dell Poweredge R740XD server<\/div>\n<\/td>\n<\/tr>\n<tr>\n<td colspan=\"1\" rowspan=\"1\">\n<div class=\"magic-7\">Processor<\/div>\n<\/td>\n<td colspan=\"1\" rowspan=\"1\">\n<div class=\"magic-9\">two 2nd Intel\u00ae Xeon\u00ae 4208<\/div>\n<\/td>\n<\/tr>\n<tr>\n<td colspan=\"1\" rowspan=\"1\">\n<div class=\"magic-7\">\n<div data-spm-anchor-id=\"a2700.pc-decorate.0.i5.133d3333FhPtPa\"><\/div>\n<div data-spm-anchor-id=\"a2700.pc-decorate.0.i5.133d3333FhPtPa\">Menmory<\/div>\n<\/div>\n<\/td>\n<td colspan=\"1\" rowspan=\"1\">\n<div class=\"magic-9\">\n<div data-spm-anchor-id=\"0.0.0.i3.6ea34f05W8giax\">24 DDR4 DIMM slots, Maxim 3TB<\/div>\n<div data-spm-anchor-id=\"0.0.0.i3.6ea34f05W8giax\">16GB DDR4,2133\/2400\/2666\/2933\/3200MT\/s<br \/>\n32GB DDR4, 2133\/2400\/2666\/2933\/3200MT\/s<br \/>\n64GB DDR4, 2133\/2400\/2666\/2933\/3200MT\/s<\/div>\n<\/div>\n<\/td>\n<\/tr>\n<tr>\n<td colspan=\"1\" rowspan=\"1\">\n<div class=\"magic-7\">\n<div>Drive bays<\/div>\n<\/div>\n<\/td>\n<td colspan=\"1\" rowspan=\"1\">\n<div class=\"magic-9\">8\/16 x 2.5\u201d hot-plug SAS\/SATA (HDD) or 8 x 3.5\u201d hot-plug SAS\/SATA (HDD)<\/div>\n<\/td>\n<\/tr>\n<tr>\n<td colspan=\"1\" rowspan=\"1\">\n<div class=\"magic-7\">Storage controllers<\/div>\n<\/td>\n<td colspan=\"1\" rowspan=\"1\">\n<div class=\"magic-9\">internal Controllers: PERC H330, H730P, H740P<\/div>\n<\/td>\n<\/tr>\n<tr>\n<td colspan=\"1\" rowspan=\"3\">\n<div class=\"magic-7\">\n<div><\/div>\n<p>Power supplies<\/p><\/div>\n<\/td>\n<td colspan=\"1\" rowspan=\"3\">\n<div class=\"magic-10\">495W Platinum<\/p>\n<div data-spm-anchor-id=\"0.0.0.i6.6ea34f05liPbGC\">750W Platinum<\/p>\n<div data-spm-anchor-id=\"0.0.0.i5.6ea34f05liPbGC\">1100W Platinum<\/div>\n<\/div>\n<\/div>\n<\/td>\n<\/tr>\n<tr>\n<td colspan=\"1\" rowspan=\"1\">\n<div class=\"magic-7\">Dimensions<\/div>\n<\/td>\n<td colspan=\"1\" rowspan=\"1\">\n<div class=\"magic-9\">2U Rack Server<\/div>\n<\/td>\n<\/tr>\n<tr>\n<td colspan=\"1\" rowspan=\"1\">\n<div class=\"magic-7\">Height X Width X Depth<\/div>\n<\/td>\n<td colspan=\"1\" rowspan=\"1\">\n<div class=\"magic-9\">86.8mm X 434.0mm X 737.5mm<\/div>\n<\/td>\n<\/tr>\n<tr>\n<td colspan=\"1\" rowspan=\"1\">\n<div class=\"magic-7\">Embedded management<\/div>\n<\/td>\n<td colspan=\"1\" rowspan=\"1\">\n<div class=\"magic-9\">iDRAC9<\/div>\n<\/td>\n<\/tr>\n<tr>\n<td colspan=\"1\" rowspan=\"1\">\n<div class=\"magic-7\">I\/O &amp; Ports<\/div>\n<\/td>\n<td colspan=\"1\" rowspan=\"1\">\n<div class=\"magic-9\">4 x 1GbE +2 x 10GbE + 2 x 1GbE+4 x 10GbE +2 x 25GbE<\/div>\n<\/td>\n<\/tr>\n<tr>\n<td colspan=\"1\" rowspan=\"1\">\n<div class=\"magic-7\">Weight<\/div>\n<\/td>\n<td colspan=\"1\" rowspan=\"1\">\n<div class=\"magic-9\">28.6kg (63.0lbs)<\/div>\n<\/td>\n<\/tr>\n<tr>\n<td colspan=\"1\" rowspan=\"4\">\n<div class=\"magic-7\">\n<div><\/div>\n<div><\/div>\n<p>Operating System<\/p><\/div>\n<\/td>\n<td colspan=\"1\" rowspan=\"4\">\n<div class=\"magic-10\">Microsoft\u00ae Windows Server\u00ae with Hyper-V<\/p>\n<div data-spm-anchor-id=\"0.0.0.i15.6ea34f05liPbGC\">Red Hat\u00ae Enterprise Linux<\/div>\n<div data-spm-anchor-id=\"0.0.0.i15.6ea34f05liPbGC\">SUSE\u00ae Linux Enterprise Server<\/div>\n<div data-spm-anchor-id=\"0.0.0.i15.6ea34f05liPbGC\">VMware\u00ae ESXi\u00ae<\/div>\n<\/div>\n<\/td>\n<\/tr>\n<tr>\n<td colspan=\"1\" rowspan=\"1\">\n<div class=\"magic-7\">Warranty<\/div>\n<\/td>\n<td colspan=\"1\" rowspan=\"1\">\n<div class=\"magic-9\">3 years<\/div>\n<\/td>\n<\/tr>\n<\/tbody>\n<\/table>\n<\/div>\n<\/div>\n<div class=\"J_module\">\n<div id=\"ali-anchor-AliMagic-meo875\" class=\"magic-5\" data-section=\"AliMagic-meo875\" data-section-title=\"Our Advantages\">Our Advantages<\/div>\n<\/div>\n<div class=\"J_module\">\n<div class=\"icbu-pc-images magic-0\">\n<div>\n<div class=\"flex-layout-v\">\n<div class=\"flex-layout-h magic-0\">\n<div class=\"magic-13\"><img decoding=\"async\" class=\"magic-14\" src=\"https:\/\/s.alicdn.com\/@sc04\/kf\/H44e8ff1f594547a1acda81b6011b7196a\/248303337\/H44e8ff1f594547a1acda81b6011b7196a.jpg?quality=close\" data-src=\"\/\/s.alicdn.com\/@sc04\/kf\/H44e8ff1f594547a1acda81b6011b7196a\/248303337\/H44e8ff1f594547a1acda81b6011b7196a.jpg?quality=close\" \/><\/div>\n<\/div>\n<\/div>\n<\/div>\n<\/div>\n<\/div>\n<div class=\"J_module\">\n<div class=\"icbu-pc-detailManyImage magic-15\">\n<div class=\"magic-16\"><img decoding=\"async\" class=\"magic-17\" src=\"https:\/\/s.alicdn.com\/@sc04\/kf\/Hd3ecd93850d24f0e9e6a8d1498d4a377w\/248303337\/Hd3ecd93850d24f0e9e6a8d1498d4a377w.jpg?quality=close\" data-src=\"\/\/s.alicdn.com\/@sc04\/kf\/Hd3ecd93850d24f0e9e6a8d1498d4a377w\/248303337\/Hd3ecd93850d24f0e9e6a8d1498d4a377w.jpg?quality=close\" \/><\/div>\n<div class=\"magic-16\"><img decoding=\"async\" class=\"magic-17\" src=\"https:\/\/s.alicdn.com\/@sc04\/kf\/H03ef7f75c5464314974d31e549850b0eH\/248303337\/H03ef7f75c5464314974d31e549850b0eH.jpg?quality=close\" data-src=\"\/\/s.alicdn.com\/@sc04\/kf\/H03ef7f75c5464314974d31e549850b0eH\/248303337\/H03ef7f75c5464314974d31e549850b0eH.jpg?quality=close\" \/><\/div>\n<div class=\"magic-16\"><img decoding=\"async\" class=\"magic-17\" src=\"https:\/\/s.alicdn.com\/@sc04\/kf\/Hb8d0af4c4f9c4f01a55adfeb9c5778cce\/248303337\/Hb8d0af4c4f9c4f01a55adfeb9c5778cce.jpg?quality=close\" data-src=\"\/\/s.alicdn.com\/@sc04\/kf\/Hb8d0af4c4f9c4f01a55adfeb9c5778cce\/248303337\/Hb8d0af4c4f9c4f01a55adfeb9c5778cce.jpg?quality=close\" \/><\/div>\n<div class=\"magic-16\"><img decoding=\"async\" class=\"magic-17\" src=\"https:\/\/s.alicdn.com\/@sc04\/kf\/Hae8fd87696a8448481e05a97b82ce297g\/248303337\/Hae8fd87696a8448481e05a97b82ce297g.jpg?quality=close\" data-src=\"\/\/s.alicdn.com\/@sc04\/kf\/Hae8fd87696a8448481e05a97b82ce297g\/248303337\/Hae8fd87696a8448481e05a97b82ce297g.jpg?quality=close\" \/><\/div>\n<div class=\"magic-16\"><img decoding=\"async\" class=\"magic-17\" src=\"https:\/\/s.alicdn.com\/@sc04\/kf\/H33a8fd5e16894ecc8e21d7d2ebd88df46\/248303337\/H33a8fd5e16894ecc8e21d7d2ebd88df46.jpg?quality=close\" data-src=\"\/\/s.alicdn.com\/@sc04\/kf\/H33a8fd5e16894ecc8e21d7d2ebd88df46\/248303337\/H33a8fd5e16894ecc8e21d7d2ebd88df46.jpg?quality=close\" \/><\/div>\n<div class=\"magic-16\"><img decoding=\"async\" class=\"magic-17\" src=\"https:\/\/s.alicdn.com\/@sc04\/kf\/H049706225c0042f99879d8c2abbc7e383\/248303337\/H049706225c0042f99879d8c2abbc7e383.jpg?quality=close\" data-src=\"\/\/s.alicdn.com\/@sc04\/kf\/H049706225c0042f99879d8c2abbc7e383\/248303337\/H049706225c0042f99879d8c2abbc7e383.jpg?quality=close\" \/><\/div>\n<div class=\"magic-16\"><img decoding=\"async\" class=\"magic-17\" src=\"https:\/\/s.alicdn.com\/@sc04\/kf\/H1a84534c9d004c97b1be42ac5bf1f05aB\/248303337\/H1a84534c9d004c97b1be42ac5bf1f05aB.jpg?quality=close\" data-src=\"\/\/s.alicdn.com\/@sc04\/kf\/H1a84534c9d004c97b1be42ac5bf1f05aB\/248303337\/H1a84534c9d004c97b1be42ac5bf1f05aB.jpg?quality=close\" \/><\/div>\n<div class=\"magic-16\"><img decoding=\"async\" class=\"magic-17\" src=\"https:\/\/s.alicdn.com\/@sc04\/kf\/H336271f9288047deb8bf503aebb0b431I\/248303337\/H336271f9288047deb8bf503aebb0b431I.jpg?quality=close\" data-src=\"\/\/s.alicdn.com\/@sc04\/kf\/H336271f9288047deb8bf503aebb0b431I\/248303337\/H336271f9288047deb8bf503aebb0b431I.jpg?quality=close\" \/><\/div>\n<div class=\"magic-16\"><img decoding=\"async\" class=\"magic-17\" src=\"https:\/\/s.alicdn.com\/@sc04\/kf\/Hdb82c1cac1e84757826d4ba28b7b8de0t\/248303337\/Hdb82c1cac1e84757826d4ba28b7b8de0t.jpg?quality=close\" data-src=\"\/\/s.alicdn.com\/@sc04\/kf\/Hdb82c1cac1e84757826d4ba28b7b8de0t\/248303337\/Hdb82c1cac1e84757826d4ba28b7b8de0t.jpg?quality=close\" \/><\/div>\n<\/div>\n<\/div>\n<div class=\"J_module\">\n<div class=\"icbu-pc-images magic-0\">\n<div>\n<div class=\"flex-layout-v\">\n<div class=\"flex-layout-h magic-0\">\n<div class=\"magic-18\"><img decoding=\"async\" class=\"magic-19\" src=\"https:\/\/s.alicdn.com\/@sc04\/kf\/H3eaf90396eb349de8bd60a9f1d3d21bem\/248303337\/H3eaf90396eb349de8bd60a9f1d3d21bem.jpg?quality=close\" data-src=\"\/\/s.alicdn.com\/@sc04\/kf\/H3eaf90396eb349de8bd60a9f1d3d21bem\/248303337\/H3eaf90396eb349de8bd60a9f1d3d21bem.jpg?quality=close\" data-spm-anchor-id=\"a2700.details.0.i28.69b8128bAOhhnv\" \/><\/div>\n<\/div>\n<\/div>\n<\/div>\n<\/div>\n<\/div>\n<div class=\"J_module\">\n<div id=\"ali-anchor-AliMagic-epbu46\" class=\"magic-5\" data-section=\"AliMagic-epbu46\" data-section-title=\"Company Profile\"><\/div>\n<\/div>\n","protected":false},"excerpt":{"rendered":"<p>Products Description MODEL Dell Poweredge R740XD server Processor two 2nd Intel\u00ae Xeon\u00ae 4208 Menmory 24 DDR4 DIMM slots, Maxim 3TB 16GB DDR4,2133\/2400\/2666\/2933\/3200MT\/s 32GB DDR4, 2133\/2400\/2666\/2933\/3200MT\/s 64GB DDR4, 2133\/2400\/2666\/2933\/3200MT\/s Drive bays<\/p>\n","protected":false},"featured_media":6989,"comment_status":"open","ping_status":"closed","template":"","meta":{"_joinchat":[]},"product_brand":[],"product_cat":[115],"product_tag":[],"class_list":{"0":"post-6988","1":"product","2":"type-product","3":"status-publish","4":"has-post-thumbnail","6":"product_cat-servidores","8":"first","9":"instock","10":"shipping-taxable","11":"product-type-simple"},"yoast_head":"<!-- This site is optimized with the Yoast SEO plugin v27.4 - https:\/\/yoast.com\/product\/yoast-seo-wordpress\/ -->\n<title>DELL R740 enterprise level 2U Rack EMC Server R740XD 4208 4210 16G 2TB Storage Server - Cyberlogics Technologies Angola<\/title>\n<meta name=\"description\" content=\"A Maior Loja Online de Angola de Licen\u00e7as Microsoft Office | Chaves Sistemas Operativos Windows | Antiv\u00edrus | Cloud Adobe | Inform\u00e1tica &amp; Servidores | Softwares de Gest\u00e3o ERP | Gaming Hardware | UPS e Baterias &amp; Muito Mais...\" \/>\n<meta name=\"robots\" content=\"index, follow, max-snippet:-1, max-image-preview:large, max-video-preview:-1\" \/>\n<link rel=\"canonical\" href=\"https:\/\/cyberlogics.ao\/index.php\/product\/dell-r740-enterprise-level-2u-rack-emc-server-r740xd-4208-4210-16g-2tb-storage-server\/\" \/>\n<meta property=\"og:locale\" content=\"pt_PT\" \/>\n<meta property=\"og:type\" content=\"article\" \/>\n<meta property=\"og:title\" content=\"DELL R740 enterprise level 2U Rack EMC Server R740XD 4208 4210 16G 2TB Storage Server - Cyberlogics Technologies Angola\" \/>\n<meta property=\"og:description\" content=\"A Maior Loja Online de Angola de Licen\u00e7as Microsoft Office | Chaves Sistemas Operativos Windows | Antiv\u00edrus | Cloud Adobe | Inform\u00e1tica &amp; Servidores | Softwares de Gest\u00e3o ERP | Gaming Hardware | UPS e Baterias &amp; Muito Mais...\" \/>\n<meta property=\"og:url\" content=\"https:\/\/cyberlogics.ao\/index.php\/product\/dell-r740-enterprise-level-2u-rack-emc-server-r740xd-4208-4210-16g-2tb-storage-server\/\" \/>\n<meta property=\"og:site_name\" content=\"Cyberlogics Technologies Angola\" \/>\n<meta property=\"article:modified_time\" content=\"2022-06-23T14:00:37+00:00\" \/>\n<meta property=\"og:image\" content=\"https:\/\/cyberlogics.ao\/wp-content\/uploads\/2022\/06\/dell-3.png\" \/>\n\t<meta property=\"og:image:width\" content=\"802\" \/>\n\t<meta property=\"og:image:height\" content=\"640\" \/>\n\t<meta property=\"og:image:type\" content=\"image\/png\" \/>\n<meta name=\"twitter:card\" content=\"summary_large_image\" \/>\n<meta name=\"twitter:label1\" content=\"Tempo estimado de leitura\" \/>\n\t<meta name=\"twitter:data1\" content=\"1 minuto\" \/>\n<script type=\"application\/ld+json\" class=\"yoast-schema-graph\">{\"@context\":\"https:\\\/\\\/schema.org\",\"@graph\":[{\"@type\":\"WebPage\",\"@id\":\"https:\\\/\\\/cyberlogics.ao\\\/index.php\\\/product\\\/dell-r740-enterprise-level-2u-rack-emc-server-r740xd-4208-4210-16g-2tb-storage-server\\\/\",\"url\":\"https:\\\/\\\/cyberlogics.ao\\\/index.php\\\/product\\\/dell-r740-enterprise-level-2u-rack-emc-server-r740xd-4208-4210-16g-2tb-storage-server\\\/\",\"name\":\"DELL R740 enterprise level 2U Rack EMC Server R740XD 4208 4210 16G 2TB Storage Server - Cyberlogics Technologies Angola\",\"isPartOf\":{\"@id\":\"https:\\\/\\\/cyberlogics.ao\\\/#website\"},\"primaryImageOfPage\":{\"@id\":\"https:\\\/\\\/cyberlogics.ao\\\/index.php\\\/product\\\/dell-r740-enterprise-level-2u-rack-emc-server-r740xd-4208-4210-16g-2tb-storage-server\\\/#primaryimage\"},\"image\":{\"@id\":\"https:\\\/\\\/cyberlogics.ao\\\/index.php\\\/product\\\/dell-r740-enterprise-level-2u-rack-emc-server-r740xd-4208-4210-16g-2tb-storage-server\\\/#primaryimage\"},\"thumbnailUrl\":\"https:\\\/\\\/cyberlogics.ao\\\/wp-content\\\/uploads\\\/2022\\\/06\\\/dell-3.png\",\"datePublished\":\"2022-06-23T14:00:36+00:00\",\"dateModified\":\"2022-06-23T14:00:37+00:00\",\"description\":\"A Maior Loja Online de Angola de Licen\u00e7as Microsoft Office | Chaves Sistemas Operativos Windows | Antiv\u00edrus | Cloud Adobe | Inform\u00e1tica & Servidores | Softwares de Gest\u00e3o ERP | Gaming Hardware | UPS e Baterias & Muito Mais...\",\"breadcrumb\":{\"@id\":\"https:\\\/\\\/cyberlogics.ao\\\/index.php\\\/product\\\/dell-r740-enterprise-level-2u-rack-emc-server-r740xd-4208-4210-16g-2tb-storage-server\\\/#breadcrumb\"},\"inLanguage\":\"pt-PT\",\"potentialAction\":[{\"@type\":\"ReadAction\",\"target\":[\"https:\\\/\\\/cyberlogics.ao\\\/index.php\\\/product\\\/dell-r740-enterprise-level-2u-rack-emc-server-r740xd-4208-4210-16g-2tb-storage-server\\\/\"]}]},{\"@type\":\"ImageObject\",\"inLanguage\":\"pt-PT\",\"@id\":\"https:\\\/\\\/cyberlogics.ao\\\/index.php\\\/product\\\/dell-r740-enterprise-level-2u-rack-emc-server-r740xd-4208-4210-16g-2tb-storage-server\\\/#primaryimage\",\"url\":\"https:\\\/\\\/cyberlogics.ao\\\/wp-content\\\/uploads\\\/2022\\\/06\\\/dell-3.png\",\"contentUrl\":\"https:\\\/\\\/cyberlogics.ao\\\/wp-content\\\/uploads\\\/2022\\\/06\\\/dell-3.png\",\"width\":802,\"height\":640},{\"@type\":\"BreadcrumbList\",\"@id\":\"https:\\\/\\\/cyberlogics.ao\\\/index.php\\\/product\\\/dell-r740-enterprise-level-2u-rack-emc-server-r740xd-4208-4210-16g-2tb-storage-server\\\/#breadcrumb\",\"itemListElement\":[{\"@type\":\"ListItem\",\"position\":1,\"name\":\"In\u00edcio\",\"item\":\"https:\\\/\\\/cyberlogics.ao\\\/\"},{\"@type\":\"ListItem\",\"position\":2,\"name\":\"Produtos\",\"item\":\"https:\\\/\\\/cyberlogics.ao\\\/index.php\\\/shop-2\\\/\"},{\"@type\":\"ListItem\",\"position\":3,\"name\":\"DELL R740 enterprise level 2U Rack EMC Server R740XD 4208 4210 16G 2TB Storage Server\"}]},{\"@type\":\"WebSite\",\"@id\":\"https:\\\/\\\/cyberlogics.ao\\\/#website\",\"url\":\"https:\\\/\\\/cyberlogics.ao\\\/\",\"name\":\"Cyberlogics Technologies Angola\",\"description\":\"Loja Online de Licen\u00e7as de Softwares e Inform\u00e1tica\",\"publisher\":{\"@id\":\"https:\\\/\\\/cyberlogics.ao\\\/#organization\"},\"potentialAction\":[{\"@type\":\"SearchAction\",\"target\":{\"@type\":\"EntryPoint\",\"urlTemplate\":\"https:\\\/\\\/cyberlogics.ao\\\/?s={search_term_string}\"},\"query-input\":{\"@type\":\"PropertyValueSpecification\",\"valueRequired\":true,\"valueName\":\"search_term_string\"}}],\"inLanguage\":\"pt-PT\"},{\"@type\":\"Organization\",\"@id\":\"https:\\\/\\\/cyberlogics.ao\\\/#organization\",\"name\":\"Cyberlogics Ao Technologies - Loja Online de Licen\u00e7as de Softwares e Inform\u00e1tica\",\"url\":\"https:\\\/\\\/cyberlogics.ao\\\/\",\"logo\":{\"@type\":\"ImageObject\",\"inLanguage\":\"pt-PT\",\"@id\":\"https:\\\/\\\/cyberlogics.ao\\\/#\\\/schema\\\/logo\\\/image\\\/\",\"url\":\"https:\\\/\\\/cyberlogics.ao\\\/wp-content\\\/uploads\\\/2022\\\/04\\\/CT-logo.png\",\"contentUrl\":\"https:\\\/\\\/cyberlogics.ao\\\/wp-content\\\/uploads\\\/2022\\\/04\\\/CT-logo.png\",\"width\":190,\"height\":75,\"caption\":\"Cyberlogics Ao Technologies - Loja Online de Licen\u00e7as de Softwares e Inform\u00e1tica\"},\"image\":{\"@id\":\"https:\\\/\\\/cyberlogics.ao\\\/#\\\/schema\\\/logo\\\/image\\\/\"}}]}<\/script>\n<!-- \/ Yoast SEO plugin. -->","yoast_head_json":{"title":"DELL R740 enterprise level 2U Rack EMC Server R740XD 4208 4210 16G 2TB Storage Server - Cyberlogics Technologies Angola","description":"A Maior Loja Online de Angola de Licen\u00e7as Microsoft Office | Chaves Sistemas Operativos Windows | Antiv\u00edrus | Cloud Adobe | Inform\u00e1tica & Servidores | Softwares de Gest\u00e3o ERP | Gaming Hardware | UPS e Baterias & Muito Mais...","robots":{"index":"index","follow":"follow","max-snippet":"max-snippet:-1","max-image-preview":"max-image-preview:large","max-video-preview":"max-video-preview:-1"},"canonical":"https:\/\/cyberlogics.ao\/index.php\/product\/dell-r740-enterprise-level-2u-rack-emc-server-r740xd-4208-4210-16g-2tb-storage-server\/","og_locale":"pt_PT","og_type":"article","og_title":"DELL R740 enterprise level 2U Rack EMC Server R740XD 4208 4210 16G 2TB Storage Server - Cyberlogics Technologies Angola","og_description":"A Maior Loja Online de Angola de Licen\u00e7as Microsoft Office | Chaves Sistemas Operativos Windows | Antiv\u00edrus | Cloud Adobe | Inform\u00e1tica & Servidores | Softwares de Gest\u00e3o ERP | Gaming Hardware | UPS e Baterias & Muito Mais...","og_url":"https:\/\/cyberlogics.ao\/index.php\/product\/dell-r740-enterprise-level-2u-rack-emc-server-r740xd-4208-4210-16g-2tb-storage-server\/","og_site_name":"Cyberlogics Technologies Angola","article_modified_time":"2022-06-23T14:00:37+00:00","og_image":[{"width":802,"height":640,"url":"https:\/\/cyberlogics.ao\/wp-content\/uploads\/2022\/06\/dell-3.png","type":"image\/png"}],"twitter_card":"summary_large_image","twitter_misc":{"Tempo estimado de leitura":"1 minuto"},"schema":{"@context":"https:\/\/schema.org","@graph":[{"@type":"WebPage","@id":"https:\/\/cyberlogics.ao\/index.php\/product\/dell-r740-enterprise-level-2u-rack-emc-server-r740xd-4208-4210-16g-2tb-storage-server\/","url":"https:\/\/cyberlogics.ao\/index.php\/product\/dell-r740-enterprise-level-2u-rack-emc-server-r740xd-4208-4210-16g-2tb-storage-server\/","name":"DELL R740 enterprise level 2U Rack EMC Server R740XD 4208 4210 16G 2TB Storage Server - Cyberlogics Technologies Angola","isPartOf":{"@id":"https:\/\/cyberlogics.ao\/#website"},"primaryImageOfPage":{"@id":"https:\/\/cyberlogics.ao\/index.php\/product\/dell-r740-enterprise-level-2u-rack-emc-server-r740xd-4208-4210-16g-2tb-storage-server\/#primaryimage"},"image":{"@id":"https:\/\/cyberlogics.ao\/index.php\/product\/dell-r740-enterprise-level-2u-rack-emc-server-r740xd-4208-4210-16g-2tb-storage-server\/#primaryimage"},"thumbnailUrl":"https:\/\/cyberlogics.ao\/wp-content\/uploads\/2022\/06\/dell-3.png","datePublished":"2022-06-23T14:00:36+00:00","dateModified":"2022-06-23T14:00:37+00:00","description":"A Maior Loja Online de Angola de Licen\u00e7as Microsoft Office | Chaves Sistemas Operativos Windows | Antiv\u00edrus | Cloud Adobe | Inform\u00e1tica & Servidores | Softwares de Gest\u00e3o ERP | Gaming Hardware | UPS e Baterias & Muito Mais...","breadcrumb":{"@id":"https:\/\/cyberlogics.ao\/index.php\/product\/dell-r740-enterprise-level-2u-rack-emc-server-r740xd-4208-4210-16g-2tb-storage-server\/#breadcrumb"},"inLanguage":"pt-PT","potentialAction":[{"@type":"ReadAction","target":["https:\/\/cyberlogics.ao\/index.php\/product\/dell-r740-enterprise-level-2u-rack-emc-server-r740xd-4208-4210-16g-2tb-storage-server\/"]}]},{"@type":"ImageObject","inLanguage":"pt-PT","@id":"https:\/\/cyberlogics.ao\/index.php\/product\/dell-r740-enterprise-level-2u-rack-emc-server-r740xd-4208-4210-16g-2tb-storage-server\/#primaryimage","url":"https:\/\/cyberlogics.ao\/wp-content\/uploads\/2022\/06\/dell-3.png","contentUrl":"https:\/\/cyberlogics.ao\/wp-content\/uploads\/2022\/06\/dell-3.png","width":802,"height":640},{"@type":"BreadcrumbList","@id":"https:\/\/cyberlogics.ao\/index.php\/product\/dell-r740-enterprise-level-2u-rack-emc-server-r740xd-4208-4210-16g-2tb-storage-server\/#breadcrumb","itemListElement":[{"@type":"ListItem","position":1,"name":"In\u00edcio","item":"https:\/\/cyberlogics.ao\/"},{"@type":"ListItem","position":2,"name":"Produtos","item":"https:\/\/cyberlogics.ao\/index.php\/shop-2\/"},{"@type":"ListItem","position":3,"name":"DELL R740 enterprise level 2U Rack EMC Server R740XD 4208 4210 16G 2TB Storage Server"}]},{"@type":"WebSite","@id":"https:\/\/cyberlogics.ao\/#website","url":"https:\/\/cyberlogics.ao\/","name":"Cyberlogics Technologies Angola","description":"Loja Online de Licen\u00e7as de Softwares e Inform\u00e1tica","publisher":{"@id":"https:\/\/cyberlogics.ao\/#organization"},"potentialAction":[{"@type":"SearchAction","target":{"@type":"EntryPoint","urlTemplate":"https:\/\/cyberlogics.ao\/?s={search_term_string}"},"query-input":{"@type":"PropertyValueSpecification","valueRequired":true,"valueName":"search_term_string"}}],"inLanguage":"pt-PT"},{"@type":"Organization","@id":"https:\/\/cyberlogics.ao\/#organization","name":"Cyberlogics Ao Technologies - Loja Online de Licen\u00e7as de Softwares e Inform\u00e1tica","url":"https:\/\/cyberlogics.ao\/","logo":{"@type":"ImageObject","inLanguage":"pt-PT","@id":"https:\/\/cyberlogics.ao\/#\/schema\/logo\/image\/","url":"https:\/\/cyberlogics.ao\/wp-content\/uploads\/2022\/04\/CT-logo.png","contentUrl":"https:\/\/cyberlogics.ao\/wp-content\/uploads\/2022\/04\/CT-logo.png","width":190,"height":75,"caption":"Cyberlogics Ao Technologies - Loja Online de Licen\u00e7as de Softwares e Inform\u00e1tica"},"image":{"@id":"https:\/\/cyberlogics.ao\/#\/schema\/logo\/image\/"}}]}},"_links":{"self":[{"href":"https:\/\/cyberlogics.ao\/index.php\/wp-json\/wp\/v2\/product\/6988","targetHints":{"allow":["GET"]}}],"collection":[{"href":"https:\/\/cyberlogics.ao\/index.php\/wp-json\/wp\/v2\/product"}],"about":[{"href":"https:\/\/cyberlogics.ao\/index.php\/wp-json\/wp\/v2\/types\/product"}],"replies":[{"embeddable":true,"href":"https:\/\/cyberlogics.ao\/index.php\/wp-json\/wp\/v2\/comments?post=6988"}],"wp:featuredmedia":[{"embeddable":true,"href":"https:\/\/cyberlogics.ao\/index.php\/wp-json\/wp\/v2\/media\/6989"}],"wp:attachment":[{"href":"https:\/\/cyberlogics.ao\/index.php\/wp-json\/wp\/v2\/media?parent=6988"}],"wp:term":[{"taxonomy":"product_brand","embeddable":true,"href":"https:\/\/cyberlogics.ao\/index.php\/wp-json\/wp\/v2\/product_brand?post=6988"},{"taxonomy":"product_cat","embeddable":true,"href":"https:\/\/cyberlogics.ao\/index.php\/wp-json\/wp\/v2\/product_cat?post=6988"},{"taxonomy":"product_tag","embeddable":true,"href":"https:\/\/cyberlogics.ao\/index.php\/wp-json\/wp\/v2\/product_tag?post=6988"}],"curies":[{"name":"wp","href":"https:\/\/api.w.org\/{rel}","templated":true}]}}