{"id":6993,"date":"2022-06-23T14:07:40","date_gmt":"2022-06-23T14:07:40","guid":{"rendered":"https:\/\/cyberlogics.ao\/?post_type=product&#038;p=6993"},"modified":"2022-06-23T14:08:10","modified_gmt":"2022-06-23T14:08:10","slug":"hpe-proliant-computer-server-cpu-server-xeon-6250-tower-ml350-gen10","status":"publish","type":"product","link":"https:\/\/cyberlogics.ao\/index.php\/product\/hpe-proliant-computer-server-cpu-server-xeon-6250-tower-ml350-gen10\/","title":{"rendered":"HPE proliant computer server cpu server xeon 6250 tower ML350 Gen10"},"content":{"rendered":"<div class=\"J_module\">\n<div class=\"icbu-pc-images magic-0\">\n<div>\n<div class=\"flex-layout-v\">\n<div class=\"flex-layout-h magic-0\">\n<div class=\"magic-1\"><img decoding=\"async\" class=\"magic-2\" src=\"https:\/\/s.alicdn.com\/@sc04\/kf\/H6f2f5008fb12400e824891cbe611c450r\/248303337\/H6f2f5008fb12400e824891cbe611c450r.jpg?quality=close\" data-src=\"\/\/s.alicdn.com\/@sc04\/kf\/H6f2f5008fb12400e824891cbe611c450r\/248303337\/H6f2f5008fb12400e824891cbe611c450r.jpg?quality=close\" \/><\/div>\n<\/div>\n<\/div>\n<\/div>\n<\/div>\n<\/div>\n<div class=\"J_module\">\n<div id=\"ali-anchor-AliMagic-wr8j1l\" class=\"magic-3\" data-section=\"AliMagic-wr8j1l\" data-section-title=\"Product Application\">Product Application<\/div>\n<\/div>\n<div class=\"J_module\">\n<div class=\"ife-detail-decorate-table\">\n<table class=\"all magic-4\">\n<tbody>\n<tr>\n<td colspan=\"1\" rowspan=\"1\">\n<div class=\"magic-5\">PRODUCT INFORMATION<\/div>\n<\/td>\n<td colspan=\"1\" rowspan=\"1\">\n<div class=\"magic-6\">ML350 GEN10<\/div>\n<\/td>\n<td colspan=\"1\" rowspan=\"1\">\n<div class=\"magic-7\">ML350 GEN10<\/div>\n<\/td>\n<\/tr>\n<tr>\n<td colspan=\"1\" rowspan=\"1\">\n<div class=\"magic-5\">PROCESSOR<\/div>\n<\/td>\n<td colspan=\"1\" rowspan=\"1\">\n<div class=\"magic-6\">V4 E5-2600 SERIES<\/div>\n<\/td>\n<td colspan=\"1\" rowspan=\"1\">\n<div class=\"magic-7\">XEN SP EXTENSIBLE SERIES PROCESSOR<\/div>\n<\/td>\n<\/tr>\n<tr>\n<td colspan=\"1\" rowspan=\"1\">\n<div class=\"magic-5\">MEMORY<\/div>\n<\/td>\n<td colspan=\"1\" rowspan=\"1\">\n<div class=\"magic-6\">SUPPORT THE DDR4 2400 SLOTS(24)<\/div>\n<\/td>\n<td colspan=\"1\" rowspan=\"1\">\n<div class=\"magic-7\">SUPPORT THE DDR4 2666 SLOTS(24)<\/div>\n<\/td>\n<\/tr>\n<tr>\n<td colspan=\"1\" rowspan=\"1\">\n<div class=\"magic-5\">HARD DISK<\/div>\n<\/td>\n<td colspan=\"1\" rowspan=\"1\">\n<div class=\"magic-6\">EITGHT 3.5 DISC BIT 12 3.5 PLATE(OPTIONAL)<\/div>\n<\/td>\n<td colspan=\"1\" rowspan=\"1\">\n<div class=\"magic-7\">EITGHT 3.5 SET A 12 3.5 PLATE(OPTIONAL)<\/div>\n<\/td>\n<\/tr>\n<tr>\n<td colspan=\"1\" rowspan=\"1\">\n<div class=\"magic-5\">ARRAY CARD<\/div>\n<\/td>\n<td colspan=\"1\" rowspan=\"1\">\n<div class=\"magic-6\">P440AR ARRAY CARD<\/div>\n<\/td>\n<td colspan=\"1\" rowspan=\"1\">\n<div class=\"magic-7\">OPTIONAL ACCORDING TO:\/P408I-A\/P816 ARRAY<\/div>\n<\/td>\n<\/tr>\n<tr>\n<td colspan=\"1\" rowspan=\"1\">\n<div class=\"magic-5\">CHIPSET<\/div>\n<\/td>\n<td colspan=\"1\" rowspan=\"1\">\n<div class=\"magic-6\">INTEL C610 SERIES<\/div>\n<\/td>\n<td colspan=\"1\" rowspan=\"1\">\n<div class=\"magic-7\">INTEL C621 SERIES<\/div>\n<\/td>\n<\/tr>\n<tr>\n<td colspan=\"1\" rowspan=\"1\">\n<div class=\"magic-5\">NIC<\/div>\n<\/td>\n<td colspan=\"1\" rowspan=\"1\">\n<div class=\"magic-6\">BROADCOM 5.72 TRI LLION NIC(DOUBLE)<\/div>\n<\/td>\n<td colspan=\"1\" rowspan=\"1\">\n<div class=\"magic-7\">THE STANDARD FOUR GIGABIT NICS<\/div>\n<\/td>\n<\/tr>\n<tr>\n<td colspan=\"1\" rowspan=\"1\">\n<div class=\"magic-5\">EXPANSION SLOT<\/div>\n<\/td>\n<td colspan=\"1\" rowspan=\"1\">\n<div class=\"magic-6\">EIGHT PCLE 3.0 SLOT<\/div>\n<\/td>\n<td colspan=\"1\" rowspan=\"1\">\n<div class=\"magic-7\">UP TO 8 PCLE 3.0 SLOTS<\/div>\n<\/td>\n<\/tr>\n<tr>\n<td colspan=\"1\" rowspan=\"1\">\n<div class=\"magic-5\">POWER SUPPLY<\/div>\n<\/td>\n<td colspan=\"1\" rowspan=\"1\">\n<div class=\"magic-6\">495 W POWER SUPPLY CABLE,OPTIONAL HOT PLUG POWER SUPLLY<\/div>\n<\/td>\n<td colspan=\"1\" rowspan=\"1\">\n<div class=\"magic-7\">500W\/800W 1600W CAN I<\/div>\n<\/td>\n<\/tr>\n<tr>\n<td colspan=\"1\" rowspan=\"1\">\n<div class=\"magic-5\">WARRANTY<\/div>\n<\/td>\n<td colspan=\"1\" rowspan=\"1\">\n<div class=\"magic-6\">THREE YEARS THE COI NSURANCE DOOR-TO-DOOR SERVICE THROU GHOUT THE COUNTRY<\/div>\n<\/td>\n<td colspan=\"1\" rowspan=\"1\">\n<div class=\"magic-7\">\u00a0THREE YEARS THE COI NSURANCE DOOR-TO-DOOR SERVICE THROU GHOUT THE COUNTRY<\/div>\n<\/td>\n<\/tr>\n<\/tbody>\n<\/table>\n<\/div>\n<\/div>\n<div class=\"J_module\">\n<div class=\"icbu-pc-images magic-0\">\n<div>\n<div class=\"flex-layout-v\">\n<div class=\"flex-layout-h magic-0\">\n<div class=\"magic-8\"><img decoding=\"async\" class=\"magic-9\" src=\"https:\/\/s.alicdn.com\/@sc04\/kf\/Haf896797130b4a36b1cbedc4427392e8X\/248303337\/Haf896797130b4a36b1cbedc4427392e8X.jpg?quality=close\" data-src=\"\/\/s.alicdn.com\/@sc04\/kf\/Haf896797130b4a36b1cbedc4427392e8X\/248303337\/Haf896797130b4a36b1cbedc4427392e8X.jpg?quality=close\" \/><\/div>\n<\/div>\n<\/div>\n<\/div>\n<\/div>\n<\/div>\n<div class=\"J_module\">\n<div id=\"ali-anchor-AliMagic-uwif5m\" class=\"magic-3\" data-section=\"AliMagic-uwif5m\" data-section-title=\"Why Choose Us\">Why Choose Us<\/div>\n<\/div>\n<div class=\"J_module\">\n<div class=\"icbu-pc-images magic-0\">\n<div>\n<div class=\"flex-layout-v\">\n<div class=\"flex-layout-h magic-0\">\n<div class=\"magic-10\"><img decoding=\"async\" class=\"magic-11\" src=\"https:\/\/s.alicdn.com\/@sc04\/kf\/H8f398c0c128f409bb6a506ed2aacc3bab\/248303337\/H8f398c0c128f409bb6a506ed2aacc3bab.jpg?quality=close\" data-src=\"\/\/s.alicdn.com\/@sc04\/kf\/H8f398c0c128f409bb6a506ed2aacc3bab\/248303337\/H8f398c0c128f409bb6a506ed2aacc3bab.jpg?quality=close\" \/><\/div>\n<\/div>\n<\/div>\n<\/div>\n<\/div>\n<\/div>\n<div class=\"J_module\">\n<div class=\"icbu-pc-images magic-0\">\n<div>\n<div class=\"flex-layout-v\">\n<div class=\"flex-layout-h magic-0\">\n<div class=\"magic-12\"><img decoding=\"async\" class=\"magic-13\" src=\"https:\/\/s.alicdn.com\/@sc04\/kf\/H041bdad99915477c81d0b5845f2a8cfcJ\/248303337\/H041bdad99915477c81d0b5845f2a8cfcJ.jpg?quality=close\" data-src=\"\/\/s.alicdn.com\/@sc04\/kf\/H041bdad99915477c81d0b5845f2a8cfcJ\/248303337\/H041bdad99915477c81d0b5845f2a8cfcJ.jpg?quality=close\" \/><\/div>\n<\/div>\n<\/div>\n<\/div>\n<\/div>\n<\/div>\n<div class=\"J_module\">\n<div class=\"icbu-pc-images magic-0\">\n<div>\n<div class=\"flex-layout-v\">\n<div class=\"flex-layout-h magic-0\">\n<div class=\"magic-14\"><img decoding=\"async\" class=\"magic-15\" src=\"https:\/\/s.alicdn.com\/@sc04\/kf\/He256d07e4d764dc98e4fe54c5d5b39d99\/248303337\/He256d07e4d764dc98e4fe54c5d5b39d99.jpg?quality=close\" data-src=\"\/\/s.alicdn.com\/@sc04\/kf\/He256d07e4d764dc98e4fe54c5d5b39d99\/248303337\/He256d07e4d764dc98e4fe54c5d5b39d99.jpg?quality=close\" \/><\/div>\n<\/div>\n<\/div>\n<\/div>\n<\/div>\n<\/div>\n<div class=\"J_module\">\n<div class=\"icbu-pc-images magic-0\">\n<div>\n<div class=\"flex-layout-v\">\n<div class=\"flex-layout-h magic-0\">\n<div class=\"magic-16\"><img decoding=\"async\" class=\"magic-17\" src=\"https:\/\/s.alicdn.com\/@sc04\/kf\/H49028bcd21414d0398d02c747acb65b09\/248303337\/H49028bcd21414d0398d02c747acb65b09.jpg?quality=close\" data-src=\"\/\/s.alicdn.com\/@sc04\/kf\/H49028bcd21414d0398d02c747acb65b09\/248303337\/H49028bcd21414d0398d02c747acb65b09.jpg?quality=close\" \/><\/div>\n<\/div>\n<\/div>\n<\/div>\n<\/div>\n<\/div>\n<div class=\"J_module\">\n<div class=\"icbu-pc-images magic-0\">\n<div>\n<div class=\"flex-layout-v\">\n<div class=\"flex-layout-h magic-0\">\n<div class=\"magic-18\"><img decoding=\"async\" class=\"magic-19\" src=\"https:\/\/s.alicdn.com\/@sc04\/kf\/H5e5a998a0b4f4b86a298c10c43d6d441w\/248303337\/H5e5a998a0b4f4b86a298c10c43d6d441w.jpg?quality=close\" data-src=\"\/\/s.alicdn.com\/@sc04\/kf\/H5e5a998a0b4f4b86a298c10c43d6d441w\/248303337\/H5e5a998a0b4f4b86a298c10c43d6d441w.jpg?quality=close\" data-spm-anchor-id=\"a2700.details.0.i30.104bad23BpAaxv\" \/><\/div>\n<\/div>\n<\/div>\n<\/div>\n<\/div>\n<\/div>\n<div class=\"J_module\">\n<div id=\"ali-anchor-AliMagic-osgxcc\" class=\"magic-3\" data-section=\"AliMagic-osgxcc\" data-section-title=\"Recommend Products\"><\/div>\n<\/div>\n","protected":false},"excerpt":{"rendered":"<p>Product Application PRODUCT INFORMATION ML350 GEN10 ML350 GEN10 PROCESSOR V4 E5-2600 SERIES XEN SP EXTENSIBLE SERIES PROCESSOR MEMORY SUPPORT THE DDR4 2400 SLOTS(24) SUPPORT THE DDR4 2666 SLOTS(24) HARD DISK<\/p>\n","protected":false},"featured_media":6994,"comment_status":"open","ping_status":"closed","template":"","meta":{"_joinchat":[]},"product_brand":[],"product_cat":[115,15],"product_tag":[],"class_list":{"0":"post-6993","1":"product","2":"type-product","3":"status-publish","4":"has-post-thumbnail","6":"product_cat-servidores","7":"product_cat-uncategorized","9":"first","10":"instock","11":"shipping-taxable","12":"product-type-simple"},"yoast_head":"<!-- This site is optimized with the Yoast SEO plugin v27.4 - https:\/\/yoast.com\/product\/yoast-seo-wordpress\/ -->\n<title>HPE proliant computer server cpu server xeon 6250 tower ML350 Gen10 - Cyberlogics Technologies Angola<\/title>\n<meta name=\"description\" content=\"A Maior Loja Online de Angola de Licen\u00e7as Microsoft Office | Chaves Sistemas Operativos Windows | Antiv\u00edrus | Cloud Adobe | Inform\u00e1tica &amp; Servidores | Softwares de Gest\u00e3o ERP | Gaming Hardware | UPS e Baterias &amp; Muito Mais...\" \/>\n<meta name=\"robots\" content=\"index, follow, max-snippet:-1, max-image-preview:large, max-video-preview:-1\" \/>\n<link rel=\"canonical\" href=\"https:\/\/cyberlogics.ao\/index.php\/product\/hpe-proliant-computer-server-cpu-server-xeon-6250-tower-ml350-gen10\/\" \/>\n<meta property=\"og:locale\" content=\"pt_PT\" \/>\n<meta property=\"og:type\" content=\"article\" \/>\n<meta property=\"og:title\" content=\"HPE proliant computer server cpu server xeon 6250 tower ML350 Gen10 - Cyberlogics Technologies Angola\" \/>\n<meta property=\"og:description\" content=\"A Maior Loja Online de Angola de Licen\u00e7as Microsoft Office | Chaves Sistemas Operativos Windows | Antiv\u00edrus | Cloud Adobe | Inform\u00e1tica &amp; Servidores | Softwares de Gest\u00e3o ERP | Gaming Hardware | UPS e Baterias &amp; Muito Mais...\" \/>\n<meta property=\"og:url\" content=\"https:\/\/cyberlogics.ao\/index.php\/product\/hpe-proliant-computer-server-cpu-server-xeon-6250-tower-ml350-gen10\/\" \/>\n<meta property=\"og:site_name\" content=\"Cyberlogics Technologies Angola\" \/>\n<meta property=\"article:modified_time\" content=\"2022-06-23T14:08:10+00:00\" \/>\n<meta property=\"og:image\" content=\"https:\/\/cyberlogics.ao\/wp-content\/uploads\/2022\/06\/HPE3.jpg\" \/>\n\t<meta property=\"og:image:width\" content=\"750\" \/>\n\t<meta property=\"og:image:height\" content=\"750\" \/>\n\t<meta property=\"og:image:type\" content=\"image\/jpeg\" \/>\n<meta name=\"twitter:card\" content=\"summary_large_image\" \/>\n<meta name=\"twitter:label1\" content=\"Tempo estimado de leitura\" \/>\n\t<meta name=\"twitter:data1\" content=\"1 minuto\" \/>\n<script type=\"application\/ld+json\" class=\"yoast-schema-graph\">{\"@context\":\"https:\\\/\\\/schema.org\",\"@graph\":[{\"@type\":\"WebPage\",\"@id\":\"https:\\\/\\\/cyberlogics.ao\\\/index.php\\\/product\\\/hpe-proliant-computer-server-cpu-server-xeon-6250-tower-ml350-gen10\\\/\",\"url\":\"https:\\\/\\\/cyberlogics.ao\\\/index.php\\\/product\\\/hpe-proliant-computer-server-cpu-server-xeon-6250-tower-ml350-gen10\\\/\",\"name\":\"HPE proliant computer server cpu server xeon 6250 tower ML350 Gen10 - Cyberlogics Technologies Angola\",\"isPartOf\":{\"@id\":\"https:\\\/\\\/cyberlogics.ao\\\/#website\"},\"primaryImageOfPage\":{\"@id\":\"https:\\\/\\\/cyberlogics.ao\\\/index.php\\\/product\\\/hpe-proliant-computer-server-cpu-server-xeon-6250-tower-ml350-gen10\\\/#primaryimage\"},\"image\":{\"@id\":\"https:\\\/\\\/cyberlogics.ao\\\/index.php\\\/product\\\/hpe-proliant-computer-server-cpu-server-xeon-6250-tower-ml350-gen10\\\/#primaryimage\"},\"thumbnailUrl\":\"https:\\\/\\\/cyberlogics.ao\\\/wp-content\\\/uploads\\\/2022\\\/06\\\/HPE3.jpg\",\"datePublished\":\"2022-06-23T14:07:40+00:00\",\"dateModified\":\"2022-06-23T14:08:10+00:00\",\"description\":\"A Maior Loja Online de Angola de Licen\u00e7as Microsoft Office | Chaves Sistemas Operativos Windows | Antiv\u00edrus | Cloud Adobe | Inform\u00e1tica & Servidores | Softwares de Gest\u00e3o ERP | Gaming Hardware | UPS e Baterias & Muito Mais...\",\"breadcrumb\":{\"@id\":\"https:\\\/\\\/cyberlogics.ao\\\/index.php\\\/product\\\/hpe-proliant-computer-server-cpu-server-xeon-6250-tower-ml350-gen10\\\/#breadcrumb\"},\"inLanguage\":\"pt-PT\",\"potentialAction\":[{\"@type\":\"ReadAction\",\"target\":[\"https:\\\/\\\/cyberlogics.ao\\\/index.php\\\/product\\\/hpe-proliant-computer-server-cpu-server-xeon-6250-tower-ml350-gen10\\\/\"]}]},{\"@type\":\"ImageObject\",\"inLanguage\":\"pt-PT\",\"@id\":\"https:\\\/\\\/cyberlogics.ao\\\/index.php\\\/product\\\/hpe-proliant-computer-server-cpu-server-xeon-6250-tower-ml350-gen10\\\/#primaryimage\",\"url\":\"https:\\\/\\\/cyberlogics.ao\\\/wp-content\\\/uploads\\\/2022\\\/06\\\/HPE3.jpg\",\"contentUrl\":\"https:\\\/\\\/cyberlogics.ao\\\/wp-content\\\/uploads\\\/2022\\\/06\\\/HPE3.jpg\",\"width\":750,\"height\":750},{\"@type\":\"BreadcrumbList\",\"@id\":\"https:\\\/\\\/cyberlogics.ao\\\/index.php\\\/product\\\/hpe-proliant-computer-server-cpu-server-xeon-6250-tower-ml350-gen10\\\/#breadcrumb\",\"itemListElement\":[{\"@type\":\"ListItem\",\"position\":1,\"name\":\"In\u00edcio\",\"item\":\"https:\\\/\\\/cyberlogics.ao\\\/\"},{\"@type\":\"ListItem\",\"position\":2,\"name\":\"Produtos\",\"item\":\"https:\\\/\\\/cyberlogics.ao\\\/index.php\\\/shop-2\\\/\"},{\"@type\":\"ListItem\",\"position\":3,\"name\":\"HPE proliant computer server cpu server xeon 6250 tower ML350 Gen10\"}]},{\"@type\":\"WebSite\",\"@id\":\"https:\\\/\\\/cyberlogics.ao\\\/#website\",\"url\":\"https:\\\/\\\/cyberlogics.ao\\\/\",\"name\":\"Cyberlogics Technologies Angola\",\"description\":\"Loja Online de Licen\u00e7as de Softwares e Inform\u00e1tica\",\"publisher\":{\"@id\":\"https:\\\/\\\/cyberlogics.ao\\\/#organization\"},\"potentialAction\":[{\"@type\":\"SearchAction\",\"target\":{\"@type\":\"EntryPoint\",\"urlTemplate\":\"https:\\\/\\\/cyberlogics.ao\\\/?s={search_term_string}\"},\"query-input\":{\"@type\":\"PropertyValueSpecification\",\"valueRequired\":true,\"valueName\":\"search_term_string\"}}],\"inLanguage\":\"pt-PT\"},{\"@type\":\"Organization\",\"@id\":\"https:\\\/\\\/cyberlogics.ao\\\/#organization\",\"name\":\"Cyberlogics Ao Technologies - Loja Online de Licen\u00e7as de Softwares e Inform\u00e1tica\",\"url\":\"https:\\\/\\\/cyberlogics.ao\\\/\",\"logo\":{\"@type\":\"ImageObject\",\"inLanguage\":\"pt-PT\",\"@id\":\"https:\\\/\\\/cyberlogics.ao\\\/#\\\/schema\\\/logo\\\/image\\\/\",\"url\":\"https:\\\/\\\/cyberlogics.ao\\\/wp-content\\\/uploads\\\/2022\\\/04\\\/CT-logo.png\",\"contentUrl\":\"https:\\\/\\\/cyberlogics.ao\\\/wp-content\\\/uploads\\\/2022\\\/04\\\/CT-logo.png\",\"width\":190,\"height\":75,\"caption\":\"Cyberlogics Ao Technologies - Loja Online de Licen\u00e7as de Softwares e Inform\u00e1tica\"},\"image\":{\"@id\":\"https:\\\/\\\/cyberlogics.ao\\\/#\\\/schema\\\/logo\\\/image\\\/\"}}]}<\/script>\n<!-- \/ Yoast SEO plugin. -->","yoast_head_json":{"title":"HPE proliant computer server cpu server xeon 6250 tower ML350 Gen10 - Cyberlogics Technologies Angola","description":"A Maior Loja Online de Angola de Licen\u00e7as Microsoft Office | Chaves Sistemas Operativos Windows | Antiv\u00edrus | Cloud Adobe | Inform\u00e1tica & Servidores | Softwares de Gest\u00e3o ERP | Gaming Hardware | UPS e Baterias & Muito Mais...","robots":{"index":"index","follow":"follow","max-snippet":"max-snippet:-1","max-image-preview":"max-image-preview:large","max-video-preview":"max-video-preview:-1"},"canonical":"https:\/\/cyberlogics.ao\/index.php\/product\/hpe-proliant-computer-server-cpu-server-xeon-6250-tower-ml350-gen10\/","og_locale":"pt_PT","og_type":"article","og_title":"HPE proliant computer server cpu server xeon 6250 tower ML350 Gen10 - Cyberlogics Technologies Angola","og_description":"A Maior Loja Online de Angola de Licen\u00e7as Microsoft Office | Chaves Sistemas Operativos Windows | Antiv\u00edrus | Cloud Adobe | Inform\u00e1tica & Servidores | Softwares de Gest\u00e3o ERP | Gaming Hardware | UPS e Baterias & Muito Mais...","og_url":"https:\/\/cyberlogics.ao\/index.php\/product\/hpe-proliant-computer-server-cpu-server-xeon-6250-tower-ml350-gen10\/","og_site_name":"Cyberlogics Technologies Angola","article_modified_time":"2022-06-23T14:08:10+00:00","og_image":[{"width":750,"height":750,"url":"https:\/\/cyberlogics.ao\/wp-content\/uploads\/2022\/06\/HPE3.jpg","type":"image\/jpeg"}],"twitter_card":"summary_large_image","twitter_misc":{"Tempo estimado de leitura":"1 minuto"},"schema":{"@context":"https:\/\/schema.org","@graph":[{"@type":"WebPage","@id":"https:\/\/cyberlogics.ao\/index.php\/product\/hpe-proliant-computer-server-cpu-server-xeon-6250-tower-ml350-gen10\/","url":"https:\/\/cyberlogics.ao\/index.php\/product\/hpe-proliant-computer-server-cpu-server-xeon-6250-tower-ml350-gen10\/","name":"HPE proliant computer server cpu server xeon 6250 tower ML350 Gen10 - Cyberlogics Technologies Angola","isPartOf":{"@id":"https:\/\/cyberlogics.ao\/#website"},"primaryImageOfPage":{"@id":"https:\/\/cyberlogics.ao\/index.php\/product\/hpe-proliant-computer-server-cpu-server-xeon-6250-tower-ml350-gen10\/#primaryimage"},"image":{"@id":"https:\/\/cyberlogics.ao\/index.php\/product\/hpe-proliant-computer-server-cpu-server-xeon-6250-tower-ml350-gen10\/#primaryimage"},"thumbnailUrl":"https:\/\/cyberlogics.ao\/wp-content\/uploads\/2022\/06\/HPE3.jpg","datePublished":"2022-06-23T14:07:40+00:00","dateModified":"2022-06-23T14:08:10+00:00","description":"A Maior Loja Online de Angola de Licen\u00e7as Microsoft Office | Chaves Sistemas Operativos Windows | Antiv\u00edrus | Cloud Adobe | Inform\u00e1tica & Servidores | Softwares de Gest\u00e3o ERP | Gaming Hardware | UPS e Baterias & Muito Mais...","breadcrumb":{"@id":"https:\/\/cyberlogics.ao\/index.php\/product\/hpe-proliant-computer-server-cpu-server-xeon-6250-tower-ml350-gen10\/#breadcrumb"},"inLanguage":"pt-PT","potentialAction":[{"@type":"ReadAction","target":["https:\/\/cyberlogics.ao\/index.php\/product\/hpe-proliant-computer-server-cpu-server-xeon-6250-tower-ml350-gen10\/"]}]},{"@type":"ImageObject","inLanguage":"pt-PT","@id":"https:\/\/cyberlogics.ao\/index.php\/product\/hpe-proliant-computer-server-cpu-server-xeon-6250-tower-ml350-gen10\/#primaryimage","url":"https:\/\/cyberlogics.ao\/wp-content\/uploads\/2022\/06\/HPE3.jpg","contentUrl":"https:\/\/cyberlogics.ao\/wp-content\/uploads\/2022\/06\/HPE3.jpg","width":750,"height":750},{"@type":"BreadcrumbList","@id":"https:\/\/cyberlogics.ao\/index.php\/product\/hpe-proliant-computer-server-cpu-server-xeon-6250-tower-ml350-gen10\/#breadcrumb","itemListElement":[{"@type":"ListItem","position":1,"name":"In\u00edcio","item":"https:\/\/cyberlogics.ao\/"},{"@type":"ListItem","position":2,"name":"Produtos","item":"https:\/\/cyberlogics.ao\/index.php\/shop-2\/"},{"@type":"ListItem","position":3,"name":"HPE proliant computer server cpu server xeon 6250 tower ML350 Gen10"}]},{"@type":"WebSite","@id":"https:\/\/cyberlogics.ao\/#website","url":"https:\/\/cyberlogics.ao\/","name":"Cyberlogics Technologies Angola","description":"Loja Online de Licen\u00e7as de Softwares e Inform\u00e1tica","publisher":{"@id":"https:\/\/cyberlogics.ao\/#organization"},"potentialAction":[{"@type":"SearchAction","target":{"@type":"EntryPoint","urlTemplate":"https:\/\/cyberlogics.ao\/?s={search_term_string}"},"query-input":{"@type":"PropertyValueSpecification","valueRequired":true,"valueName":"search_term_string"}}],"inLanguage":"pt-PT"},{"@type":"Organization","@id":"https:\/\/cyberlogics.ao\/#organization","name":"Cyberlogics Ao Technologies - Loja Online de Licen\u00e7as de Softwares e Inform\u00e1tica","url":"https:\/\/cyberlogics.ao\/","logo":{"@type":"ImageObject","inLanguage":"pt-PT","@id":"https:\/\/cyberlogics.ao\/#\/schema\/logo\/image\/","url":"https:\/\/cyberlogics.ao\/wp-content\/uploads\/2022\/04\/CT-logo.png","contentUrl":"https:\/\/cyberlogics.ao\/wp-content\/uploads\/2022\/04\/CT-logo.png","width":190,"height":75,"caption":"Cyberlogics Ao Technologies - Loja Online de Licen\u00e7as de Softwares e Inform\u00e1tica"},"image":{"@id":"https:\/\/cyberlogics.ao\/#\/schema\/logo\/image\/"}}]}},"_links":{"self":[{"href":"https:\/\/cyberlogics.ao\/index.php\/wp-json\/wp\/v2\/product\/6993","targetHints":{"allow":["GET"]}}],"collection":[{"href":"https:\/\/cyberlogics.ao\/index.php\/wp-json\/wp\/v2\/product"}],"about":[{"href":"https:\/\/cyberlogics.ao\/index.php\/wp-json\/wp\/v2\/types\/product"}],"replies":[{"embeddable":true,"href":"https:\/\/cyberlogics.ao\/index.php\/wp-json\/wp\/v2\/comments?post=6993"}],"wp:featuredmedia":[{"embeddable":true,"href":"https:\/\/cyberlogics.ao\/index.php\/wp-json\/wp\/v2\/media\/6994"}],"wp:attachment":[{"href":"https:\/\/cyberlogics.ao\/index.php\/wp-json\/wp\/v2\/media?parent=6993"}],"wp:term":[{"taxonomy":"product_brand","embeddable":true,"href":"https:\/\/cyberlogics.ao\/index.php\/wp-json\/wp\/v2\/product_brand?post=6993"},{"taxonomy":"product_cat","embeddable":true,"href":"https:\/\/cyberlogics.ao\/index.php\/wp-json\/wp\/v2\/product_cat?post=6993"},{"taxonomy":"product_tag","embeddable":true,"href":"https:\/\/cyberlogics.ao\/index.php\/wp-json\/wp\/v2\/product_tag?post=6993"}],"curies":[{"name":"wp","href":"https:\/\/api.w.org\/{rel}","templated":true}]}}