{"id":7000,"date":"2022-06-23T15:46:22","date_gmt":"2022-06-23T15:46:22","guid":{"rendered":"https:\/\/cyberlogics.ao\/?post_type=product&#038;p=7000"},"modified":"2023-03-22T10:08:14","modified_gmt":"2023-03-22T10:08:14","slug":"servidores-dell-poweredge-r540-2u-computer-server","status":"publish","type":"product","link":"https:\/\/cyberlogics.ao\/index.php\/product\/servidores-dell-poweredge-r540-2u-computer-server\/","title":{"rendered":"Servidores Dell PowerEdge R540 2U computer server"},"content":{"rendered":"<div id=\"ali-anchor-AliPostDhMb-no8vb\" class=\"mceSectionContainer\" data-section-title=\"Product Description\" data-section=\"AliPostDhMb-no8vb\">\n<div>\n<p><span data-spm-anchor-id=\"a2700.wholesale.0.i28.257429f4IWpTu2\">The PowerEdge R540 delivers the ideal balance of resources and affordability to adapt to a variety of application demands.<\/span><\/p>\n<p>The PowerEdge R540 delivers the versatility and flexibility to power a variety of applications. With a balanced set of resources, expandability and affordability the R540 adapts to the demands of the modern data center with the ideal value optimized design. Automatically optimize performance with one button application tuning and scale for future demands with up to 14 3.5&#8243; drives. \u2022 Scale compute resources with 2nd Generation Intel\u00ae Xeon\u00ae Scalable processors, and tailor performance based on your unique workload requirements. \u2022 Automatically optimize application performance with one-button tuning. \u2022 Flexible storage with up to 14 3.5&#8243; drives. \u2022 Free up storage with boot optimized M.2 SSDs.<\/p>\n<p><img fetchpriority=\"high\" decoding=\"async\" src=\"http:\/\/s.alicdn.com\/@sc04\/kf\/Hacfc641dfbe146c0a355a456edf84dc1G\/251376501\/Hacfc641dfbe146c0a355a456edf84dc1G.jpg?quality=close\" alt=\"Brand new servidores Dell PowerEdge R540 2U computer server\" width=\"701\" height=\"701\" data-src=\"http:\/\/s.alicdn.com\/@sc04\/kf\/Hacfc641dfbe146c0a355a456edf84dc1G\/251376501\/Hacfc641dfbe146c0a355a456edf84dc1G.jpg?quality=close\" data-alt=\"Brand new servidores Dell PowerEdge R540 2U computer server\" data-width=\"701\" data-height=\"701\" \/><\/p>\n<\/div>\n<\/div>\n<div id=\"ali-anchor-AliPostDhMb-2a7ch\" class=\"mceSectionContainer\" data-section-title=\"Specification\" data-section=\"AliPostDhMb-2a7ch\">\n<div id=\"ali-title-AliPostDhMb-2a7ch\">Specification<\/div>\n<div>\n<p>&nbsp;<\/p>\n<table border=\"1\" width=\"683\" cellspacing=\"0\">\n<tbody>\n<tr>\n<td valign=\"top\">MODEL<\/td>\n<td valign=\"top\">Dell Poweredge R540<\/td>\n<\/tr>\n<tr>\n<td valign=\"top\">Processor<\/td>\n<td valign=\"top\">two 2nd Generation Intel\u00ae Xeon\u00ae Scalable processors<\/td>\n<\/tr>\n<tr>\n<td valign=\"top\">RAM<\/td>\n<td valign=\"top\">16 DDR4 DIMM slots<\/td>\n<\/tr>\n<tr>\n<td valign=\"top\">Drive bays<\/td>\n<td valign=\"top\">8 x 2.5&#8243; hot-plug SAS\/SATA (SSD) or 2 x 3.5&#8243; hot-plug SAS\/SATA<\/td>\n<\/tr>\n<tr>\n<td valign=\"top\">Storage controllers<\/td>\n<td valign=\"top\">internal Controllers: PERC H330, H730P, H740P,<\/td>\n<\/tr>\n<tr>\n<td valign=\"top\">Power supplies<\/td>\n<td valign=\"top\">495W Platinum<br \/>\n750W Platinum<br \/>\n1100W Platinum<\/td>\n<\/tr>\n<tr>\n<td valign=\"top\">Dimensions<\/td>\n<td valign=\"top\">2U Rack Server<\/td>\n<\/tr>\n<tr>\n<td valign=\"top\">Height X Width X Depth<\/td>\n<td valign=\"top\">86.8mm X 434.0mm X 703.76mm<\/td>\n<\/tr>\n<tr>\n<td valign=\"top\">Embedded management<\/td>\n<td valign=\"top\">iDRAC9<\/td>\n<\/tr>\n<tr>\n<td valign=\"top\">Bezel<\/td>\n<td valign=\"top\">Optional LCD Bezel or Security bezel<\/td>\n<\/tr>\n<tr>\n<td valign=\"top\">I\/O &amp; Ports<\/td>\n<td valign=\"top\">4 x 1GbE +2 x 10GbE + 2 x 1GbE+4 x 10GbE +2 x 25GbE<\/td>\n<\/tr>\n<tr>\n<td valign=\"top\">Slots<\/td>\n<td valign=\"top\">3 x Gen3 slots<\/td>\n<\/tr>\n<tr>\n<td valign=\"top\">Weight<\/td>\n<td valign=\"top\">30.6kg (63.0lbs)<\/td>\n<\/tr>\n<tr>\n<td valign=\"top\">Operating System<\/td>\n<td valign=\"top\">Microsoft\u00ae Windows Server\u00ae with Hyper-V<br \/>\nRed Hat\u00ae Enterprise Linux<br \/>\nSUSE\u00ae Linux Enterprise Server<br \/>\nVMware\u00ae ESXi\u00ae<\/td>\n<\/tr>\n<tr>\n<td valign=\"top\">Warranty<\/td>\n<td valign=\"top\">3 years<\/td>\n<\/tr>\n<\/tbody>\n<\/table>\n<p>&nbsp;<\/p>\n<\/div>\n<\/div>\n<div id=\"ali-anchor-AliPostDhMb-j5azt\" class=\"mceSectionContainer\" data-section-title=\"Detailed Images\" data-section=\"AliPostDhMb-j5azt\">\n<div id=\"ali-title-AliPostDhMb-j5azt\">Detailed Images<\/div>\n<div>\n<p>\u00a0<img decoding=\"async\" src=\"http:\/\/s.alicdn.com\/@sc04\/kf\/H08ba665e85e0402d9e543e9c3b8fd076o\/251376501\/H08ba665e85e0402d9e543e9c3b8fd076o.jpg?quality=close\" alt=\"Brand new servidores Dell PowerEdge R540 2U computer server\" width=\"692\" height=\"845\" data-src=\"http:\/\/s.alicdn.com\/@sc04\/kf\/H08ba665e85e0402d9e543e9c3b8fd076o\/251376501\/H08ba665e85e0402d9e543e9c3b8fd076o.jpg?quality=close\" data-alt=\"Brand new servidores Dell PowerEdge R540 2U computer server\" data-width=\"692\" data-height=\"845\" \/><img decoding=\"async\" src=\"http:\/\/s.alicdn.com\/@sc04\/kf\/H0062ea49ea7144e9b48b388f33b91d31s\/251376501\/H0062ea49ea7144e9b48b388f33b91d31s.jpg?quality=close\" alt=\"Brand new servidores Dell PowerEdge R540 2U computer server\" width=\"694\" height=\"539\" data-src=\"http:\/\/s.alicdn.com\/@sc04\/kf\/H0062ea49ea7144e9b48b388f33b91d31s\/251376501\/H0062ea49ea7144e9b48b388f33b91d31s.jpg?quality=close\" data-alt=\"Brand new servidores Dell PowerEdge R540 2U computer server\" data-width=\"694\" data-height=\"539\" \/><img loading=\"lazy\" decoding=\"async\" src=\"http:\/\/s.alicdn.com\/@sc04\/kf\/H9078ba44f0154c11882e15e555ba2932T\/251376501\/H9078ba44f0154c11882e15e555ba2932T.jpg?quality=close\" alt=\"Brand new servidores Dell PowerEdge R540 2U computer server\" width=\"704\" height=\"812\" data-src=\"http:\/\/s.alicdn.com\/@sc04\/kf\/H9078ba44f0154c11882e15e555ba2932T\/251376501\/H9078ba44f0154c11882e15e555ba2932T.jpg?quality=close\" data-alt=\"Brand new servidores Dell PowerEdge R540 2U computer server\" data-width=\"704\" data-height=\"812\" data-spm-anchor-id=\"a2700.wholesale.0.i29.257429f4IWpTu2\" \/><\/p>\n<\/div>\n<\/div>\n","protected":false},"excerpt":{"rendered":"<p><span data-spm-anchor-id=\"a2700.wholesale.0.i28.257429f4IWpTu2\">The PowerEdge R540 delivers the ideal balance of resources and affordability to adapt to a variety of application demands.<\/span><\/p>\n","protected":false},"featured_media":7002,"comment_status":"open","ping_status":"closed","template":"","meta":{"_joinchat":[]},"product_brand":[],"product_cat":[115],"product_tag":[],"class_list":{"0":"post-7000","1":"product","2":"type-product","3":"status-publish","4":"has-post-thumbnail","6":"product_cat-servidores","8":"first","9":"instock","10":"shipping-taxable","11":"purchasable","12":"product-type-simple"},"yoast_head":"<!-- This site is optimized with the Yoast SEO plugin v27.4 - https:\/\/yoast.com\/product\/yoast-seo-wordpress\/ -->\n<title>Servidores Dell PowerEdge R540 2U computer server - Cyberlogics Technologies Angola<\/title>\n<meta name=\"description\" content=\"A Maior Loja Online de Angola de Licen\u00e7as Microsoft Office | Chaves Sistemas Operativos Windows | Antiv\u00edrus | Cloud Adobe | Inform\u00e1tica &amp; Servidores | Softwares de Gest\u00e3o ERP | Gaming Hardware | UPS e Baterias &amp; Muito Mais...\" \/>\n<meta name=\"robots\" content=\"index, follow, max-snippet:-1, max-image-preview:large, max-video-preview:-1\" \/>\n<link rel=\"canonical\" href=\"https:\/\/cyberlogics.ao\/index.php\/product\/servidores-dell-poweredge-r540-2u-computer-server\/\" \/>\n<meta property=\"og:locale\" content=\"pt_PT\" \/>\n<meta property=\"og:type\" content=\"article\" \/>\n<meta property=\"og:title\" content=\"Servidores Dell PowerEdge R540 2U computer server - Cyberlogics Technologies Angola\" \/>\n<meta property=\"og:description\" content=\"A Maior Loja Online de Angola de Licen\u00e7as Microsoft Office | Chaves Sistemas Operativos Windows | Antiv\u00edrus | Cloud Adobe | Inform\u00e1tica &amp; Servidores | Softwares de Gest\u00e3o ERP | Gaming Hardware | UPS e Baterias &amp; Muito Mais...\" \/>\n<meta property=\"og:url\" content=\"https:\/\/cyberlogics.ao\/index.php\/product\/servidores-dell-poweredge-r540-2u-computer-server\/\" \/>\n<meta property=\"og:site_name\" content=\"Cyberlogics Technologies Angola\" \/>\n<meta property=\"article:modified_time\" content=\"2023-03-22T10:08:14+00:00\" \/>\n<meta property=\"og:image\" content=\"http:\/\/cyberlogics.ao\/wp-content\/uploads\/2022\/06\/DELL540.jpg\" \/>\n\t<meta property=\"og:image:width\" content=\"640\" \/>\n\t<meta property=\"og:image:height\" content=\"640\" \/>\n\t<meta property=\"og:image:type\" content=\"image\/jpeg\" \/>\n<meta name=\"twitter:card\" content=\"summary_large_image\" \/>\n<meta name=\"twitter:label1\" content=\"Tempo estimado de leitura\" \/>\n\t<meta name=\"twitter:data1\" content=\"1 minuto\" \/>\n<script type=\"application\/ld+json\" class=\"yoast-schema-graph\">{\"@context\":\"https:\\\/\\\/schema.org\",\"@graph\":[{\"@type\":\"WebPage\",\"@id\":\"https:\\\/\\\/cyberlogics.ao\\\/index.php\\\/product\\\/servidores-dell-poweredge-r540-2u-computer-server\\\/\",\"url\":\"https:\\\/\\\/cyberlogics.ao\\\/index.php\\\/product\\\/servidores-dell-poweredge-r540-2u-computer-server\\\/\",\"name\":\"Servidores Dell PowerEdge R540 2U computer server - Cyberlogics Technologies Angola\",\"isPartOf\":{\"@id\":\"https:\\\/\\\/cyberlogics.ao\\\/#website\"},\"primaryImageOfPage\":{\"@id\":\"https:\\\/\\\/cyberlogics.ao\\\/index.php\\\/product\\\/servidores-dell-poweredge-r540-2u-computer-server\\\/#primaryimage\"},\"image\":{\"@id\":\"https:\\\/\\\/cyberlogics.ao\\\/index.php\\\/product\\\/servidores-dell-poweredge-r540-2u-computer-server\\\/#primaryimage\"},\"thumbnailUrl\":\"https:\\\/\\\/cyberlogics.ao\\\/wp-content\\\/uploads\\\/2022\\\/06\\\/DELL540.jpg\",\"datePublished\":\"2022-06-23T15:46:22+00:00\",\"dateModified\":\"2023-03-22T10:08:14+00:00\",\"description\":\"A Maior Loja Online de Angola de Licen\u00e7as Microsoft Office | Chaves Sistemas Operativos Windows | Antiv\u00edrus | Cloud Adobe | Inform\u00e1tica & Servidores | Softwares de Gest\u00e3o ERP | Gaming Hardware | UPS e Baterias & Muito Mais...\",\"breadcrumb\":{\"@id\":\"https:\\\/\\\/cyberlogics.ao\\\/index.php\\\/product\\\/servidores-dell-poweredge-r540-2u-computer-server\\\/#breadcrumb\"},\"inLanguage\":\"pt-PT\",\"potentialAction\":[{\"@type\":\"ReadAction\",\"target\":[\"https:\\\/\\\/cyberlogics.ao\\\/index.php\\\/product\\\/servidores-dell-poweredge-r540-2u-computer-server\\\/\"]}]},{\"@type\":\"ImageObject\",\"inLanguage\":\"pt-PT\",\"@id\":\"https:\\\/\\\/cyberlogics.ao\\\/index.php\\\/product\\\/servidores-dell-poweredge-r540-2u-computer-server\\\/#primaryimage\",\"url\":\"https:\\\/\\\/cyberlogics.ao\\\/wp-content\\\/uploads\\\/2022\\\/06\\\/DELL540.jpg\",\"contentUrl\":\"https:\\\/\\\/cyberlogics.ao\\\/wp-content\\\/uploads\\\/2022\\\/06\\\/DELL540.jpg\",\"width\":640,\"height\":640},{\"@type\":\"BreadcrumbList\",\"@id\":\"https:\\\/\\\/cyberlogics.ao\\\/index.php\\\/product\\\/servidores-dell-poweredge-r540-2u-computer-server\\\/#breadcrumb\",\"itemListElement\":[{\"@type\":\"ListItem\",\"position\":1,\"name\":\"In\u00edcio\",\"item\":\"https:\\\/\\\/cyberlogics.ao\\\/\"},{\"@type\":\"ListItem\",\"position\":2,\"name\":\"Produtos\",\"item\":\"https:\\\/\\\/cyberlogics.ao\\\/index.php\\\/shop-2\\\/\"},{\"@type\":\"ListItem\",\"position\":3,\"name\":\"Servidores Dell PowerEdge R540 2U computer server\"}]},{\"@type\":\"WebSite\",\"@id\":\"https:\\\/\\\/cyberlogics.ao\\\/#website\",\"url\":\"https:\\\/\\\/cyberlogics.ao\\\/\",\"name\":\"Cyberlogics Technologies Angola\",\"description\":\"Loja Online de Licen\u00e7as de Softwares e Inform\u00e1tica\",\"publisher\":{\"@id\":\"https:\\\/\\\/cyberlogics.ao\\\/#organization\"},\"potentialAction\":[{\"@type\":\"SearchAction\",\"target\":{\"@type\":\"EntryPoint\",\"urlTemplate\":\"https:\\\/\\\/cyberlogics.ao\\\/?s={search_term_string}\"},\"query-input\":{\"@type\":\"PropertyValueSpecification\",\"valueRequired\":true,\"valueName\":\"search_term_string\"}}],\"inLanguage\":\"pt-PT\"},{\"@type\":\"Organization\",\"@id\":\"https:\\\/\\\/cyberlogics.ao\\\/#organization\",\"name\":\"Cyberlogics Ao Technologies - Loja Online de Licen\u00e7as de Softwares e Inform\u00e1tica\",\"url\":\"https:\\\/\\\/cyberlogics.ao\\\/\",\"logo\":{\"@type\":\"ImageObject\",\"inLanguage\":\"pt-PT\",\"@id\":\"https:\\\/\\\/cyberlogics.ao\\\/#\\\/schema\\\/logo\\\/image\\\/\",\"url\":\"https:\\\/\\\/cyberlogics.ao\\\/wp-content\\\/uploads\\\/2022\\\/04\\\/CT-logo.png\",\"contentUrl\":\"https:\\\/\\\/cyberlogics.ao\\\/wp-content\\\/uploads\\\/2022\\\/04\\\/CT-logo.png\",\"width\":190,\"height\":75,\"caption\":\"Cyberlogics Ao Technologies - Loja Online de Licen\u00e7as de Softwares e Inform\u00e1tica\"},\"image\":{\"@id\":\"https:\\\/\\\/cyberlogics.ao\\\/#\\\/schema\\\/logo\\\/image\\\/\"}}]}<\/script>\n<!-- \/ Yoast SEO plugin. -->","yoast_head_json":{"title":"Servidores Dell PowerEdge R540 2U computer server - Cyberlogics Technologies Angola","description":"A Maior Loja Online de Angola de Licen\u00e7as Microsoft Office | Chaves Sistemas Operativos Windows | Antiv\u00edrus | Cloud Adobe | Inform\u00e1tica & Servidores | Softwares de Gest\u00e3o ERP | Gaming Hardware | UPS e Baterias & Muito Mais...","robots":{"index":"index","follow":"follow","max-snippet":"max-snippet:-1","max-image-preview":"max-image-preview:large","max-video-preview":"max-video-preview:-1"},"canonical":"https:\/\/cyberlogics.ao\/index.php\/product\/servidores-dell-poweredge-r540-2u-computer-server\/","og_locale":"pt_PT","og_type":"article","og_title":"Servidores Dell PowerEdge R540 2U computer server - Cyberlogics Technologies Angola","og_description":"A Maior Loja Online de Angola de Licen\u00e7as Microsoft Office | Chaves Sistemas Operativos Windows | Antiv\u00edrus | Cloud Adobe | Inform\u00e1tica & Servidores | Softwares de Gest\u00e3o ERP | Gaming Hardware | UPS e Baterias & Muito Mais...","og_url":"https:\/\/cyberlogics.ao\/index.php\/product\/servidores-dell-poweredge-r540-2u-computer-server\/","og_site_name":"Cyberlogics Technologies Angola","article_modified_time":"2023-03-22T10:08:14+00:00","og_image":[{"width":640,"height":640,"url":"http:\/\/cyberlogics.ao\/wp-content\/uploads\/2022\/06\/DELL540.jpg","type":"image\/jpeg"}],"twitter_card":"summary_large_image","twitter_misc":{"Tempo estimado de leitura":"1 minuto"},"schema":{"@context":"https:\/\/schema.org","@graph":[{"@type":"WebPage","@id":"https:\/\/cyberlogics.ao\/index.php\/product\/servidores-dell-poweredge-r540-2u-computer-server\/","url":"https:\/\/cyberlogics.ao\/index.php\/product\/servidores-dell-poweredge-r540-2u-computer-server\/","name":"Servidores Dell PowerEdge R540 2U computer server - Cyberlogics Technologies Angola","isPartOf":{"@id":"https:\/\/cyberlogics.ao\/#website"},"primaryImageOfPage":{"@id":"https:\/\/cyberlogics.ao\/index.php\/product\/servidores-dell-poweredge-r540-2u-computer-server\/#primaryimage"},"image":{"@id":"https:\/\/cyberlogics.ao\/index.php\/product\/servidores-dell-poweredge-r540-2u-computer-server\/#primaryimage"},"thumbnailUrl":"https:\/\/cyberlogics.ao\/wp-content\/uploads\/2022\/06\/DELL540.jpg","datePublished":"2022-06-23T15:46:22+00:00","dateModified":"2023-03-22T10:08:14+00:00","description":"A Maior Loja Online de Angola de Licen\u00e7as Microsoft Office | Chaves Sistemas Operativos Windows | Antiv\u00edrus | Cloud Adobe | Inform\u00e1tica & Servidores | Softwares de Gest\u00e3o ERP | Gaming Hardware | UPS e Baterias & Muito Mais...","breadcrumb":{"@id":"https:\/\/cyberlogics.ao\/index.php\/product\/servidores-dell-poweredge-r540-2u-computer-server\/#breadcrumb"},"inLanguage":"pt-PT","potentialAction":[{"@type":"ReadAction","target":["https:\/\/cyberlogics.ao\/index.php\/product\/servidores-dell-poweredge-r540-2u-computer-server\/"]}]},{"@type":"ImageObject","inLanguage":"pt-PT","@id":"https:\/\/cyberlogics.ao\/index.php\/product\/servidores-dell-poweredge-r540-2u-computer-server\/#primaryimage","url":"https:\/\/cyberlogics.ao\/wp-content\/uploads\/2022\/06\/DELL540.jpg","contentUrl":"https:\/\/cyberlogics.ao\/wp-content\/uploads\/2022\/06\/DELL540.jpg","width":640,"height":640},{"@type":"BreadcrumbList","@id":"https:\/\/cyberlogics.ao\/index.php\/product\/servidores-dell-poweredge-r540-2u-computer-server\/#breadcrumb","itemListElement":[{"@type":"ListItem","position":1,"name":"In\u00edcio","item":"https:\/\/cyberlogics.ao\/"},{"@type":"ListItem","position":2,"name":"Produtos","item":"https:\/\/cyberlogics.ao\/index.php\/shop-2\/"},{"@type":"ListItem","position":3,"name":"Servidores Dell PowerEdge R540 2U computer server"}]},{"@type":"WebSite","@id":"https:\/\/cyberlogics.ao\/#website","url":"https:\/\/cyberlogics.ao\/","name":"Cyberlogics Technologies Angola","description":"Loja Online de Licen\u00e7as de Softwares e Inform\u00e1tica","publisher":{"@id":"https:\/\/cyberlogics.ao\/#organization"},"potentialAction":[{"@type":"SearchAction","target":{"@type":"EntryPoint","urlTemplate":"https:\/\/cyberlogics.ao\/?s={search_term_string}"},"query-input":{"@type":"PropertyValueSpecification","valueRequired":true,"valueName":"search_term_string"}}],"inLanguage":"pt-PT"},{"@type":"Organization","@id":"https:\/\/cyberlogics.ao\/#organization","name":"Cyberlogics Ao Technologies - Loja Online de Licen\u00e7as de Softwares e Inform\u00e1tica","url":"https:\/\/cyberlogics.ao\/","logo":{"@type":"ImageObject","inLanguage":"pt-PT","@id":"https:\/\/cyberlogics.ao\/#\/schema\/logo\/image\/","url":"https:\/\/cyberlogics.ao\/wp-content\/uploads\/2022\/04\/CT-logo.png","contentUrl":"https:\/\/cyberlogics.ao\/wp-content\/uploads\/2022\/04\/CT-logo.png","width":190,"height":75,"caption":"Cyberlogics Ao Technologies - Loja Online de Licen\u00e7as de Softwares e Inform\u00e1tica"},"image":{"@id":"https:\/\/cyberlogics.ao\/#\/schema\/logo\/image\/"}}]}},"_links":{"self":[{"href":"https:\/\/cyberlogics.ao\/index.php\/wp-json\/wp\/v2\/product\/7000","targetHints":{"allow":["GET"]}}],"collection":[{"href":"https:\/\/cyberlogics.ao\/index.php\/wp-json\/wp\/v2\/product"}],"about":[{"href":"https:\/\/cyberlogics.ao\/index.php\/wp-json\/wp\/v2\/types\/product"}],"replies":[{"embeddable":true,"href":"https:\/\/cyberlogics.ao\/index.php\/wp-json\/wp\/v2\/comments?post=7000"}],"wp:featuredmedia":[{"embeddable":true,"href":"https:\/\/cyberlogics.ao\/index.php\/wp-json\/wp\/v2\/media\/7002"}],"wp:attachment":[{"href":"https:\/\/cyberlogics.ao\/index.php\/wp-json\/wp\/v2\/media?parent=7000"}],"wp:term":[{"taxonomy":"product_brand","embeddable":true,"href":"https:\/\/cyberlogics.ao\/index.php\/wp-json\/wp\/v2\/product_brand?post=7000"},{"taxonomy":"product_cat","embeddable":true,"href":"https:\/\/cyberlogics.ao\/index.php\/wp-json\/wp\/v2\/product_cat?post=7000"},{"taxonomy":"product_tag","embeddable":true,"href":"https:\/\/cyberlogics.ao\/index.php\/wp-json\/wp\/v2\/product_tag?post=7000"}],"curies":[{"name":"wp","href":"https:\/\/api.w.org\/{rel}","templated":true}]}}