{"id":7036,"date":"2022-06-23T16:40:29","date_gmt":"2022-06-23T16:40:29","guid":{"rendered":"https:\/\/cyberlogics.ao\/?post_type=product&#038;p=7036"},"modified":"2022-07-04T14:09:15","modified_gmt":"2022-07-04T14:09:15","slug":"lenovo-thinksystem-sr860-xeon-5218-rack-mount-4u-server","status":"publish","type":"product","link":"https:\/\/cyberlogics.ao\/index.php\/product\/lenovo-thinksystem-sr860-xeon-5218-rack-mount-4u-server\/","title":{"rendered":"Lenovo ThinkSystem SR860 Xeon 5218 Rack Mount 4U server"},"content":{"rendered":"<div class=\"J_module\">\n<div class=\"ife-detail-decorate-table\">\n<table class=\"all magic-4\">\n<tbody>\n<tr>\n<td colspan=\"1\" rowspan=\"1\">\n<div class=\"magic-5\"><span class=\"magic-6\" data-spm-anchor-id=\"a2700.details.0.i28.1836a9f37KbJoe\">Product Type:<\/span><\/div>\n<\/td>\n<td colspan=\"1\" rowspan=\"1\">\n<div class=\"magic-7\"><span class=\"magic-6\">Rack Mount<\/span><\/div>\n<\/td>\n<\/tr>\n<tr>\n<td colspan=\"1\" rowspan=\"1\">\n<div class=\"magic-5\"><span class=\"magic-6\">Product structure:<\/span><\/div>\n<\/td>\n<td colspan=\"1\" rowspan=\"1\">\n<div class=\"magic-7\"><span class=\"magic-6\">4U<\/span><\/div>\n<\/td>\n<\/tr>\n<tr>\n<td colspan=\"1\" rowspan=\"1\">\n<div class=\"magic-5\"><span class=\"magic-6\">CPU type:<\/span><\/div>\n<\/td>\n<td colspan=\"1\" rowspan=\"1\">\n<div class=\"magic-7\"><span class=\"magic-6\">Xeon Gold<\/span><\/div>\n<\/td>\n<\/tr>\n<tr>\n<td colspan=\"1\" rowspan=\"1\">\n<div class=\"magic-5\"><span class=\"magic-6\">Number of standard CPUs<\/span><\/div>\n<\/td>\n<td colspan=\"1\" rowspan=\"1\">\n<div class=\"magic-7\"><span class=\"magic-6\">2 pcs, maximum 4 pcs<\/span><\/div>\n<\/td>\n<\/tr>\n<tr>\n<td colspan=\"1\" rowspan=\"1\">\n<div class=\"magic-5\"><span class=\"magic-6\">Expansion slot:<\/span><\/div>\n<\/td>\n<td colspan=\"1\" rowspan=\"1\">\n<div class=\"magic-7\"><span class=\"magic-6\">up to 13 PCI-E slots (including an optional LOM slot and a slot reserved for M.2 devices)<\/span><\/div>\n<\/td>\n<\/tr>\n<tr>\n<td colspan=\"1\" rowspan=\"1\">\n<div class=\"magic-5\"><span class=\"magic-6\">Memory capacity:<\/span><\/div>\n<\/td>\n<td colspan=\"1\" rowspan=\"1\">\n<div class=\"magic-7\"><span class=\"magic-6\">64GB, DDR4, with 48 memory slots, maximum support 6TB<\/span><\/div>\n<\/td>\n<\/tr>\n<tr>\n<td colspan=\"1\" rowspan=\"1\">\n<div class=\"magic-5\"><span class=\"magic-6\">Storage:<\/span><\/div>\n<\/td>\n<td colspan=\"1\" rowspan=\"1\">\n<div class=\"magic-7\"><span class=\"magic-6\">1.2TB, maximum capacity 32TB, maximum support 16 SAS\/SATA HDD and SSD 2.5-inch storage bays, or up to 8 2.5-inch NVMe SSDs<br \/>\n(including 4 directly connected U.2\/NVMe); And up to 2 mirror M.2 Boot<\/span><\/div>\n<\/td>\n<\/tr>\n<tr>\n<td colspan=\"1\" rowspan=\"1\">\n<div class=\"magic-5\"><span class=\"magic-6\">Power performance:<\/span><\/div>\n<\/td>\n<td colspan=\"1\" rowspan=\"1\">\n<div class=\"magic-7\"><span class=\"magic-6\">2 hot-plug\/redundant power supplies<\/span><\/div>\n<\/td>\n<\/tr>\n<\/tbody>\n<\/table>\n<\/div>\n<\/div>\n<div class=\"J_module\">\n<div class=\"detail-decorate-json-renderer-container\">\n<div class=\"magic-8\">\n<div class=\"magic-9\">\n<div class=\"magic-10\">\n<div class=\"magic-11\"><span class=\"magic-6\">ThinkSystem SR868 provides you with the extraordinary price-performance ratio, speed and Reliability also brings you the scalability and versatility you need tomorrow. SR860 can operate Services integrated into a wide range of solutions including database false reporting, data analysis, and science and technology. With the help of XCarity to achieve simple and standardized integrated management, configuration time and manual operation are shortened by 95%. ThinkShield protects your business, from development to operation, escorting you all the way.<\/span><\/div>\n<\/div>\n<\/div>\n<\/div>\n<\/div>\n<\/div>\n<div class=\"J_module\">\n<div class=\"icbu-pc-detailManyImage magic-12\">\n<div class=\"magic-13\"><img decoding=\"async\" class=\"magic-14\" src=\"https:\/\/s.alicdn.com\/@sc04\/kf\/He09ed5624543452284efbbd5362b99ceo\/242583409\/He09ed5624543452284efbbd5362b99ceo.jpg?quality=close\" data-src=\"\/\/s.alicdn.com\/@sc04\/kf\/He09ed5624543452284efbbd5362b99ceo\/242583409\/He09ed5624543452284efbbd5362b99ceo.jpg?quality=close\" \/><\/div>\n<div class=\"magic-13\"><img decoding=\"async\" class=\"magic-14\" src=\"https:\/\/s.alicdn.com\/@sc04\/kf\/H9c9da2bf05da42c4a53ecc4e72295ac9w\/242583409\/H9c9da2bf05da42c4a53ecc4e72295ac9w.jpg?quality=close\" data-src=\"\/\/s.alicdn.com\/@sc04\/kf\/H9c9da2bf05da42c4a53ecc4e72295ac9w\/242583409\/H9c9da2bf05da42c4a53ecc4e72295ac9w.jpg?quality=close\" \/><\/div>\n<div class=\"magic-13\"><img decoding=\"async\" class=\"magic-14\" src=\"https:\/\/s.alicdn.com\/@sc04\/kf\/H4c12f66b57ee42e2bc86e3d3876e3851q\/242583409\/H4c12f66b57ee42e2bc86e3d3876e3851q.png?quality=close\" data-src=\"\/\/s.alicdn.com\/@sc04\/kf\/H4c12f66b57ee42e2bc86e3d3876e3851q\/242583409\/H4c12f66b57ee42e2bc86e3d3876e3851q.png?quality=close\" \/><\/div>\n<div class=\"magic-13\"><img decoding=\"async\" class=\"magic-14\" src=\"https:\/\/s.alicdn.com\/@sc04\/kf\/Hc6d540eb07324063bdedf5681e42ba44S\/242583409\/Hc6d540eb07324063bdedf5681e42ba44S.png?quality=close\" data-src=\"\/\/s.alicdn.com\/@sc04\/kf\/Hc6d540eb07324063bdedf5681e42ba44S\/242583409\/Hc6d540eb07324063bdedf5681e42ba44S.png?quality=close\" \/><\/div>\n<div class=\"magic-13\"><img decoding=\"async\" class=\"magic-14\" src=\"https:\/\/s.alicdn.com\/@sc04\/kf\/H256156904cf743b885d2735409deced7G\/242583409\/H256156904cf743b885d2735409deced7G.png?quality=close\" data-src=\"\/\/s.alicdn.com\/@sc04\/kf\/H256156904cf743b885d2735409deced7G\/242583409\/H256156904cf743b885d2735409deced7G.png?quality=close\" \/><\/div>\n<div class=\"magic-13\"><img decoding=\"async\" class=\"magic-14\" src=\"https:\/\/s.alicdn.com\/@sc04\/kf\/H50c43819a42d477bb56952627661e439K\/242583409\/H50c43819a42d477bb56952627661e439K.jpg?quality=close\" data-src=\"\/\/s.alicdn.com\/@sc04\/kf\/H50c43819a42d477bb56952627661e439K\/242583409\/H50c43819a42d477bb56952627661e439K.jpg?quality=close\" \/><\/div>\n<div class=\"magic-13\"><img decoding=\"async\" class=\"magic-14\" src=\"https:\/\/s.alicdn.com\/@sc04\/kf\/H00a1674007c64d30a97f88f365ff4c55P\/242583409\/H00a1674007c64d30a97f88f365ff4c55P.jpg?quality=close\" data-src=\"\/\/s.alicdn.com\/@sc04\/kf\/H00a1674007c64d30a97f88f365ff4c55P\/242583409\/H00a1674007c64d30a97f88f365ff4c55P.jpg?quality=close\" \/><\/div>\n<div class=\"magic-13\"><img decoding=\"async\" class=\"magic-14\" src=\"https:\/\/s.alicdn.com\/@sc04\/kf\/Hf9f1a2e2d3df477fbd9fde272273e0c6C\/242583409\/Hf9f1a2e2d3df477fbd9fde272273e0c6C.jpg?quality=close\" data-src=\"\/\/s.alicdn.com\/@sc04\/kf\/Hf9f1a2e2d3df477fbd9fde272273e0c6C\/242583409\/Hf9f1a2e2d3df477fbd9fde272273e0c6C.jpg?quality=close\" \/><\/div>\n<div class=\"magic-13\"><img decoding=\"async\" class=\"magic-14\" src=\"https:\/\/s.alicdn.com\/@sc04\/kf\/H9603f363047d47c98d114c06dc2615489\/242583409\/H9603f363047d47c98d114c06dc2615489.jpg?quality=close\" data-src=\"\/\/s.alicdn.com\/@sc04\/kf\/H9603f363047d47c98d114c06dc2615489\/242583409\/H9603f363047d47c98d114c06dc2615489.jpg?quality=close\" data-spm-anchor-id=\"a2700.details.0.i27.1836a9f37KbJoe\" \/><\/div>\n<\/div>\n<\/div>\n","protected":false},"excerpt":{"rendered":"<p>Product Type: Rack Mount Product structure: 4U CPU type: Xeon Gold Number of standard CPUs 2 pcs, maximum 4 pcs Expansion slot: up to 13 PCI-E slots (including an optional<\/p>\n","protected":false},"featured_media":7043,"comment_status":"open","ping_status":"closed","template":"","meta":{"_joinchat":[]},"product_brand":[],"product_cat":[115],"product_tag":[],"class_list":{"0":"post-7036","1":"product","2":"type-product","3":"status-publish","4":"has-post-thumbnail","6":"product_cat-servidores","8":"first","9":"instock","10":"shipping-taxable","11":"product-type-simple"},"yoast_head":"<!-- This site is optimized with the Yoast SEO plugin v27.4 - https:\/\/yoast.com\/product\/yoast-seo-wordpress\/ -->\n<title>Lenovo ThinkSystem SR860 Xeon 5218 Rack Mount 4U server - Cyberlogics Technologies Angola<\/title>\n<meta name=\"description\" content=\"A Maior Loja Online de Angola de Licen\u00e7as Microsoft Office | Chaves Sistemas Operativos Windows | Antiv\u00edrus | Cloud Adobe | Inform\u00e1tica &amp; Servidores | Softwares de Gest\u00e3o ERP | Gaming Hardware | UPS e Baterias &amp; Muito Mais...\" \/>\n<meta name=\"robots\" content=\"index, follow, max-snippet:-1, max-image-preview:large, max-video-preview:-1\" \/>\n<link rel=\"canonical\" href=\"https:\/\/cyberlogics.ao\/index.php\/product\/lenovo-thinksystem-sr860-xeon-5218-rack-mount-4u-server\/\" \/>\n<meta property=\"og:locale\" content=\"pt_PT\" \/>\n<meta property=\"og:type\" content=\"article\" \/>\n<meta property=\"og:title\" content=\"Lenovo ThinkSystem SR860 Xeon 5218 Rack Mount 4U server - Cyberlogics Technologies Angola\" \/>\n<meta property=\"og:description\" content=\"A Maior Loja Online de Angola de Licen\u00e7as Microsoft Office | Chaves Sistemas Operativos Windows | Antiv\u00edrus | Cloud Adobe | Inform\u00e1tica &amp; Servidores | Softwares de Gest\u00e3o ERP | Gaming Hardware | UPS e Baterias &amp; Muito Mais...\" \/>\n<meta property=\"og:url\" content=\"https:\/\/cyberlogics.ao\/index.php\/product\/lenovo-thinksystem-sr860-xeon-5218-rack-mount-4u-server\/\" \/>\n<meta property=\"og:site_name\" content=\"Cyberlogics Technologies Angola\" \/>\n<meta property=\"article:modified_time\" content=\"2022-07-04T14:09:15+00:00\" \/>\n<meta property=\"og:image\" content=\"https:\/\/cyberlogics.ao\/wp-content\/uploads\/2022\/06\/LN00.jpg\" \/>\n\t<meta property=\"og:image:width\" content=\"766\" \/>\n\t<meta property=\"og:image:height\" content=\"766\" \/>\n\t<meta property=\"og:image:type\" content=\"image\/jpeg\" \/>\n<meta name=\"twitter:card\" content=\"summary_large_image\" \/>\n<meta name=\"twitter:label1\" content=\"Tempo estimado de leitura\" \/>\n\t<meta name=\"twitter:data1\" content=\"1 minuto\" \/>\n<script type=\"application\/ld+json\" class=\"yoast-schema-graph\">{\"@context\":\"https:\\\/\\\/schema.org\",\"@graph\":[{\"@type\":\"WebPage\",\"@id\":\"https:\\\/\\\/cyberlogics.ao\\\/index.php\\\/product\\\/lenovo-thinksystem-sr860-xeon-5218-rack-mount-4u-server\\\/\",\"url\":\"https:\\\/\\\/cyberlogics.ao\\\/index.php\\\/product\\\/lenovo-thinksystem-sr860-xeon-5218-rack-mount-4u-server\\\/\",\"name\":\"Lenovo ThinkSystem SR860 Xeon 5218 Rack Mount 4U server - Cyberlogics Technologies Angola\",\"isPartOf\":{\"@id\":\"https:\\\/\\\/cyberlogics.ao\\\/#website\"},\"primaryImageOfPage\":{\"@id\":\"https:\\\/\\\/cyberlogics.ao\\\/index.php\\\/product\\\/lenovo-thinksystem-sr860-xeon-5218-rack-mount-4u-server\\\/#primaryimage\"},\"image\":{\"@id\":\"https:\\\/\\\/cyberlogics.ao\\\/index.php\\\/product\\\/lenovo-thinksystem-sr860-xeon-5218-rack-mount-4u-server\\\/#primaryimage\"},\"thumbnailUrl\":\"https:\\\/\\\/cyberlogics.ao\\\/wp-content\\\/uploads\\\/2022\\\/06\\\/LN00.jpg\",\"datePublished\":\"2022-06-23T16:40:29+00:00\",\"dateModified\":\"2022-07-04T14:09:15+00:00\",\"description\":\"A Maior Loja Online de Angola de Licen\u00e7as Microsoft Office | Chaves Sistemas Operativos Windows | Antiv\u00edrus | Cloud Adobe | Inform\u00e1tica & Servidores | Softwares de Gest\u00e3o ERP | Gaming Hardware | UPS e Baterias & Muito Mais...\",\"breadcrumb\":{\"@id\":\"https:\\\/\\\/cyberlogics.ao\\\/index.php\\\/product\\\/lenovo-thinksystem-sr860-xeon-5218-rack-mount-4u-server\\\/#breadcrumb\"},\"inLanguage\":\"pt-PT\",\"potentialAction\":[{\"@type\":\"ReadAction\",\"target\":[\"https:\\\/\\\/cyberlogics.ao\\\/index.php\\\/product\\\/lenovo-thinksystem-sr860-xeon-5218-rack-mount-4u-server\\\/\"]}]},{\"@type\":\"ImageObject\",\"inLanguage\":\"pt-PT\",\"@id\":\"https:\\\/\\\/cyberlogics.ao\\\/index.php\\\/product\\\/lenovo-thinksystem-sr860-xeon-5218-rack-mount-4u-server\\\/#primaryimage\",\"url\":\"https:\\\/\\\/cyberlogics.ao\\\/wp-content\\\/uploads\\\/2022\\\/06\\\/LN00.jpg\",\"contentUrl\":\"https:\\\/\\\/cyberlogics.ao\\\/wp-content\\\/uploads\\\/2022\\\/06\\\/LN00.jpg\",\"width\":766,\"height\":766},{\"@type\":\"BreadcrumbList\",\"@id\":\"https:\\\/\\\/cyberlogics.ao\\\/index.php\\\/product\\\/lenovo-thinksystem-sr860-xeon-5218-rack-mount-4u-server\\\/#breadcrumb\",\"itemListElement\":[{\"@type\":\"ListItem\",\"position\":1,\"name\":\"In\u00edcio\",\"item\":\"https:\\\/\\\/cyberlogics.ao\\\/\"},{\"@type\":\"ListItem\",\"position\":2,\"name\":\"Produtos\",\"item\":\"https:\\\/\\\/cyberlogics.ao\\\/index.php\\\/shop-2\\\/\"},{\"@type\":\"ListItem\",\"position\":3,\"name\":\"Lenovo ThinkSystem SR860 Xeon 5218 Rack Mount 4U server\"}]},{\"@type\":\"WebSite\",\"@id\":\"https:\\\/\\\/cyberlogics.ao\\\/#website\",\"url\":\"https:\\\/\\\/cyberlogics.ao\\\/\",\"name\":\"Cyberlogics Technologies Angola\",\"description\":\"Loja Online de Licen\u00e7as de Softwares e Inform\u00e1tica\",\"publisher\":{\"@id\":\"https:\\\/\\\/cyberlogics.ao\\\/#organization\"},\"potentialAction\":[{\"@type\":\"SearchAction\",\"target\":{\"@type\":\"EntryPoint\",\"urlTemplate\":\"https:\\\/\\\/cyberlogics.ao\\\/?s={search_term_string}\"},\"query-input\":{\"@type\":\"PropertyValueSpecification\",\"valueRequired\":true,\"valueName\":\"search_term_string\"}}],\"inLanguage\":\"pt-PT\"},{\"@type\":\"Organization\",\"@id\":\"https:\\\/\\\/cyberlogics.ao\\\/#organization\",\"name\":\"Cyberlogics Ao Technologies - Loja Online de Licen\u00e7as de Softwares e Inform\u00e1tica\",\"url\":\"https:\\\/\\\/cyberlogics.ao\\\/\",\"logo\":{\"@type\":\"ImageObject\",\"inLanguage\":\"pt-PT\",\"@id\":\"https:\\\/\\\/cyberlogics.ao\\\/#\\\/schema\\\/logo\\\/image\\\/\",\"url\":\"https:\\\/\\\/cyberlogics.ao\\\/wp-content\\\/uploads\\\/2022\\\/04\\\/CT-logo.png\",\"contentUrl\":\"https:\\\/\\\/cyberlogics.ao\\\/wp-content\\\/uploads\\\/2022\\\/04\\\/CT-logo.png\",\"width\":190,\"height\":75,\"caption\":\"Cyberlogics Ao Technologies - Loja Online de Licen\u00e7as de Softwares e Inform\u00e1tica\"},\"image\":{\"@id\":\"https:\\\/\\\/cyberlogics.ao\\\/#\\\/schema\\\/logo\\\/image\\\/\"}}]}<\/script>\n<!-- \/ Yoast SEO plugin. -->","yoast_head_json":{"title":"Lenovo ThinkSystem SR860 Xeon 5218 Rack Mount 4U server - Cyberlogics Technologies Angola","description":"A Maior Loja Online de Angola de Licen\u00e7as Microsoft Office | Chaves Sistemas Operativos Windows | Antiv\u00edrus | Cloud Adobe | Inform\u00e1tica & Servidores | Softwares de Gest\u00e3o ERP | Gaming Hardware | UPS e Baterias & Muito Mais...","robots":{"index":"index","follow":"follow","max-snippet":"max-snippet:-1","max-image-preview":"max-image-preview:large","max-video-preview":"max-video-preview:-1"},"canonical":"https:\/\/cyberlogics.ao\/index.php\/product\/lenovo-thinksystem-sr860-xeon-5218-rack-mount-4u-server\/","og_locale":"pt_PT","og_type":"article","og_title":"Lenovo ThinkSystem SR860 Xeon 5218 Rack Mount 4U server - Cyberlogics Technologies Angola","og_description":"A Maior Loja Online de Angola de Licen\u00e7as Microsoft Office | Chaves Sistemas Operativos Windows | Antiv\u00edrus | Cloud Adobe | Inform\u00e1tica & Servidores | Softwares de Gest\u00e3o ERP | Gaming Hardware | UPS e Baterias & Muito Mais...","og_url":"https:\/\/cyberlogics.ao\/index.php\/product\/lenovo-thinksystem-sr860-xeon-5218-rack-mount-4u-server\/","og_site_name":"Cyberlogics Technologies Angola","article_modified_time":"2022-07-04T14:09:15+00:00","og_image":[{"width":766,"height":766,"url":"https:\/\/cyberlogics.ao\/wp-content\/uploads\/2022\/06\/LN00.jpg","type":"image\/jpeg"}],"twitter_card":"summary_large_image","twitter_misc":{"Tempo estimado de leitura":"1 minuto"},"schema":{"@context":"https:\/\/schema.org","@graph":[{"@type":"WebPage","@id":"https:\/\/cyberlogics.ao\/index.php\/product\/lenovo-thinksystem-sr860-xeon-5218-rack-mount-4u-server\/","url":"https:\/\/cyberlogics.ao\/index.php\/product\/lenovo-thinksystem-sr860-xeon-5218-rack-mount-4u-server\/","name":"Lenovo ThinkSystem SR860 Xeon 5218 Rack Mount 4U server - Cyberlogics Technologies Angola","isPartOf":{"@id":"https:\/\/cyberlogics.ao\/#website"},"primaryImageOfPage":{"@id":"https:\/\/cyberlogics.ao\/index.php\/product\/lenovo-thinksystem-sr860-xeon-5218-rack-mount-4u-server\/#primaryimage"},"image":{"@id":"https:\/\/cyberlogics.ao\/index.php\/product\/lenovo-thinksystem-sr860-xeon-5218-rack-mount-4u-server\/#primaryimage"},"thumbnailUrl":"https:\/\/cyberlogics.ao\/wp-content\/uploads\/2022\/06\/LN00.jpg","datePublished":"2022-06-23T16:40:29+00:00","dateModified":"2022-07-04T14:09:15+00:00","description":"A Maior Loja Online de Angola de Licen\u00e7as Microsoft Office | Chaves Sistemas Operativos Windows | Antiv\u00edrus | Cloud Adobe | Inform\u00e1tica & Servidores | Softwares de Gest\u00e3o ERP | Gaming Hardware | UPS e Baterias & Muito Mais...","breadcrumb":{"@id":"https:\/\/cyberlogics.ao\/index.php\/product\/lenovo-thinksystem-sr860-xeon-5218-rack-mount-4u-server\/#breadcrumb"},"inLanguage":"pt-PT","potentialAction":[{"@type":"ReadAction","target":["https:\/\/cyberlogics.ao\/index.php\/product\/lenovo-thinksystem-sr860-xeon-5218-rack-mount-4u-server\/"]}]},{"@type":"ImageObject","inLanguage":"pt-PT","@id":"https:\/\/cyberlogics.ao\/index.php\/product\/lenovo-thinksystem-sr860-xeon-5218-rack-mount-4u-server\/#primaryimage","url":"https:\/\/cyberlogics.ao\/wp-content\/uploads\/2022\/06\/LN00.jpg","contentUrl":"https:\/\/cyberlogics.ao\/wp-content\/uploads\/2022\/06\/LN00.jpg","width":766,"height":766},{"@type":"BreadcrumbList","@id":"https:\/\/cyberlogics.ao\/index.php\/product\/lenovo-thinksystem-sr860-xeon-5218-rack-mount-4u-server\/#breadcrumb","itemListElement":[{"@type":"ListItem","position":1,"name":"In\u00edcio","item":"https:\/\/cyberlogics.ao\/"},{"@type":"ListItem","position":2,"name":"Produtos","item":"https:\/\/cyberlogics.ao\/index.php\/shop-2\/"},{"@type":"ListItem","position":3,"name":"Lenovo ThinkSystem SR860 Xeon 5218 Rack Mount 4U server"}]},{"@type":"WebSite","@id":"https:\/\/cyberlogics.ao\/#website","url":"https:\/\/cyberlogics.ao\/","name":"Cyberlogics Technologies Angola","description":"Loja Online de Licen\u00e7as de Softwares e Inform\u00e1tica","publisher":{"@id":"https:\/\/cyberlogics.ao\/#organization"},"potentialAction":[{"@type":"SearchAction","target":{"@type":"EntryPoint","urlTemplate":"https:\/\/cyberlogics.ao\/?s={search_term_string}"},"query-input":{"@type":"PropertyValueSpecification","valueRequired":true,"valueName":"search_term_string"}}],"inLanguage":"pt-PT"},{"@type":"Organization","@id":"https:\/\/cyberlogics.ao\/#organization","name":"Cyberlogics Ao Technologies - Loja Online de Licen\u00e7as de Softwares e Inform\u00e1tica","url":"https:\/\/cyberlogics.ao\/","logo":{"@type":"ImageObject","inLanguage":"pt-PT","@id":"https:\/\/cyberlogics.ao\/#\/schema\/logo\/image\/","url":"https:\/\/cyberlogics.ao\/wp-content\/uploads\/2022\/04\/CT-logo.png","contentUrl":"https:\/\/cyberlogics.ao\/wp-content\/uploads\/2022\/04\/CT-logo.png","width":190,"height":75,"caption":"Cyberlogics Ao Technologies - Loja Online de Licen\u00e7as de Softwares e Inform\u00e1tica"},"image":{"@id":"https:\/\/cyberlogics.ao\/#\/schema\/logo\/image\/"}}]}},"_links":{"self":[{"href":"https:\/\/cyberlogics.ao\/index.php\/wp-json\/wp\/v2\/product\/7036","targetHints":{"allow":["GET"]}}],"collection":[{"href":"https:\/\/cyberlogics.ao\/index.php\/wp-json\/wp\/v2\/product"}],"about":[{"href":"https:\/\/cyberlogics.ao\/index.php\/wp-json\/wp\/v2\/types\/product"}],"replies":[{"embeddable":true,"href":"https:\/\/cyberlogics.ao\/index.php\/wp-json\/wp\/v2\/comments?post=7036"}],"wp:featuredmedia":[{"embeddable":true,"href":"https:\/\/cyberlogics.ao\/index.php\/wp-json\/wp\/v2\/media\/7043"}],"wp:attachment":[{"href":"https:\/\/cyberlogics.ao\/index.php\/wp-json\/wp\/v2\/media?parent=7036"}],"wp:term":[{"taxonomy":"product_brand","embeddable":true,"href":"https:\/\/cyberlogics.ao\/index.php\/wp-json\/wp\/v2\/product_brand?post=7036"},{"taxonomy":"product_cat","embeddable":true,"href":"https:\/\/cyberlogics.ao\/index.php\/wp-json\/wp\/v2\/product_cat?post=7036"},{"taxonomy":"product_tag","embeddable":true,"href":"https:\/\/cyberlogics.ao\/index.php\/wp-json\/wp\/v2\/product_tag?post=7036"}],"curies":[{"name":"wp","href":"https:\/\/api.w.org\/{rel}","templated":true}]}}