{"id":7044,"date":"2022-06-24T11:33:08","date_gmt":"2022-06-24T11:33:08","guid":{"rendered":"https:\/\/cyberlogics.ao\/?post_type=product&#038;p=7044"},"modified":"2023-03-22T10:08:42","modified_gmt":"2023-03-22T10:08:42","slug":"memoria-ram-para-servidores-ddr4-dell-32gb-2400mhz","status":"publish","type":"product","link":"https:\/\/cyberlogics.ao\/index.php\/product\/memoria-ram-para-servidores-ddr4-dell-32gb-2400mhz\/","title":{"rendered":"Memoria Ram para servidores DDR4 DELL 32GB 2400MHZ"},"content":{"rendered":"<div id=\"ali-anchor-AliPostDhMb-j3kgc\" class=\"mceSectionContainer\" data-section=\"AliPostDhMb-j3kgc\" data-section-title=\"Product Description\">\n<div data-spm-anchor-id=\"a2700.details.0.i41.1e96588aHRBPIk\">\n<p><a href=\"https:\/\/www.alibaba.com\/product-detail\/Stock-dell-16GB-ddr4-2400mhz-memory_1600061969136.html?spm=a2700.details.0.0.1e96588aHRBPIk\" target=\"_blank\" rel=\"noopener\" data-spm-anchor-id=\"a2700.details.0.0\"><img fetchpriority=\"high\" decoding=\"async\" src=\"https:\/\/s.alicdn.com\/@sc02\/kf\/H3051167531f940848a8115622e7a381fK\/231109790\/H3051167531f940848a8115622e7a381fK.png?quality=close\" alt=\"memoria ram para servidores ddr4 dell 32gb 2400MHZ\" width=\"750\" height=\"600\" data-src=\"\/\/s.alicdn.com\/@sc02\/kf\/H3051167531f940848a8115622e7a381fK\/231109790\/H3051167531f940848a8115622e7a381fK.png?quality=close\" data-alt=\"memoria ram para servidores ddr4 dell 32gb 2400MHZ\" data-width=\"750\" data-height=\"600\" data-spm-anchor-id=\"a2700.details.0.i40.1e96588aHRBPIk\" \/><\/a><\/p>\n<p>&nbsp;<\/p>\n<\/div>\n<\/div>\n<div id=\"ali-anchor-AliPostDhMb-8tlkq\" class=\"mceSectionContainer\" data-section=\"AliPostDhMb-8tlkq\" data-section-title=\"Quick Specs\">\n<div id=\"ali-title-AliPostDhMb-8tlkq\">Quick Specs<\/div>\n<div>\n<p>&nbsp;<\/p>\n<table border=\"1\" cellspacing=\"0\">\n<tbody>\n<tr>\n<td valign=\"top\">Products Status<\/td>\n<td valign=\"top\">Stock<\/td>\n<\/tr>\n<tr>\n<td valign=\"top\">Application<\/td>\n<td valign=\"top\">Server<\/td>\n<\/tr>\n<tr>\n<td valign=\"top\">Condition<\/td>\n<td valign=\"top\">Brand new<\/td>\n<\/tr>\n<tr>\n<td valign=\"top\">Memory Capacity<\/td>\n<td valign=\"top\">32GB<\/td>\n<\/tr>\n<tr>\n<td valign=\"top\">Type<\/td>\n<td valign=\"top\">DDR4<\/td>\n<\/tr>\n<tr>\n<td valign=\"top\">Function<\/td>\n<td valign=\"top\">ECC<\/td>\n<\/tr>\n<tr>\n<td valign=\"top\">Model Number<\/td>\n<td valign=\"top\">Ddr4 32gb 2400mhz<\/td>\n<\/tr>\n<tr>\n<td valign=\"top\">Frequency<\/td>\n<td valign=\"top\">2400MHZ<\/td>\n<\/tr>\n<tr>\n<td valign=\"top\">Place of Origin<\/td>\n<td valign=\"top\">Beijing,china<\/td>\n<\/tr>\n<tr>\n<td valign=\"top\">Warranty<\/td>\n<td valign=\"top\">1\u00a0year<\/td>\n<\/tr>\n<\/tbody>\n<\/table>\n<\/div>\n<\/div>\n<div id=\"ali-anchor-AliPostDhMb-59ft6\" class=\"mceSectionContainer\" data-section=\"AliPostDhMb-59ft6\" data-section-title=\"Detailed Images\">\n<div id=\"ali-title-AliPostDhMb-59ft6\">Detailed Images<\/div>\n<div>\n<p><a href=\"https:\/\/www.alibaba.com\/product-detail\/Stock-dell-16GB-ddr4-2400mhz-memory_1600061969136.html?spm=a2747.manage.0.0.157771d2fwpuel\" target=\"_blank\" rel=\"noopener\"><img decoding=\"async\" src=\"https:\/\/s.alicdn.com\/@sc01\/kf\/Hd061da9f304b4269ac2367a33adc0278g\/231109790\/Hd061da9f304b4269ac2367a33adc0278g.jpg?quality=close\" alt=\"memoria ram para servidores ddr4 dell 32gb 2400MHZ\" width=\"750\" height=\"750\" data-src=\"\/\/s.alicdn.com\/@sc01\/kf\/Hd061da9f304b4269ac2367a33adc0278g\/231109790\/Hd061da9f304b4269ac2367a33adc0278g.jpg?quality=close\" data-alt=\"memoria ram para servidores ddr4 dell 32gb 2400MHZ\" data-width=\"754\" data-height=\"754\" \/><\/a><img decoding=\"async\" src=\"https:\/\/s.alicdn.com\/@sc02\/kf\/H8d83543952d24af2af08c1f3c79b435aw\/231109790\/H8d83543952d24af2af08c1f3c79b435aw.jpg?quality=close\" alt=\"memoria ram para servidores ddr4 dell 32gb 2400MHZ\" width=\"750\" height=\"423.4187140616832\" data-src=\"\/\/s.alicdn.com\/@sc02\/kf\/H8d83543952d24af2af08c1f3c79b435aw\/231109790\/H8d83543952d24af2af08c1f3c79b435aw.jpg?quality=close\" data-alt=\"memoria ram para servidores ddr4 dell 32gb 2400MHZ\" data-width=\"757\" data-height=\"427\" \/><img decoding=\"async\" src=\"https:\/\/s.alicdn.com\/@sc01\/kf\/H03d6194e326f4f42a2dba2a73a521f26F\/231109790\/H03d6194e326f4f42a2dba2a73a521f26F.png?quality=close\" alt=\"memoria ram para servidores ddr4 dell 32gb 2400MHZ\" width=\"750\" height=\"750\" data-src=\"\/\/s.alicdn.com\/@sc01\/kf\/H03d6194e326f4f42a2dba2a73a521f26F\/231109790\/H03d6194e326f4f42a2dba2a73a521f26F.png?quality=close\" data-alt=\"memoria ram para servidores ddr4 dell 32gb 2400MHZ\" data-width=\"757\" data-height=\"757\" \/><\/p>\n<\/div>\n<\/div>\n<div id=\"ali-anchor-AliPostDhMb-bw073\" class=\"mceSectionContainer\" data-section=\"AliPostDhMb-bw073\" data-section-title=\"Related Products\">\n<div>\n<table border=\"1\" width=\"756\" cellspacing=\"0\">\n<tbody>\n<tr>\n<td valign=\"top\"><a href=\"https:\/\/www.alibaba.com\/product-detail\/Stock-dell-16GB-ddr4-2400mhz-memory_1600061969136.html?spm=a2747.manage.0.0.157771d2fwpuel\" target=\"_blank\" rel=\"noopener\">8GB 2400mhz DDR4 ECC DIMM<\/a><\/p>\n<p><a href=\"https:\/\/www.alibaba.com\/product-detail\/Stock-dell-16GB-ddr4-2400mhz-memory_1600061969136.html?spm=a2747.manage.0.0.157771d2fwpuel\" target=\"_blank\" rel=\"noopener\">\u00a0<\/a><\/td>\n<\/tr>\n<tr>\n<td valign=\"top\"><a href=\"https:\/\/www.alibaba.com\/product-detail\/Stock-dell-16GB-ddr4-2400mhz-memory_1600061969136.html?spm=a2747.manage.0.0.157771d2fwpuel\" target=\"_blank\" rel=\"noopener\">16GB 2400mhz DDR4 RDIMM<\/a><\/p>\n<p><a href=\"https:\/\/www.alibaba.com\/product-detail\/Stock-dell-16GB-ddr4-2400mhz-memory_1600061969136.html?spm=a2747.manage.0.0.157771d2fwpuel\" target=\"_blank\" rel=\"noopener\">\u00a0<\/a><\/td>\n<\/tr>\n<tr>\n<td valign=\"top\"><a href=\"https:\/\/www.alibaba.com\/product-detail\/Stock-dell-16GB-ddr4-2400mhz-memory_1600061969136.html?spm=a2747.manage.0.0.157771d2fwpuel\" target=\"_blank\" rel=\"noopener\">32GB 2400mhz DDR4 RDIMM<\/a><\/p>\n<p><a href=\"https:\/\/www.alibaba.com\/product-detail\/Stock-dell-16GB-ddr4-2400mhz-memory_1600061969136.html?spm=a2747.manage.0.0.157771d2fwpuel\" target=\"_blank\" rel=\"noopener\">\u00a0<\/a><\/td>\n<\/tr>\n<tr>\n<td valign=\"top\"><a href=\"https:\/\/www.alibaba.com\/product-detail\/Stock-dell-16GB-ddr4-2400mhz-memory_1600061969136.html?spm=a2700.details.0.0.1e96588aHRBPIk\" target=\"_blank\" rel=\"noopener\" data-spm-anchor-id=\"a2700.details.0.0\">64<span data-spm-anchor-id=\"a2700.details.0.i42.1e96588aHRBPIk\">GB 2400mhz DDR4 RDIMM<\/span><\/a><\/td>\n<\/tr>\n<\/tbody>\n<\/table>\n<p>&nbsp;<\/p>\n<\/div>\n<\/div>\n","protected":false},"excerpt":{"rendered":"<p>Memoria Ram para servidores DDR4 DELL 32GB 2400MHZ<\/p>\n","protected":false},"featured_media":7045,"comment_status":"open","ping_status":"closed","template":"","meta":{"_joinchat":[]},"product_brand":[],"product_cat":[235,115],"product_tag":[],"class_list":{"0":"post-7044","1":"product","2":"type-product","3":"status-publish","4":"has-post-thumbnail","6":"product_cat-armazenamento","7":"product_cat-servidores","9":"first","10":"instock","11":"shipping-taxable","12":"purchasable","13":"product-type-simple"},"yoast_head":"<!-- This site is optimized with the Yoast SEO plugin v27.4 - https:\/\/yoast.com\/product\/yoast-seo-wordpress\/ -->\n<title>Memoria Ram para servidores DDR4 DELL 32GB 2400MHZ - Cyberlogics Technologies Angola<\/title>\n<meta name=\"description\" content=\"A Maior Loja Online de Angola de Licen\u00e7as Microsoft Office | Chaves Sistemas Operativos Windows | Antiv\u00edrus | Cloud Adobe | Inform\u00e1tica &amp; Servidores | Softwares de Gest\u00e3o ERP | Gaming Hardware | UPS e Baterias &amp; Muito Mais...\" \/>\n<meta name=\"robots\" content=\"index, follow, max-snippet:-1, max-image-preview:large, max-video-preview:-1\" \/>\n<link rel=\"canonical\" href=\"https:\/\/cyberlogics.ao\/index.php\/product\/memoria-ram-para-servidores-ddr4-dell-32gb-2400mhz\/\" \/>\n<meta property=\"og:locale\" content=\"pt_PT\" \/>\n<meta property=\"og:type\" content=\"article\" \/>\n<meta property=\"og:title\" content=\"Memoria Ram para servidores DDR4 DELL 32GB 2400MHZ - Cyberlogics Technologies Angola\" \/>\n<meta property=\"og:description\" content=\"A Maior Loja Online de Angola de Licen\u00e7as Microsoft Office | Chaves Sistemas Operativos Windows | Antiv\u00edrus | Cloud Adobe | Inform\u00e1tica &amp; Servidores | Softwares de Gest\u00e3o ERP | Gaming Hardware | UPS e Baterias &amp; Muito Mais...\" \/>\n<meta property=\"og:url\" content=\"https:\/\/cyberlogics.ao\/index.php\/product\/memoria-ram-para-servidores-ddr4-dell-32gb-2400mhz\/\" \/>\n<meta property=\"og:site_name\" content=\"Cyberlogics Technologies Angola\" \/>\n<meta property=\"article:modified_time\" content=\"2023-03-22T10:08:42+00:00\" \/>\n<meta property=\"og:image\" content=\"http:\/\/cyberlogics.ao\/wp-content\/uploads\/2022\/06\/Memoria-para-servidor-dell.png\" \/>\n\t<meta property=\"og:image:width\" content=\"800\" \/>\n\t<meta property=\"og:image:height\" content=\"800\" \/>\n\t<meta property=\"og:image:type\" content=\"image\/png\" \/>\n<meta name=\"twitter:card\" content=\"summary_large_image\" \/>\n<script type=\"application\/ld+json\" class=\"yoast-schema-graph\">{\"@context\":\"https:\\\/\\\/schema.org\",\"@graph\":[{\"@type\":\"WebPage\",\"@id\":\"https:\\\/\\\/cyberlogics.ao\\\/index.php\\\/product\\\/memoria-ram-para-servidores-ddr4-dell-32gb-2400mhz\\\/\",\"url\":\"https:\\\/\\\/cyberlogics.ao\\\/index.php\\\/product\\\/memoria-ram-para-servidores-ddr4-dell-32gb-2400mhz\\\/\",\"name\":\"Memoria Ram para servidores DDR4 DELL 32GB 2400MHZ - Cyberlogics Technologies Angola\",\"isPartOf\":{\"@id\":\"https:\\\/\\\/cyberlogics.ao\\\/#website\"},\"primaryImageOfPage\":{\"@id\":\"https:\\\/\\\/cyberlogics.ao\\\/index.php\\\/product\\\/memoria-ram-para-servidores-ddr4-dell-32gb-2400mhz\\\/#primaryimage\"},\"image\":{\"@id\":\"https:\\\/\\\/cyberlogics.ao\\\/index.php\\\/product\\\/memoria-ram-para-servidores-ddr4-dell-32gb-2400mhz\\\/#primaryimage\"},\"thumbnailUrl\":\"https:\\\/\\\/cyberlogics.ao\\\/wp-content\\\/uploads\\\/2022\\\/06\\\/Memoria-para-servidor-dell.png\",\"datePublished\":\"2022-06-24T11:33:08+00:00\",\"dateModified\":\"2023-03-22T10:08:42+00:00\",\"description\":\"A Maior Loja Online de Angola de Licen\u00e7as Microsoft Office | Chaves Sistemas Operativos Windows | Antiv\u00edrus | Cloud Adobe | Inform\u00e1tica & Servidores | Softwares de Gest\u00e3o ERP | Gaming Hardware | UPS e Baterias & Muito Mais...\",\"breadcrumb\":{\"@id\":\"https:\\\/\\\/cyberlogics.ao\\\/index.php\\\/product\\\/memoria-ram-para-servidores-ddr4-dell-32gb-2400mhz\\\/#breadcrumb\"},\"inLanguage\":\"pt-PT\",\"potentialAction\":[{\"@type\":\"ReadAction\",\"target\":[\"https:\\\/\\\/cyberlogics.ao\\\/index.php\\\/product\\\/memoria-ram-para-servidores-ddr4-dell-32gb-2400mhz\\\/\"]}]},{\"@type\":\"ImageObject\",\"inLanguage\":\"pt-PT\",\"@id\":\"https:\\\/\\\/cyberlogics.ao\\\/index.php\\\/product\\\/memoria-ram-para-servidores-ddr4-dell-32gb-2400mhz\\\/#primaryimage\",\"url\":\"https:\\\/\\\/cyberlogics.ao\\\/wp-content\\\/uploads\\\/2022\\\/06\\\/Memoria-para-servidor-dell.png\",\"contentUrl\":\"https:\\\/\\\/cyberlogics.ao\\\/wp-content\\\/uploads\\\/2022\\\/06\\\/Memoria-para-servidor-dell.png\",\"width\":800,\"height\":800},{\"@type\":\"BreadcrumbList\",\"@id\":\"https:\\\/\\\/cyberlogics.ao\\\/index.php\\\/product\\\/memoria-ram-para-servidores-ddr4-dell-32gb-2400mhz\\\/#breadcrumb\",\"itemListElement\":[{\"@type\":\"ListItem\",\"position\":1,\"name\":\"In\u00edcio\",\"item\":\"https:\\\/\\\/cyberlogics.ao\\\/\"},{\"@type\":\"ListItem\",\"position\":2,\"name\":\"Produtos\",\"item\":\"https:\\\/\\\/cyberlogics.ao\\\/index.php\\\/shop-2\\\/\"},{\"@type\":\"ListItem\",\"position\":3,\"name\":\"Memoria Ram para servidores DDR4 DELL 32GB 2400MHZ\"}]},{\"@type\":\"WebSite\",\"@id\":\"https:\\\/\\\/cyberlogics.ao\\\/#website\",\"url\":\"https:\\\/\\\/cyberlogics.ao\\\/\",\"name\":\"Cyberlogics Technologies Angola\",\"description\":\"Loja Online de Licen\u00e7as de Softwares e Inform\u00e1tica\",\"publisher\":{\"@id\":\"https:\\\/\\\/cyberlogics.ao\\\/#organization\"},\"potentialAction\":[{\"@type\":\"SearchAction\",\"target\":{\"@type\":\"EntryPoint\",\"urlTemplate\":\"https:\\\/\\\/cyberlogics.ao\\\/?s={search_term_string}\"},\"query-input\":{\"@type\":\"PropertyValueSpecification\",\"valueRequired\":true,\"valueName\":\"search_term_string\"}}],\"inLanguage\":\"pt-PT\"},{\"@type\":\"Organization\",\"@id\":\"https:\\\/\\\/cyberlogics.ao\\\/#organization\",\"name\":\"Cyberlogics Ao Technologies - Loja Online de Licen\u00e7as de Softwares e Inform\u00e1tica\",\"url\":\"https:\\\/\\\/cyberlogics.ao\\\/\",\"logo\":{\"@type\":\"ImageObject\",\"inLanguage\":\"pt-PT\",\"@id\":\"https:\\\/\\\/cyberlogics.ao\\\/#\\\/schema\\\/logo\\\/image\\\/\",\"url\":\"https:\\\/\\\/cyberlogics.ao\\\/wp-content\\\/uploads\\\/2022\\\/04\\\/CT-logo.png\",\"contentUrl\":\"https:\\\/\\\/cyberlogics.ao\\\/wp-content\\\/uploads\\\/2022\\\/04\\\/CT-logo.png\",\"width\":190,\"height\":75,\"caption\":\"Cyberlogics Ao Technologies - Loja Online de Licen\u00e7as de Softwares e Inform\u00e1tica\"},\"image\":{\"@id\":\"https:\\\/\\\/cyberlogics.ao\\\/#\\\/schema\\\/logo\\\/image\\\/\"}}]}<\/script>\n<!-- \/ Yoast SEO plugin. -->","yoast_head_json":{"title":"Memoria Ram para servidores DDR4 DELL 32GB 2400MHZ - Cyberlogics Technologies Angola","description":"A Maior Loja Online de Angola de Licen\u00e7as Microsoft Office | Chaves Sistemas Operativos Windows | Antiv\u00edrus | Cloud Adobe | Inform\u00e1tica & Servidores | Softwares de Gest\u00e3o ERP | Gaming Hardware | UPS e Baterias & Muito Mais...","robots":{"index":"index","follow":"follow","max-snippet":"max-snippet:-1","max-image-preview":"max-image-preview:large","max-video-preview":"max-video-preview:-1"},"canonical":"https:\/\/cyberlogics.ao\/index.php\/product\/memoria-ram-para-servidores-ddr4-dell-32gb-2400mhz\/","og_locale":"pt_PT","og_type":"article","og_title":"Memoria Ram para servidores DDR4 DELL 32GB 2400MHZ - Cyberlogics Technologies Angola","og_description":"A Maior Loja Online de Angola de Licen\u00e7as Microsoft Office | Chaves Sistemas Operativos Windows | Antiv\u00edrus | Cloud Adobe | Inform\u00e1tica & Servidores | Softwares de Gest\u00e3o ERP | Gaming Hardware | UPS e Baterias & Muito Mais...","og_url":"https:\/\/cyberlogics.ao\/index.php\/product\/memoria-ram-para-servidores-ddr4-dell-32gb-2400mhz\/","og_site_name":"Cyberlogics Technologies Angola","article_modified_time":"2023-03-22T10:08:42+00:00","og_image":[{"width":800,"height":800,"url":"http:\/\/cyberlogics.ao\/wp-content\/uploads\/2022\/06\/Memoria-para-servidor-dell.png","type":"image\/png"}],"twitter_card":"summary_large_image","schema":{"@context":"https:\/\/schema.org","@graph":[{"@type":"WebPage","@id":"https:\/\/cyberlogics.ao\/index.php\/product\/memoria-ram-para-servidores-ddr4-dell-32gb-2400mhz\/","url":"https:\/\/cyberlogics.ao\/index.php\/product\/memoria-ram-para-servidores-ddr4-dell-32gb-2400mhz\/","name":"Memoria Ram para servidores DDR4 DELL 32GB 2400MHZ - Cyberlogics Technologies Angola","isPartOf":{"@id":"https:\/\/cyberlogics.ao\/#website"},"primaryImageOfPage":{"@id":"https:\/\/cyberlogics.ao\/index.php\/product\/memoria-ram-para-servidores-ddr4-dell-32gb-2400mhz\/#primaryimage"},"image":{"@id":"https:\/\/cyberlogics.ao\/index.php\/product\/memoria-ram-para-servidores-ddr4-dell-32gb-2400mhz\/#primaryimage"},"thumbnailUrl":"https:\/\/cyberlogics.ao\/wp-content\/uploads\/2022\/06\/Memoria-para-servidor-dell.png","datePublished":"2022-06-24T11:33:08+00:00","dateModified":"2023-03-22T10:08:42+00:00","description":"A Maior Loja Online de Angola de Licen\u00e7as Microsoft Office | Chaves Sistemas Operativos Windows | Antiv\u00edrus | Cloud Adobe | Inform\u00e1tica & Servidores | Softwares de Gest\u00e3o ERP | Gaming Hardware | UPS e Baterias & Muito Mais...","breadcrumb":{"@id":"https:\/\/cyberlogics.ao\/index.php\/product\/memoria-ram-para-servidores-ddr4-dell-32gb-2400mhz\/#breadcrumb"},"inLanguage":"pt-PT","potentialAction":[{"@type":"ReadAction","target":["https:\/\/cyberlogics.ao\/index.php\/product\/memoria-ram-para-servidores-ddr4-dell-32gb-2400mhz\/"]}]},{"@type":"ImageObject","inLanguage":"pt-PT","@id":"https:\/\/cyberlogics.ao\/index.php\/product\/memoria-ram-para-servidores-ddr4-dell-32gb-2400mhz\/#primaryimage","url":"https:\/\/cyberlogics.ao\/wp-content\/uploads\/2022\/06\/Memoria-para-servidor-dell.png","contentUrl":"https:\/\/cyberlogics.ao\/wp-content\/uploads\/2022\/06\/Memoria-para-servidor-dell.png","width":800,"height":800},{"@type":"BreadcrumbList","@id":"https:\/\/cyberlogics.ao\/index.php\/product\/memoria-ram-para-servidores-ddr4-dell-32gb-2400mhz\/#breadcrumb","itemListElement":[{"@type":"ListItem","position":1,"name":"In\u00edcio","item":"https:\/\/cyberlogics.ao\/"},{"@type":"ListItem","position":2,"name":"Produtos","item":"https:\/\/cyberlogics.ao\/index.php\/shop-2\/"},{"@type":"ListItem","position":3,"name":"Memoria Ram para servidores DDR4 DELL 32GB 2400MHZ"}]},{"@type":"WebSite","@id":"https:\/\/cyberlogics.ao\/#website","url":"https:\/\/cyberlogics.ao\/","name":"Cyberlogics Technologies Angola","description":"Loja Online de Licen\u00e7as de Softwares e Inform\u00e1tica","publisher":{"@id":"https:\/\/cyberlogics.ao\/#organization"},"potentialAction":[{"@type":"SearchAction","target":{"@type":"EntryPoint","urlTemplate":"https:\/\/cyberlogics.ao\/?s={search_term_string}"},"query-input":{"@type":"PropertyValueSpecification","valueRequired":true,"valueName":"search_term_string"}}],"inLanguage":"pt-PT"},{"@type":"Organization","@id":"https:\/\/cyberlogics.ao\/#organization","name":"Cyberlogics Ao Technologies - Loja Online de Licen\u00e7as de Softwares e Inform\u00e1tica","url":"https:\/\/cyberlogics.ao\/","logo":{"@type":"ImageObject","inLanguage":"pt-PT","@id":"https:\/\/cyberlogics.ao\/#\/schema\/logo\/image\/","url":"https:\/\/cyberlogics.ao\/wp-content\/uploads\/2022\/04\/CT-logo.png","contentUrl":"https:\/\/cyberlogics.ao\/wp-content\/uploads\/2022\/04\/CT-logo.png","width":190,"height":75,"caption":"Cyberlogics Ao Technologies - Loja Online de Licen\u00e7as de Softwares e Inform\u00e1tica"},"image":{"@id":"https:\/\/cyberlogics.ao\/#\/schema\/logo\/image\/"}}]}},"_links":{"self":[{"href":"https:\/\/cyberlogics.ao\/index.php\/wp-json\/wp\/v2\/product\/7044","targetHints":{"allow":["GET"]}}],"collection":[{"href":"https:\/\/cyberlogics.ao\/index.php\/wp-json\/wp\/v2\/product"}],"about":[{"href":"https:\/\/cyberlogics.ao\/index.php\/wp-json\/wp\/v2\/types\/product"}],"replies":[{"embeddable":true,"href":"https:\/\/cyberlogics.ao\/index.php\/wp-json\/wp\/v2\/comments?post=7044"}],"wp:featuredmedia":[{"embeddable":true,"href":"https:\/\/cyberlogics.ao\/index.php\/wp-json\/wp\/v2\/media\/7045"}],"wp:attachment":[{"href":"https:\/\/cyberlogics.ao\/index.php\/wp-json\/wp\/v2\/media?parent=7044"}],"wp:term":[{"taxonomy":"product_brand","embeddable":true,"href":"https:\/\/cyberlogics.ao\/index.php\/wp-json\/wp\/v2\/product_brand?post=7044"},{"taxonomy":"product_cat","embeddable":true,"href":"https:\/\/cyberlogics.ao\/index.php\/wp-json\/wp\/v2\/product_cat?post=7044"},{"taxonomy":"product_tag","embeddable":true,"href":"https:\/\/cyberlogics.ao\/index.php\/wp-json\/wp\/v2\/product_tag?post=7044"}],"curies":[{"name":"wp","href":"https:\/\/api.w.org\/{rel}","templated":true}]}}