{"id":7169,"date":"2023-03-27T08:28:00","date_gmt":"2023-03-27T08:28:00","guid":{"rendered":"https:\/\/cyberlogics.ao\/?post_type=product&#038;p=7169"},"modified":"2023-03-27T08:30:46","modified_gmt":"2023-03-27T08:30:46","slug":"fortinet-fortigate-60e-utm-utp-protection-1-ano","status":"publish","type":"product","link":"https:\/\/cyberlogics.ao\/index.php\/product\/fortinet-fortigate-60e-utm-utp-protection-1-ano\/","title":{"rendered":"Fortinet FortiGate-60E &#8211; UTM\/UTP Protection 1 ano"},"content":{"rendered":"<div class=\"h3 product-detail-description-title\">Product information &#8220;Fortinet FortiGate-60E &#8211; UTM\/UTP Protection&#8221;<\/div>\n<div class=\"highlighted-description-content\">\n<div class=\"cms-section-default\">\n<div class=\"product_info cms-block pos-0\">\n<div class=\"cms-block-container\">\n<div>\n<p><strong>Please note that only 1-year license extensions are still possible for this product. If you intend to extend the device longer than 1 year, multiple 1-year licenses can be stacked until end-of-life (3 years = 3x 1 year). Currently, the device is still in the end-of-sale cycle, but will soon go end-of-life, where trade-ups or license extensions will no longer be possible.<\/strong><\/p>\n<p>We are happy to offer you a trade-up before the end of life.<\/p>\n<\/div>\n<div>\n<p><strong>Caution! Please refer to the\u00a0<a href=\"https:\/\/www.enbitcon.com\/widgets\/cms\/e6adce1fe4f44f35aa0189d68dccc1ae\" data-toggle=\"modal\" data-url=\"\/widgets\/cms\/e6adce1fe4f44f35aa0189d68dccc1ae\">Fortinet Continous Service policy<\/a>\u00a0for license renewals if your license is about to expire or has already expired!<\/strong><\/p>\n<\/div>\n<\/div>\n<\/div>\n<\/div>\n<\/div>\n<div class=\"short-description\">\n<div>The Fortinet UTP Protection license bundle provides comprehensive network security for your IT infrastructure. In addition to the Fortinet hardware appliance, the bundle also includes FortiCare and FortiGuard.<\/div>\n<\/div>\n<div class=\"description\">\n<h3>Fortinet Unified Threat Protection (UTP)<\/h3>\n<div class=\"lizenz\">\n<table>\n<tbody>\n<tr>\n<td colspan=\"4\"><strong>\u00a0Enterprise Protection<\/strong><\/td>\n<\/tr>\n<tr>\n<td colspan=\"3\"><strong>\u00a0Unified Threat Protection (UTP)<\/strong><\/td>\n<td><\/td>\n<\/tr>\n<tr>\n<td colspan=\"2\"><strong>\u00a0Advanced Threat Protection (ATP)<\/strong><\/td>\n<td><\/td>\n<td><\/td>\n<\/tr>\n<tr>\n<td><strong>\u00a0Basic functionality<\/strong><\/td>\n<td><\/td>\n<td><\/td>\n<td><\/td>\n<\/tr>\n<tr>\n<td><a href=\"https:\/\/www.enbitcon.com\/shop\/fortinet\/fortigate-firewall\/end-of-sale\/fortigate-60e\/fortinet-fortigate-60e-utm-utp-protection-fc-10-0060e-950-02-12#ftnt-grundfunktionalitaet\"><img decoding=\"async\" src=\"https:\/\/www.enbitcon.de\/media\/19\/b9\/83\/1620996288\/Fortinet-VPN-Neu.png\" alt=\"Fortinet VPN\" width=\"96\" height=\"96\" data-toggle=\"modal\" data-url=\"\/widgets\/cms\/76f6c5cdeeb542f2b18b529f0473caa2\" \/><\/a><\/td>\n<td><a href=\"https:\/\/www.enbitcon.com\/shop\/fortinet\/fortigate-firewall\/end-of-sale\/fortigate-60e\/fortinet-fortigate-60e-utm-utp-protection-fc-10-0060e-950-02-12#ftnt-atp\"><img decoding=\"async\" src=\"https:\/\/www.enbitcon.de\/media\/c0\/3b\/6a\/1621926984\/Fortinet-Anti-Virus-NEU.png\" alt=\"Fortinet Antivirus\" width=\"96\" height=\"96\" data-toggle=\"modal\" data-url=\"\/widgets\/cms\/76f6c5cdeeb542f2b18b529f0473caa2\" \/><\/a><\/td>\n<td><a href=\"https:\/\/www.enbitcon.com\/shop\/fortinet\/fortigate-firewall\/end-of-sale\/fortigate-60e\/fortinet-fortigate-60e-utm-utp-protection-fc-10-0060e-950-02-12#ftnt-utp\"><img decoding=\"async\" src=\"https:\/\/www.enbitcon.de\/media\/4f\/5d\/e5\/1621926984\/Fortinet-Anti-Spam-NEU.png\" alt=\"Fortinet Anti-Spam\" width=\"96\" height=\"96\" data-toggle=\"modal\" data-url=\"\/widgets\/cms\/76f6c5cdeeb542f2b18b529f0473caa2\" \/><\/a><\/td>\n<td><a href=\"https:\/\/www.enbitcon.com\/shop\/fortinet\/fortigate-firewall\/end-of-sale\/fortigate-60e\/fortinet-fortigate-60e-utm-utp-protection-fc-10-0060e-950-02-12#ftnt-enterprise\"><img loading=\"lazy\" decoding=\"async\" src=\"https:\/\/www.enbitcon.de\/media\/c9\/25\/c5\/1622034132\/Fortinet-Industrial-Security-Service-Inaktiv-NEU.png\" alt=\"Fortinet Industrial Security Service\" width=\"96\" height=\"96\" data-toggle=\"modal\" data-url=\"\/widgets\/cms\/76f6c5cdeeb542f2b18b529f0473caa2\" \/><\/a><\/td>\n<\/tr>\n<tr>\n<td><strong>Virtual Private Network (VPN)<\/strong><\/td>\n<td><strong>Antivirus<\/strong><\/td>\n<td><strong>Antispam<\/strong><\/td>\n<td><strong>Industrial Security Services<\/strong><\/td>\n<\/tr>\n<tr>\n<td><a href=\"https:\/\/www.enbitcon.com\/shop\/fortinet\/fortigate-firewall\/end-of-sale\/fortigate-60e\/fortinet-fortigate-60e-utm-utp-protection-fc-10-0060e-950-02-12#ftnt-grundfunktionalitaet\"><img loading=\"lazy\" decoding=\"async\" src=\"https:\/\/www.enbitcon.de\/media\/b6\/7c\/eb\/1620997680\/Fortinet-SD-WAN-Services-Neu.png\" alt=\"Fortinet SD-WAN Services\" width=\"96\" height=\"96\" data-toggle=\"modal\" data-url=\"\/widgets\/cms\/76f6c5cdeeb542f2b18b529f0473caa2\" \/><\/a><\/td>\n<td><a href=\"https:\/\/www.enbitcon.com\/shop\/fortinet\/fortigate-firewall\/end-of-sale\/fortigate-60e\/fortinet-fortigate-60e-utm-utp-protection-fc-10-0060e-950-02-12#ftnt-atp\"><img loading=\"lazy\" decoding=\"async\" src=\"https:\/\/www.enbitcon.de\/media\/88\/a7\/ae\/1621926984\/Fortinet-Intrusion-Prevention-NEU.png\" alt=\"Fortinet Intrusion Prevention System\" width=\"96\" height=\"96\" data-toggle=\"modal\" data-url=\"\/widgets\/cms\/76f6c5cdeeb542f2b18b529f0473caa2\" \/><\/a><\/td>\n<td><a href=\"https:\/\/www.enbitcon.com\/shop\/fortinet\/fortigate-firewall\/end-of-sale\/fortigate-60e\/fortinet-fortigate-60e-utm-utp-protection-fc-10-0060e-950-02-12#ftnt-utp\"><img loading=\"lazy\" decoding=\"async\" src=\"https:\/\/www.enbitcon.de\/media\/db\/44\/b1\/1621926984\/Fortinet-Web-Filter-NEU.png\" alt=\"Fortinet Web Filter\" width=\"96\" height=\"96\" data-toggle=\"modal\" data-url=\"\/widgets\/cms\/76f6c5cdeeb542f2b18b529f0473caa2\" \/><\/a><\/td>\n<td><a href=\"https:\/\/www.enbitcon.com\/shop\/fortinet\/fortigate-firewall\/end-of-sale\/fortigate-60e\/fortinet-fortigate-60e-utm-utp-protection-fc-10-0060e-950-02-12#ftnt-enterprise\"><img loading=\"lazy\" decoding=\"async\" src=\"https:\/\/www.enbitcon.de\/media\/1a\/c5\/08\/1622034132\/Fortinet-IoT-Services-Inaktiv-NEU.png\" alt=\"Fortinet IoT Services\" width=\"96\" height=\"96\" data-toggle=\"modal\" data-url=\"\/widgets\/cms\/76f6c5cdeeb542f2b18b529f0473caa2\" \/><\/a><\/td>\n<\/tr>\n<tr>\n<td><strong>SD-WAN Services<\/strong><\/td>\n<td><strong>Intrusion Prevention System (IPS)<\/strong><\/td>\n<td><strong>Web &amp; Video Filter<\/strong><\/td>\n<td><strong>IoT Detection<\/strong><\/td>\n<\/tr>\n<tr>\n<td><a href=\"https:\/\/www.enbitcon.com\/shop\/fortinet\/fortigate-firewall\/end-of-sale\/fortigate-60e\/fortinet-fortigate-60e-utm-utp-protection-fc-10-0060e-950-02-12#ftnt-grundfunktionalitaet\"><img loading=\"lazy\" decoding=\"async\" src=\"https:\/\/www.enbitcon.de\/media\/70\/19\/3a\/1620998324\/Fortinet-Applikationskontrolle-NEU.png\" alt=\"Fortinet Applikationskontrolle\" width=\"96\" height=\"96\" data-toggle=\"modal\" data-url=\"\/widgets\/cms\/76f6c5cdeeb542f2b18b529f0473caa2\" \/><\/a><\/td>\n<td><a href=\"https:\/\/www.enbitcon.com\/shop\/fortinet\/fortigate-firewall\/end-of-sale\/fortigate-60e\/fortinet-fortigate-60e-utm-utp-protection-fc-10-0060e-950-02-12#ftnt-atp\"><img loading=\"lazy\" decoding=\"async\" src=\"https:\/\/www.enbitcon.de\/media\/f3\/23\/81\/1621926984\/Fortinet-Mobile-Security-NEU.png\" alt=\"Fortinet Mobile Security\" width=\"96\" height=\"96\" data-toggle=\"modal\" data-url=\"\/widgets\/cms\/76f6c5cdeeb542f2b18b529f0473caa2\" \/><\/a><\/td>\n<td><\/td>\n<td><a href=\"https:\/\/www.enbitcon.com\/shop\/fortinet\/fortigate-firewall\/end-of-sale\/fortigate-60e\/fortinet-fortigate-60e-utm-utp-protection-fc-10-0060e-950-02-12#ftnt-enterprise\"><img loading=\"lazy\" decoding=\"async\" src=\"https:\/\/www.enbitcon.de\/media\/6f\/a5\/6b\/1622034132\/Fortinet-FortiConverter-Service-Inaktiv-NEU.png\" alt=\"Fortinet FortiConverter Service\" width=\"96\" height=\"96\" data-toggle=\"modal\" data-url=\"\/widgets\/cms\/76f6c5cdeeb542f2b18b529f0473caa2\" \/><\/a><\/td>\n<\/tr>\n<tr>\n<td><strong>Applikationskontrolle<\/strong><\/td>\n<td><strong>Mobile Security<\/strong><\/td>\n<td><\/td>\n<td><strong>FortiConverter Service<\/strong><\/td>\n<\/tr>\n<tr>\n<td><a href=\"https:\/\/www.enbitcon.com\/shop\/fortinet\/fortigate-firewall\/end-of-sale\/fortigate-60e\/fortinet-fortigate-60e-utm-utp-protection-fc-10-0060e-950-02-12#ftnt-grundfunktionalitaet\"><img loading=\"lazy\" decoding=\"async\" src=\"https:\/\/www.enbitcon.de\/media\/a7\/b7\/2c\/1620999167\/Fortinet-FortiCare-Support-NEU.png\" alt=\"Fortinet FortiCare Support\" width=\"96\" height=\"96\" data-toggle=\"modal\" data-url=\"\/widgets\/cms\/76f6c5cdeeb542f2b18b529f0473caa2\" \/><\/a><\/td>\n<td><a href=\"https:\/\/www.enbitcon.com\/shop\/fortinet\/fortigate-firewall\/end-of-sale\/fortigate-60e\/fortinet-fortigate-60e-utm-utp-protection-fc-10-0060e-950-02-12#ftnt-atp\"><img loading=\"lazy\" decoding=\"async\" src=\"https:\/\/www.enbitcon.de\/media\/5a\/77\/38\/1621926984\/Fortinet-FortiSandbox-NEU.png\" alt=\"Fortinet FortiSandbox Cloud\" width=\"96\" height=\"96\" data-toggle=\"modal\" data-url=\"\/widgets\/cms\/76f6c5cdeeb542f2b18b529f0473caa2\" \/><\/a><\/td>\n<td><\/td>\n<td><a href=\"https:\/\/www.enbitcon.com\/shop\/fortinet\/fortigate-firewall\/end-of-sale\/fortigate-60e\/fortinet-fortigate-60e-utm-utp-protection-fc-10-0060e-950-02-12#ftnt-enterprise\"><img loading=\"lazy\" decoding=\"async\" src=\"https:\/\/www.enbitcon.de\/media\/a4\/3b\/3f\/1622034132\/Fortinet-Security-Rating-Service-Inaktiv-NEU.png\" alt=\"Fortinet Security Rating Service\" width=\"96\" height=\"96\" data-toggle=\"modal\" data-url=\"\/widgets\/cms\/76f6c5cdeeb542f2b18b529f0473caa2\" \/><\/a><\/td>\n<\/tr>\n<tr>\n<td><strong>FortiCare Support*<\/strong><\/td>\n<td><strong>FortiSandbox Cloud<\/strong><\/td>\n<td><\/td>\n<td><strong>Security Rating Service<\/strong><\/td>\n<\/tr>\n<\/tbody>\n<\/table>\n<\/div>\n<p><em>* Please note that you can only use FortiCare Support for 90 days without a license.<br \/>\n** Inactive elements are not included in this bundle.<br \/>\n<\/em><\/p>\n<p><a class=\"btn enbitcon-button\" href=\"https:\/\/www.enbitcon.com\/widgets\/cms\/76f6c5cdeeb542f2b18b529f0473caa2\" data-url=\"\/widgets\/cms\/76f6c5cdeeb542f2b18b529f0473caa2\" data-toggle=\"modal\">FortiGate license information<\/a><\/p>\n<p><a class=\"btn enbitcon-button\" href=\"https:\/\/www.enbitcon.com\/widgets\/cms\/d7e154d478304ace951f236cab7fd921\" data-url=\"\/widgets\/cms\/d7e154d478304ace951f236cab7fd921\" data-toggle=\"modal\">FortiGate license overview<\/a>\u00a0<a class=\"btn enbitcon-button\" href=\"https:\/\/www.enbitcon.com\/widgets\/cms\/ff3696a800ff4b24a8b93ac5ab967f84\" data-url=\"\/widgets\/cms\/ff3696a800ff4b24a8b93ac5ab967f84\" data-toggle=\"modal\">FortiGate SMB Sizing Guide<\/a>\u00a0<a class=\"btn enbitcon-button\" href=\"https:\/\/www.enbitcon.com\/widgets\/cms\/d89723e2eea84b29bff8ea986681786f\" data-url=\"\/widgets\/cms\/d89723e2eea84b29bff8ea986681786f\" data-toggle=\"modal\">FortiGate Live-Demo<\/a>\u00a0<a class=\"btn enbitcon-button\" href=\"https:\/\/www.enbitcon.com\/widgets\/cms\/0becefa2cb8044d29c53346eca507e3d\" data-url=\"\/widgets\/cms\/0becefa2cb8044d29c53346eca507e3d\" data-toggle=\"modal\">FortiGate Video<\/a><\/p>\n<\/div>\n<div class=\"product-detail-properties\">\n<h2>Product information<\/h2>\n<div class=\"row product-detail-properties-container\">\n<div class=\"col-md-12 col-lg-12 col-xl-12\">\n<table class=\"table table-striped product-detail-properties-table\">\n<tbody>\n<tr class=\"properties-row\">\n<th class=\"properties-label\">DSL Modem:<\/th>\n<td class=\"properties-value\">No<\/td>\n<\/tr>\n<tr class=\"properties-row\">\n<th class=\"properties-label\">Integrated AP:<\/th>\n<td class=\"properties-value\">No<\/td>\n<\/tr>\n<tr class=\"properties-row\">\n<th class=\"properties-label\">Licence:<\/th>\n<td class=\"properties-value\">UTM\/UTP Protection<\/td>\n<\/tr>\n<tr class=\"properties-row\">\n<th class=\"properties-label\">PoE:<\/th>\n<td class=\"properties-value\">No<\/td>\n<\/tr>\n<tr class=\"properties-row\">\n<th class=\"properties-label\">Term:<\/th>\n<td class=\"properties-value\">1 Year<\/td>\n<\/tr>\n<tr class=\"properties-row\">\n<th class=\"properties-label\">Internal storage:<\/th>\n<td class=\"properties-value\">No<\/td>\n<\/tr>\n<\/tbody>\n<\/table>\n<\/div>\n<\/div>\n<\/div>\n","protected":false},"excerpt":{"rendered":"<p>Product information &#8220;Fortinet FortiGate-60E &#8211; UTM\/UTP Protection&#8221; Please note that only 1-year license extensions are still possible for this product. If you intend to extend the device longer than 1<\/p>\n","protected":false},"featured_media":7170,"comment_status":"open","ping_status":"closed","template":"","meta":{"_joinchat":[]},"product_brand":[],"product_cat":[300,302],"product_tag":[],"class_list":{"0":"post-7169","1":"product","2":"type-product","3":"status-publish","4":"has-post-thumbnail","6":"product_cat-firewall","7":"product_cat-fortinet","9":"first","10":"instock","11":"shipping-taxable","12":"purchasable","13":"product-type-simple"},"yoast_head":"<!-- This site is optimized with the Yoast SEO plugin v27.4 - https:\/\/yoast.com\/product\/yoast-seo-wordpress\/ -->\n<title>Fortinet FortiGate-60E - UTM\/UTP Protection 1 ano - Cyberlogics Technologies Angola<\/title>\n<meta name=\"description\" content=\"A Maior Loja Online de Angola de Licen\u00e7as Microsoft Office | Chaves Sistemas Operativos Windows | Antiv\u00edrus | Cloud Adobe | Inform\u00e1tica &amp; Servidores | Softwares de Gest\u00e3o ERP | Gaming Hardware | UPS e Baterias &amp; Muito Mais...\" \/>\n<meta name=\"robots\" content=\"index, follow, max-snippet:-1, max-image-preview:large, max-video-preview:-1\" \/>\n<link rel=\"canonical\" href=\"https:\/\/cyberlogics.ao\/index.php\/product\/fortinet-fortigate-60e-utm-utp-protection-1-ano\/\" \/>\n<meta property=\"og:locale\" content=\"pt_PT\" \/>\n<meta property=\"og:type\" content=\"article\" \/>\n<meta property=\"og:title\" content=\"Fortinet FortiGate-60E - UTM\/UTP Protection 1 ano - Cyberlogics Technologies Angola\" \/>\n<meta property=\"og:description\" content=\"A Maior Loja Online de Angola de Licen\u00e7as Microsoft Office | Chaves Sistemas Operativos Windows | Antiv\u00edrus | Cloud Adobe | Inform\u00e1tica &amp; Servidores | Softwares de Gest\u00e3o ERP | Gaming Hardware | UPS e Baterias &amp; Muito Mais...\" \/>\n<meta property=\"og:url\" content=\"https:\/\/cyberlogics.ao\/index.php\/product\/fortinet-fortigate-60e-utm-utp-protection-1-ano\/\" \/>\n<meta property=\"og:site_name\" content=\"Cyberlogics Technologies Angola\" \/>\n<meta property=\"article:modified_time\" content=\"2023-03-27T08:30:46+00:00\" \/>\n<meta property=\"og:image\" content=\"http:\/\/cyberlogics.ao\/wp-content\/uploads\/2023\/03\/UTMUTP-Lizenz-e1679905628776.webp\" \/>\n\t<meta property=\"og:image:width\" content=\"917\" \/>\n\t<meta property=\"og:image:height\" content=\"900\" \/>\n\t<meta property=\"og:image:type\" content=\"image\/webp\" \/>\n<meta name=\"twitter:card\" content=\"summary_large_image\" \/>\n<meta name=\"twitter:label1\" content=\"Tempo estimado de leitura\" \/>\n\t<meta name=\"twitter:data1\" content=\"5 minutos\" \/>\n<script type=\"application\/ld+json\" class=\"yoast-schema-graph\">{\"@context\":\"https:\\\/\\\/schema.org\",\"@graph\":[{\"@type\":\"WebPage\",\"@id\":\"https:\\\/\\\/cyberlogics.ao\\\/index.php\\\/product\\\/fortinet-fortigate-60e-utm-utp-protection-1-ano\\\/\",\"url\":\"https:\\\/\\\/cyberlogics.ao\\\/index.php\\\/product\\\/fortinet-fortigate-60e-utm-utp-protection-1-ano\\\/\",\"name\":\"Fortinet FortiGate-60E - UTM\\\/UTP Protection 1 ano - Cyberlogics Technologies Angola\",\"isPartOf\":{\"@id\":\"https:\\\/\\\/cyberlogics.ao\\\/#website\"},\"primaryImageOfPage\":{\"@id\":\"https:\\\/\\\/cyberlogics.ao\\\/index.php\\\/product\\\/fortinet-fortigate-60e-utm-utp-protection-1-ano\\\/#primaryimage\"},\"image\":{\"@id\":\"https:\\\/\\\/cyberlogics.ao\\\/index.php\\\/product\\\/fortinet-fortigate-60e-utm-utp-protection-1-ano\\\/#primaryimage\"},\"thumbnailUrl\":\"https:\\\/\\\/cyberlogics.ao\\\/wp-content\\\/uploads\\\/2023\\\/03\\\/UTMUTP-Lizenz-e1679905628776.webp\",\"datePublished\":\"2023-03-27T08:28:00+00:00\",\"dateModified\":\"2023-03-27T08:30:46+00:00\",\"description\":\"A Maior Loja Online de Angola de Licen\u00e7as Microsoft Office | Chaves Sistemas Operativos Windows | Antiv\u00edrus | Cloud Adobe | Inform\u00e1tica & Servidores | Softwares de Gest\u00e3o ERP | Gaming Hardware | UPS e Baterias & Muito Mais...\",\"breadcrumb\":{\"@id\":\"https:\\\/\\\/cyberlogics.ao\\\/index.php\\\/product\\\/fortinet-fortigate-60e-utm-utp-protection-1-ano\\\/#breadcrumb\"},\"inLanguage\":\"pt-PT\",\"potentialAction\":[{\"@type\":\"ReadAction\",\"target\":[\"https:\\\/\\\/cyberlogics.ao\\\/index.php\\\/product\\\/fortinet-fortigate-60e-utm-utp-protection-1-ano\\\/\"]}]},{\"@type\":\"ImageObject\",\"inLanguage\":\"pt-PT\",\"@id\":\"https:\\\/\\\/cyberlogics.ao\\\/index.php\\\/product\\\/fortinet-fortigate-60e-utm-utp-protection-1-ano\\\/#primaryimage\",\"url\":\"https:\\\/\\\/cyberlogics.ao\\\/wp-content\\\/uploads\\\/2023\\\/03\\\/UTMUTP-Lizenz-e1679905628776.webp\",\"contentUrl\":\"https:\\\/\\\/cyberlogics.ao\\\/wp-content\\\/uploads\\\/2023\\\/03\\\/UTMUTP-Lizenz-e1679905628776.webp\",\"width\":917,\"height\":900},{\"@type\":\"BreadcrumbList\",\"@id\":\"https:\\\/\\\/cyberlogics.ao\\\/index.php\\\/product\\\/fortinet-fortigate-60e-utm-utp-protection-1-ano\\\/#breadcrumb\",\"itemListElement\":[{\"@type\":\"ListItem\",\"position\":1,\"name\":\"In\u00edcio\",\"item\":\"https:\\\/\\\/cyberlogics.ao\\\/\"},{\"@type\":\"ListItem\",\"position\":2,\"name\":\"Produtos\",\"item\":\"https:\\\/\\\/cyberlogics.ao\\\/index.php\\\/shop-2\\\/\"},{\"@type\":\"ListItem\",\"position\":3,\"name\":\"Fortinet FortiGate-60E &#8211; UTM\\\/UTP Protection 1 ano\"}]},{\"@type\":\"WebSite\",\"@id\":\"https:\\\/\\\/cyberlogics.ao\\\/#website\",\"url\":\"https:\\\/\\\/cyberlogics.ao\\\/\",\"name\":\"Cyberlogics Technologies Angola\",\"description\":\"Loja Online de Licen\u00e7as de Softwares e Inform\u00e1tica\",\"publisher\":{\"@id\":\"https:\\\/\\\/cyberlogics.ao\\\/#organization\"},\"potentialAction\":[{\"@type\":\"SearchAction\",\"target\":{\"@type\":\"EntryPoint\",\"urlTemplate\":\"https:\\\/\\\/cyberlogics.ao\\\/?s={search_term_string}\"},\"query-input\":{\"@type\":\"PropertyValueSpecification\",\"valueRequired\":true,\"valueName\":\"search_term_string\"}}],\"inLanguage\":\"pt-PT\"},{\"@type\":\"Organization\",\"@id\":\"https:\\\/\\\/cyberlogics.ao\\\/#organization\",\"name\":\"Cyberlogics Ao Technologies - Loja Online de Licen\u00e7as de Softwares e Inform\u00e1tica\",\"url\":\"https:\\\/\\\/cyberlogics.ao\\\/\",\"logo\":{\"@type\":\"ImageObject\",\"inLanguage\":\"pt-PT\",\"@id\":\"https:\\\/\\\/cyberlogics.ao\\\/#\\\/schema\\\/logo\\\/image\\\/\",\"url\":\"https:\\\/\\\/cyberlogics.ao\\\/wp-content\\\/uploads\\\/2022\\\/04\\\/CT-logo.png\",\"contentUrl\":\"https:\\\/\\\/cyberlogics.ao\\\/wp-content\\\/uploads\\\/2022\\\/04\\\/CT-logo.png\",\"width\":190,\"height\":75,\"caption\":\"Cyberlogics Ao Technologies - Loja Online de Licen\u00e7as de Softwares e Inform\u00e1tica\"},\"image\":{\"@id\":\"https:\\\/\\\/cyberlogics.ao\\\/#\\\/schema\\\/logo\\\/image\\\/\"}}]}<\/script>\n<!-- \/ Yoast SEO plugin. -->","yoast_head_json":{"title":"Fortinet FortiGate-60E - UTM\/UTP Protection 1 ano - Cyberlogics Technologies Angola","description":"A Maior Loja Online de Angola de Licen\u00e7as Microsoft Office | Chaves Sistemas Operativos Windows | Antiv\u00edrus | Cloud Adobe | Inform\u00e1tica & Servidores | Softwares de Gest\u00e3o ERP | Gaming Hardware | UPS e Baterias & Muito Mais...","robots":{"index":"index","follow":"follow","max-snippet":"max-snippet:-1","max-image-preview":"max-image-preview:large","max-video-preview":"max-video-preview:-1"},"canonical":"https:\/\/cyberlogics.ao\/index.php\/product\/fortinet-fortigate-60e-utm-utp-protection-1-ano\/","og_locale":"pt_PT","og_type":"article","og_title":"Fortinet FortiGate-60E - UTM\/UTP Protection 1 ano - Cyberlogics Technologies Angola","og_description":"A Maior Loja Online de Angola de Licen\u00e7as Microsoft Office | Chaves Sistemas Operativos Windows | Antiv\u00edrus | Cloud Adobe | Inform\u00e1tica & Servidores | Softwares de Gest\u00e3o ERP | Gaming Hardware | UPS e Baterias & Muito Mais...","og_url":"https:\/\/cyberlogics.ao\/index.php\/product\/fortinet-fortigate-60e-utm-utp-protection-1-ano\/","og_site_name":"Cyberlogics Technologies Angola","article_modified_time":"2023-03-27T08:30:46+00:00","og_image":[{"width":917,"height":900,"url":"http:\/\/cyberlogics.ao\/wp-content\/uploads\/2023\/03\/UTMUTP-Lizenz-e1679905628776.webp","type":"image\/webp"}],"twitter_card":"summary_large_image","twitter_misc":{"Tempo estimado de leitura":"5 minutos"},"schema":{"@context":"https:\/\/schema.org","@graph":[{"@type":"WebPage","@id":"https:\/\/cyberlogics.ao\/index.php\/product\/fortinet-fortigate-60e-utm-utp-protection-1-ano\/","url":"https:\/\/cyberlogics.ao\/index.php\/product\/fortinet-fortigate-60e-utm-utp-protection-1-ano\/","name":"Fortinet FortiGate-60E - UTM\/UTP Protection 1 ano - Cyberlogics Technologies Angola","isPartOf":{"@id":"https:\/\/cyberlogics.ao\/#website"},"primaryImageOfPage":{"@id":"https:\/\/cyberlogics.ao\/index.php\/product\/fortinet-fortigate-60e-utm-utp-protection-1-ano\/#primaryimage"},"image":{"@id":"https:\/\/cyberlogics.ao\/index.php\/product\/fortinet-fortigate-60e-utm-utp-protection-1-ano\/#primaryimage"},"thumbnailUrl":"https:\/\/cyberlogics.ao\/wp-content\/uploads\/2023\/03\/UTMUTP-Lizenz-e1679905628776.webp","datePublished":"2023-03-27T08:28:00+00:00","dateModified":"2023-03-27T08:30:46+00:00","description":"A Maior Loja Online de Angola de Licen\u00e7as Microsoft Office | Chaves Sistemas Operativos Windows | Antiv\u00edrus | Cloud Adobe | Inform\u00e1tica & Servidores | Softwares de Gest\u00e3o ERP | Gaming Hardware | UPS e Baterias & Muito Mais...","breadcrumb":{"@id":"https:\/\/cyberlogics.ao\/index.php\/product\/fortinet-fortigate-60e-utm-utp-protection-1-ano\/#breadcrumb"},"inLanguage":"pt-PT","potentialAction":[{"@type":"ReadAction","target":["https:\/\/cyberlogics.ao\/index.php\/product\/fortinet-fortigate-60e-utm-utp-protection-1-ano\/"]}]},{"@type":"ImageObject","inLanguage":"pt-PT","@id":"https:\/\/cyberlogics.ao\/index.php\/product\/fortinet-fortigate-60e-utm-utp-protection-1-ano\/#primaryimage","url":"https:\/\/cyberlogics.ao\/wp-content\/uploads\/2023\/03\/UTMUTP-Lizenz-e1679905628776.webp","contentUrl":"https:\/\/cyberlogics.ao\/wp-content\/uploads\/2023\/03\/UTMUTP-Lizenz-e1679905628776.webp","width":917,"height":900},{"@type":"BreadcrumbList","@id":"https:\/\/cyberlogics.ao\/index.php\/product\/fortinet-fortigate-60e-utm-utp-protection-1-ano\/#breadcrumb","itemListElement":[{"@type":"ListItem","position":1,"name":"In\u00edcio","item":"https:\/\/cyberlogics.ao\/"},{"@type":"ListItem","position":2,"name":"Produtos","item":"https:\/\/cyberlogics.ao\/index.php\/shop-2\/"},{"@type":"ListItem","position":3,"name":"Fortinet FortiGate-60E &#8211; UTM\/UTP Protection 1 ano"}]},{"@type":"WebSite","@id":"https:\/\/cyberlogics.ao\/#website","url":"https:\/\/cyberlogics.ao\/","name":"Cyberlogics Technologies Angola","description":"Loja Online de Licen\u00e7as de Softwares e Inform\u00e1tica","publisher":{"@id":"https:\/\/cyberlogics.ao\/#organization"},"potentialAction":[{"@type":"SearchAction","target":{"@type":"EntryPoint","urlTemplate":"https:\/\/cyberlogics.ao\/?s={search_term_string}"},"query-input":{"@type":"PropertyValueSpecification","valueRequired":true,"valueName":"search_term_string"}}],"inLanguage":"pt-PT"},{"@type":"Organization","@id":"https:\/\/cyberlogics.ao\/#organization","name":"Cyberlogics Ao Technologies - Loja Online de Licen\u00e7as de Softwares e Inform\u00e1tica","url":"https:\/\/cyberlogics.ao\/","logo":{"@type":"ImageObject","inLanguage":"pt-PT","@id":"https:\/\/cyberlogics.ao\/#\/schema\/logo\/image\/","url":"https:\/\/cyberlogics.ao\/wp-content\/uploads\/2022\/04\/CT-logo.png","contentUrl":"https:\/\/cyberlogics.ao\/wp-content\/uploads\/2022\/04\/CT-logo.png","width":190,"height":75,"caption":"Cyberlogics Ao Technologies - Loja Online de Licen\u00e7as de Softwares e Inform\u00e1tica"},"image":{"@id":"https:\/\/cyberlogics.ao\/#\/schema\/logo\/image\/"}}]}},"_links":{"self":[{"href":"https:\/\/cyberlogics.ao\/index.php\/wp-json\/wp\/v2\/product\/7169","targetHints":{"allow":["GET"]}}],"collection":[{"href":"https:\/\/cyberlogics.ao\/index.php\/wp-json\/wp\/v2\/product"}],"about":[{"href":"https:\/\/cyberlogics.ao\/index.php\/wp-json\/wp\/v2\/types\/product"}],"replies":[{"embeddable":true,"href":"https:\/\/cyberlogics.ao\/index.php\/wp-json\/wp\/v2\/comments?post=7169"}],"wp:featuredmedia":[{"embeddable":true,"href":"https:\/\/cyberlogics.ao\/index.php\/wp-json\/wp\/v2\/media\/7170"}],"wp:attachment":[{"href":"https:\/\/cyberlogics.ao\/index.php\/wp-json\/wp\/v2\/media?parent=7169"}],"wp:term":[{"taxonomy":"product_brand","embeddable":true,"href":"https:\/\/cyberlogics.ao\/index.php\/wp-json\/wp\/v2\/product_brand?post=7169"},{"taxonomy":"product_cat","embeddable":true,"href":"https:\/\/cyberlogics.ao\/index.php\/wp-json\/wp\/v2\/product_cat?post=7169"},{"taxonomy":"product_tag","embeddable":true,"href":"https:\/\/cyberlogics.ao\/index.php\/wp-json\/wp\/v2\/product_tag?post=7169"}],"curies":[{"name":"wp","href":"https:\/\/api.w.org\/{rel}","templated":true}]}}