{"id":7176,"date":"2023-03-27T09:25:25","date_gmt":"2023-03-27T09:25:25","guid":{"rendered":"https:\/\/cyberlogics.ao\/?post_type=product&#038;p=7176"},"modified":"2023-03-27T09:25:25","modified_gmt":"2023-03-27T09:25:25","slug":"placa-grafica-nvidia-profissional-a40-48gb-ddr6","status":"publish","type":"product","link":"https:\/\/cyberlogics.ao\/index.php\/product\/placa-grafica-nvidia-profissional-a40-48gb-ddr6\/","title":{"rendered":"PLACA GRAFICA NVIDIA PROFISSIONAL A40 48GB DDR6"},"content":{"rendered":"<div>\n<div class=\"page-section-textpar textcomponentenhanced\">\n<div id=\"page_section_textpar2f8e57e6_1046_402c_ab46_b38267130770\">\n<div class=\"general-container-text small-12 mob-p-content medium-12 tab-p-content large-12 lap-p-content large-12 d-p-content  p-t-0 p-b-45  lap-p-t-0 lap-p-b-45  tab-p-t-0 tab-p-b-45  mob-p-t-0 mob-p-b-45 \">\n<div class=\"text-center lap-text-center tab-text-center mob-text-center\">\n<h2 class=\"title color-brand-green   h2 uppercase\">Specifications<\/h2>\n<\/div>\n<\/div>\n<\/div>\n<\/div>\n<\/div>\n<div class=\"container\">\n<div class=\"page-section-par parsys\">\n<div class=\"rawHtml section\">\n<div class=\" p-t-0 p-b-0 lap-p-t-0 lap-p-b-0 mob-p-t-0 mob-p-b-0 tab-p-t-0 tab-p-b-0\">\n<div class=\"scroll-wrapper-spec\">\n<div class=\"scroller-spec\">\n<table class=\"coloredTable-spec\" border=\"0\" cellspacing=\"0\" cellpadding=\"0\">\n<tbody>\n<tr class=\"specs-row\">\n<td class=\"specsCell black sticky-col\">GPU Memory<\/td>\n<td class=\"specsCell black\">48 GB GDDR6 with error-correcting code (ECC)<\/td>\n<\/tr>\n<tr class=\"specs-row\">\n<td class=\"specsCell black sticky-col only-device\">GPU Memory Bandwidth<\/td>\n<td class=\"specsCell black only-device\">696 GB\/s<\/td>\n<\/tr>\n<tr class=\"specs-row\">\n<td class=\"specsCell black sticky-col only-device\">Interconnect<\/td>\n<td class=\"specsCell black only-device\">NVIDIA NVLink 112.5 GB\/s (bidirectional)<br \/>\nPCIe Gen4: 64GB\/s<\/td>\n<\/tr>\n<tr class=\"specs-row\">\n<td class=\"specsCell black sticky-col only-device\">NVLink<\/td>\n<td class=\"specsCell black only-device\">2-way low profile (2-slot)<\/td>\n<\/tr>\n<tr class=\"specs-row\">\n<td class=\"specsCell black sticky-col\">Display Ports<\/td>\n<td class=\"specsCell black\">3x DisplayPort 1.4*<\/td>\n<\/tr>\n<tr class=\"specs-row\">\n<td class=\"specsCell black sticky-col\">Max Power Consumption<\/td>\n<td class=\"specsCell black\">300 W<\/td>\n<\/tr>\n<tr class=\"specs-row\">\n<td class=\"specsCell black sticky-col only-device\">Form Factor<\/td>\n<td class=\"specsCell black only-device\">4.4&#8243; (H) x 10.5&#8243; (L) Dual Slot<\/td>\n<\/tr>\n<tr class=\"specs-row\">\n<td class=\"specsCell black sticky-col only-device\">Thermal<\/td>\n<td class=\"specsCell black only-device\">Passive<\/td>\n<\/tr>\n<tr class=\"specs-row\">\n<td class=\"specsCell black sticky-col\">vGPU Software Support<\/td>\n<td class=\"specsCell black\">NVIDIA Virtual PC, NVIDIA Virtual Applications, NVIDIA RTX Virtual Workstation, NVIDIA Virtual Compute Server, NVIDIA AI Enterprise<\/td>\n<\/tr>\n<tr class=\"specs-row\">\n<td class=\"specsCell black sticky-col\">vGPU Profiles Supported<\/td>\n<td class=\"specsCell black\"><a href=\"https:\/\/www.nvidia.com\/content\/dam\/en-zz\/Solutions\/design-visualization\/solutions\/resources\/documents1\/Virtual-GPU-Packaging-and-Licensing-Guide.pdf\" target=\"_blank\" rel=\"noopener\">See the Virtual GPU Licensing Guide<\/a><\/td>\n<\/tr>\n<tr class=\"specs-row\">\n<td class=\"specsCell black sticky-col only-device\">NVENC | NVDEC<\/td>\n<td class=\"specsCell black only-device\">1x | 2x (includes AV1 decode)<\/td>\n<\/tr>\n<tr class=\"specs-row\">\n<td class=\"specsCell black sticky-col only-device\">Secure and Measured Boot with Hardware Root of Trust<\/td>\n<td class=\"specsCell black only-device\">Yes (optional)<\/td>\n<\/tr>\n<tr class=\"specs-row\">\n<td class=\"specsCell black sticky-col only-device\">NEBS Ready<\/td>\n<td class=\"specsCell black only-device\">Level 3<\/td>\n<\/tr>\n<tr class=\"specs-row\">\n<td class=\"specsCell black sticky-col only-device\">Power Connector<\/td>\n<td class=\"specsCell black only-device\">8-pin CPU<\/td>\n<\/tr>\n<\/tbody>\n<\/table>\n<\/div>\n<\/div>\n<\/div>\n<\/div>\n<\/div>\n<\/div>\n","protected":false},"excerpt":{"rendered":"<p>Specifications GPU Memory 48 GB GDDR6 with error-correcting code (ECC) GPU Memory Bandwidth 696 GB\/s Interconnect NVIDIA NVLink 112.5 GB\/s (bidirectional) PCIe Gen4: 64GB\/s NVLink 2-way low profile (2-slot) Display<\/p>\n","protected":false},"featured_media":7177,"comment_status":"open","ping_status":"closed","template":"","meta":{"_joinchat":[]},"product_brand":[],"product_cat":[296],"product_tag":[],"class_list":{"0":"post-7176","1":"product","2":"type-product","3":"status-publish","4":"has-post-thumbnail","6":"product_cat-gaming-hardware","8":"first","9":"instock","10":"shipping-taxable","11":"purchasable","12":"product-type-simple"},"yoast_head":"<!-- This site is optimized with the Yoast SEO plugin v27.3 - https:\/\/yoast.com\/product\/yoast-seo-wordpress\/ -->\n<title>PLACA GRAFICA NVIDIA PROFISSIONAL A40 48GB DDR6 - Cyberlogics Technologies Angola<\/title>\n<meta name=\"description\" content=\"A Maior Loja Online de Angola de Licen\u00e7as Microsoft Office | Chaves Sistemas Operativos Windows | Antiv\u00edrus | Cloud Adobe | Inform\u00e1tica &amp; Servidores | Softwares de Gest\u00e3o ERP | Gaming Hardware | UPS e Baterias &amp; Muito Mais...\" \/>\n<meta name=\"robots\" content=\"index, follow, max-snippet:-1, max-image-preview:large, max-video-preview:-1\" \/>\n<link rel=\"canonical\" href=\"https:\/\/cyberlogics.ao\/index.php\/product\/placa-grafica-nvidia-profissional-a40-48gb-ddr6\/\" \/>\n<meta property=\"og:locale\" content=\"pt_PT\" \/>\n<meta property=\"og:type\" content=\"article\" \/>\n<meta property=\"og:title\" content=\"PLACA GRAFICA NVIDIA PROFISSIONAL A40 48GB DDR6 - Cyberlogics Technologies Angola\" \/>\n<meta property=\"og:description\" content=\"A Maior Loja Online de Angola de Licen\u00e7as Microsoft Office | Chaves Sistemas Operativos Windows | Antiv\u00edrus | Cloud Adobe | Inform\u00e1tica &amp; Servidores | Softwares de Gest\u00e3o ERP | Gaming Hardware | UPS e Baterias &amp; Muito Mais...\" \/>\n<meta property=\"og:url\" content=\"https:\/\/cyberlogics.ao\/index.php\/product\/placa-grafica-nvidia-profissional-a40-48gb-ddr6\/\" \/>\n<meta property=\"og:site_name\" content=\"Cyberlogics Technologies Angola\" \/>\n<meta property=\"og:image\" content=\"http:\/\/cyberlogics.ao\/wp-content\/uploads\/2023\/03\/Hc946350ba92b4241bdcdc737cd4832d5D.png_960x960.webp\" \/>\n\t<meta property=\"og:image:width\" content=\"800\" \/>\n\t<meta property=\"og:image:height\" content=\"800\" \/>\n\t<meta property=\"og:image:type\" content=\"image\/webp\" \/>\n<meta name=\"twitter:card\" content=\"summary_large_image\" \/>\n<meta name=\"twitter:label1\" content=\"Tempo estimado de leitura\" \/>\n\t<meta name=\"twitter:data1\" content=\"1 minuto\" \/>\n<script type=\"application\/ld+json\" class=\"yoast-schema-graph\">{\"@context\":\"https:\\\/\\\/schema.org\",\"@graph\":[{\"@type\":\"WebPage\",\"@id\":\"https:\\\/\\\/cyberlogics.ao\\\/index.php\\\/product\\\/placa-grafica-nvidia-profissional-a40-48gb-ddr6\\\/\",\"url\":\"https:\\\/\\\/cyberlogics.ao\\\/index.php\\\/product\\\/placa-grafica-nvidia-profissional-a40-48gb-ddr6\\\/\",\"name\":\"PLACA GRAFICA NVIDIA PROFISSIONAL A40 48GB DDR6 - Cyberlogics Technologies Angola\",\"isPartOf\":{\"@id\":\"https:\\\/\\\/cyberlogics.ao\\\/#website\"},\"primaryImageOfPage\":{\"@id\":\"https:\\\/\\\/cyberlogics.ao\\\/index.php\\\/product\\\/placa-grafica-nvidia-profissional-a40-48gb-ddr6\\\/#primaryimage\"},\"image\":{\"@id\":\"https:\\\/\\\/cyberlogics.ao\\\/index.php\\\/product\\\/placa-grafica-nvidia-profissional-a40-48gb-ddr6\\\/#primaryimage\"},\"thumbnailUrl\":\"https:\\\/\\\/cyberlogics.ao\\\/wp-content\\\/uploads\\\/2023\\\/03\\\/Hc946350ba92b4241bdcdc737cd4832d5D.png_960x960.webp\",\"datePublished\":\"2023-03-27T09:25:25+00:00\",\"description\":\"A Maior Loja Online de Angola de Licen\u00e7as Microsoft Office | Chaves Sistemas Operativos Windows | Antiv\u00edrus | Cloud Adobe | Inform\u00e1tica & Servidores | Softwares de Gest\u00e3o ERP | Gaming Hardware | UPS e Baterias & Muito Mais...\",\"breadcrumb\":{\"@id\":\"https:\\\/\\\/cyberlogics.ao\\\/index.php\\\/product\\\/placa-grafica-nvidia-profissional-a40-48gb-ddr6\\\/#breadcrumb\"},\"inLanguage\":\"pt-PT\",\"potentialAction\":[{\"@type\":\"ReadAction\",\"target\":[\"https:\\\/\\\/cyberlogics.ao\\\/index.php\\\/product\\\/placa-grafica-nvidia-profissional-a40-48gb-ddr6\\\/\"]}]},{\"@type\":\"ImageObject\",\"inLanguage\":\"pt-PT\",\"@id\":\"https:\\\/\\\/cyberlogics.ao\\\/index.php\\\/product\\\/placa-grafica-nvidia-profissional-a40-48gb-ddr6\\\/#primaryimage\",\"url\":\"https:\\\/\\\/cyberlogics.ao\\\/wp-content\\\/uploads\\\/2023\\\/03\\\/Hc946350ba92b4241bdcdc737cd4832d5D.png_960x960.webp\",\"contentUrl\":\"https:\\\/\\\/cyberlogics.ao\\\/wp-content\\\/uploads\\\/2023\\\/03\\\/Hc946350ba92b4241bdcdc737cd4832d5D.png_960x960.webp\",\"width\":800,\"height\":800},{\"@type\":\"BreadcrumbList\",\"@id\":\"https:\\\/\\\/cyberlogics.ao\\\/index.php\\\/product\\\/placa-grafica-nvidia-profissional-a40-48gb-ddr6\\\/#breadcrumb\",\"itemListElement\":[{\"@type\":\"ListItem\",\"position\":1,\"name\":\"In\u00edcio\",\"item\":\"https:\\\/\\\/cyberlogics.ao\\\/\"},{\"@type\":\"ListItem\",\"position\":2,\"name\":\"Produtos\",\"item\":\"https:\\\/\\\/cyberlogics.ao\\\/index.php\\\/shop-2\\\/\"},{\"@type\":\"ListItem\",\"position\":3,\"name\":\"PLACA GRAFICA NVIDIA PROFISSIONAL A40 48GB DDR6\"}]},{\"@type\":\"WebSite\",\"@id\":\"https:\\\/\\\/cyberlogics.ao\\\/#website\",\"url\":\"https:\\\/\\\/cyberlogics.ao\\\/\",\"name\":\"Cyberlogics Technologies Angola\",\"description\":\"Loja Online de Licen\u00e7as de Softwares e Inform\u00e1tica\",\"publisher\":{\"@id\":\"https:\\\/\\\/cyberlogics.ao\\\/#organization\"},\"potentialAction\":[{\"@type\":\"SearchAction\",\"target\":{\"@type\":\"EntryPoint\",\"urlTemplate\":\"https:\\\/\\\/cyberlogics.ao\\\/?s={search_term_string}\"},\"query-input\":{\"@type\":\"PropertyValueSpecification\",\"valueRequired\":true,\"valueName\":\"search_term_string\"}}],\"inLanguage\":\"pt-PT\"},{\"@type\":\"Organization\",\"@id\":\"https:\\\/\\\/cyberlogics.ao\\\/#organization\",\"name\":\"Cyberlogics Ao Technologies - Loja Online de Licen\u00e7as de Softwares e Inform\u00e1tica\",\"url\":\"https:\\\/\\\/cyberlogics.ao\\\/\",\"logo\":{\"@type\":\"ImageObject\",\"inLanguage\":\"pt-PT\",\"@id\":\"https:\\\/\\\/cyberlogics.ao\\\/#\\\/schema\\\/logo\\\/image\\\/\",\"url\":\"https:\\\/\\\/cyberlogics.ao\\\/wp-content\\\/uploads\\\/2022\\\/04\\\/CT-logo.png\",\"contentUrl\":\"https:\\\/\\\/cyberlogics.ao\\\/wp-content\\\/uploads\\\/2022\\\/04\\\/CT-logo.png\",\"width\":190,\"height\":75,\"caption\":\"Cyberlogics Ao Technologies - Loja Online de Licen\u00e7as de Softwares e Inform\u00e1tica\"},\"image\":{\"@id\":\"https:\\\/\\\/cyberlogics.ao\\\/#\\\/schema\\\/logo\\\/image\\\/\"}}]}<\/script>\n<!-- \/ Yoast SEO plugin. -->","yoast_head_json":{"title":"PLACA GRAFICA NVIDIA PROFISSIONAL A40 48GB DDR6 - Cyberlogics Technologies Angola","description":"A Maior Loja Online de Angola de Licen\u00e7as Microsoft Office | Chaves Sistemas Operativos Windows | Antiv\u00edrus | Cloud Adobe | Inform\u00e1tica & Servidores | Softwares de Gest\u00e3o ERP | Gaming Hardware | UPS e Baterias & Muito Mais...","robots":{"index":"index","follow":"follow","max-snippet":"max-snippet:-1","max-image-preview":"max-image-preview:large","max-video-preview":"max-video-preview:-1"},"canonical":"https:\/\/cyberlogics.ao\/index.php\/product\/placa-grafica-nvidia-profissional-a40-48gb-ddr6\/","og_locale":"pt_PT","og_type":"article","og_title":"PLACA GRAFICA NVIDIA PROFISSIONAL A40 48GB DDR6 - Cyberlogics Technologies Angola","og_description":"A Maior Loja Online de Angola de Licen\u00e7as Microsoft Office | Chaves Sistemas Operativos Windows | Antiv\u00edrus | Cloud Adobe | Inform\u00e1tica & Servidores | Softwares de Gest\u00e3o ERP | Gaming Hardware | UPS e Baterias & Muito Mais...","og_url":"https:\/\/cyberlogics.ao\/index.php\/product\/placa-grafica-nvidia-profissional-a40-48gb-ddr6\/","og_site_name":"Cyberlogics Technologies Angola","og_image":[{"width":800,"height":800,"url":"http:\/\/cyberlogics.ao\/wp-content\/uploads\/2023\/03\/Hc946350ba92b4241bdcdc737cd4832d5D.png_960x960.webp","type":"image\/webp"}],"twitter_card":"summary_large_image","twitter_misc":{"Tempo estimado de leitura":"1 minuto"},"schema":{"@context":"https:\/\/schema.org","@graph":[{"@type":"WebPage","@id":"https:\/\/cyberlogics.ao\/index.php\/product\/placa-grafica-nvidia-profissional-a40-48gb-ddr6\/","url":"https:\/\/cyberlogics.ao\/index.php\/product\/placa-grafica-nvidia-profissional-a40-48gb-ddr6\/","name":"PLACA GRAFICA NVIDIA PROFISSIONAL A40 48GB DDR6 - Cyberlogics Technologies Angola","isPartOf":{"@id":"https:\/\/cyberlogics.ao\/#website"},"primaryImageOfPage":{"@id":"https:\/\/cyberlogics.ao\/index.php\/product\/placa-grafica-nvidia-profissional-a40-48gb-ddr6\/#primaryimage"},"image":{"@id":"https:\/\/cyberlogics.ao\/index.php\/product\/placa-grafica-nvidia-profissional-a40-48gb-ddr6\/#primaryimage"},"thumbnailUrl":"https:\/\/cyberlogics.ao\/wp-content\/uploads\/2023\/03\/Hc946350ba92b4241bdcdc737cd4832d5D.png_960x960.webp","datePublished":"2023-03-27T09:25:25+00:00","description":"A Maior Loja Online de Angola de Licen\u00e7as Microsoft Office | Chaves Sistemas Operativos Windows | Antiv\u00edrus | Cloud Adobe | Inform\u00e1tica & Servidores | Softwares de Gest\u00e3o ERP | Gaming Hardware | UPS e Baterias & Muito Mais...","breadcrumb":{"@id":"https:\/\/cyberlogics.ao\/index.php\/product\/placa-grafica-nvidia-profissional-a40-48gb-ddr6\/#breadcrumb"},"inLanguage":"pt-PT","potentialAction":[{"@type":"ReadAction","target":["https:\/\/cyberlogics.ao\/index.php\/product\/placa-grafica-nvidia-profissional-a40-48gb-ddr6\/"]}]},{"@type":"ImageObject","inLanguage":"pt-PT","@id":"https:\/\/cyberlogics.ao\/index.php\/product\/placa-grafica-nvidia-profissional-a40-48gb-ddr6\/#primaryimage","url":"https:\/\/cyberlogics.ao\/wp-content\/uploads\/2023\/03\/Hc946350ba92b4241bdcdc737cd4832d5D.png_960x960.webp","contentUrl":"https:\/\/cyberlogics.ao\/wp-content\/uploads\/2023\/03\/Hc946350ba92b4241bdcdc737cd4832d5D.png_960x960.webp","width":800,"height":800},{"@type":"BreadcrumbList","@id":"https:\/\/cyberlogics.ao\/index.php\/product\/placa-grafica-nvidia-profissional-a40-48gb-ddr6\/#breadcrumb","itemListElement":[{"@type":"ListItem","position":1,"name":"In\u00edcio","item":"https:\/\/cyberlogics.ao\/"},{"@type":"ListItem","position":2,"name":"Produtos","item":"https:\/\/cyberlogics.ao\/index.php\/shop-2\/"},{"@type":"ListItem","position":3,"name":"PLACA GRAFICA NVIDIA PROFISSIONAL A40 48GB DDR6"}]},{"@type":"WebSite","@id":"https:\/\/cyberlogics.ao\/#website","url":"https:\/\/cyberlogics.ao\/","name":"Cyberlogics Technologies Angola","description":"Loja Online de Licen\u00e7as de Softwares e Inform\u00e1tica","publisher":{"@id":"https:\/\/cyberlogics.ao\/#organization"},"potentialAction":[{"@type":"SearchAction","target":{"@type":"EntryPoint","urlTemplate":"https:\/\/cyberlogics.ao\/?s={search_term_string}"},"query-input":{"@type":"PropertyValueSpecification","valueRequired":true,"valueName":"search_term_string"}}],"inLanguage":"pt-PT"},{"@type":"Organization","@id":"https:\/\/cyberlogics.ao\/#organization","name":"Cyberlogics Ao Technologies - Loja Online de Licen\u00e7as de Softwares e Inform\u00e1tica","url":"https:\/\/cyberlogics.ao\/","logo":{"@type":"ImageObject","inLanguage":"pt-PT","@id":"https:\/\/cyberlogics.ao\/#\/schema\/logo\/image\/","url":"https:\/\/cyberlogics.ao\/wp-content\/uploads\/2022\/04\/CT-logo.png","contentUrl":"https:\/\/cyberlogics.ao\/wp-content\/uploads\/2022\/04\/CT-logo.png","width":190,"height":75,"caption":"Cyberlogics Ao Technologies - Loja Online de Licen\u00e7as de Softwares e Inform\u00e1tica"},"image":{"@id":"https:\/\/cyberlogics.ao\/#\/schema\/logo\/image\/"}}]}},"_links":{"self":[{"href":"https:\/\/cyberlogics.ao\/index.php\/wp-json\/wp\/v2\/product\/7176","targetHints":{"allow":["GET"]}}],"collection":[{"href":"https:\/\/cyberlogics.ao\/index.php\/wp-json\/wp\/v2\/product"}],"about":[{"href":"https:\/\/cyberlogics.ao\/index.php\/wp-json\/wp\/v2\/types\/product"}],"replies":[{"embeddable":true,"href":"https:\/\/cyberlogics.ao\/index.php\/wp-json\/wp\/v2\/comments?post=7176"}],"wp:featuredmedia":[{"embeddable":true,"href":"https:\/\/cyberlogics.ao\/index.php\/wp-json\/wp\/v2\/media\/7177"}],"wp:attachment":[{"href":"https:\/\/cyberlogics.ao\/index.php\/wp-json\/wp\/v2\/media?parent=7176"}],"wp:term":[{"taxonomy":"product_brand","embeddable":true,"href":"https:\/\/cyberlogics.ao\/index.php\/wp-json\/wp\/v2\/product_brand?post=7176"},{"taxonomy":"product_cat","embeddable":true,"href":"https:\/\/cyberlogics.ao\/index.php\/wp-json\/wp\/v2\/product_cat?post=7176"},{"taxonomy":"product_tag","embeddable":true,"href":"https:\/\/cyberlogics.ao\/index.php\/wp-json\/wp\/v2\/product_tag?post=7176"}],"curies":[{"name":"wp","href":"https:\/\/api.w.org\/{rel}","templated":true}]}}