{"id":7182,"date":"2023-03-28T12:26:38","date_gmt":"2023-03-28T12:26:38","guid":{"rendered":"https:\/\/cyberlogics.ao\/?post_type=product&#038;p=7182"},"modified":"2025-12-21T03:16:03","modified_gmt":"2025-12-21T03:16:03","slug":"cisco-asa-5506-x-with-firepower-services-8-port-10-100-1000base-t-gigabit-ethernet-8-x-rj-45-desktop-rack-mountable-asa5506-k8-rf","status":"publish","type":"product","link":"https:\/\/cyberlogics.ao\/index.php\/product\/cisco-asa-5506-x-with-firepower-services-8-port-10-100-1000base-t-gigabit-ethernet-8-x-rj-45-desktop-rack-mountable-asa5506-k8-rf\/","title":{"rendered":"Cisco ASA 5506-X With FirePOWER Services &#8211; 8 Port &#8211; 10\/100\/1000Base-T &#8211; Gigabit Ethernet &#8211; 8 X RJ-45 &#8211; Desktop, Rack-Mountable ASA5506-K8-RF"},"content":{"rendered":"<p><b>cisco ASA 5506-X with FirePOWER Services &#8211; 8 Port &#8211; 10\/100\/1000Base-T &#8211; Gigabit Ethernet &#8211; 8 x RJ-45 &#8211; Desktop, Rack-mountable ASA5506-K8-RF<br \/>\nASA5506-X W\/ FIREPOWERSERVICES,8GE,AC,DES REMANUFACTURED<br \/>\n<\/b><br \/>\n<b>Manufacturer Part Number:<\/b>\u00a0ASA5506-K8-RF<\/p>\n<div id=\"ccs-inline-content\"><b>CPN: <\/b>ASA5506-X W\/ FIFIREPOWER SERVICES GE, AC,DES REMANUFACTURED<br \/>\n<b>MANUFACTURER NAME:\u00a0<\/b>Cisco<br \/>\n<b>MANUFACTURER PART NUMBER:\u00a0<\/b>ASA5506-K8-RF<br \/>\n<b>UPC EAN CODE:<\/b>\u00a0889728023764<br \/>\n<b>LANGUAGE:<\/b>\u00a0EN<br \/>\n<b>MARKET:<\/b>US<\/div>\n<div><\/div>\n<div>\n<table class=\"table table-condensed\" border=\"0\" cellspacing=\"0\" cellpadding=\"0\">\n<tbody>\n<tr>\n<td id=\"eTitle\" colspan=\"2\"><strong><em>General Information:<\/em><\/strong><\/td>\n<\/tr>\n<tr>\n<td colspan=\"2\">&nbsp;<\/p>\n<p>Meet the industry&#8217;s first adaptive, threat-focused next-generation firewall (NGFW) designed for a new era of threat and advanced malware protection. Cisco<sup>\u00ae<\/sup> ASA with Firepower Services delivers integrated threat defense for the entire attack continuum &#8211; before, during, and after an attack. How? By combining the proven security capabilities of the Cisco ASA firewall with the industry-leading Sourcefire<sup>\u00ae<\/sup> threat and Advanced Malware Protection (AMP) features together in a single device. The solution uniquely extends the capabilities of the Cisco ASA 5500-X Series Next-Generation Firewalls beyond what today&#8217;s NGFW solutions are capable of. Whether you need protection for a small or midsized business, a distributed enterprise, or a single data center, Cisco ASA with Firepower Services provides the needed scale and context in a NGFW solution.<\/p>\n<p>&nbsp;<\/td>\n<\/tr>\n<tr>\n<td id=\"eqTitle\">Manufacturer<\/td>\n<td id=\"eDesc\">Cisco Systems, Inc<\/td>\n<\/tr>\n<tr>\n<td id=\"eqTitle\">Manufacturer Part Number<\/td>\n<td id=\"eDesc\">ASA5506-K8-RF<\/td>\n<\/tr>\n<tr>\n<td id=\"eqTitle\">Manufacturer Website Address<\/td>\n<td id=\"eDesc\">http:\/\/www.cisco.com<\/td>\n<\/tr>\n<tr>\n<td id=\"eqTitle\">Brand Name<\/td>\n<td id=\"eDesc\">Cisco<\/td>\n<\/tr>\n<tr>\n<td id=\"eqTitle\">Product Series<\/td>\n<td id=\"eDesc\">ASA 5500-X<\/td>\n<\/tr>\n<tr>\n<td id=\"eqTitle\">Product Model<\/td>\n<td id=\"eDesc\">ASA 5506-X<\/td>\n<\/tr>\n<tr>\n<td id=\"eqTitle\">Product Name<\/td>\n<td id=\"eDesc\">ASA 5506-X with FirePOWER Services<\/td>\n<\/tr>\n<tr>\n<td id=\"eqTitle\">Product Condition<\/td>\n<td id=\"eDesc\">Refurbished<\/td>\n<\/tr>\n<tr>\n<td id=\"eqTitle\">Product Type<\/td>\n<td id=\"eDesc\">Network Security\/Firewall Appliance<\/td>\n<\/tr>\n<tr>\n<td id=\"eqTitle\">\u00a0\u00a0Product UPC<\/td>\n<td id=\"eDesc\"><a href=\"http:\/\/www.mobilenumbertracker.com\/MobileNumberLocation?number=889728023764&amp;utm_source=https:\/\/www.compsource.com\/buy\/ASA5506K8RF\/Cisco-91&amp;utm_medium=referral&amp;utm_campaign=chrome-plugin\" target=\"_blank\" rel=\"noopener\">889728023764<\/a><\/td>\n<\/tr>\n<tr>\n<td id=\"eTitle\" colspan=\"2\"><strong><em>Technical Information:<\/em><\/strong><\/td>\n<\/tr>\n<tr>\n<td id=\"eqTitle\">Firewall Protection Supported<\/td>\n<td id=\"eDesc\">URL Filtering<br \/>\nMalware Protection<br \/>\nApplication Control<\/td>\n<\/tr>\n<tr>\n<td id=\"eTitle\" colspan=\"2\"><strong><em>Interfaces\/Ports:<\/em><\/strong><\/td>\n<\/tr>\n<tr>\n<td id=\"eqTitle\">Total Number of Ports<\/td>\n<td id=\"eDesc\">8<\/td>\n<\/tr>\n<tr>\n<td id=\"eqTitle\">USB<\/td>\n<td id=\"eDesc\">Yes<\/td>\n<\/tr>\n<tr>\n<td id=\"eqTitle\">PoE (RJ-45) Port<\/td>\n<td id=\"eDesc\">No<\/td>\n<\/tr>\n<tr>\n<td id=\"eqTitle\">Number of Network (RJ-45) Ports<\/td>\n<td id=\"eDesc\">8<\/td>\n<\/tr>\n<tr>\n<td id=\"eTitle\" colspan=\"2\"><strong><em>Network &amp; Communication:<\/em><\/strong><\/td>\n<\/tr>\n<tr>\n<td id=\"eqTitle\">Ethernet Technology<\/td>\n<td id=\"eDesc\">Gigabit Ethernet<\/td>\n<\/tr>\n<tr>\n<td id=\"eqTitle\">Network Standard<\/td>\n<td id=\"eDesc\">10\/100\/1000Base-T<\/td>\n<\/tr>\n<tr>\n<td id=\"eTitle\" colspan=\"2\"><strong><em>Wireless Specifications:<\/em><\/strong><\/td>\n<\/tr>\n<tr>\n<td id=\"eqTitle\">Wireless LAN<\/td>\n<td id=\"eDesc\">No<\/td>\n<\/tr>\n<tr>\n<td id=\"eTitle\" colspan=\"2\"><strong><em>Management &amp; Protocols:<\/em><\/strong><\/td>\n<\/tr>\n<tr>\n<td id=\"eqTitle\">Manageable<\/td>\n<td id=\"eDesc\">Yes<\/td>\n<\/tr>\n<tr>\n<td id=\"eTitle\" colspan=\"2\"><strong><em>Physical Characteristics:<\/em><\/strong><\/td>\n<\/tr>\n<tr>\n<td id=\"eqTitle\">Form Factor<\/td>\n<td id=\"eDesc\">Desktop<br \/>\nRack-mountable<\/td>\n<\/tr>\n<tr>\n<td id=\"eqTitle\">Height<\/td>\n<td id=\"eDesc\">1.7&#8243;<\/td>\n<\/tr>\n<tr>\n<td id=\"eqTitle\">Width<\/td>\n<td id=\"eDesc\">7.9&#8243;<\/td>\n<\/tr>\n<tr>\n<td id=\"eqTitle\">Depth<\/td>\n<td id=\"eDesc\">9.2&#8243;<\/td>\n<\/tr>\n<tr>\n<td id=\"eqTitle\">Weight (Approximate)<\/td>\n<td id=\"eDesc\">4 lb<\/td>\n<\/tr>\n<\/tbody>\n<\/table>\n<\/div>\n","protected":false},"excerpt":{"rendered":"<p>cisco ASA 5506-X with FirePOWER Services &#8211; 8 Port &#8211; 10\/100\/1000Base-T &#8211; Gigabit Ethernet &#8211; 8 x RJ-45 &#8211; Desktop, Rack-mountable ASA5506-K8-RF ASA5506-X W\/ FIREPOWERSERVICES,8GE,AC,DES REMANUFACTURED Manufacturer Part Number:\u00a0ASA5506-K8-RF CPN:<\/p>\n","protected":false},"featured_media":7183,"comment_status":"open","ping_status":"closed","template":"","meta":{"_joinchat":[]},"product_brand":[],"product_cat":[304],"product_tag":[],"class_list":{"0":"post-7182","1":"product","2":"type-product","3":"status-publish","4":"has-post-thumbnail","6":"product_cat-cisco","8":"first","9":"instock","10":"shipping-taxable","11":"purchasable","12":"product-type-simple"},"yoast_head":"<!-- This site is optimized with the Yoast SEO plugin v27.4 - https:\/\/yoast.com\/product\/yoast-seo-wordpress\/ -->\n<title>Cisco ASA 5506-X With FirePOWER Services - 8 Port - 10\/100\/1000Base-T - Gigabit Ethernet - 8 X RJ-45 - Desktop, Rack-Mountable ASA5506-K8-RF - Cyberlogics Technologies Angola<\/title>\n<meta name=\"description\" content=\"A Maior Loja Online de Angola de Licen\u00e7as Microsoft Office | Chaves Sistemas Operativos Windows | Antiv\u00edrus | Cloud Adobe | Inform\u00e1tica &amp; Servidores | Softwares de Gest\u00e3o ERP | Gaming Hardware | UPS e Baterias &amp; Muito Mais...\" \/>\n<meta name=\"robots\" content=\"index, follow, max-snippet:-1, max-image-preview:large, max-video-preview:-1\" \/>\n<link rel=\"canonical\" href=\"https:\/\/cyberlogics.ao\/index.php\/product\/cisco-asa-5506-x-with-firepower-services-8-port-10-100-1000base-t-gigabit-ethernet-8-x-rj-45-desktop-rack-mountable-asa5506-k8-rf\/\" \/>\n<meta property=\"og:locale\" content=\"pt_PT\" \/>\n<meta property=\"og:type\" content=\"article\" \/>\n<meta property=\"og:title\" content=\"Cisco ASA 5506-X With FirePOWER Services - 8 Port - 10\/100\/1000Base-T - Gigabit Ethernet - 8 X RJ-45 - Desktop, Rack-Mountable ASA5506-K8-RF - Cyberlogics Technologies Angola\" \/>\n<meta property=\"og:description\" content=\"A Maior Loja Online de Angola de Licen\u00e7as Microsoft Office | Chaves Sistemas Operativos Windows | Antiv\u00edrus | Cloud Adobe | Inform\u00e1tica &amp; Servidores | Softwares de Gest\u00e3o ERP | Gaming Hardware | UPS e Baterias &amp; Muito Mais...\" \/>\n<meta property=\"og:url\" content=\"https:\/\/cyberlogics.ao\/index.php\/product\/cisco-asa-5506-x-with-firepower-services-8-port-10-100-1000base-t-gigabit-ethernet-8-x-rj-45-desktop-rack-mountable-asa5506-k8-rf\/\" \/>\n<meta property=\"og:site_name\" content=\"Cyberlogics Technologies Angola\" \/>\n<meta property=\"article:modified_time\" content=\"2025-12-21T03:16:03+00:00\" \/>\n<meta property=\"og:image\" content=\"http:\/\/cyberlogics.ao\/wp-content\/uploads\/2023\/03\/cisco-ASA.jpg\" \/>\n\t<meta property=\"og:image:width\" content=\"500\" \/>\n\t<meta property=\"og:image:height\" content=\"500\" \/>\n\t<meta property=\"og:image:type\" content=\"image\/jpeg\" \/>\n<meta name=\"twitter:card\" content=\"summary_large_image\" \/>\n<meta name=\"twitter:label1\" content=\"Tempo estimado de leitura\" \/>\n\t<meta name=\"twitter:data1\" content=\"2 minutos\" \/>\n<script type=\"application\/ld+json\" class=\"yoast-schema-graph\">{\"@context\":\"https:\\\/\\\/schema.org\",\"@graph\":[{\"@type\":\"WebPage\",\"@id\":\"https:\\\/\\\/cyberlogics.ao\\\/index.php\\\/product\\\/cisco-asa-5506-x-with-firepower-services-8-port-10-100-1000base-t-gigabit-ethernet-8-x-rj-45-desktop-rack-mountable-asa5506-k8-rf\\\/\",\"url\":\"https:\\\/\\\/cyberlogics.ao\\\/index.php\\\/product\\\/cisco-asa-5506-x-with-firepower-services-8-port-10-100-1000base-t-gigabit-ethernet-8-x-rj-45-desktop-rack-mountable-asa5506-k8-rf\\\/\",\"name\":\"Cisco ASA 5506-X With FirePOWER Services - 8 Port - 10\\\/100\\\/1000Base-T - Gigabit Ethernet - 8 X RJ-45 - Desktop, Rack-Mountable ASA5506-K8-RF - Cyberlogics Technologies Angola\",\"isPartOf\":{\"@id\":\"https:\\\/\\\/cyberlogics.ao\\\/#website\"},\"primaryImageOfPage\":{\"@id\":\"https:\\\/\\\/cyberlogics.ao\\\/index.php\\\/product\\\/cisco-asa-5506-x-with-firepower-services-8-port-10-100-1000base-t-gigabit-ethernet-8-x-rj-45-desktop-rack-mountable-asa5506-k8-rf\\\/#primaryimage\"},\"image\":{\"@id\":\"https:\\\/\\\/cyberlogics.ao\\\/index.php\\\/product\\\/cisco-asa-5506-x-with-firepower-services-8-port-10-100-1000base-t-gigabit-ethernet-8-x-rj-45-desktop-rack-mountable-asa5506-k8-rf\\\/#primaryimage\"},\"thumbnailUrl\":\"https:\\\/\\\/cyberlogics.ao\\\/wp-content\\\/uploads\\\/2023\\\/03\\\/cisco-ASA.jpg\",\"datePublished\":\"2023-03-28T12:26:38+00:00\",\"dateModified\":\"2025-12-21T03:16:03+00:00\",\"description\":\"A Maior Loja Online de Angola de Licen\u00e7as Microsoft Office | Chaves Sistemas Operativos Windows | Antiv\u00edrus | Cloud Adobe | Inform\u00e1tica & Servidores | Softwares de Gest\u00e3o ERP | Gaming Hardware | UPS e Baterias & Muito Mais...\",\"breadcrumb\":{\"@id\":\"https:\\\/\\\/cyberlogics.ao\\\/index.php\\\/product\\\/cisco-asa-5506-x-with-firepower-services-8-port-10-100-1000base-t-gigabit-ethernet-8-x-rj-45-desktop-rack-mountable-asa5506-k8-rf\\\/#breadcrumb\"},\"inLanguage\":\"pt-PT\",\"potentialAction\":[{\"@type\":\"ReadAction\",\"target\":[\"https:\\\/\\\/cyberlogics.ao\\\/index.php\\\/product\\\/cisco-asa-5506-x-with-firepower-services-8-port-10-100-1000base-t-gigabit-ethernet-8-x-rj-45-desktop-rack-mountable-asa5506-k8-rf\\\/\"]}]},{\"@type\":\"ImageObject\",\"inLanguage\":\"pt-PT\",\"@id\":\"https:\\\/\\\/cyberlogics.ao\\\/index.php\\\/product\\\/cisco-asa-5506-x-with-firepower-services-8-port-10-100-1000base-t-gigabit-ethernet-8-x-rj-45-desktop-rack-mountable-asa5506-k8-rf\\\/#primaryimage\",\"url\":\"https:\\\/\\\/cyberlogics.ao\\\/wp-content\\\/uploads\\\/2023\\\/03\\\/cisco-ASA.jpg\",\"contentUrl\":\"https:\\\/\\\/cyberlogics.ao\\\/wp-content\\\/uploads\\\/2023\\\/03\\\/cisco-ASA.jpg\",\"width\":500,\"height\":500},{\"@type\":\"BreadcrumbList\",\"@id\":\"https:\\\/\\\/cyberlogics.ao\\\/index.php\\\/product\\\/cisco-asa-5506-x-with-firepower-services-8-port-10-100-1000base-t-gigabit-ethernet-8-x-rj-45-desktop-rack-mountable-asa5506-k8-rf\\\/#breadcrumb\",\"itemListElement\":[{\"@type\":\"ListItem\",\"position\":1,\"name\":\"In\u00edcio\",\"item\":\"https:\\\/\\\/cyberlogics.ao\\\/\"},{\"@type\":\"ListItem\",\"position\":2,\"name\":\"Produtos\",\"item\":\"https:\\\/\\\/cyberlogics.ao\\\/index.php\\\/shop-2\\\/\"},{\"@type\":\"ListItem\",\"position\":3,\"name\":\"Cisco ASA 5506-X With FirePOWER Services &#8211; 8 Port &#8211; 10\\\/100\\\/1000Base-T &#8211; Gigabit Ethernet &#8211; 8 X RJ-45 &#8211; Desktop, Rack-Mountable ASA5506-K8-RF\"}]},{\"@type\":\"WebSite\",\"@id\":\"https:\\\/\\\/cyberlogics.ao\\\/#website\",\"url\":\"https:\\\/\\\/cyberlogics.ao\\\/\",\"name\":\"Cyberlogics Technologies Angola\",\"description\":\"Loja Online de Licen\u00e7as de Softwares e Inform\u00e1tica\",\"publisher\":{\"@id\":\"https:\\\/\\\/cyberlogics.ao\\\/#organization\"},\"potentialAction\":[{\"@type\":\"SearchAction\",\"target\":{\"@type\":\"EntryPoint\",\"urlTemplate\":\"https:\\\/\\\/cyberlogics.ao\\\/?s={search_term_string}\"},\"query-input\":{\"@type\":\"PropertyValueSpecification\",\"valueRequired\":true,\"valueName\":\"search_term_string\"}}],\"inLanguage\":\"pt-PT\"},{\"@type\":\"Organization\",\"@id\":\"https:\\\/\\\/cyberlogics.ao\\\/#organization\",\"name\":\"Cyberlogics Ao Technologies - Loja Online de Licen\u00e7as de Softwares e Inform\u00e1tica\",\"url\":\"https:\\\/\\\/cyberlogics.ao\\\/\",\"logo\":{\"@type\":\"ImageObject\",\"inLanguage\":\"pt-PT\",\"@id\":\"https:\\\/\\\/cyberlogics.ao\\\/#\\\/schema\\\/logo\\\/image\\\/\",\"url\":\"https:\\\/\\\/cyberlogics.ao\\\/wp-content\\\/uploads\\\/2022\\\/04\\\/CT-logo.png\",\"contentUrl\":\"https:\\\/\\\/cyberlogics.ao\\\/wp-content\\\/uploads\\\/2022\\\/04\\\/CT-logo.png\",\"width\":190,\"height\":75,\"caption\":\"Cyberlogics Ao Technologies - Loja Online de Licen\u00e7as de Softwares e Inform\u00e1tica\"},\"image\":{\"@id\":\"https:\\\/\\\/cyberlogics.ao\\\/#\\\/schema\\\/logo\\\/image\\\/\"}}]}<\/script>\n<!-- \/ Yoast SEO plugin. -->","yoast_head_json":{"title":"Cisco ASA 5506-X With FirePOWER Services - 8 Port - 10\/100\/1000Base-T - Gigabit Ethernet - 8 X RJ-45 - Desktop, Rack-Mountable ASA5506-K8-RF - Cyberlogics Technologies Angola","description":"A Maior Loja Online de Angola de Licen\u00e7as Microsoft Office | Chaves Sistemas Operativos Windows | Antiv\u00edrus | Cloud Adobe | Inform\u00e1tica & Servidores | Softwares de Gest\u00e3o ERP | Gaming Hardware | UPS e Baterias & Muito Mais...","robots":{"index":"index","follow":"follow","max-snippet":"max-snippet:-1","max-image-preview":"max-image-preview:large","max-video-preview":"max-video-preview:-1"},"canonical":"https:\/\/cyberlogics.ao\/index.php\/product\/cisco-asa-5506-x-with-firepower-services-8-port-10-100-1000base-t-gigabit-ethernet-8-x-rj-45-desktop-rack-mountable-asa5506-k8-rf\/","og_locale":"pt_PT","og_type":"article","og_title":"Cisco ASA 5506-X With FirePOWER Services - 8 Port - 10\/100\/1000Base-T - Gigabit Ethernet - 8 X RJ-45 - Desktop, Rack-Mountable ASA5506-K8-RF - Cyberlogics Technologies Angola","og_description":"A Maior Loja Online de Angola de Licen\u00e7as Microsoft Office | Chaves Sistemas Operativos Windows | Antiv\u00edrus | Cloud Adobe | Inform\u00e1tica & Servidores | Softwares de Gest\u00e3o ERP | Gaming Hardware | UPS e Baterias & Muito Mais...","og_url":"https:\/\/cyberlogics.ao\/index.php\/product\/cisco-asa-5506-x-with-firepower-services-8-port-10-100-1000base-t-gigabit-ethernet-8-x-rj-45-desktop-rack-mountable-asa5506-k8-rf\/","og_site_name":"Cyberlogics Technologies Angola","article_modified_time":"2025-12-21T03:16:03+00:00","og_image":[{"width":500,"height":500,"url":"http:\/\/cyberlogics.ao\/wp-content\/uploads\/2023\/03\/cisco-ASA.jpg","type":"image\/jpeg"}],"twitter_card":"summary_large_image","twitter_misc":{"Tempo estimado de leitura":"2 minutos"},"schema":{"@context":"https:\/\/schema.org","@graph":[{"@type":"WebPage","@id":"https:\/\/cyberlogics.ao\/index.php\/product\/cisco-asa-5506-x-with-firepower-services-8-port-10-100-1000base-t-gigabit-ethernet-8-x-rj-45-desktop-rack-mountable-asa5506-k8-rf\/","url":"https:\/\/cyberlogics.ao\/index.php\/product\/cisco-asa-5506-x-with-firepower-services-8-port-10-100-1000base-t-gigabit-ethernet-8-x-rj-45-desktop-rack-mountable-asa5506-k8-rf\/","name":"Cisco ASA 5506-X With FirePOWER Services - 8 Port - 10\/100\/1000Base-T - Gigabit Ethernet - 8 X RJ-45 - Desktop, Rack-Mountable ASA5506-K8-RF - Cyberlogics Technologies Angola","isPartOf":{"@id":"https:\/\/cyberlogics.ao\/#website"},"primaryImageOfPage":{"@id":"https:\/\/cyberlogics.ao\/index.php\/product\/cisco-asa-5506-x-with-firepower-services-8-port-10-100-1000base-t-gigabit-ethernet-8-x-rj-45-desktop-rack-mountable-asa5506-k8-rf\/#primaryimage"},"image":{"@id":"https:\/\/cyberlogics.ao\/index.php\/product\/cisco-asa-5506-x-with-firepower-services-8-port-10-100-1000base-t-gigabit-ethernet-8-x-rj-45-desktop-rack-mountable-asa5506-k8-rf\/#primaryimage"},"thumbnailUrl":"https:\/\/cyberlogics.ao\/wp-content\/uploads\/2023\/03\/cisco-ASA.jpg","datePublished":"2023-03-28T12:26:38+00:00","dateModified":"2025-12-21T03:16:03+00:00","description":"A Maior Loja Online de Angola de Licen\u00e7as Microsoft Office | Chaves Sistemas Operativos Windows | Antiv\u00edrus | Cloud Adobe | Inform\u00e1tica & Servidores | Softwares de Gest\u00e3o ERP | Gaming Hardware | UPS e Baterias & Muito Mais...","breadcrumb":{"@id":"https:\/\/cyberlogics.ao\/index.php\/product\/cisco-asa-5506-x-with-firepower-services-8-port-10-100-1000base-t-gigabit-ethernet-8-x-rj-45-desktop-rack-mountable-asa5506-k8-rf\/#breadcrumb"},"inLanguage":"pt-PT","potentialAction":[{"@type":"ReadAction","target":["https:\/\/cyberlogics.ao\/index.php\/product\/cisco-asa-5506-x-with-firepower-services-8-port-10-100-1000base-t-gigabit-ethernet-8-x-rj-45-desktop-rack-mountable-asa5506-k8-rf\/"]}]},{"@type":"ImageObject","inLanguage":"pt-PT","@id":"https:\/\/cyberlogics.ao\/index.php\/product\/cisco-asa-5506-x-with-firepower-services-8-port-10-100-1000base-t-gigabit-ethernet-8-x-rj-45-desktop-rack-mountable-asa5506-k8-rf\/#primaryimage","url":"https:\/\/cyberlogics.ao\/wp-content\/uploads\/2023\/03\/cisco-ASA.jpg","contentUrl":"https:\/\/cyberlogics.ao\/wp-content\/uploads\/2023\/03\/cisco-ASA.jpg","width":500,"height":500},{"@type":"BreadcrumbList","@id":"https:\/\/cyberlogics.ao\/index.php\/product\/cisco-asa-5506-x-with-firepower-services-8-port-10-100-1000base-t-gigabit-ethernet-8-x-rj-45-desktop-rack-mountable-asa5506-k8-rf\/#breadcrumb","itemListElement":[{"@type":"ListItem","position":1,"name":"In\u00edcio","item":"https:\/\/cyberlogics.ao\/"},{"@type":"ListItem","position":2,"name":"Produtos","item":"https:\/\/cyberlogics.ao\/index.php\/shop-2\/"},{"@type":"ListItem","position":3,"name":"Cisco ASA 5506-X With FirePOWER Services &#8211; 8 Port &#8211; 10\/100\/1000Base-T &#8211; Gigabit Ethernet &#8211; 8 X RJ-45 &#8211; Desktop, Rack-Mountable ASA5506-K8-RF"}]},{"@type":"WebSite","@id":"https:\/\/cyberlogics.ao\/#website","url":"https:\/\/cyberlogics.ao\/","name":"Cyberlogics Technologies Angola","description":"Loja Online de Licen\u00e7as de Softwares e Inform\u00e1tica","publisher":{"@id":"https:\/\/cyberlogics.ao\/#organization"},"potentialAction":[{"@type":"SearchAction","target":{"@type":"EntryPoint","urlTemplate":"https:\/\/cyberlogics.ao\/?s={search_term_string}"},"query-input":{"@type":"PropertyValueSpecification","valueRequired":true,"valueName":"search_term_string"}}],"inLanguage":"pt-PT"},{"@type":"Organization","@id":"https:\/\/cyberlogics.ao\/#organization","name":"Cyberlogics Ao Technologies - Loja Online de Licen\u00e7as de Softwares e Inform\u00e1tica","url":"https:\/\/cyberlogics.ao\/","logo":{"@type":"ImageObject","inLanguage":"pt-PT","@id":"https:\/\/cyberlogics.ao\/#\/schema\/logo\/image\/","url":"https:\/\/cyberlogics.ao\/wp-content\/uploads\/2022\/04\/CT-logo.png","contentUrl":"https:\/\/cyberlogics.ao\/wp-content\/uploads\/2022\/04\/CT-logo.png","width":190,"height":75,"caption":"Cyberlogics Ao Technologies - Loja Online de Licen\u00e7as de Softwares e Inform\u00e1tica"},"image":{"@id":"https:\/\/cyberlogics.ao\/#\/schema\/logo\/image\/"}}]}},"_links":{"self":[{"href":"https:\/\/cyberlogics.ao\/index.php\/wp-json\/wp\/v2\/product\/7182","targetHints":{"allow":["GET"]}}],"collection":[{"href":"https:\/\/cyberlogics.ao\/index.php\/wp-json\/wp\/v2\/product"}],"about":[{"href":"https:\/\/cyberlogics.ao\/index.php\/wp-json\/wp\/v2\/types\/product"}],"replies":[{"embeddable":true,"href":"https:\/\/cyberlogics.ao\/index.php\/wp-json\/wp\/v2\/comments?post=7182"}],"wp:featuredmedia":[{"embeddable":true,"href":"https:\/\/cyberlogics.ao\/index.php\/wp-json\/wp\/v2\/media\/7183"}],"wp:attachment":[{"href":"https:\/\/cyberlogics.ao\/index.php\/wp-json\/wp\/v2\/media?parent=7182"}],"wp:term":[{"taxonomy":"product_brand","embeddable":true,"href":"https:\/\/cyberlogics.ao\/index.php\/wp-json\/wp\/v2\/product_brand?post=7182"},{"taxonomy":"product_cat","embeddable":true,"href":"https:\/\/cyberlogics.ao\/index.php\/wp-json\/wp\/v2\/product_cat?post=7182"},{"taxonomy":"product_tag","embeddable":true,"href":"https:\/\/cyberlogics.ao\/index.php\/wp-json\/wp\/v2\/product_tag?post=7182"}],"curies":[{"name":"wp","href":"https:\/\/api.w.org\/{rel}","templated":true}]}}