{"id":7226,"date":"2023-04-12T19:45:53","date_gmt":"2023-04-12T19:45:53","guid":{"rendered":"https:\/\/cyberlogics.ao\/?post_type=product&#038;p=7226"},"modified":"2023-04-12T19:45:53","modified_gmt":"2023-04-12T19:45:53","slug":"samsung-f24t452fqr-61-cm-24-1920-x-1080-pixels-led-5-ms-preto","status":"publish","type":"product","link":"https:\/\/cyberlogics.ao\/index.php\/product\/samsung-f24t452fqr-61-cm-24-1920-x-1080-pixels-led-5-ms-preto\/","title":{"rendered":"Samsung F24T452FQR, 61 cm (24&#8243;), 1920 x 1080 pixels, LED, 5 ms, Preto"},"content":{"rendered":"<h2>Samsung F24T452FQR, 61 cm (24&#8243;), 1920 x 1080 pixels, LED, 5 ms, Preto<\/h2>\n<p>Samsung F24T452FQR. Tamanho do ecr\u00e3 na diagonal: 61 cm (24&#8243;), Resolu\u00e7\u00e3o: 1920 x 1080 pixels, Tecnologia de apresenta\u00e7\u00e3o: LED, Tempo de resposta: 5 ms, Propor\u00e7\u00e3o de imagem nativa: 16:9, \u00c2ngulo de vis\u00e3o (horizontal): 178\u00b0, \u00c2ngulo de vis\u00e3o (vertical): 178\u00b0. Hub USB integrado, Vers\u00e3o hub USB: 2.0. Suporte VESA, Ajuste de altura. Cor do produto: Preto<\/p>\n<p>&nbsp;<\/p>\n<div class=\"product-spec-title\">Especifica\u00e7\u00e3o<\/div>\n<div class=\"tab-content tab-content-description\">\n<table id=\"icecat-specification-table\" class=\"product_specs\">\n<tbody>\n<tr>\n<td class=\"spec-subheading\" colspan=\"2\"><b>Monitores<\/b><\/td>\n<\/tr>\n<tr>\n<td class=\"spec-label\">Tamanho do ecr\u00e3 na diagonal (pol.)<\/td>\n<td class=\"spec-value\">61 cm (24&#8243;)<\/td>\n<\/tr>\n<tr>\n<td class=\"spec-label\">Brilho do ecr\u00e3 (normal)<\/td>\n<td class=\"spec-value\">250 cd\/m\u00b2<\/td>\n<\/tr>\n<tr>\n<td class=\"spec-label\">Resolu\u00e7\u00e3o<\/td>\n<td class=\"spec-value\">1920 x 1080 pixels<\/td>\n<\/tr>\n<tr>\n<td class=\"spec-label\">Propor\u00e7\u00e3o de imagem nativa<\/td>\n<td class=\"spec-value\">16:9<\/td>\n<\/tr>\n<tr>\n<td class=\"spec-label\">Tempo de resposta (t\u00edpico)<\/td>\n<td class=\"spec-value\">5 ms<\/td>\n<\/tr>\n<tr>\n<td class=\"spec-label\">Display technology<\/td>\n<td class=\"spec-value\">LED<\/td>\n<\/tr>\n<tr>\n<td class=\"spec-label\">Formato do ecr\u00e3<\/td>\n<td class=\"spec-value\">Plano<\/td>\n<\/tr>\n<tr>\n<td class=\"spec-label\">R\u00e1cio de contraste (t\u00edpico)<\/td>\n<td class=\"spec-value\">1000:1<\/td>\n<\/tr>\n<tr>\n<td class=\"spec-label\">Taxa m\u00e1xima de actualiza\u00e7\u00e3o<\/td>\n<td class=\"spec-value\">60 Hz<\/td>\n<\/tr>\n<tr>\n<td class=\"spec-label\">Nome comercial da rela\u00e7\u00e3o de contraste din\u00e2mico<\/td>\n<td class=\"spec-value\">Mega Contraste<\/td>\n<\/tr>\n<tr>\n<td class=\"spec-label\">\u00c2ngulo de vis\u00e3o (horizontal)<\/td>\n<td class=\"spec-value\">178\u00b0<\/td>\n<\/tr>\n<tr>\n<td class=\"spec-label\">\u00c2ngulo de vis\u00e3o (vertical)<\/td>\n<td class=\"spec-value\">178\u00b0<\/td>\n<\/tr>\n<tr>\n<td class=\"spec-label\">Cores do ecr\u00e3<\/td>\n<td class=\"spec-value\">16,78 milh\u00f5es de cores<\/td>\n<\/tr>\n<tr>\n<td class=\"spec-label\">Tipo de painel<\/td>\n<td class=\"spec-value\">IPS<\/td>\n<\/tr>\n<tr>\n<td class=\"spec-label\">Gama de cores<\/td>\n<td class=\"spec-value\">72%<\/td>\n<\/tr>\n<tr>\n<td class=\"spec-subheading\" colspan=\"2\"><b>Design<\/b><\/td>\n<\/tr>\n<tr>\n<td class=\"spec-label\">Posicionamento no mercado<\/td>\n<td class=\"spec-value\">Casa<\/td>\n<\/tr>\n<tr>\n<td class=\"spec-label\">Cor do produto<\/td>\n<td class=\"spec-value\">Preto<\/td>\n<\/tr>\n<tr>\n<td class=\"spec-subheading\" colspan=\"2\"><b>Conectividade<\/b><\/td>\n<\/tr>\n<tr>\n<td class=\"spec-label\">Hub USB integrado<\/td>\n<td class=\"spec-value\">Sim<\/td>\n<\/tr>\n<tr>\n<td class=\"spec-label\">Vers\u00e3o hub USB<\/td>\n<td class=\"spec-value\">2.0<\/td>\n<\/tr>\n<tr>\n<td class=\"spec-label\">HDMI<\/td>\n<td class=\"spec-value\">Sim<\/td>\n<\/tr>\n<tr>\n<td class=\"spec-label\">Quantidade de portas HDMI<\/td>\n<td class=\"spec-value\">2<\/td>\n<\/tr>\n<tr>\n<td class=\"spec-label\">DisplayPort<\/td>\n<td class=\"spec-value\">1<\/td>\n<\/tr>\n<tr>\n<td class=\"spec-label\">Sa\u00edda para auscultador<\/td>\n<td class=\"spec-value\">Sim<\/td>\n<\/tr>\n<tr>\n<td class=\"spec-subheading\" colspan=\"2\"><b>Ergonomia<\/b><\/td>\n<\/tr>\n<tr>\n<td class=\"spec-label\">Montagem VESA<\/td>\n<td class=\"spec-value\">100 x 100 mm<\/td>\n<\/tr>\n<tr>\n<td class=\"spec-label\">Suporte VESA<\/td>\n<td class=\"spec-value\">Sim<\/td>\n<\/tr>\n<tr>\n<td class=\"spec-label\">Limites de ajuste da altura<\/td>\n<td class=\"spec-value\">Sim<\/td>\n<\/tr>\n<tr>\n<td class=\"spec-label\">Ajuste de altura<\/td>\n<td class=\"spec-value\">13 cm<\/td>\n<\/tr>\n<tr>\n<td class=\"spec-label\">Pivot<\/td>\n<td class=\"spec-value\">Sim<\/td>\n<\/tr>\n<tr>\n<td class=\"spec-subheading\" colspan=\"2\"><b>Gest\u00e3o de energia<\/b><\/td>\n<\/tr>\n<tr>\n<td class=\"spec-label\">Classe de efici\u00eancia energ\u00e9tica (SDR)<\/td>\n<td class=\"spec-value\">E<\/td>\n<\/tr>\n<tr>\n<td class=\"spec-label\">Consumo de energia (SDR) por 1000 horas<\/td>\n<td class=\"spec-value\">15 kWh<\/td>\n<\/tr>\n<tr>\n<td class=\"spec-label\">Consumo de energia<\/td>\n<td class=\"spec-value\">15 W<\/td>\n<\/tr>\n<tr>\n<td class=\"spec-label\">Consumo de energia em modo de espera<\/td>\n<td class=\"spec-value\">0,5 W<\/td>\n<\/tr>\n<tr>\n<td class=\"spec-subheading\" colspan=\"2\"><b>Pesos e dimens\u00f5es<\/b><\/td>\n<\/tr>\n<tr>\n<td class=\"spec-label\">Largura do conjunto (com suporte)<\/td>\n<td class=\"spec-value\">539,2 mm<\/td>\n<\/tr>\n<tr>\n<td class=\"spec-label\">Profundidade do conjunto (com suporte)<\/td>\n<td class=\"spec-value\">224 mm<\/td>\n<\/tr>\n<tr>\n<td class=\"spec-label\">Altura do conjunto (com suporte)<\/td>\n<td class=\"spec-value\">370,9 mm<\/td>\n<\/tr>\n<tr>\n<td class=\"spec-label\">Peso (com suporte)<\/td>\n<td class=\"spec-value\">4 kg<\/td>\n<\/tr>\n<tr>\n<td class=\"spec-label\">Largura (sem base)<\/td>\n<td class=\"spec-value\">53,9 cm<\/td>\n<\/tr>\n<tr>\n<td class=\"spec-label\">Profundidade (sem base)<\/td>\n<td class=\"spec-value\">3,94 cm<\/td>\n<\/tr>\n<tr>\n<td class=\"spec-label\">Altura (sem base)<\/td>\n<td class=\"spec-value\">32,3 cm<\/td>\n<\/tr>\n<tr>\n<td class=\"spec-label\">Peso (sem base)<\/td>\n<td class=\"spec-value\">2,6 kg<\/td>\n<\/tr>\n<tr>\n<td class=\"spec-subheading\" colspan=\"2\"><b>Embalagem<\/b><\/td>\n<\/tr>\n<tr>\n<td class=\"spec-label\">Suporte inclu\u00eddo<\/td>\n<td class=\"spec-value\">Sim<\/td>\n<\/tr>\n<tr>\n<td class=\"spec-subheading\" colspan=\"2\"><b>Dados log\u00edsticos<\/b><\/td>\n<\/tr>\n<tr>\n<td class=\"spec-label\">C\u00f3digo de Sistema Harmonizado (HS)<\/td>\n<td class=\"spec-value\">85285210<\/td>\n<\/tr>\n<tr>\n<td class=\"spec-subheading\" colspan=\"2\"><b>Outras caracter\u00edsticas<\/b><\/td>\n<\/tr>\n<tr>\n<td class=\"spec-label\">Ecr\u00e3 t\u00e1ctil<\/td>\n<td class=\"spec-value\">N\u00e3o<\/td>\n<\/tr>\n<\/tbody>\n<\/table>\n<\/div>\n<p>&nbsp;<\/p>\n","protected":false},"excerpt":{"rendered":"<div class=\"product-element--hide-mobile\">\n<div class=\"basic-info__logo vendor-logo\">\n<div class=\"logo\"><img decoding=\"async\" class=\"logos-samsung\" src=\"https:\/\/senetic2.azureedge.net\/gfx\/logos-fixed-new-2023-02-22.png\" alt=\"samsung\" width=\"110\" height=\"46\" \/><\/div>\n<\/div>\n<h1 class=\"basic-info__title\">Samsung F24T452FQR 61 cm (24&#8243;) 1920 x 1080 pixels LED Preto<\/h1>\n<div class=\"basic-info__row\">\n<div class=\"basic-info__item basic-info__item--ean\"><span class=\"basic-info__label\">EAN:<\/span>\u00a0<span class=\"basic-info__value ean-number\">8806090961779<\/span><\/div>\n<div class=\"basic-info__item basic-info__item--sku\"><span class=\"basic-info__label\">Part number:<\/span>\u00a0<span class=\"basic-info__value\">LF24T452FQRXEN<\/span><\/div>\n<\/div>\n<\/div>\n<div class=\"product-info-main__attributes product-attributes product-attributes--short product-attributes--landing-attributes product-attributes--expanded\">\n<div class=\"single-attribute\"><span class=\"attr-name\">Vendor:\u00a0<\/span>\u00a0<span class=\"attr-value\">Samsung<\/span><\/div>\n<div class=\"single-attribute\"><span class=\"attr-name\">Aspect ratio:\u00a0<\/span>\u00a0<span class=\"attr-value\">16:9<\/span><\/div>\n<div class=\"single-attribute\"><span class=\"attr-name\">Colour:\u00a0<\/span>\u00a0<span class=\"attr-value\">Black<\/span><\/div>\n<div class=\"single-attribute\"><span class=\"attr-name\">Network cameras:\u00a0<\/span>\u00a0<span class=\"attr-value\">N\u00e3o<\/span><\/div>\n<div class=\"single-attribute\"><span class=\"attr-name\">Panel type:\u00a0<\/span>\u00a0<span class=\"attr-value\">IPS<\/span><\/div>\n<div class=\"single-attribute\"><span class=\"attr-name\">Picture diagonal:\u00a0<\/span>\u00a0<span class=\"attr-value\">24 inch<\/span><\/div>\n<div class=\"single-attribute\"><span class=\"attr-name\">Pivot:\u00a0<\/span>\u00a0<span class=\"attr-value\">sim<\/span><\/div>\n<div class=\"single-attribute\"><span class=\"attr-name\">Refresh rate:\u00a0<\/span>\u00a0<span class=\"attr-value\">75 Hz<\/span><\/div>\n<div class=\"single-attribute\"><span class=\"attr-name\">Resolution standard:\u00a0<\/span>\u00a0<span class=\"attr-value\">Full HD (1920&#215;1080)<\/span><\/div>\n<div class=\"single-attribute\"><span class=\"attr-name\">Energy label:\u00a0<\/span>\u00a0<span class=\"attr-value\">n\/d<\/span><\/div>\n<div class=\"single-attribute\"><span class=\"attr-name\">Speaker:\u00a0<\/span>\u00a0<span class=\"attr-value\">N\u00e3o<\/span><\/div>\n<div class=\"single-attribute\"><span class=\"attr-name\">Touchscreen:\u00a0<\/span>\u00a0<span class=\"attr-value\">N\u00e3o<\/span><\/div>\n<\/div>\n","protected":false},"featured_media":7227,"comment_status":"open","ping_status":"closed","template":"","meta":{"_joinchat":[]},"product_brand":[],"product_cat":[305],"product_tag":[],"class_list":{"0":"post-7226","1":"product","2":"type-product","3":"status-publish","4":"has-post-thumbnail","6":"product_cat-monitores","8":"first","9":"instock","10":"shipping-taxable","11":"purchasable","12":"product-type-simple"},"yoast_head":"<!-- This site is optimized with the Yoast SEO plugin v27.4 - https:\/\/yoast.com\/product\/yoast-seo-wordpress\/ -->\n<title>Samsung F24T452FQR, 61 cm (24&quot;), 1920 x 1080 pixels, LED, 5 ms, Preto - Cyberlogics Technologies Angola<\/title>\n<meta name=\"description\" content=\"A Maior Loja Online de Angola de Licen\u00e7as Microsoft Office | Chaves Sistemas Operativos Windows | Antiv\u00edrus | Cloud Adobe | Inform\u00e1tica &amp; Servidores | Softwares de Gest\u00e3o ERP | Gaming Hardware | UPS e Baterias &amp; Muito Mais...\" \/>\n<meta name=\"robots\" content=\"index, follow, max-snippet:-1, max-image-preview:large, max-video-preview:-1\" \/>\n<link rel=\"canonical\" href=\"https:\/\/cyberlogics.ao\/index.php\/product\/samsung-f24t452fqr-61-cm-24-1920-x-1080-pixels-led-5-ms-preto\/\" \/>\n<meta property=\"og:locale\" content=\"pt_PT\" \/>\n<meta property=\"og:type\" content=\"article\" \/>\n<meta property=\"og:title\" content=\"Samsung F24T452FQR, 61 cm (24&quot;), 1920 x 1080 pixels, LED, 5 ms, Preto - Cyberlogics Technologies Angola\" \/>\n<meta property=\"og:description\" content=\"A Maior Loja Online de Angola de Licen\u00e7as Microsoft Office | Chaves Sistemas Operativos Windows | Antiv\u00edrus | Cloud Adobe | Inform\u00e1tica &amp; Servidores | Softwares de Gest\u00e3o ERP | Gaming Hardware | UPS e Baterias &amp; Muito Mais...\" \/>\n<meta property=\"og:url\" content=\"https:\/\/cyberlogics.ao\/index.php\/product\/samsung-f24t452fqr-61-cm-24-1920-x-1080-pixels-led-5-ms-preto\/\" \/>\n<meta property=\"og:site_name\" content=\"Cyberlogics Technologies Angola\" \/>\n<meta property=\"og:image\" content=\"http:\/\/cyberlogics.ao\/wp-content\/uploads\/2023\/04\/89953221_4642275614.webp\" \/>\n\t<meta property=\"og:image:width\" content=\"300\" \/>\n\t<meta property=\"og:image:height\" content=\"251\" \/>\n\t<meta property=\"og:image:type\" content=\"image\/webp\" \/>\n<meta name=\"twitter:card\" content=\"summary_large_image\" \/>\n<meta name=\"twitter:label1\" content=\"Tempo estimado de leitura\" \/>\n\t<meta name=\"twitter:data1\" content=\"2 minutos\" \/>\n<script type=\"application\/ld+json\" class=\"yoast-schema-graph\">{\"@context\":\"https:\\\/\\\/schema.org\",\"@graph\":[{\"@type\":\"WebPage\",\"@id\":\"https:\\\/\\\/cyberlogics.ao\\\/index.php\\\/product\\\/samsung-f24t452fqr-61-cm-24-1920-x-1080-pixels-led-5-ms-preto\\\/\",\"url\":\"https:\\\/\\\/cyberlogics.ao\\\/index.php\\\/product\\\/samsung-f24t452fqr-61-cm-24-1920-x-1080-pixels-led-5-ms-preto\\\/\",\"name\":\"Samsung F24T452FQR, 61 cm (24\\\"), 1920 x 1080 pixels, LED, 5 ms, Preto - Cyberlogics Technologies Angola\",\"isPartOf\":{\"@id\":\"https:\\\/\\\/cyberlogics.ao\\\/#website\"},\"primaryImageOfPage\":{\"@id\":\"https:\\\/\\\/cyberlogics.ao\\\/index.php\\\/product\\\/samsung-f24t452fqr-61-cm-24-1920-x-1080-pixels-led-5-ms-preto\\\/#primaryimage\"},\"image\":{\"@id\":\"https:\\\/\\\/cyberlogics.ao\\\/index.php\\\/product\\\/samsung-f24t452fqr-61-cm-24-1920-x-1080-pixels-led-5-ms-preto\\\/#primaryimage\"},\"thumbnailUrl\":\"https:\\\/\\\/cyberlogics.ao\\\/wp-content\\\/uploads\\\/2023\\\/04\\\/89953221_4642275614.webp\",\"datePublished\":\"2023-04-12T19:45:53+00:00\",\"description\":\"A Maior Loja Online de Angola de Licen\u00e7as Microsoft Office | Chaves Sistemas Operativos Windows | Antiv\u00edrus | Cloud Adobe | Inform\u00e1tica & Servidores | Softwares de Gest\u00e3o ERP | Gaming Hardware | UPS e Baterias & Muito Mais...\",\"breadcrumb\":{\"@id\":\"https:\\\/\\\/cyberlogics.ao\\\/index.php\\\/product\\\/samsung-f24t452fqr-61-cm-24-1920-x-1080-pixels-led-5-ms-preto\\\/#breadcrumb\"},\"inLanguage\":\"pt-PT\",\"potentialAction\":[{\"@type\":\"ReadAction\",\"target\":[\"https:\\\/\\\/cyberlogics.ao\\\/index.php\\\/product\\\/samsung-f24t452fqr-61-cm-24-1920-x-1080-pixels-led-5-ms-preto\\\/\"]}]},{\"@type\":\"ImageObject\",\"inLanguage\":\"pt-PT\",\"@id\":\"https:\\\/\\\/cyberlogics.ao\\\/index.php\\\/product\\\/samsung-f24t452fqr-61-cm-24-1920-x-1080-pixels-led-5-ms-preto\\\/#primaryimage\",\"url\":\"https:\\\/\\\/cyberlogics.ao\\\/wp-content\\\/uploads\\\/2023\\\/04\\\/89953221_4642275614.webp\",\"contentUrl\":\"https:\\\/\\\/cyberlogics.ao\\\/wp-content\\\/uploads\\\/2023\\\/04\\\/89953221_4642275614.webp\",\"width\":300,\"height\":251,\"caption\":\"Samsung F24T452FQR, 61 cm (24\\\"), 1920 x 1080 pixels, LED, 5 ms, Preto Samsung F24T452FQR. Tamanho do ecr\u00e3 na diagonal: 61 cm (24\\\"), Resolu\u00e7\u00e3o: 1920 x 1080 pixels, Tecnologia de apresenta\u00e7\u00e3o: LED, Tempo de resposta: 5 ms, Propor\u00e7\u00e3o de imagem nativa: 16:9, \u00c2ngulo de vis\u00e3o (horizontal): 178\u00b0, \u00c2ngulo de vis\u00e3o (vertical): 178\u00b0. Hub USB integrado, Vers\u00e3o hub USB: 2.0. Suporte VESA, Ajuste de altura. Cor do produto: Preto\"},{\"@type\":\"BreadcrumbList\",\"@id\":\"https:\\\/\\\/cyberlogics.ao\\\/index.php\\\/product\\\/samsung-f24t452fqr-61-cm-24-1920-x-1080-pixels-led-5-ms-preto\\\/#breadcrumb\",\"itemListElement\":[{\"@type\":\"ListItem\",\"position\":1,\"name\":\"In\u00edcio\",\"item\":\"https:\\\/\\\/cyberlogics.ao\\\/\"},{\"@type\":\"ListItem\",\"position\":2,\"name\":\"Produtos\",\"item\":\"https:\\\/\\\/cyberlogics.ao\\\/index.php\\\/shop-2\\\/\"},{\"@type\":\"ListItem\",\"position\":3,\"name\":\"Samsung F24T452FQR, 61 cm (24&#8243;), 1920 x 1080 pixels, LED, 5 ms, Preto\"}]},{\"@type\":\"WebSite\",\"@id\":\"https:\\\/\\\/cyberlogics.ao\\\/#website\",\"url\":\"https:\\\/\\\/cyberlogics.ao\\\/\",\"name\":\"Cyberlogics Technologies Angola\",\"description\":\"Loja Online de Licen\u00e7as de Softwares e Inform\u00e1tica\",\"publisher\":{\"@id\":\"https:\\\/\\\/cyberlogics.ao\\\/#organization\"},\"potentialAction\":[{\"@type\":\"SearchAction\",\"target\":{\"@type\":\"EntryPoint\",\"urlTemplate\":\"https:\\\/\\\/cyberlogics.ao\\\/?s={search_term_string}\"},\"query-input\":{\"@type\":\"PropertyValueSpecification\",\"valueRequired\":true,\"valueName\":\"search_term_string\"}}],\"inLanguage\":\"pt-PT\"},{\"@type\":\"Organization\",\"@id\":\"https:\\\/\\\/cyberlogics.ao\\\/#organization\",\"name\":\"Cyberlogics Ao Technologies - Loja Online de Licen\u00e7as de Softwares e Inform\u00e1tica\",\"url\":\"https:\\\/\\\/cyberlogics.ao\\\/\",\"logo\":{\"@type\":\"ImageObject\",\"inLanguage\":\"pt-PT\",\"@id\":\"https:\\\/\\\/cyberlogics.ao\\\/#\\\/schema\\\/logo\\\/image\\\/\",\"url\":\"https:\\\/\\\/cyberlogics.ao\\\/wp-content\\\/uploads\\\/2022\\\/04\\\/CT-logo.png\",\"contentUrl\":\"https:\\\/\\\/cyberlogics.ao\\\/wp-content\\\/uploads\\\/2022\\\/04\\\/CT-logo.png\",\"width\":190,\"height\":75,\"caption\":\"Cyberlogics Ao Technologies - Loja Online de Licen\u00e7as de Softwares e Inform\u00e1tica\"},\"image\":{\"@id\":\"https:\\\/\\\/cyberlogics.ao\\\/#\\\/schema\\\/logo\\\/image\\\/\"}}]}<\/script>\n<!-- \/ Yoast SEO plugin. -->","yoast_head_json":{"title":"Samsung F24T452FQR, 61 cm (24\"), 1920 x 1080 pixels, LED, 5 ms, Preto - Cyberlogics Technologies Angola","description":"A Maior Loja Online de Angola de Licen\u00e7as Microsoft Office | Chaves Sistemas Operativos Windows | Antiv\u00edrus | Cloud Adobe | Inform\u00e1tica & Servidores | Softwares de Gest\u00e3o ERP | Gaming Hardware | UPS e Baterias & Muito Mais...","robots":{"index":"index","follow":"follow","max-snippet":"max-snippet:-1","max-image-preview":"max-image-preview:large","max-video-preview":"max-video-preview:-1"},"canonical":"https:\/\/cyberlogics.ao\/index.php\/product\/samsung-f24t452fqr-61-cm-24-1920-x-1080-pixels-led-5-ms-preto\/","og_locale":"pt_PT","og_type":"article","og_title":"Samsung F24T452FQR, 61 cm (24\"), 1920 x 1080 pixels, LED, 5 ms, Preto - Cyberlogics Technologies Angola","og_description":"A Maior Loja Online de Angola de Licen\u00e7as Microsoft Office | Chaves Sistemas Operativos Windows | Antiv\u00edrus | Cloud Adobe | Inform\u00e1tica & Servidores | Softwares de Gest\u00e3o ERP | Gaming Hardware | UPS e Baterias & Muito Mais...","og_url":"https:\/\/cyberlogics.ao\/index.php\/product\/samsung-f24t452fqr-61-cm-24-1920-x-1080-pixels-led-5-ms-preto\/","og_site_name":"Cyberlogics Technologies Angola","og_image":[{"width":300,"height":251,"url":"http:\/\/cyberlogics.ao\/wp-content\/uploads\/2023\/04\/89953221_4642275614.webp","type":"image\/webp"}],"twitter_card":"summary_large_image","twitter_misc":{"Tempo estimado de leitura":"2 minutos"},"schema":{"@context":"https:\/\/schema.org","@graph":[{"@type":"WebPage","@id":"https:\/\/cyberlogics.ao\/index.php\/product\/samsung-f24t452fqr-61-cm-24-1920-x-1080-pixels-led-5-ms-preto\/","url":"https:\/\/cyberlogics.ao\/index.php\/product\/samsung-f24t452fqr-61-cm-24-1920-x-1080-pixels-led-5-ms-preto\/","name":"Samsung F24T452FQR, 61 cm (24\"), 1920 x 1080 pixels, LED, 5 ms, Preto - Cyberlogics Technologies Angola","isPartOf":{"@id":"https:\/\/cyberlogics.ao\/#website"},"primaryImageOfPage":{"@id":"https:\/\/cyberlogics.ao\/index.php\/product\/samsung-f24t452fqr-61-cm-24-1920-x-1080-pixels-led-5-ms-preto\/#primaryimage"},"image":{"@id":"https:\/\/cyberlogics.ao\/index.php\/product\/samsung-f24t452fqr-61-cm-24-1920-x-1080-pixels-led-5-ms-preto\/#primaryimage"},"thumbnailUrl":"https:\/\/cyberlogics.ao\/wp-content\/uploads\/2023\/04\/89953221_4642275614.webp","datePublished":"2023-04-12T19:45:53+00:00","description":"A Maior Loja Online de Angola de Licen\u00e7as Microsoft Office | Chaves Sistemas Operativos Windows | Antiv\u00edrus | Cloud Adobe | Inform\u00e1tica & Servidores | Softwares de Gest\u00e3o ERP | Gaming Hardware | UPS e Baterias & Muito Mais...","breadcrumb":{"@id":"https:\/\/cyberlogics.ao\/index.php\/product\/samsung-f24t452fqr-61-cm-24-1920-x-1080-pixels-led-5-ms-preto\/#breadcrumb"},"inLanguage":"pt-PT","potentialAction":[{"@type":"ReadAction","target":["https:\/\/cyberlogics.ao\/index.php\/product\/samsung-f24t452fqr-61-cm-24-1920-x-1080-pixels-led-5-ms-preto\/"]}]},{"@type":"ImageObject","inLanguage":"pt-PT","@id":"https:\/\/cyberlogics.ao\/index.php\/product\/samsung-f24t452fqr-61-cm-24-1920-x-1080-pixels-led-5-ms-preto\/#primaryimage","url":"https:\/\/cyberlogics.ao\/wp-content\/uploads\/2023\/04\/89953221_4642275614.webp","contentUrl":"https:\/\/cyberlogics.ao\/wp-content\/uploads\/2023\/04\/89953221_4642275614.webp","width":300,"height":251,"caption":"Samsung F24T452FQR, 61 cm (24\"), 1920 x 1080 pixels, LED, 5 ms, Preto Samsung F24T452FQR. Tamanho do ecr\u00e3 na diagonal: 61 cm (24\"), Resolu\u00e7\u00e3o: 1920 x 1080 pixels, Tecnologia de apresenta\u00e7\u00e3o: LED, Tempo de resposta: 5 ms, Propor\u00e7\u00e3o de imagem nativa: 16:9, \u00c2ngulo de vis\u00e3o (horizontal): 178\u00b0, \u00c2ngulo de vis\u00e3o (vertical): 178\u00b0. Hub USB integrado, Vers\u00e3o hub USB: 2.0. Suporte VESA, Ajuste de altura. Cor do produto: Preto"},{"@type":"BreadcrumbList","@id":"https:\/\/cyberlogics.ao\/index.php\/product\/samsung-f24t452fqr-61-cm-24-1920-x-1080-pixels-led-5-ms-preto\/#breadcrumb","itemListElement":[{"@type":"ListItem","position":1,"name":"In\u00edcio","item":"https:\/\/cyberlogics.ao\/"},{"@type":"ListItem","position":2,"name":"Produtos","item":"https:\/\/cyberlogics.ao\/index.php\/shop-2\/"},{"@type":"ListItem","position":3,"name":"Samsung F24T452FQR, 61 cm (24&#8243;), 1920 x 1080 pixels, LED, 5 ms, Preto"}]},{"@type":"WebSite","@id":"https:\/\/cyberlogics.ao\/#website","url":"https:\/\/cyberlogics.ao\/","name":"Cyberlogics Technologies Angola","description":"Loja Online de Licen\u00e7as de Softwares e Inform\u00e1tica","publisher":{"@id":"https:\/\/cyberlogics.ao\/#organization"},"potentialAction":[{"@type":"SearchAction","target":{"@type":"EntryPoint","urlTemplate":"https:\/\/cyberlogics.ao\/?s={search_term_string}"},"query-input":{"@type":"PropertyValueSpecification","valueRequired":true,"valueName":"search_term_string"}}],"inLanguage":"pt-PT"},{"@type":"Organization","@id":"https:\/\/cyberlogics.ao\/#organization","name":"Cyberlogics Ao Technologies - Loja Online de Licen\u00e7as de Softwares e Inform\u00e1tica","url":"https:\/\/cyberlogics.ao\/","logo":{"@type":"ImageObject","inLanguage":"pt-PT","@id":"https:\/\/cyberlogics.ao\/#\/schema\/logo\/image\/","url":"https:\/\/cyberlogics.ao\/wp-content\/uploads\/2022\/04\/CT-logo.png","contentUrl":"https:\/\/cyberlogics.ao\/wp-content\/uploads\/2022\/04\/CT-logo.png","width":190,"height":75,"caption":"Cyberlogics Ao Technologies - Loja Online de Licen\u00e7as de Softwares e Inform\u00e1tica"},"image":{"@id":"https:\/\/cyberlogics.ao\/#\/schema\/logo\/image\/"}}]}},"_links":{"self":[{"href":"https:\/\/cyberlogics.ao\/index.php\/wp-json\/wp\/v2\/product\/7226","targetHints":{"allow":["GET"]}}],"collection":[{"href":"https:\/\/cyberlogics.ao\/index.php\/wp-json\/wp\/v2\/product"}],"about":[{"href":"https:\/\/cyberlogics.ao\/index.php\/wp-json\/wp\/v2\/types\/product"}],"replies":[{"embeddable":true,"href":"https:\/\/cyberlogics.ao\/index.php\/wp-json\/wp\/v2\/comments?post=7226"}],"wp:featuredmedia":[{"embeddable":true,"href":"https:\/\/cyberlogics.ao\/index.php\/wp-json\/wp\/v2\/media\/7227"}],"wp:attachment":[{"href":"https:\/\/cyberlogics.ao\/index.php\/wp-json\/wp\/v2\/media?parent=7226"}],"wp:term":[{"taxonomy":"product_brand","embeddable":true,"href":"https:\/\/cyberlogics.ao\/index.php\/wp-json\/wp\/v2\/product_brand?post=7226"},{"taxonomy":"product_cat","embeddable":true,"href":"https:\/\/cyberlogics.ao\/index.php\/wp-json\/wp\/v2\/product_cat?post=7226"},{"taxonomy":"product_tag","embeddable":true,"href":"https:\/\/cyberlogics.ao\/index.php\/wp-json\/wp\/v2\/product_tag?post=7226"}],"curies":[{"name":"wp","href":"https:\/\/api.w.org\/{rel}","templated":true}]}}