{"id":7239,"date":"2023-04-12T20:05:12","date_gmt":"2023-04-12T20:05:12","guid":{"rendered":"https:\/\/cyberlogics.ao\/?post_type=product&#038;p=7239"},"modified":"2023-04-12T20:05:12","modified_gmt":"2023-04-12T20:05:12","slug":"samsung-s27a700nwu-686-cm-27-3840-x-2160-pixels-4k-ultra-hd-5-ms-preto","status":"publish","type":"product","link":"https:\/\/cyberlogics.ao\/index.php\/product\/samsung-s27a700nwu-686-cm-27-3840-x-2160-pixels-4k-ultra-hd-5-ms-preto\/","title":{"rendered":"Samsung S27A700NWU, 68,6 cm (27&#8243;), 3840 x 2160 pixels, 4K Ultra HD, 5 ms, Preto"},"content":{"rendered":"<h2>Samsung S27A700NWU, 68,6 cm (27&#8243;), 3840 x 2160 pixels, 4K Ultra HD, 5 ms, Preto<\/h2>\n<p>Samsung S27A700NWU. Tamanho do ecr\u00e3 na diagonal: 68,6 cm (27&#8243;), Resolu\u00e7\u00e3o: 3840 x 2160 pixels, Tipo de HD: 4K Ultra HD, Tempo de resposta: 5 ms, Propor\u00e7\u00e3o de imagem nativa: 16:9, \u00c2ngulo de vis\u00e3o (horizontal): 178\u00b0, \u00c2ngulo de vis\u00e3o (vertical): 178\u00b0. Hub USB integrado. Suporte VESA. Cor do produto: Preto<\/p>\n<p>&nbsp;<\/p>\n<div class=\"product-spec-title\">Especifica\u00e7\u00e3o<\/div>\n<div class=\"tab-content tab-content-description\">\n<table id=\"icecat-specification-table\" class=\"product_specs\">\n<tbody>\n<tr>\n<td class=\"spec-subheading\" colspan=\"2\"><b>Monitores<\/b><\/td>\n<\/tr>\n<tr>\n<td class=\"spec-label\">Tamanho do ecr\u00e3 na diagonal (pol.)<\/td>\n<td class=\"spec-value\">68,6 cm (27&#8243;)<\/td>\n<\/tr>\n<tr>\n<td class=\"spec-label\">Brilho do ecr\u00e3 (normal)<\/td>\n<td class=\"spec-value\">300 cd\/m\u00b2<\/td>\n<\/tr>\n<tr>\n<td class=\"spec-label\">Resolu\u00e7\u00e3o<\/td>\n<td class=\"spec-value\">3840 x 2160 pixels<\/td>\n<\/tr>\n<tr>\n<td class=\"spec-label\">Propor\u00e7\u00e3o de imagem nativa<\/td>\n<td class=\"spec-value\">16:9<\/td>\n<\/tr>\n<tr>\n<td class=\"spec-label\">Tempo de resposta (t\u00edpico)<\/td>\n<td class=\"spec-value\">5 ms<\/td>\n<\/tr>\n<tr>\n<td class=\"spec-label\">Tipo de HD<\/td>\n<td class=\"spec-value\">4K Ultra HD<\/td>\n<\/tr>\n<tr>\n<td class=\"spec-label\">Formato do ecr\u00e3<\/td>\n<td class=\"spec-value\">Plano<\/td>\n<\/tr>\n<tr>\n<td class=\"spec-label\">Taxa m\u00e1xima de actualiza\u00e7\u00e3o<\/td>\n<td class=\"spec-value\">60 Hz<\/td>\n<\/tr>\n<tr>\n<td class=\"spec-label\">Nome comercial da rela\u00e7\u00e3o de contraste din\u00e2mico<\/td>\n<td class=\"spec-value\">Mega DCR<\/td>\n<\/tr>\n<tr>\n<td class=\"spec-label\">\u00c2ngulo de vis\u00e3o (horizontal)<\/td>\n<td class=\"spec-value\">178\u00b0<\/td>\n<\/tr>\n<tr>\n<td class=\"spec-label\">\u00c2ngulo de vis\u00e3o (vertical)<\/td>\n<td class=\"spec-value\">178\u00b0<\/td>\n<\/tr>\n<tr>\n<td class=\"spec-label\">Cores do ecr\u00e3<\/td>\n<td class=\"spec-value\">1,07 bili\u00f5es de cores<\/td>\n<\/tr>\n<tr>\n<td class=\"spec-label\">Tipo de painel<\/td>\n<td class=\"spec-value\">IPS<\/td>\n<\/tr>\n<tr>\n<td class=\"spec-label\">Dim. ecr\u00e3 na diagonal<\/td>\n<td class=\"spec-value\">68 cm<\/td>\n<\/tr>\n<tr>\n<td class=\"spec-subheading\" colspan=\"2\"><b>Desempenho<\/b><\/td>\n<\/tr>\n<tr>\n<td class=\"spec-label\">NVIDIA G-SYNC<\/td>\n<td class=\"spec-value\">N\u00e3o<\/td>\n<\/tr>\n<tr>\n<td class=\"spec-label\">AMD FreeSync<\/td>\n<td class=\"spec-value\">N\u00e3o<\/td>\n<\/tr>\n<tr>\n<td class=\"spec-label\">Tecnologia livre de cintila\u00e7\u00e3o<\/td>\n<td class=\"spec-value\">Sim<\/td>\n<\/tr>\n<tr>\n<td class=\"spec-label\">Modo de Jogo<\/td>\n<td class=\"spec-value\">Sim<\/td>\n<\/tr>\n<tr>\n<td class=\"spec-label\">TV Plus<\/td>\n<td class=\"spec-value\">N\u00e3o<\/td>\n<\/tr>\n<tr>\n<td class=\"spec-label\">Compat\u00edvel com app SmartThings<\/td>\n<td class=\"spec-value\">N\u00e3o<\/td>\n<\/tr>\n<tr>\n<td class=\"spec-label\">Funcionalidade Tap view<\/td>\n<td class=\"spec-value\">N\u00e3o<\/td>\n<\/tr>\n<tr>\n<td class=\"spec-subheading\" colspan=\"2\"><b>Multim\u00e9dia<\/b><\/td>\n<\/tr>\n<tr>\n<td class=\"spec-label\">Altifalantes incorporados<\/td>\n<td class=\"spec-value\">N\u00e3o<\/td>\n<\/tr>\n<tr>\n<td class=\"spec-label\">Built-in c\u00e2mera<\/td>\n<td class=\"spec-value\">N\u00e3o<\/td>\n<\/tr>\n<tr>\n<td class=\"spec-subheading\" colspan=\"2\"><b>Design<\/b><\/td>\n<\/tr>\n<tr>\n<td class=\"spec-label\">Cor do produto<\/td>\n<td class=\"spec-value\">Preto<\/td>\n<\/tr>\n<tr>\n<td class=\"spec-subheading\" colspan=\"2\"><b>Conectividade<\/b><\/td>\n<\/tr>\n<tr>\n<td class=\"spec-label\">Hub USB integrado<\/td>\n<td class=\"spec-value\">Sim<\/td>\n<\/tr>\n<tr>\n<td class=\"spec-label\">Porta DVI<\/td>\n<td class=\"spec-value\">N\u00e3o<\/td>\n<\/tr>\n<tr>\n<td class=\"spec-label\">HDMI<\/td>\n<td class=\"spec-value\">Sim<\/td>\n<\/tr>\n<tr>\n<td class=\"spec-label\">Quantidade de portas HDMI<\/td>\n<td class=\"spec-value\">1<\/td>\n<\/tr>\n<tr>\n<td class=\"spec-label\">Vers\u00e3o HDMI<\/td>\n<td class=\"spec-value\">2.0<\/td>\n<\/tr>\n<tr>\n<td class=\"spec-label\">DisplayPort<\/td>\n<td class=\"spec-value\">1<\/td>\n<\/tr>\n<tr>\n<td class=\"spec-label\">Vers\u00e3o DisplayPort<\/td>\n<td class=\"spec-value\">1.2<\/td>\n<\/tr>\n<tr>\n<td class=\"spec-label\">Entrada de \u00e1udio para dados<\/td>\n<td class=\"spec-value\">N\u00e3o<\/td>\n<\/tr>\n<tr>\n<td class=\"spec-label\">Sa\u00edda para auscultador<\/td>\n<td class=\"spec-value\">Sim<\/td>\n<\/tr>\n<tr>\n<td class=\"spec-subheading\" colspan=\"2\"><b>Ergonomia<\/b><\/td>\n<\/tr>\n<tr>\n<td class=\"spec-label\">Montagem VESA<\/td>\n<td class=\"spec-value\">100 x 100 mm<\/td>\n<\/tr>\n<tr>\n<td class=\"spec-label\">Suporte VESA<\/td>\n<td class=\"spec-value\">Sim<\/td>\n<\/tr>\n<tr>\n<td class=\"spec-label\">Inclin\u00e1vel<\/td>\n<td class=\"spec-value\">Sim<\/td>\n<\/tr>\n<tr>\n<td class=\"spec-label\">Inclina\u00e7\u00e3o<\/td>\n<td class=\"spec-value\">-2 &#8211; 22\u00b0<\/td>\n<\/tr>\n<tr>\n<td class=\"spec-label\">PIP &#8211; Imagem na Imagem<\/td>\n<td class=\"spec-value\">Sim<\/td>\n<\/tr>\n<tr>\n<td class=\"spec-subheading\" colspan=\"2\"><b>Gest\u00e3o de energia<\/b><\/td>\n<\/tr>\n<tr>\n<td class=\"spec-label\">Classe de efici\u00eancia energ\u00e9tica (SDR)<\/td>\n<td class=\"spec-value\">G<\/td>\n<\/tr>\n<tr>\n<td class=\"spec-label\">Classe de efici\u00eancia energ\u00e9tica (HDR)<\/td>\n<td class=\"spec-value\">G<\/td>\n<\/tr>\n<tr>\n<td class=\"spec-label\">Consumo de energia (SDR) por 1000 horas<\/td>\n<td class=\"spec-value\">28 kWh<\/td>\n<\/tr>\n<tr>\n<td class=\"spec-label\">Consumo energia (HDR) por 1000 horas<\/td>\n<td class=\"spec-value\">35 kWh<\/td>\n<\/tr>\n<tr>\n<td class=\"spec-label\">Consumo de energia<\/td>\n<td class=\"spec-value\">28 W<\/td>\n<\/tr>\n<tr>\n<td class=\"spec-label\">Voltagem de entrada de AC<\/td>\n<td class=\"spec-value\">100 &#8211; 240 V<\/td>\n<\/tr>\n<tr>\n<td class=\"spec-label\">Intervalo de efici\u00eancia energ\u00e9tica<\/td>\n<td class=\"spec-value\">A a G<\/td>\n<\/tr>\n<tr>\n<td class=\"spec-subheading\" colspan=\"2\"><b>Condi\u00e7\u00f5es ambientais<\/b><\/td>\n<\/tr>\n<tr>\n<td class=\"spec-label\">Temperatura ambiente<\/td>\n<td class=\"spec-value\">10 &#8211; 40 \u00b0C<\/td>\n<\/tr>\n<tr>\n<td class=\"spec-label\">Gama de humidade relativa<\/td>\n<td class=\"spec-value\">10 &#8211; 80%<\/td>\n<\/tr>\n<tr>\n<td class=\"spec-subheading\" colspan=\"2\"><b>Pesos e dimens\u00f5es<\/b><\/td>\n<\/tr>\n<tr>\n<td class=\"spec-label\">Largura do conjunto (com suporte)<\/td>\n<td class=\"spec-value\">615,5 mm<\/td>\n<\/tr>\n<tr>\n<td class=\"spec-label\">Profundidade do conjunto (com suporte)<\/td>\n<td class=\"spec-value\">193,5 mm<\/td>\n<\/tr>\n<tr>\n<td class=\"spec-label\">Altura do conjunto (com suporte)<\/td>\n<td class=\"spec-value\">456 mm<\/td>\n<\/tr>\n<tr>\n<td class=\"spec-label\">Peso (com suporte)<\/td>\n<td class=\"spec-value\">5,5 kg<\/td>\n<\/tr>\n<tr>\n<td class=\"spec-label\">Largura (sem base)<\/td>\n<td class=\"spec-value\">61,5 cm<\/td>\n<\/tr>\n<tr>\n<td class=\"spec-label\">Profundidade (sem base)<\/td>\n<td class=\"spec-value\">4,27 cm<\/td>\n<\/tr>\n<tr>\n<td class=\"spec-label\">Altura (sem base)<\/td>\n<td class=\"spec-value\">36,8 cm<\/td>\n<\/tr>\n<tr>\n<td class=\"spec-label\">Peso (sem base)<\/td>\n<td class=\"spec-value\">4,4 kg<\/td>\n<\/tr>\n<tr>\n<td class=\"spec-subheading\" colspan=\"2\"><b>Embalagem<\/b><\/td>\n<\/tr>\n<tr>\n<td class=\"spec-label\">Cabos<\/td>\n<td class=\"spec-value\">HDMI<\/td>\n<\/tr>\n<tr>\n<td class=\"spec-label\">Largura<\/td>\n<td class=\"spec-value\">738 mm<\/td>\n<\/tr>\n<tr>\n<td class=\"spec-label\">Profundidade da caixa<\/td>\n<td class=\"spec-value\">428 mm<\/td>\n<\/tr>\n<tr>\n<td class=\"spec-label\">Altura da caixa<\/td>\n<td class=\"spec-value\">126 mm<\/td>\n<\/tr>\n<tr>\n<td class=\"spec-label\">Peso incl. Embalagem<\/td>\n<td class=\"spec-value\">7 kg<\/td>\n<\/tr>\n<tr>\n<td class=\"spec-subheading\" colspan=\"2\"><b>Dados log\u00edsticos<\/b><\/td>\n<\/tr>\n<tr>\n<td class=\"spec-label\">C\u00f3digo de Sistema Harmonizado (HS)<\/td>\n<td class=\"spec-value\">85285210<\/td>\n<\/tr>\n<tr>\n<td class=\"spec-subheading\" colspan=\"2\"><b>Outras caracter\u00edsticas<\/b><\/td>\n<\/tr>\n<tr>\n<td class=\"spec-label\">Ecr\u00e3 t\u00e1ctil<\/td>\n<td class=\"spec-value\">N\u00e3o<\/td>\n<\/tr>\n<\/tbody>\n<\/table>\n<div class=\"clearer\"><\/div>\n<\/div>\n","protected":false},"excerpt":{"rendered":"<div class=\"product-element--hide-mobile\">\n<h1 class=\"basic-info__title\">Samsung S27A700NWU 68,6 cm (27&#8243;) 3840 x 2160 pixels 4K Ultra HD Preto<\/h1>\n<div class=\"basic-info__row\">\n<div class=\"basic-info__item basic-info__item--ean\"><span class=\"basic-info__label\">EAN:<\/span>\u00a0<span class=\"basic-info__value ean-number\">8806090952524<\/span><\/div>\n<div class=\"basic-info__item basic-info__item--sku\"><span class=\"basic-info__label\">Part number:<\/span>\u00a0<span class=\"basic-info__value\">LS27A700NWUXEN<\/span><\/div>\n<\/div>\n<\/div>\n<div class=\"product-info-main__attributes product-attributes product-attributes--short product-attributes--landing-attributes\">\n<div class=\"single-attribute\"><span class=\"attr-name\">Vendor:\u00a0<\/span>\u00a0<span class=\"attr-value\">Samsung<\/span><\/div>\n<div class=\"single-attribute\"><span class=\"attr-name\">Aspect ratio:\u00a0<\/span>\u00a0<span class=\"attr-value\">16:9<\/span><\/div>\n<div class=\"single-attribute\"><span class=\"attr-name\">Colour:\u00a0<\/span>\u00a0<span class=\"attr-value\">Black<\/span><\/div>\n<div class=\"single-attribute\"><span class=\"attr-name\">Network cameras:\u00a0<\/span>\u00a0<span class=\"attr-value\">N\u00e3o<\/span><\/div>\n<div class=\"single-attribute\"><span class=\"attr-name\">Panel type:\u00a0<\/span>\u00a0<span class=\"attr-value\">IPS<\/span><\/div>\n<div class=\"single-attribute\"><span class=\"attr-name\">Picture diagonal:\u00a0<\/span>\u00a0<span class=\"attr-value\">27 inch<\/span><\/div>\n<div class=\"single-attribute\"><span class=\"attr-name\">Pivot:\u00a0<\/span>\u00a0<span class=\"attr-value\">N\u00e3o<\/span><\/div>\n<\/div>\n","protected":false},"featured_media":7240,"comment_status":"open","ping_status":"closed","template":"","meta":{"_joinchat":[]},"product_brand":[],"product_cat":[305],"product_tag":[],"class_list":{"0":"post-7239","1":"product","2":"type-product","3":"status-publish","4":"has-post-thumbnail","6":"product_cat-monitores","8":"first","9":"instock","10":"shipping-taxable","11":"purchasable","12":"product-type-simple"},"yoast_head":"<!-- This site is optimized with the Yoast SEO plugin v27.4 - https:\/\/yoast.com\/product\/yoast-seo-wordpress\/ -->\n<title>Samsung S27A700NWU, 68,6 cm (27&quot;), 3840 x 2160 pixels, 4K Ultra HD, 5 ms, Preto - Cyberlogics Technologies Angola<\/title>\n<meta name=\"description\" content=\"A Maior Loja Online de Angola de Licen\u00e7as Microsoft Office | Chaves Sistemas Operativos Windows | Antiv\u00edrus | Cloud Adobe | Inform\u00e1tica &amp; Servidores | Softwares de Gest\u00e3o ERP | Gaming Hardware | UPS e Baterias &amp; Muito Mais...\" \/>\n<meta name=\"robots\" content=\"index, follow, max-snippet:-1, max-image-preview:large, max-video-preview:-1\" \/>\n<link rel=\"canonical\" href=\"https:\/\/cyberlogics.ao\/index.php\/product\/samsung-s27a700nwu-686-cm-27-3840-x-2160-pixels-4k-ultra-hd-5-ms-preto\/\" \/>\n<meta property=\"og:locale\" content=\"pt_PT\" \/>\n<meta property=\"og:type\" content=\"article\" \/>\n<meta property=\"og:title\" content=\"Samsung S27A700NWU, 68,6 cm (27&quot;), 3840 x 2160 pixels, 4K Ultra HD, 5 ms, Preto - Cyberlogics Technologies Angola\" \/>\n<meta property=\"og:description\" content=\"A Maior Loja Online de Angola de Licen\u00e7as Microsoft Office | Chaves Sistemas Operativos Windows | Antiv\u00edrus | Cloud Adobe | Inform\u00e1tica &amp; Servidores | Softwares de Gest\u00e3o ERP | Gaming Hardware | UPS e Baterias &amp; Muito Mais...\" \/>\n<meta property=\"og:url\" content=\"https:\/\/cyberlogics.ao\/index.php\/product\/samsung-s27a700nwu-686-cm-27-3840-x-2160-pixels-4k-ultra-hd-5-ms-preto\/\" \/>\n<meta property=\"og:site_name\" content=\"Cyberlogics Technologies Angola\" \/>\n<meta property=\"og:image\" content=\"http:\/\/cyberlogics.ao\/wp-content\/uploads\/2023\/04\/gh1-scaled.webp\" \/>\n\t<meta property=\"og:image:width\" content=\"2560\" \/>\n\t<meta property=\"og:image:height\" content=\"1707\" \/>\n\t<meta property=\"og:image:type\" content=\"image\/webp\" \/>\n<meta name=\"twitter:card\" content=\"summary_large_image\" \/>\n<meta name=\"twitter:label1\" content=\"Tempo estimado de leitura\" \/>\n\t<meta name=\"twitter:data1\" content=\"3 minutos\" \/>\n<script type=\"application\/ld+json\" class=\"yoast-schema-graph\">{\"@context\":\"https:\\\/\\\/schema.org\",\"@graph\":[{\"@type\":\"WebPage\",\"@id\":\"https:\\\/\\\/cyberlogics.ao\\\/index.php\\\/product\\\/samsung-s27a700nwu-686-cm-27-3840-x-2160-pixels-4k-ultra-hd-5-ms-preto\\\/\",\"url\":\"https:\\\/\\\/cyberlogics.ao\\\/index.php\\\/product\\\/samsung-s27a700nwu-686-cm-27-3840-x-2160-pixels-4k-ultra-hd-5-ms-preto\\\/\",\"name\":\"Samsung S27A700NWU, 68,6 cm (27\\\"), 3840 x 2160 pixels, 4K Ultra HD, 5 ms, Preto - Cyberlogics Technologies Angola\",\"isPartOf\":{\"@id\":\"https:\\\/\\\/cyberlogics.ao\\\/#website\"},\"primaryImageOfPage\":{\"@id\":\"https:\\\/\\\/cyberlogics.ao\\\/index.php\\\/product\\\/samsung-s27a700nwu-686-cm-27-3840-x-2160-pixels-4k-ultra-hd-5-ms-preto\\\/#primaryimage\"},\"image\":{\"@id\":\"https:\\\/\\\/cyberlogics.ao\\\/index.php\\\/product\\\/samsung-s27a700nwu-686-cm-27-3840-x-2160-pixels-4k-ultra-hd-5-ms-preto\\\/#primaryimage\"},\"thumbnailUrl\":\"https:\\\/\\\/cyberlogics.ao\\\/wp-content\\\/uploads\\\/2023\\\/04\\\/gh1-scaled.webp\",\"datePublished\":\"2023-04-12T20:05:12+00:00\",\"description\":\"A Maior Loja Online de Angola de Licen\u00e7as Microsoft Office | Chaves Sistemas Operativos Windows | Antiv\u00edrus | Cloud Adobe | Inform\u00e1tica & Servidores | Softwares de Gest\u00e3o ERP | Gaming Hardware | UPS e Baterias & Muito Mais...\",\"breadcrumb\":{\"@id\":\"https:\\\/\\\/cyberlogics.ao\\\/index.php\\\/product\\\/samsung-s27a700nwu-686-cm-27-3840-x-2160-pixels-4k-ultra-hd-5-ms-preto\\\/#breadcrumb\"},\"inLanguage\":\"pt-PT\",\"potentialAction\":[{\"@type\":\"ReadAction\",\"target\":[\"https:\\\/\\\/cyberlogics.ao\\\/index.php\\\/product\\\/samsung-s27a700nwu-686-cm-27-3840-x-2160-pixels-4k-ultra-hd-5-ms-preto\\\/\"]}]},{\"@type\":\"ImageObject\",\"inLanguage\":\"pt-PT\",\"@id\":\"https:\\\/\\\/cyberlogics.ao\\\/index.php\\\/product\\\/samsung-s27a700nwu-686-cm-27-3840-x-2160-pixels-4k-ultra-hd-5-ms-preto\\\/#primaryimage\",\"url\":\"https:\\\/\\\/cyberlogics.ao\\\/wp-content\\\/uploads\\\/2023\\\/04\\\/gh1-scaled.webp\",\"contentUrl\":\"https:\\\/\\\/cyberlogics.ao\\\/wp-content\\\/uploads\\\/2023\\\/04\\\/gh1-scaled.webp\",\"width\":2560,\"height\":1707},{\"@type\":\"BreadcrumbList\",\"@id\":\"https:\\\/\\\/cyberlogics.ao\\\/index.php\\\/product\\\/samsung-s27a700nwu-686-cm-27-3840-x-2160-pixels-4k-ultra-hd-5-ms-preto\\\/#breadcrumb\",\"itemListElement\":[{\"@type\":\"ListItem\",\"position\":1,\"name\":\"In\u00edcio\",\"item\":\"https:\\\/\\\/cyberlogics.ao\\\/\"},{\"@type\":\"ListItem\",\"position\":2,\"name\":\"Produtos\",\"item\":\"https:\\\/\\\/cyberlogics.ao\\\/index.php\\\/shop-2\\\/\"},{\"@type\":\"ListItem\",\"position\":3,\"name\":\"Samsung S27A700NWU, 68,6 cm (27&#8243;), 3840 x 2160 pixels, 4K Ultra HD, 5 ms, Preto\"}]},{\"@type\":\"WebSite\",\"@id\":\"https:\\\/\\\/cyberlogics.ao\\\/#website\",\"url\":\"https:\\\/\\\/cyberlogics.ao\\\/\",\"name\":\"Cyberlogics Technologies Angola\",\"description\":\"Loja Online de Licen\u00e7as de Softwares e Inform\u00e1tica\",\"publisher\":{\"@id\":\"https:\\\/\\\/cyberlogics.ao\\\/#organization\"},\"potentialAction\":[{\"@type\":\"SearchAction\",\"target\":{\"@type\":\"EntryPoint\",\"urlTemplate\":\"https:\\\/\\\/cyberlogics.ao\\\/?s={search_term_string}\"},\"query-input\":{\"@type\":\"PropertyValueSpecification\",\"valueRequired\":true,\"valueName\":\"search_term_string\"}}],\"inLanguage\":\"pt-PT\"},{\"@type\":\"Organization\",\"@id\":\"https:\\\/\\\/cyberlogics.ao\\\/#organization\",\"name\":\"Cyberlogics Ao Technologies - Loja Online de Licen\u00e7as de Softwares e Inform\u00e1tica\",\"url\":\"https:\\\/\\\/cyberlogics.ao\\\/\",\"logo\":{\"@type\":\"ImageObject\",\"inLanguage\":\"pt-PT\",\"@id\":\"https:\\\/\\\/cyberlogics.ao\\\/#\\\/schema\\\/logo\\\/image\\\/\",\"url\":\"https:\\\/\\\/cyberlogics.ao\\\/wp-content\\\/uploads\\\/2022\\\/04\\\/CT-logo.png\",\"contentUrl\":\"https:\\\/\\\/cyberlogics.ao\\\/wp-content\\\/uploads\\\/2022\\\/04\\\/CT-logo.png\",\"width\":190,\"height\":75,\"caption\":\"Cyberlogics Ao Technologies - Loja Online de Licen\u00e7as de Softwares e Inform\u00e1tica\"},\"image\":{\"@id\":\"https:\\\/\\\/cyberlogics.ao\\\/#\\\/schema\\\/logo\\\/image\\\/\"}}]}<\/script>\n<!-- \/ Yoast SEO plugin. -->","yoast_head_json":{"title":"Samsung S27A700NWU, 68,6 cm (27\"), 3840 x 2160 pixels, 4K Ultra HD, 5 ms, Preto - Cyberlogics Technologies Angola","description":"A Maior Loja Online de Angola de Licen\u00e7as Microsoft Office | Chaves Sistemas Operativos Windows | Antiv\u00edrus | Cloud Adobe | Inform\u00e1tica & Servidores | Softwares de Gest\u00e3o ERP | Gaming Hardware | UPS e Baterias & Muito Mais...","robots":{"index":"index","follow":"follow","max-snippet":"max-snippet:-1","max-image-preview":"max-image-preview:large","max-video-preview":"max-video-preview:-1"},"canonical":"https:\/\/cyberlogics.ao\/index.php\/product\/samsung-s27a700nwu-686-cm-27-3840-x-2160-pixels-4k-ultra-hd-5-ms-preto\/","og_locale":"pt_PT","og_type":"article","og_title":"Samsung S27A700NWU, 68,6 cm (27\"), 3840 x 2160 pixels, 4K Ultra HD, 5 ms, Preto - Cyberlogics Technologies Angola","og_description":"A Maior Loja Online de Angola de Licen\u00e7as Microsoft Office | Chaves Sistemas Operativos Windows | Antiv\u00edrus | Cloud Adobe | Inform\u00e1tica & Servidores | Softwares de Gest\u00e3o ERP | Gaming Hardware | UPS e Baterias & Muito Mais...","og_url":"https:\/\/cyberlogics.ao\/index.php\/product\/samsung-s27a700nwu-686-cm-27-3840-x-2160-pixels-4k-ultra-hd-5-ms-preto\/","og_site_name":"Cyberlogics Technologies Angola","og_image":[{"width":2560,"height":1707,"url":"http:\/\/cyberlogics.ao\/wp-content\/uploads\/2023\/04\/gh1-scaled.webp","type":"image\/webp"}],"twitter_card":"summary_large_image","twitter_misc":{"Tempo estimado de leitura":"3 minutos"},"schema":{"@context":"https:\/\/schema.org","@graph":[{"@type":"WebPage","@id":"https:\/\/cyberlogics.ao\/index.php\/product\/samsung-s27a700nwu-686-cm-27-3840-x-2160-pixels-4k-ultra-hd-5-ms-preto\/","url":"https:\/\/cyberlogics.ao\/index.php\/product\/samsung-s27a700nwu-686-cm-27-3840-x-2160-pixels-4k-ultra-hd-5-ms-preto\/","name":"Samsung S27A700NWU, 68,6 cm (27\"), 3840 x 2160 pixels, 4K Ultra HD, 5 ms, Preto - Cyberlogics Technologies Angola","isPartOf":{"@id":"https:\/\/cyberlogics.ao\/#website"},"primaryImageOfPage":{"@id":"https:\/\/cyberlogics.ao\/index.php\/product\/samsung-s27a700nwu-686-cm-27-3840-x-2160-pixels-4k-ultra-hd-5-ms-preto\/#primaryimage"},"image":{"@id":"https:\/\/cyberlogics.ao\/index.php\/product\/samsung-s27a700nwu-686-cm-27-3840-x-2160-pixels-4k-ultra-hd-5-ms-preto\/#primaryimage"},"thumbnailUrl":"https:\/\/cyberlogics.ao\/wp-content\/uploads\/2023\/04\/gh1-scaled.webp","datePublished":"2023-04-12T20:05:12+00:00","description":"A Maior Loja Online de Angola de Licen\u00e7as Microsoft Office | Chaves Sistemas Operativos Windows | Antiv\u00edrus | Cloud Adobe | Inform\u00e1tica & Servidores | Softwares de Gest\u00e3o ERP | Gaming Hardware | UPS e Baterias & Muito Mais...","breadcrumb":{"@id":"https:\/\/cyberlogics.ao\/index.php\/product\/samsung-s27a700nwu-686-cm-27-3840-x-2160-pixels-4k-ultra-hd-5-ms-preto\/#breadcrumb"},"inLanguage":"pt-PT","potentialAction":[{"@type":"ReadAction","target":["https:\/\/cyberlogics.ao\/index.php\/product\/samsung-s27a700nwu-686-cm-27-3840-x-2160-pixels-4k-ultra-hd-5-ms-preto\/"]}]},{"@type":"ImageObject","inLanguage":"pt-PT","@id":"https:\/\/cyberlogics.ao\/index.php\/product\/samsung-s27a700nwu-686-cm-27-3840-x-2160-pixels-4k-ultra-hd-5-ms-preto\/#primaryimage","url":"https:\/\/cyberlogics.ao\/wp-content\/uploads\/2023\/04\/gh1-scaled.webp","contentUrl":"https:\/\/cyberlogics.ao\/wp-content\/uploads\/2023\/04\/gh1-scaled.webp","width":2560,"height":1707},{"@type":"BreadcrumbList","@id":"https:\/\/cyberlogics.ao\/index.php\/product\/samsung-s27a700nwu-686-cm-27-3840-x-2160-pixels-4k-ultra-hd-5-ms-preto\/#breadcrumb","itemListElement":[{"@type":"ListItem","position":1,"name":"In\u00edcio","item":"https:\/\/cyberlogics.ao\/"},{"@type":"ListItem","position":2,"name":"Produtos","item":"https:\/\/cyberlogics.ao\/index.php\/shop-2\/"},{"@type":"ListItem","position":3,"name":"Samsung S27A700NWU, 68,6 cm (27&#8243;), 3840 x 2160 pixels, 4K Ultra HD, 5 ms, Preto"}]},{"@type":"WebSite","@id":"https:\/\/cyberlogics.ao\/#website","url":"https:\/\/cyberlogics.ao\/","name":"Cyberlogics Technologies Angola","description":"Loja Online de Licen\u00e7as de Softwares e Inform\u00e1tica","publisher":{"@id":"https:\/\/cyberlogics.ao\/#organization"},"potentialAction":[{"@type":"SearchAction","target":{"@type":"EntryPoint","urlTemplate":"https:\/\/cyberlogics.ao\/?s={search_term_string}"},"query-input":{"@type":"PropertyValueSpecification","valueRequired":true,"valueName":"search_term_string"}}],"inLanguage":"pt-PT"},{"@type":"Organization","@id":"https:\/\/cyberlogics.ao\/#organization","name":"Cyberlogics Ao Technologies - Loja Online de Licen\u00e7as de Softwares e Inform\u00e1tica","url":"https:\/\/cyberlogics.ao\/","logo":{"@type":"ImageObject","inLanguage":"pt-PT","@id":"https:\/\/cyberlogics.ao\/#\/schema\/logo\/image\/","url":"https:\/\/cyberlogics.ao\/wp-content\/uploads\/2022\/04\/CT-logo.png","contentUrl":"https:\/\/cyberlogics.ao\/wp-content\/uploads\/2022\/04\/CT-logo.png","width":190,"height":75,"caption":"Cyberlogics Ao Technologies - Loja Online de Licen\u00e7as de Softwares e Inform\u00e1tica"},"image":{"@id":"https:\/\/cyberlogics.ao\/#\/schema\/logo\/image\/"}}]}},"_links":{"self":[{"href":"https:\/\/cyberlogics.ao\/index.php\/wp-json\/wp\/v2\/product\/7239","targetHints":{"allow":["GET"]}}],"collection":[{"href":"https:\/\/cyberlogics.ao\/index.php\/wp-json\/wp\/v2\/product"}],"about":[{"href":"https:\/\/cyberlogics.ao\/index.php\/wp-json\/wp\/v2\/types\/product"}],"replies":[{"embeddable":true,"href":"https:\/\/cyberlogics.ao\/index.php\/wp-json\/wp\/v2\/comments?post=7239"}],"wp:featuredmedia":[{"embeddable":true,"href":"https:\/\/cyberlogics.ao\/index.php\/wp-json\/wp\/v2\/media\/7240"}],"wp:attachment":[{"href":"https:\/\/cyberlogics.ao\/index.php\/wp-json\/wp\/v2\/media?parent=7239"}],"wp:term":[{"taxonomy":"product_brand","embeddable":true,"href":"https:\/\/cyberlogics.ao\/index.php\/wp-json\/wp\/v2\/product_brand?post=7239"},{"taxonomy":"product_cat","embeddable":true,"href":"https:\/\/cyberlogics.ao\/index.php\/wp-json\/wp\/v2\/product_cat?post=7239"},{"taxonomy":"product_tag","embeddable":true,"href":"https:\/\/cyberlogics.ao\/index.php\/wp-json\/wp\/v2\/product_tag?post=7239"}],"curies":[{"name":"wp","href":"https:\/\/api.w.org\/{rel}","templated":true}]}}