{"id":7262,"date":"2023-04-15T14:25:24","date_gmt":"2023-04-15T14:25:24","guid":{"rendered":"https:\/\/cyberlogics.ao\/?post_type=product&#038;p=7262"},"modified":"2023-04-15T14:26:52","modified_gmt":"2023-04-15T14:26:52","slug":"cisco-catalyst-c1000-8p-2g-l-gerido-l2-gigabit-ethernet-10-100-1000-full-duplex-power-over-ethernet-poe","status":"publish","type":"product","link":"https:\/\/cyberlogics.ao\/index.php\/product\/cisco-catalyst-c1000-8p-2g-l-gerido-l2-gigabit-ethernet-10-100-1000-full-duplex-power-over-ethernet-poe\/","title":{"rendered":"Cisco Catalyst C1000-8P-2G-L, Gerido, L2, Gigabit Ethernet (10\/100\/1000), Full duplex, Power over Ethernet (PoE)"},"content":{"rendered":"<h2>Cisco Catalyst C1000-8P-2G-L, Gerido, L2, Gigabit Ethernet (10\/100\/1000), Full duplex, Power over Ethernet (PoE)<\/h2>\n<p>Cisco Catalyst C1000-8P-2G-L. Tipo de switch: Gerido, Camada de switches: L2. Tipos de portas ethernet Basic switching RJ-45: Gigabit Ethernet (10\/100\/1000), N\u00famero de portas ethernet Basic switching RJ-45: 8, Quantidade de portas USB 2.0: 1, Entrada de consola: RJ-45\/Mini-USB. Full duplex. Tabela de endere\u00e7os MAC: 16000 entradas, Capacidade de routing\/switching: 20 Gbit\/s. Normas de Comunica\u00e7\u00f5es: IEEE 802.1AX, IEEE 802.1D, IEEE 802.1Q, IEEE 802.1ab, IEEE 802.1p, IEEE 802.1s, IEEE 802.1w, IEEE&#8230;. Power over Ethernet (PoE)<\/p>\n<p>&nbsp;<\/p>\n<div class=\"product-spec-title\">Especifica\u00e7\u00e3o<\/div>\n<div class=\"tab-content tab-content-description\">\n<table id=\"icecat-specification-table\" class=\"product_specs\">\n<tbody>\n<tr>\n<td class=\"spec-subheading\" colspan=\"2\"><b>Funcionalidades de gest\u00e3o<\/b><\/td>\n<\/tr>\n<tr>\n<td class=\"spec-label\">Tipo de switch<\/td>\n<td class=\"spec-value\">Gerido<\/td>\n<\/tr>\n<tr>\n<td class=\"spec-label\">Camada de switches<\/td>\n<td class=\"spec-value\">L2<\/td>\n<\/tr>\n<tr>\n<td class=\"spec-label\">Suporte para Quality of Service (QoS)<\/td>\n<td class=\"spec-value\">Sim<\/td>\n<\/tr>\n<tr>\n<td class=\"spec-label\">Gest\u00e3o web-based<\/td>\n<td class=\"spec-value\">Sim<\/td>\n<\/tr>\n<tr>\n<td class=\"spec-label\">Classifica\u00e7\u00e3o de tr\u00e1fego<\/td>\n<td class=\"spec-value\">Sim<\/td>\n<\/tr>\n<tr>\n<td class=\"spec-label\">Inspe\u00e7\u00e3o ARP<\/td>\n<td class=\"spec-value\">Sim<\/td>\n<\/tr>\n<tr>\n<td class=\"spec-label\">Configura\u00e7\u00e3o de Defini\u00e7\u00f5es de Localiza\u00e7\u00e3o (DFL)<\/td>\n<td class=\"spec-value\">Sim<\/td>\n<\/tr>\n<tr>\n<td class=\"spec-label\">Apoio MIB<\/td>\n<td class=\"spec-value\">Sim<\/td>\n<\/tr>\n<tr>\n<td class=\"spec-subheading\" colspan=\"2\"><b>Conectividade<\/b><\/td>\n<\/tr>\n<tr>\n<td class=\"spec-label\">N\u00famero de portas ethernet Basic switching RJ-45<\/td>\n<td class=\"spec-value\">8<\/td>\n<\/tr>\n<tr>\n<td class=\"spec-label\">Tipos de portas ethernet Basic switching RJ-45<\/td>\n<td class=\"spec-value\">Gigabit Ethernet (10\/100\/1000)<\/td>\n<\/tr>\n<tr>\n<td class=\"spec-label\">N\u00famero de portas Combo SFP<\/td>\n<td class=\"spec-value\">2<\/td>\n<\/tr>\n<tr>\n<td class=\"spec-label\">Entrada de consola<\/td>\n<td class=\"spec-value\">RJ-45\/Mini-USB<\/td>\n<\/tr>\n<tr>\n<td class=\"spec-label\">Quantidade de portas USB 2.0<\/td>\n<td class=\"spec-value\">1<\/td>\n<\/tr>\n<tr>\n<td class=\"spec-subheading\" colspan=\"2\"><b>Rede<\/b><\/td>\n<\/tr>\n<tr>\n<td class=\"spec-label\">Normas de Comunica\u00e7\u00f5es<\/td>\n<td class=\"spec-value\">IEEE 802.1AX, IEEE 802.1D, IEEE 802.1Q, IEEE 802.1ab, IEEE 802.1p, IEEE 802.1s, IEEE 802.1w, IEEE 802.1x, IEEE 802.3, IEEE 802.3ab, IEEE 802.3ad, IEEE 802.3ae, IEEE 802.3af, IEEE 802.3ah, IEEE 802.3at, IEEE 802.3az, IEEE 802.3u, IEEE 802.3x, IEEE 802.3z<\/td>\n<\/tr>\n<tr>\n<td class=\"spec-label\">Suporte 10G<\/td>\n<td class=\"spec-value\">N\u00e3o<\/td>\n<\/tr>\n<tr>\n<td class=\"spec-label\">Full duplex<\/td>\n<td class=\"spec-value\">Sim<\/td>\n<\/tr>\n<tr>\n<td class=\"spec-label\">Agrega\u00e7\u00e3o de links<\/td>\n<td class=\"spec-value\">Sim<\/td>\n<\/tr>\n<tr>\n<td class=\"spec-label\">Controlo de tempestade de difus\u00e3o<\/td>\n<td class=\"spec-value\">Sim<\/td>\n<\/tr>\n<tr>\n<td class=\"spec-label\">Ethernet LAN taxa de transfer\u00eancia de dados<\/td>\n<td class=\"spec-value\">10,100,1000 Mbit\/s<\/td>\n<\/tr>\n<tr>\n<td class=\"spec-label\">Auto MDI\/MDI-X<\/td>\n<td class=\"spec-value\">Sim<\/td>\n<\/tr>\n<tr>\n<td class=\"spec-label\">Protocolo spanning tree<\/td>\n<td class=\"spec-value\">Sim<\/td>\n<\/tr>\n<tr>\n<td class=\"spec-label\">Negocia\u00e7\u00e3o autom\u00e1tica<\/td>\n<td class=\"spec-value\">Sim<\/td>\n<\/tr>\n<tr>\n<td class=\"spec-label\">Suporte VLAN<\/td>\n<td class=\"spec-value\">Sim<\/td>\n<\/tr>\n<tr>\n<td class=\"spec-label\">N\u00famero de VLANs<\/td>\n<td class=\"spec-value\">256<\/td>\n<\/tr>\n<tr>\n<td class=\"spec-subheading\" colspan=\"2\"><b>Transmiss\u00e3o de dados<\/b><\/td>\n<\/tr>\n<tr>\n<td class=\"spec-label\"><img decoding=\"async\" title=\"The data transfer capacity of the switch per second.\" src=\"https:\/\/gfx.senetic.com\/gfx\/help_new.png\" alt=\"The data transfer capacity of the switch per second.\" \/>\u00a0 Capacidade de routing\/switching<\/td>\n<td class=\"spec-value\">20 Gbit\/s<\/td>\n<\/tr>\n<tr>\n<td class=\"spec-label\">Forwarding rate<\/td>\n<td class=\"spec-value\">14,88 Mpps<\/td>\n<\/tr>\n<tr>\n<td class=\"spec-label\">Tamanho da tabela de endere\u00e7os MAC<\/td>\n<td class=\"spec-value\">16000 entradas<\/td>\n<\/tr>\n<tr>\n<td class=\"spec-label\">Rota est\u00e1tica<\/td>\n<td class=\"spec-value\">Sim<\/td>\n<\/tr>\n<tr>\n<td class=\"spec-label\">N\u00famero de rotas est\u00e1ticas<\/td>\n<td class=\"spec-value\">16<\/td>\n<\/tr>\n<tr>\n<td class=\"spec-label\">Apoio Jumbo Frames<\/td>\n<td class=\"spec-value\">Sim<\/td>\n<\/tr>\n<tr>\n<td class=\"spec-label\">Jumbo frames<\/td>\n<td class=\"spec-value\">10240<\/td>\n<\/tr>\n<tr>\n<td class=\"spec-subheading\" colspan=\"2\"><b>Seguran\u00e7a<\/b><\/td>\n<\/tr>\n<tr>\n<td class=\"spec-label\">Funcionalidades DHCP<\/td>\n<td class=\"spec-value\">DHCP snooping<\/td>\n<\/tr>\n<tr>\n<td class=\"spec-label\">Lista de controlo de acesso<\/td>\n<td class=\"spec-value\">Sim<\/td>\n<\/tr>\n<tr>\n<td class=\"spec-label\">IGMP snooping<\/td>\n<td class=\"spec-value\">Sim<\/td>\n<\/tr>\n<tr>\n<td class=\"spec-label\">Entradas IGMP<\/td>\n<td class=\"spec-value\">1024<\/td>\n<\/tr>\n<tr>\n<td class=\"spec-label\">SSH\/SSL support<\/td>\n<td class=\"spec-value\">Sim<\/td>\n<\/tr>\n<tr>\n<td class=\"spec-label\">Tipo de autentifica\u00e7\u00e3o<\/td>\n<td class=\"spec-value\">RADIUS<\/td>\n<\/tr>\n<tr>\n<td class=\"spec-label\">Prote\u00e7\u00e3o contra loops<\/td>\n<td class=\"spec-value\">Sim<\/td>\n<\/tr>\n<tr>\n<td class=\"spec-label\">Filtragem\/prote\u00e7\u00e3o BPDU<\/td>\n<td class=\"spec-value\">Sim<\/td>\n<\/tr>\n<tr>\n<td class=\"spec-label\">Autentica\u00e7\u00e3o<\/td>\n<td class=\"spec-value\">Autentica\u00e7\u00e3o baseada na Web<\/td>\n<\/tr>\n<tr>\n<td class=\"spec-subheading\" colspan=\"2\"><b>Caracter\u00edsticas Multicast<\/b><\/td>\n<\/tr>\n<tr>\n<td class=\"spec-label\">Apoio Multicast<\/td>\n<td class=\"spec-value\">Sim<\/td>\n<\/tr>\n<tr>\n<td class=\"spec-label\">Entradas multicast IPv4<\/td>\n<td class=\"spec-value\">1024<\/td>\n<\/tr>\n<tr>\n<td class=\"spec-label\">Entradas multicast IPv6<\/td>\n<td class=\"spec-value\">1024<\/td>\n<\/tr>\n<tr>\n<td class=\"spec-subheading\" colspan=\"2\"><b>Protocolos<\/b><\/td>\n<\/tr>\n<tr>\n<td class=\"spec-label\">Protocolos de gest\u00e3o<\/td>\n<td class=\"spec-value\">SNMP<\/td>\n<\/tr>\n<tr>\n<td class=\"spec-subheading\" colspan=\"2\"><b>Design<\/b><\/td>\n<\/tr>\n<tr>\n<td class=\"spec-label\">Cor do produto<\/td>\n<td class=\"spec-value\">Cinzento<\/td>\n<\/tr>\n<tr>\n<td class=\"spec-label\">Visor com LED duplo<\/td>\n<td class=\"spec-value\">Sim<\/td>\n<\/tr>\n<tr>\n<td class=\"spec-label\">Aprova\u00e7\u00f5es Regulamentares<\/td>\n<td class=\"spec-value\">UL 60950-1 Second Edition, CAN\/CSA-C22.2 No. 60950-1 Second Edition, EN 60950-1 Second Edition, IEC 60950-1 Second Edition, AS\/NZS 60950-1 47CFR Part 15 (CFR 47) Class A, AS\/NZS CISPR22 Class A, CISPR22 Class A, EN55022 Class A, ICES003 Class A, VCCI Class A, EN61000-3-2, EN61000-3-3, KN22 Class A, CNS13438 Class A EN55024 (including EN 61000-4-5), CISPR24, EN300386, KN24 Reduction of Hazardous Substances (RoHS) including Directive 2011\/65\/EU Common Language Equipment Identifier (CLEI) code<\/td>\n<\/tr>\n<tr>\n<td class=\"spec-subheading\" colspan=\"2\"><b>Desempenho<\/b><\/td>\n<\/tr>\n<tr>\n<td class=\"spec-label\">Processador built-in<\/td>\n<td class=\"spec-value\">Sim<\/td>\n<\/tr>\n<tr>\n<td class=\"spec-label\">Modelo de processador<\/td>\n<td class=\"spec-value\">ARM7<\/td>\n<\/tr>\n<tr>\n<td class=\"spec-label\">Frequ\u00eancia do processador<\/td>\n<td class=\"spec-value\">800 MHz<\/td>\n<\/tr>\n<tr>\n<td class=\"spec-label\">Tipo de mem\u00f3ria<\/td>\n<td class=\"spec-value\">DRAM<\/td>\n<\/tr>\n<tr>\n<td class=\"spec-label\">Capacidade da mem\u00f3ria incorporada<\/td>\n<td class=\"spec-value\">512 MB<\/td>\n<\/tr>\n<tr>\n<td class=\"spec-label\">Tamanho da mem\u00f3ria flash<\/td>\n<td class=\"spec-value\">256 MB<\/td>\n<\/tr>\n<tr>\n<td class=\"spec-label\">MTBF<\/td>\n<td class=\"spec-value\">1786412 h<\/td>\n<\/tr>\n<tr>\n<td class=\"spec-label\">C\u00f3digo de Sistema Harmonizado (HS)<\/td>\n<td class=\"spec-value\">85176990<\/td>\n<\/tr>\n<tr>\n<td class=\"spec-subheading\" colspan=\"2\"><b>Gest\u00e3o de energia<\/b><\/td>\n<\/tr>\n<tr>\n<td class=\"spec-label\">Voltagem de entrada de AC<\/td>\n<td class=\"spec-value\">110 &#8211; 220 V<\/td>\n<\/tr>\n<tr>\n<td class=\"spec-label\">Frequ\u00eancia de entrada AC<\/td>\n<td class=\"spec-value\">50\/60 Hz<\/td>\n<\/tr>\n<tr>\n<td class=\"spec-label\">Corrente<\/td>\n<td class=\"spec-value\">0.22 &#8211; 0.27 A<\/td>\n<\/tr>\n<tr>\n<td class=\"spec-label\">Consumo de energia<\/td>\n<td class=\"spec-value\">21,3 W<\/td>\n<\/tr>\n<tr>\n<td class=\"spec-label\">Consumo de energia (m\u00e1x)<\/td>\n<td class=\"spec-value\">22 W<\/td>\n<\/tr>\n<tr>\n<td class=\"spec-subheading\" colspan=\"2\"><b>PoE<\/b><\/td>\n<\/tr>\n<tr>\n<td class=\"spec-label\">Power over Ethernet (PoE)<\/td>\n<td class=\"spec-value\">Sim<\/td>\n<\/tr>\n<tr>\n<td class=\"spec-label\">Tipo de Power over Ethernet (PoE) compat\u00edvel<\/td>\n<td class=\"spec-value\">PoE+<\/td>\n<\/tr>\n<tr>\n<td class=\"spec-label\">Pot\u00eancia por porta de alimenta\u00e7\u00e3o por ethernet (PoE)<\/td>\n<td class=\"spec-value\">15 W<\/td>\n<\/tr>\n<tr>\n<td class=\"spec-label\">Or\u00e7amento Total Power over Ethernet (PoE)<\/td>\n<td class=\"spec-value\">67 W<\/td>\n<\/tr>\n<tr>\n<td class=\"spec-subheading\" colspan=\"2\"><b>Condi\u00e7\u00f5es ambientais<\/b><\/td>\n<\/tr>\n<tr>\n<td class=\"spec-label\">Temperatura ambiente<\/td>\n<td class=\"spec-value\">-5 &#8211; 50 \u00b0C<\/td>\n<\/tr>\n<tr>\n<td class=\"spec-label\">Limite de temperaturas (armazenamento)<\/td>\n<td class=\"spec-value\">-25 &#8211; 70 \u00b0C<\/td>\n<\/tr>\n<tr>\n<td class=\"spec-label\">Gama de humidade relativa<\/td>\n<td class=\"spec-value\">5 &#8211; 90%<\/td>\n<\/tr>\n<tr>\n<td class=\"spec-label\">Humidade de n\u00e3o funcionamento<\/td>\n<td class=\"spec-value\">5 &#8211; 95%<\/td>\n<\/tr>\n<tr>\n<td class=\"spec-label\">Altitude operacional<\/td>\n<td class=\"spec-value\">0 &#8211; 3000 m<\/td>\n<\/tr>\n<tr>\n<td class=\"spec-label\">Altitude n\u00e3o operacional<\/td>\n<td class=\"spec-value\">0 &#8211; 4500 m<\/td>\n<\/tr>\n<tr>\n<td class=\"spec-subheading\" colspan=\"2\"><b>Pesos e dimens\u00f5es<\/b><\/td>\n<\/tr>\n<tr>\n<td class=\"spec-label\">Largura do produto<\/td>\n<td class=\"spec-value\">268,2 mm<\/td>\n<\/tr>\n<tr>\n<td class=\"spec-label\">Profundidade da Unidade<\/td>\n<td class=\"spec-value\">184,9 mm<\/td>\n<\/tr>\n<tr>\n<td class=\"spec-label\">Altura da Unidade<\/td>\n<td class=\"spec-value\">43,9 mm<\/td>\n<\/tr>\n<\/tbody>\n<\/table>\n<\/div>\n","protected":false},"excerpt":{"rendered":"<p>Cisco Catalyst C1000-8P-2G-L, Gerido, L2, Gigabit Ethernet (10\/100\/1000), Full duplex, Power over Ethernet (PoE) Cisco Catalyst C1000-8P-2G-L. Tipo de switch: Gerido, Camada de switches: L2. Tipos de portas ethernet Basic<\/p>\n","protected":false},"featured_media":7263,"comment_status":"open","ping_status":"closed","template":"","meta":{"_joinchat":[]},"product_brand":[],"product_cat":[15],"product_tag":[],"class_list":{"0":"post-7262","1":"product","2":"type-product","3":"status-publish","4":"has-post-thumbnail","6":"product_cat-uncategorized","8":"first","9":"instock","10":"shipping-taxable","11":"purchasable","12":"product-type-simple"},"yoast_head":"<!-- This site is optimized with the Yoast SEO plugin v27.4 - https:\/\/yoast.com\/product\/yoast-seo-wordpress\/ -->\n<title>Cisco Catalyst C1000-8P-2G-L, Gerido, L2, Gigabit Ethernet (10\/100\/1000), Full duplex, Power over Ethernet (PoE) - Cyberlogics Technologies Angola<\/title>\n<meta name=\"description\" content=\"A Maior Loja Online de Angola de Licen\u00e7as Microsoft Office | Chaves Sistemas Operativos Windows | Antiv\u00edrus | Cloud Adobe | Inform\u00e1tica &amp; Servidores | Softwares de Gest\u00e3o ERP | Gaming Hardware | UPS e Baterias &amp; Muito Mais...\" \/>\n<meta name=\"robots\" content=\"index, follow, max-snippet:-1, max-image-preview:large, max-video-preview:-1\" \/>\n<link rel=\"canonical\" href=\"https:\/\/cyberlogics.ao\/index.php\/product\/cisco-catalyst-c1000-8p-2g-l-gerido-l2-gigabit-ethernet-10-100-1000-full-duplex-power-over-ethernet-poe\/\" \/>\n<meta property=\"og:locale\" content=\"pt_PT\" \/>\n<meta property=\"og:type\" content=\"article\" \/>\n<meta property=\"og:title\" content=\"Cisco Catalyst C1000-8P-2G-L, Gerido, L2, Gigabit Ethernet (10\/100\/1000), Full duplex, Power over Ethernet (PoE) - Cyberlogics Technologies Angola\" \/>\n<meta property=\"og:description\" content=\"A Maior Loja Online de Angola de Licen\u00e7as Microsoft Office | Chaves Sistemas Operativos Windows | Antiv\u00edrus | Cloud Adobe | Inform\u00e1tica &amp; Servidores | Softwares de Gest\u00e3o ERP | Gaming Hardware | UPS e Baterias &amp; Muito Mais...\" \/>\n<meta property=\"og:url\" content=\"https:\/\/cyberlogics.ao\/index.php\/product\/cisco-catalyst-c1000-8p-2g-l-gerido-l2-gigabit-ethernet-10-100-1000-full-duplex-power-over-ethernet-poe\/\" \/>\n<meta property=\"og:site_name\" content=\"Cyberlogics Technologies Angola\" \/>\n<meta property=\"article:modified_time\" content=\"2023-04-15T14:26:52+00:00\" \/>\n<meta property=\"og:image\" content=\"http:\/\/cyberlogics.ao\/wp-content\/uploads\/2023\/04\/aa1.webp\" \/>\n\t<meta property=\"og:image:width\" content=\"600\" \/>\n\t<meta property=\"og:image:height\" content=\"338\" \/>\n\t<meta property=\"og:image:type\" content=\"image\/webp\" \/>\n<meta name=\"twitter:card\" content=\"summary_large_image\" \/>\n<meta name=\"twitter:label1\" content=\"Tempo estimado de leitura\" \/>\n\t<meta name=\"twitter:data1\" content=\"4 minutos\" \/>\n<script type=\"application\/ld+json\" class=\"yoast-schema-graph\">{\"@context\":\"https:\\\/\\\/schema.org\",\"@graph\":[{\"@type\":\"WebPage\",\"@id\":\"https:\\\/\\\/cyberlogics.ao\\\/index.php\\\/product\\\/cisco-catalyst-c1000-8p-2g-l-gerido-l2-gigabit-ethernet-10-100-1000-full-duplex-power-over-ethernet-poe\\\/\",\"url\":\"https:\\\/\\\/cyberlogics.ao\\\/index.php\\\/product\\\/cisco-catalyst-c1000-8p-2g-l-gerido-l2-gigabit-ethernet-10-100-1000-full-duplex-power-over-ethernet-poe\\\/\",\"name\":\"Cisco Catalyst C1000-8P-2G-L, Gerido, L2, Gigabit Ethernet (10\\\/100\\\/1000), Full duplex, Power over Ethernet (PoE) - Cyberlogics Technologies Angola\",\"isPartOf\":{\"@id\":\"https:\\\/\\\/cyberlogics.ao\\\/#website\"},\"primaryImageOfPage\":{\"@id\":\"https:\\\/\\\/cyberlogics.ao\\\/index.php\\\/product\\\/cisco-catalyst-c1000-8p-2g-l-gerido-l2-gigabit-ethernet-10-100-1000-full-duplex-power-over-ethernet-poe\\\/#primaryimage\"},\"image\":{\"@id\":\"https:\\\/\\\/cyberlogics.ao\\\/index.php\\\/product\\\/cisco-catalyst-c1000-8p-2g-l-gerido-l2-gigabit-ethernet-10-100-1000-full-duplex-power-over-ethernet-poe\\\/#primaryimage\"},\"thumbnailUrl\":\"https:\\\/\\\/cyberlogics.ao\\\/wp-content\\\/uploads\\\/2023\\\/04\\\/aa1.webp\",\"datePublished\":\"2023-04-15T14:25:24+00:00\",\"dateModified\":\"2023-04-15T14:26:52+00:00\",\"description\":\"A Maior Loja Online de Angola de Licen\u00e7as Microsoft Office | Chaves Sistemas Operativos Windows | Antiv\u00edrus | Cloud Adobe | Inform\u00e1tica & Servidores | Softwares de Gest\u00e3o ERP | Gaming Hardware | UPS e Baterias & Muito Mais...\",\"breadcrumb\":{\"@id\":\"https:\\\/\\\/cyberlogics.ao\\\/index.php\\\/product\\\/cisco-catalyst-c1000-8p-2g-l-gerido-l2-gigabit-ethernet-10-100-1000-full-duplex-power-over-ethernet-poe\\\/#breadcrumb\"},\"inLanguage\":\"pt-PT\",\"potentialAction\":[{\"@type\":\"ReadAction\",\"target\":[\"https:\\\/\\\/cyberlogics.ao\\\/index.php\\\/product\\\/cisco-catalyst-c1000-8p-2g-l-gerido-l2-gigabit-ethernet-10-100-1000-full-duplex-power-over-ethernet-poe\\\/\"]}]},{\"@type\":\"ImageObject\",\"inLanguage\":\"pt-PT\",\"@id\":\"https:\\\/\\\/cyberlogics.ao\\\/index.php\\\/product\\\/cisco-catalyst-c1000-8p-2g-l-gerido-l2-gigabit-ethernet-10-100-1000-full-duplex-power-over-ethernet-poe\\\/#primaryimage\",\"url\":\"https:\\\/\\\/cyberlogics.ao\\\/wp-content\\\/uploads\\\/2023\\\/04\\\/aa1.webp\",\"contentUrl\":\"https:\\\/\\\/cyberlogics.ao\\\/wp-content\\\/uploads\\\/2023\\\/04\\\/aa1.webp\",\"width\":600,\"height\":338},{\"@type\":\"BreadcrumbList\",\"@id\":\"https:\\\/\\\/cyberlogics.ao\\\/index.php\\\/product\\\/cisco-catalyst-c1000-8p-2g-l-gerido-l2-gigabit-ethernet-10-100-1000-full-duplex-power-over-ethernet-poe\\\/#breadcrumb\",\"itemListElement\":[{\"@type\":\"ListItem\",\"position\":1,\"name\":\"In\u00edcio\",\"item\":\"https:\\\/\\\/cyberlogics.ao\\\/\"},{\"@type\":\"ListItem\",\"position\":2,\"name\":\"Produtos\",\"item\":\"https:\\\/\\\/cyberlogics.ao\\\/index.php\\\/shop-2\\\/\"},{\"@type\":\"ListItem\",\"position\":3,\"name\":\"Cisco Catalyst C1000-8P-2G-L, Gerido, L2, Gigabit Ethernet (10\\\/100\\\/1000), Full duplex, Power over Ethernet (PoE)\"}]},{\"@type\":\"WebSite\",\"@id\":\"https:\\\/\\\/cyberlogics.ao\\\/#website\",\"url\":\"https:\\\/\\\/cyberlogics.ao\\\/\",\"name\":\"Cyberlogics Technologies Angola\",\"description\":\"Loja Online de Licen\u00e7as de Softwares e Inform\u00e1tica\",\"publisher\":{\"@id\":\"https:\\\/\\\/cyberlogics.ao\\\/#organization\"},\"potentialAction\":[{\"@type\":\"SearchAction\",\"target\":{\"@type\":\"EntryPoint\",\"urlTemplate\":\"https:\\\/\\\/cyberlogics.ao\\\/?s={search_term_string}\"},\"query-input\":{\"@type\":\"PropertyValueSpecification\",\"valueRequired\":true,\"valueName\":\"search_term_string\"}}],\"inLanguage\":\"pt-PT\"},{\"@type\":\"Organization\",\"@id\":\"https:\\\/\\\/cyberlogics.ao\\\/#organization\",\"name\":\"Cyberlogics Ao Technologies - Loja Online de Licen\u00e7as de Softwares e Inform\u00e1tica\",\"url\":\"https:\\\/\\\/cyberlogics.ao\\\/\",\"logo\":{\"@type\":\"ImageObject\",\"inLanguage\":\"pt-PT\",\"@id\":\"https:\\\/\\\/cyberlogics.ao\\\/#\\\/schema\\\/logo\\\/image\\\/\",\"url\":\"https:\\\/\\\/cyberlogics.ao\\\/wp-content\\\/uploads\\\/2022\\\/04\\\/CT-logo.png\",\"contentUrl\":\"https:\\\/\\\/cyberlogics.ao\\\/wp-content\\\/uploads\\\/2022\\\/04\\\/CT-logo.png\",\"width\":190,\"height\":75,\"caption\":\"Cyberlogics Ao Technologies - Loja Online de Licen\u00e7as de Softwares e Inform\u00e1tica\"},\"image\":{\"@id\":\"https:\\\/\\\/cyberlogics.ao\\\/#\\\/schema\\\/logo\\\/image\\\/\"}}]}<\/script>\n<!-- \/ Yoast SEO plugin. -->","yoast_head_json":{"title":"Cisco Catalyst C1000-8P-2G-L, Gerido, L2, Gigabit Ethernet (10\/100\/1000), Full duplex, Power over Ethernet (PoE) - Cyberlogics Technologies Angola","description":"A Maior Loja Online de Angola de Licen\u00e7as Microsoft Office | Chaves Sistemas Operativos Windows | Antiv\u00edrus | Cloud Adobe | Inform\u00e1tica & Servidores | Softwares de Gest\u00e3o ERP | Gaming Hardware | UPS e Baterias & Muito Mais...","robots":{"index":"index","follow":"follow","max-snippet":"max-snippet:-1","max-image-preview":"max-image-preview:large","max-video-preview":"max-video-preview:-1"},"canonical":"https:\/\/cyberlogics.ao\/index.php\/product\/cisco-catalyst-c1000-8p-2g-l-gerido-l2-gigabit-ethernet-10-100-1000-full-duplex-power-over-ethernet-poe\/","og_locale":"pt_PT","og_type":"article","og_title":"Cisco Catalyst C1000-8P-2G-L, Gerido, L2, Gigabit Ethernet (10\/100\/1000), Full duplex, Power over Ethernet (PoE) - Cyberlogics Technologies Angola","og_description":"A Maior Loja Online de Angola de Licen\u00e7as Microsoft Office | Chaves Sistemas Operativos Windows | Antiv\u00edrus | Cloud Adobe | Inform\u00e1tica & Servidores | Softwares de Gest\u00e3o ERP | Gaming Hardware | UPS e Baterias & Muito Mais...","og_url":"https:\/\/cyberlogics.ao\/index.php\/product\/cisco-catalyst-c1000-8p-2g-l-gerido-l2-gigabit-ethernet-10-100-1000-full-duplex-power-over-ethernet-poe\/","og_site_name":"Cyberlogics Technologies Angola","article_modified_time":"2023-04-15T14:26:52+00:00","og_image":[{"width":600,"height":338,"url":"http:\/\/cyberlogics.ao\/wp-content\/uploads\/2023\/04\/aa1.webp","type":"image\/webp"}],"twitter_card":"summary_large_image","twitter_misc":{"Tempo estimado de leitura":"4 minutos"},"schema":{"@context":"https:\/\/schema.org","@graph":[{"@type":"WebPage","@id":"https:\/\/cyberlogics.ao\/index.php\/product\/cisco-catalyst-c1000-8p-2g-l-gerido-l2-gigabit-ethernet-10-100-1000-full-duplex-power-over-ethernet-poe\/","url":"https:\/\/cyberlogics.ao\/index.php\/product\/cisco-catalyst-c1000-8p-2g-l-gerido-l2-gigabit-ethernet-10-100-1000-full-duplex-power-over-ethernet-poe\/","name":"Cisco Catalyst C1000-8P-2G-L, Gerido, L2, Gigabit Ethernet (10\/100\/1000), Full duplex, Power over Ethernet (PoE) - Cyberlogics Technologies Angola","isPartOf":{"@id":"https:\/\/cyberlogics.ao\/#website"},"primaryImageOfPage":{"@id":"https:\/\/cyberlogics.ao\/index.php\/product\/cisco-catalyst-c1000-8p-2g-l-gerido-l2-gigabit-ethernet-10-100-1000-full-duplex-power-over-ethernet-poe\/#primaryimage"},"image":{"@id":"https:\/\/cyberlogics.ao\/index.php\/product\/cisco-catalyst-c1000-8p-2g-l-gerido-l2-gigabit-ethernet-10-100-1000-full-duplex-power-over-ethernet-poe\/#primaryimage"},"thumbnailUrl":"https:\/\/cyberlogics.ao\/wp-content\/uploads\/2023\/04\/aa1.webp","datePublished":"2023-04-15T14:25:24+00:00","dateModified":"2023-04-15T14:26:52+00:00","description":"A Maior Loja Online de Angola de Licen\u00e7as Microsoft Office | Chaves Sistemas Operativos Windows | Antiv\u00edrus | Cloud Adobe | Inform\u00e1tica & Servidores | Softwares de Gest\u00e3o ERP | Gaming Hardware | UPS e Baterias & Muito Mais...","breadcrumb":{"@id":"https:\/\/cyberlogics.ao\/index.php\/product\/cisco-catalyst-c1000-8p-2g-l-gerido-l2-gigabit-ethernet-10-100-1000-full-duplex-power-over-ethernet-poe\/#breadcrumb"},"inLanguage":"pt-PT","potentialAction":[{"@type":"ReadAction","target":["https:\/\/cyberlogics.ao\/index.php\/product\/cisco-catalyst-c1000-8p-2g-l-gerido-l2-gigabit-ethernet-10-100-1000-full-duplex-power-over-ethernet-poe\/"]}]},{"@type":"ImageObject","inLanguage":"pt-PT","@id":"https:\/\/cyberlogics.ao\/index.php\/product\/cisco-catalyst-c1000-8p-2g-l-gerido-l2-gigabit-ethernet-10-100-1000-full-duplex-power-over-ethernet-poe\/#primaryimage","url":"https:\/\/cyberlogics.ao\/wp-content\/uploads\/2023\/04\/aa1.webp","contentUrl":"https:\/\/cyberlogics.ao\/wp-content\/uploads\/2023\/04\/aa1.webp","width":600,"height":338},{"@type":"BreadcrumbList","@id":"https:\/\/cyberlogics.ao\/index.php\/product\/cisco-catalyst-c1000-8p-2g-l-gerido-l2-gigabit-ethernet-10-100-1000-full-duplex-power-over-ethernet-poe\/#breadcrumb","itemListElement":[{"@type":"ListItem","position":1,"name":"In\u00edcio","item":"https:\/\/cyberlogics.ao\/"},{"@type":"ListItem","position":2,"name":"Produtos","item":"https:\/\/cyberlogics.ao\/index.php\/shop-2\/"},{"@type":"ListItem","position":3,"name":"Cisco Catalyst C1000-8P-2G-L, Gerido, L2, Gigabit Ethernet (10\/100\/1000), Full duplex, Power over Ethernet (PoE)"}]},{"@type":"WebSite","@id":"https:\/\/cyberlogics.ao\/#website","url":"https:\/\/cyberlogics.ao\/","name":"Cyberlogics Technologies Angola","description":"Loja Online de Licen\u00e7as de Softwares e Inform\u00e1tica","publisher":{"@id":"https:\/\/cyberlogics.ao\/#organization"},"potentialAction":[{"@type":"SearchAction","target":{"@type":"EntryPoint","urlTemplate":"https:\/\/cyberlogics.ao\/?s={search_term_string}"},"query-input":{"@type":"PropertyValueSpecification","valueRequired":true,"valueName":"search_term_string"}}],"inLanguage":"pt-PT"},{"@type":"Organization","@id":"https:\/\/cyberlogics.ao\/#organization","name":"Cyberlogics Ao Technologies - Loja Online de Licen\u00e7as de Softwares e Inform\u00e1tica","url":"https:\/\/cyberlogics.ao\/","logo":{"@type":"ImageObject","inLanguage":"pt-PT","@id":"https:\/\/cyberlogics.ao\/#\/schema\/logo\/image\/","url":"https:\/\/cyberlogics.ao\/wp-content\/uploads\/2022\/04\/CT-logo.png","contentUrl":"https:\/\/cyberlogics.ao\/wp-content\/uploads\/2022\/04\/CT-logo.png","width":190,"height":75,"caption":"Cyberlogics Ao Technologies - Loja Online de Licen\u00e7as de Softwares e Inform\u00e1tica"},"image":{"@id":"https:\/\/cyberlogics.ao\/#\/schema\/logo\/image\/"}}]}},"_links":{"self":[{"href":"https:\/\/cyberlogics.ao\/index.php\/wp-json\/wp\/v2\/product\/7262","targetHints":{"allow":["GET"]}}],"collection":[{"href":"https:\/\/cyberlogics.ao\/index.php\/wp-json\/wp\/v2\/product"}],"about":[{"href":"https:\/\/cyberlogics.ao\/index.php\/wp-json\/wp\/v2\/types\/product"}],"replies":[{"embeddable":true,"href":"https:\/\/cyberlogics.ao\/index.php\/wp-json\/wp\/v2\/comments?post=7262"}],"wp:featuredmedia":[{"embeddable":true,"href":"https:\/\/cyberlogics.ao\/index.php\/wp-json\/wp\/v2\/media\/7263"}],"wp:attachment":[{"href":"https:\/\/cyberlogics.ao\/index.php\/wp-json\/wp\/v2\/media?parent=7262"}],"wp:term":[{"taxonomy":"product_brand","embeddable":true,"href":"https:\/\/cyberlogics.ao\/index.php\/wp-json\/wp\/v2\/product_brand?post=7262"},{"taxonomy":"product_cat","embeddable":true,"href":"https:\/\/cyberlogics.ao\/index.php\/wp-json\/wp\/v2\/product_cat?post=7262"},{"taxonomy":"product_tag","embeddable":true,"href":"https:\/\/cyberlogics.ao\/index.php\/wp-json\/wp\/v2\/product_tag?post=7262"}],"curies":[{"name":"wp","href":"https:\/\/api.w.org\/{rel}","templated":true}]}}