{"id":7307,"date":"2023-04-15T15:39:18","date_gmt":"2023-04-15T15:39:18","guid":{"rendered":"https:\/\/cyberlogics.ao\/?post_type=product&#038;p=7307"},"modified":"2023-04-15T15:39:18","modified_gmt":"2023-04-15T15:39:18","slug":"cisco-cbs350-8p-e-2g-eu-gerido-l2-l3-gigabit-ethernet-10-100-1000-montagem-em-prateleira","status":"publish","type":"product","link":"https:\/\/cyberlogics.ao\/index.php\/product\/cisco-cbs350-8p-e-2g-eu-gerido-l2-l3-gigabit-ethernet-10-100-1000-montagem-em-prateleira\/","title":{"rendered":"Cisco CBS350-8P-E-2G-EU, Gerido, L2\/L3, Gigabit Ethernet (10\/100\/1000), Montagem em prateleira"},"content":{"rendered":"<h2>Cisco CBS350-8P-E-2G-EU, Gerido, L2\/L3, Gigabit Ethernet (10\/100\/1000), Montagem em prateleira<\/h2>\n<p>Cisco CBS350-8P-E-2G-EU. Tipo de switch: Gerido, Camada de switches: L2\/L3. Tipos de portas ethernet Basic switching RJ-45: Gigabit Ethernet (10\/100\/1000), N\u00famero de portas ethernet Basic switching RJ-45: 8, Quantidade de portas USB 2.0: 1. Tabela de endere\u00e7os MAC: 16000 entradas. Normas de Comunica\u00e7\u00f5es: IEEE 802.1D, IEEE 802.1w, IEEE 802.1s, IEEE 802.3, IEEE 802.3u, IEEE 802.3ab, IEEE 802.3z, IEEE&#8230;. Montagem em prateleira<\/p>\n<p>&nbsp;<\/p>\n<div class=\"product-spec-title\">Especifica\u00e7\u00e3o<\/div>\n<div class=\"tab-content tab-content-description\">\n<table id=\"icecat-specification-table\" class=\"product_specs\">\n<tbody>\n<tr>\n<td class=\"spec-subheading\" colspan=\"2\"><b>Funcionalidades de gest\u00e3o<\/b><\/td>\n<\/tr>\n<tr>\n<td class=\"spec-label\">Tipo de switch<\/td>\n<td class=\"spec-value\">Gerido<\/td>\n<\/tr>\n<tr>\n<td class=\"spec-label\">Camada de switches<\/td>\n<td class=\"spec-value\">L2\/L3<\/td>\n<\/tr>\n<tr>\n<td class=\"spec-label\">Suporte para Quality of Service (QoS)<\/td>\n<td class=\"spec-value\">Sim<\/td>\n<\/tr>\n<tr>\n<td class=\"spec-label\">Gest\u00e3o web-based<\/td>\n<td class=\"spec-value\">Sim<\/td>\n<\/tr>\n<tr>\n<td class=\"spec-label\">Gerido na cloud<\/td>\n<td class=\"spec-value\">Sim<\/td>\n<\/tr>\n<tr>\n<td class=\"spec-label\">Inspe\u00e7\u00e3o ARP<\/td>\n<td class=\"spec-value\">Sim<\/td>\n<\/tr>\n<tr>\n<td class=\"spec-label\">Configura\u00e7\u00e3o de Defini\u00e7\u00f5es de Localiza\u00e7\u00e3o (DFL)<\/td>\n<td class=\"spec-value\">Sim<\/td>\n<\/tr>\n<tr>\n<td class=\"spec-label\">Apoio MIB<\/td>\n<td class=\"spec-value\">Sim<\/td>\n<\/tr>\n<tr>\n<td class=\"spec-subheading\" colspan=\"2\"><b>Conectividade<\/b><\/td>\n<\/tr>\n<tr>\n<td class=\"spec-label\">N\u00famero de portas ethernet Basic switching RJ-45<\/td>\n<td class=\"spec-value\">8<\/td>\n<\/tr>\n<tr>\n<td class=\"spec-label\">Tipos de portas ethernet Basic switching RJ-45<\/td>\n<td class=\"spec-value\">Gigabit Ethernet (10\/100\/1000)<\/td>\n<\/tr>\n<tr>\n<td class=\"spec-label\">N\u00famero de portas Combo SFP<\/td>\n<td class=\"spec-value\">2<\/td>\n<\/tr>\n<tr>\n<td class=\"spec-label\">Quantidade de portas USB 2.0<\/td>\n<td class=\"spec-value\">1<\/td>\n<\/tr>\n<tr>\n<td class=\"spec-subheading\" colspan=\"2\"><b>Rede<\/b><\/td>\n<\/tr>\n<tr>\n<td class=\"spec-label\">Normas de Comunica\u00e7\u00f5es<\/td>\n<td class=\"spec-value\">IEEE 802.1D, IEEE 802.1w, IEEE 802.1s, IEEE 802.3, IEEE 802.3u, IEEE 802.3ab, IEEE 802.3z, IEEE 802.3ad<\/td>\n<\/tr>\n<tr>\n<td class=\"spec-label\">Suporte 10G<\/td>\n<td class=\"spec-value\">Sim<\/td>\n<\/tr>\n<tr>\n<td class=\"spec-label\">Mirroring de portas<\/td>\n<td class=\"spec-value\">Sim<\/td>\n<\/tr>\n<tr>\n<td class=\"spec-label\">Suporte Flow control<\/td>\n<td class=\"spec-value\">Sim<\/td>\n<\/tr>\n<tr>\n<td class=\"spec-label\">Agrega\u00e7\u00e3o de links<\/td>\n<td class=\"spec-value\">Sim<\/td>\n<\/tr>\n<tr>\n<td class=\"spec-label\">Controlo de tempestade de difus\u00e3o<\/td>\n<td class=\"spec-value\">Sim<\/td>\n<\/tr>\n<tr>\n<td class=\"spec-label\">Ethernet LAN taxa de transfer\u00eancia de dados<\/td>\n<td class=\"spec-value\">10,100,1000 Mbit\/s<\/td>\n<\/tr>\n<tr>\n<td class=\"spec-label\">Auto MDI\/MDI-X<\/td>\n<td class=\"spec-value\">Sim<\/td>\n<\/tr>\n<tr>\n<td class=\"spec-label\">Protocolo spanning tree<\/td>\n<td class=\"spec-value\">Sim<\/td>\n<\/tr>\n<tr>\n<td class=\"spec-label\">Head-of-line (HOL) blocking<\/td>\n<td class=\"spec-value\">Sim<\/td>\n<\/tr>\n<tr>\n<td class=\"spec-label\">Suporte VLAN<\/td>\n<td class=\"spec-value\">Sim<\/td>\n<\/tr>\n<tr>\n<td class=\"spec-label\">N\u00famero de VLANs<\/td>\n<td class=\"spec-value\">4094<\/td>\n<\/tr>\n<tr>\n<td class=\"spec-subheading\" colspan=\"2\"><b>Transmiss\u00e3o de dados<\/b><\/td>\n<\/tr>\n<tr>\n<td class=\"spec-label\">Tamanho da tabela de endere\u00e7os MAC<\/td>\n<td class=\"spec-value\">16000 entradas<\/td>\n<\/tr>\n<tr>\n<td class=\"spec-label\">Apoio Jumbo Frames<\/td>\n<td class=\"spec-value\">Sim<\/td>\n<\/tr>\n<tr>\n<td class=\"spec-label\">Jumbo frames<\/td>\n<td class=\"spec-value\">9000<\/td>\n<\/tr>\n<tr>\n<td class=\"spec-subheading\" colspan=\"2\"><b>Seguran\u00e7a<\/b><\/td>\n<\/tr>\n<tr>\n<td class=\"spec-label\">Funcionalidades DHCP<\/td>\n<td class=\"spec-value\">DHCP relay, DHCP server, DHCPv6 client<\/td>\n<\/tr>\n<tr>\n<td class=\"spec-label\">Lista de controlo de acesso<\/td>\n<td class=\"spec-value\">Sim<\/td>\n<\/tr>\n<tr>\n<td class=\"spec-label\">Regras de lista de controlo de acessos<\/td>\n<td class=\"spec-value\">1024<\/td>\n<\/tr>\n<tr>\n<td class=\"spec-label\">IGMP snooping<\/td>\n<td class=\"spec-value\">Sim<\/td>\n<\/tr>\n<tr>\n<td class=\"spec-label\">Codifica\u00e7\u00e3o \/ seguran\u00e7a<\/td>\n<td class=\"spec-value\">HTTPS, SSH, SSL\/TLS<\/td>\n<\/tr>\n<tr>\n<td class=\"spec-label\">Filtra\u00e7\u00e3o de endere\u00e7os MAC<\/td>\n<td class=\"spec-value\">Sim<\/td>\n<\/tr>\n<tr>\n<td class=\"spec-label\">SSH\/SSL support<\/td>\n<td class=\"spec-value\">Sim<\/td>\n<\/tr>\n<tr>\n<td class=\"spec-label\">Prote\u00e7\u00e3o\u00a0 de palavra-chave<\/td>\n<td class=\"spec-value\">Sim<\/td>\n<\/tr>\n<tr>\n<td class=\"spec-subheading\" colspan=\"2\"><b>Caracter\u00edsticas Multicast<\/b><\/td>\n<\/tr>\n<tr>\n<td class=\"spec-label\">Apoio Multicast<\/td>\n<td class=\"spec-value\">Sim<\/td>\n<\/tr>\n<tr>\n<td class=\"spec-subheading\" colspan=\"2\"><b>Protocolos<\/b><\/td>\n<\/tr>\n<tr>\n<td class=\"spec-label\">Protocolos de gest\u00e3o<\/td>\n<td class=\"spec-value\">SNMP<\/td>\n<\/tr>\n<tr>\n<td class=\"spec-subheading\" colspan=\"2\"><b>Design<\/b><\/td>\n<\/tr>\n<tr>\n<td class=\"spec-label\">Montagem em prateleira<\/td>\n<td class=\"spec-value\">Sim<\/td>\n<\/tr>\n<tr>\n<td class=\"spec-label\">Cor do produto<\/td>\n<td class=\"spec-value\">Prateado<\/td>\n<\/tr>\n<tr>\n<td class=\"spec-label\">Bot\u00e3o reset<\/td>\n<td class=\"spec-value\">Sim<\/td>\n<\/tr>\n<tr>\n<td class=\"spec-label\">Visor com LED duplo<\/td>\n<td class=\"spec-value\">Sim<\/td>\n<\/tr>\n<tr>\n<td class=\"spec-subheading\" colspan=\"2\"><b>Desempenho<\/b><\/td>\n<\/tr>\n<tr>\n<td class=\"spec-label\">Processador built-in<\/td>\n<td class=\"spec-value\">Sim<\/td>\n<\/tr>\n<tr>\n<td class=\"spec-label\">Frequ\u00eancia do processador<\/td>\n<td class=\"spec-value\">800 MHz<\/td>\n<\/tr>\n<tr>\n<td class=\"spec-label\">Capacidade da mem\u00f3ria incorporada<\/td>\n<td class=\"spec-value\">512 MB<\/td>\n<\/tr>\n<tr>\n<td class=\"spec-label\">Tamanho da mem\u00f3ria flash<\/td>\n<td class=\"spec-value\">256 MB<\/td>\n<\/tr>\n<tr>\n<td class=\"spec-label\">Firmware actualiz\u00e1vel<\/td>\n<td class=\"spec-value\">Sim<\/td>\n<\/tr>\n<tr>\n<td class=\"spec-label\">C\u00f3digo de Sistema Harmonizado (HS)<\/td>\n<td class=\"spec-value\">85176990<\/td>\n<\/tr>\n<tr>\n<td class=\"spec-subheading\" colspan=\"2\"><b>Gest\u00e3o de energia<\/b><\/td>\n<\/tr>\n<tr>\n<td class=\"spec-label\">Fonte de alimenta\u00e7\u00e3o inclu\u00edda<\/td>\n<td class=\"spec-value\">Sim<\/td>\n<\/tr>\n<tr>\n<td class=\"spec-subheading\" colspan=\"2\"><b>Condi\u00e7\u00f5es ambientais<\/b><\/td>\n<\/tr>\n<tr>\n<td class=\"spec-label\">Temperatura ambiente<\/td>\n<td class=\"spec-value\">-5 &#8211; 50 \u00b0C<\/td>\n<\/tr>\n<tr>\n<td class=\"spec-label\">Limite de temperaturas (armazenamento)<\/td>\n<td class=\"spec-value\">-25 &#8211; 70 \u00b0C<\/td>\n<\/tr>\n<tr>\n<td class=\"spec-label\">Gama de humidade relativa<\/td>\n<td class=\"spec-value\">10 &#8211; 90%<\/td>\n<\/tr>\n<tr>\n<td class=\"spec-label\">Humidade de n\u00e3o funcionamento<\/td>\n<td class=\"spec-value\">10 &#8211; 90%<\/td>\n<\/tr>\n<\/tbody>\n<\/table>\n<\/div>\n","protected":false},"excerpt":{"rendered":"<p>Cisco CBS350-8P-E-2G-EU, Gerido, L2\/L3, Gigabit Ethernet (10\/100\/1000), Montagem em prateleira Cisco CBS350-8P-E-2G-EU. Tipo de switch: Gerido, Camada de switches: L2\/L3. Tipos de portas ethernet Basic switching RJ-45: Gigabit Ethernet (10\/100\/1000),<\/p>\n","protected":false},"featured_media":7308,"comment_status":"open","ping_status":"closed","template":"","meta":{"_joinchat":[]},"product_brand":[],"product_cat":[15],"product_tag":[],"class_list":{"0":"post-7307","1":"product","2":"type-product","3":"status-publish","4":"has-post-thumbnail","6":"product_cat-uncategorized","8":"first","9":"instock","10":"shipping-taxable","11":"purchasable","12":"product-type-simple"},"yoast_head":"<!-- This site is optimized with the Yoast SEO plugin v27.4 - https:\/\/yoast.com\/product\/yoast-seo-wordpress\/ -->\n<title>Cisco CBS350-8P-E-2G-EU, Gerido, L2\/L3, Gigabit Ethernet (10\/100\/1000), Montagem em prateleira - Cyberlogics Technologies Angola<\/title>\n<meta name=\"description\" content=\"A Maior Loja Online de Angola de Licen\u00e7as Microsoft Office | Chaves Sistemas Operativos Windows | Antiv\u00edrus | Cloud Adobe | Inform\u00e1tica &amp; Servidores | Softwares de Gest\u00e3o ERP | Gaming Hardware | UPS e Baterias &amp; Muito Mais...\" \/>\n<meta name=\"robots\" content=\"index, follow, max-snippet:-1, max-image-preview:large, max-video-preview:-1\" \/>\n<link rel=\"canonical\" href=\"https:\/\/cyberlogics.ao\/index.php\/product\/cisco-cbs350-8p-e-2g-eu-gerido-l2-l3-gigabit-ethernet-10-100-1000-montagem-em-prateleira\/\" \/>\n<meta property=\"og:locale\" content=\"pt_PT\" \/>\n<meta property=\"og:type\" content=\"article\" \/>\n<meta property=\"og:title\" content=\"Cisco CBS350-8P-E-2G-EU, Gerido, L2\/L3, Gigabit Ethernet (10\/100\/1000), Montagem em prateleira - Cyberlogics Technologies Angola\" \/>\n<meta property=\"og:description\" content=\"A Maior Loja Online de Angola de Licen\u00e7as Microsoft Office | Chaves Sistemas Operativos Windows | Antiv\u00edrus | Cloud Adobe | Inform\u00e1tica &amp; Servidores | Softwares de Gest\u00e3o ERP | Gaming Hardware | UPS e Baterias &amp; Muito Mais...\" \/>\n<meta property=\"og:url\" content=\"https:\/\/cyberlogics.ao\/index.php\/product\/cisco-cbs350-8p-e-2g-eu-gerido-l2-l3-gigabit-ethernet-10-100-1000-montagem-em-prateleira\/\" \/>\n<meta property=\"og:site_name\" content=\"Cyberlogics Technologies Angola\" \/>\n<meta property=\"og:image\" content=\"http:\/\/cyberlogics.ao\/wp-content\/uploads\/2023\/04\/ak1.webp\" \/>\n\t<meta property=\"og:image:width\" content=\"322\" \/>\n\t<meta property=\"og:image:height\" content=\"213\" \/>\n\t<meta property=\"og:image:type\" content=\"image\/webp\" \/>\n<meta name=\"twitter:card\" content=\"summary_large_image\" \/>\n<meta name=\"twitter:label1\" content=\"Tempo estimado de leitura\" \/>\n\t<meta name=\"twitter:data1\" content=\"2 minutos\" \/>\n<script type=\"application\/ld+json\" class=\"yoast-schema-graph\">{\"@context\":\"https:\\\/\\\/schema.org\",\"@graph\":[{\"@type\":\"WebPage\",\"@id\":\"https:\\\/\\\/cyberlogics.ao\\\/index.php\\\/product\\\/cisco-cbs350-8p-e-2g-eu-gerido-l2-l3-gigabit-ethernet-10-100-1000-montagem-em-prateleira\\\/\",\"url\":\"https:\\\/\\\/cyberlogics.ao\\\/index.php\\\/product\\\/cisco-cbs350-8p-e-2g-eu-gerido-l2-l3-gigabit-ethernet-10-100-1000-montagem-em-prateleira\\\/\",\"name\":\"Cisco CBS350-8P-E-2G-EU, Gerido, L2\\\/L3, Gigabit Ethernet (10\\\/100\\\/1000), Montagem em prateleira - Cyberlogics Technologies Angola\",\"isPartOf\":{\"@id\":\"https:\\\/\\\/cyberlogics.ao\\\/#website\"},\"primaryImageOfPage\":{\"@id\":\"https:\\\/\\\/cyberlogics.ao\\\/index.php\\\/product\\\/cisco-cbs350-8p-e-2g-eu-gerido-l2-l3-gigabit-ethernet-10-100-1000-montagem-em-prateleira\\\/#primaryimage\"},\"image\":{\"@id\":\"https:\\\/\\\/cyberlogics.ao\\\/index.php\\\/product\\\/cisco-cbs350-8p-e-2g-eu-gerido-l2-l3-gigabit-ethernet-10-100-1000-montagem-em-prateleira\\\/#primaryimage\"},\"thumbnailUrl\":\"https:\\\/\\\/cyberlogics.ao\\\/wp-content\\\/uploads\\\/2023\\\/04\\\/ak1.webp\",\"datePublished\":\"2023-04-15T15:39:18+00:00\",\"description\":\"A Maior Loja Online de Angola de Licen\u00e7as Microsoft Office | Chaves Sistemas Operativos Windows | Antiv\u00edrus | Cloud Adobe | Inform\u00e1tica & Servidores | Softwares de Gest\u00e3o ERP | Gaming Hardware | UPS e Baterias & Muito Mais...\",\"breadcrumb\":{\"@id\":\"https:\\\/\\\/cyberlogics.ao\\\/index.php\\\/product\\\/cisco-cbs350-8p-e-2g-eu-gerido-l2-l3-gigabit-ethernet-10-100-1000-montagem-em-prateleira\\\/#breadcrumb\"},\"inLanguage\":\"pt-PT\",\"potentialAction\":[{\"@type\":\"ReadAction\",\"target\":[\"https:\\\/\\\/cyberlogics.ao\\\/index.php\\\/product\\\/cisco-cbs350-8p-e-2g-eu-gerido-l2-l3-gigabit-ethernet-10-100-1000-montagem-em-prateleira\\\/\"]}]},{\"@type\":\"ImageObject\",\"inLanguage\":\"pt-PT\",\"@id\":\"https:\\\/\\\/cyberlogics.ao\\\/index.php\\\/product\\\/cisco-cbs350-8p-e-2g-eu-gerido-l2-l3-gigabit-ethernet-10-100-1000-montagem-em-prateleira\\\/#primaryimage\",\"url\":\"https:\\\/\\\/cyberlogics.ao\\\/wp-content\\\/uploads\\\/2023\\\/04\\\/ak1.webp\",\"contentUrl\":\"https:\\\/\\\/cyberlogics.ao\\\/wp-content\\\/uploads\\\/2023\\\/04\\\/ak1.webp\",\"width\":322,\"height\":213},{\"@type\":\"BreadcrumbList\",\"@id\":\"https:\\\/\\\/cyberlogics.ao\\\/index.php\\\/product\\\/cisco-cbs350-8p-e-2g-eu-gerido-l2-l3-gigabit-ethernet-10-100-1000-montagem-em-prateleira\\\/#breadcrumb\",\"itemListElement\":[{\"@type\":\"ListItem\",\"position\":1,\"name\":\"In\u00edcio\",\"item\":\"https:\\\/\\\/cyberlogics.ao\\\/\"},{\"@type\":\"ListItem\",\"position\":2,\"name\":\"Produtos\",\"item\":\"https:\\\/\\\/cyberlogics.ao\\\/index.php\\\/shop-2\\\/\"},{\"@type\":\"ListItem\",\"position\":3,\"name\":\"Cisco CBS350-8P-E-2G-EU, Gerido, L2\\\/L3, Gigabit Ethernet (10\\\/100\\\/1000), Montagem em prateleira\"}]},{\"@type\":\"WebSite\",\"@id\":\"https:\\\/\\\/cyberlogics.ao\\\/#website\",\"url\":\"https:\\\/\\\/cyberlogics.ao\\\/\",\"name\":\"Cyberlogics Technologies Angola\",\"description\":\"Loja Online de Licen\u00e7as de Softwares e Inform\u00e1tica\",\"publisher\":{\"@id\":\"https:\\\/\\\/cyberlogics.ao\\\/#organization\"},\"potentialAction\":[{\"@type\":\"SearchAction\",\"target\":{\"@type\":\"EntryPoint\",\"urlTemplate\":\"https:\\\/\\\/cyberlogics.ao\\\/?s={search_term_string}\"},\"query-input\":{\"@type\":\"PropertyValueSpecification\",\"valueRequired\":true,\"valueName\":\"search_term_string\"}}],\"inLanguage\":\"pt-PT\"},{\"@type\":\"Organization\",\"@id\":\"https:\\\/\\\/cyberlogics.ao\\\/#organization\",\"name\":\"Cyberlogics Ao Technologies - Loja Online de Licen\u00e7as de Softwares e Inform\u00e1tica\",\"url\":\"https:\\\/\\\/cyberlogics.ao\\\/\",\"logo\":{\"@type\":\"ImageObject\",\"inLanguage\":\"pt-PT\",\"@id\":\"https:\\\/\\\/cyberlogics.ao\\\/#\\\/schema\\\/logo\\\/image\\\/\",\"url\":\"https:\\\/\\\/cyberlogics.ao\\\/wp-content\\\/uploads\\\/2022\\\/04\\\/CT-logo.png\",\"contentUrl\":\"https:\\\/\\\/cyberlogics.ao\\\/wp-content\\\/uploads\\\/2022\\\/04\\\/CT-logo.png\",\"width\":190,\"height\":75,\"caption\":\"Cyberlogics Ao Technologies - Loja Online de Licen\u00e7as de Softwares e Inform\u00e1tica\"},\"image\":{\"@id\":\"https:\\\/\\\/cyberlogics.ao\\\/#\\\/schema\\\/logo\\\/image\\\/\"}}]}<\/script>\n<!-- \/ Yoast SEO plugin. -->","yoast_head_json":{"title":"Cisco CBS350-8P-E-2G-EU, Gerido, L2\/L3, Gigabit Ethernet (10\/100\/1000), Montagem em prateleira - Cyberlogics Technologies Angola","description":"A Maior Loja Online de Angola de Licen\u00e7as Microsoft Office | Chaves Sistemas Operativos Windows | Antiv\u00edrus | Cloud Adobe | Inform\u00e1tica & Servidores | Softwares de Gest\u00e3o ERP | Gaming Hardware | UPS e Baterias & Muito Mais...","robots":{"index":"index","follow":"follow","max-snippet":"max-snippet:-1","max-image-preview":"max-image-preview:large","max-video-preview":"max-video-preview:-1"},"canonical":"https:\/\/cyberlogics.ao\/index.php\/product\/cisco-cbs350-8p-e-2g-eu-gerido-l2-l3-gigabit-ethernet-10-100-1000-montagem-em-prateleira\/","og_locale":"pt_PT","og_type":"article","og_title":"Cisco CBS350-8P-E-2G-EU, Gerido, L2\/L3, Gigabit Ethernet (10\/100\/1000), Montagem em prateleira - Cyberlogics Technologies Angola","og_description":"A Maior Loja Online de Angola de Licen\u00e7as Microsoft Office | Chaves Sistemas Operativos Windows | Antiv\u00edrus | Cloud Adobe | Inform\u00e1tica & Servidores | Softwares de Gest\u00e3o ERP | Gaming Hardware | UPS e Baterias & Muito Mais...","og_url":"https:\/\/cyberlogics.ao\/index.php\/product\/cisco-cbs350-8p-e-2g-eu-gerido-l2-l3-gigabit-ethernet-10-100-1000-montagem-em-prateleira\/","og_site_name":"Cyberlogics Technologies Angola","og_image":[{"width":322,"height":213,"url":"http:\/\/cyberlogics.ao\/wp-content\/uploads\/2023\/04\/ak1.webp","type":"image\/webp"}],"twitter_card":"summary_large_image","twitter_misc":{"Tempo estimado de leitura":"2 minutos"},"schema":{"@context":"https:\/\/schema.org","@graph":[{"@type":"WebPage","@id":"https:\/\/cyberlogics.ao\/index.php\/product\/cisco-cbs350-8p-e-2g-eu-gerido-l2-l3-gigabit-ethernet-10-100-1000-montagem-em-prateleira\/","url":"https:\/\/cyberlogics.ao\/index.php\/product\/cisco-cbs350-8p-e-2g-eu-gerido-l2-l3-gigabit-ethernet-10-100-1000-montagem-em-prateleira\/","name":"Cisco CBS350-8P-E-2G-EU, Gerido, L2\/L3, Gigabit Ethernet (10\/100\/1000), Montagem em prateleira - Cyberlogics Technologies Angola","isPartOf":{"@id":"https:\/\/cyberlogics.ao\/#website"},"primaryImageOfPage":{"@id":"https:\/\/cyberlogics.ao\/index.php\/product\/cisco-cbs350-8p-e-2g-eu-gerido-l2-l3-gigabit-ethernet-10-100-1000-montagem-em-prateleira\/#primaryimage"},"image":{"@id":"https:\/\/cyberlogics.ao\/index.php\/product\/cisco-cbs350-8p-e-2g-eu-gerido-l2-l3-gigabit-ethernet-10-100-1000-montagem-em-prateleira\/#primaryimage"},"thumbnailUrl":"https:\/\/cyberlogics.ao\/wp-content\/uploads\/2023\/04\/ak1.webp","datePublished":"2023-04-15T15:39:18+00:00","description":"A Maior Loja Online de Angola de Licen\u00e7as Microsoft Office | Chaves Sistemas Operativos Windows | Antiv\u00edrus | Cloud Adobe | Inform\u00e1tica & Servidores | Softwares de Gest\u00e3o ERP | Gaming Hardware | UPS e Baterias & Muito Mais...","breadcrumb":{"@id":"https:\/\/cyberlogics.ao\/index.php\/product\/cisco-cbs350-8p-e-2g-eu-gerido-l2-l3-gigabit-ethernet-10-100-1000-montagem-em-prateleira\/#breadcrumb"},"inLanguage":"pt-PT","potentialAction":[{"@type":"ReadAction","target":["https:\/\/cyberlogics.ao\/index.php\/product\/cisco-cbs350-8p-e-2g-eu-gerido-l2-l3-gigabit-ethernet-10-100-1000-montagem-em-prateleira\/"]}]},{"@type":"ImageObject","inLanguage":"pt-PT","@id":"https:\/\/cyberlogics.ao\/index.php\/product\/cisco-cbs350-8p-e-2g-eu-gerido-l2-l3-gigabit-ethernet-10-100-1000-montagem-em-prateleira\/#primaryimage","url":"https:\/\/cyberlogics.ao\/wp-content\/uploads\/2023\/04\/ak1.webp","contentUrl":"https:\/\/cyberlogics.ao\/wp-content\/uploads\/2023\/04\/ak1.webp","width":322,"height":213},{"@type":"BreadcrumbList","@id":"https:\/\/cyberlogics.ao\/index.php\/product\/cisco-cbs350-8p-e-2g-eu-gerido-l2-l3-gigabit-ethernet-10-100-1000-montagem-em-prateleira\/#breadcrumb","itemListElement":[{"@type":"ListItem","position":1,"name":"In\u00edcio","item":"https:\/\/cyberlogics.ao\/"},{"@type":"ListItem","position":2,"name":"Produtos","item":"https:\/\/cyberlogics.ao\/index.php\/shop-2\/"},{"@type":"ListItem","position":3,"name":"Cisco CBS350-8P-E-2G-EU, Gerido, L2\/L3, Gigabit Ethernet (10\/100\/1000), Montagem em prateleira"}]},{"@type":"WebSite","@id":"https:\/\/cyberlogics.ao\/#website","url":"https:\/\/cyberlogics.ao\/","name":"Cyberlogics Technologies Angola","description":"Loja Online de Licen\u00e7as de Softwares e Inform\u00e1tica","publisher":{"@id":"https:\/\/cyberlogics.ao\/#organization"},"potentialAction":[{"@type":"SearchAction","target":{"@type":"EntryPoint","urlTemplate":"https:\/\/cyberlogics.ao\/?s={search_term_string}"},"query-input":{"@type":"PropertyValueSpecification","valueRequired":true,"valueName":"search_term_string"}}],"inLanguage":"pt-PT"},{"@type":"Organization","@id":"https:\/\/cyberlogics.ao\/#organization","name":"Cyberlogics Ao Technologies - Loja Online de Licen\u00e7as de Softwares e Inform\u00e1tica","url":"https:\/\/cyberlogics.ao\/","logo":{"@type":"ImageObject","inLanguage":"pt-PT","@id":"https:\/\/cyberlogics.ao\/#\/schema\/logo\/image\/","url":"https:\/\/cyberlogics.ao\/wp-content\/uploads\/2022\/04\/CT-logo.png","contentUrl":"https:\/\/cyberlogics.ao\/wp-content\/uploads\/2022\/04\/CT-logo.png","width":190,"height":75,"caption":"Cyberlogics Ao Technologies - Loja Online de Licen\u00e7as de Softwares e Inform\u00e1tica"},"image":{"@id":"https:\/\/cyberlogics.ao\/#\/schema\/logo\/image\/"}}]}},"_links":{"self":[{"href":"https:\/\/cyberlogics.ao\/index.php\/wp-json\/wp\/v2\/product\/7307","targetHints":{"allow":["GET"]}}],"collection":[{"href":"https:\/\/cyberlogics.ao\/index.php\/wp-json\/wp\/v2\/product"}],"about":[{"href":"https:\/\/cyberlogics.ao\/index.php\/wp-json\/wp\/v2\/types\/product"}],"replies":[{"embeddable":true,"href":"https:\/\/cyberlogics.ao\/index.php\/wp-json\/wp\/v2\/comments?post=7307"}],"wp:featuredmedia":[{"embeddable":true,"href":"https:\/\/cyberlogics.ao\/index.php\/wp-json\/wp\/v2\/media\/7308"}],"wp:attachment":[{"href":"https:\/\/cyberlogics.ao\/index.php\/wp-json\/wp\/v2\/media?parent=7307"}],"wp:term":[{"taxonomy":"product_brand","embeddable":true,"href":"https:\/\/cyberlogics.ao\/index.php\/wp-json\/wp\/v2\/product_brand?post=7307"},{"taxonomy":"product_cat","embeddable":true,"href":"https:\/\/cyberlogics.ao\/index.php\/wp-json\/wp\/v2\/product_cat?post=7307"},{"taxonomy":"product_tag","embeddable":true,"href":"https:\/\/cyberlogics.ao\/index.php\/wp-json\/wp\/v2\/product_tag?post=7307"}],"curies":[{"name":"wp","href":"https:\/\/api.w.org\/{rel}","templated":true}]}}