{"id":7310,"date":"2023-04-15T15:44:01","date_gmt":"2023-04-15T15:44:01","guid":{"rendered":"https:\/\/cyberlogics.ao\/?post_type=product&#038;p=7310"},"modified":"2023-04-15T15:44:01","modified_gmt":"2023-04-15T15:44:01","slug":"cisco-cbs110-nao-gerido-l2-gigabit-ethernet-10-100-1000-full-duplex","status":"publish","type":"product","link":"https:\/\/cyberlogics.ao\/index.php\/product\/cisco-cbs110-nao-gerido-l2-gigabit-ethernet-10-100-1000-full-duplex\/","title":{"rendered":"Cisco CBS110, N\u00e3o-gerido, L2, Gigabit Ethernet (10\/100\/1000), Full duplex"},"content":{"rendered":"<h2>Cisco CBS110, N\u00e3o-gerido, L2, Gigabit Ethernet (10\/100\/1000), Full duplex<\/h2>\n<p>Cisco CBS110. Tipo de switch: N\u00e3o-gerido, Camada de switches: L2. Tipos de portas ethernet Basic switching RJ-45: Gigabit Ethernet (10\/100\/1000), N\u00famero de portas ethernet Basic switching RJ-45: 8. Full duplex. Tabela de endere\u00e7os MAC: 8192 entradas, Capacidade de routing\/switching: 16 Gbit\/s. Normas de Comunica\u00e7\u00f5es: IEEE 802.1p, IEEE 802.3, IEEE 802.3ab, IEEE 802.3az, IEEE 802.3u, IEEE 802.3x. Voltagem de entrada DC: 12 V<\/p>\n<p>&nbsp;<\/p>\n<div class=\"product-spec-title\">Especifica\u00e7\u00e3o<\/div>\n<div class=\"tab-content tab-content-description\">\n<table id=\"icecat-specification-table\" class=\"product_specs\">\n<tbody>\n<tr>\n<td class=\"spec-subheading\" colspan=\"2\"><b>Funcionalidades de gest\u00e3o<\/b><\/td>\n<\/tr>\n<tr>\n<td class=\"spec-label\">Tipo de switch<\/td>\n<td class=\"spec-value\">N\u00e3o-gerido<\/td>\n<\/tr>\n<tr>\n<td class=\"spec-label\">Camada de switches<\/td>\n<td class=\"spec-value\">L2<\/td>\n<\/tr>\n<tr>\n<td class=\"spec-label\">Suporte para Quality of Service (QoS)<\/td>\n<td class=\"spec-value\">Sim<\/td>\n<\/tr>\n<tr>\n<td class=\"spec-subheading\" colspan=\"2\"><b>Conectividade<\/b><\/td>\n<\/tr>\n<tr>\n<td class=\"spec-label\">N\u00famero de portas ethernet Basic switching RJ-45<\/td>\n<td class=\"spec-value\">8<\/td>\n<\/tr>\n<tr>\n<td class=\"spec-label\">Tipos de portas ethernet Basic switching RJ-45<\/td>\n<td class=\"spec-value\">Gigabit Ethernet (10\/100\/1000)<\/td>\n<\/tr>\n<tr>\n<td class=\"spec-label\">Quantidade de portas Gigabit Ethernet (copper)<\/td>\n<td class=\"spec-value\">8<\/td>\n<\/tr>\n<tr>\n<td class=\"spec-subheading\" colspan=\"2\"><b>Rede<\/b><\/td>\n<\/tr>\n<tr>\n<td class=\"spec-label\">Normas de Comunica\u00e7\u00f5es<\/td>\n<td class=\"spec-value\">IEEE 802.1p, IEEE 802.3, IEEE 802.3ab, IEEE 802.3az, IEEE 802.3u, IEEE 802.3x<\/td>\n<\/tr>\n<tr>\n<td class=\"spec-label\">Suporte 10G<\/td>\n<td class=\"spec-value\">N\u00e3o<\/td>\n<\/tr>\n<tr>\n<td class=\"spec-label\">Tecnologia de cablagem ethernet de cobre<\/td>\n<td class=\"spec-value\">10BASE-T, 100BASE-TX, 1000BASE-T<\/td>\n<\/tr>\n<tr>\n<td class=\"spec-label\">Full duplex<\/td>\n<td class=\"spec-value\">Sim<\/td>\n<\/tr>\n<tr>\n<td class=\"spec-label\">Half duplex<\/td>\n<td class=\"spec-value\">Sim<\/td>\n<\/tr>\n<tr>\n<td class=\"spec-label\">Suporte Flow control<\/td>\n<td class=\"spec-value\">Sim<\/td>\n<\/tr>\n<tr>\n<td class=\"spec-label\">Ethernet LAN taxa de transfer\u00eancia de dados<\/td>\n<td class=\"spec-value\">10,100,1000 Mbit\/s<\/td>\n<\/tr>\n<tr>\n<td class=\"spec-label\">Auto MDI\/MDI-X<\/td>\n<td class=\"spec-value\">Sim<\/td>\n<\/tr>\n<tr>\n<td class=\"spec-label\">Head-of-line (HOL) blocking<\/td>\n<td class=\"spec-value\">Sim<\/td>\n<\/tr>\n<tr>\n<td class=\"spec-subheading\" colspan=\"2\"><b>Transmiss\u00e3o de dados<\/b><\/td>\n<\/tr>\n<tr>\n<td class=\"spec-label\"><img decoding=\"async\" title=\"The data transfer capacity of the switch per second.\" src=\"https:\/\/gfx.senetic.com\/gfx\/help_new.png\" alt=\"The data transfer capacity of the switch per second.\" \/>\u00a0 Capacidade de routing\/switching<\/td>\n<td class=\"spec-value\">16 Gbit\/s<\/td>\n<\/tr>\n<tr>\n<td class=\"spec-label\">Forwarding rate<\/td>\n<td class=\"spec-value\">11,9 Mpps<\/td>\n<\/tr>\n<tr>\n<td class=\"spec-label\">Tamanho da tabela de endere\u00e7os MAC<\/td>\n<td class=\"spec-value\">8192 entradas<\/td>\n<\/tr>\n<tr>\n<td class=\"spec-label\">N\u00famero de filas<\/td>\n<td class=\"spec-value\">4<\/td>\n<\/tr>\n<tr>\n<td class=\"spec-label\">Apoio Jumbo Frames<\/td>\n<td class=\"spec-value\">Sim<\/td>\n<\/tr>\n<tr>\n<td class=\"spec-label\">Jumbo frames<\/td>\n<td class=\"spec-value\">9216<\/td>\n<\/tr>\n<tr>\n<td class=\"spec-subheading\" colspan=\"2\"><b>Seguran\u00e7a<\/b><\/td>\n<\/tr>\n<tr>\n<td class=\"spec-label\">Algoritmo de programa\u00e7\u00e3o de fila<\/td>\n<td class=\"spec-value\">Weighted Round Robin (WRR)<\/td>\n<\/tr>\n<tr>\n<td class=\"spec-subheading\" colspan=\"2\"><b>Design<\/b><\/td>\n<\/tr>\n<tr>\n<td class=\"spec-label\">Montagem em prateleira<\/td>\n<td class=\"spec-value\">N\u00e3o<\/td>\n<\/tr>\n<tr>\n<td class=\"spec-label\">Cor do produto<\/td>\n<td class=\"spec-value\">Cinzento<\/td>\n<\/tr>\n<tr>\n<td class=\"spec-label\">Visor com LED duplo<\/td>\n<td class=\"spec-value\">Sim<\/td>\n<\/tr>\n<tr>\n<td class=\"spec-label\">Aprova\u00e7\u00f5es Regulamentares<\/td>\n<td class=\"spec-value\">UL (UL 60950), CSA (CSA 22.2), CE mark, FCC Part 15 (CFR 47) Class A, FCC Class B<\/td>\n<\/tr>\n<tr>\n<td class=\"spec-subheading\" colspan=\"2\"><b>Desempenho<\/b><\/td>\n<\/tr>\n<tr>\n<td class=\"spec-label\">MTBF<\/td>\n<td class=\"spec-value\">2066844 h<\/td>\n<\/tr>\n<tr>\n<td class=\"spec-label\">C\u00f3digo de Sistema Harmonizado (HS)<\/td>\n<td class=\"spec-value\">85176990<\/td>\n<\/tr>\n<tr>\n<td class=\"spec-subheading\" colspan=\"2\"><b>Gest\u00e3o de energia<\/b><\/td>\n<\/tr>\n<tr>\n<td class=\"spec-label\">Fonte de alimenta\u00e7\u00e3o inclu\u00edda<\/td>\n<td class=\"spec-value\">Sim<\/td>\n<\/tr>\n<tr>\n<td class=\"spec-label\">Fonte de Alimenta\u00e7\u00e3o Redundante<\/td>\n<td class=\"spec-value\">N\u00e3o<\/td>\n<\/tr>\n<tr>\n<td class=\"spec-label\">Quantidade de fornecedores de energia<\/td>\n<td class=\"spec-value\">1<\/td>\n<\/tr>\n<tr>\n<td class=\"spec-label\">Voltagem de entrada DC<\/td>\n<td class=\"spec-value\">12 V<\/td>\n<\/tr>\n<tr>\n<td class=\"spec-subheading\" colspan=\"2\"><b>PoE<\/b><\/td>\n<\/tr>\n<tr>\n<td class=\"spec-label\">Power over Ethernet (PoE)<\/td>\n<td class=\"spec-value\">N\u00e3o<\/td>\n<\/tr>\n<tr>\n<td class=\"spec-subheading\" colspan=\"2\"><b>Condi\u00e7\u00f5es ambientais<\/b><\/td>\n<\/tr>\n<tr>\n<td class=\"spec-label\">Temperatura ambiente<\/td>\n<td class=\"spec-value\">0 &#8211; 40 \u00b0C<\/td>\n<\/tr>\n<tr>\n<td class=\"spec-label\">Limite de temperaturas (armazenamento)<\/td>\n<td class=\"spec-value\">-20 &#8211; 70 \u00b0C<\/td>\n<\/tr>\n<tr>\n<td class=\"spec-label\">Gama de humidade relativa<\/td>\n<td class=\"spec-value\">10 &#8211; 90%<\/td>\n<\/tr>\n<tr>\n<td class=\"spec-label\">Humidade de n\u00e3o funcionamento<\/td>\n<td class=\"spec-value\">5 &#8211; 90%<\/td>\n<\/tr>\n<tr>\n<td class=\"spec-label\">Dissipa\u00e7\u00e3o de calor<\/td>\n<td class=\"spec-value\">14,09 BTU\/h<\/td>\n<\/tr>\n<tr>\n<td class=\"spec-subheading\" colspan=\"2\"><b>Pesos e dimens\u00f5es<\/b><\/td>\n<\/tr>\n<tr>\n<td class=\"spec-label\">Largura do produto<\/td>\n<td class=\"spec-value\">160 mm<\/td>\n<\/tr>\n<tr>\n<td class=\"spec-label\">Profundidade da Unidade<\/td>\n<td class=\"spec-value\">104 mm<\/td>\n<\/tr>\n<tr>\n<td class=\"spec-label\">Altura da Unidade<\/td>\n<td class=\"spec-value\">30 mm<\/td>\n<\/tr>\n<tr>\n<td class=\"spec-label\">Peso do produto<\/td>\n<td class=\"spec-value\">430 g<\/td>\n<\/tr>\n<tr>\n<td class=\"spec-subheading\" colspan=\"2\"><b>Embalagem<\/b><\/td>\n<\/tr>\n<tr>\n<td class=\"spec-label\">Guia de inicia\u00e7\u00e3o r\u00e1pida<\/td>\n<td class=\"spec-value\">Sim<\/td>\n<\/tr>\n<\/tbody>\n<\/table>\n<\/div>\n","protected":false},"excerpt":{"rendered":"<p>Cisco CBS110, N\u00e3o-gerido, L2, Gigabit Ethernet (10\/100\/1000), Full duplex Cisco CBS110. Tipo de switch: N\u00e3o-gerido, Camada de switches: L2. Tipos de portas ethernet Basic switching RJ-45: Gigabit Ethernet (10\/100\/1000), N\u00famero<\/p>\n","protected":false},"featured_media":7311,"comment_status":"open","ping_status":"closed","template":"","meta":{"_joinchat":[]},"product_brand":[],"product_cat":[15],"product_tag":[],"class_list":{"0":"post-7310","1":"product","2":"type-product","3":"status-publish","4":"has-post-thumbnail","6":"product_cat-uncategorized","8":"first","9":"instock","10":"shipping-taxable","11":"purchasable","12":"product-type-simple"},"yoast_head":"<!-- This site is optimized with the Yoast SEO plugin v27.4 - https:\/\/yoast.com\/product\/yoast-seo-wordpress\/ -->\n<title>Cisco CBS110, N\u00e3o-gerido, L2, Gigabit Ethernet (10\/100\/1000), Full duplex - Cyberlogics Technologies Angola<\/title>\n<meta name=\"description\" content=\"A Maior Loja Online de Angola de Licen\u00e7as Microsoft Office | Chaves Sistemas Operativos Windows | Antiv\u00edrus | Cloud Adobe | Inform\u00e1tica &amp; Servidores | Softwares de Gest\u00e3o ERP | Gaming Hardware | UPS e Baterias &amp; Muito Mais...\" \/>\n<meta name=\"robots\" content=\"index, follow, max-snippet:-1, max-image-preview:large, max-video-preview:-1\" \/>\n<link rel=\"canonical\" href=\"https:\/\/cyberlogics.ao\/index.php\/product\/cisco-cbs110-nao-gerido-l2-gigabit-ethernet-10-100-1000-full-duplex\/\" \/>\n<meta property=\"og:locale\" content=\"pt_PT\" \/>\n<meta property=\"og:type\" content=\"article\" \/>\n<meta property=\"og:title\" content=\"Cisco CBS110, N\u00e3o-gerido, L2, Gigabit Ethernet (10\/100\/1000), Full duplex - Cyberlogics Technologies Angola\" \/>\n<meta property=\"og:description\" content=\"A Maior Loja Online de Angola de Licen\u00e7as Microsoft Office | Chaves Sistemas Operativos Windows | Antiv\u00edrus | Cloud Adobe | Inform\u00e1tica &amp; Servidores | Softwares de Gest\u00e3o ERP | Gaming Hardware | UPS e Baterias &amp; Muito Mais...\" \/>\n<meta property=\"og:url\" content=\"https:\/\/cyberlogics.ao\/index.php\/product\/cisco-cbs110-nao-gerido-l2-gigabit-ethernet-10-100-1000-full-duplex\/\" \/>\n<meta property=\"og:site_name\" content=\"Cyberlogics Technologies Angola\" \/>\n<meta property=\"og:image\" content=\"http:\/\/cyberlogics.ao\/wp-content\/uploads\/2023\/04\/al1.webp\" \/>\n\t<meta property=\"og:image:width\" content=\"289\" \/>\n\t<meta property=\"og:image:height\" content=\"226\" \/>\n\t<meta property=\"og:image:type\" content=\"image\/webp\" \/>\n<meta name=\"twitter:card\" content=\"summary_large_image\" \/>\n<meta name=\"twitter:label1\" content=\"Tempo estimado de leitura\" \/>\n\t<meta name=\"twitter:data1\" content=\"2 minutos\" \/>\n<script type=\"application\/ld+json\" class=\"yoast-schema-graph\">{\"@context\":\"https:\\\/\\\/schema.org\",\"@graph\":[{\"@type\":\"WebPage\",\"@id\":\"https:\\\/\\\/cyberlogics.ao\\\/index.php\\\/product\\\/cisco-cbs110-nao-gerido-l2-gigabit-ethernet-10-100-1000-full-duplex\\\/\",\"url\":\"https:\\\/\\\/cyberlogics.ao\\\/index.php\\\/product\\\/cisco-cbs110-nao-gerido-l2-gigabit-ethernet-10-100-1000-full-duplex\\\/\",\"name\":\"Cisco CBS110, N\u00e3o-gerido, L2, Gigabit Ethernet (10\\\/100\\\/1000), Full duplex - Cyberlogics Technologies Angola\",\"isPartOf\":{\"@id\":\"https:\\\/\\\/cyberlogics.ao\\\/#website\"},\"primaryImageOfPage\":{\"@id\":\"https:\\\/\\\/cyberlogics.ao\\\/index.php\\\/product\\\/cisco-cbs110-nao-gerido-l2-gigabit-ethernet-10-100-1000-full-duplex\\\/#primaryimage\"},\"image\":{\"@id\":\"https:\\\/\\\/cyberlogics.ao\\\/index.php\\\/product\\\/cisco-cbs110-nao-gerido-l2-gigabit-ethernet-10-100-1000-full-duplex\\\/#primaryimage\"},\"thumbnailUrl\":\"https:\\\/\\\/cyberlogics.ao\\\/wp-content\\\/uploads\\\/2023\\\/04\\\/al1.webp\",\"datePublished\":\"2023-04-15T15:44:01+00:00\",\"description\":\"A Maior Loja Online de Angola de Licen\u00e7as Microsoft Office | Chaves Sistemas Operativos Windows | Antiv\u00edrus | Cloud Adobe | Inform\u00e1tica & Servidores | Softwares de Gest\u00e3o ERP | Gaming Hardware | UPS e Baterias & Muito Mais...\",\"breadcrumb\":{\"@id\":\"https:\\\/\\\/cyberlogics.ao\\\/index.php\\\/product\\\/cisco-cbs110-nao-gerido-l2-gigabit-ethernet-10-100-1000-full-duplex\\\/#breadcrumb\"},\"inLanguage\":\"pt-PT\",\"potentialAction\":[{\"@type\":\"ReadAction\",\"target\":[\"https:\\\/\\\/cyberlogics.ao\\\/index.php\\\/product\\\/cisco-cbs110-nao-gerido-l2-gigabit-ethernet-10-100-1000-full-duplex\\\/\"]}]},{\"@type\":\"ImageObject\",\"inLanguage\":\"pt-PT\",\"@id\":\"https:\\\/\\\/cyberlogics.ao\\\/index.php\\\/product\\\/cisco-cbs110-nao-gerido-l2-gigabit-ethernet-10-100-1000-full-duplex\\\/#primaryimage\",\"url\":\"https:\\\/\\\/cyberlogics.ao\\\/wp-content\\\/uploads\\\/2023\\\/04\\\/al1.webp\",\"contentUrl\":\"https:\\\/\\\/cyberlogics.ao\\\/wp-content\\\/uploads\\\/2023\\\/04\\\/al1.webp\",\"width\":289,\"height\":226},{\"@type\":\"BreadcrumbList\",\"@id\":\"https:\\\/\\\/cyberlogics.ao\\\/index.php\\\/product\\\/cisco-cbs110-nao-gerido-l2-gigabit-ethernet-10-100-1000-full-duplex\\\/#breadcrumb\",\"itemListElement\":[{\"@type\":\"ListItem\",\"position\":1,\"name\":\"In\u00edcio\",\"item\":\"https:\\\/\\\/cyberlogics.ao\\\/\"},{\"@type\":\"ListItem\",\"position\":2,\"name\":\"Produtos\",\"item\":\"https:\\\/\\\/cyberlogics.ao\\\/index.php\\\/shop-2\\\/\"},{\"@type\":\"ListItem\",\"position\":3,\"name\":\"Cisco CBS110, N\u00e3o-gerido, L2, Gigabit Ethernet (10\\\/100\\\/1000), Full duplex\"}]},{\"@type\":\"WebSite\",\"@id\":\"https:\\\/\\\/cyberlogics.ao\\\/#website\",\"url\":\"https:\\\/\\\/cyberlogics.ao\\\/\",\"name\":\"Cyberlogics Technologies Angola\",\"description\":\"Loja Online de Licen\u00e7as de Softwares e Inform\u00e1tica\",\"publisher\":{\"@id\":\"https:\\\/\\\/cyberlogics.ao\\\/#organization\"},\"potentialAction\":[{\"@type\":\"SearchAction\",\"target\":{\"@type\":\"EntryPoint\",\"urlTemplate\":\"https:\\\/\\\/cyberlogics.ao\\\/?s={search_term_string}\"},\"query-input\":{\"@type\":\"PropertyValueSpecification\",\"valueRequired\":true,\"valueName\":\"search_term_string\"}}],\"inLanguage\":\"pt-PT\"},{\"@type\":\"Organization\",\"@id\":\"https:\\\/\\\/cyberlogics.ao\\\/#organization\",\"name\":\"Cyberlogics Ao Technologies - Loja Online de Licen\u00e7as de Softwares e Inform\u00e1tica\",\"url\":\"https:\\\/\\\/cyberlogics.ao\\\/\",\"logo\":{\"@type\":\"ImageObject\",\"inLanguage\":\"pt-PT\",\"@id\":\"https:\\\/\\\/cyberlogics.ao\\\/#\\\/schema\\\/logo\\\/image\\\/\",\"url\":\"https:\\\/\\\/cyberlogics.ao\\\/wp-content\\\/uploads\\\/2022\\\/04\\\/CT-logo.png\",\"contentUrl\":\"https:\\\/\\\/cyberlogics.ao\\\/wp-content\\\/uploads\\\/2022\\\/04\\\/CT-logo.png\",\"width\":190,\"height\":75,\"caption\":\"Cyberlogics Ao Technologies - Loja Online de Licen\u00e7as de Softwares e Inform\u00e1tica\"},\"image\":{\"@id\":\"https:\\\/\\\/cyberlogics.ao\\\/#\\\/schema\\\/logo\\\/image\\\/\"}}]}<\/script>\n<!-- \/ Yoast SEO plugin. -->","yoast_head_json":{"title":"Cisco CBS110, N\u00e3o-gerido, L2, Gigabit Ethernet (10\/100\/1000), Full duplex - Cyberlogics Technologies Angola","description":"A Maior Loja Online de Angola de Licen\u00e7as Microsoft Office | Chaves Sistemas Operativos Windows | Antiv\u00edrus | Cloud Adobe | Inform\u00e1tica & Servidores | Softwares de Gest\u00e3o ERP | Gaming Hardware | UPS e Baterias & Muito Mais...","robots":{"index":"index","follow":"follow","max-snippet":"max-snippet:-1","max-image-preview":"max-image-preview:large","max-video-preview":"max-video-preview:-1"},"canonical":"https:\/\/cyberlogics.ao\/index.php\/product\/cisco-cbs110-nao-gerido-l2-gigabit-ethernet-10-100-1000-full-duplex\/","og_locale":"pt_PT","og_type":"article","og_title":"Cisco CBS110, N\u00e3o-gerido, L2, Gigabit Ethernet (10\/100\/1000), Full duplex - Cyberlogics Technologies Angola","og_description":"A Maior Loja Online de Angola de Licen\u00e7as Microsoft Office | Chaves Sistemas Operativos Windows | Antiv\u00edrus | Cloud Adobe | Inform\u00e1tica & Servidores | Softwares de Gest\u00e3o ERP | Gaming Hardware | UPS e Baterias & Muito Mais...","og_url":"https:\/\/cyberlogics.ao\/index.php\/product\/cisco-cbs110-nao-gerido-l2-gigabit-ethernet-10-100-1000-full-duplex\/","og_site_name":"Cyberlogics Technologies Angola","og_image":[{"width":289,"height":226,"url":"http:\/\/cyberlogics.ao\/wp-content\/uploads\/2023\/04\/al1.webp","type":"image\/webp"}],"twitter_card":"summary_large_image","twitter_misc":{"Tempo estimado de leitura":"2 minutos"},"schema":{"@context":"https:\/\/schema.org","@graph":[{"@type":"WebPage","@id":"https:\/\/cyberlogics.ao\/index.php\/product\/cisco-cbs110-nao-gerido-l2-gigabit-ethernet-10-100-1000-full-duplex\/","url":"https:\/\/cyberlogics.ao\/index.php\/product\/cisco-cbs110-nao-gerido-l2-gigabit-ethernet-10-100-1000-full-duplex\/","name":"Cisco CBS110, N\u00e3o-gerido, L2, Gigabit Ethernet (10\/100\/1000), Full duplex - Cyberlogics Technologies Angola","isPartOf":{"@id":"https:\/\/cyberlogics.ao\/#website"},"primaryImageOfPage":{"@id":"https:\/\/cyberlogics.ao\/index.php\/product\/cisco-cbs110-nao-gerido-l2-gigabit-ethernet-10-100-1000-full-duplex\/#primaryimage"},"image":{"@id":"https:\/\/cyberlogics.ao\/index.php\/product\/cisco-cbs110-nao-gerido-l2-gigabit-ethernet-10-100-1000-full-duplex\/#primaryimage"},"thumbnailUrl":"https:\/\/cyberlogics.ao\/wp-content\/uploads\/2023\/04\/al1.webp","datePublished":"2023-04-15T15:44:01+00:00","description":"A Maior Loja Online de Angola de Licen\u00e7as Microsoft Office | Chaves Sistemas Operativos Windows | Antiv\u00edrus | Cloud Adobe | Inform\u00e1tica & Servidores | Softwares de Gest\u00e3o ERP | Gaming Hardware | UPS e Baterias & Muito Mais...","breadcrumb":{"@id":"https:\/\/cyberlogics.ao\/index.php\/product\/cisco-cbs110-nao-gerido-l2-gigabit-ethernet-10-100-1000-full-duplex\/#breadcrumb"},"inLanguage":"pt-PT","potentialAction":[{"@type":"ReadAction","target":["https:\/\/cyberlogics.ao\/index.php\/product\/cisco-cbs110-nao-gerido-l2-gigabit-ethernet-10-100-1000-full-duplex\/"]}]},{"@type":"ImageObject","inLanguage":"pt-PT","@id":"https:\/\/cyberlogics.ao\/index.php\/product\/cisco-cbs110-nao-gerido-l2-gigabit-ethernet-10-100-1000-full-duplex\/#primaryimage","url":"https:\/\/cyberlogics.ao\/wp-content\/uploads\/2023\/04\/al1.webp","contentUrl":"https:\/\/cyberlogics.ao\/wp-content\/uploads\/2023\/04\/al1.webp","width":289,"height":226},{"@type":"BreadcrumbList","@id":"https:\/\/cyberlogics.ao\/index.php\/product\/cisco-cbs110-nao-gerido-l2-gigabit-ethernet-10-100-1000-full-duplex\/#breadcrumb","itemListElement":[{"@type":"ListItem","position":1,"name":"In\u00edcio","item":"https:\/\/cyberlogics.ao\/"},{"@type":"ListItem","position":2,"name":"Produtos","item":"https:\/\/cyberlogics.ao\/index.php\/shop-2\/"},{"@type":"ListItem","position":3,"name":"Cisco CBS110, N\u00e3o-gerido, L2, Gigabit Ethernet (10\/100\/1000), Full duplex"}]},{"@type":"WebSite","@id":"https:\/\/cyberlogics.ao\/#website","url":"https:\/\/cyberlogics.ao\/","name":"Cyberlogics Technologies Angola","description":"Loja Online de Licen\u00e7as de Softwares e Inform\u00e1tica","publisher":{"@id":"https:\/\/cyberlogics.ao\/#organization"},"potentialAction":[{"@type":"SearchAction","target":{"@type":"EntryPoint","urlTemplate":"https:\/\/cyberlogics.ao\/?s={search_term_string}"},"query-input":{"@type":"PropertyValueSpecification","valueRequired":true,"valueName":"search_term_string"}}],"inLanguage":"pt-PT"},{"@type":"Organization","@id":"https:\/\/cyberlogics.ao\/#organization","name":"Cyberlogics Ao Technologies - Loja Online de Licen\u00e7as de Softwares e Inform\u00e1tica","url":"https:\/\/cyberlogics.ao\/","logo":{"@type":"ImageObject","inLanguage":"pt-PT","@id":"https:\/\/cyberlogics.ao\/#\/schema\/logo\/image\/","url":"https:\/\/cyberlogics.ao\/wp-content\/uploads\/2022\/04\/CT-logo.png","contentUrl":"https:\/\/cyberlogics.ao\/wp-content\/uploads\/2022\/04\/CT-logo.png","width":190,"height":75,"caption":"Cyberlogics Ao Technologies - Loja Online de Licen\u00e7as de Softwares e Inform\u00e1tica"},"image":{"@id":"https:\/\/cyberlogics.ao\/#\/schema\/logo\/image\/"}}]}},"_links":{"self":[{"href":"https:\/\/cyberlogics.ao\/index.php\/wp-json\/wp\/v2\/product\/7310","targetHints":{"allow":["GET"]}}],"collection":[{"href":"https:\/\/cyberlogics.ao\/index.php\/wp-json\/wp\/v2\/product"}],"about":[{"href":"https:\/\/cyberlogics.ao\/index.php\/wp-json\/wp\/v2\/types\/product"}],"replies":[{"embeddable":true,"href":"https:\/\/cyberlogics.ao\/index.php\/wp-json\/wp\/v2\/comments?post=7310"}],"wp:featuredmedia":[{"embeddable":true,"href":"https:\/\/cyberlogics.ao\/index.php\/wp-json\/wp\/v2\/media\/7311"}],"wp:attachment":[{"href":"https:\/\/cyberlogics.ao\/index.php\/wp-json\/wp\/v2\/media?parent=7310"}],"wp:term":[{"taxonomy":"product_brand","embeddable":true,"href":"https:\/\/cyberlogics.ao\/index.php\/wp-json\/wp\/v2\/product_brand?post=7310"},{"taxonomy":"product_cat","embeddable":true,"href":"https:\/\/cyberlogics.ao\/index.php\/wp-json\/wp\/v2\/product_cat?post=7310"},{"taxonomy":"product_tag","embeddable":true,"href":"https:\/\/cyberlogics.ao\/index.php\/wp-json\/wp\/v2\/product_tag?post=7310"}],"curies":[{"name":"wp","href":"https:\/\/api.w.org\/{rel}","templated":true}]}}