{"id":7387,"date":"2023-05-29T08:30:47","date_gmt":"2023-05-29T08:30:47","guid":{"rendered":"https:\/\/cyberlogics.ao\/?post_type=product&#038;p=7387"},"modified":"2023-05-29T08:31:35","modified_gmt":"2023-05-29T08:31:35","slug":"access-point-tenda-i6-interior-gerenciavel","status":"publish","type":"product","link":"https:\/\/cyberlogics.ao\/index.php\/product\/access-point-tenda-i6-interior-gerenciavel\/","title":{"rendered":"ACCESS POINT TENDA i6 INTERIOR GERENCIAV\u00c9L"},"content":{"rendered":"<pre class=\"tw-data-text tw-text-large XcVN5d tw-ta\" data-placeholder=\"Tradu\u00e7\u00e3o\"><span class=\"Y2IQFc\" lang=\"pt\">Ponto de Acesso Wi-Fi \/ Repetidor WDS \/ Cliente + AP\r\n802.11b \/ g \/ n (2,4 GHz) a at\u00e9 300 Mbps\r\nConex\u00e3o gigabit poderosa e WiFi com MIMO 2x2\r\nSuporta 4 \u00d7 SSID (isolamento SSID), VLAN, SMTP ...\r\nSuporte de energia PoE 802.3at ativo\r\nMontagem em teto e parede.\r\n\r\n<\/span><\/pre>\n<pre id=\"tw-target-text\" class=\"tw-data-text tw-text-large XcVN5d tw-ta\" data-placeholder=\"Tradu\u00e7\u00e3o\"><span class=\"Y2IQFc\" lang=\"pt\">Especifica\u00e7\u00f5es\r\nVelocidade\r\nVelocidade de transmiss\u00e3o WiFi 300 Mb \/ s\r\nVelocidade de transmiss\u00e3o da porta LAN 1 Gbit\r\nConectores\r\nLAN 1 \u00d7\r\nPar\u00e2metros avan\u00e7ados\r\nFun\u00e7\u00f5es avan\u00e7adas Gigabit LAN\r\nFun\u00e7\u00f5es DHCP Lista de clientes DHCP\r\nContagem m\u00e1xima de SSID 4 pe\u00e7a (s)\r\nPadr\u00f5es e frequ\u00eancia\r\nPadr\u00f5es 802.11b (2,4 GHz), 802.11g (2,4 GHz), 802.11n\r\nFun\u00e7\u00f5es\r\nApresenta ponto de acesso, extensor, cliente\r\nModelo\r\nTipo banda \u00fanica\r\nSeguran\u00e7a\r\nCriptografia WEP 64 bits, WEP 128 bits, WPA-PSK, WPA2-PSK, WPA-Empresa, WPA2-Empresa\r\nRecursos de antena\r\nAntena interna conta 2 pe\u00e7a (s)\r\nGanho de antena 3 dBi\r\nDimens\u00f5es e peso\r\nProfundidade 144 mm\r\nLargura 144 mm\r\nAltura 40 mm\r\nConte\u00fado do pacote\r\nConte\u00fado da embalagem Cabo Ethernet\r\nCor\r\nCor branca\r\nMenos especifica\u00e7\u00f5es<\/span><\/pre>\n<pre id=\"tw-target-text\" class=\"tw-data-text tw-text-large XcVN5d tw-ta\" data-placeholder=\"Tradu\u00e7\u00e3o\"><span class=\"Y2IQFc\" lang=\"pt\">\u00a0<\/span><\/pre>\n","protected":false},"excerpt":{"rendered":"<p><span class=\"Y2IQFc\" lang=\"pt\">Ponto de Acesso Wi-Fi \/ Repetidor WDS \/ Cliente + AP 802.11b \/ g \/ n (2,4 GHz) a at\u00e9 300 Mbps Conex\u00e3o gigabit poderosa e WiFi com MIMO 2&#215;2 Suporta 4 \u00d7 SSID (isolamento SSID), VLAN, SMTP &#8230; Suporte de energia PoE 802.3at ativo Montagem em teto e parede.<\/span><\/p>\n","protected":false},"featured_media":7388,"comment_status":"open","ping_status":"closed","template":"","meta":{"_joinchat":[]},"product_brand":[],"product_cat":[308,307],"product_tag":[],"class_list":{"0":"post-7387","1":"product","2":"type-product","3":"status-publish","4":"has-post-thumbnail","6":"product_cat-acess-point","7":"product_cat-redes","9":"first","10":"instock","11":"shipping-taxable","12":"purchasable","13":"product-type-simple"},"yoast_head":"<!-- This site is optimized with the Yoast SEO plugin v27.4 - https:\/\/yoast.com\/product\/yoast-seo-wordpress\/ -->\n<title>ACCESS POINT TENDA i6 INTERIOR GERENCIAV\u00c9L - Cyberlogics Technologies Angola<\/title>\n<meta name=\"description\" content=\"A Maior Loja Online de Angola de Licen\u00e7as Microsoft Office | Chaves Sistemas Operativos Windows | Antiv\u00edrus | Cloud Adobe | Inform\u00e1tica &amp; Servidores | Softwares de Gest\u00e3o ERP | Gaming Hardware | UPS e Baterias &amp; Muito Mais...\" \/>\n<meta name=\"robots\" content=\"index, follow, max-snippet:-1, max-image-preview:large, max-video-preview:-1\" \/>\n<link rel=\"canonical\" href=\"https:\/\/cyberlogics.ao\/index.php\/product\/access-point-tenda-i6-interior-gerenciavel\/\" \/>\n<meta property=\"og:locale\" content=\"pt_PT\" \/>\n<meta property=\"og:type\" content=\"article\" \/>\n<meta property=\"og:title\" content=\"ACCESS POINT TENDA i6 INTERIOR GERENCIAV\u00c9L - Cyberlogics Technologies Angola\" \/>\n<meta property=\"og:description\" content=\"A Maior Loja Online de Angola de Licen\u00e7as Microsoft Office | Chaves Sistemas Operativos Windows | Antiv\u00edrus | Cloud Adobe | Inform\u00e1tica &amp; Servidores | Softwares de Gest\u00e3o ERP | Gaming Hardware | UPS e Baterias &amp; Muito Mais...\" \/>\n<meta property=\"og:url\" content=\"https:\/\/cyberlogics.ao\/index.php\/product\/access-point-tenda-i6-interior-gerenciavel\/\" \/>\n<meta property=\"og:site_name\" content=\"Cyberlogics Technologies Angola\" \/>\n<meta property=\"article:modified_time\" content=\"2023-05-29T08:31:35+00:00\" \/>\n<meta property=\"og:image\" content=\"http:\/\/cyberlogics.ao\/wp-content\/uploads\/2023\/05\/Tenda-i12-300-Mbps-Indoor-Decken-Wireless-AP-Access-Point-WiFi-Router-WiFi-Repeater-Extender-mit.jpg_Q90.jpg_.webp\" \/>\n\t<meta property=\"og:image:width\" content=\"800\" \/>\n\t<meta property=\"og:image:height\" content=\"800\" \/>\n\t<meta property=\"og:image:type\" content=\"image\/webp\" \/>\n<meta name=\"twitter:card\" content=\"summary_large_image\" \/>\n<meta name=\"twitter:label1\" content=\"Tempo estimado de leitura\" \/>\n\t<meta name=\"twitter:data1\" content=\"1 minuto\" \/>\n<script type=\"application\/ld+json\" class=\"yoast-schema-graph\">{\"@context\":\"https:\\\/\\\/schema.org\",\"@graph\":[{\"@type\":\"WebPage\",\"@id\":\"https:\\\/\\\/cyberlogics.ao\\\/index.php\\\/product\\\/access-point-tenda-i6-interior-gerenciavel\\\/\",\"url\":\"https:\\\/\\\/cyberlogics.ao\\\/index.php\\\/product\\\/access-point-tenda-i6-interior-gerenciavel\\\/\",\"name\":\"ACCESS POINT TENDA i6 INTERIOR GERENCIAV\u00c9L - Cyberlogics Technologies Angola\",\"isPartOf\":{\"@id\":\"https:\\\/\\\/cyberlogics.ao\\\/#website\"},\"primaryImageOfPage\":{\"@id\":\"https:\\\/\\\/cyberlogics.ao\\\/index.php\\\/product\\\/access-point-tenda-i6-interior-gerenciavel\\\/#primaryimage\"},\"image\":{\"@id\":\"https:\\\/\\\/cyberlogics.ao\\\/index.php\\\/product\\\/access-point-tenda-i6-interior-gerenciavel\\\/#primaryimage\"},\"thumbnailUrl\":\"https:\\\/\\\/cyberlogics.ao\\\/wp-content\\\/uploads\\\/2023\\\/05\\\/Tenda-i12-300-Mbps-Indoor-Decken-Wireless-AP-Access-Point-WiFi-Router-WiFi-Repeater-Extender-mit.jpg_Q90.jpg_.webp\",\"datePublished\":\"2023-05-29T08:30:47+00:00\",\"dateModified\":\"2023-05-29T08:31:35+00:00\",\"description\":\"A Maior Loja Online de Angola de Licen\u00e7as Microsoft Office | Chaves Sistemas Operativos Windows | Antiv\u00edrus | Cloud Adobe | Inform\u00e1tica & Servidores | Softwares de Gest\u00e3o ERP | Gaming Hardware | UPS e Baterias & Muito Mais...\",\"breadcrumb\":{\"@id\":\"https:\\\/\\\/cyberlogics.ao\\\/index.php\\\/product\\\/access-point-tenda-i6-interior-gerenciavel\\\/#breadcrumb\"},\"inLanguage\":\"pt-PT\",\"potentialAction\":[{\"@type\":\"ReadAction\",\"target\":[\"https:\\\/\\\/cyberlogics.ao\\\/index.php\\\/product\\\/access-point-tenda-i6-interior-gerenciavel\\\/\"]}]},{\"@type\":\"ImageObject\",\"inLanguage\":\"pt-PT\",\"@id\":\"https:\\\/\\\/cyberlogics.ao\\\/index.php\\\/product\\\/access-point-tenda-i6-interior-gerenciavel\\\/#primaryimage\",\"url\":\"https:\\\/\\\/cyberlogics.ao\\\/wp-content\\\/uploads\\\/2023\\\/05\\\/Tenda-i12-300-Mbps-Indoor-Decken-Wireless-AP-Access-Point-WiFi-Router-WiFi-Repeater-Extender-mit.jpg_Q90.jpg_.webp\",\"contentUrl\":\"https:\\\/\\\/cyberlogics.ao\\\/wp-content\\\/uploads\\\/2023\\\/05\\\/Tenda-i12-300-Mbps-Indoor-Decken-Wireless-AP-Access-Point-WiFi-Router-WiFi-Repeater-Extender-mit.jpg_Q90.jpg_.webp\",\"width\":800,\"height\":800},{\"@type\":\"BreadcrumbList\",\"@id\":\"https:\\\/\\\/cyberlogics.ao\\\/index.php\\\/product\\\/access-point-tenda-i6-interior-gerenciavel\\\/#breadcrumb\",\"itemListElement\":[{\"@type\":\"ListItem\",\"position\":1,\"name\":\"In\u00edcio\",\"item\":\"https:\\\/\\\/cyberlogics.ao\\\/\"},{\"@type\":\"ListItem\",\"position\":2,\"name\":\"Produtos\",\"item\":\"https:\\\/\\\/cyberlogics.ao\\\/index.php\\\/shop-2\\\/\"},{\"@type\":\"ListItem\",\"position\":3,\"name\":\"ACCESS POINT TENDA i6 INTERIOR GERENCIAV\u00c9L\"}]},{\"@type\":\"WebSite\",\"@id\":\"https:\\\/\\\/cyberlogics.ao\\\/#website\",\"url\":\"https:\\\/\\\/cyberlogics.ao\\\/\",\"name\":\"Cyberlogics Technologies Angola\",\"description\":\"Loja Online de Licen\u00e7as de Softwares e Inform\u00e1tica\",\"publisher\":{\"@id\":\"https:\\\/\\\/cyberlogics.ao\\\/#organization\"},\"potentialAction\":[{\"@type\":\"SearchAction\",\"target\":{\"@type\":\"EntryPoint\",\"urlTemplate\":\"https:\\\/\\\/cyberlogics.ao\\\/?s={search_term_string}\"},\"query-input\":{\"@type\":\"PropertyValueSpecification\",\"valueRequired\":true,\"valueName\":\"search_term_string\"}}],\"inLanguage\":\"pt-PT\"},{\"@type\":\"Organization\",\"@id\":\"https:\\\/\\\/cyberlogics.ao\\\/#organization\",\"name\":\"Cyberlogics Ao Technologies - Loja Online de Licen\u00e7as de Softwares e Inform\u00e1tica\",\"url\":\"https:\\\/\\\/cyberlogics.ao\\\/\",\"logo\":{\"@type\":\"ImageObject\",\"inLanguage\":\"pt-PT\",\"@id\":\"https:\\\/\\\/cyberlogics.ao\\\/#\\\/schema\\\/logo\\\/image\\\/\",\"url\":\"https:\\\/\\\/cyberlogics.ao\\\/wp-content\\\/uploads\\\/2022\\\/04\\\/CT-logo.png\",\"contentUrl\":\"https:\\\/\\\/cyberlogics.ao\\\/wp-content\\\/uploads\\\/2022\\\/04\\\/CT-logo.png\",\"width\":190,\"height\":75,\"caption\":\"Cyberlogics Ao Technologies - Loja Online de Licen\u00e7as de Softwares e Inform\u00e1tica\"},\"image\":{\"@id\":\"https:\\\/\\\/cyberlogics.ao\\\/#\\\/schema\\\/logo\\\/image\\\/\"}}]}<\/script>\n<!-- \/ Yoast SEO plugin. -->","yoast_head_json":{"title":"ACCESS POINT TENDA i6 INTERIOR GERENCIAV\u00c9L - Cyberlogics Technologies Angola","description":"A Maior Loja Online de Angola de Licen\u00e7as Microsoft Office | Chaves Sistemas Operativos Windows | Antiv\u00edrus | Cloud Adobe | Inform\u00e1tica & Servidores | Softwares de Gest\u00e3o ERP | Gaming Hardware | UPS e Baterias & Muito Mais...","robots":{"index":"index","follow":"follow","max-snippet":"max-snippet:-1","max-image-preview":"max-image-preview:large","max-video-preview":"max-video-preview:-1"},"canonical":"https:\/\/cyberlogics.ao\/index.php\/product\/access-point-tenda-i6-interior-gerenciavel\/","og_locale":"pt_PT","og_type":"article","og_title":"ACCESS POINT TENDA i6 INTERIOR GERENCIAV\u00c9L - Cyberlogics Technologies Angola","og_description":"A Maior Loja Online de Angola de Licen\u00e7as Microsoft Office | Chaves Sistemas Operativos Windows | Antiv\u00edrus | Cloud Adobe | Inform\u00e1tica & Servidores | Softwares de Gest\u00e3o ERP | Gaming Hardware | UPS e Baterias & Muito Mais...","og_url":"https:\/\/cyberlogics.ao\/index.php\/product\/access-point-tenda-i6-interior-gerenciavel\/","og_site_name":"Cyberlogics Technologies Angola","article_modified_time":"2023-05-29T08:31:35+00:00","og_image":[{"width":800,"height":800,"url":"http:\/\/cyberlogics.ao\/wp-content\/uploads\/2023\/05\/Tenda-i12-300-Mbps-Indoor-Decken-Wireless-AP-Access-Point-WiFi-Router-WiFi-Repeater-Extender-mit.jpg_Q90.jpg_.webp","type":"image\/webp"}],"twitter_card":"summary_large_image","twitter_misc":{"Tempo estimado de leitura":"1 minuto"},"schema":{"@context":"https:\/\/schema.org","@graph":[{"@type":"WebPage","@id":"https:\/\/cyberlogics.ao\/index.php\/product\/access-point-tenda-i6-interior-gerenciavel\/","url":"https:\/\/cyberlogics.ao\/index.php\/product\/access-point-tenda-i6-interior-gerenciavel\/","name":"ACCESS POINT TENDA i6 INTERIOR GERENCIAV\u00c9L - Cyberlogics Technologies Angola","isPartOf":{"@id":"https:\/\/cyberlogics.ao\/#website"},"primaryImageOfPage":{"@id":"https:\/\/cyberlogics.ao\/index.php\/product\/access-point-tenda-i6-interior-gerenciavel\/#primaryimage"},"image":{"@id":"https:\/\/cyberlogics.ao\/index.php\/product\/access-point-tenda-i6-interior-gerenciavel\/#primaryimage"},"thumbnailUrl":"https:\/\/cyberlogics.ao\/wp-content\/uploads\/2023\/05\/Tenda-i12-300-Mbps-Indoor-Decken-Wireless-AP-Access-Point-WiFi-Router-WiFi-Repeater-Extender-mit.jpg_Q90.jpg_.webp","datePublished":"2023-05-29T08:30:47+00:00","dateModified":"2023-05-29T08:31:35+00:00","description":"A Maior Loja Online de Angola de Licen\u00e7as Microsoft Office | Chaves Sistemas Operativos Windows | Antiv\u00edrus | Cloud Adobe | Inform\u00e1tica & Servidores | Softwares de Gest\u00e3o ERP | Gaming Hardware | UPS e Baterias & Muito Mais...","breadcrumb":{"@id":"https:\/\/cyberlogics.ao\/index.php\/product\/access-point-tenda-i6-interior-gerenciavel\/#breadcrumb"},"inLanguage":"pt-PT","potentialAction":[{"@type":"ReadAction","target":["https:\/\/cyberlogics.ao\/index.php\/product\/access-point-tenda-i6-interior-gerenciavel\/"]}]},{"@type":"ImageObject","inLanguage":"pt-PT","@id":"https:\/\/cyberlogics.ao\/index.php\/product\/access-point-tenda-i6-interior-gerenciavel\/#primaryimage","url":"https:\/\/cyberlogics.ao\/wp-content\/uploads\/2023\/05\/Tenda-i12-300-Mbps-Indoor-Decken-Wireless-AP-Access-Point-WiFi-Router-WiFi-Repeater-Extender-mit.jpg_Q90.jpg_.webp","contentUrl":"https:\/\/cyberlogics.ao\/wp-content\/uploads\/2023\/05\/Tenda-i12-300-Mbps-Indoor-Decken-Wireless-AP-Access-Point-WiFi-Router-WiFi-Repeater-Extender-mit.jpg_Q90.jpg_.webp","width":800,"height":800},{"@type":"BreadcrumbList","@id":"https:\/\/cyberlogics.ao\/index.php\/product\/access-point-tenda-i6-interior-gerenciavel\/#breadcrumb","itemListElement":[{"@type":"ListItem","position":1,"name":"In\u00edcio","item":"https:\/\/cyberlogics.ao\/"},{"@type":"ListItem","position":2,"name":"Produtos","item":"https:\/\/cyberlogics.ao\/index.php\/shop-2\/"},{"@type":"ListItem","position":3,"name":"ACCESS POINT TENDA i6 INTERIOR GERENCIAV\u00c9L"}]},{"@type":"WebSite","@id":"https:\/\/cyberlogics.ao\/#website","url":"https:\/\/cyberlogics.ao\/","name":"Cyberlogics Technologies Angola","description":"Loja Online de Licen\u00e7as de Softwares e Inform\u00e1tica","publisher":{"@id":"https:\/\/cyberlogics.ao\/#organization"},"potentialAction":[{"@type":"SearchAction","target":{"@type":"EntryPoint","urlTemplate":"https:\/\/cyberlogics.ao\/?s={search_term_string}"},"query-input":{"@type":"PropertyValueSpecification","valueRequired":true,"valueName":"search_term_string"}}],"inLanguage":"pt-PT"},{"@type":"Organization","@id":"https:\/\/cyberlogics.ao\/#organization","name":"Cyberlogics Ao Technologies - Loja Online de Licen\u00e7as de Softwares e Inform\u00e1tica","url":"https:\/\/cyberlogics.ao\/","logo":{"@type":"ImageObject","inLanguage":"pt-PT","@id":"https:\/\/cyberlogics.ao\/#\/schema\/logo\/image\/","url":"https:\/\/cyberlogics.ao\/wp-content\/uploads\/2022\/04\/CT-logo.png","contentUrl":"https:\/\/cyberlogics.ao\/wp-content\/uploads\/2022\/04\/CT-logo.png","width":190,"height":75,"caption":"Cyberlogics Ao Technologies - Loja Online de Licen\u00e7as de Softwares e Inform\u00e1tica"},"image":{"@id":"https:\/\/cyberlogics.ao\/#\/schema\/logo\/image\/"}}]}},"_links":{"self":[{"href":"https:\/\/cyberlogics.ao\/index.php\/wp-json\/wp\/v2\/product\/7387","targetHints":{"allow":["GET"]}}],"collection":[{"href":"https:\/\/cyberlogics.ao\/index.php\/wp-json\/wp\/v2\/product"}],"about":[{"href":"https:\/\/cyberlogics.ao\/index.php\/wp-json\/wp\/v2\/types\/product"}],"replies":[{"embeddable":true,"href":"https:\/\/cyberlogics.ao\/index.php\/wp-json\/wp\/v2\/comments?post=7387"}],"wp:featuredmedia":[{"embeddable":true,"href":"https:\/\/cyberlogics.ao\/index.php\/wp-json\/wp\/v2\/media\/7388"}],"wp:attachment":[{"href":"https:\/\/cyberlogics.ao\/index.php\/wp-json\/wp\/v2\/media?parent=7387"}],"wp:term":[{"taxonomy":"product_brand","embeddable":true,"href":"https:\/\/cyberlogics.ao\/index.php\/wp-json\/wp\/v2\/product_brand?post=7387"},{"taxonomy":"product_cat","embeddable":true,"href":"https:\/\/cyberlogics.ao\/index.php\/wp-json\/wp\/v2\/product_cat?post=7387"},{"taxonomy":"product_tag","embeddable":true,"href":"https:\/\/cyberlogics.ao\/index.php\/wp-json\/wp\/v2\/product_tag?post=7387"}],"curies":[{"name":"wp","href":"https:\/\/api.w.org\/{rel}","templated":true}]}}