{"id":7391,"date":"2023-05-29T08:53:39","date_gmt":"2023-05-29T08:53:39","guid":{"rendered":"https:\/\/cyberlogics.ao\/?post_type=product&#038;p=7391"},"modified":"2023-05-29T08:53:40","modified_gmt":"2023-05-29T08:53:40","slug":"access-point-tenda-interna-w6-s","status":"publish","type":"product","link":"https:\/\/cyberlogics.ao\/index.php\/product\/access-point-tenda-interna-w6-s\/","title":{"rendered":"ACCESS POINT TENDA INTERNA W6-S"},"content":{"rendered":"<div class=\"woocommerce-product-details__short-description\">\n<pre class=\"tw-data-text tw-text-large XcVN5d tw-ta\" data-placeholder=\"Tradu\u00e7\u00e3o\"><span class=\"Y2IQFc\" lang=\"pt\">O W6-S adota um design de caixa de jun\u00e7\u00e3o de montagem em parede do tipo 86 mm para implantar na tomada de parede existente. N\u00e3o representar\u00e1 nenhum problema para os pain\u00e9is da vizinhan\u00e7a ou outras decora\u00e7\u00f5es. Taxas de transfer\u00eancia W6 de at\u00e9 300 Mbps nas bandas de frequ\u00eancia para transfer\u00eancias de arquivos mais r\u00e1pidas e mais suaves streaming de v\u00eddeo.\r\n\r\n<\/span><\/pre>\n<pre id=\"tw-target-text\" class=\"tw-data-text tw-text-large XcVN5d tw-ta\" data-placeholder=\"Tradu\u00e7\u00e3o\"><span class=\"Y2IQFc\" lang=\"pt\">Dimension86 * 86 * 34,8 mm\r\nFaixa de frequ\u00eancia 2,4 GHz\r\nVelocidade m\u00e1xima sem fio 300 Mbps\r\nInterface1 * PoE + LAN de entrada de dados\r\n1 * LAN de sa\u00edda de dados\r\nBot\u00e3o1 * Reiniciar\r\nAntenna2dbi\r\nConsumo m\u00e1ximo de energia 3,4 W\r\nIndicador LEDSYS\r\nPower SupplyPoE 802.3af\r\nModo operacional AP \/ Cliente + AP\r\nPadr\u00e3o e protocolo IEEE 802.11n \/ g \/ b\r\nFun\u00e7\u00e3o sem fio 2 SSID\r\nAtivar \/ desativar r\u00e1dio sem fio\r\nSSID oculto\r\nIsolamento de cliente sem fio\r\nLimiar de Sensibilidade\r\nCapaz de WMM\r\nCapaz de APSD\r\nControle de acesso sem fio\r\nLimita\u00e7\u00e3o de n\u00famero de cliente para SSID\r\nLista de clientes sem fio\r\nMarca\u00e7\u00e3o de VLAN para SSID\r\nSeguran\u00e7a sem fio 64\/128 WEP, WPA-PSK, WPA2-PSK, WPA e WPA2-PSK, WPA, WPA2\r\nTransmitir pot\u00eancia; pot\u00eancia ajust\u00e1vel em 1dBm\r\nSensibilidade de recep\u00e7\u00e3oMCS0: -90dbm\r\nMCS7: -72dbm\r\nServidor DHCP Servidor DHCP\r\nLista de clientes\r\nVPN Pass-throughPPTP, L2TP\r\nAgendar RebootSupport\r\nDiagosticPing, Signal Scan\r\nDefini\u00e7\u00e3o de hora e data da ferramenta de gerenciamento\r\nRegistro do sistema\r\nAtualiza\u00e7\u00e3o de firmware\r\nConfigura\u00e7\u00e3o de backup \/ restaura\u00e7\u00e3o\r\nGerenciamento de nome de usu\u00e1rio\r\nGerenciado por ACM3\r\nConte\u00fado do pacote1 * Ponto de acesso sem fio\r\n2 * Parafusos\r\n1 * Guia de instala\u00e7\u00e3o r\u00e1pida\r\nTemperatura de opera\u00e7\u00e3o -10 \u2103 ~ 45 \u2103\r\nTemperatura de armazenamento -30 \u2103 ~ 70 \u2103\r\nUmidade operacional 10% ~ 90% sem condensa\u00e7\u00e3o\r\nUmidade de armazenamento 10% ~ 90% sem condensa\u00e7\u00e3o\r\nIP padr\u00e3o 192.168.0.254\r\nAdministrador de senha de login padr\u00e3o\r\nLogin de usu\u00e1rio padr\u00e3o; administrador do usu\u00e1rio\r\nCertifica\u00e7\u00e3o CE \/ RoHS<\/span><\/pre>\n<pre id=\"tw-target-text\" class=\"tw-data-text tw-text-large XcVN5d tw-ta\" data-placeholder=\"Tradu\u00e7\u00e3o\"><span class=\"Y2IQFc\" lang=\"pt\">\u00a0<\/span><\/pre>\n<\/div>\n","protected":false},"excerpt":{"rendered":"<p><span class=\"Y2IQFc\" lang=\"pt\">O W6-S adota um design de caixa de jun\u00e7\u00e3o de montagem em parede do tipo 86 mm para implantar na tomada de parede existente. N\u00e3o representar\u00e1 nenhum problema para os pain\u00e9is da vizinhan\u00e7a ou outras decora\u00e7\u00f5es. Taxas de transfer\u00eancia W6 de at\u00e9 300 Mbps nas bandas de frequ\u00eancia para transfer\u00eancias de arquivos mais r\u00e1pidas e mais suaves streaming de v\u00eddeo.<br \/>\n<\/span><\/p>\n","protected":false},"featured_media":7392,"comment_status":"open","ping_status":"closed","template":"","meta":{"_joinchat":[]},"product_brand":[],"product_cat":[308,307],"product_tag":[],"class_list":{"0":"post-7391","1":"product","2":"type-product","3":"status-publish","4":"has-post-thumbnail","6":"product_cat-acess-point","7":"product_cat-redes","9":"first","10":"instock","11":"shipping-taxable","12":"purchasable","13":"product-type-simple"},"yoast_head":"<!-- This site is optimized with the Yoast SEO plugin v27.6 - https:\/\/yoast.com\/product\/yoast-seo-wordpress\/ -->\n<title>ACCESS POINT TENDA INTERNA W6-S - Cyberlogics Technologies Angola<\/title>\n<meta name=\"description\" content=\"A Maior Loja Online de Angola de Licen\u00e7as Microsoft Office | Chaves Sistemas Operativos Windows | Antiv\u00edrus | Cloud Adobe | Inform\u00e1tica &amp; Servidores | Softwares de Gest\u00e3o ERP | Gaming Hardware | UPS e Baterias &amp; Muito Mais...\" \/>\n<meta name=\"robots\" content=\"index, follow, max-snippet:-1, max-image-preview:large, max-video-preview:-1\" \/>\n<link rel=\"canonical\" href=\"https:\/\/cyberlogics.ao\/index.php\/product\/access-point-tenda-interna-w6-s\/\" \/>\n<meta property=\"og:locale\" content=\"pt_PT\" \/>\n<meta property=\"og:type\" content=\"article\" \/>\n<meta property=\"og:title\" content=\"ACCESS POINT TENDA INTERNA W6-S - Cyberlogics Technologies Angola\" \/>\n<meta property=\"og:description\" content=\"A Maior Loja Online de Angola de Licen\u00e7as Microsoft Office | Chaves Sistemas Operativos Windows | Antiv\u00edrus | Cloud Adobe | Inform\u00e1tica &amp; Servidores | Softwares de Gest\u00e3o ERP | Gaming Hardware | UPS e Baterias &amp; Muito Mais...\" \/>\n<meta property=\"og:url\" content=\"https:\/\/cyberlogics.ao\/index.php\/product\/access-point-tenda-interna-w6-s\/\" \/>\n<meta property=\"og:site_name\" content=\"Cyberlogics Technologies Angola\" \/>\n<meta property=\"article:modified_time\" content=\"2023-05-29T08:53:40+00:00\" \/>\n<meta property=\"og:image\" content=\"http:\/\/cyberlogics.ao\/wp-content\/uploads\/2023\/05\/2475666_1582588023.jpg\" \/>\n\t<meta property=\"og:image:width\" content=\"800\" \/>\n\t<meta property=\"og:image:height\" content=\"800\" \/>\n\t<meta property=\"og:image:type\" content=\"image\/jpeg\" \/>\n<meta name=\"twitter:card\" content=\"summary_large_image\" \/>\n<meta name=\"twitter:label1\" content=\"Tempo estimado de leitura\" \/>\n\t<meta name=\"twitter:data1\" content=\"2 minutos\" \/>\n<script type=\"application\/ld+json\" class=\"yoast-schema-graph\">{\"@context\":\"https:\\\/\\\/schema.org\",\"@graph\":[{\"@type\":\"WebPage\",\"@id\":\"https:\\\/\\\/cyberlogics.ao\\\/index.php\\\/product\\\/access-point-tenda-interna-w6-s\\\/\",\"url\":\"https:\\\/\\\/cyberlogics.ao\\\/index.php\\\/product\\\/access-point-tenda-interna-w6-s\\\/\",\"name\":\"ACCESS POINT TENDA INTERNA W6-S - Cyberlogics Technologies Angola\",\"isPartOf\":{\"@id\":\"https:\\\/\\\/cyberlogics.ao\\\/#website\"},\"primaryImageOfPage\":{\"@id\":\"https:\\\/\\\/cyberlogics.ao\\\/index.php\\\/product\\\/access-point-tenda-interna-w6-s\\\/#primaryimage\"},\"image\":{\"@id\":\"https:\\\/\\\/cyberlogics.ao\\\/index.php\\\/product\\\/access-point-tenda-interna-w6-s\\\/#primaryimage\"},\"thumbnailUrl\":\"https:\\\/\\\/cyberlogics.ao\\\/wp-content\\\/uploads\\\/2023\\\/05\\\/2475666_1582588023.jpg\",\"datePublished\":\"2023-05-29T08:53:39+00:00\",\"dateModified\":\"2023-05-29T08:53:40+00:00\",\"description\":\"A Maior Loja Online de Angola de Licen\u00e7as Microsoft Office | Chaves Sistemas Operativos Windows | Antiv\u00edrus | Cloud Adobe | Inform\u00e1tica & Servidores | Softwares de Gest\u00e3o ERP | Gaming Hardware | UPS e Baterias & Muito Mais...\",\"breadcrumb\":{\"@id\":\"https:\\\/\\\/cyberlogics.ao\\\/index.php\\\/product\\\/access-point-tenda-interna-w6-s\\\/#breadcrumb\"},\"inLanguage\":\"pt-PT\",\"potentialAction\":[{\"@type\":\"ReadAction\",\"target\":[\"https:\\\/\\\/cyberlogics.ao\\\/index.php\\\/product\\\/access-point-tenda-interna-w6-s\\\/\"]}]},{\"@type\":\"ImageObject\",\"inLanguage\":\"pt-PT\",\"@id\":\"https:\\\/\\\/cyberlogics.ao\\\/index.php\\\/product\\\/access-point-tenda-interna-w6-s\\\/#primaryimage\",\"url\":\"https:\\\/\\\/cyberlogics.ao\\\/wp-content\\\/uploads\\\/2023\\\/05\\\/2475666_1582588023.jpg\",\"contentUrl\":\"https:\\\/\\\/cyberlogics.ao\\\/wp-content\\\/uploads\\\/2023\\\/05\\\/2475666_1582588023.jpg\",\"width\":800,\"height\":800},{\"@type\":\"BreadcrumbList\",\"@id\":\"https:\\\/\\\/cyberlogics.ao\\\/index.php\\\/product\\\/access-point-tenda-interna-w6-s\\\/#breadcrumb\",\"itemListElement\":[{\"@type\":\"ListItem\",\"position\":1,\"name\":\"In\u00edcio\",\"item\":\"https:\\\/\\\/cyberlogics.ao\\\/\"},{\"@type\":\"ListItem\",\"position\":2,\"name\":\"Produtos\",\"item\":\"https:\\\/\\\/cyberlogics.ao\\\/index.php\\\/shop-2\\\/\"},{\"@type\":\"ListItem\",\"position\":3,\"name\":\"ACCESS POINT TENDA INTERNA W6-S\"}]},{\"@type\":\"WebSite\",\"@id\":\"https:\\\/\\\/cyberlogics.ao\\\/#website\",\"url\":\"https:\\\/\\\/cyberlogics.ao\\\/\",\"name\":\"Cyberlogics Technologies Angola\",\"description\":\"Loja Online de Licen\u00e7as de Softwares e Inform\u00e1tica\",\"publisher\":{\"@id\":\"https:\\\/\\\/cyberlogics.ao\\\/#organization\"},\"potentialAction\":[{\"@type\":\"SearchAction\",\"target\":{\"@type\":\"EntryPoint\",\"urlTemplate\":\"https:\\\/\\\/cyberlogics.ao\\\/?s={search_term_string}\"},\"query-input\":{\"@type\":\"PropertyValueSpecification\",\"valueRequired\":true,\"valueName\":\"search_term_string\"}}],\"inLanguage\":\"pt-PT\"},{\"@type\":\"Organization\",\"@id\":\"https:\\\/\\\/cyberlogics.ao\\\/#organization\",\"name\":\"Cyberlogics Ao Technologies - Loja Online de Licen\u00e7as de Softwares e Inform\u00e1tica\",\"url\":\"https:\\\/\\\/cyberlogics.ao\\\/\",\"logo\":{\"@type\":\"ImageObject\",\"inLanguage\":\"pt-PT\",\"@id\":\"https:\\\/\\\/cyberlogics.ao\\\/#\\\/schema\\\/logo\\\/image\\\/\",\"url\":\"https:\\\/\\\/cyberlogics.ao\\\/wp-content\\\/uploads\\\/2022\\\/04\\\/CT-logo.png\",\"contentUrl\":\"https:\\\/\\\/cyberlogics.ao\\\/wp-content\\\/uploads\\\/2022\\\/04\\\/CT-logo.png\",\"width\":190,\"height\":75,\"caption\":\"Cyberlogics Ao Technologies - Loja Online de Licen\u00e7as de Softwares e Inform\u00e1tica\"},\"image\":{\"@id\":\"https:\\\/\\\/cyberlogics.ao\\\/#\\\/schema\\\/logo\\\/image\\\/\"}}]}<\/script>\n<!-- \/ Yoast SEO plugin. -->","yoast_head_json":{"title":"ACCESS POINT TENDA INTERNA W6-S - Cyberlogics Technologies Angola","description":"A Maior Loja Online de Angola de Licen\u00e7as Microsoft Office | Chaves Sistemas Operativos Windows | Antiv\u00edrus | Cloud Adobe | Inform\u00e1tica & Servidores | Softwares de Gest\u00e3o ERP | Gaming Hardware | UPS e Baterias & Muito Mais...","robots":{"index":"index","follow":"follow","max-snippet":"max-snippet:-1","max-image-preview":"max-image-preview:large","max-video-preview":"max-video-preview:-1"},"canonical":"https:\/\/cyberlogics.ao\/index.php\/product\/access-point-tenda-interna-w6-s\/","og_locale":"pt_PT","og_type":"article","og_title":"ACCESS POINT TENDA INTERNA W6-S - Cyberlogics Technologies Angola","og_description":"A Maior Loja Online de Angola de Licen\u00e7as Microsoft Office | Chaves Sistemas Operativos Windows | Antiv\u00edrus | Cloud Adobe | Inform\u00e1tica & Servidores | Softwares de Gest\u00e3o ERP | Gaming Hardware | UPS e Baterias & Muito Mais...","og_url":"https:\/\/cyberlogics.ao\/index.php\/product\/access-point-tenda-interna-w6-s\/","og_site_name":"Cyberlogics Technologies Angola","article_modified_time":"2023-05-29T08:53:40+00:00","og_image":[{"width":800,"height":800,"url":"http:\/\/cyberlogics.ao\/wp-content\/uploads\/2023\/05\/2475666_1582588023.jpg","type":"image\/jpeg"}],"twitter_card":"summary_large_image","twitter_misc":{"Tempo estimado de leitura":"2 minutos"},"schema":{"@context":"https:\/\/schema.org","@graph":[{"@type":"WebPage","@id":"https:\/\/cyberlogics.ao\/index.php\/product\/access-point-tenda-interna-w6-s\/","url":"https:\/\/cyberlogics.ao\/index.php\/product\/access-point-tenda-interna-w6-s\/","name":"ACCESS POINT TENDA INTERNA W6-S - Cyberlogics Technologies Angola","isPartOf":{"@id":"https:\/\/cyberlogics.ao\/#website"},"primaryImageOfPage":{"@id":"https:\/\/cyberlogics.ao\/index.php\/product\/access-point-tenda-interna-w6-s\/#primaryimage"},"image":{"@id":"https:\/\/cyberlogics.ao\/index.php\/product\/access-point-tenda-interna-w6-s\/#primaryimage"},"thumbnailUrl":"https:\/\/cyberlogics.ao\/wp-content\/uploads\/2023\/05\/2475666_1582588023.jpg","datePublished":"2023-05-29T08:53:39+00:00","dateModified":"2023-05-29T08:53:40+00:00","description":"A Maior Loja Online de Angola de Licen\u00e7as Microsoft Office | Chaves Sistemas Operativos Windows | Antiv\u00edrus | Cloud Adobe | Inform\u00e1tica & Servidores | Softwares de Gest\u00e3o ERP | Gaming Hardware | UPS e Baterias & Muito Mais...","breadcrumb":{"@id":"https:\/\/cyberlogics.ao\/index.php\/product\/access-point-tenda-interna-w6-s\/#breadcrumb"},"inLanguage":"pt-PT","potentialAction":[{"@type":"ReadAction","target":["https:\/\/cyberlogics.ao\/index.php\/product\/access-point-tenda-interna-w6-s\/"]}]},{"@type":"ImageObject","inLanguage":"pt-PT","@id":"https:\/\/cyberlogics.ao\/index.php\/product\/access-point-tenda-interna-w6-s\/#primaryimage","url":"https:\/\/cyberlogics.ao\/wp-content\/uploads\/2023\/05\/2475666_1582588023.jpg","contentUrl":"https:\/\/cyberlogics.ao\/wp-content\/uploads\/2023\/05\/2475666_1582588023.jpg","width":800,"height":800},{"@type":"BreadcrumbList","@id":"https:\/\/cyberlogics.ao\/index.php\/product\/access-point-tenda-interna-w6-s\/#breadcrumb","itemListElement":[{"@type":"ListItem","position":1,"name":"In\u00edcio","item":"https:\/\/cyberlogics.ao\/"},{"@type":"ListItem","position":2,"name":"Produtos","item":"https:\/\/cyberlogics.ao\/index.php\/shop-2\/"},{"@type":"ListItem","position":3,"name":"ACCESS POINT TENDA INTERNA W6-S"}]},{"@type":"WebSite","@id":"https:\/\/cyberlogics.ao\/#website","url":"https:\/\/cyberlogics.ao\/","name":"Cyberlogics Technologies Angola","description":"Loja Online de Licen\u00e7as de Softwares e Inform\u00e1tica","publisher":{"@id":"https:\/\/cyberlogics.ao\/#organization"},"potentialAction":[{"@type":"SearchAction","target":{"@type":"EntryPoint","urlTemplate":"https:\/\/cyberlogics.ao\/?s={search_term_string}"},"query-input":{"@type":"PropertyValueSpecification","valueRequired":true,"valueName":"search_term_string"}}],"inLanguage":"pt-PT"},{"@type":"Organization","@id":"https:\/\/cyberlogics.ao\/#organization","name":"Cyberlogics Ao Technologies - Loja Online de Licen\u00e7as de Softwares e Inform\u00e1tica","url":"https:\/\/cyberlogics.ao\/","logo":{"@type":"ImageObject","inLanguage":"pt-PT","@id":"https:\/\/cyberlogics.ao\/#\/schema\/logo\/image\/","url":"https:\/\/cyberlogics.ao\/wp-content\/uploads\/2022\/04\/CT-logo.png","contentUrl":"https:\/\/cyberlogics.ao\/wp-content\/uploads\/2022\/04\/CT-logo.png","width":190,"height":75,"caption":"Cyberlogics Ao Technologies - Loja Online de Licen\u00e7as de Softwares e Inform\u00e1tica"},"image":{"@id":"https:\/\/cyberlogics.ao\/#\/schema\/logo\/image\/"}}]}},"_links":{"self":[{"href":"https:\/\/cyberlogics.ao\/index.php\/wp-json\/wp\/v2\/product\/7391","targetHints":{"allow":["GET"]}}],"collection":[{"href":"https:\/\/cyberlogics.ao\/index.php\/wp-json\/wp\/v2\/product"}],"about":[{"href":"https:\/\/cyberlogics.ao\/index.php\/wp-json\/wp\/v2\/types\/product"}],"replies":[{"embeddable":true,"href":"https:\/\/cyberlogics.ao\/index.php\/wp-json\/wp\/v2\/comments?post=7391"}],"wp:featuredmedia":[{"embeddable":true,"href":"https:\/\/cyberlogics.ao\/index.php\/wp-json\/wp\/v2\/media\/7392"}],"wp:attachment":[{"href":"https:\/\/cyberlogics.ao\/index.php\/wp-json\/wp\/v2\/media?parent=7391"}],"wp:term":[{"taxonomy":"product_brand","embeddable":true,"href":"https:\/\/cyberlogics.ao\/index.php\/wp-json\/wp\/v2\/product_brand?post=7391"},{"taxonomy":"product_cat","embeddable":true,"href":"https:\/\/cyberlogics.ao\/index.php\/wp-json\/wp\/v2\/product_cat?post=7391"},{"taxonomy":"product_tag","embeddable":true,"href":"https:\/\/cyberlogics.ao\/index.php\/wp-json\/wp\/v2\/product_tag?post=7391"}],"curies":[{"name":"wp","href":"https:\/\/api.w.org\/{rel}","templated":true}]}}