{"id":7427,"date":"2023-05-29T10:04:01","date_gmt":"2023-05-29T10:04:01","guid":{"rendered":"https:\/\/cyberlogics.ao\/?post_type=product&#038;p=7427"},"modified":"2023-05-29T10:04:58","modified_gmt":"2023-05-29T10:04:58","slug":"ap-wifi-tp-link-range-extender-powerline-av60","status":"publish","type":"product","link":"https:\/\/cyberlogics.ao\/index.php\/product\/ap-wifi-tp-link-range-extender-powerline-av60\/","title":{"rendered":"AP WIFI TP-LINK RANGE EXTENDER POWERLINE AV60"},"content":{"rendered":"<p><strong>O TL-WPA4220, Uma Unidade Adicional, \u00c9 Perfeito Para Estender Ainda Mais A Rede Powerline Existente,\u00a0<\/strong><strong>Fornecendo<\/strong><\/p>\n<p><strong>Taxas De Transfer\u00eancia De Dados Est\u00e1veis \u200b\u200bE De Alta Velocidade De At\u00e9 600 Mbps Em Um Comprimento\u00a0<\/strong><strong>De Linha De At\u00e9<\/strong><\/p>\n<p><strong>300 Metros E Trazendo Rede Com E Sem Fio Simultaneamente Em Qualquer Lugar Onde Haja Uma Tomada El\u00e9trica.<\/strong><\/p>\n<p>&nbsp;<\/p>\n<p><strong>O QUE ESTE PRODUTO FAZ<\/strong><\/p>\n<p><strong><br \/>\nO TL-WPA4220KIT da TP-LINK amplia a liga\u00e7\u00e3o \u00e0 Internet a todos os cantos da casa atrav\u00e9s da rede el\u00e9ctrica. O TL-WPA4220 conta com um bot\u00e3o Wi-Fi Clone que proporciona uma Super Extens\u00e3o de Cobertura, o que significa que consegue copiar automaticamente o SSID e Password do seu router. Desta forma, o TL-WPA4220 simplifica a configura\u00e7\u00e3o da sua rede Wi-Fi e permite um alargamento extraordin\u00e1rio da sua rede dom\u00e9stica.<\/strong><\/p>\n<p><strong>Normas e Protocolos: HomePlug AV IEEE802.3 IEEE802.3u IEEE802.11b\/g\/n<br \/>\nInterface: 2 x Portas Ethernet 10\/100Mbps Tomada: EU Bot\u00f5es: Pair Reset Wi-Fi\/WiFi Clone Indicador LED: PWR PLC ETH Wi-Fi\/Wi-Fi Clone Dimens\u00f5es do Produto: 94\u00d754\u00d740mm ( W x D x H ) Consumo Energ\u00e9tico: M\u00e1ximo: 7.608W (220V\/50Hz) T\u00edpico: 7.216W (220V\/50Hz) Standby: 4.610W (220V\/50Hz) Alcance: At\u00e9 300 metros no circuito el\u00e9trico Tecnologia de Modula\u00e7\u00e3o: OFDM (PLC) Encripta\u00e7\u00e3o: Seguran\u00e7a Powerline: 128-bit AES Seguran\u00e7a Wireless: WEP WPA\/WPA2 WPA-PSK\/WPA2-PSK<br \/>\nCertifica\u00e7\u00e3o: CE FCC RoHS Conte\u00fado da Embalagem:<br \/>\nPowerline Ethernet Adapter TL-WPA4220 e TL-PA4010 2 metros Cabo Ethernet (RJ45) CD de Recursos Guia de instala\u00e7\u00e3o r\u00e1pida\u00a0<\/strong><strong>Refer\u00eancia: TL-WPA4220KIT | TPLTL-WPA4220KIT | TL-WPA4220KIT(DE)<\/strong><\/p>\n","protected":false},"excerpt":{"rendered":"<p><strong>O TL-WPA4220 Transforma O Circuito El\u00e9trico Existente Em Sua Casa Em Uma Rede De Alta Velocidade<\/strong><\/p>\n<p><strong>Sem A Necessidade De Novos Fios Ou Perfura\u00e7\u00e3o. Com O Homeplug AV2 Avan\u00e7ado,<\/strong><\/p>\n","protected":false},"featured_media":7428,"comment_status":"open","ping_status":"closed","template":"","meta":{"_joinchat":[]},"product_brand":[],"product_cat":[308,307],"product_tag":[],"class_list":{"0":"post-7427","1":"product","2":"type-product","3":"status-publish","4":"has-post-thumbnail","6":"product_cat-acess-point","7":"product_cat-redes","9":"first","10":"instock","11":"shipping-taxable","12":"purchasable","13":"product-type-simple"},"yoast_head":"<!-- This site is optimized with the Yoast SEO plugin v27.3 - https:\/\/yoast.com\/product\/yoast-seo-wordpress\/ -->\n<title>AP WIFI TP-LINK RANGE EXTENDER POWERLINE AV60 - Cyberlogics Technologies Angola<\/title>\n<meta name=\"description\" content=\"A Maior Loja Online de Angola de Licen\u00e7as Microsoft Office | Chaves Sistemas Operativos Windows | Antiv\u00edrus | Cloud Adobe | Inform\u00e1tica &amp; Servidores | Softwares de Gest\u00e3o ERP | Gaming Hardware | UPS e Baterias &amp; Muito Mais...\" \/>\n<meta name=\"robots\" content=\"index, follow, max-snippet:-1, max-image-preview:large, max-video-preview:-1\" \/>\n<link rel=\"canonical\" href=\"https:\/\/cyberlogics.ao\/index.php\/product\/ap-wifi-tp-link-range-extender-powerline-av60\/\" \/>\n<meta property=\"og:locale\" content=\"pt_PT\" \/>\n<meta property=\"og:type\" content=\"article\" \/>\n<meta property=\"og:title\" content=\"AP WIFI TP-LINK RANGE EXTENDER POWERLINE AV60 - Cyberlogics Technologies Angola\" \/>\n<meta property=\"og:description\" content=\"A Maior Loja Online de Angola de Licen\u00e7as Microsoft Office | Chaves Sistemas Operativos Windows | Antiv\u00edrus | Cloud Adobe | Inform\u00e1tica &amp; Servidores | Softwares de Gest\u00e3o ERP | Gaming Hardware | UPS e Baterias &amp; Muito Mais...\" \/>\n<meta property=\"og:url\" content=\"https:\/\/cyberlogics.ao\/index.php\/product\/ap-wifi-tp-link-range-extender-powerline-av60\/\" \/>\n<meta property=\"og:site_name\" content=\"Cyberlogics Technologies Angola\" \/>\n<meta property=\"article:modified_time\" content=\"2023-05-29T10:04:58+00:00\" \/>\n<meta property=\"og:image\" content=\"http:\/\/cyberlogics.ao\/wp-content\/uploads\/2023\/05\/61OqhwE5AjL.jpg\" \/>\n\t<meta property=\"og:image:width\" content=\"1000\" \/>\n\t<meta property=\"og:image:height\" content=\"1000\" \/>\n\t<meta property=\"og:image:type\" content=\"image\/jpeg\" \/>\n<meta name=\"twitter:card\" content=\"summary_large_image\" \/>\n<meta name=\"twitter:label1\" content=\"Tempo estimado de leitura\" \/>\n\t<meta name=\"twitter:data1\" content=\"1 minuto\" \/>\n<script type=\"application\/ld+json\" class=\"yoast-schema-graph\">{\"@context\":\"https:\\\/\\\/schema.org\",\"@graph\":[{\"@type\":\"WebPage\",\"@id\":\"https:\\\/\\\/cyberlogics.ao\\\/index.php\\\/product\\\/ap-wifi-tp-link-range-extender-powerline-av60\\\/\",\"url\":\"https:\\\/\\\/cyberlogics.ao\\\/index.php\\\/product\\\/ap-wifi-tp-link-range-extender-powerline-av60\\\/\",\"name\":\"AP WIFI TP-LINK RANGE EXTENDER POWERLINE AV60 - Cyberlogics Technologies Angola\",\"isPartOf\":{\"@id\":\"https:\\\/\\\/cyberlogics.ao\\\/#website\"},\"primaryImageOfPage\":{\"@id\":\"https:\\\/\\\/cyberlogics.ao\\\/index.php\\\/product\\\/ap-wifi-tp-link-range-extender-powerline-av60\\\/#primaryimage\"},\"image\":{\"@id\":\"https:\\\/\\\/cyberlogics.ao\\\/index.php\\\/product\\\/ap-wifi-tp-link-range-extender-powerline-av60\\\/#primaryimage\"},\"thumbnailUrl\":\"https:\\\/\\\/cyberlogics.ao\\\/wp-content\\\/uploads\\\/2023\\\/05\\\/61OqhwE5AjL.jpg\",\"datePublished\":\"2023-05-29T10:04:01+00:00\",\"dateModified\":\"2023-05-29T10:04:58+00:00\",\"description\":\"A Maior Loja Online de Angola de Licen\u00e7as Microsoft Office | Chaves Sistemas Operativos Windows | Antiv\u00edrus | Cloud Adobe | Inform\u00e1tica & Servidores | Softwares de Gest\u00e3o ERP | Gaming Hardware | UPS e Baterias & Muito Mais...\",\"breadcrumb\":{\"@id\":\"https:\\\/\\\/cyberlogics.ao\\\/index.php\\\/product\\\/ap-wifi-tp-link-range-extender-powerline-av60\\\/#breadcrumb\"},\"inLanguage\":\"pt-PT\",\"potentialAction\":[{\"@type\":\"ReadAction\",\"target\":[\"https:\\\/\\\/cyberlogics.ao\\\/index.php\\\/product\\\/ap-wifi-tp-link-range-extender-powerline-av60\\\/\"]}]},{\"@type\":\"ImageObject\",\"inLanguage\":\"pt-PT\",\"@id\":\"https:\\\/\\\/cyberlogics.ao\\\/index.php\\\/product\\\/ap-wifi-tp-link-range-extender-powerline-av60\\\/#primaryimage\",\"url\":\"https:\\\/\\\/cyberlogics.ao\\\/wp-content\\\/uploads\\\/2023\\\/05\\\/61OqhwE5AjL.jpg\",\"contentUrl\":\"https:\\\/\\\/cyberlogics.ao\\\/wp-content\\\/uploads\\\/2023\\\/05\\\/61OqhwE5AjL.jpg\",\"width\":1000,\"height\":1000},{\"@type\":\"BreadcrumbList\",\"@id\":\"https:\\\/\\\/cyberlogics.ao\\\/index.php\\\/product\\\/ap-wifi-tp-link-range-extender-powerline-av60\\\/#breadcrumb\",\"itemListElement\":[{\"@type\":\"ListItem\",\"position\":1,\"name\":\"In\u00edcio\",\"item\":\"https:\\\/\\\/cyberlogics.ao\\\/\"},{\"@type\":\"ListItem\",\"position\":2,\"name\":\"Produtos\",\"item\":\"https:\\\/\\\/cyberlogics.ao\\\/index.php\\\/shop-2\\\/\"},{\"@type\":\"ListItem\",\"position\":3,\"name\":\"AP WIFI TP-LINK RANGE EXTENDER POWERLINE AV60\"}]},{\"@type\":\"WebSite\",\"@id\":\"https:\\\/\\\/cyberlogics.ao\\\/#website\",\"url\":\"https:\\\/\\\/cyberlogics.ao\\\/\",\"name\":\"Cyberlogics Technologies Angola\",\"description\":\"Loja Online de Licen\u00e7as de Softwares e Inform\u00e1tica\",\"publisher\":{\"@id\":\"https:\\\/\\\/cyberlogics.ao\\\/#organization\"},\"potentialAction\":[{\"@type\":\"SearchAction\",\"target\":{\"@type\":\"EntryPoint\",\"urlTemplate\":\"https:\\\/\\\/cyberlogics.ao\\\/?s={search_term_string}\"},\"query-input\":{\"@type\":\"PropertyValueSpecification\",\"valueRequired\":true,\"valueName\":\"search_term_string\"}}],\"inLanguage\":\"pt-PT\"},{\"@type\":\"Organization\",\"@id\":\"https:\\\/\\\/cyberlogics.ao\\\/#organization\",\"name\":\"Cyberlogics Ao Technologies - Loja Online de Licen\u00e7as de Softwares e Inform\u00e1tica\",\"url\":\"https:\\\/\\\/cyberlogics.ao\\\/\",\"logo\":{\"@type\":\"ImageObject\",\"inLanguage\":\"pt-PT\",\"@id\":\"https:\\\/\\\/cyberlogics.ao\\\/#\\\/schema\\\/logo\\\/image\\\/\",\"url\":\"https:\\\/\\\/cyberlogics.ao\\\/wp-content\\\/uploads\\\/2022\\\/04\\\/CT-logo.png\",\"contentUrl\":\"https:\\\/\\\/cyberlogics.ao\\\/wp-content\\\/uploads\\\/2022\\\/04\\\/CT-logo.png\",\"width\":190,\"height\":75,\"caption\":\"Cyberlogics Ao Technologies - Loja Online de Licen\u00e7as de Softwares e Inform\u00e1tica\"},\"image\":{\"@id\":\"https:\\\/\\\/cyberlogics.ao\\\/#\\\/schema\\\/logo\\\/image\\\/\"}}]}<\/script>\n<!-- \/ Yoast SEO plugin. -->","yoast_head_json":{"title":"AP WIFI TP-LINK RANGE EXTENDER POWERLINE AV60 - Cyberlogics Technologies Angola","description":"A Maior Loja Online de Angola de Licen\u00e7as Microsoft Office | Chaves Sistemas Operativos Windows | Antiv\u00edrus | Cloud Adobe | Inform\u00e1tica & Servidores | Softwares de Gest\u00e3o ERP | Gaming Hardware | UPS e Baterias & Muito Mais...","robots":{"index":"index","follow":"follow","max-snippet":"max-snippet:-1","max-image-preview":"max-image-preview:large","max-video-preview":"max-video-preview:-1"},"canonical":"https:\/\/cyberlogics.ao\/index.php\/product\/ap-wifi-tp-link-range-extender-powerline-av60\/","og_locale":"pt_PT","og_type":"article","og_title":"AP WIFI TP-LINK RANGE EXTENDER POWERLINE AV60 - Cyberlogics Technologies Angola","og_description":"A Maior Loja Online de Angola de Licen\u00e7as Microsoft Office | Chaves Sistemas Operativos Windows | Antiv\u00edrus | Cloud Adobe | Inform\u00e1tica & Servidores | Softwares de Gest\u00e3o ERP | Gaming Hardware | UPS e Baterias & Muito Mais...","og_url":"https:\/\/cyberlogics.ao\/index.php\/product\/ap-wifi-tp-link-range-extender-powerline-av60\/","og_site_name":"Cyberlogics Technologies Angola","article_modified_time":"2023-05-29T10:04:58+00:00","og_image":[{"width":1000,"height":1000,"url":"http:\/\/cyberlogics.ao\/wp-content\/uploads\/2023\/05\/61OqhwE5AjL.jpg","type":"image\/jpeg"}],"twitter_card":"summary_large_image","twitter_misc":{"Tempo estimado de leitura":"1 minuto"},"schema":{"@context":"https:\/\/schema.org","@graph":[{"@type":"WebPage","@id":"https:\/\/cyberlogics.ao\/index.php\/product\/ap-wifi-tp-link-range-extender-powerline-av60\/","url":"https:\/\/cyberlogics.ao\/index.php\/product\/ap-wifi-tp-link-range-extender-powerline-av60\/","name":"AP WIFI TP-LINK RANGE EXTENDER POWERLINE AV60 - Cyberlogics Technologies Angola","isPartOf":{"@id":"https:\/\/cyberlogics.ao\/#website"},"primaryImageOfPage":{"@id":"https:\/\/cyberlogics.ao\/index.php\/product\/ap-wifi-tp-link-range-extender-powerline-av60\/#primaryimage"},"image":{"@id":"https:\/\/cyberlogics.ao\/index.php\/product\/ap-wifi-tp-link-range-extender-powerline-av60\/#primaryimage"},"thumbnailUrl":"https:\/\/cyberlogics.ao\/wp-content\/uploads\/2023\/05\/61OqhwE5AjL.jpg","datePublished":"2023-05-29T10:04:01+00:00","dateModified":"2023-05-29T10:04:58+00:00","description":"A Maior Loja Online de Angola de Licen\u00e7as Microsoft Office | Chaves Sistemas Operativos Windows | Antiv\u00edrus | Cloud Adobe | Inform\u00e1tica & Servidores | Softwares de Gest\u00e3o ERP | Gaming Hardware | UPS e Baterias & Muito Mais...","breadcrumb":{"@id":"https:\/\/cyberlogics.ao\/index.php\/product\/ap-wifi-tp-link-range-extender-powerline-av60\/#breadcrumb"},"inLanguage":"pt-PT","potentialAction":[{"@type":"ReadAction","target":["https:\/\/cyberlogics.ao\/index.php\/product\/ap-wifi-tp-link-range-extender-powerline-av60\/"]}]},{"@type":"ImageObject","inLanguage":"pt-PT","@id":"https:\/\/cyberlogics.ao\/index.php\/product\/ap-wifi-tp-link-range-extender-powerline-av60\/#primaryimage","url":"https:\/\/cyberlogics.ao\/wp-content\/uploads\/2023\/05\/61OqhwE5AjL.jpg","contentUrl":"https:\/\/cyberlogics.ao\/wp-content\/uploads\/2023\/05\/61OqhwE5AjL.jpg","width":1000,"height":1000},{"@type":"BreadcrumbList","@id":"https:\/\/cyberlogics.ao\/index.php\/product\/ap-wifi-tp-link-range-extender-powerline-av60\/#breadcrumb","itemListElement":[{"@type":"ListItem","position":1,"name":"In\u00edcio","item":"https:\/\/cyberlogics.ao\/"},{"@type":"ListItem","position":2,"name":"Produtos","item":"https:\/\/cyberlogics.ao\/index.php\/shop-2\/"},{"@type":"ListItem","position":3,"name":"AP WIFI TP-LINK RANGE EXTENDER POWERLINE AV60"}]},{"@type":"WebSite","@id":"https:\/\/cyberlogics.ao\/#website","url":"https:\/\/cyberlogics.ao\/","name":"Cyberlogics Technologies Angola","description":"Loja Online de Licen\u00e7as de Softwares e Inform\u00e1tica","publisher":{"@id":"https:\/\/cyberlogics.ao\/#organization"},"potentialAction":[{"@type":"SearchAction","target":{"@type":"EntryPoint","urlTemplate":"https:\/\/cyberlogics.ao\/?s={search_term_string}"},"query-input":{"@type":"PropertyValueSpecification","valueRequired":true,"valueName":"search_term_string"}}],"inLanguage":"pt-PT"},{"@type":"Organization","@id":"https:\/\/cyberlogics.ao\/#organization","name":"Cyberlogics Ao Technologies - Loja Online de Licen\u00e7as de Softwares e Inform\u00e1tica","url":"https:\/\/cyberlogics.ao\/","logo":{"@type":"ImageObject","inLanguage":"pt-PT","@id":"https:\/\/cyberlogics.ao\/#\/schema\/logo\/image\/","url":"https:\/\/cyberlogics.ao\/wp-content\/uploads\/2022\/04\/CT-logo.png","contentUrl":"https:\/\/cyberlogics.ao\/wp-content\/uploads\/2022\/04\/CT-logo.png","width":190,"height":75,"caption":"Cyberlogics Ao Technologies - Loja Online de Licen\u00e7as de Softwares e Inform\u00e1tica"},"image":{"@id":"https:\/\/cyberlogics.ao\/#\/schema\/logo\/image\/"}}]}},"_links":{"self":[{"href":"https:\/\/cyberlogics.ao\/index.php\/wp-json\/wp\/v2\/product\/7427","targetHints":{"allow":["GET"]}}],"collection":[{"href":"https:\/\/cyberlogics.ao\/index.php\/wp-json\/wp\/v2\/product"}],"about":[{"href":"https:\/\/cyberlogics.ao\/index.php\/wp-json\/wp\/v2\/types\/product"}],"replies":[{"embeddable":true,"href":"https:\/\/cyberlogics.ao\/index.php\/wp-json\/wp\/v2\/comments?post=7427"}],"wp:featuredmedia":[{"embeddable":true,"href":"https:\/\/cyberlogics.ao\/index.php\/wp-json\/wp\/v2\/media\/7428"}],"wp:attachment":[{"href":"https:\/\/cyberlogics.ao\/index.php\/wp-json\/wp\/v2\/media?parent=7427"}],"wp:term":[{"taxonomy":"product_brand","embeddable":true,"href":"https:\/\/cyberlogics.ao\/index.php\/wp-json\/wp\/v2\/product_brand?post=7427"},{"taxonomy":"product_cat","embeddable":true,"href":"https:\/\/cyberlogics.ao\/index.php\/wp-json\/wp\/v2\/product_cat?post=7427"},{"taxonomy":"product_tag","embeddable":true,"href":"https:\/\/cyberlogics.ao\/index.php\/wp-json\/wp\/v2\/product_tag?post=7427"}],"curies":[{"name":"wp","href":"https:\/\/api.w.org\/{rel}","templated":true}]}}