{"id":7443,"date":"2023-06-05T13:18:59","date_gmt":"2023-06-05T13:18:59","guid":{"rendered":"https:\/\/cyberlogics.ao\/?post_type=product&#038;p=7443"},"modified":"2023-06-05T13:18:59","modified_gmt":"2023-06-05T13:18:59","slug":"disco-duro-externo-2-5-1tb-transcend-preto","status":"publish","type":"product","link":"https:\/\/cyberlogics.ao\/index.php\/product\/disco-duro-externo-2-5-1tb-transcend-preto\/","title":{"rendered":"DISCO DURO EXTERNO 2.5 1TB TRANSCEND PRETO"},"content":{"rendered":"<h1 class=\"product_title entry-title\">DISCO DURO EXTERNO 2.5 1TB TRANSCEND PRETO<\/h1>\n<p><strong>DISCO R\u00cdGIDO TRANSCEND STOREJET A3 USB 3.0 DE 1 TB (TS1TSJ25A3K)<\/strong><\/p>\n<ul>\n<li><strong>Armazene E Fa\u00e7a Backup De Seus Dados Com Um Disco R\u00edgido Transcend\u00a0<\/strong><strong>Compat\u00edvel Com Super Speed \u200b\u200bUSB 3.0 E Retrocompat\u00edvel Com USB 2.0<\/strong><\/li>\n<li><strong>Sistema Avan\u00e7ado De Suspens\u00e3o De Disco R\u00edgido Interno\u00a0<\/strong><strong>Elegante, Dur\u00e1vel E Resistente A Choques\u00a0<\/strong><strong>Bot\u00e3o De Reconex\u00e3o R\u00e1pida \u2013 Reative O Disco R\u00edgido USB Removido Com Seguran\u00e7a Sem Desconectar E Reinserir. Bot\u00e3o De Backup Autom\u00e1tico Com Um Toque. Criptografia De Arquivos E Pastas AES De 266 Bits. Software Exclusivo De Gerenciamento De Dados Transcend Elite<\/strong><\/li>\n<\/ul>\n<p><strong>\u00a0<\/strong><\/p>\n<p><strong>NOME DO PRODUTO UNIDADE DE DISCO R\u00cdGIDO PORT\u00c1TIL DE 1 TB USB 3.0 2,5 POLEGADAS (SJ 25A3)<\/strong><\/p>\n<p><strong>N\u00daMERO DA PE\u00c7A DO FABRICANTE TS1TSJ25A3K<\/strong><\/p>\n<p><strong>TIPO DE PRODUTO DISCO R\u00cdGIDO<\/strong><\/p>\n<p><strong>PRODUCT FAMILY STOREJET<\/strong><\/p>\n<p><strong>INTERFACE DE UNIDADE SATA<\/strong><\/p>\n<p><strong>TIPO DE UNIDADE EXTERNA PORT\u00c1TIL<\/strong><\/p>\n<p><strong>ROBUSTO SIM<\/strong><\/p>\n<p><strong>COR PRETA<\/strong><\/p>\n<p><strong>TIPO DE UNIDADE EXTERNA<\/strong><\/p>\n<p><strong>FATOR DE FORMA 2,5 \u201c<\/strong><\/p>\n<p><strong>CAPACIDADE DE ARMAZENAMENTO 1 TB<\/strong><\/p>\n<p><strong>INTERFACE DE HOST USB 3.0<\/strong><\/p>\n<p><strong>ALTURA 0,6 \u201c<\/strong><\/p>\n<p><strong>LARGURA 3,2 \u201c<\/strong><\/p>\n<p><strong>PROFUNDIDADE 5,1 \u201c<\/strong><\/p>\n<p><strong>MODELO DO PRODUTO 25A3<\/strong><\/p>\n<p><strong>LINHA DE PRODUTOS STOREJET<\/strong><\/p>\n<p><strong>MAC COMPAT\u00cdVEL COM PLATAFORMA<\/strong><\/p>\n<p><strong>PC<\/strong><\/p>\n<p><strong>TAXA M\u00c1XIMA DE TRANSFER\u00caNCIA DE DADOS EXTERNOS 5120 MB \/ S (40 GBIT \/ S)<\/strong><\/p>\n<p><strong>BUS ALIMENTADO SIM<\/strong><\/p>\n<p><strong>PINO SATA DE 7 PINOS<\/strong><\/p>\n","protected":false},"excerpt":{"rendered":"<p>DISCO DURO EXTERNO 2.5 1TB TRANSCEND PRETO DISCO R\u00cdGIDO TRANSCEND STOREJET A3 USB 3.0 DE 1 TB (TS1TSJ25A3K) Armazene E Fa\u00e7a Backup De Seus Dados Com Um Disco R\u00edgido Transcend\u00a0Compat\u00edvel<\/p>\n","protected":false},"featured_media":7444,"comment_status":"open","ping_status":"closed","template":"","meta":{"_joinchat":[]},"product_brand":[],"product_cat":[235,259],"product_tag":[],"class_list":{"0":"post-7443","1":"product","2":"type-product","3":"status-publish","4":"has-post-thumbnail","6":"product_cat-armazenamento","7":"product_cat-hd","9":"first","10":"instock","11":"shipping-taxable","12":"purchasable","13":"product-type-simple"},"yoast_head":"<!-- This site is optimized with the Yoast SEO plugin v27.4 - https:\/\/yoast.com\/product\/yoast-seo-wordpress\/ -->\n<title>DISCO DURO EXTERNO 2.5 1TB TRANSCEND PRETO - Cyberlogics Technologies Angola<\/title>\n<meta name=\"description\" content=\"A Maior Loja Online de Angola de Licen\u00e7as Microsoft Office | Chaves Sistemas Operativos Windows | Antiv\u00edrus | Cloud Adobe | Inform\u00e1tica &amp; Servidores | Softwares de Gest\u00e3o ERP | Gaming Hardware | UPS e Baterias &amp; Muito Mais...\" \/>\n<meta name=\"robots\" content=\"index, follow, max-snippet:-1, max-image-preview:large, max-video-preview:-1\" \/>\n<link rel=\"canonical\" href=\"https:\/\/cyberlogics.ao\/index.php\/product\/disco-duro-externo-2-5-1tb-transcend-preto\/\" \/>\n<meta property=\"og:locale\" content=\"pt_PT\" \/>\n<meta property=\"og:type\" content=\"article\" \/>\n<meta property=\"og:title\" content=\"DISCO DURO EXTERNO 2.5 1TB TRANSCEND PRETO - Cyberlogics Technologies Angola\" \/>\n<meta property=\"og:description\" content=\"A Maior Loja Online de Angola de Licen\u00e7as Microsoft Office | Chaves Sistemas Operativos Windows | Antiv\u00edrus | Cloud Adobe | Inform\u00e1tica &amp; Servidores | Softwares de Gest\u00e3o ERP | Gaming Hardware | UPS e Baterias &amp; Muito Mais...\" \/>\n<meta property=\"og:url\" content=\"https:\/\/cyberlogics.ao\/index.php\/product\/disco-duro-externo-2-5-1tb-transcend-preto\/\" \/>\n<meta property=\"og:site_name\" content=\"Cyberlogics Technologies Angola\" \/>\n<meta property=\"og:image\" content=\"http:\/\/cyberlogics.ao\/wp-content\/uploads\/2023\/06\/transferir-41-1.jpg\" \/>\n\t<meta property=\"og:image:width\" content=\"225\" \/>\n\t<meta property=\"og:image:height\" content=\"225\" \/>\n\t<meta property=\"og:image:type\" content=\"image\/jpeg\" \/>\n<meta name=\"twitter:card\" content=\"summary_large_image\" \/>\n<meta name=\"twitter:label1\" content=\"Tempo estimado de leitura\" \/>\n\t<meta name=\"twitter:data1\" content=\"2 minutos\" \/>\n<script type=\"application\/ld+json\" class=\"yoast-schema-graph\">{\"@context\":\"https:\\\/\\\/schema.org\",\"@graph\":[{\"@type\":\"WebPage\",\"@id\":\"https:\\\/\\\/cyberlogics.ao\\\/index.php\\\/product\\\/disco-duro-externo-2-5-1tb-transcend-preto\\\/\",\"url\":\"https:\\\/\\\/cyberlogics.ao\\\/index.php\\\/product\\\/disco-duro-externo-2-5-1tb-transcend-preto\\\/\",\"name\":\"DISCO DURO EXTERNO 2.5 1TB TRANSCEND PRETO - Cyberlogics Technologies Angola\",\"isPartOf\":{\"@id\":\"https:\\\/\\\/cyberlogics.ao\\\/#website\"},\"primaryImageOfPage\":{\"@id\":\"https:\\\/\\\/cyberlogics.ao\\\/index.php\\\/product\\\/disco-duro-externo-2-5-1tb-transcend-preto\\\/#primaryimage\"},\"image\":{\"@id\":\"https:\\\/\\\/cyberlogics.ao\\\/index.php\\\/product\\\/disco-duro-externo-2-5-1tb-transcend-preto\\\/#primaryimage\"},\"thumbnailUrl\":\"https:\\\/\\\/cyberlogics.ao\\\/wp-content\\\/uploads\\\/2023\\\/06\\\/transferir-41-1.jpg\",\"datePublished\":\"2023-06-05T13:18:59+00:00\",\"description\":\"A Maior Loja Online de Angola de Licen\u00e7as Microsoft Office | Chaves Sistemas Operativos Windows | Antiv\u00edrus | Cloud Adobe | Inform\u00e1tica & Servidores | Softwares de Gest\u00e3o ERP | Gaming Hardware | UPS e Baterias & Muito Mais...\",\"breadcrumb\":{\"@id\":\"https:\\\/\\\/cyberlogics.ao\\\/index.php\\\/product\\\/disco-duro-externo-2-5-1tb-transcend-preto\\\/#breadcrumb\"},\"inLanguage\":\"pt-PT\",\"potentialAction\":[{\"@type\":\"ReadAction\",\"target\":[\"https:\\\/\\\/cyberlogics.ao\\\/index.php\\\/product\\\/disco-duro-externo-2-5-1tb-transcend-preto\\\/\"]}]},{\"@type\":\"ImageObject\",\"inLanguage\":\"pt-PT\",\"@id\":\"https:\\\/\\\/cyberlogics.ao\\\/index.php\\\/product\\\/disco-duro-externo-2-5-1tb-transcend-preto\\\/#primaryimage\",\"url\":\"https:\\\/\\\/cyberlogics.ao\\\/wp-content\\\/uploads\\\/2023\\\/06\\\/transferir-41-1.jpg\",\"contentUrl\":\"https:\\\/\\\/cyberlogics.ao\\\/wp-content\\\/uploads\\\/2023\\\/06\\\/transferir-41-1.jpg\",\"width\":225,\"height\":225},{\"@type\":\"BreadcrumbList\",\"@id\":\"https:\\\/\\\/cyberlogics.ao\\\/index.php\\\/product\\\/disco-duro-externo-2-5-1tb-transcend-preto\\\/#breadcrumb\",\"itemListElement\":[{\"@type\":\"ListItem\",\"position\":1,\"name\":\"In\u00edcio\",\"item\":\"https:\\\/\\\/cyberlogics.ao\\\/\"},{\"@type\":\"ListItem\",\"position\":2,\"name\":\"Produtos\",\"item\":\"https:\\\/\\\/cyberlogics.ao\\\/index.php\\\/shop-2\\\/\"},{\"@type\":\"ListItem\",\"position\":3,\"name\":\"DISCO DURO EXTERNO 2.5 1TB TRANSCEND PRETO\"}]},{\"@type\":\"WebSite\",\"@id\":\"https:\\\/\\\/cyberlogics.ao\\\/#website\",\"url\":\"https:\\\/\\\/cyberlogics.ao\\\/\",\"name\":\"Cyberlogics Technologies Angola\",\"description\":\"Loja Online de Licen\u00e7as de Softwares e Inform\u00e1tica\",\"publisher\":{\"@id\":\"https:\\\/\\\/cyberlogics.ao\\\/#organization\"},\"potentialAction\":[{\"@type\":\"SearchAction\",\"target\":{\"@type\":\"EntryPoint\",\"urlTemplate\":\"https:\\\/\\\/cyberlogics.ao\\\/?s={search_term_string}\"},\"query-input\":{\"@type\":\"PropertyValueSpecification\",\"valueRequired\":true,\"valueName\":\"search_term_string\"}}],\"inLanguage\":\"pt-PT\"},{\"@type\":\"Organization\",\"@id\":\"https:\\\/\\\/cyberlogics.ao\\\/#organization\",\"name\":\"Cyberlogics Ao Technologies - Loja Online de Licen\u00e7as de Softwares e Inform\u00e1tica\",\"url\":\"https:\\\/\\\/cyberlogics.ao\\\/\",\"logo\":{\"@type\":\"ImageObject\",\"inLanguage\":\"pt-PT\",\"@id\":\"https:\\\/\\\/cyberlogics.ao\\\/#\\\/schema\\\/logo\\\/image\\\/\",\"url\":\"https:\\\/\\\/cyberlogics.ao\\\/wp-content\\\/uploads\\\/2022\\\/04\\\/CT-logo.png\",\"contentUrl\":\"https:\\\/\\\/cyberlogics.ao\\\/wp-content\\\/uploads\\\/2022\\\/04\\\/CT-logo.png\",\"width\":190,\"height\":75,\"caption\":\"Cyberlogics Ao Technologies - Loja Online de Licen\u00e7as de Softwares e Inform\u00e1tica\"},\"image\":{\"@id\":\"https:\\\/\\\/cyberlogics.ao\\\/#\\\/schema\\\/logo\\\/image\\\/\"}}]}<\/script>\n<!-- \/ Yoast SEO plugin. -->","yoast_head_json":{"title":"DISCO DURO EXTERNO 2.5 1TB TRANSCEND PRETO - Cyberlogics Technologies Angola","description":"A Maior Loja Online de Angola de Licen\u00e7as Microsoft Office | Chaves Sistemas Operativos Windows | Antiv\u00edrus | Cloud Adobe | Inform\u00e1tica & Servidores | Softwares de Gest\u00e3o ERP | Gaming Hardware | UPS e Baterias & Muito Mais...","robots":{"index":"index","follow":"follow","max-snippet":"max-snippet:-1","max-image-preview":"max-image-preview:large","max-video-preview":"max-video-preview:-1"},"canonical":"https:\/\/cyberlogics.ao\/index.php\/product\/disco-duro-externo-2-5-1tb-transcend-preto\/","og_locale":"pt_PT","og_type":"article","og_title":"DISCO DURO EXTERNO 2.5 1TB TRANSCEND PRETO - Cyberlogics Technologies Angola","og_description":"A Maior Loja Online de Angola de Licen\u00e7as Microsoft Office | Chaves Sistemas Operativos Windows | Antiv\u00edrus | Cloud Adobe | Inform\u00e1tica & Servidores | Softwares de Gest\u00e3o ERP | Gaming Hardware | UPS e Baterias & Muito Mais...","og_url":"https:\/\/cyberlogics.ao\/index.php\/product\/disco-duro-externo-2-5-1tb-transcend-preto\/","og_site_name":"Cyberlogics Technologies Angola","og_image":[{"width":225,"height":225,"url":"http:\/\/cyberlogics.ao\/wp-content\/uploads\/2023\/06\/transferir-41-1.jpg","type":"image\/jpeg"}],"twitter_card":"summary_large_image","twitter_misc":{"Tempo estimado de leitura":"2 minutos"},"schema":{"@context":"https:\/\/schema.org","@graph":[{"@type":"WebPage","@id":"https:\/\/cyberlogics.ao\/index.php\/product\/disco-duro-externo-2-5-1tb-transcend-preto\/","url":"https:\/\/cyberlogics.ao\/index.php\/product\/disco-duro-externo-2-5-1tb-transcend-preto\/","name":"DISCO DURO EXTERNO 2.5 1TB TRANSCEND PRETO - Cyberlogics Technologies Angola","isPartOf":{"@id":"https:\/\/cyberlogics.ao\/#website"},"primaryImageOfPage":{"@id":"https:\/\/cyberlogics.ao\/index.php\/product\/disco-duro-externo-2-5-1tb-transcend-preto\/#primaryimage"},"image":{"@id":"https:\/\/cyberlogics.ao\/index.php\/product\/disco-duro-externo-2-5-1tb-transcend-preto\/#primaryimage"},"thumbnailUrl":"https:\/\/cyberlogics.ao\/wp-content\/uploads\/2023\/06\/transferir-41-1.jpg","datePublished":"2023-06-05T13:18:59+00:00","description":"A Maior Loja Online de Angola de Licen\u00e7as Microsoft Office | Chaves Sistemas Operativos Windows | Antiv\u00edrus | Cloud Adobe | Inform\u00e1tica & Servidores | Softwares de Gest\u00e3o ERP | Gaming Hardware | UPS e Baterias & Muito Mais...","breadcrumb":{"@id":"https:\/\/cyberlogics.ao\/index.php\/product\/disco-duro-externo-2-5-1tb-transcend-preto\/#breadcrumb"},"inLanguage":"pt-PT","potentialAction":[{"@type":"ReadAction","target":["https:\/\/cyberlogics.ao\/index.php\/product\/disco-duro-externo-2-5-1tb-transcend-preto\/"]}]},{"@type":"ImageObject","inLanguage":"pt-PT","@id":"https:\/\/cyberlogics.ao\/index.php\/product\/disco-duro-externo-2-5-1tb-transcend-preto\/#primaryimage","url":"https:\/\/cyberlogics.ao\/wp-content\/uploads\/2023\/06\/transferir-41-1.jpg","contentUrl":"https:\/\/cyberlogics.ao\/wp-content\/uploads\/2023\/06\/transferir-41-1.jpg","width":225,"height":225},{"@type":"BreadcrumbList","@id":"https:\/\/cyberlogics.ao\/index.php\/product\/disco-duro-externo-2-5-1tb-transcend-preto\/#breadcrumb","itemListElement":[{"@type":"ListItem","position":1,"name":"In\u00edcio","item":"https:\/\/cyberlogics.ao\/"},{"@type":"ListItem","position":2,"name":"Produtos","item":"https:\/\/cyberlogics.ao\/index.php\/shop-2\/"},{"@type":"ListItem","position":3,"name":"DISCO DURO EXTERNO 2.5 1TB TRANSCEND PRETO"}]},{"@type":"WebSite","@id":"https:\/\/cyberlogics.ao\/#website","url":"https:\/\/cyberlogics.ao\/","name":"Cyberlogics Technologies Angola","description":"Loja Online de Licen\u00e7as de Softwares e Inform\u00e1tica","publisher":{"@id":"https:\/\/cyberlogics.ao\/#organization"},"potentialAction":[{"@type":"SearchAction","target":{"@type":"EntryPoint","urlTemplate":"https:\/\/cyberlogics.ao\/?s={search_term_string}"},"query-input":{"@type":"PropertyValueSpecification","valueRequired":true,"valueName":"search_term_string"}}],"inLanguage":"pt-PT"},{"@type":"Organization","@id":"https:\/\/cyberlogics.ao\/#organization","name":"Cyberlogics Ao Technologies - Loja Online de Licen\u00e7as de Softwares e Inform\u00e1tica","url":"https:\/\/cyberlogics.ao\/","logo":{"@type":"ImageObject","inLanguage":"pt-PT","@id":"https:\/\/cyberlogics.ao\/#\/schema\/logo\/image\/","url":"https:\/\/cyberlogics.ao\/wp-content\/uploads\/2022\/04\/CT-logo.png","contentUrl":"https:\/\/cyberlogics.ao\/wp-content\/uploads\/2022\/04\/CT-logo.png","width":190,"height":75,"caption":"Cyberlogics Ao Technologies - Loja Online de Licen\u00e7as de Softwares e Inform\u00e1tica"},"image":{"@id":"https:\/\/cyberlogics.ao\/#\/schema\/logo\/image\/"}}]}},"_links":{"self":[{"href":"https:\/\/cyberlogics.ao\/index.php\/wp-json\/wp\/v2\/product\/7443","targetHints":{"allow":["GET"]}}],"collection":[{"href":"https:\/\/cyberlogics.ao\/index.php\/wp-json\/wp\/v2\/product"}],"about":[{"href":"https:\/\/cyberlogics.ao\/index.php\/wp-json\/wp\/v2\/types\/product"}],"replies":[{"embeddable":true,"href":"https:\/\/cyberlogics.ao\/index.php\/wp-json\/wp\/v2\/comments?post=7443"}],"wp:featuredmedia":[{"embeddable":true,"href":"https:\/\/cyberlogics.ao\/index.php\/wp-json\/wp\/v2\/media\/7444"}],"wp:attachment":[{"href":"https:\/\/cyberlogics.ao\/index.php\/wp-json\/wp\/v2\/media?parent=7443"}],"wp:term":[{"taxonomy":"product_brand","embeddable":true,"href":"https:\/\/cyberlogics.ao\/index.php\/wp-json\/wp\/v2\/product_brand?post=7443"},{"taxonomy":"product_cat","embeddable":true,"href":"https:\/\/cyberlogics.ao\/index.php\/wp-json\/wp\/v2\/product_cat?post=7443"},{"taxonomy":"product_tag","embeddable":true,"href":"https:\/\/cyberlogics.ao\/index.php\/wp-json\/wp\/v2\/product_tag?post=7443"}],"curies":[{"name":"wp","href":"https:\/\/api.w.org\/{rel}","templated":true}]}}