{"id":7451,"date":"2023-06-05T13:39:58","date_gmt":"2023-06-05T13:39:58","guid":{"rendered":"https:\/\/cyberlogics.ao\/?post_type=product&#038;p=7451"},"modified":"2023-06-05T13:39:58","modified_gmt":"2023-06-05T13:39:58","slug":"hd-externo-2-5-1tb-transcend","status":"publish","type":"product","link":"https:\/\/cyberlogics.ao\/index.php\/product\/hd-externo-2-5-1tb-transcend\/","title":{"rendered":"HD EXTERNO 2.5 1TB TRANSCEND"},"content":{"rendered":"<h1 class=\"product_title entry-title\">HD EXTERNO 2.5 1TB TRANSCEND<\/h1>\n<pre class=\"tw-data-text tw-text-large XcVN5d tw-ta\" data-placeholder=\"Tradu\u00e7\u00e3o\"><span class=\"Y2IQFc\" lang=\"pt\">Tipo de disco r\u00edgido HDD\r\nModelo StoreJet 25H3\r\nInterno \/ Externo Externo\r\nCapacidade 1 TB\r\nDimens\u00f5es 131,8 x 80,8 x 19 mm\r\nComprimento 131,8 mm\r\nLargura 80,8 mm\r\nAltura 19mm\r\n<\/span><\/pre>\n<pre id=\"tw-target-text\" class=\"tw-data-text tw-text-large XcVN5d tw-ta\" data-placeholder=\"Tradu\u00e7\u00e3o\"><span class=\"Y2IQFc\" lang=\"pt\">Discos r\u00edgidos externos port\u00e1teis Transcend StoreJet\r\n\r\nOs discos r\u00edgidos externos port\u00e1teis StoreJet combinam o desempenho superior de USB 3.0 e amplo espa\u00e7o de armazenamento. Delgadas e leves em design, essas unidades oferecem durabilidade robusta, com defesa completa contra perda de dados resultante de choque acidental ou colis\u00e3o\r\n\r\n\r\nSistema avan\u00e7ado de prote\u00e7\u00e3o contra choque de tr\u00eas est\u00e1gios\r\nResist\u00eancia ao choque de n\u00edvel militar\r\nTotalmente compat\u00edvel com a especifica\u00e7\u00e3o Hi-Speed \u200b\u200bUSB 2.0\r\nCaixa externa de borracha anti-choque dur\u00e1vel\r\nBot\u00e3o de backup autom\u00e1tico com um toque **\r\nCriptografia de arquivos e pastas AES de 256 bits **\r\nO bot\u00e3o de reconex\u00e3o r\u00e1pida reativa a unidade de disco r\u00edgido USB removida com seguran\u00e7a sem desconectar e reinserir\r\nOferece download gratuito de Transcend Elite &amp; RecoverRx\r\nDisco R\u00edgido Externo Transcend 2TB USB 3.0\r\n\r\nResist\u00eancia ao choque de n\u00edvel militar\r\nCompat\u00edvel com Super Speed \u200b\u200bUSB 3.0 e retrocompat\u00edvel com USB 2.0\r\nSistema de prote\u00e7\u00e3o contra choque avan\u00e7ado de 3 est\u00e1gios com caixa externa de borracha anti-choque dur\u00e1vel\r\nSistema de suspens\u00e3o de disco r\u00edgido interno avan\u00e7ado\r\nBot\u00e3o de reconex\u00e3o r\u00e1pida \u2013 reative o disco r\u00edgido USB removido com seguran\u00e7a sem desconectar e reinserir\r\nBot\u00e3o de backup autom\u00e1tico com um toque criptografia AES de arquivos e pastas de 256 bits\r\nSoftware exclusivo de gerenciamento de dados Transcend Elite\r\n\r\n<\/span><\/pre>\n","protected":false},"excerpt":{"rendered":"<p>HD EXTERNO 2.5 1TB TRANSCEND Tipo de disco r\u00edgido HDD Modelo StoreJet 25H3 Interno \/ Externo Externo Capacidade 1 TB Dimens\u00f5es 131,8 x 80,8 x 19 mm Comprimento 131,8 mm<\/p>\n","protected":false},"featured_media":7452,"comment_status":"open","ping_status":"closed","template":"","meta":{"_joinchat":[]},"product_brand":[],"product_cat":[235,259],"product_tag":[],"class_list":{"0":"post-7451","1":"product","2":"type-product","3":"status-publish","4":"has-post-thumbnail","6":"product_cat-armazenamento","7":"product_cat-hd","9":"first","10":"instock","11":"shipping-taxable","12":"purchasable","13":"product-type-simple"},"yoast_head":"<!-- This site is optimized with the Yoast SEO plugin v27.4 - https:\/\/yoast.com\/product\/yoast-seo-wordpress\/ -->\n<title>HD EXTERNO 2.5 1TB TRANSCEND - Cyberlogics Technologies Angola<\/title>\n<meta name=\"description\" content=\"A Maior Loja Online de Angola de Licen\u00e7as Microsoft Office | Chaves Sistemas Operativos Windows | Antiv\u00edrus | Cloud Adobe | Inform\u00e1tica &amp; Servidores | Softwares de Gest\u00e3o ERP | Gaming Hardware | UPS e Baterias &amp; Muito Mais...\" \/>\n<meta name=\"robots\" content=\"index, follow, max-snippet:-1, max-image-preview:large, max-video-preview:-1\" \/>\n<link rel=\"canonical\" href=\"https:\/\/cyberlogics.ao\/index.php\/product\/hd-externo-2-5-1tb-transcend\/\" \/>\n<meta property=\"og:locale\" content=\"pt_PT\" \/>\n<meta property=\"og:type\" content=\"article\" \/>\n<meta property=\"og:title\" content=\"HD EXTERNO 2.5 1TB TRANSCEND - Cyberlogics Technologies Angola\" \/>\n<meta property=\"og:description\" content=\"A Maior Loja Online de Angola de Licen\u00e7as Microsoft Office | Chaves Sistemas Operativos Windows | Antiv\u00edrus | Cloud Adobe | Inform\u00e1tica &amp; Servidores | Softwares de Gest\u00e3o ERP | Gaming Hardware | UPS e Baterias &amp; Muito Mais...\" \/>\n<meta property=\"og:url\" content=\"https:\/\/cyberlogics.ao\/index.php\/product\/hd-externo-2-5-1tb-transcend\/\" \/>\n<meta property=\"og:site_name\" content=\"Cyberlogics Technologies Angola\" \/>\n<meta property=\"og:image\" content=\"http:\/\/cyberlogics.ao\/wp-content\/uploads\/2023\/06\/Disco-Rigido-Externo-Transcend-2TB-USB-3.0.jpg\" \/>\n\t<meta property=\"og:image:width\" content=\"800\" \/>\n\t<meta property=\"og:image:height\" content=\"800\" \/>\n\t<meta property=\"og:image:type\" content=\"image\/jpeg\" \/>\n<meta name=\"twitter:card\" content=\"summary_large_image\" \/>\n<meta name=\"twitter:label1\" content=\"Tempo estimado de leitura\" \/>\n\t<meta name=\"twitter:data1\" content=\"1 minuto\" \/>\n<script type=\"application\/ld+json\" class=\"yoast-schema-graph\">{\"@context\":\"https:\\\/\\\/schema.org\",\"@graph\":[{\"@type\":\"WebPage\",\"@id\":\"https:\\\/\\\/cyberlogics.ao\\\/index.php\\\/product\\\/hd-externo-2-5-1tb-transcend\\\/\",\"url\":\"https:\\\/\\\/cyberlogics.ao\\\/index.php\\\/product\\\/hd-externo-2-5-1tb-transcend\\\/\",\"name\":\"HD EXTERNO 2.5 1TB TRANSCEND - Cyberlogics Technologies Angola\",\"isPartOf\":{\"@id\":\"https:\\\/\\\/cyberlogics.ao\\\/#website\"},\"primaryImageOfPage\":{\"@id\":\"https:\\\/\\\/cyberlogics.ao\\\/index.php\\\/product\\\/hd-externo-2-5-1tb-transcend\\\/#primaryimage\"},\"image\":{\"@id\":\"https:\\\/\\\/cyberlogics.ao\\\/index.php\\\/product\\\/hd-externo-2-5-1tb-transcend\\\/#primaryimage\"},\"thumbnailUrl\":\"https:\\\/\\\/cyberlogics.ao\\\/wp-content\\\/uploads\\\/2023\\\/06\\\/Disco-Rigido-Externo-Transcend-2TB-USB-3.0.jpg\",\"datePublished\":\"2023-06-05T13:39:58+00:00\",\"description\":\"A Maior Loja Online de Angola de Licen\u00e7as Microsoft Office | Chaves Sistemas Operativos Windows | Antiv\u00edrus | Cloud Adobe | Inform\u00e1tica & Servidores | Softwares de Gest\u00e3o ERP | Gaming Hardware | UPS e Baterias & Muito Mais...\",\"breadcrumb\":{\"@id\":\"https:\\\/\\\/cyberlogics.ao\\\/index.php\\\/product\\\/hd-externo-2-5-1tb-transcend\\\/#breadcrumb\"},\"inLanguage\":\"pt-PT\",\"potentialAction\":[{\"@type\":\"ReadAction\",\"target\":[\"https:\\\/\\\/cyberlogics.ao\\\/index.php\\\/product\\\/hd-externo-2-5-1tb-transcend\\\/\"]}]},{\"@type\":\"ImageObject\",\"inLanguage\":\"pt-PT\",\"@id\":\"https:\\\/\\\/cyberlogics.ao\\\/index.php\\\/product\\\/hd-externo-2-5-1tb-transcend\\\/#primaryimage\",\"url\":\"https:\\\/\\\/cyberlogics.ao\\\/wp-content\\\/uploads\\\/2023\\\/06\\\/Disco-Rigido-Externo-Transcend-2TB-USB-3.0.jpg\",\"contentUrl\":\"https:\\\/\\\/cyberlogics.ao\\\/wp-content\\\/uploads\\\/2023\\\/06\\\/Disco-Rigido-Externo-Transcend-2TB-USB-3.0.jpg\",\"width\":800,\"height\":800},{\"@type\":\"BreadcrumbList\",\"@id\":\"https:\\\/\\\/cyberlogics.ao\\\/index.php\\\/product\\\/hd-externo-2-5-1tb-transcend\\\/#breadcrumb\",\"itemListElement\":[{\"@type\":\"ListItem\",\"position\":1,\"name\":\"In\u00edcio\",\"item\":\"https:\\\/\\\/cyberlogics.ao\\\/\"},{\"@type\":\"ListItem\",\"position\":2,\"name\":\"Produtos\",\"item\":\"https:\\\/\\\/cyberlogics.ao\\\/index.php\\\/shop-2\\\/\"},{\"@type\":\"ListItem\",\"position\":3,\"name\":\"HD EXTERNO 2.5 1TB TRANSCEND\"}]},{\"@type\":\"WebSite\",\"@id\":\"https:\\\/\\\/cyberlogics.ao\\\/#website\",\"url\":\"https:\\\/\\\/cyberlogics.ao\\\/\",\"name\":\"Cyberlogics Technologies Angola\",\"description\":\"Loja Online de Licen\u00e7as de Softwares e Inform\u00e1tica\",\"publisher\":{\"@id\":\"https:\\\/\\\/cyberlogics.ao\\\/#organization\"},\"potentialAction\":[{\"@type\":\"SearchAction\",\"target\":{\"@type\":\"EntryPoint\",\"urlTemplate\":\"https:\\\/\\\/cyberlogics.ao\\\/?s={search_term_string}\"},\"query-input\":{\"@type\":\"PropertyValueSpecification\",\"valueRequired\":true,\"valueName\":\"search_term_string\"}}],\"inLanguage\":\"pt-PT\"},{\"@type\":\"Organization\",\"@id\":\"https:\\\/\\\/cyberlogics.ao\\\/#organization\",\"name\":\"Cyberlogics Ao Technologies - Loja Online de Licen\u00e7as de Softwares e Inform\u00e1tica\",\"url\":\"https:\\\/\\\/cyberlogics.ao\\\/\",\"logo\":{\"@type\":\"ImageObject\",\"inLanguage\":\"pt-PT\",\"@id\":\"https:\\\/\\\/cyberlogics.ao\\\/#\\\/schema\\\/logo\\\/image\\\/\",\"url\":\"https:\\\/\\\/cyberlogics.ao\\\/wp-content\\\/uploads\\\/2022\\\/04\\\/CT-logo.png\",\"contentUrl\":\"https:\\\/\\\/cyberlogics.ao\\\/wp-content\\\/uploads\\\/2022\\\/04\\\/CT-logo.png\",\"width\":190,\"height\":75,\"caption\":\"Cyberlogics Ao Technologies - Loja Online de Licen\u00e7as de Softwares e Inform\u00e1tica\"},\"image\":{\"@id\":\"https:\\\/\\\/cyberlogics.ao\\\/#\\\/schema\\\/logo\\\/image\\\/\"}}]}<\/script>\n<!-- \/ Yoast SEO plugin. -->","yoast_head_json":{"title":"HD EXTERNO 2.5 1TB TRANSCEND - Cyberlogics Technologies Angola","description":"A Maior Loja Online de Angola de Licen\u00e7as Microsoft Office | Chaves Sistemas Operativos Windows | Antiv\u00edrus | Cloud Adobe | Inform\u00e1tica & Servidores | Softwares de Gest\u00e3o ERP | Gaming Hardware | UPS e Baterias & Muito Mais...","robots":{"index":"index","follow":"follow","max-snippet":"max-snippet:-1","max-image-preview":"max-image-preview:large","max-video-preview":"max-video-preview:-1"},"canonical":"https:\/\/cyberlogics.ao\/index.php\/product\/hd-externo-2-5-1tb-transcend\/","og_locale":"pt_PT","og_type":"article","og_title":"HD EXTERNO 2.5 1TB TRANSCEND - Cyberlogics Technologies Angola","og_description":"A Maior Loja Online de Angola de Licen\u00e7as Microsoft Office | Chaves Sistemas Operativos Windows | Antiv\u00edrus | Cloud Adobe | Inform\u00e1tica & Servidores | Softwares de Gest\u00e3o ERP | Gaming Hardware | UPS e Baterias & Muito Mais...","og_url":"https:\/\/cyberlogics.ao\/index.php\/product\/hd-externo-2-5-1tb-transcend\/","og_site_name":"Cyberlogics Technologies Angola","og_image":[{"width":800,"height":800,"url":"http:\/\/cyberlogics.ao\/wp-content\/uploads\/2023\/06\/Disco-Rigido-Externo-Transcend-2TB-USB-3.0.jpg","type":"image\/jpeg"}],"twitter_card":"summary_large_image","twitter_misc":{"Tempo estimado de leitura":"1 minuto"},"schema":{"@context":"https:\/\/schema.org","@graph":[{"@type":"WebPage","@id":"https:\/\/cyberlogics.ao\/index.php\/product\/hd-externo-2-5-1tb-transcend\/","url":"https:\/\/cyberlogics.ao\/index.php\/product\/hd-externo-2-5-1tb-transcend\/","name":"HD EXTERNO 2.5 1TB TRANSCEND - Cyberlogics Technologies Angola","isPartOf":{"@id":"https:\/\/cyberlogics.ao\/#website"},"primaryImageOfPage":{"@id":"https:\/\/cyberlogics.ao\/index.php\/product\/hd-externo-2-5-1tb-transcend\/#primaryimage"},"image":{"@id":"https:\/\/cyberlogics.ao\/index.php\/product\/hd-externo-2-5-1tb-transcend\/#primaryimage"},"thumbnailUrl":"https:\/\/cyberlogics.ao\/wp-content\/uploads\/2023\/06\/Disco-Rigido-Externo-Transcend-2TB-USB-3.0.jpg","datePublished":"2023-06-05T13:39:58+00:00","description":"A Maior Loja Online de Angola de Licen\u00e7as Microsoft Office | Chaves Sistemas Operativos Windows | Antiv\u00edrus | Cloud Adobe | Inform\u00e1tica & Servidores | Softwares de Gest\u00e3o ERP | Gaming Hardware | UPS e Baterias & Muito Mais...","breadcrumb":{"@id":"https:\/\/cyberlogics.ao\/index.php\/product\/hd-externo-2-5-1tb-transcend\/#breadcrumb"},"inLanguage":"pt-PT","potentialAction":[{"@type":"ReadAction","target":["https:\/\/cyberlogics.ao\/index.php\/product\/hd-externo-2-5-1tb-transcend\/"]}]},{"@type":"ImageObject","inLanguage":"pt-PT","@id":"https:\/\/cyberlogics.ao\/index.php\/product\/hd-externo-2-5-1tb-transcend\/#primaryimage","url":"https:\/\/cyberlogics.ao\/wp-content\/uploads\/2023\/06\/Disco-Rigido-Externo-Transcend-2TB-USB-3.0.jpg","contentUrl":"https:\/\/cyberlogics.ao\/wp-content\/uploads\/2023\/06\/Disco-Rigido-Externo-Transcend-2TB-USB-3.0.jpg","width":800,"height":800},{"@type":"BreadcrumbList","@id":"https:\/\/cyberlogics.ao\/index.php\/product\/hd-externo-2-5-1tb-transcend\/#breadcrumb","itemListElement":[{"@type":"ListItem","position":1,"name":"In\u00edcio","item":"https:\/\/cyberlogics.ao\/"},{"@type":"ListItem","position":2,"name":"Produtos","item":"https:\/\/cyberlogics.ao\/index.php\/shop-2\/"},{"@type":"ListItem","position":3,"name":"HD EXTERNO 2.5 1TB TRANSCEND"}]},{"@type":"WebSite","@id":"https:\/\/cyberlogics.ao\/#website","url":"https:\/\/cyberlogics.ao\/","name":"Cyberlogics Technologies Angola","description":"Loja Online de Licen\u00e7as de Softwares e Inform\u00e1tica","publisher":{"@id":"https:\/\/cyberlogics.ao\/#organization"},"potentialAction":[{"@type":"SearchAction","target":{"@type":"EntryPoint","urlTemplate":"https:\/\/cyberlogics.ao\/?s={search_term_string}"},"query-input":{"@type":"PropertyValueSpecification","valueRequired":true,"valueName":"search_term_string"}}],"inLanguage":"pt-PT"},{"@type":"Organization","@id":"https:\/\/cyberlogics.ao\/#organization","name":"Cyberlogics Ao Technologies - Loja Online de Licen\u00e7as de Softwares e Inform\u00e1tica","url":"https:\/\/cyberlogics.ao\/","logo":{"@type":"ImageObject","inLanguage":"pt-PT","@id":"https:\/\/cyberlogics.ao\/#\/schema\/logo\/image\/","url":"https:\/\/cyberlogics.ao\/wp-content\/uploads\/2022\/04\/CT-logo.png","contentUrl":"https:\/\/cyberlogics.ao\/wp-content\/uploads\/2022\/04\/CT-logo.png","width":190,"height":75,"caption":"Cyberlogics Ao Technologies - Loja Online de Licen\u00e7as de Softwares e Inform\u00e1tica"},"image":{"@id":"https:\/\/cyberlogics.ao\/#\/schema\/logo\/image\/"}}]}},"_links":{"self":[{"href":"https:\/\/cyberlogics.ao\/index.php\/wp-json\/wp\/v2\/product\/7451","targetHints":{"allow":["GET"]}}],"collection":[{"href":"https:\/\/cyberlogics.ao\/index.php\/wp-json\/wp\/v2\/product"}],"about":[{"href":"https:\/\/cyberlogics.ao\/index.php\/wp-json\/wp\/v2\/types\/product"}],"replies":[{"embeddable":true,"href":"https:\/\/cyberlogics.ao\/index.php\/wp-json\/wp\/v2\/comments?post=7451"}],"wp:featuredmedia":[{"embeddable":true,"href":"https:\/\/cyberlogics.ao\/index.php\/wp-json\/wp\/v2\/media\/7452"}],"wp:attachment":[{"href":"https:\/\/cyberlogics.ao\/index.php\/wp-json\/wp\/v2\/media?parent=7451"}],"wp:term":[{"taxonomy":"product_brand","embeddable":true,"href":"https:\/\/cyberlogics.ao\/index.php\/wp-json\/wp\/v2\/product_brand?post=7451"},{"taxonomy":"product_cat","embeddable":true,"href":"https:\/\/cyberlogics.ao\/index.php\/wp-json\/wp\/v2\/product_cat?post=7451"},{"taxonomy":"product_tag","embeddable":true,"href":"https:\/\/cyberlogics.ao\/index.php\/wp-json\/wp\/v2\/product_tag?post=7451"}],"curies":[{"name":"wp","href":"https:\/\/api.w.org\/{rel}","templated":true}]}}