{"id":7457,"date":"2023-06-05T13:49:24","date_gmt":"2023-06-05T13:49:24","guid":{"rendered":"https:\/\/cyberlogics.ao\/?post_type=product&#038;p=7457"},"modified":"2024-08-09T10:29:01","modified_gmt":"2024-08-09T10:29:01","slug":"hd-externo-2-5-2tb-wd-usb-3-0-usb-portatil","status":"publish","type":"product","link":"https:\/\/cyberlogics.ao\/index.php\/product\/hd-externo-2-5-2tb-wd-usb-3-0-usb-portatil\/","title":{"rendered":"HD EXTERNO 2.5 2TB WD USB 3.0 USB PORT\u00c1TIL"},"content":{"rendered":"<p>HD EXTERNO 2.5 2TB WD USB 3.0 USB PORT\u00c1TIL<\/p>\n<p><strong>Disco R\u00edgido Externo WD 2TB Elements \u2013 USB 3.0 \u2013 WDBU6Y0020BBK-WESN<\/strong><\/p>\n<ul>\n<li><strong>Capacidade De Armazenamento De 2 TB\u00a0<\/strong><strong>Compatibilidade Com USB 3.0 E USB 2.0<\/strong><\/li>\n<li><strong>Armazenamento Extra Para Suas Fotos, V\u00eddeos, M\u00fasicas E Arquivos<\/strong><\/li>\n<li><strong>Formatado Para Windows 8, 7, Vista E XP;\u00a0Reformate Facilmente A Unidade Para Mac<\/strong><\/li>\n<li><strong>Qualidade E Confiabilidade WD<\/strong><\/li>\n<li><strong>Temperatura Operacional De 5 Graus Celsius A 35 Graus Celsius<\/strong><\/li>\n<\/ul>\n<p>&nbsp;<\/p>\n<p><strong>Especifica\u00e7\u00f5es: Marca: Western Digital Nome: WD Elementos Modelo: WDBU6Y0020BBK Capacidade De Armazenamento: 500G, 1TB, 2TB (Opcional) Conex\u00e3o: USB 3.0 Tamanho Do Disco R\u00edgido: 2,5 Polegadas Material Da Carca\u00e7a: Pl\u00e1stico Tamanho Do Item: 11 * 8.2 * 1,7cm \/ 4,33 * 3,22 * 0,66in (L * A) Peso Do Item: 230g \/ 8,12oz Tamanho Do Pacote: 14,2 * 12,2 * 4,2cm \/ 5,59 * 4,80 * 1,80 * 1,65po (L * A) Peso Da Embalagem: 250g \/ 8.82oz Lista De Pacotes: 1 * Disco R\u00edgido Port\u00e1til 1 * Cabo USB 3.0 1 * Manual Do Usu\u00e1rio (26 Idiomas) Nota: Entrega Aleat\u00f3ria *** ************************************************* Descri\u00e7\u00e3o: WD Os Discos R\u00edgidos Port\u00e1teis Elements Com USB 3.0 Oferecem Armazenamento Confi\u00e1vel De Alta Capacidade, Taxas De Transfer\u00eancia De Dados Ultrarr\u00e1pidas E Conectividade Universal Com Dispositivos USB 2.0 E USB 3.0. O Gabinete Pequeno E Leve Apresenta Grande Capacidade E Qualidade E Confiabilidade WD. Inclui Uma Avalia\u00e7\u00e3o Gratuita Do Software De Backup WD Smartware Pro Para Backup Local E Na Nuvem.<\/strong><\/p>\n","protected":false},"excerpt":{"rendered":"<p>HD EXTERNO 2.5 2TB WD USB 3.0 USB PORT\u00c1TIL Disco R\u00edgido Externo WD 2TB Elements \u2013 USB 3.0 \u2013 WDBU6Y0020BBK-WESN Capacidade De Armazenamento De 2 TB\u00a0Compatibilidade Com USB 3.0 E<\/p>\n","protected":false},"featured_media":7458,"comment_status":"open","ping_status":"closed","template":"","meta":{"_joinchat":[]},"product_brand":[],"product_cat":[235,259],"product_tag":[],"class_list":{"0":"post-7457","1":"product","2":"type-product","3":"status-publish","4":"has-post-thumbnail","6":"product_cat-armazenamento","7":"product_cat-hd","9":"first","10":"instock","11":"shipping-taxable","12":"purchasable","13":"product-type-simple"},"yoast_head":"<!-- This site is optimized with the Yoast SEO plugin v27.4 - https:\/\/yoast.com\/product\/yoast-seo-wordpress\/ -->\n<title>HD EXTERNO 2.5 2TB WD USB 3.0 USB PORT\u00c1TIL - Cyberlogics Technologies Angola<\/title>\n<meta name=\"description\" content=\"A Maior Loja Online de Angola de Licen\u00e7as Microsoft Office | Chaves Sistemas Operativos Windows | Antiv\u00edrus | Cloud Adobe | Inform\u00e1tica &amp; Servidores | Softwares de Gest\u00e3o ERP | Gaming Hardware | UPS e Baterias &amp; Muito Mais...\" \/>\n<meta name=\"robots\" content=\"index, follow, max-snippet:-1, max-image-preview:large, max-video-preview:-1\" \/>\n<link rel=\"canonical\" href=\"https:\/\/cyberlogics.ao\/index.php\/product\/hd-externo-2-5-2tb-wd-usb-3-0-usb-portatil\/\" \/>\n<meta property=\"og:locale\" content=\"pt_PT\" \/>\n<meta property=\"og:type\" content=\"article\" \/>\n<meta property=\"og:title\" content=\"HD EXTERNO 2.5 2TB WD USB 3.0 USB PORT\u00c1TIL - Cyberlogics Technologies Angola\" \/>\n<meta property=\"og:description\" content=\"A Maior Loja Online de Angola de Licen\u00e7as Microsoft Office | Chaves Sistemas Operativos Windows | Antiv\u00edrus | Cloud Adobe | Inform\u00e1tica &amp; Servidores | Softwares de Gest\u00e3o ERP | Gaming Hardware | UPS e Baterias &amp; Muito Mais...\" \/>\n<meta property=\"og:url\" content=\"https:\/\/cyberlogics.ao\/index.php\/product\/hd-externo-2-5-2tb-wd-usb-3-0-usb-portatil\/\" \/>\n<meta property=\"og:site_name\" content=\"Cyberlogics Technologies Angola\" \/>\n<meta property=\"article:modified_time\" content=\"2024-08-09T10:29:01+00:00\" \/>\n<meta property=\"og:image\" content=\"http:\/\/cyberlogics.ao\/wp-content\/uploads\/2023\/06\/goofy.webp\" \/>\n\t<meta property=\"og:image:width\" content=\"612\" \/>\n\t<meta property=\"og:image:height\" content=\"612\" \/>\n\t<meta property=\"og:image:type\" content=\"image\/webp\" \/>\n<meta name=\"twitter:card\" content=\"summary_large_image\" \/>\n<meta name=\"twitter:label1\" content=\"Tempo estimado de leitura\" \/>\n\t<meta name=\"twitter:data1\" content=\"1 minuto\" \/>\n<script type=\"application\/ld+json\" class=\"yoast-schema-graph\">{\"@context\":\"https:\\\/\\\/schema.org\",\"@graph\":[{\"@type\":\"WebPage\",\"@id\":\"https:\\\/\\\/cyberlogics.ao\\\/index.php\\\/product\\\/hd-externo-2-5-2tb-wd-usb-3-0-usb-portatil\\\/\",\"url\":\"https:\\\/\\\/cyberlogics.ao\\\/index.php\\\/product\\\/hd-externo-2-5-2tb-wd-usb-3-0-usb-portatil\\\/\",\"name\":\"HD EXTERNO 2.5 2TB WD USB 3.0 USB PORT\u00c1TIL - Cyberlogics Technologies Angola\",\"isPartOf\":{\"@id\":\"https:\\\/\\\/cyberlogics.ao\\\/#website\"},\"primaryImageOfPage\":{\"@id\":\"https:\\\/\\\/cyberlogics.ao\\\/index.php\\\/product\\\/hd-externo-2-5-2tb-wd-usb-3-0-usb-portatil\\\/#primaryimage\"},\"image\":{\"@id\":\"https:\\\/\\\/cyberlogics.ao\\\/index.php\\\/product\\\/hd-externo-2-5-2tb-wd-usb-3-0-usb-portatil\\\/#primaryimage\"},\"thumbnailUrl\":\"https:\\\/\\\/cyberlogics.ao\\\/wp-content\\\/uploads\\\/2023\\\/06\\\/goofy.webp\",\"datePublished\":\"2023-06-05T13:49:24+00:00\",\"dateModified\":\"2024-08-09T10:29:01+00:00\",\"description\":\"A Maior Loja Online de Angola de Licen\u00e7as Microsoft Office | Chaves Sistemas Operativos Windows | Antiv\u00edrus | Cloud Adobe | Inform\u00e1tica & Servidores | Softwares de Gest\u00e3o ERP | Gaming Hardware | UPS e Baterias & Muito Mais...\",\"breadcrumb\":{\"@id\":\"https:\\\/\\\/cyberlogics.ao\\\/index.php\\\/product\\\/hd-externo-2-5-2tb-wd-usb-3-0-usb-portatil\\\/#breadcrumb\"},\"inLanguage\":\"pt-PT\",\"potentialAction\":[{\"@type\":\"ReadAction\",\"target\":[\"https:\\\/\\\/cyberlogics.ao\\\/index.php\\\/product\\\/hd-externo-2-5-2tb-wd-usb-3-0-usb-portatil\\\/\"]}]},{\"@type\":\"ImageObject\",\"inLanguage\":\"pt-PT\",\"@id\":\"https:\\\/\\\/cyberlogics.ao\\\/index.php\\\/product\\\/hd-externo-2-5-2tb-wd-usb-3-0-usb-portatil\\\/#primaryimage\",\"url\":\"https:\\\/\\\/cyberlogics.ao\\\/wp-content\\\/uploads\\\/2023\\\/06\\\/goofy.webp\",\"contentUrl\":\"https:\\\/\\\/cyberlogics.ao\\\/wp-content\\\/uploads\\\/2023\\\/06\\\/goofy.webp\",\"width\":612,\"height\":612},{\"@type\":\"BreadcrumbList\",\"@id\":\"https:\\\/\\\/cyberlogics.ao\\\/index.php\\\/product\\\/hd-externo-2-5-2tb-wd-usb-3-0-usb-portatil\\\/#breadcrumb\",\"itemListElement\":[{\"@type\":\"ListItem\",\"position\":1,\"name\":\"In\u00edcio\",\"item\":\"https:\\\/\\\/cyberlogics.ao\\\/\"},{\"@type\":\"ListItem\",\"position\":2,\"name\":\"Produtos\",\"item\":\"https:\\\/\\\/cyberlogics.ao\\\/index.php\\\/shop-2\\\/\"},{\"@type\":\"ListItem\",\"position\":3,\"name\":\"HD EXTERNO 2.5 2TB WD USB 3.0 USB PORT\u00c1TIL\"}]},{\"@type\":\"WebSite\",\"@id\":\"https:\\\/\\\/cyberlogics.ao\\\/#website\",\"url\":\"https:\\\/\\\/cyberlogics.ao\\\/\",\"name\":\"Cyberlogics Technologies Angola\",\"description\":\"Loja Online de Licen\u00e7as de Softwares e Inform\u00e1tica\",\"publisher\":{\"@id\":\"https:\\\/\\\/cyberlogics.ao\\\/#organization\"},\"potentialAction\":[{\"@type\":\"SearchAction\",\"target\":{\"@type\":\"EntryPoint\",\"urlTemplate\":\"https:\\\/\\\/cyberlogics.ao\\\/?s={search_term_string}\"},\"query-input\":{\"@type\":\"PropertyValueSpecification\",\"valueRequired\":true,\"valueName\":\"search_term_string\"}}],\"inLanguage\":\"pt-PT\"},{\"@type\":\"Organization\",\"@id\":\"https:\\\/\\\/cyberlogics.ao\\\/#organization\",\"name\":\"Cyberlogics Ao Technologies - Loja Online de Licen\u00e7as de Softwares e Inform\u00e1tica\",\"url\":\"https:\\\/\\\/cyberlogics.ao\\\/\",\"logo\":{\"@type\":\"ImageObject\",\"inLanguage\":\"pt-PT\",\"@id\":\"https:\\\/\\\/cyberlogics.ao\\\/#\\\/schema\\\/logo\\\/image\\\/\",\"url\":\"https:\\\/\\\/cyberlogics.ao\\\/wp-content\\\/uploads\\\/2022\\\/04\\\/CT-logo.png\",\"contentUrl\":\"https:\\\/\\\/cyberlogics.ao\\\/wp-content\\\/uploads\\\/2022\\\/04\\\/CT-logo.png\",\"width\":190,\"height\":75,\"caption\":\"Cyberlogics Ao Technologies - Loja Online de Licen\u00e7as de Softwares e Inform\u00e1tica\"},\"image\":{\"@id\":\"https:\\\/\\\/cyberlogics.ao\\\/#\\\/schema\\\/logo\\\/image\\\/\"}}]}<\/script>\n<!-- \/ Yoast SEO plugin. -->","yoast_head_json":{"title":"HD EXTERNO 2.5 2TB WD USB 3.0 USB PORT\u00c1TIL - Cyberlogics Technologies Angola","description":"A Maior Loja Online de Angola de Licen\u00e7as Microsoft Office | Chaves Sistemas Operativos Windows | Antiv\u00edrus | Cloud Adobe | Inform\u00e1tica & Servidores | Softwares de Gest\u00e3o ERP | Gaming Hardware | UPS e Baterias & Muito Mais...","robots":{"index":"index","follow":"follow","max-snippet":"max-snippet:-1","max-image-preview":"max-image-preview:large","max-video-preview":"max-video-preview:-1"},"canonical":"https:\/\/cyberlogics.ao\/index.php\/product\/hd-externo-2-5-2tb-wd-usb-3-0-usb-portatil\/","og_locale":"pt_PT","og_type":"article","og_title":"HD EXTERNO 2.5 2TB WD USB 3.0 USB PORT\u00c1TIL - Cyberlogics Technologies Angola","og_description":"A Maior Loja Online de Angola de Licen\u00e7as Microsoft Office | Chaves Sistemas Operativos Windows | Antiv\u00edrus | Cloud Adobe | Inform\u00e1tica & Servidores | Softwares de Gest\u00e3o ERP | Gaming Hardware | UPS e Baterias & Muito Mais...","og_url":"https:\/\/cyberlogics.ao\/index.php\/product\/hd-externo-2-5-2tb-wd-usb-3-0-usb-portatil\/","og_site_name":"Cyberlogics Technologies Angola","article_modified_time":"2024-08-09T10:29:01+00:00","og_image":[{"width":612,"height":612,"url":"http:\/\/cyberlogics.ao\/wp-content\/uploads\/2023\/06\/goofy.webp","type":"image\/webp"}],"twitter_card":"summary_large_image","twitter_misc":{"Tempo estimado de leitura":"1 minuto"},"schema":{"@context":"https:\/\/schema.org","@graph":[{"@type":"WebPage","@id":"https:\/\/cyberlogics.ao\/index.php\/product\/hd-externo-2-5-2tb-wd-usb-3-0-usb-portatil\/","url":"https:\/\/cyberlogics.ao\/index.php\/product\/hd-externo-2-5-2tb-wd-usb-3-0-usb-portatil\/","name":"HD EXTERNO 2.5 2TB WD USB 3.0 USB PORT\u00c1TIL - Cyberlogics Technologies Angola","isPartOf":{"@id":"https:\/\/cyberlogics.ao\/#website"},"primaryImageOfPage":{"@id":"https:\/\/cyberlogics.ao\/index.php\/product\/hd-externo-2-5-2tb-wd-usb-3-0-usb-portatil\/#primaryimage"},"image":{"@id":"https:\/\/cyberlogics.ao\/index.php\/product\/hd-externo-2-5-2tb-wd-usb-3-0-usb-portatil\/#primaryimage"},"thumbnailUrl":"https:\/\/cyberlogics.ao\/wp-content\/uploads\/2023\/06\/goofy.webp","datePublished":"2023-06-05T13:49:24+00:00","dateModified":"2024-08-09T10:29:01+00:00","description":"A Maior Loja Online de Angola de Licen\u00e7as Microsoft Office | Chaves Sistemas Operativos Windows | Antiv\u00edrus | Cloud Adobe | Inform\u00e1tica & Servidores | Softwares de Gest\u00e3o ERP | Gaming Hardware | UPS e Baterias & Muito Mais...","breadcrumb":{"@id":"https:\/\/cyberlogics.ao\/index.php\/product\/hd-externo-2-5-2tb-wd-usb-3-0-usb-portatil\/#breadcrumb"},"inLanguage":"pt-PT","potentialAction":[{"@type":"ReadAction","target":["https:\/\/cyberlogics.ao\/index.php\/product\/hd-externo-2-5-2tb-wd-usb-3-0-usb-portatil\/"]}]},{"@type":"ImageObject","inLanguage":"pt-PT","@id":"https:\/\/cyberlogics.ao\/index.php\/product\/hd-externo-2-5-2tb-wd-usb-3-0-usb-portatil\/#primaryimage","url":"https:\/\/cyberlogics.ao\/wp-content\/uploads\/2023\/06\/goofy.webp","contentUrl":"https:\/\/cyberlogics.ao\/wp-content\/uploads\/2023\/06\/goofy.webp","width":612,"height":612},{"@type":"BreadcrumbList","@id":"https:\/\/cyberlogics.ao\/index.php\/product\/hd-externo-2-5-2tb-wd-usb-3-0-usb-portatil\/#breadcrumb","itemListElement":[{"@type":"ListItem","position":1,"name":"In\u00edcio","item":"https:\/\/cyberlogics.ao\/"},{"@type":"ListItem","position":2,"name":"Produtos","item":"https:\/\/cyberlogics.ao\/index.php\/shop-2\/"},{"@type":"ListItem","position":3,"name":"HD EXTERNO 2.5 2TB WD USB 3.0 USB PORT\u00c1TIL"}]},{"@type":"WebSite","@id":"https:\/\/cyberlogics.ao\/#website","url":"https:\/\/cyberlogics.ao\/","name":"Cyberlogics Technologies Angola","description":"Loja Online de Licen\u00e7as de Softwares e Inform\u00e1tica","publisher":{"@id":"https:\/\/cyberlogics.ao\/#organization"},"potentialAction":[{"@type":"SearchAction","target":{"@type":"EntryPoint","urlTemplate":"https:\/\/cyberlogics.ao\/?s={search_term_string}"},"query-input":{"@type":"PropertyValueSpecification","valueRequired":true,"valueName":"search_term_string"}}],"inLanguage":"pt-PT"},{"@type":"Organization","@id":"https:\/\/cyberlogics.ao\/#organization","name":"Cyberlogics Ao Technologies - Loja Online de Licen\u00e7as de Softwares e Inform\u00e1tica","url":"https:\/\/cyberlogics.ao\/","logo":{"@type":"ImageObject","inLanguage":"pt-PT","@id":"https:\/\/cyberlogics.ao\/#\/schema\/logo\/image\/","url":"https:\/\/cyberlogics.ao\/wp-content\/uploads\/2022\/04\/CT-logo.png","contentUrl":"https:\/\/cyberlogics.ao\/wp-content\/uploads\/2022\/04\/CT-logo.png","width":190,"height":75,"caption":"Cyberlogics Ao Technologies - Loja Online de Licen\u00e7as de Softwares e Inform\u00e1tica"},"image":{"@id":"https:\/\/cyberlogics.ao\/#\/schema\/logo\/image\/"}}]}},"_links":{"self":[{"href":"https:\/\/cyberlogics.ao\/index.php\/wp-json\/wp\/v2\/product\/7457","targetHints":{"allow":["GET"]}}],"collection":[{"href":"https:\/\/cyberlogics.ao\/index.php\/wp-json\/wp\/v2\/product"}],"about":[{"href":"https:\/\/cyberlogics.ao\/index.php\/wp-json\/wp\/v2\/types\/product"}],"replies":[{"embeddable":true,"href":"https:\/\/cyberlogics.ao\/index.php\/wp-json\/wp\/v2\/comments?post=7457"}],"wp:featuredmedia":[{"embeddable":true,"href":"https:\/\/cyberlogics.ao\/index.php\/wp-json\/wp\/v2\/media\/7458"}],"wp:attachment":[{"href":"https:\/\/cyberlogics.ao\/index.php\/wp-json\/wp\/v2\/media?parent=7457"}],"wp:term":[{"taxonomy":"product_brand","embeddable":true,"href":"https:\/\/cyberlogics.ao\/index.php\/wp-json\/wp\/v2\/product_brand?post=7457"},{"taxonomy":"product_cat","embeddable":true,"href":"https:\/\/cyberlogics.ao\/index.php\/wp-json\/wp\/v2\/product_cat?post=7457"},{"taxonomy":"product_tag","embeddable":true,"href":"https:\/\/cyberlogics.ao\/index.php\/wp-json\/wp\/v2\/product_tag?post=7457"}],"curies":[{"name":"wp","href":"https:\/\/api.w.org\/{rel}","templated":true}]}}