{"id":7475,"date":"2023-06-05T15:53:58","date_gmt":"2023-06-05T15:53:58","guid":{"rendered":"https:\/\/cyberlogics.ao\/?post_type=product&#038;p=7475"},"modified":"2025-08-14T16:34:52","modified_gmt":"2025-08-14T16:34:52","slug":"impressora-hp-deskjet-4120-plus-multi-funcional","status":"publish","type":"product","link":"https:\/\/cyberlogics.ao\/index.php\/product\/impressora-hp-deskjet-4120-plus-multi-funcional\/","title":{"rendered":"IMPRESSORA HP DESKJET 4120 PLUS MULTI FUNCIONAL"},"content":{"rendered":"<h1 class=\"product_title entry-title\">IMPRESSORA HP DESKJET 4120 PLUS MULTI FUNCIONAL<\/h1>\n<p><strong>Impressora Multifuncional HP Deskjet Plus 4120 (3XV14B) \u2013 Documenta\u00e7\u00e3o Do Produto<\/strong><\/p>\n<p><strong>Todos Os Recursos. Todo O Valor. Imprima, Digitalize E Copie Documentos Do Dia A Dia E Obtenha Um Alimentador Autom\u00e1tico De 35 P\u00e1ginas E Conex\u00e3o Sem Fio Sem Preocupa\u00e7\u00f5es.1 Conte Com Uma Configura\u00e7\u00e3o Simples Com O Aplicativo HP Smart \u2013 At\u00e9 Mesmo Envie Um Fax. Obtenha Tinta Fornecida Por Menos \u2013 HP Instant Ink, Com o Cartucho Hp 305.<\/strong><\/p>\n<p>&nbsp;<\/p>\n<p><strong>A\u00e7\u00f5es<\/strong><\/p>\n<p><strong>Velocidade De Impress\u00e3o Em Preto:<\/strong><\/p>\n<p><strong>Iso: At\u00e9 8,5 Ppm<\/strong><\/p>\n<p><strong>Rascunho: At\u00e9 20 Ppm 5<\/strong><\/p>\n<p><strong>Cor Da Velocidade De Impress\u00e3o:<\/strong><\/p>\n<p><strong>Iso: At\u00e9 5,5 Ppm<\/strong><\/p>\n<p><strong>Rascunho: At\u00e9 16 Ppm 5<\/strong><\/p>\n<p><strong>Sa\u00edda Da Primeira P\u00e1gina (Pronta)<\/strong><\/p>\n<p><strong>Preto: T\u00e3o R\u00e1pido Quanto 15 Segundos<\/strong><\/p>\n<p><strong>Cor: T\u00e3o R\u00e1pido Quanto 19 S<\/strong><\/p>\n<p><strong>Ciclo De Trabalho (Mensal, A4)<\/strong><\/p>\n<p><strong>At\u00e9 1000 P\u00e1ginas<\/strong><\/p>\n<p><strong>Volume De P\u00e1gina Mensal Recomendado<\/strong><\/p>\n<p><strong>100 A 300<\/strong><\/p>\n<p><strong>Tecnologia De Impress\u00e3o<\/strong><\/p>\n<p><strong>Hp Thermal Inkjet<\/strong><\/p>\n<p><strong>Drivers De Impressora Inclu\u00eddos<\/strong><\/p>\n<p><strong>Hp Pcl 3 Gui<\/strong><\/p>\n<p><strong>Qualidade De Impress\u00e3o (Melhor)<\/strong><\/p>\n<p><strong>Cor: At\u00e9 4800 X 1200 Dpi Otimizado Em Cores (Ao Imprimir De Um Computador Em Pap\u00e9is Fotogr\u00e1ficos Hp Selecionados E 1200 Dpi De Entrada)<\/strong><\/p>\n<p><strong>Preto: At\u00e9 1200 X 1200 Dpi Renderizado<\/strong><\/p>\n<p><strong>Exibi\u00e7\u00e3o<\/strong><\/p>\n<p><strong>Visor Lcd De \u00cdcone<\/strong><\/p>\n<p><strong>Velocidade Do Processador<\/strong><\/p>\n<p><strong>180 Mhz<\/strong><\/p>\n<p><strong>N\u00famero De Cartuchos De Impress\u00e3o<\/strong><\/p>\n<p><strong>2 (1 Cada Preto, Tricolor)<\/strong><\/p>\n<p><strong>L\u00ednguas Impressas<\/strong><\/p>\n<p><strong>Hp Pcl 3 Gui; Hp Pclm (Hp Apps \/ Upd); Urf (Airprint)<\/strong><\/p>\n<p><strong>Sensor Autom\u00e1tico De Papel<\/strong><\/p>\n<p><strong>N\u00e3o<\/strong><\/p>\n<p><strong>Tinta Instant\u00e2nea<\/strong><\/p>\n<p><strong>Hp Instant Ink Eleg\u00edvel<\/strong><\/p>\n<p><strong>Cartuchos De Reposi\u00e7\u00e3o<\/strong><\/p>\n<p><strong>Cartucho De Tinta Original Preto 3ym61ae Hp 305 (Rendimento De ~ 120 P\u00e1ginas)<\/strong><\/p>\n<p><strong>Cartucho De Tinta Original Preto De Alto Rendimento 3ym62ae Hp 305xl (Rendimento De ~ 240 P\u00e1ginas)<\/strong><\/p>\n<p><strong>Cartucho De Tinta Original Tricolor Hp 305 3ym60ae (Rendimento De Aproximadamente 100 P\u00e1ginas)<\/strong><\/p>\n<p><strong>3ym63ae Cartucho De Tinta Tricolor Hp 305xl Original De Alto Rendimento (Rendimento De ~ 200 P\u00e1ginas). O Rendimento Real Varia Consideravelmente Com Base No Conte\u00fado Das P\u00e1ginas Impressas E Outros Fatores. Para Obter Detalhes, Consulte Http:\/\/Www.Hp.Com\/Go\/Learnaboutsupplies<\/strong><\/p>\n<p><strong>Conectividade<\/strong><\/p>\n<p><strong>Capacidade Sem Fio<\/strong><\/p>\n<p><strong>Sim, Wi-Fi 802.11a \/ B \/ G \/ N Integrado<\/strong><\/p>\n<p><strong>Conectividade, Padr\u00e3o<\/strong><\/p>\n<p><strong>1 Usb 2.0 De Alta Velocidade<\/strong><\/p>\n<p><strong>1 Sem Fio 802.11a \/ B \/ G \/ N<\/strong><\/p>\n<p><strong>Requisitos M\u00ednimos Do Sistema<\/strong><\/p>\n<p><strong>Windows 10, 7: Processador De 1 Ghz De 32 Bits (X86) Ou 64 Bits (X64), 2 Gb De Espa\u00e7o Dispon\u00edvel No Disco R\u00edgido, Conex\u00e3o Com A Internet, Porta Usb, Internet Explorer.<\/strong><\/p>\n<p><strong>\u00a0<\/strong><\/p>\n<p><strong>Macos Sierra V10.12 (Anteriormente Os X), Macos High Sierra V10.13, Macos Mojave V10.14, Macos Catalina V10.15, 2 Gb De Espa\u00e7o Dispon\u00edvel No Disco R\u00edgido, Acesso \u00c0 Internet.<\/strong><\/p>\n<p><strong>Sistemas Operacionais Compat\u00edveis<\/strong><\/p>\n<p><strong>Windows 10, 7<\/strong><\/p>\n<p><strong>Macos Sierra V10.12 (Anteriormente Os X), Macos High Sierra V10.13, Macos Mojave V10.14, Macos Catalina V10.15, Chrome Os<\/strong><\/p>\n<p><strong>\u00a0<\/strong><\/p>\n","protected":false},"excerpt":{"rendered":"<p>IMPRESSORA HP DESKJET 4120 PLUS MULTI FUNCIONAL Impressora Multifuncional HP Deskjet Plus 4120 (3XV14B) \u2013 Documenta\u00e7\u00e3o Do Produto Todos Os Recursos. Todo O Valor. Imprima, Digitalize E Copie Documentos Do<\/p>\n","protected":false},"featured_media":7476,"comment_status":"open","ping_status":"closed","template":"","meta":{"_joinchat":[]},"product_brand":[],"product_cat":[312],"product_tag":[],"class_list":{"0":"post-7475","1":"product","2":"type-product","3":"status-publish","4":"has-post-thumbnail","6":"product_cat-impressoras","8":"first","9":"instock","10":"shipping-taxable","11":"purchasable","12":"product-type-simple"},"yoast_head":"<!-- This site is optimized with the Yoast SEO plugin v27.4 - https:\/\/yoast.com\/product\/yoast-seo-wordpress\/ -->\n<title>IMPRESSORA HP DESKJET 4120 PLUS MULTI FUNCIONAL - Cyberlogics Technologies Angola<\/title>\n<meta name=\"description\" content=\"A Maior Loja Online de Angola de Licen\u00e7as Microsoft Office | Chaves Sistemas Operativos Windows | Antiv\u00edrus | Cloud Adobe | Inform\u00e1tica &amp; Servidores | Softwares de Gest\u00e3o ERP | Gaming Hardware | UPS e Baterias &amp; Muito Mais...\" \/>\n<meta name=\"robots\" content=\"index, follow, max-snippet:-1, max-image-preview:large, max-video-preview:-1\" \/>\n<link rel=\"canonical\" href=\"https:\/\/cyberlogics.ao\/index.php\/product\/impressora-hp-deskjet-4120-plus-multi-funcional\/\" \/>\n<meta property=\"og:locale\" content=\"pt_PT\" \/>\n<meta property=\"og:type\" content=\"article\" \/>\n<meta property=\"og:title\" content=\"IMPRESSORA HP DESKJET 4120 PLUS MULTI FUNCIONAL - Cyberlogics Technologies Angola\" \/>\n<meta property=\"og:description\" content=\"A Maior Loja Online de Angola de Licen\u00e7as Microsoft Office | Chaves Sistemas Operativos Windows | Antiv\u00edrus | Cloud Adobe | Inform\u00e1tica &amp; Servidores | Softwares de Gest\u00e3o ERP | Gaming Hardware | UPS e Baterias &amp; Muito Mais...\" \/>\n<meta property=\"og:url\" content=\"https:\/\/cyberlogics.ao\/index.php\/product\/impressora-hp-deskjet-4120-plus-multi-funcional\/\" \/>\n<meta property=\"og:site_name\" content=\"Cyberlogics Technologies Angola\" \/>\n<meta property=\"article:modified_time\" content=\"2025-08-14T16:34:52+00:00\" \/>\n<meta property=\"og:image\" content=\"http:\/\/cyberlogics.ao\/wp-content\/uploads\/2023\/06\/x.jpg\" \/>\n\t<meta property=\"og:image:width\" content=\"1000\" \/>\n\t<meta property=\"og:image:height\" content=\"1000\" \/>\n\t<meta property=\"og:image:type\" content=\"image\/jpeg\" \/>\n<meta name=\"twitter:card\" content=\"summary_large_image\" \/>\n<meta name=\"twitter:label1\" content=\"Tempo estimado de leitura\" \/>\n\t<meta name=\"twitter:data1\" content=\"3 minutos\" \/>\n<script type=\"application\/ld+json\" class=\"yoast-schema-graph\">{\"@context\":\"https:\\\/\\\/schema.org\",\"@graph\":[{\"@type\":\"WebPage\",\"@id\":\"https:\\\/\\\/cyberlogics.ao\\\/index.php\\\/product\\\/impressora-hp-deskjet-4120-plus-multi-funcional\\\/\",\"url\":\"https:\\\/\\\/cyberlogics.ao\\\/index.php\\\/product\\\/impressora-hp-deskjet-4120-plus-multi-funcional\\\/\",\"name\":\"IMPRESSORA HP DESKJET 4120 PLUS MULTI FUNCIONAL - Cyberlogics Technologies Angola\",\"isPartOf\":{\"@id\":\"https:\\\/\\\/cyberlogics.ao\\\/#website\"},\"primaryImageOfPage\":{\"@id\":\"https:\\\/\\\/cyberlogics.ao\\\/index.php\\\/product\\\/impressora-hp-deskjet-4120-plus-multi-funcional\\\/#primaryimage\"},\"image\":{\"@id\":\"https:\\\/\\\/cyberlogics.ao\\\/index.php\\\/product\\\/impressora-hp-deskjet-4120-plus-multi-funcional\\\/#primaryimage\"},\"thumbnailUrl\":\"https:\\\/\\\/cyberlogics.ao\\\/wp-content\\\/uploads\\\/2023\\\/06\\\/x.jpg\",\"datePublished\":\"2023-06-05T15:53:58+00:00\",\"dateModified\":\"2025-08-14T16:34:52+00:00\",\"description\":\"A Maior Loja Online de Angola de Licen\u00e7as Microsoft Office | Chaves Sistemas Operativos Windows | Antiv\u00edrus | Cloud Adobe | Inform\u00e1tica & Servidores | Softwares de Gest\u00e3o ERP | Gaming Hardware | UPS e Baterias & Muito Mais...\",\"breadcrumb\":{\"@id\":\"https:\\\/\\\/cyberlogics.ao\\\/index.php\\\/product\\\/impressora-hp-deskjet-4120-plus-multi-funcional\\\/#breadcrumb\"},\"inLanguage\":\"pt-PT\",\"potentialAction\":[{\"@type\":\"ReadAction\",\"target\":[\"https:\\\/\\\/cyberlogics.ao\\\/index.php\\\/product\\\/impressora-hp-deskjet-4120-plus-multi-funcional\\\/\"]}]},{\"@type\":\"ImageObject\",\"inLanguage\":\"pt-PT\",\"@id\":\"https:\\\/\\\/cyberlogics.ao\\\/index.php\\\/product\\\/impressora-hp-deskjet-4120-plus-multi-funcional\\\/#primaryimage\",\"url\":\"https:\\\/\\\/cyberlogics.ao\\\/wp-content\\\/uploads\\\/2023\\\/06\\\/x.jpg\",\"contentUrl\":\"https:\\\/\\\/cyberlogics.ao\\\/wp-content\\\/uploads\\\/2023\\\/06\\\/x.jpg\",\"width\":1000,\"height\":1000},{\"@type\":\"BreadcrumbList\",\"@id\":\"https:\\\/\\\/cyberlogics.ao\\\/index.php\\\/product\\\/impressora-hp-deskjet-4120-plus-multi-funcional\\\/#breadcrumb\",\"itemListElement\":[{\"@type\":\"ListItem\",\"position\":1,\"name\":\"In\u00edcio\",\"item\":\"https:\\\/\\\/cyberlogics.ao\\\/\"},{\"@type\":\"ListItem\",\"position\":2,\"name\":\"Produtos\",\"item\":\"https:\\\/\\\/cyberlogics.ao\\\/index.php\\\/shop-2\\\/\"},{\"@type\":\"ListItem\",\"position\":3,\"name\":\"IMPRESSORA HP DESKJET 4120 PLUS MULTI FUNCIONAL\"}]},{\"@type\":\"WebSite\",\"@id\":\"https:\\\/\\\/cyberlogics.ao\\\/#website\",\"url\":\"https:\\\/\\\/cyberlogics.ao\\\/\",\"name\":\"Cyberlogics Technologies Angola\",\"description\":\"Loja Online de Licen\u00e7as de Softwares e Inform\u00e1tica\",\"publisher\":{\"@id\":\"https:\\\/\\\/cyberlogics.ao\\\/#organization\"},\"potentialAction\":[{\"@type\":\"SearchAction\",\"target\":{\"@type\":\"EntryPoint\",\"urlTemplate\":\"https:\\\/\\\/cyberlogics.ao\\\/?s={search_term_string}\"},\"query-input\":{\"@type\":\"PropertyValueSpecification\",\"valueRequired\":true,\"valueName\":\"search_term_string\"}}],\"inLanguage\":\"pt-PT\"},{\"@type\":\"Organization\",\"@id\":\"https:\\\/\\\/cyberlogics.ao\\\/#organization\",\"name\":\"Cyberlogics Ao Technologies - Loja Online de Licen\u00e7as de Softwares e Inform\u00e1tica\",\"url\":\"https:\\\/\\\/cyberlogics.ao\\\/\",\"logo\":{\"@type\":\"ImageObject\",\"inLanguage\":\"pt-PT\",\"@id\":\"https:\\\/\\\/cyberlogics.ao\\\/#\\\/schema\\\/logo\\\/image\\\/\",\"url\":\"https:\\\/\\\/cyberlogics.ao\\\/wp-content\\\/uploads\\\/2022\\\/04\\\/CT-logo.png\",\"contentUrl\":\"https:\\\/\\\/cyberlogics.ao\\\/wp-content\\\/uploads\\\/2022\\\/04\\\/CT-logo.png\",\"width\":190,\"height\":75,\"caption\":\"Cyberlogics Ao Technologies - Loja Online de Licen\u00e7as de Softwares e Inform\u00e1tica\"},\"image\":{\"@id\":\"https:\\\/\\\/cyberlogics.ao\\\/#\\\/schema\\\/logo\\\/image\\\/\"}}]}<\/script>\n<!-- \/ Yoast SEO plugin. -->","yoast_head_json":{"title":"IMPRESSORA HP DESKJET 4120 PLUS MULTI FUNCIONAL - Cyberlogics Technologies Angola","description":"A Maior Loja Online de Angola de Licen\u00e7as Microsoft Office | Chaves Sistemas Operativos Windows | Antiv\u00edrus | Cloud Adobe | Inform\u00e1tica & Servidores | Softwares de Gest\u00e3o ERP | Gaming Hardware | UPS e Baterias & Muito Mais...","robots":{"index":"index","follow":"follow","max-snippet":"max-snippet:-1","max-image-preview":"max-image-preview:large","max-video-preview":"max-video-preview:-1"},"canonical":"https:\/\/cyberlogics.ao\/index.php\/product\/impressora-hp-deskjet-4120-plus-multi-funcional\/","og_locale":"pt_PT","og_type":"article","og_title":"IMPRESSORA HP DESKJET 4120 PLUS MULTI FUNCIONAL - Cyberlogics Technologies Angola","og_description":"A Maior Loja Online de Angola de Licen\u00e7as Microsoft Office | Chaves Sistemas Operativos Windows | Antiv\u00edrus | Cloud Adobe | Inform\u00e1tica & Servidores | Softwares de Gest\u00e3o ERP | Gaming Hardware | UPS e Baterias & Muito Mais...","og_url":"https:\/\/cyberlogics.ao\/index.php\/product\/impressora-hp-deskjet-4120-plus-multi-funcional\/","og_site_name":"Cyberlogics Technologies Angola","article_modified_time":"2025-08-14T16:34:52+00:00","og_image":[{"width":1000,"height":1000,"url":"http:\/\/cyberlogics.ao\/wp-content\/uploads\/2023\/06\/x.jpg","type":"image\/jpeg"}],"twitter_card":"summary_large_image","twitter_misc":{"Tempo estimado de leitura":"3 minutos"},"schema":{"@context":"https:\/\/schema.org","@graph":[{"@type":"WebPage","@id":"https:\/\/cyberlogics.ao\/index.php\/product\/impressora-hp-deskjet-4120-plus-multi-funcional\/","url":"https:\/\/cyberlogics.ao\/index.php\/product\/impressora-hp-deskjet-4120-plus-multi-funcional\/","name":"IMPRESSORA HP DESKJET 4120 PLUS MULTI FUNCIONAL - Cyberlogics Technologies Angola","isPartOf":{"@id":"https:\/\/cyberlogics.ao\/#website"},"primaryImageOfPage":{"@id":"https:\/\/cyberlogics.ao\/index.php\/product\/impressora-hp-deskjet-4120-plus-multi-funcional\/#primaryimage"},"image":{"@id":"https:\/\/cyberlogics.ao\/index.php\/product\/impressora-hp-deskjet-4120-plus-multi-funcional\/#primaryimage"},"thumbnailUrl":"https:\/\/cyberlogics.ao\/wp-content\/uploads\/2023\/06\/x.jpg","datePublished":"2023-06-05T15:53:58+00:00","dateModified":"2025-08-14T16:34:52+00:00","description":"A Maior Loja Online de Angola de Licen\u00e7as Microsoft Office | Chaves Sistemas Operativos Windows | Antiv\u00edrus | Cloud Adobe | Inform\u00e1tica & Servidores | Softwares de Gest\u00e3o ERP | Gaming Hardware | UPS e Baterias & Muito Mais...","breadcrumb":{"@id":"https:\/\/cyberlogics.ao\/index.php\/product\/impressora-hp-deskjet-4120-plus-multi-funcional\/#breadcrumb"},"inLanguage":"pt-PT","potentialAction":[{"@type":"ReadAction","target":["https:\/\/cyberlogics.ao\/index.php\/product\/impressora-hp-deskjet-4120-plus-multi-funcional\/"]}]},{"@type":"ImageObject","inLanguage":"pt-PT","@id":"https:\/\/cyberlogics.ao\/index.php\/product\/impressora-hp-deskjet-4120-plus-multi-funcional\/#primaryimage","url":"https:\/\/cyberlogics.ao\/wp-content\/uploads\/2023\/06\/x.jpg","contentUrl":"https:\/\/cyberlogics.ao\/wp-content\/uploads\/2023\/06\/x.jpg","width":1000,"height":1000},{"@type":"BreadcrumbList","@id":"https:\/\/cyberlogics.ao\/index.php\/product\/impressora-hp-deskjet-4120-plus-multi-funcional\/#breadcrumb","itemListElement":[{"@type":"ListItem","position":1,"name":"In\u00edcio","item":"https:\/\/cyberlogics.ao\/"},{"@type":"ListItem","position":2,"name":"Produtos","item":"https:\/\/cyberlogics.ao\/index.php\/shop-2\/"},{"@type":"ListItem","position":3,"name":"IMPRESSORA HP DESKJET 4120 PLUS MULTI FUNCIONAL"}]},{"@type":"WebSite","@id":"https:\/\/cyberlogics.ao\/#website","url":"https:\/\/cyberlogics.ao\/","name":"Cyberlogics Technologies Angola","description":"Loja Online de Licen\u00e7as de Softwares e Inform\u00e1tica","publisher":{"@id":"https:\/\/cyberlogics.ao\/#organization"},"potentialAction":[{"@type":"SearchAction","target":{"@type":"EntryPoint","urlTemplate":"https:\/\/cyberlogics.ao\/?s={search_term_string}"},"query-input":{"@type":"PropertyValueSpecification","valueRequired":true,"valueName":"search_term_string"}}],"inLanguage":"pt-PT"},{"@type":"Organization","@id":"https:\/\/cyberlogics.ao\/#organization","name":"Cyberlogics Ao Technologies - Loja Online de Licen\u00e7as de Softwares e Inform\u00e1tica","url":"https:\/\/cyberlogics.ao\/","logo":{"@type":"ImageObject","inLanguage":"pt-PT","@id":"https:\/\/cyberlogics.ao\/#\/schema\/logo\/image\/","url":"https:\/\/cyberlogics.ao\/wp-content\/uploads\/2022\/04\/CT-logo.png","contentUrl":"https:\/\/cyberlogics.ao\/wp-content\/uploads\/2022\/04\/CT-logo.png","width":190,"height":75,"caption":"Cyberlogics Ao Technologies - Loja Online de Licen\u00e7as de Softwares e Inform\u00e1tica"},"image":{"@id":"https:\/\/cyberlogics.ao\/#\/schema\/logo\/image\/"}}]}},"_links":{"self":[{"href":"https:\/\/cyberlogics.ao\/index.php\/wp-json\/wp\/v2\/product\/7475","targetHints":{"allow":["GET"]}}],"collection":[{"href":"https:\/\/cyberlogics.ao\/index.php\/wp-json\/wp\/v2\/product"}],"about":[{"href":"https:\/\/cyberlogics.ao\/index.php\/wp-json\/wp\/v2\/types\/product"}],"replies":[{"embeddable":true,"href":"https:\/\/cyberlogics.ao\/index.php\/wp-json\/wp\/v2\/comments?post=7475"}],"wp:featuredmedia":[{"embeddable":true,"href":"https:\/\/cyberlogics.ao\/index.php\/wp-json\/wp\/v2\/media\/7476"}],"wp:attachment":[{"href":"https:\/\/cyberlogics.ao\/index.php\/wp-json\/wp\/v2\/media?parent=7475"}],"wp:term":[{"taxonomy":"product_brand","embeddable":true,"href":"https:\/\/cyberlogics.ao\/index.php\/wp-json\/wp\/v2\/product_brand?post=7475"},{"taxonomy":"product_cat","embeddable":true,"href":"https:\/\/cyberlogics.ao\/index.php\/wp-json\/wp\/v2\/product_cat?post=7475"},{"taxonomy":"product_tag","embeddable":true,"href":"https:\/\/cyberlogics.ao\/index.php\/wp-json\/wp\/v2\/product_tag?post=7475"}],"curies":[{"name":"wp","href":"https:\/\/api.w.org\/{rel}","templated":true}]}}