{"id":7520,"date":"2023-08-01T11:30:11","date_gmt":"2023-08-01T11:30:11","guid":{"rendered":"https:\/\/cyberlogics.ao\/?post_type=product&#038;p=7520"},"modified":"2023-08-01T11:30:12","modified_gmt":"2023-08-01T11:30:12","slug":"hpe-aruba-ap-515-access-point-rw-dual-radio-4x44-2x22-802-11ax-internal-antennas-unified-campus","status":"publish","type":"product","link":"https:\/\/cyberlogics.ao\/index.php\/product\/hpe-aruba-ap-515-access-point-rw-dual-radio-4x44-2x22-802-11ax-internal-antennas-unified-campus\/","title":{"rendered":"HPE Aruba AP-515 Access Point RW Dual Radio 4&#215;4:4 + 2&#215;2:2 802.11ax Internal Antennas Unified Campus"},"content":{"rendered":"<div class=\"single-attribute\"><span class=\"attr-name\">2,4 GHz:<\/span>\u00a0<span class=\"attr-value\">Sim<\/span><\/div>\n<div class=\"single-attribute\"><span class=\"attr-name\">5 GHz:<\/span>\u00a0<span class=\"attr-value\">Sim<\/span><\/div>\n<div class=\"single-attribute\"><span class=\"attr-name\">Velocidade m\u00e1xima de transfer\u00eancia:<\/span>\u00a0<span class=\"attr-value\">5375 Mbit\/s<\/span><\/div>\n<div class=\"single-attribute\"><span class=\"attr-name\">Velocidade de transfer\u00eancia de dados m\u00e1xima (2.4 GHz):<\/span>\u00a0<span class=\"attr-value\">575 Mbit\/s<\/span><\/div>\n<div class=\"single-attribute\"><span class=\"attr-name\">Velocidade de transfer\u00eancia de dados m\u00e1xima (5 GHz):<\/span>\u00a0<span class=\"attr-value\">4800 Mbit\/s<\/span><\/div>\n<div class=\"single-attribute\"><span class=\"attr-name\">Ethernet LAN taxa de transfer\u00eancia de dados:<\/span>\u00a0<span class=\"attr-value\">100,1000,2500 Mbit\/s<\/span><\/div>\n<div class=\"single-attribute\"><span class=\"attr-name\">Normas de Comunica\u00e7\u00f5es:<\/span>\u00a0<span class=\"attr-value\">IEEE 802.11a,IEEE 802.11ac,IEEE 802.11ax,IEEE 802.11b,IEEE 802.11g,IEEE 802.11n,IEEE 802.3af,IEEE 802.3at,IEEE 802.3bz<\/span><\/div>\n<div><\/div>\n<div>\n<h2>Hewlett Packard Enterprise Aruba AP-515 (RW), 5375 Mbit\/s, 575 Mbit\/s, 4800 Mbit\/s, 100,1000,2500 Mbit\/s, IEEE 802.11a,IEEE 802.11ac,IEEE 802.11ax,IEEE 802.11b,IEEE 802.11g,IEEE 802.11n,IEEE 802.3af,IEEE&#8230;, DSSS,OFDM<\/h2>\n<p>Hewlett Packard Enterprise Aruba AP-515 (RW). Taxa m\u00e1xima de transfer\u00eancia de dados: 5375 Mbit\/s, Velocidade de transfer\u00eancia de dados m\u00e1xima (2,4 GHz): 575 Mbit\/s, Velocidade de transfer\u00eancia de dados m\u00e1xima (5 GHz): 4800 Mbit\/s. Codifica\u00e7\u00e3o \/ seguran\u00e7a: WMM,WPA,WPA2. Tipo de conetor USB: USB Type-A. Consumo de energia (t\u00edpico): 16 W. Localiza\u00e7\u00e3o: Teto, Cor do produto: Branco, Tipo de slot de cadeado antirroubo: Kensington<\/p><\/div>\n<div><\/div>\n<div>\n<div class=\"product-spec-title\">Especifica\u00e7\u00e3o<\/div>\n<div class=\"tab-content tab-content-description\">\n<table id=\"icecat-specification-table\" class=\"product_specs\">\n<tbody>\n<tr>\n<td class=\"spec-subheading\" colspan=\"2\"><b>Caracter\u00edsticas<\/b><\/td>\n<\/tr>\n<tr>\n<td class=\"spec-label\">2,4 GHz<\/td>\n<td class=\"spec-value\">Sim<\/td>\n<\/tr>\n<tr>\n<td class=\"spec-label\">5 GHz<\/td>\n<td class=\"spec-value\">Sim<\/td>\n<\/tr>\n<tr>\n<td class=\"spec-label\">Velocidade m\u00e1xima de transfer\u00eancia<\/td>\n<td class=\"spec-value\">5375 Mbit\/s<\/td>\n<\/tr>\n<tr>\n<td class=\"spec-label\">Velocidade de transfer\u00eancia de dados m\u00e1xima (2.4 GHz)<\/td>\n<td class=\"spec-value\">575 Mbit\/s<\/td>\n<\/tr>\n<tr>\n<td class=\"spec-label\">Velocidade de transfer\u00eancia de dados m\u00e1xima (5 GHz)<\/td>\n<td class=\"spec-value\">4800 Mbit\/s<\/td>\n<\/tr>\n<tr>\n<td class=\"spec-label\">Ethernet LAN taxa de transfer\u00eancia de dados<\/td>\n<td class=\"spec-value\">100,1000,2500 Mbit\/s<\/td>\n<\/tr>\n<tr>\n<td class=\"spec-label\">Normas de Comunica\u00e7\u00f5es<\/td>\n<td class=\"spec-value\">IEEE 802.11a,IEEE 802.11ac,IEEE 802.11ax,IEEE 802.11b,IEEE 802.11g,IEEE 802.11n,IEEE 802.3af,IEEE 802.3at,IEEE 802.3bz<\/td>\n<\/tr>\n<tr>\n<td class=\"spec-label\">Auto MDI\/MDI-X<\/td>\n<td class=\"spec-value\">Sim<\/td>\n<\/tr>\n<tr>\n<td class=\"spec-label\">MIMO<\/td>\n<td class=\"spec-value\">Sim<\/td>\n<\/tr>\n<tr>\n<td class=\"spec-label\">M\u00e9todo de espalhamento espectral<\/td>\n<td class=\"spec-value\">DSSS,OFDM<\/td>\n<\/tr>\n<tr>\n<td class=\"spec-label\">Modula\u00e7\u00e3o<\/td>\n<td class=\"spec-value\">16-QAM,64-QAM,256-QAM,1024-QAM,BPSK,CCK,QPSK<\/td>\n<\/tr>\n<tr>\n<td class=\"spec-subheading\" colspan=\"2\"><b>Seguran\u00e7a<\/b><\/td>\n<\/tr>\n<tr>\n<td class=\"spec-label\">Codifica\u00e7\u00e3o \/ seguran\u00e7a<\/td>\n<td class=\"spec-value\">WMM,WPA,WPA2<\/td>\n<\/tr>\n<tr>\n<td class=\"spec-subheading\" colspan=\"2\"><b>Conectividade<\/b><\/td>\n<\/tr>\n<tr>\n<td class=\"spec-label\">Quantidade de portas Ethernet LAN (RJ-45)<\/td>\n<td class=\"spec-value\">2<\/td>\n<\/tr>\n<tr>\n<td class=\"spec-label\">Quantidade de portas USB 2.0<\/td>\n<td class=\"spec-value\">1<\/td>\n<\/tr>\n<tr>\n<td class=\"spec-label\">Conector USB<\/td>\n<td class=\"spec-value\">USB Type-A<\/td>\n<\/tr>\n<tr>\n<td class=\"spec-label\">Cabo DC-in<\/td>\n<td class=\"spec-value\">Sim<\/td>\n<\/tr>\n<tr>\n<td class=\"spec-subheading\" colspan=\"2\"><b>Gest\u00e3o de energia<\/b><\/td>\n<\/tr>\n<tr>\n<td class=\"spec-label\">Power over Ethernet (PoE)<\/td>\n<td class=\"spec-value\">Sim<\/td>\n<\/tr>\n<tr>\n<td class=\"spec-label\">Consumo de energia<\/td>\n<td class=\"spec-value\">16 W<\/td>\n<\/tr>\n<tr>\n<td class=\"spec-subheading\" colspan=\"2\"><b>Design<\/b><\/td>\n<\/tr>\n<tr>\n<td class=\"spec-label\">Localiza\u00e7\u00e3o<\/td>\n<td class=\"spec-value\">Teto<\/td>\n<\/tr>\n<tr>\n<td class=\"spec-label\">Cor do produto<\/td>\n<td class=\"spec-value\">Branco<\/td>\n<\/tr>\n<tr>\n<td class=\"spec-label\">Slot para cabo de seguran\u00e7a<\/td>\n<td class=\"spec-value\">Sim<\/td>\n<\/tr>\n<tr>\n<td class=\"spec-label\">Tipo de slot de cadeado antirroubo<\/td>\n<td class=\"spec-value\">Kensington<\/td>\n<\/tr>\n<tr>\n<td class=\"spec-subheading\" colspan=\"2\"><b>Antena<\/b><\/td>\n<\/tr>\n<tr>\n<td class=\"spec-label\">Tipo de antena<\/td>\n<td class=\"spec-value\">Interno<\/td>\n<\/tr>\n<tr>\n<td class=\"spec-label\">Tipo de direcionamento da antena<\/td>\n<td class=\"spec-value\">Omnidirecional<\/td>\n<\/tr>\n<tr>\n<td class=\"spec-label\">Caracter\u00edsticas da antena<\/td>\n<td class=\"spec-value\">Antena integrada<\/td>\n<\/tr>\n<tr>\n<td class=\"spec-label\">Quantidade de antenas<\/td>\n<td class=\"spec-value\">4<\/td>\n<\/tr>\n<tr>\n<td class=\"spec-label\">N\u00edvel de sinal de antena (max)<\/td>\n<td class=\"spec-value\">7,5 dBi<\/td>\n<\/tr>\n<tr>\n<td class=\"spec-subheading\" colspan=\"2\"><b>Condi\u00e7\u00f5es ambientais<\/b><\/td>\n<\/tr>\n<tr>\n<td class=\"spec-label\">Gama de humidade relativa<\/td>\n<td class=\"spec-value\">5 &#8211; 93%<\/td>\n<\/tr>\n<tr>\n<td class=\"spec-label\">Temperatura ambiente<\/td>\n<td class=\"spec-value\">0 &#8211; 50 \u00b0C<\/td>\n<\/tr>\n<tr>\n<td class=\"spec-label\">Limite de temperaturas (armazenamento)<\/td>\n<td class=\"spec-value\">-40 &#8211; 70 \u00b0C<\/td>\n<\/tr>\n<tr>\n<td class=\"spec-label\">Humidade de n\u00e3o funcionamento<\/td>\n<td class=\"spec-value\">5 &#8211; 93%<\/td>\n<\/tr>\n<tr>\n<td class=\"spec-subheading\" colspan=\"2\"><b>Pesos e dimens\u00f5es<\/b><\/td>\n<\/tr>\n<tr>\n<td class=\"spec-label\">Largura do produto<\/td>\n<td class=\"spec-value\">200 mm<\/td>\n<\/tr>\n<tr>\n<td class=\"spec-label\">Profundidade da Unidade<\/td>\n<td class=\"spec-value\">200 mm<\/td>\n<\/tr>\n<tr>\n<td class=\"spec-label\">Altura da Unidade<\/td>\n<td class=\"spec-value\">46 mm<\/td>\n<\/tr>\n<tr>\n<td class=\"spec-label\">Peso do produto<\/td>\n<td class=\"spec-value\">810 g<\/td>\n<\/tr>\n<tr>\n<td class=\"spec-subheading\" colspan=\"2\"><b>Embalagem<\/b><\/td>\n<\/tr>\n<tr>\n<td class=\"spec-label\">Largura<\/td>\n<td class=\"spec-value\">230 mm<\/td>\n<\/tr>\n<tr>\n<td class=\"spec-label\">Profundidade da caixa<\/td>\n<td class=\"spec-value\">220 mm<\/td>\n<\/tr>\n<tr>\n<td class=\"spec-label\">Altura da caixa<\/td>\n<td class=\"spec-value\">72 mm<\/td>\n<\/tr>\n<tr>\n<td class=\"spec-label\">Peso incl. Embalagem<\/td>\n<td class=\"spec-value\">1,01 kg<\/td>\n<\/tr>\n<\/tbody>\n<\/table>\n<\/div>\n<\/div>\n","protected":false},"excerpt":{"rendered":"<p>2,4 GHz:\u00a0Sim 5 GHz:\u00a0Sim Velocidade m\u00e1xima de transfer\u00eancia:\u00a05375 Mbit\/s Velocidade de transfer\u00eancia de dados m\u00e1xima (2.4 GHz):\u00a0575 Mbit\/s Velocidade de transfer\u00eancia de dados m\u00e1xima (5 GHz):\u00a04800 Mbit\/s Ethernet LAN taxa<\/p>\n","protected":false},"featured_media":7521,"comment_status":"open","ping_status":"closed","template":"","meta":{"_joinchat":[]},"product_brand":[],"product_cat":[313],"product_tag":[],"class_list":{"0":"post-7520","1":"product","2":"type-product","3":"status-publish","4":"has-post-thumbnail","6":"product_cat-switch-hp","8":"first","9":"instock","10":"shipping-taxable","11":"purchasable","12":"product-type-simple"},"yoast_head":"<!-- This site is optimized with the Yoast SEO plugin v27.4 - https:\/\/yoast.com\/product\/yoast-seo-wordpress\/ -->\n<title>HPE Aruba AP-515 Access Point RW Dual Radio 4x4:4 + 2x2:2 802.11ax Internal Antennas Unified Campus - Cyberlogics Technologies Angola<\/title>\n<meta name=\"description\" content=\"A Maior Loja Online de Angola de Licen\u00e7as Microsoft Office | Chaves Sistemas Operativos Windows | Antiv\u00edrus | Cloud Adobe | Inform\u00e1tica &amp; Servidores | Softwares de Gest\u00e3o ERP | Gaming Hardware | UPS e Baterias &amp; Muito Mais...\" \/>\n<meta name=\"robots\" content=\"index, follow, max-snippet:-1, max-image-preview:large, max-video-preview:-1\" \/>\n<link rel=\"canonical\" href=\"https:\/\/cyberlogics.ao\/index.php\/product\/hpe-aruba-ap-515-access-point-rw-dual-radio-4x44-2x22-802-11ax-internal-antennas-unified-campus\/\" \/>\n<meta property=\"og:locale\" content=\"pt_PT\" \/>\n<meta property=\"og:type\" content=\"article\" \/>\n<meta property=\"og:title\" content=\"HPE Aruba AP-515 Access Point RW Dual Radio 4x4:4 + 2x2:2 802.11ax Internal Antennas Unified Campus - Cyberlogics Technologies Angola\" \/>\n<meta property=\"og:description\" content=\"A Maior Loja Online de Angola de Licen\u00e7as Microsoft Office | Chaves Sistemas Operativos Windows | Antiv\u00edrus | Cloud Adobe | Inform\u00e1tica &amp; Servidores | Softwares de Gest\u00e3o ERP | Gaming Hardware | UPS e Baterias &amp; Muito Mais...\" \/>\n<meta property=\"og:url\" content=\"https:\/\/cyberlogics.ao\/index.php\/product\/hpe-aruba-ap-515-access-point-rw-dual-radio-4x44-2x22-802-11ax-internal-antennas-unified-campus\/\" \/>\n<meta property=\"og:site_name\" content=\"Cyberlogics Technologies Angola\" \/>\n<meta property=\"article:modified_time\" content=\"2023-08-01T11:30:12+00:00\" \/>\n<meta property=\"og:image\" content=\"http:\/\/cyberlogics.ao\/wp-content\/uploads\/2023\/08\/AJ1.webp\" \/>\n\t<meta property=\"og:image:width\" content=\"1500\" \/>\n\t<meta property=\"og:image:height\" content=\"1500\" \/>\n\t<meta property=\"og:image:type\" content=\"image\/webp\" \/>\n<meta name=\"twitter:card\" content=\"summary_large_image\" \/>\n<meta name=\"twitter:label1\" content=\"Tempo estimado de leitura\" \/>\n\t<meta name=\"twitter:data1\" content=\"3 minutos\" \/>\n<script type=\"application\/ld+json\" class=\"yoast-schema-graph\">{\"@context\":\"https:\\\/\\\/schema.org\",\"@graph\":[{\"@type\":\"WebPage\",\"@id\":\"https:\\\/\\\/cyberlogics.ao\\\/index.php\\\/product\\\/hpe-aruba-ap-515-access-point-rw-dual-radio-4x44-2x22-802-11ax-internal-antennas-unified-campus\\\/\",\"url\":\"https:\\\/\\\/cyberlogics.ao\\\/index.php\\\/product\\\/hpe-aruba-ap-515-access-point-rw-dual-radio-4x44-2x22-802-11ax-internal-antennas-unified-campus\\\/\",\"name\":\"HPE Aruba AP-515 Access Point RW Dual Radio 4x4:4 + 2x2:2 802.11ax Internal Antennas Unified Campus - Cyberlogics Technologies Angola\",\"isPartOf\":{\"@id\":\"https:\\\/\\\/cyberlogics.ao\\\/#website\"},\"primaryImageOfPage\":{\"@id\":\"https:\\\/\\\/cyberlogics.ao\\\/index.php\\\/product\\\/hpe-aruba-ap-515-access-point-rw-dual-radio-4x44-2x22-802-11ax-internal-antennas-unified-campus\\\/#primaryimage\"},\"image\":{\"@id\":\"https:\\\/\\\/cyberlogics.ao\\\/index.php\\\/product\\\/hpe-aruba-ap-515-access-point-rw-dual-radio-4x44-2x22-802-11ax-internal-antennas-unified-campus\\\/#primaryimage\"},\"thumbnailUrl\":\"https:\\\/\\\/cyberlogics.ao\\\/wp-content\\\/uploads\\\/2023\\\/08\\\/AJ1.webp\",\"datePublished\":\"2023-08-01T11:30:11+00:00\",\"dateModified\":\"2023-08-01T11:30:12+00:00\",\"description\":\"A Maior Loja Online de Angola de Licen\u00e7as Microsoft Office | Chaves Sistemas Operativos Windows | Antiv\u00edrus | Cloud Adobe | Inform\u00e1tica & Servidores | Softwares de Gest\u00e3o ERP | Gaming Hardware | UPS e Baterias & Muito Mais...\",\"breadcrumb\":{\"@id\":\"https:\\\/\\\/cyberlogics.ao\\\/index.php\\\/product\\\/hpe-aruba-ap-515-access-point-rw-dual-radio-4x44-2x22-802-11ax-internal-antennas-unified-campus\\\/#breadcrumb\"},\"inLanguage\":\"pt-PT\",\"potentialAction\":[{\"@type\":\"ReadAction\",\"target\":[\"https:\\\/\\\/cyberlogics.ao\\\/index.php\\\/product\\\/hpe-aruba-ap-515-access-point-rw-dual-radio-4x44-2x22-802-11ax-internal-antennas-unified-campus\\\/\"]}]},{\"@type\":\"ImageObject\",\"inLanguage\":\"pt-PT\",\"@id\":\"https:\\\/\\\/cyberlogics.ao\\\/index.php\\\/product\\\/hpe-aruba-ap-515-access-point-rw-dual-radio-4x44-2x22-802-11ax-internal-antennas-unified-campus\\\/#primaryimage\",\"url\":\"https:\\\/\\\/cyberlogics.ao\\\/wp-content\\\/uploads\\\/2023\\\/08\\\/AJ1.webp\",\"contentUrl\":\"https:\\\/\\\/cyberlogics.ao\\\/wp-content\\\/uploads\\\/2023\\\/08\\\/AJ1.webp\",\"width\":1500,\"height\":1500},{\"@type\":\"BreadcrumbList\",\"@id\":\"https:\\\/\\\/cyberlogics.ao\\\/index.php\\\/product\\\/hpe-aruba-ap-515-access-point-rw-dual-radio-4x44-2x22-802-11ax-internal-antennas-unified-campus\\\/#breadcrumb\",\"itemListElement\":[{\"@type\":\"ListItem\",\"position\":1,\"name\":\"In\u00edcio\",\"item\":\"https:\\\/\\\/cyberlogics.ao\\\/\"},{\"@type\":\"ListItem\",\"position\":2,\"name\":\"Produtos\",\"item\":\"https:\\\/\\\/cyberlogics.ao\\\/index.php\\\/shop-2\\\/\"},{\"@type\":\"ListItem\",\"position\":3,\"name\":\"HPE Aruba AP-515 Access Point RW Dual Radio 4&#215;4:4 + 2&#215;2:2 802.11ax Internal Antennas Unified Campus\"}]},{\"@type\":\"WebSite\",\"@id\":\"https:\\\/\\\/cyberlogics.ao\\\/#website\",\"url\":\"https:\\\/\\\/cyberlogics.ao\\\/\",\"name\":\"Cyberlogics Technologies Angola\",\"description\":\"Loja Online de Licen\u00e7as de Softwares e Inform\u00e1tica\",\"publisher\":{\"@id\":\"https:\\\/\\\/cyberlogics.ao\\\/#organization\"},\"potentialAction\":[{\"@type\":\"SearchAction\",\"target\":{\"@type\":\"EntryPoint\",\"urlTemplate\":\"https:\\\/\\\/cyberlogics.ao\\\/?s={search_term_string}\"},\"query-input\":{\"@type\":\"PropertyValueSpecification\",\"valueRequired\":true,\"valueName\":\"search_term_string\"}}],\"inLanguage\":\"pt-PT\"},{\"@type\":\"Organization\",\"@id\":\"https:\\\/\\\/cyberlogics.ao\\\/#organization\",\"name\":\"Cyberlogics Ao Technologies - Loja Online de Licen\u00e7as de Softwares e Inform\u00e1tica\",\"url\":\"https:\\\/\\\/cyberlogics.ao\\\/\",\"logo\":{\"@type\":\"ImageObject\",\"inLanguage\":\"pt-PT\",\"@id\":\"https:\\\/\\\/cyberlogics.ao\\\/#\\\/schema\\\/logo\\\/image\\\/\",\"url\":\"https:\\\/\\\/cyberlogics.ao\\\/wp-content\\\/uploads\\\/2022\\\/04\\\/CT-logo.png\",\"contentUrl\":\"https:\\\/\\\/cyberlogics.ao\\\/wp-content\\\/uploads\\\/2022\\\/04\\\/CT-logo.png\",\"width\":190,\"height\":75,\"caption\":\"Cyberlogics Ao Technologies - Loja Online de Licen\u00e7as de Softwares e Inform\u00e1tica\"},\"image\":{\"@id\":\"https:\\\/\\\/cyberlogics.ao\\\/#\\\/schema\\\/logo\\\/image\\\/\"}}]}<\/script>\n<!-- \/ Yoast SEO plugin. -->","yoast_head_json":{"title":"HPE Aruba AP-515 Access Point RW Dual Radio 4x4:4 + 2x2:2 802.11ax Internal Antennas Unified Campus - Cyberlogics Technologies Angola","description":"A Maior Loja Online de Angola de Licen\u00e7as Microsoft Office | Chaves Sistemas Operativos Windows | Antiv\u00edrus | Cloud Adobe | Inform\u00e1tica & Servidores | Softwares de Gest\u00e3o ERP | Gaming Hardware | UPS e Baterias & Muito Mais...","robots":{"index":"index","follow":"follow","max-snippet":"max-snippet:-1","max-image-preview":"max-image-preview:large","max-video-preview":"max-video-preview:-1"},"canonical":"https:\/\/cyberlogics.ao\/index.php\/product\/hpe-aruba-ap-515-access-point-rw-dual-radio-4x44-2x22-802-11ax-internal-antennas-unified-campus\/","og_locale":"pt_PT","og_type":"article","og_title":"HPE Aruba AP-515 Access Point RW Dual Radio 4x4:4 + 2x2:2 802.11ax Internal Antennas Unified Campus - Cyberlogics Technologies Angola","og_description":"A Maior Loja Online de Angola de Licen\u00e7as Microsoft Office | Chaves Sistemas Operativos Windows | Antiv\u00edrus | Cloud Adobe | Inform\u00e1tica & Servidores | Softwares de Gest\u00e3o ERP | Gaming Hardware | UPS e Baterias & Muito Mais...","og_url":"https:\/\/cyberlogics.ao\/index.php\/product\/hpe-aruba-ap-515-access-point-rw-dual-radio-4x44-2x22-802-11ax-internal-antennas-unified-campus\/","og_site_name":"Cyberlogics Technologies Angola","article_modified_time":"2023-08-01T11:30:12+00:00","og_image":[{"width":1500,"height":1500,"url":"http:\/\/cyberlogics.ao\/wp-content\/uploads\/2023\/08\/AJ1.webp","type":"image\/webp"}],"twitter_card":"summary_large_image","twitter_misc":{"Tempo estimado de leitura":"3 minutos"},"schema":{"@context":"https:\/\/schema.org","@graph":[{"@type":"WebPage","@id":"https:\/\/cyberlogics.ao\/index.php\/product\/hpe-aruba-ap-515-access-point-rw-dual-radio-4x44-2x22-802-11ax-internal-antennas-unified-campus\/","url":"https:\/\/cyberlogics.ao\/index.php\/product\/hpe-aruba-ap-515-access-point-rw-dual-radio-4x44-2x22-802-11ax-internal-antennas-unified-campus\/","name":"HPE Aruba AP-515 Access Point RW Dual Radio 4x4:4 + 2x2:2 802.11ax Internal Antennas Unified Campus - Cyberlogics Technologies Angola","isPartOf":{"@id":"https:\/\/cyberlogics.ao\/#website"},"primaryImageOfPage":{"@id":"https:\/\/cyberlogics.ao\/index.php\/product\/hpe-aruba-ap-515-access-point-rw-dual-radio-4x44-2x22-802-11ax-internal-antennas-unified-campus\/#primaryimage"},"image":{"@id":"https:\/\/cyberlogics.ao\/index.php\/product\/hpe-aruba-ap-515-access-point-rw-dual-radio-4x44-2x22-802-11ax-internal-antennas-unified-campus\/#primaryimage"},"thumbnailUrl":"https:\/\/cyberlogics.ao\/wp-content\/uploads\/2023\/08\/AJ1.webp","datePublished":"2023-08-01T11:30:11+00:00","dateModified":"2023-08-01T11:30:12+00:00","description":"A Maior Loja Online de Angola de Licen\u00e7as Microsoft Office | Chaves Sistemas Operativos Windows | Antiv\u00edrus | Cloud Adobe | Inform\u00e1tica & Servidores | Softwares de Gest\u00e3o ERP | Gaming Hardware | UPS e Baterias & Muito Mais...","breadcrumb":{"@id":"https:\/\/cyberlogics.ao\/index.php\/product\/hpe-aruba-ap-515-access-point-rw-dual-radio-4x44-2x22-802-11ax-internal-antennas-unified-campus\/#breadcrumb"},"inLanguage":"pt-PT","potentialAction":[{"@type":"ReadAction","target":["https:\/\/cyberlogics.ao\/index.php\/product\/hpe-aruba-ap-515-access-point-rw-dual-radio-4x44-2x22-802-11ax-internal-antennas-unified-campus\/"]}]},{"@type":"ImageObject","inLanguage":"pt-PT","@id":"https:\/\/cyberlogics.ao\/index.php\/product\/hpe-aruba-ap-515-access-point-rw-dual-radio-4x44-2x22-802-11ax-internal-antennas-unified-campus\/#primaryimage","url":"https:\/\/cyberlogics.ao\/wp-content\/uploads\/2023\/08\/AJ1.webp","contentUrl":"https:\/\/cyberlogics.ao\/wp-content\/uploads\/2023\/08\/AJ1.webp","width":1500,"height":1500},{"@type":"BreadcrumbList","@id":"https:\/\/cyberlogics.ao\/index.php\/product\/hpe-aruba-ap-515-access-point-rw-dual-radio-4x44-2x22-802-11ax-internal-antennas-unified-campus\/#breadcrumb","itemListElement":[{"@type":"ListItem","position":1,"name":"In\u00edcio","item":"https:\/\/cyberlogics.ao\/"},{"@type":"ListItem","position":2,"name":"Produtos","item":"https:\/\/cyberlogics.ao\/index.php\/shop-2\/"},{"@type":"ListItem","position":3,"name":"HPE Aruba AP-515 Access Point RW Dual Radio 4&#215;4:4 + 2&#215;2:2 802.11ax Internal Antennas Unified Campus"}]},{"@type":"WebSite","@id":"https:\/\/cyberlogics.ao\/#website","url":"https:\/\/cyberlogics.ao\/","name":"Cyberlogics Technologies Angola","description":"Loja Online de Licen\u00e7as de Softwares e Inform\u00e1tica","publisher":{"@id":"https:\/\/cyberlogics.ao\/#organization"},"potentialAction":[{"@type":"SearchAction","target":{"@type":"EntryPoint","urlTemplate":"https:\/\/cyberlogics.ao\/?s={search_term_string}"},"query-input":{"@type":"PropertyValueSpecification","valueRequired":true,"valueName":"search_term_string"}}],"inLanguage":"pt-PT"},{"@type":"Organization","@id":"https:\/\/cyberlogics.ao\/#organization","name":"Cyberlogics Ao Technologies - Loja Online de Licen\u00e7as de Softwares e Inform\u00e1tica","url":"https:\/\/cyberlogics.ao\/","logo":{"@type":"ImageObject","inLanguage":"pt-PT","@id":"https:\/\/cyberlogics.ao\/#\/schema\/logo\/image\/","url":"https:\/\/cyberlogics.ao\/wp-content\/uploads\/2022\/04\/CT-logo.png","contentUrl":"https:\/\/cyberlogics.ao\/wp-content\/uploads\/2022\/04\/CT-logo.png","width":190,"height":75,"caption":"Cyberlogics Ao Technologies - Loja Online de Licen\u00e7as de Softwares e Inform\u00e1tica"},"image":{"@id":"https:\/\/cyberlogics.ao\/#\/schema\/logo\/image\/"}}]}},"_links":{"self":[{"href":"https:\/\/cyberlogics.ao\/index.php\/wp-json\/wp\/v2\/product\/7520","targetHints":{"allow":["GET"]}}],"collection":[{"href":"https:\/\/cyberlogics.ao\/index.php\/wp-json\/wp\/v2\/product"}],"about":[{"href":"https:\/\/cyberlogics.ao\/index.php\/wp-json\/wp\/v2\/types\/product"}],"replies":[{"embeddable":true,"href":"https:\/\/cyberlogics.ao\/index.php\/wp-json\/wp\/v2\/comments?post=7520"}],"wp:featuredmedia":[{"embeddable":true,"href":"https:\/\/cyberlogics.ao\/index.php\/wp-json\/wp\/v2\/media\/7521"}],"wp:attachment":[{"href":"https:\/\/cyberlogics.ao\/index.php\/wp-json\/wp\/v2\/media?parent=7520"}],"wp:term":[{"taxonomy":"product_brand","embeddable":true,"href":"https:\/\/cyberlogics.ao\/index.php\/wp-json\/wp\/v2\/product_brand?post=7520"},{"taxonomy":"product_cat","embeddable":true,"href":"https:\/\/cyberlogics.ao\/index.php\/wp-json\/wp\/v2\/product_cat?post=7520"},{"taxonomy":"product_tag","embeddable":true,"href":"https:\/\/cyberlogics.ao\/index.php\/wp-json\/wp\/v2\/product_tag?post=7520"}],"curies":[{"name":"wp","href":"https:\/\/api.w.org\/{rel}","templated":true}]}}