{"id":7546,"date":"2023-09-21T15:36:05","date_gmt":"2023-09-21T15:36:05","guid":{"rendered":"https:\/\/cyberlogics.ao\/?post_type=product&#038;p=7546"},"modified":"2024-02-09T15:21:32","modified_gmt":"2024-02-09T15:21:32","slug":"hpe-proliant-dl20-gen10-intel-xeon-e-2336-6-core-2-90ghz-12mb-16gb-1-x-16gb-4-x-hot-plug-2-5in-sff-intel-vroc-raid-500w","status":"publish","type":"product","link":"https:\/\/cyberlogics.ao\/index.php\/product\/hpe-proliant-dl20-gen10-intel-xeon-e-2336-6-core-2-90ghz-12mb-16gb-1-x-16gb-4-x-hot-plug-2-5in-sff-intel-vroc-raid-500w\/","title":{"rendered":"HPE ProLiant DL20 Gen10+ Intel Xeon E-2336 6-Core (2.90GHz 12MB) 16GB (1 x 16GB) 4 x Hot-Plug 2.5in SFF Intel VROC RAID 500W"},"content":{"rendered":"<div class=\"product-spec-title\">Especifica\u00e7\u00e3o<\/div>\n<div class=\"tab-content tab-content-description\">\n<table id=\"icecat-specification-table\" class=\"product_specs\">\n<tbody>\n<tr>\n<td class=\"spec-subheading\" colspan=\"2\"><b>Processador<\/b><\/td>\n<\/tr>\n<tr>\n<td class=\"spec-label\">Fabricante do processador<\/td>\n<td class=\"spec-value\">Intel<\/td>\n<\/tr>\n<tr>\n<td class=\"spec-label\">Modelo de processador<\/td>\n<td class=\"spec-value\">E-2336<\/td>\n<\/tr>\n<tr>\n<td class=\"spec-label\">Frequ\u00eancia do processador<\/td>\n<td class=\"spec-value\">2,9 GHz<\/td>\n<\/tr>\n<tr>\n<td class=\"spec-label\">Frequ\u00eancia turbo (max) do processador<\/td>\n<td class=\"spec-value\">4,8 GHz<\/td>\n<\/tr>\n<tr>\n<td class=\"spec-label\">Fam\u00edlia de processador<\/td>\n<td class=\"spec-value\">Intel Xeon E<\/td>\n<\/tr>\n<tr>\n<td class=\"spec-label\">Cache do processador<\/td>\n<td class=\"spec-value\">12 MB<\/td>\n<\/tr>\n<tr>\n<td class=\"spec-label\">Execute Disable Bit<\/td>\n<td class=\"spec-value\">Sim<\/td>\n<\/tr>\n<tr>\n<td class=\"spec-label\">Idle States<\/td>\n<td class=\"spec-value\">Sim<\/td>\n<\/tr>\n<tr>\n<td class=\"spec-label\">Op\u00e7\u00f5es incorporadas dispon\u00edveis<\/td>\n<td class=\"spec-value\">N\u00e3o<\/td>\n<\/tr>\n<tr>\n<td class=\"spec-subheading\" colspan=\"2\"><b>Mem\u00f3ria<\/b><\/td>\n<\/tr>\n<tr>\n<td class=\"spec-label\">Capacidade da mem\u00f3ria incorporada<\/td>\n<td class=\"spec-value\">16 GB<\/td>\n<\/tr>\n<tr>\n<td class=\"spec-label\">Tipo de mem\u00f3ria incorporada<\/td>\n<td class=\"spec-value\">DDR4-SDRAM<\/td>\n<\/tr>\n<tr>\n<td class=\"spec-label\">Slots de mem\u00f3ria<\/td>\n<td class=\"spec-value\">4x DIMM<\/td>\n<\/tr>\n<tr>\n<td class=\"spec-label\">ECC<\/td>\n<td class=\"spec-value\">Sim<\/td>\n<\/tr>\n<tr>\n<td class=\"spec-label\">Velocidade do clock<\/td>\n<td class=\"spec-value\">3200 MHz<\/td>\n<\/tr>\n<tr>\n<td class=\"spec-label\">Disposi\u00e7\u00e3o da mem\u00f3ria<\/td>\n<td class=\"spec-value\">1 x 16 GB<\/td>\n<\/tr>\n<tr>\n<td class=\"spec-label\">Mem\u00f3ria m\u00e1xima<\/td>\n<td class=\"spec-value\">128 GB<\/td>\n<\/tr>\n<tr>\n<td class=\"spec-subheading\" colspan=\"2\"><b>M\u00eddia de armazenamento<\/b><\/td>\n<\/tr>\n<tr>\n<td class=\"spec-label\">Capacidade m\u00e1xima de armazenamento<\/td>\n<td class=\"spec-value\">46,08 TB<\/td>\n<\/tr>\n<tr>\n<td class=\"spec-label\">Interface do host<\/td>\n<td class=\"spec-value\">Serial Attached SCSI (SAS)<\/td>\n<\/tr>\n<tr>\n<td class=\"spec-label\">Suporte RAID<\/td>\n<td class=\"spec-value\">Sim<\/td>\n<\/tr>\n<tr>\n<td class=\"spec-label\">N\u00edveis RAID<\/td>\n<td class=\"spec-value\">0, 1, 5, 10<\/td>\n<\/tr>\n<tr>\n<td class=\"spec-label\">Unidades \u00f3pticas<\/td>\n<td class=\"spec-value\">N\u00e3o<\/td>\n<\/tr>\n<tr>\n<td class=\"spec-subheading\" colspan=\"2\"><b>Rede<\/b><\/td>\n<\/tr>\n<tr>\n<td class=\"spec-label\">Tecnologia de cablagem<\/td>\n<td class=\"spec-value\">10\/100\/1000Base-T(X)<\/td>\n<\/tr>\n<tr>\n<td class=\"spec-label\">Ethernet LAN<\/td>\n<td class=\"spec-value\">Sim<\/td>\n<\/tr>\n<tr>\n<td class=\"spec-label\">Controlador LAN<\/td>\n<td class=\"spec-value\">Broadcom BCM5720<\/td>\n<\/tr>\n<tr>\n<td class=\"spec-label\">Tipo de ethernet interface<\/td>\n<td class=\"spec-value\">Gigabit Ethernet<\/td>\n<\/tr>\n<tr>\n<td class=\"spec-subheading\" colspan=\"2\"><b>Conectividade<\/b><\/td>\n<\/tr>\n<tr>\n<td class=\"spec-label\">Quantidade de portas Ethernet LAN (RJ-45)<\/td>\n<td class=\"spec-value\">2<\/td>\n<\/tr>\n<tr>\n<td class=\"spec-label\">Quantidade de portas USB 2.0<\/td>\n<td class=\"spec-value\">1<\/td>\n<\/tr>\n<tr>\n<td class=\"spec-label\">Quantidade de portas USB 3.2 Gen 2 (3.1 Gen 2) Tipo A<\/td>\n<td class=\"spec-value\">3<\/td>\n<\/tr>\n<tr>\n<td class=\"spec-label\">Quantidade de portas VGA<\/td>\n<td class=\"spec-value\">1<\/td>\n<\/tr>\n<tr>\n<td class=\"spec-subheading\" colspan=\"2\"><b>Design<\/b><\/td>\n<\/tr>\n<tr>\n<td class=\"spec-label\">Tipo de chassis<\/td>\n<td class=\"spec-value\">Rack (1U)<\/td>\n<\/tr>\n<tr>\n<td class=\"spec-subheading\" colspan=\"2\"><b>Software<\/b><\/td>\n<\/tr>\n<tr>\n<td class=\"spec-label\">Sistema Operativo<\/td>\n<td class=\"spec-value\">Microsoft Windows Server 2019: Essentials, Standard, Datacenter, Hyper-V Microsoft Windows Server 2022: Essentials, Standard, Datacenter Red Hat Enterprise Linux (RHEL): 8.4 (64 bit, includes KVM) SUSE Linux Enterprise Server (SLES): 12 SP5, 15 SP3 (64 bit, includes KVM &amp; Xen) VMware ESXi: 7.0 U3<\/td>\n<\/tr>\n<tr>\n<td class=\"spec-subheading\" colspan=\"2\"><b>Caracter\u00edsticas especiais de processadores<\/b><\/td>\n<\/tr>\n<tr>\n<td class=\"spec-label\">Enhanced Intel SpeedStep Technology<\/td>\n<td class=\"spec-value\">Sim<\/td>\n<\/tr>\n<tr>\n<td class=\"spec-label\">Intel Trusted Execution Technology<\/td>\n<td class=\"spec-value\">Sim<\/td>\n<\/tr>\n<tr>\n<td class=\"spec-label\">Configura\u00e7\u00e3o do CPU (m\u00e1x.)<\/td>\n<td class=\"spec-value\">1<\/td>\n<\/tr>\n<tr>\n<td class=\"spec-label\">Intel VT-x with Extended Page Tables (EPT)<\/td>\n<td class=\"spec-value\">Sim<\/td>\n<\/tr>\n<tr>\n<td class=\"spec-label\">Intel\u00ae 64<\/td>\n<td class=\"spec-value\">Sim<\/td>\n<\/tr>\n<tr>\n<td class=\"spec-label\">Tecnologia de virtualiza\u00e7\u00e3o Intel\u00ae para E\/S direcionada (VT-d)<\/td>\n<td class=\"spec-value\">Sim<\/td>\n<\/tr>\n<tr>\n<td class=\"spec-label\">Intel Software Guard Extensions (Intel SGX)<\/td>\n<td class=\"spec-value\">Sim<\/td>\n<\/tr>\n<tr>\n<td class=\"spec-label\">Intel Virtualization Technology (VT-x)<\/td>\n<td class=\"spec-value\">Sim<\/td>\n<\/tr>\n<tr>\n<td class=\"spec-subheading\" colspan=\"2\"><b>Gest\u00e3o de energia<\/b><\/td>\n<\/tr>\n<tr>\n<td class=\"spec-label\">Alimenta\u00e7\u00e3o<\/td>\n<td class=\"spec-value\">500 W<\/td>\n<\/tr>\n<tr>\n<td class=\"spec-label\">Fonte de Alimenta\u00e7\u00e3o Redundante<\/td>\n<td class=\"spec-value\">Sim<\/td>\n<\/tr>\n<tr>\n<td class=\"spec-label\">Voltagem de entrada de fonte de alimenta\u00e7\u00e3o<\/td>\n<td class=\"spec-value\">100 &#8211; 240 V<\/td>\n<\/tr>\n<tr>\n<td class=\"spec-label\">Frequ\u00eancia<\/td>\n<td class=\"spec-value\">50\/60 Hz<\/td>\n<\/tr>\n<tr>\n<td class=\"spec-subheading\" colspan=\"2\"><b>Pesos e dimens\u00f5es<\/b><\/td>\n<\/tr>\n<tr>\n<td class=\"spec-label\">Largura do produto<\/td>\n<td class=\"spec-value\">434,6 mm<\/td>\n<\/tr>\n<tr>\n<td class=\"spec-label\">Altura da Unidade<\/td>\n<td class=\"spec-value\">43,2 mm<\/td>\n<\/tr>\n<tr>\n<td class=\"spec-label\">Profundidade da Unidade<\/td>\n<td class=\"spec-value\">382,2 mm<\/td>\n<\/tr>\n<\/tbody>\n<\/table>\n<div class=\"clearer\"><\/div>\n<\/div>\n","protected":false},"excerpt":{"rendered":"<h2>Hewlett Packard Enterprise ProLiant DL20 Gen10 Plus, 2,9 GHz, E-2336, 16 GB, DDR4-SDRAM, 500 W, Rack (1U)<\/h2>\n<p>Hewlett Packard Enterprise ProLiant DL20 Gen10 Plus. Fam\u00edlia de processador: Intel Xeon E, Frequ\u00eancia do processador: 2,9 GHz, Modelo de processador: E-2336. Capacidade da mem\u00f3ria incorporada: 16 GB, Tipo de mem\u00f3ria interna: DDR4-SDRAM, Disposi\u00e7\u00e3o da mem\u00f3ria (ranhuras x capacidade): 1 x 16 GB. Interface do host: Serial Attached SCSI (SAS). Ethernet LAN, Tecnologia de cablagem: 10\/100\/1000Base-T(X). Alimenta\u00e7\u00e3o: 500 W, Suporta fonte de alimenta\u00e7\u00e3o redundante (RPS). Tipo de chassis: Rack (1U)<\/p>\n","protected":false},"featured_media":7547,"comment_status":"open","ping_status":"closed","template":"","meta":{"_joinchat":[]},"product_brand":[],"product_cat":[115,261],"product_tag":[],"class_list":{"0":"post-7546","1":"product","2":"type-product","3":"status-publish","4":"has-post-thumbnail","6":"product_cat-servidores","7":"product_cat-servidores-rack","9":"first","10":"instock","11":"shipping-taxable","12":"purchasable","13":"product-type-simple"},"yoast_head":"<!-- This site is optimized with the Yoast SEO plugin v27.4 - https:\/\/yoast.com\/product\/yoast-seo-wordpress\/ -->\n<title>HPE ProLiant DL20 Gen10+ Intel Xeon E-2336 6-Core (2.90GHz 12MB) 16GB (1 x 16GB) 4 x Hot-Plug 2.5in SFF Intel VROC RAID 500W - Cyberlogics Technologies Angola<\/title>\n<meta name=\"description\" content=\"A Maior Loja Online de Angola de Licen\u00e7as Microsoft Office | Chaves Sistemas Operativos Windows | Antiv\u00edrus | Cloud Adobe | Inform\u00e1tica &amp; Servidores | Softwares de Gest\u00e3o ERP | Gaming Hardware | UPS e Baterias &amp; Muito Mais...\" \/>\n<meta name=\"robots\" content=\"index, follow, max-snippet:-1, max-image-preview:large, max-video-preview:-1\" \/>\n<link rel=\"canonical\" href=\"https:\/\/cyberlogics.ao\/index.php\/product\/hpe-proliant-dl20-gen10-intel-xeon-e-2336-6-core-2-90ghz-12mb-16gb-1-x-16gb-4-x-hot-plug-2-5in-sff-intel-vroc-raid-500w\/\" \/>\n<meta property=\"og:locale\" content=\"pt_PT\" \/>\n<meta property=\"og:type\" content=\"article\" \/>\n<meta property=\"og:title\" content=\"HPE ProLiant DL20 Gen10+ Intel Xeon E-2336 6-Core (2.90GHz 12MB) 16GB (1 x 16GB) 4 x Hot-Plug 2.5in SFF Intel VROC RAID 500W - Cyberlogics Technologies Angola\" \/>\n<meta property=\"og:description\" content=\"A Maior Loja Online de Angola de Licen\u00e7as Microsoft Office | Chaves Sistemas Operativos Windows | Antiv\u00edrus | Cloud Adobe | Inform\u00e1tica &amp; Servidores | Softwares de Gest\u00e3o ERP | Gaming Hardware | UPS e Baterias &amp; Muito Mais...\" \/>\n<meta property=\"og:url\" content=\"https:\/\/cyberlogics.ao\/index.php\/product\/hpe-proliant-dl20-gen10-intel-xeon-e-2336-6-core-2-90ghz-12mb-16gb-1-x-16gb-4-x-hot-plug-2-5in-sff-intel-vroc-raid-500w\/\" \/>\n<meta property=\"og:site_name\" content=\"Cyberlogics Technologies Angola\" \/>\n<meta property=\"article:modified_time\" content=\"2024-02-09T15:21:32+00:00\" \/>\n<meta property=\"og:image\" content=\"http:\/\/cyberlogics.ao\/wp-content\/uploads\/2023\/09\/DL20.webp\" \/>\n\t<meta property=\"og:image:width\" content=\"800\" \/>\n\t<meta property=\"og:image:height\" content=\"600\" \/>\n\t<meta property=\"og:image:type\" content=\"image\/webp\" \/>\n<meta name=\"twitter:card\" content=\"summary_large_image\" \/>\n<meta name=\"twitter:label1\" content=\"Tempo estimado de leitura\" \/>\n\t<meta name=\"twitter:data1\" content=\"2 minutos\" \/>\n<script type=\"application\/ld+json\" class=\"yoast-schema-graph\">{\"@context\":\"https:\\\/\\\/schema.org\",\"@graph\":[{\"@type\":\"WebPage\",\"@id\":\"https:\\\/\\\/cyberlogics.ao\\\/index.php\\\/product\\\/hpe-proliant-dl20-gen10-intel-xeon-e-2336-6-core-2-90ghz-12mb-16gb-1-x-16gb-4-x-hot-plug-2-5in-sff-intel-vroc-raid-500w\\\/\",\"url\":\"https:\\\/\\\/cyberlogics.ao\\\/index.php\\\/product\\\/hpe-proliant-dl20-gen10-intel-xeon-e-2336-6-core-2-90ghz-12mb-16gb-1-x-16gb-4-x-hot-plug-2-5in-sff-intel-vroc-raid-500w\\\/\",\"name\":\"HPE ProLiant DL20 Gen10+ Intel Xeon E-2336 6-Core (2.90GHz 12MB) 16GB (1 x 16GB) 4 x Hot-Plug 2.5in SFF Intel VROC RAID 500W - Cyberlogics Technologies Angola\",\"isPartOf\":{\"@id\":\"https:\\\/\\\/cyberlogics.ao\\\/#website\"},\"primaryImageOfPage\":{\"@id\":\"https:\\\/\\\/cyberlogics.ao\\\/index.php\\\/product\\\/hpe-proliant-dl20-gen10-intel-xeon-e-2336-6-core-2-90ghz-12mb-16gb-1-x-16gb-4-x-hot-plug-2-5in-sff-intel-vroc-raid-500w\\\/#primaryimage\"},\"image\":{\"@id\":\"https:\\\/\\\/cyberlogics.ao\\\/index.php\\\/product\\\/hpe-proliant-dl20-gen10-intel-xeon-e-2336-6-core-2-90ghz-12mb-16gb-1-x-16gb-4-x-hot-plug-2-5in-sff-intel-vroc-raid-500w\\\/#primaryimage\"},\"thumbnailUrl\":\"https:\\\/\\\/cyberlogics.ao\\\/wp-content\\\/uploads\\\/2023\\\/09\\\/DL20.webp\",\"datePublished\":\"2023-09-21T15:36:05+00:00\",\"dateModified\":\"2024-02-09T15:21:32+00:00\",\"description\":\"A Maior Loja Online de Angola de Licen\u00e7as Microsoft Office | Chaves Sistemas Operativos Windows | Antiv\u00edrus | Cloud Adobe | Inform\u00e1tica & Servidores | Softwares de Gest\u00e3o ERP | Gaming Hardware | UPS e Baterias & Muito Mais...\",\"breadcrumb\":{\"@id\":\"https:\\\/\\\/cyberlogics.ao\\\/index.php\\\/product\\\/hpe-proliant-dl20-gen10-intel-xeon-e-2336-6-core-2-90ghz-12mb-16gb-1-x-16gb-4-x-hot-plug-2-5in-sff-intel-vroc-raid-500w\\\/#breadcrumb\"},\"inLanguage\":\"pt-PT\",\"potentialAction\":[{\"@type\":\"ReadAction\",\"target\":[\"https:\\\/\\\/cyberlogics.ao\\\/index.php\\\/product\\\/hpe-proliant-dl20-gen10-intel-xeon-e-2336-6-core-2-90ghz-12mb-16gb-1-x-16gb-4-x-hot-plug-2-5in-sff-intel-vroc-raid-500w\\\/\"]}]},{\"@type\":\"ImageObject\",\"inLanguage\":\"pt-PT\",\"@id\":\"https:\\\/\\\/cyberlogics.ao\\\/index.php\\\/product\\\/hpe-proliant-dl20-gen10-intel-xeon-e-2336-6-core-2-90ghz-12mb-16gb-1-x-16gb-4-x-hot-plug-2-5in-sff-intel-vroc-raid-500w\\\/#primaryimage\",\"url\":\"https:\\\/\\\/cyberlogics.ao\\\/wp-content\\\/uploads\\\/2023\\\/09\\\/DL20.webp\",\"contentUrl\":\"https:\\\/\\\/cyberlogics.ao\\\/wp-content\\\/uploads\\\/2023\\\/09\\\/DL20.webp\",\"width\":800,\"height\":600},{\"@type\":\"BreadcrumbList\",\"@id\":\"https:\\\/\\\/cyberlogics.ao\\\/index.php\\\/product\\\/hpe-proliant-dl20-gen10-intel-xeon-e-2336-6-core-2-90ghz-12mb-16gb-1-x-16gb-4-x-hot-plug-2-5in-sff-intel-vroc-raid-500w\\\/#breadcrumb\",\"itemListElement\":[{\"@type\":\"ListItem\",\"position\":1,\"name\":\"In\u00edcio\",\"item\":\"https:\\\/\\\/cyberlogics.ao\\\/\"},{\"@type\":\"ListItem\",\"position\":2,\"name\":\"Produtos\",\"item\":\"https:\\\/\\\/cyberlogics.ao\\\/index.php\\\/shop-2\\\/\"},{\"@type\":\"ListItem\",\"position\":3,\"name\":\"HPE ProLiant DL20 Gen10+ Intel Xeon E-2336 6-Core (2.90GHz 12MB) 16GB (1 x 16GB) 4 x Hot-Plug 2.5in SFF Intel VROC RAID 500W\"}]},{\"@type\":\"WebSite\",\"@id\":\"https:\\\/\\\/cyberlogics.ao\\\/#website\",\"url\":\"https:\\\/\\\/cyberlogics.ao\\\/\",\"name\":\"Cyberlogics Technologies Angola\",\"description\":\"Loja Online de Licen\u00e7as de Softwares e Inform\u00e1tica\",\"publisher\":{\"@id\":\"https:\\\/\\\/cyberlogics.ao\\\/#organization\"},\"potentialAction\":[{\"@type\":\"SearchAction\",\"target\":{\"@type\":\"EntryPoint\",\"urlTemplate\":\"https:\\\/\\\/cyberlogics.ao\\\/?s={search_term_string}\"},\"query-input\":{\"@type\":\"PropertyValueSpecification\",\"valueRequired\":true,\"valueName\":\"search_term_string\"}}],\"inLanguage\":\"pt-PT\"},{\"@type\":\"Organization\",\"@id\":\"https:\\\/\\\/cyberlogics.ao\\\/#organization\",\"name\":\"Cyberlogics Ao Technologies - Loja Online de Licen\u00e7as de Softwares e Inform\u00e1tica\",\"url\":\"https:\\\/\\\/cyberlogics.ao\\\/\",\"logo\":{\"@type\":\"ImageObject\",\"inLanguage\":\"pt-PT\",\"@id\":\"https:\\\/\\\/cyberlogics.ao\\\/#\\\/schema\\\/logo\\\/image\\\/\",\"url\":\"https:\\\/\\\/cyberlogics.ao\\\/wp-content\\\/uploads\\\/2022\\\/04\\\/CT-logo.png\",\"contentUrl\":\"https:\\\/\\\/cyberlogics.ao\\\/wp-content\\\/uploads\\\/2022\\\/04\\\/CT-logo.png\",\"width\":190,\"height\":75,\"caption\":\"Cyberlogics Ao Technologies - Loja Online de Licen\u00e7as de Softwares e Inform\u00e1tica\"},\"image\":{\"@id\":\"https:\\\/\\\/cyberlogics.ao\\\/#\\\/schema\\\/logo\\\/image\\\/\"}}]}<\/script>\n<!-- \/ Yoast SEO plugin. -->","yoast_head_json":{"title":"HPE ProLiant DL20 Gen10+ Intel Xeon E-2336 6-Core (2.90GHz 12MB) 16GB (1 x 16GB) 4 x Hot-Plug 2.5in SFF Intel VROC RAID 500W - Cyberlogics Technologies Angola","description":"A Maior Loja Online de Angola de Licen\u00e7as Microsoft Office | Chaves Sistemas Operativos Windows | Antiv\u00edrus | Cloud Adobe | Inform\u00e1tica & Servidores | Softwares de Gest\u00e3o ERP | Gaming Hardware | UPS e Baterias & Muito Mais...","robots":{"index":"index","follow":"follow","max-snippet":"max-snippet:-1","max-image-preview":"max-image-preview:large","max-video-preview":"max-video-preview:-1"},"canonical":"https:\/\/cyberlogics.ao\/index.php\/product\/hpe-proliant-dl20-gen10-intel-xeon-e-2336-6-core-2-90ghz-12mb-16gb-1-x-16gb-4-x-hot-plug-2-5in-sff-intel-vroc-raid-500w\/","og_locale":"pt_PT","og_type":"article","og_title":"HPE ProLiant DL20 Gen10+ Intel Xeon E-2336 6-Core (2.90GHz 12MB) 16GB (1 x 16GB) 4 x Hot-Plug 2.5in SFF Intel VROC RAID 500W - Cyberlogics Technologies Angola","og_description":"A Maior Loja Online de Angola de Licen\u00e7as Microsoft Office | Chaves Sistemas Operativos Windows | Antiv\u00edrus | Cloud Adobe | Inform\u00e1tica & Servidores | Softwares de Gest\u00e3o ERP | Gaming Hardware | UPS e Baterias & Muito Mais...","og_url":"https:\/\/cyberlogics.ao\/index.php\/product\/hpe-proliant-dl20-gen10-intel-xeon-e-2336-6-core-2-90ghz-12mb-16gb-1-x-16gb-4-x-hot-plug-2-5in-sff-intel-vroc-raid-500w\/","og_site_name":"Cyberlogics Technologies Angola","article_modified_time":"2024-02-09T15:21:32+00:00","og_image":[{"width":800,"height":600,"url":"http:\/\/cyberlogics.ao\/wp-content\/uploads\/2023\/09\/DL20.webp","type":"image\/webp"}],"twitter_card":"summary_large_image","twitter_misc":{"Tempo estimado de leitura":"2 minutos"},"schema":{"@context":"https:\/\/schema.org","@graph":[{"@type":"WebPage","@id":"https:\/\/cyberlogics.ao\/index.php\/product\/hpe-proliant-dl20-gen10-intel-xeon-e-2336-6-core-2-90ghz-12mb-16gb-1-x-16gb-4-x-hot-plug-2-5in-sff-intel-vroc-raid-500w\/","url":"https:\/\/cyberlogics.ao\/index.php\/product\/hpe-proliant-dl20-gen10-intel-xeon-e-2336-6-core-2-90ghz-12mb-16gb-1-x-16gb-4-x-hot-plug-2-5in-sff-intel-vroc-raid-500w\/","name":"HPE ProLiant DL20 Gen10+ Intel Xeon E-2336 6-Core (2.90GHz 12MB) 16GB (1 x 16GB) 4 x Hot-Plug 2.5in SFF Intel VROC RAID 500W - Cyberlogics Technologies Angola","isPartOf":{"@id":"https:\/\/cyberlogics.ao\/#website"},"primaryImageOfPage":{"@id":"https:\/\/cyberlogics.ao\/index.php\/product\/hpe-proliant-dl20-gen10-intel-xeon-e-2336-6-core-2-90ghz-12mb-16gb-1-x-16gb-4-x-hot-plug-2-5in-sff-intel-vroc-raid-500w\/#primaryimage"},"image":{"@id":"https:\/\/cyberlogics.ao\/index.php\/product\/hpe-proliant-dl20-gen10-intel-xeon-e-2336-6-core-2-90ghz-12mb-16gb-1-x-16gb-4-x-hot-plug-2-5in-sff-intel-vroc-raid-500w\/#primaryimage"},"thumbnailUrl":"https:\/\/cyberlogics.ao\/wp-content\/uploads\/2023\/09\/DL20.webp","datePublished":"2023-09-21T15:36:05+00:00","dateModified":"2024-02-09T15:21:32+00:00","description":"A Maior Loja Online de Angola de Licen\u00e7as Microsoft Office | Chaves Sistemas Operativos Windows | Antiv\u00edrus | Cloud Adobe | Inform\u00e1tica & Servidores | Softwares de Gest\u00e3o ERP | Gaming Hardware | UPS e Baterias & Muito Mais...","breadcrumb":{"@id":"https:\/\/cyberlogics.ao\/index.php\/product\/hpe-proliant-dl20-gen10-intel-xeon-e-2336-6-core-2-90ghz-12mb-16gb-1-x-16gb-4-x-hot-plug-2-5in-sff-intel-vroc-raid-500w\/#breadcrumb"},"inLanguage":"pt-PT","potentialAction":[{"@type":"ReadAction","target":["https:\/\/cyberlogics.ao\/index.php\/product\/hpe-proliant-dl20-gen10-intel-xeon-e-2336-6-core-2-90ghz-12mb-16gb-1-x-16gb-4-x-hot-plug-2-5in-sff-intel-vroc-raid-500w\/"]}]},{"@type":"ImageObject","inLanguage":"pt-PT","@id":"https:\/\/cyberlogics.ao\/index.php\/product\/hpe-proliant-dl20-gen10-intel-xeon-e-2336-6-core-2-90ghz-12mb-16gb-1-x-16gb-4-x-hot-plug-2-5in-sff-intel-vroc-raid-500w\/#primaryimage","url":"https:\/\/cyberlogics.ao\/wp-content\/uploads\/2023\/09\/DL20.webp","contentUrl":"https:\/\/cyberlogics.ao\/wp-content\/uploads\/2023\/09\/DL20.webp","width":800,"height":600},{"@type":"BreadcrumbList","@id":"https:\/\/cyberlogics.ao\/index.php\/product\/hpe-proliant-dl20-gen10-intel-xeon-e-2336-6-core-2-90ghz-12mb-16gb-1-x-16gb-4-x-hot-plug-2-5in-sff-intel-vroc-raid-500w\/#breadcrumb","itemListElement":[{"@type":"ListItem","position":1,"name":"In\u00edcio","item":"https:\/\/cyberlogics.ao\/"},{"@type":"ListItem","position":2,"name":"Produtos","item":"https:\/\/cyberlogics.ao\/index.php\/shop-2\/"},{"@type":"ListItem","position":3,"name":"HPE ProLiant DL20 Gen10+ Intel Xeon E-2336 6-Core (2.90GHz 12MB) 16GB (1 x 16GB) 4 x Hot-Plug 2.5in SFF Intel VROC RAID 500W"}]},{"@type":"WebSite","@id":"https:\/\/cyberlogics.ao\/#website","url":"https:\/\/cyberlogics.ao\/","name":"Cyberlogics Technologies Angola","description":"Loja Online de Licen\u00e7as de Softwares e Inform\u00e1tica","publisher":{"@id":"https:\/\/cyberlogics.ao\/#organization"},"potentialAction":[{"@type":"SearchAction","target":{"@type":"EntryPoint","urlTemplate":"https:\/\/cyberlogics.ao\/?s={search_term_string}"},"query-input":{"@type":"PropertyValueSpecification","valueRequired":true,"valueName":"search_term_string"}}],"inLanguage":"pt-PT"},{"@type":"Organization","@id":"https:\/\/cyberlogics.ao\/#organization","name":"Cyberlogics Ao Technologies - Loja Online de Licen\u00e7as de Softwares e Inform\u00e1tica","url":"https:\/\/cyberlogics.ao\/","logo":{"@type":"ImageObject","inLanguage":"pt-PT","@id":"https:\/\/cyberlogics.ao\/#\/schema\/logo\/image\/","url":"https:\/\/cyberlogics.ao\/wp-content\/uploads\/2022\/04\/CT-logo.png","contentUrl":"https:\/\/cyberlogics.ao\/wp-content\/uploads\/2022\/04\/CT-logo.png","width":190,"height":75,"caption":"Cyberlogics Ao Technologies - Loja Online de Licen\u00e7as de Softwares e Inform\u00e1tica"},"image":{"@id":"https:\/\/cyberlogics.ao\/#\/schema\/logo\/image\/"}}]}},"_links":{"self":[{"href":"https:\/\/cyberlogics.ao\/index.php\/wp-json\/wp\/v2\/product\/7546","targetHints":{"allow":["GET"]}}],"collection":[{"href":"https:\/\/cyberlogics.ao\/index.php\/wp-json\/wp\/v2\/product"}],"about":[{"href":"https:\/\/cyberlogics.ao\/index.php\/wp-json\/wp\/v2\/types\/product"}],"replies":[{"embeddable":true,"href":"https:\/\/cyberlogics.ao\/index.php\/wp-json\/wp\/v2\/comments?post=7546"}],"wp:featuredmedia":[{"embeddable":true,"href":"https:\/\/cyberlogics.ao\/index.php\/wp-json\/wp\/v2\/media\/7547"}],"wp:attachment":[{"href":"https:\/\/cyberlogics.ao\/index.php\/wp-json\/wp\/v2\/media?parent=7546"}],"wp:term":[{"taxonomy":"product_brand","embeddable":true,"href":"https:\/\/cyberlogics.ao\/index.php\/wp-json\/wp\/v2\/product_brand?post=7546"},{"taxonomy":"product_cat","embeddable":true,"href":"https:\/\/cyberlogics.ao\/index.php\/wp-json\/wp\/v2\/product_cat?post=7546"},{"taxonomy":"product_tag","embeddable":true,"href":"https:\/\/cyberlogics.ao\/index.php\/wp-json\/wp\/v2\/product_tag?post=7546"}],"curies":[{"name":"wp","href":"https:\/\/api.w.org\/{rel}","templated":true}]}}