{"id":7552,"date":"2023-09-21T16:20:08","date_gmt":"2023-09-21T16:20:08","guid":{"rendered":"https:\/\/cyberlogics.ao\/?post_type=product&#038;p=7552"},"modified":"2024-02-09T15:22:29","modified_gmt":"2024-02-09T15:22:29","slug":"dell-poweredge-r650xs-23-ghz-4316-32-gb-ddr4-sdram-960-gb-rack-1u","status":"publish","type":"product","link":"https:\/\/cyberlogics.ao\/index.php\/product\/dell-poweredge-r650xs-23-ghz-4316-32-gb-ddr4-sdram-960-gb-rack-1u\/","title":{"rendered":"DELL PowerEdge R650XS, 2,3 GHz, 4316, 32 GB, DDR4-SDRAM, 960 GB, Rack (1U)"},"content":{"rendered":"<div class=\"product-spec-title\">Especifica\u00e7\u00e3o<\/div>\n<div class=\"tab-content tab-content-description\">\n<table id=\"icecat-specification-table\" class=\"product_specs\">\n<tbody>\n<tr>\n<td class=\"spec-subheading\" colspan=\"2\"><b>Processador<\/b><\/td>\n<\/tr>\n<tr>\n<td class=\"spec-label\">Fabricante do processador<\/td>\n<td class=\"spec-value\">Intel<\/td>\n<\/tr>\n<tr>\n<td class=\"spec-label\">Gera\u00e7\u00e3o do processador<\/td>\n<td class=\"spec-value\">Escal\u00e1veis Intel\u00ae Xeon\u00ae da 3\u00aa Gera\u00e7\u00e3o<\/td>\n<\/tr>\n<tr>\n<td class=\"spec-label\">Modelo de processador<\/td>\n<td class=\"spec-value\">4316<\/td>\n<\/tr>\n<tr>\n<td class=\"spec-label\">Frequ\u00eancia do processador<\/td>\n<td class=\"spec-value\">2,3 GHz<\/td>\n<\/tr>\n<tr>\n<td class=\"spec-label\">Frequ\u00eancia turbo (max) do processador<\/td>\n<td class=\"spec-value\">3,4 GHz<\/td>\n<\/tr>\n<tr>\n<td class=\"spec-label\">Fam\u00edlia de processador<\/td>\n<td class=\"spec-value\">Intel Xeon Silver<\/td>\n<\/tr>\n<tr>\n<td class=\"spec-label\">Cache do processador<\/td>\n<td class=\"spec-value\">30 MB<\/td>\n<\/tr>\n<tr>\n<td class=\"spec-label\">N\u00famero de processadores<\/td>\n<td class=\"spec-value\">2<\/td>\n<\/tr>\n<tr>\n<td class=\"spec-subheading\" colspan=\"2\"><b>Mem\u00f3ria<\/b><\/td>\n<\/tr>\n<tr>\n<td class=\"spec-label\">Capacidade da mem\u00f3ria incorporada<\/td>\n<td class=\"spec-value\">32 GB<\/td>\n<\/tr>\n<tr>\n<td class=\"spec-label\">Tipo de mem\u00f3ria armazenada<\/td>\n<td class=\"spec-value\">Registered (buffered)<\/td>\n<\/tr>\n<tr>\n<td class=\"spec-label\">Mem\u00f3ria ranking<\/td>\n<td class=\"spec-value\">2<\/td>\n<\/tr>\n<tr>\n<td class=\"spec-label\">Tipo de mem\u00f3ria incorporada<\/td>\n<td class=\"spec-value\">DDR4-SDRAM<\/td>\n<\/tr>\n<tr>\n<td class=\"spec-label\">Slots de mem\u00f3ria<\/td>\n<td class=\"spec-value\">16x DIMM<\/td>\n<\/tr>\n<tr>\n<td class=\"spec-label\">Disposi\u00e7\u00e3o da mem\u00f3ria<\/td>\n<td class=\"spec-value\">1 x 32 GB<\/td>\n<\/tr>\n<tr>\n<td class=\"spec-label\">Taxa de transfer\u00eancia de dados de mem\u00f3ria<\/td>\n<td class=\"spec-value\">3200 MT\/s<\/td>\n<\/tr>\n<tr>\n<td class=\"spec-subheading\" colspan=\"2\"><b>M\u00eddia de armazenamento<\/b><\/td>\n<\/tr>\n<tr>\n<td class=\"spec-label\">Capacidade total de armazenamento<\/td>\n<td class=\"spec-value\">960 GB<\/td>\n<\/tr>\n<tr>\n<td class=\"spec-label\">N\u00famero de SSDs instalados<\/td>\n<td class=\"spec-value\">1<\/td>\n<\/tr>\n<tr>\n<td class=\"spec-label\">Capacidade da drive SSD<\/td>\n<td class=\"spec-value\">960 GB<\/td>\n<\/tr>\n<tr>\n<td class=\"spec-label\">Interfaces da drive SSD<\/td>\n<td class=\"spec-value\">SATA III<\/td>\n<\/tr>\n<tr>\n<td class=\"spec-label\">Tamanho do SSD<\/td>\n<td class=\"spec-value\">2.5&#8243;<\/td>\n<\/tr>\n<tr>\n<td class=\"spec-label\">Tamanhos de SSD compat\u00edveis<\/td>\n<td class=\"spec-value\">2.5&#8243;<\/td>\n<\/tr>\n<tr>\n<td class=\"spec-label\">N\u00famero de SSDs suportados<\/td>\n<td class=\"spec-value\">8<\/td>\n<\/tr>\n<tr>\n<td class=\"spec-label\">Suporte RAID<\/td>\n<td class=\"spec-value\">N\u00e3o<\/td>\n<\/tr>\n<tr>\n<td class=\"spec-label\">Controladores RAID suportados<\/td>\n<td class=\"spec-value\">PERC H755<\/td>\n<\/tr>\n<tr>\n<td class=\"spec-label\">Suporte para Hot-Plug<\/td>\n<td class=\"spec-value\">Sim<\/td>\n<\/tr>\n<tr>\n<td class=\"spec-label\">Unidades \u00f3pticas<\/td>\n<td class=\"spec-value\">N\u00e3o<\/td>\n<\/tr>\n<tr>\n<td class=\"spec-label\">Grava\u00e7\u00f5es de disco por dia (DWPD)<\/td>\n<td class=\"spec-value\">1<\/td>\n<\/tr>\n<tr>\n<td class=\"spec-subheading\" colspan=\"2\"><b>Rede<\/b><\/td>\n<\/tr>\n<tr>\n<td class=\"spec-label\">Tecnologia de cablagem<\/td>\n<td class=\"spec-value\">10\/100\/1000Base-T(X)<\/td>\n<\/tr>\n<tr>\n<td class=\"spec-label\">Ethernet LAN<\/td>\n<td class=\"spec-value\">Sim<\/td>\n<\/tr>\n<tr>\n<td class=\"spec-label\">Tipo de ethernet interface<\/td>\n<td class=\"spec-value\">Gigabit Ethernet<\/td>\n<\/tr>\n<tr>\n<td class=\"spec-subheading\" colspan=\"2\"><b>Conectividade<\/b><\/td>\n<\/tr>\n<tr>\n<td class=\"spec-label\">Quantidade de portas Ethernet LAN (RJ-45)<\/td>\n<td class=\"spec-value\">2<\/td>\n<\/tr>\n<tr>\n<td class=\"spec-label\">Quantidade de portas USB 2.0<\/td>\n<td class=\"spec-value\">2<\/td>\n<\/tr>\n<tr>\n<td class=\"spec-label\">Quantidade de portas USB 3.2 Gen 1 (3.1 Gen 1) Tipo A<\/td>\n<td class=\"spec-value\">1<\/td>\n<\/tr>\n<tr>\n<td class=\"spec-label\">Quantidade de portas VGA<\/td>\n<td class=\"spec-value\">2<\/td>\n<\/tr>\n<tr>\n<td class=\"spec-label\">Quantidade de cabos el\u00e9tricos<\/td>\n<td class=\"spec-value\">2<\/td>\n<\/tr>\n<tr>\n<td class=\"spec-subheading\" colspan=\"2\"><b>Slot de expans\u00e3o<\/b><\/td>\n<\/tr>\n<tr>\n<td class=\"spec-label\">PCI Express x16 slots<\/td>\n<td class=\"spec-value\">2<\/td>\n<\/tr>\n<tr>\n<td class=\"spec-subheading\" colspan=\"2\"><b>Design<\/b><\/td>\n<\/tr>\n<tr>\n<td class=\"spec-label\">Tipo de chassis<\/td>\n<td class=\"spec-value\">Rack (1U)<\/td>\n<\/tr>\n<tr>\n<td class=\"spec-label\">Cor do produto<\/td>\n<td class=\"spec-value\">Preto<\/td>\n<\/tr>\n<tr>\n<td class=\"spec-label\">Trilhos da prateleira<\/td>\n<td class=\"spec-value\">Sim<\/td>\n<\/tr>\n<tr>\n<td class=\"spec-label\">Bisel<\/td>\n<td class=\"spec-value\">Sim<\/td>\n<\/tr>\n<tr>\n<td class=\"spec-subheading\" colspan=\"2\"><b>Desempenho<\/b><\/td>\n<\/tr>\n<tr>\n<td class=\"spec-label\">Administra\u00e7\u00e3o remota<\/td>\n<td class=\"spec-value\">iDRAC9 Enterprise 15G<\/td>\n<\/tr>\n<tr>\n<td class=\"spec-subheading\" colspan=\"2\"><b>Software<\/b><\/td>\n<\/tr>\n<tr>\n<td class=\"spec-label\">Sistema operativo instalado<\/td>\n<td class=\"spec-value\">N\u00e3o<\/td>\n<\/tr>\n<tr>\n<td class=\"spec-label\">Sistema Operativo<\/td>\n<td class=\"spec-value\">Canonical\u00ae Ubuntu\u00ae Server LTS Citrix\u00ae Hypervisor\u00ae Microsoft\u00ae Windows Server\u00ae with Hyper-V RedHat\u00ae Enterprise Linux SUSE\u00ae Linux Enterprise Server VMware\u00ae ESXi\u00ae<\/td>\n<\/tr>\n<tr>\n<td class=\"spec-subheading\" colspan=\"2\"><b>Gest\u00e3o de energia<\/b><\/td>\n<\/tr>\n<tr>\n<td class=\"spec-label\">Alimenta\u00e7\u00e3o<\/td>\n<td class=\"spec-value\">800 W<\/td>\n<\/tr>\n<tr>\n<td class=\"spec-label\">Fonte de Alimenta\u00e7\u00e3o Redundante<\/td>\n<td class=\"spec-value\">Sim<\/td>\n<\/tr>\n<tr>\n<td class=\"spec-label\">N\u00famero de fontes de energia redundantes suportada<\/td>\n<td class=\"spec-value\">2<\/td>\n<\/tr>\n<tr>\n<td class=\"spec-label\">N\u00famero de fontes de energia redundantes instalada<\/td>\n<td class=\"spec-value\">2<\/td>\n<\/tr>\n<tr>\n<td class=\"spec-label\">Comprimento de cabo de alimenta\u00e7\u00e3o<\/td>\n<td class=\"spec-value\">2 m<\/td>\n<\/tr>\n<tr>\n<td class=\"spec-label\">Conector do cabo el\u00e9trico 1<\/td>\n<td class=\"spec-value\">Acoplador C13<\/td>\n<\/tr>\n<tr>\n<td class=\"spec-label\">Conector do cabo el\u00e9trico 2<\/td>\n<td class=\"spec-value\">Acoplador C14<\/td>\n<\/tr>\n<tr>\n<td class=\"spec-label\">Corrente do cabo el\u00e9trico<\/td>\n<td class=\"spec-value\">10 A<\/td>\n<\/tr>\n<tr>\n<td class=\"spec-subheading\" colspan=\"2\"><b>Condi\u00e7\u00f5es ambientais<\/b><\/td>\n<\/tr>\n<tr>\n<td class=\"spec-label\">Temperatura ambiente<\/td>\n<td class=\"spec-value\">10 &#8211; 35 \u00b0C<\/td>\n<\/tr>\n<tr>\n<td class=\"spec-label\">Limite de temperaturas (armazenamento)<\/td>\n<td class=\"spec-value\">-40 &#8211; 65 \u00b0C<\/td>\n<\/tr>\n<tr>\n<td class=\"spec-label\">Gama de humidade relativa<\/td>\n<td class=\"spec-value\">8 &#8211; 80%<\/td>\n<\/tr>\n<tr>\n<td class=\"spec-label\">Humidade de n\u00e3o funcionamento<\/td>\n<td class=\"spec-value\">5 &#8211; 95%<\/td>\n<\/tr>\n<tr>\n<td class=\"spec-label\">Altitude operacional<\/td>\n<td class=\"spec-value\">0 &#8211; 3048 m<\/td>\n<\/tr>\n<tr>\n<td class=\"spec-label\">Altitude n\u00e3o operacional<\/td>\n<td class=\"spec-value\">0 &#8211; 12000 m<\/td>\n<\/tr>\n<tr>\n<td class=\"spec-subheading\" colspan=\"2\"><b>Pesos e dimens\u00f5es<\/b><\/td>\n<\/tr>\n<tr>\n<td class=\"spec-label\">Largura do produto<\/td>\n<td class=\"spec-value\">482 mm<\/td>\n<\/tr>\n<tr>\n<td class=\"spec-label\">Altura da Unidade<\/td>\n<td class=\"spec-value\">42,8 mm<\/td>\n<\/tr>\n<tr>\n<td class=\"spec-subheading\" colspan=\"2\"><b>Outras caracter\u00edsticas<\/b><\/td>\n<\/tr>\n<tr>\n<td class=\"spec-label\">Taxa de transfer\u00eancia de dados<\/td>\n<td class=\"spec-value\">6 Gbit\/s<\/td>\n<\/tr>\n<tr>\n<td class=\"spec-label\">Bytes por sector<\/td>\n<td class=\"spec-value\">512<\/td>\n<\/tr>\n<\/tbody>\n<\/table>\n<\/div>\n","protected":false},"excerpt":{"rendered":"<h2>DELL PowerEdge R650XS, 2,3 GHz, 4316, 32 GB, DDR4-SDRAM, 960 GB, Rack (1U)<\/h2>\n<p>DELL PowerEdge R650XS. Fam\u00edlia de processador: Intel Xeon Silver, Frequ\u00eancia do processador: 2,3 GHz, Modelo de processador: 4316. Capacidade da mem\u00f3ria incorporada: 32 GB, Tipo de mem\u00f3ria interna: DDR4-SDRAM, Disposi\u00e7\u00e3o da mem\u00f3ria (ranhuras x capacidade): 1 x 32 GB. Capacidade total de armazenamento: 960 GB. Ethernet LAN, Tecnologia de cablagem: 10\/100\/1000Base-T(X). Alimenta\u00e7\u00e3o: 800 W, Suporta fonte de alimenta\u00e7\u00e3o redundante (RPS). Tipo de chassis: Rack (1U)<\/p>\n","protected":false},"featured_media":7553,"comment_status":"open","ping_status":"closed","template":"","meta":{"_joinchat":[]},"product_brand":[],"product_cat":[115,261],"product_tag":[],"class_list":{"0":"post-7552","1":"product","2":"type-product","3":"status-publish","4":"has-post-thumbnail","6":"product_cat-servidores","7":"product_cat-servidores-rack","9":"first","10":"instock","11":"shipping-taxable","12":"purchasable","13":"product-type-simple"},"yoast_head":"<!-- This site is optimized with the Yoast SEO plugin v27.4 - https:\/\/yoast.com\/product\/yoast-seo-wordpress\/ -->\n<title>DELL PowerEdge R650XS, 2,3 GHz, 4316, 32 GB, DDR4-SDRAM, 960 GB, Rack (1U) - Cyberlogics Technologies Angola<\/title>\n<meta name=\"description\" content=\"A Maior Loja Online de Angola de Licen\u00e7as Microsoft Office | Chaves Sistemas Operativos Windows | Antiv\u00edrus | Cloud Adobe | Inform\u00e1tica &amp; Servidores | Softwares de Gest\u00e3o ERP | Gaming Hardware | UPS e Baterias &amp; Muito Mais...\" \/>\n<meta name=\"robots\" content=\"index, follow, max-snippet:-1, max-image-preview:large, max-video-preview:-1\" \/>\n<link rel=\"canonical\" href=\"https:\/\/cyberlogics.ao\/index.php\/product\/dell-poweredge-r650xs-23-ghz-4316-32-gb-ddr4-sdram-960-gb-rack-1u\/\" \/>\n<meta property=\"og:locale\" content=\"pt_PT\" \/>\n<meta property=\"og:type\" content=\"article\" \/>\n<meta property=\"og:title\" content=\"DELL PowerEdge R650XS, 2,3 GHz, 4316, 32 GB, DDR4-SDRAM, 960 GB, Rack (1U) - Cyberlogics Technologies Angola\" \/>\n<meta property=\"og:description\" content=\"A Maior Loja Online de Angola de Licen\u00e7as Microsoft Office | Chaves Sistemas Operativos Windows | Antiv\u00edrus | Cloud Adobe | Inform\u00e1tica &amp; Servidores | Softwares de Gest\u00e3o ERP | Gaming Hardware | UPS e Baterias &amp; Muito Mais...\" \/>\n<meta property=\"og:url\" content=\"https:\/\/cyberlogics.ao\/index.php\/product\/dell-poweredge-r650xs-23-ghz-4316-32-gb-ddr4-sdram-960-gb-rack-1u\/\" \/>\n<meta property=\"og:site_name\" content=\"Cyberlogics Technologies Angola\" \/>\n<meta property=\"article:modified_time\" content=\"2024-02-09T15:22:29+00:00\" \/>\n<meta property=\"og:image\" content=\"http:\/\/cyberlogics.ao\/wp-content\/uploads\/2023\/09\/DELL-1-scaled.webp\" \/>\n\t<meta property=\"og:image:width\" content=\"2560\" \/>\n\t<meta property=\"og:image:height\" content=\"2560\" \/>\n\t<meta property=\"og:image:type\" content=\"image\/webp\" \/>\n<meta name=\"twitter:card\" content=\"summary_large_image\" \/>\n<meta name=\"twitter:label1\" content=\"Tempo estimado de leitura\" \/>\n\t<meta name=\"twitter:data1\" content=\"3 minutos\" \/>\n<script type=\"application\/ld+json\" class=\"yoast-schema-graph\">{\"@context\":\"https:\\\/\\\/schema.org\",\"@graph\":[{\"@type\":\"WebPage\",\"@id\":\"https:\\\/\\\/cyberlogics.ao\\\/index.php\\\/product\\\/dell-poweredge-r650xs-23-ghz-4316-32-gb-ddr4-sdram-960-gb-rack-1u\\\/\",\"url\":\"https:\\\/\\\/cyberlogics.ao\\\/index.php\\\/product\\\/dell-poweredge-r650xs-23-ghz-4316-32-gb-ddr4-sdram-960-gb-rack-1u\\\/\",\"name\":\"DELL PowerEdge R650XS, 2,3 GHz, 4316, 32 GB, DDR4-SDRAM, 960 GB, Rack (1U) - Cyberlogics Technologies Angola\",\"isPartOf\":{\"@id\":\"https:\\\/\\\/cyberlogics.ao\\\/#website\"},\"primaryImageOfPage\":{\"@id\":\"https:\\\/\\\/cyberlogics.ao\\\/index.php\\\/product\\\/dell-poweredge-r650xs-23-ghz-4316-32-gb-ddr4-sdram-960-gb-rack-1u\\\/#primaryimage\"},\"image\":{\"@id\":\"https:\\\/\\\/cyberlogics.ao\\\/index.php\\\/product\\\/dell-poweredge-r650xs-23-ghz-4316-32-gb-ddr4-sdram-960-gb-rack-1u\\\/#primaryimage\"},\"thumbnailUrl\":\"https:\\\/\\\/cyberlogics.ao\\\/wp-content\\\/uploads\\\/2023\\\/09\\\/DELL-1-scaled.webp\",\"datePublished\":\"2023-09-21T16:20:08+00:00\",\"dateModified\":\"2024-02-09T15:22:29+00:00\",\"description\":\"A Maior Loja Online de Angola de Licen\u00e7as Microsoft Office | Chaves Sistemas Operativos Windows | Antiv\u00edrus | Cloud Adobe | Inform\u00e1tica & Servidores | Softwares de Gest\u00e3o ERP | Gaming Hardware | UPS e Baterias & Muito Mais...\",\"breadcrumb\":{\"@id\":\"https:\\\/\\\/cyberlogics.ao\\\/index.php\\\/product\\\/dell-poweredge-r650xs-23-ghz-4316-32-gb-ddr4-sdram-960-gb-rack-1u\\\/#breadcrumb\"},\"inLanguage\":\"pt-PT\",\"potentialAction\":[{\"@type\":\"ReadAction\",\"target\":[\"https:\\\/\\\/cyberlogics.ao\\\/index.php\\\/product\\\/dell-poweredge-r650xs-23-ghz-4316-32-gb-ddr4-sdram-960-gb-rack-1u\\\/\"]}]},{\"@type\":\"ImageObject\",\"inLanguage\":\"pt-PT\",\"@id\":\"https:\\\/\\\/cyberlogics.ao\\\/index.php\\\/product\\\/dell-poweredge-r650xs-23-ghz-4316-32-gb-ddr4-sdram-960-gb-rack-1u\\\/#primaryimage\",\"url\":\"https:\\\/\\\/cyberlogics.ao\\\/wp-content\\\/uploads\\\/2023\\\/09\\\/DELL-1-scaled.webp\",\"contentUrl\":\"https:\\\/\\\/cyberlogics.ao\\\/wp-content\\\/uploads\\\/2023\\\/09\\\/DELL-1-scaled.webp\",\"width\":2560,\"height\":2560},{\"@type\":\"BreadcrumbList\",\"@id\":\"https:\\\/\\\/cyberlogics.ao\\\/index.php\\\/product\\\/dell-poweredge-r650xs-23-ghz-4316-32-gb-ddr4-sdram-960-gb-rack-1u\\\/#breadcrumb\",\"itemListElement\":[{\"@type\":\"ListItem\",\"position\":1,\"name\":\"In\u00edcio\",\"item\":\"https:\\\/\\\/cyberlogics.ao\\\/\"},{\"@type\":\"ListItem\",\"position\":2,\"name\":\"Produtos\",\"item\":\"https:\\\/\\\/cyberlogics.ao\\\/index.php\\\/shop-2\\\/\"},{\"@type\":\"ListItem\",\"position\":3,\"name\":\"DELL PowerEdge R650XS, 2,3 GHz, 4316, 32 GB, DDR4-SDRAM, 960 GB, Rack (1U)\"}]},{\"@type\":\"WebSite\",\"@id\":\"https:\\\/\\\/cyberlogics.ao\\\/#website\",\"url\":\"https:\\\/\\\/cyberlogics.ao\\\/\",\"name\":\"Cyberlogics Technologies Angola\",\"description\":\"Loja Online de Licen\u00e7as de Softwares e Inform\u00e1tica\",\"publisher\":{\"@id\":\"https:\\\/\\\/cyberlogics.ao\\\/#organization\"},\"potentialAction\":[{\"@type\":\"SearchAction\",\"target\":{\"@type\":\"EntryPoint\",\"urlTemplate\":\"https:\\\/\\\/cyberlogics.ao\\\/?s={search_term_string}\"},\"query-input\":{\"@type\":\"PropertyValueSpecification\",\"valueRequired\":true,\"valueName\":\"search_term_string\"}}],\"inLanguage\":\"pt-PT\"},{\"@type\":\"Organization\",\"@id\":\"https:\\\/\\\/cyberlogics.ao\\\/#organization\",\"name\":\"Cyberlogics Ao Technologies - Loja Online de Licen\u00e7as de Softwares e Inform\u00e1tica\",\"url\":\"https:\\\/\\\/cyberlogics.ao\\\/\",\"logo\":{\"@type\":\"ImageObject\",\"inLanguage\":\"pt-PT\",\"@id\":\"https:\\\/\\\/cyberlogics.ao\\\/#\\\/schema\\\/logo\\\/image\\\/\",\"url\":\"https:\\\/\\\/cyberlogics.ao\\\/wp-content\\\/uploads\\\/2022\\\/04\\\/CT-logo.png\",\"contentUrl\":\"https:\\\/\\\/cyberlogics.ao\\\/wp-content\\\/uploads\\\/2022\\\/04\\\/CT-logo.png\",\"width\":190,\"height\":75,\"caption\":\"Cyberlogics Ao Technologies - Loja Online de Licen\u00e7as de Softwares e Inform\u00e1tica\"},\"image\":{\"@id\":\"https:\\\/\\\/cyberlogics.ao\\\/#\\\/schema\\\/logo\\\/image\\\/\"}}]}<\/script>\n<!-- \/ Yoast SEO plugin. -->","yoast_head_json":{"title":"DELL PowerEdge R650XS, 2,3 GHz, 4316, 32 GB, DDR4-SDRAM, 960 GB, Rack (1U) - Cyberlogics Technologies Angola","description":"A Maior Loja Online de Angola de Licen\u00e7as Microsoft Office | Chaves Sistemas Operativos Windows | Antiv\u00edrus | Cloud Adobe | Inform\u00e1tica & Servidores | Softwares de Gest\u00e3o ERP | Gaming Hardware | UPS e Baterias & Muito Mais...","robots":{"index":"index","follow":"follow","max-snippet":"max-snippet:-1","max-image-preview":"max-image-preview:large","max-video-preview":"max-video-preview:-1"},"canonical":"https:\/\/cyberlogics.ao\/index.php\/product\/dell-poweredge-r650xs-23-ghz-4316-32-gb-ddr4-sdram-960-gb-rack-1u\/","og_locale":"pt_PT","og_type":"article","og_title":"DELL PowerEdge R650XS, 2,3 GHz, 4316, 32 GB, DDR4-SDRAM, 960 GB, Rack (1U) - Cyberlogics Technologies Angola","og_description":"A Maior Loja Online de Angola de Licen\u00e7as Microsoft Office | Chaves Sistemas Operativos Windows | Antiv\u00edrus | Cloud Adobe | Inform\u00e1tica & Servidores | Softwares de Gest\u00e3o ERP | Gaming Hardware | UPS e Baterias & Muito Mais...","og_url":"https:\/\/cyberlogics.ao\/index.php\/product\/dell-poweredge-r650xs-23-ghz-4316-32-gb-ddr4-sdram-960-gb-rack-1u\/","og_site_name":"Cyberlogics Technologies Angola","article_modified_time":"2024-02-09T15:22:29+00:00","og_image":[{"width":2560,"height":2560,"url":"http:\/\/cyberlogics.ao\/wp-content\/uploads\/2023\/09\/DELL-1-scaled.webp","type":"image\/webp"}],"twitter_card":"summary_large_image","twitter_misc":{"Tempo estimado de leitura":"3 minutos"},"schema":{"@context":"https:\/\/schema.org","@graph":[{"@type":"WebPage","@id":"https:\/\/cyberlogics.ao\/index.php\/product\/dell-poweredge-r650xs-23-ghz-4316-32-gb-ddr4-sdram-960-gb-rack-1u\/","url":"https:\/\/cyberlogics.ao\/index.php\/product\/dell-poweredge-r650xs-23-ghz-4316-32-gb-ddr4-sdram-960-gb-rack-1u\/","name":"DELL PowerEdge R650XS, 2,3 GHz, 4316, 32 GB, DDR4-SDRAM, 960 GB, Rack (1U) - Cyberlogics Technologies Angola","isPartOf":{"@id":"https:\/\/cyberlogics.ao\/#website"},"primaryImageOfPage":{"@id":"https:\/\/cyberlogics.ao\/index.php\/product\/dell-poweredge-r650xs-23-ghz-4316-32-gb-ddr4-sdram-960-gb-rack-1u\/#primaryimage"},"image":{"@id":"https:\/\/cyberlogics.ao\/index.php\/product\/dell-poweredge-r650xs-23-ghz-4316-32-gb-ddr4-sdram-960-gb-rack-1u\/#primaryimage"},"thumbnailUrl":"https:\/\/cyberlogics.ao\/wp-content\/uploads\/2023\/09\/DELL-1-scaled.webp","datePublished":"2023-09-21T16:20:08+00:00","dateModified":"2024-02-09T15:22:29+00:00","description":"A Maior Loja Online de Angola de Licen\u00e7as Microsoft Office | Chaves Sistemas Operativos Windows | Antiv\u00edrus | Cloud Adobe | Inform\u00e1tica & Servidores | Softwares de Gest\u00e3o ERP | Gaming Hardware | UPS e Baterias & Muito Mais...","breadcrumb":{"@id":"https:\/\/cyberlogics.ao\/index.php\/product\/dell-poweredge-r650xs-23-ghz-4316-32-gb-ddr4-sdram-960-gb-rack-1u\/#breadcrumb"},"inLanguage":"pt-PT","potentialAction":[{"@type":"ReadAction","target":["https:\/\/cyberlogics.ao\/index.php\/product\/dell-poweredge-r650xs-23-ghz-4316-32-gb-ddr4-sdram-960-gb-rack-1u\/"]}]},{"@type":"ImageObject","inLanguage":"pt-PT","@id":"https:\/\/cyberlogics.ao\/index.php\/product\/dell-poweredge-r650xs-23-ghz-4316-32-gb-ddr4-sdram-960-gb-rack-1u\/#primaryimage","url":"https:\/\/cyberlogics.ao\/wp-content\/uploads\/2023\/09\/DELL-1-scaled.webp","contentUrl":"https:\/\/cyberlogics.ao\/wp-content\/uploads\/2023\/09\/DELL-1-scaled.webp","width":2560,"height":2560},{"@type":"BreadcrumbList","@id":"https:\/\/cyberlogics.ao\/index.php\/product\/dell-poweredge-r650xs-23-ghz-4316-32-gb-ddr4-sdram-960-gb-rack-1u\/#breadcrumb","itemListElement":[{"@type":"ListItem","position":1,"name":"In\u00edcio","item":"https:\/\/cyberlogics.ao\/"},{"@type":"ListItem","position":2,"name":"Produtos","item":"https:\/\/cyberlogics.ao\/index.php\/shop-2\/"},{"@type":"ListItem","position":3,"name":"DELL PowerEdge R650XS, 2,3 GHz, 4316, 32 GB, DDR4-SDRAM, 960 GB, Rack (1U)"}]},{"@type":"WebSite","@id":"https:\/\/cyberlogics.ao\/#website","url":"https:\/\/cyberlogics.ao\/","name":"Cyberlogics Technologies Angola","description":"Loja Online de Licen\u00e7as de Softwares e Inform\u00e1tica","publisher":{"@id":"https:\/\/cyberlogics.ao\/#organization"},"potentialAction":[{"@type":"SearchAction","target":{"@type":"EntryPoint","urlTemplate":"https:\/\/cyberlogics.ao\/?s={search_term_string}"},"query-input":{"@type":"PropertyValueSpecification","valueRequired":true,"valueName":"search_term_string"}}],"inLanguage":"pt-PT"},{"@type":"Organization","@id":"https:\/\/cyberlogics.ao\/#organization","name":"Cyberlogics Ao Technologies - Loja Online de Licen\u00e7as de Softwares e Inform\u00e1tica","url":"https:\/\/cyberlogics.ao\/","logo":{"@type":"ImageObject","inLanguage":"pt-PT","@id":"https:\/\/cyberlogics.ao\/#\/schema\/logo\/image\/","url":"https:\/\/cyberlogics.ao\/wp-content\/uploads\/2022\/04\/CT-logo.png","contentUrl":"https:\/\/cyberlogics.ao\/wp-content\/uploads\/2022\/04\/CT-logo.png","width":190,"height":75,"caption":"Cyberlogics Ao Technologies - Loja Online de Licen\u00e7as de Softwares e Inform\u00e1tica"},"image":{"@id":"https:\/\/cyberlogics.ao\/#\/schema\/logo\/image\/"}}]}},"_links":{"self":[{"href":"https:\/\/cyberlogics.ao\/index.php\/wp-json\/wp\/v2\/product\/7552","targetHints":{"allow":["GET"]}}],"collection":[{"href":"https:\/\/cyberlogics.ao\/index.php\/wp-json\/wp\/v2\/product"}],"about":[{"href":"https:\/\/cyberlogics.ao\/index.php\/wp-json\/wp\/v2\/types\/product"}],"replies":[{"embeddable":true,"href":"https:\/\/cyberlogics.ao\/index.php\/wp-json\/wp\/v2\/comments?post=7552"}],"wp:featuredmedia":[{"embeddable":true,"href":"https:\/\/cyberlogics.ao\/index.php\/wp-json\/wp\/v2\/media\/7553"}],"wp:attachment":[{"href":"https:\/\/cyberlogics.ao\/index.php\/wp-json\/wp\/v2\/media?parent=7552"}],"wp:term":[{"taxonomy":"product_brand","embeddable":true,"href":"https:\/\/cyberlogics.ao\/index.php\/wp-json\/wp\/v2\/product_brand?post=7552"},{"taxonomy":"product_cat","embeddable":true,"href":"https:\/\/cyberlogics.ao\/index.php\/wp-json\/wp\/v2\/product_cat?post=7552"},{"taxonomy":"product_tag","embeddable":true,"href":"https:\/\/cyberlogics.ao\/index.php\/wp-json\/wp\/v2\/product_tag?post=7552"}],"curies":[{"name":"wp","href":"https:\/\/api.w.org\/{rel}","templated":true}]}}