{"id":8181,"date":"2024-02-23T06:53:41","date_gmt":"2024-02-23T06:53:41","guid":{"rendered":"https:\/\/cyberlogics.ao\/?post_type=product&#038;p=8181"},"modified":"2024-02-23T06:58:32","modified_gmt":"2024-02-23T06:58:32","slug":"cisco-cbs350-48fp-4x-eu-managed-48-port-ge-full-poe-740w-740w-4x10g-sfp-cbs350-48fp-4x-eu","status":"publish","type":"product","link":"https:\/\/cyberlogics.ao\/index.php\/product\/cisco-cbs350-48fp-4x-eu-managed-48-port-ge-full-poe-740w-740w-4x10g-sfp-cbs350-48fp-4x-eu\/","title":{"rendered":"Cisco CBS350-48FP-4X-EU Managed 48-port GE, Full PoE+ 740W 740W, 4x10G SFP+ (CBS350-48FP-4X-EU)"},"content":{"rendered":"<div class=\"tabs-headings\"><span class=\"tab-heading tab-heading-description tab-active\">Descri\u00e7\u00e3o<\/span><span class=\"tab-heading tab-heading-server-configurator\">\u00a0do produto<\/span><\/div>\n<div class=\"tabs-content\">\n<div id=\"product_description\" class=\"tab-content tab-content-description\">\n<div class=\"product-redesign__description\">Cisco CBS350-48FP-4X-EU. Tipo de switch: Gerido, Camada de switches: L2\/L3. Tipos de portas ethernet Basic switching RJ-45: Gigabit Ethernet (10\/100\/1000), N\u00famero de portas ethernet Basic switching RJ-45: 48, Quantidade de portas USB 2.0: 1. Tabela de endere\u00e7os MAC: 16000 entradas. Normas de Comunica\u00e7\u00f5es: IEEE 802.1D, IEEE 802.1w, IEEE 802.1s, IEEE 802.3, IEEE 802.3u, IEEE 802.3ab, IEEE 802.3z, IEEE&#8230;. Montagem em prateleira<\/div>\n<\/div>\n<\/div>\n","protected":false},"excerpt":{"rendered":"<p>Descri\u00e7\u00e3o\u00a0do produto Cisco CBS350-48FP-4X-EU. Tipo de switch: Gerido, Camada de switches: L2\/L3. Tipos de portas ethernet Basic switching RJ-45: Gigabit Ethernet (10\/100\/1000), N\u00famero de portas ethernet Basic switching RJ-45: 48,<\/p>\n","protected":false},"featured_media":8183,"comment_status":"open","ping_status":"closed","template":"","meta":{"_joinchat":[]},"product_brand":[],"product_cat":[316,424,422],"product_tag":[464,462,463],"class_list":{"0":"post-8181","1":"product","2":"type-product","3":"status-publish","4":"has-post-thumbnail","6":"product_cat-cisco-marcas","7":"product_cat-cisco-small-business","8":"product_cat-cisco-switches","9":"product_tag-4x10g-sfp-cbs350-48fp-4x-eu","10":"product_tag-cisco-cbs350-48fp-4x-eu-managed-48-port-ge","11":"product_tag-full-poe-740w-740w","13":"first","14":"instock","15":"shipping-taxable","16":"purchasable","17":"product-type-simple"},"yoast_head":"<!-- This site is optimized with the Yoast SEO plugin v27.4 - https:\/\/yoast.com\/product\/yoast-seo-wordpress\/ -->\n<title>Cisco CBS350-48FP-4X-EU Managed 48-port GE, Full PoE+ 740W 740W, 4x10G SFP+ (CBS350-48FP-4X-EU) - Cyberlogics Technologies Angola<\/title>\n<meta name=\"description\" content=\"A Maior Loja Online de Angola de Licen\u00e7as Microsoft Office | Chaves Sistemas Operativos Windows | Antiv\u00edrus | Cloud Adobe | Inform\u00e1tica &amp; Servidores | Softwares de Gest\u00e3o ERP | Gaming Hardware | UPS e Baterias &amp; Muito Mais...\" \/>\n<meta name=\"robots\" content=\"index, follow, max-snippet:-1, max-image-preview:large, max-video-preview:-1\" \/>\n<link rel=\"canonical\" href=\"https:\/\/cyberlogics.ao\/index.php\/product\/cisco-cbs350-48fp-4x-eu-managed-48-port-ge-full-poe-740w-740w-4x10g-sfp-cbs350-48fp-4x-eu\/\" \/>\n<meta property=\"og:locale\" content=\"pt_PT\" \/>\n<meta property=\"og:type\" content=\"article\" \/>\n<meta property=\"og:title\" content=\"Cisco CBS350-48FP-4X-EU Managed 48-port GE, Full PoE+ 740W 740W, 4x10G SFP+ (CBS350-48FP-4X-EU) - Cyberlogics Technologies Angola\" \/>\n<meta property=\"og:description\" content=\"A Maior Loja Online de Angola de Licen\u00e7as Microsoft Office | Chaves Sistemas Operativos Windows | Antiv\u00edrus | Cloud Adobe | Inform\u00e1tica &amp; Servidores | Softwares de Gest\u00e3o ERP | Gaming Hardware | UPS e Baterias &amp; Muito Mais...\" \/>\n<meta property=\"og:url\" content=\"https:\/\/cyberlogics.ao\/index.php\/product\/cisco-cbs350-48fp-4x-eu-managed-48-port-ge-full-poe-740w-740w-4x10g-sfp-cbs350-48fp-4x-eu\/\" \/>\n<meta property=\"og:site_name\" content=\"Cyberlogics Technologies Angola\" \/>\n<meta property=\"article:modified_time\" content=\"2024-02-23T06:58:32+00:00\" \/>\n<meta property=\"og:image\" content=\"http:\/\/cyberlogics.ao\/wp-content\/uploads\/2024\/02\/dc5a276140c65aeb1a211c24c9899369ccfda5ff_1020091_CP_8865_K9__image1-8.webp\" \/>\n\t<meta property=\"og:image:width\" content=\"1600\" \/>\n\t<meta property=\"og:image:height\" content=\"1200\" \/>\n\t<meta property=\"og:image:type\" content=\"image\/webp\" \/>\n<meta name=\"twitter:card\" content=\"summary_large_image\" \/>\n<script type=\"application\/ld+json\" class=\"yoast-schema-graph\">{\"@context\":\"https:\\\/\\\/schema.org\",\"@graph\":[{\"@type\":\"WebPage\",\"@id\":\"https:\\\/\\\/cyberlogics.ao\\\/index.php\\\/product\\\/cisco-cbs350-48fp-4x-eu-managed-48-port-ge-full-poe-740w-740w-4x10g-sfp-cbs350-48fp-4x-eu\\\/\",\"url\":\"https:\\\/\\\/cyberlogics.ao\\\/index.php\\\/product\\\/cisco-cbs350-48fp-4x-eu-managed-48-port-ge-full-poe-740w-740w-4x10g-sfp-cbs350-48fp-4x-eu\\\/\",\"name\":\"Cisco CBS350-48FP-4X-EU Managed 48-port GE, Full PoE+ 740W 740W, 4x10G SFP+ (CBS350-48FP-4X-EU) - Cyberlogics Technologies Angola\",\"isPartOf\":{\"@id\":\"https:\\\/\\\/cyberlogics.ao\\\/#website\"},\"primaryImageOfPage\":{\"@id\":\"https:\\\/\\\/cyberlogics.ao\\\/index.php\\\/product\\\/cisco-cbs350-48fp-4x-eu-managed-48-port-ge-full-poe-740w-740w-4x10g-sfp-cbs350-48fp-4x-eu\\\/#primaryimage\"},\"image\":{\"@id\":\"https:\\\/\\\/cyberlogics.ao\\\/index.php\\\/product\\\/cisco-cbs350-48fp-4x-eu-managed-48-port-ge-full-poe-740w-740w-4x10g-sfp-cbs350-48fp-4x-eu\\\/#primaryimage\"},\"thumbnailUrl\":\"https:\\\/\\\/cyberlogics.ao\\\/wp-content\\\/uploads\\\/2024\\\/02\\\/dc5a276140c65aeb1a211c24c9899369ccfda5ff_1020091_CP_8865_K9__image1-8.webp\",\"datePublished\":\"2024-02-23T06:53:41+00:00\",\"dateModified\":\"2024-02-23T06:58:32+00:00\",\"description\":\"A Maior Loja Online de Angola de Licen\u00e7as Microsoft Office | Chaves Sistemas Operativos Windows | Antiv\u00edrus | Cloud Adobe | Inform\u00e1tica & Servidores | Softwares de Gest\u00e3o ERP | Gaming Hardware | UPS e Baterias & Muito Mais...\",\"breadcrumb\":{\"@id\":\"https:\\\/\\\/cyberlogics.ao\\\/index.php\\\/product\\\/cisco-cbs350-48fp-4x-eu-managed-48-port-ge-full-poe-740w-740w-4x10g-sfp-cbs350-48fp-4x-eu\\\/#breadcrumb\"},\"inLanguage\":\"pt-PT\",\"potentialAction\":[{\"@type\":\"ReadAction\",\"target\":[\"https:\\\/\\\/cyberlogics.ao\\\/index.php\\\/product\\\/cisco-cbs350-48fp-4x-eu-managed-48-port-ge-full-poe-740w-740w-4x10g-sfp-cbs350-48fp-4x-eu\\\/\"]}]},{\"@type\":\"ImageObject\",\"inLanguage\":\"pt-PT\",\"@id\":\"https:\\\/\\\/cyberlogics.ao\\\/index.php\\\/product\\\/cisco-cbs350-48fp-4x-eu-managed-48-port-ge-full-poe-740w-740w-4x10g-sfp-cbs350-48fp-4x-eu\\\/#primaryimage\",\"url\":\"https:\\\/\\\/cyberlogics.ao\\\/wp-content\\\/uploads\\\/2024\\\/02\\\/dc5a276140c65aeb1a211c24c9899369ccfda5ff_1020091_CP_8865_K9__image1-8.webp\",\"contentUrl\":\"https:\\\/\\\/cyberlogics.ao\\\/wp-content\\\/uploads\\\/2024\\\/02\\\/dc5a276140c65aeb1a211c24c9899369ccfda5ff_1020091_CP_8865_K9__image1-8.webp\",\"width\":1600,\"height\":1200},{\"@type\":\"BreadcrumbList\",\"@id\":\"https:\\\/\\\/cyberlogics.ao\\\/index.php\\\/product\\\/cisco-cbs350-48fp-4x-eu-managed-48-port-ge-full-poe-740w-740w-4x10g-sfp-cbs350-48fp-4x-eu\\\/#breadcrumb\",\"itemListElement\":[{\"@type\":\"ListItem\",\"position\":1,\"name\":\"In\u00edcio\",\"item\":\"https:\\\/\\\/cyberlogics.ao\\\/\"},{\"@type\":\"ListItem\",\"position\":2,\"name\":\"Produtos\",\"item\":\"https:\\\/\\\/cyberlogics.ao\\\/index.php\\\/shop-2\\\/\"},{\"@type\":\"ListItem\",\"position\":3,\"name\":\"Cisco CBS350-48FP-4X-EU Managed 48-port GE, Full PoE+ 740W 740W, 4x10G SFP+ (CBS350-48FP-4X-EU)\"}]},{\"@type\":\"WebSite\",\"@id\":\"https:\\\/\\\/cyberlogics.ao\\\/#website\",\"url\":\"https:\\\/\\\/cyberlogics.ao\\\/\",\"name\":\"Cyberlogics Technologies Angola\",\"description\":\"Loja Online de Licen\u00e7as de Softwares e Inform\u00e1tica\",\"publisher\":{\"@id\":\"https:\\\/\\\/cyberlogics.ao\\\/#organization\"},\"potentialAction\":[{\"@type\":\"SearchAction\",\"target\":{\"@type\":\"EntryPoint\",\"urlTemplate\":\"https:\\\/\\\/cyberlogics.ao\\\/?s={search_term_string}\"},\"query-input\":{\"@type\":\"PropertyValueSpecification\",\"valueRequired\":true,\"valueName\":\"search_term_string\"}}],\"inLanguage\":\"pt-PT\"},{\"@type\":\"Organization\",\"@id\":\"https:\\\/\\\/cyberlogics.ao\\\/#organization\",\"name\":\"Cyberlogics Ao Technologies - Loja Online de Licen\u00e7as de Softwares e Inform\u00e1tica\",\"url\":\"https:\\\/\\\/cyberlogics.ao\\\/\",\"logo\":{\"@type\":\"ImageObject\",\"inLanguage\":\"pt-PT\",\"@id\":\"https:\\\/\\\/cyberlogics.ao\\\/#\\\/schema\\\/logo\\\/image\\\/\",\"url\":\"https:\\\/\\\/cyberlogics.ao\\\/wp-content\\\/uploads\\\/2022\\\/04\\\/CT-logo.png\",\"contentUrl\":\"https:\\\/\\\/cyberlogics.ao\\\/wp-content\\\/uploads\\\/2022\\\/04\\\/CT-logo.png\",\"width\":190,\"height\":75,\"caption\":\"Cyberlogics Ao Technologies - Loja Online de Licen\u00e7as de Softwares e Inform\u00e1tica\"},\"image\":{\"@id\":\"https:\\\/\\\/cyberlogics.ao\\\/#\\\/schema\\\/logo\\\/image\\\/\"}}]}<\/script>\n<!-- \/ Yoast SEO plugin. -->","yoast_head_json":{"title":"Cisco CBS350-48FP-4X-EU Managed 48-port GE, Full PoE+ 740W 740W, 4x10G SFP+ (CBS350-48FP-4X-EU) - Cyberlogics Technologies Angola","description":"A Maior Loja Online de Angola de Licen\u00e7as Microsoft Office | Chaves Sistemas Operativos Windows | Antiv\u00edrus | Cloud Adobe | Inform\u00e1tica & Servidores | Softwares de Gest\u00e3o ERP | Gaming Hardware | UPS e Baterias & Muito Mais...","robots":{"index":"index","follow":"follow","max-snippet":"max-snippet:-1","max-image-preview":"max-image-preview:large","max-video-preview":"max-video-preview:-1"},"canonical":"https:\/\/cyberlogics.ao\/index.php\/product\/cisco-cbs350-48fp-4x-eu-managed-48-port-ge-full-poe-740w-740w-4x10g-sfp-cbs350-48fp-4x-eu\/","og_locale":"pt_PT","og_type":"article","og_title":"Cisco CBS350-48FP-4X-EU Managed 48-port GE, Full PoE+ 740W 740W, 4x10G SFP+ (CBS350-48FP-4X-EU) - Cyberlogics Technologies Angola","og_description":"A Maior Loja Online de Angola de Licen\u00e7as Microsoft Office | Chaves Sistemas Operativos Windows | Antiv\u00edrus | Cloud Adobe | Inform\u00e1tica & Servidores | Softwares de Gest\u00e3o ERP | Gaming Hardware | UPS e Baterias & Muito Mais...","og_url":"https:\/\/cyberlogics.ao\/index.php\/product\/cisco-cbs350-48fp-4x-eu-managed-48-port-ge-full-poe-740w-740w-4x10g-sfp-cbs350-48fp-4x-eu\/","og_site_name":"Cyberlogics Technologies Angola","article_modified_time":"2024-02-23T06:58:32+00:00","og_image":[{"width":1600,"height":1200,"url":"http:\/\/cyberlogics.ao\/wp-content\/uploads\/2024\/02\/dc5a276140c65aeb1a211c24c9899369ccfda5ff_1020091_CP_8865_K9__image1-8.webp","type":"image\/webp"}],"twitter_card":"summary_large_image","schema":{"@context":"https:\/\/schema.org","@graph":[{"@type":"WebPage","@id":"https:\/\/cyberlogics.ao\/index.php\/product\/cisco-cbs350-48fp-4x-eu-managed-48-port-ge-full-poe-740w-740w-4x10g-sfp-cbs350-48fp-4x-eu\/","url":"https:\/\/cyberlogics.ao\/index.php\/product\/cisco-cbs350-48fp-4x-eu-managed-48-port-ge-full-poe-740w-740w-4x10g-sfp-cbs350-48fp-4x-eu\/","name":"Cisco CBS350-48FP-4X-EU Managed 48-port GE, Full PoE+ 740W 740W, 4x10G SFP+ (CBS350-48FP-4X-EU) - Cyberlogics Technologies Angola","isPartOf":{"@id":"https:\/\/cyberlogics.ao\/#website"},"primaryImageOfPage":{"@id":"https:\/\/cyberlogics.ao\/index.php\/product\/cisco-cbs350-48fp-4x-eu-managed-48-port-ge-full-poe-740w-740w-4x10g-sfp-cbs350-48fp-4x-eu\/#primaryimage"},"image":{"@id":"https:\/\/cyberlogics.ao\/index.php\/product\/cisco-cbs350-48fp-4x-eu-managed-48-port-ge-full-poe-740w-740w-4x10g-sfp-cbs350-48fp-4x-eu\/#primaryimage"},"thumbnailUrl":"https:\/\/cyberlogics.ao\/wp-content\/uploads\/2024\/02\/dc5a276140c65aeb1a211c24c9899369ccfda5ff_1020091_CP_8865_K9__image1-8.webp","datePublished":"2024-02-23T06:53:41+00:00","dateModified":"2024-02-23T06:58:32+00:00","description":"A Maior Loja Online de Angola de Licen\u00e7as Microsoft Office | Chaves Sistemas Operativos Windows | Antiv\u00edrus | Cloud Adobe | Inform\u00e1tica & Servidores | Softwares de Gest\u00e3o ERP | Gaming Hardware | UPS e Baterias & Muito Mais...","breadcrumb":{"@id":"https:\/\/cyberlogics.ao\/index.php\/product\/cisco-cbs350-48fp-4x-eu-managed-48-port-ge-full-poe-740w-740w-4x10g-sfp-cbs350-48fp-4x-eu\/#breadcrumb"},"inLanguage":"pt-PT","potentialAction":[{"@type":"ReadAction","target":["https:\/\/cyberlogics.ao\/index.php\/product\/cisco-cbs350-48fp-4x-eu-managed-48-port-ge-full-poe-740w-740w-4x10g-sfp-cbs350-48fp-4x-eu\/"]}]},{"@type":"ImageObject","inLanguage":"pt-PT","@id":"https:\/\/cyberlogics.ao\/index.php\/product\/cisco-cbs350-48fp-4x-eu-managed-48-port-ge-full-poe-740w-740w-4x10g-sfp-cbs350-48fp-4x-eu\/#primaryimage","url":"https:\/\/cyberlogics.ao\/wp-content\/uploads\/2024\/02\/dc5a276140c65aeb1a211c24c9899369ccfda5ff_1020091_CP_8865_K9__image1-8.webp","contentUrl":"https:\/\/cyberlogics.ao\/wp-content\/uploads\/2024\/02\/dc5a276140c65aeb1a211c24c9899369ccfda5ff_1020091_CP_8865_K9__image1-8.webp","width":1600,"height":1200},{"@type":"BreadcrumbList","@id":"https:\/\/cyberlogics.ao\/index.php\/product\/cisco-cbs350-48fp-4x-eu-managed-48-port-ge-full-poe-740w-740w-4x10g-sfp-cbs350-48fp-4x-eu\/#breadcrumb","itemListElement":[{"@type":"ListItem","position":1,"name":"In\u00edcio","item":"https:\/\/cyberlogics.ao\/"},{"@type":"ListItem","position":2,"name":"Produtos","item":"https:\/\/cyberlogics.ao\/index.php\/shop-2\/"},{"@type":"ListItem","position":3,"name":"Cisco CBS350-48FP-4X-EU Managed 48-port GE, Full PoE+ 740W 740W, 4x10G SFP+ (CBS350-48FP-4X-EU)"}]},{"@type":"WebSite","@id":"https:\/\/cyberlogics.ao\/#website","url":"https:\/\/cyberlogics.ao\/","name":"Cyberlogics Technologies Angola","description":"Loja Online de Licen\u00e7as de Softwares e Inform\u00e1tica","publisher":{"@id":"https:\/\/cyberlogics.ao\/#organization"},"potentialAction":[{"@type":"SearchAction","target":{"@type":"EntryPoint","urlTemplate":"https:\/\/cyberlogics.ao\/?s={search_term_string}"},"query-input":{"@type":"PropertyValueSpecification","valueRequired":true,"valueName":"search_term_string"}}],"inLanguage":"pt-PT"},{"@type":"Organization","@id":"https:\/\/cyberlogics.ao\/#organization","name":"Cyberlogics Ao Technologies - Loja Online de Licen\u00e7as de Softwares e Inform\u00e1tica","url":"https:\/\/cyberlogics.ao\/","logo":{"@type":"ImageObject","inLanguage":"pt-PT","@id":"https:\/\/cyberlogics.ao\/#\/schema\/logo\/image\/","url":"https:\/\/cyberlogics.ao\/wp-content\/uploads\/2022\/04\/CT-logo.png","contentUrl":"https:\/\/cyberlogics.ao\/wp-content\/uploads\/2022\/04\/CT-logo.png","width":190,"height":75,"caption":"Cyberlogics Ao Technologies - Loja Online de Licen\u00e7as de Softwares e Inform\u00e1tica"},"image":{"@id":"https:\/\/cyberlogics.ao\/#\/schema\/logo\/image\/"}}]}},"_links":{"self":[{"href":"https:\/\/cyberlogics.ao\/index.php\/wp-json\/wp\/v2\/product\/8181","targetHints":{"allow":["GET"]}}],"collection":[{"href":"https:\/\/cyberlogics.ao\/index.php\/wp-json\/wp\/v2\/product"}],"about":[{"href":"https:\/\/cyberlogics.ao\/index.php\/wp-json\/wp\/v2\/types\/product"}],"replies":[{"embeddable":true,"href":"https:\/\/cyberlogics.ao\/index.php\/wp-json\/wp\/v2\/comments?post=8181"}],"wp:featuredmedia":[{"embeddable":true,"href":"https:\/\/cyberlogics.ao\/index.php\/wp-json\/wp\/v2\/media\/8183"}],"wp:attachment":[{"href":"https:\/\/cyberlogics.ao\/index.php\/wp-json\/wp\/v2\/media?parent=8181"}],"wp:term":[{"taxonomy":"product_brand","embeddable":true,"href":"https:\/\/cyberlogics.ao\/index.php\/wp-json\/wp\/v2\/product_brand?post=8181"},{"taxonomy":"product_cat","embeddable":true,"href":"https:\/\/cyberlogics.ao\/index.php\/wp-json\/wp\/v2\/product_cat?post=8181"},{"taxonomy":"product_tag","embeddable":true,"href":"https:\/\/cyberlogics.ao\/index.php\/wp-json\/wp\/v2\/product_tag?post=8181"}],"curies":[{"name":"wp","href":"https:\/\/api.w.org\/{rel}","templated":true}]}}