{"id":8189,"date":"2024-02-23T07:01:44","date_gmt":"2024-02-23T07:01:44","guid":{"rendered":"https:\/\/cyberlogics.ao\/?post_type=product&#038;p=8189"},"modified":"2024-02-23T07:01:44","modified_gmt":"2024-02-23T07:01:44","slug":"cisco-cbs220-24fp-4g-eu-smart-24-port-ge-full-poe-382w-4x1g-sfp","status":"publish","type":"product","link":"https:\/\/cyberlogics.ao\/index.php\/product\/cisco-cbs220-24fp-4g-eu-smart-24-port-ge-full-poe-382w-4x1g-sfp\/","title":{"rendered":"Cisco CBS220-24FP-4G-EU Smart 24-port GE, Full PoE+ 382W, 4x1G SFP"},"content":{"rendered":"<div class=\"tabs-headings\"><span class=\"tab-heading tab-heading-description tab-active\">Descri\u00e7\u00e3o<\/span><span class=\"tab-heading tab-heading-server-configurator\">\u00a0do produto<\/span><\/div>\n<div class=\"tabs-content\">\n<div id=\"product_description\" class=\"tab-content tab-content-description\">\n<div class=\"product-redesign__description\">\n<div class=\"desc-ml-wrap\">\n<h3>Cisco CBS220-24FP-4G-EU Smart 24-port GE<\/h3>\n<p>Fabricante:\u00a0<strong>Cisco<\/strong><br \/>\nN\u00famero de cat\u00e1logo:\u00a0<strong>CBS220-24FP-4G-EU<\/strong><\/p>\n<p>O\u00a0<strong>Switch Cisco CBS220-24FP-4G-EU<\/strong>\u00a0\u00e9 um dispositivo de rede inovador de alta classe, que proporciona um desempenho excepcional e uma estabilidade de funcionamento confi\u00e1vel em qualquer ambiente de neg\u00f3cios. Acess\u00edveis e f\u00e1ceis de implementar, esses switches s\u00e3o equipados com suporte para aplicativos m\u00f3veis e op\u00e7\u00e3o Power over Ethernet, tornando-os uma base s\u00f3lida e confi\u00e1vel para qualquer rede de neg\u00f3cios.<\/p>\n<p>O dispositivo oferece\u00a0<strong>24 portas LAN com suporte PoE<\/strong>. Seu or\u00e7amento de energia m\u00e1ximo \u00e9 de 382W, permitindo a alimenta\u00e7\u00e3o eficaz de muitos dispositivos conectados. Al\u00e9m disso, o switch est\u00e1 equipado com\u00a0<strong>quatro portas SFP<\/strong>, que fornecem largura de banda adicional para redes de grande escala. Gra\u00e7as \u00e0\u00a0<strong>largura de banda de 56 Gb\/s<\/strong>\u00a0e conex\u00f5es Gigabit Ethernet, o switch permite a transfer\u00eancia r\u00e1pida de grandes quantidades de dados, que \u00e9 crucial para o fluxo eficaz de informa\u00e7\u00f5es na rede.<\/p>\n<h3>Painel de controle intuitivo<\/h3>\n<p>O painel de controle Cisco Business Dashboard (CBD) foi projetado para tornar o gerenciamento dos switches Business 220 o mais simples e eficaz poss\u00edvel. O CBD detecta automaticamente todos os dispositivos de rede, permitindo que voc\u00ea tenha uma vis\u00e3o completa da topologia da rede, o que \u00e9 essencial para um gerenciamento e monitoramento eficaz da rede.<\/p>\n<h3>Alimenta\u00e7\u00e3o otimizada<\/h3>\n<p>O Switch Cisco CBS220-24FP-4G-EU foi projetado para gerenciamento eficaz de energia, sem comprometer o desempenho do trabalho. O suporte para o padr\u00e3o IEEE 802.3az e o Power over Ethernet permite alimentar dispositivos conectados usando um \u00fanico cabo Ethernet, simplificando significativamente o gerenciamento de recursos energ\u00e9ticos da rede.<\/p>\n<h3>Seguran\u00e7a e desempenho de rede<\/h3>\n<p>Os switches Business 220 oferecem um novo n\u00edvel de prote\u00e7\u00e3o de rede, suportando padr\u00f5es de seguran\u00e7a avan\u00e7ados, como IEEE 802.1X, ACL e outros. A solu\u00e7\u00e3o integrada QoS prioriza automaticamente pacotes sens\u00edveis a atrasos, garantindo um fluxo suave de dados mesmo nas condi\u00e7\u00f5es mais exigentes. Al\u00e9m disso, a detec\u00e7\u00e3o de loop e a diagn\u00f3stico de cabos ajudam a prevenir poss\u00edveis interrup\u00e7\u00f5es no tr\u00e1fego da rede, aumentando ainda mais a confiabilidade e a estabilidade da rede.<\/p>\n<h3>Excelente desempenho e recursos inovadores<\/h3>\n<p>O switch CBS220-24FP-4G-EU \u00e9 uma excelente combina\u00e7\u00e3o de confiabilidade, alto desempenho e tecnologias inovadoras. Com as mais recentes solu\u00e7\u00f5es da Cisco, o dispositivo garante n\u00e3o apenas a transfer\u00eancia r\u00e1pida de dados, mastamb\u00e9m o controle total sobre a rede e seus recursos. A alta qualidade de constru\u00e7\u00e3o e durabilidade do dispositivo tornam-no uma escolha excelente para quem procura um switch de rede s\u00f3lido e eficiente.<\/p>\n<\/div>\n<\/div>\n<\/div>\n<\/div>\n","protected":false},"excerpt":{"rendered":"<p>Descri\u00e7\u00e3o\u00a0do produto Cisco CBS220-24FP-4G-EU Smart 24-port GE Fabricante:\u00a0Cisco N\u00famero de cat\u00e1logo:\u00a0CBS220-24FP-4G-EU O\u00a0Switch Cisco CBS220-24FP-4G-EU\u00a0\u00e9 um dispositivo de rede inovador de alta classe, que proporciona um desempenho excepcional e uma estabilidade<\/p>\n","protected":false},"featured_media":8190,"comment_status":"open","ping_status":"closed","template":"","meta":{"_joinchat":[]},"product_brand":[],"product_cat":[316,424,422],"product_tag":[461,468,469],"class_list":{"0":"post-8189","1":"product","2":"type-product","3":"status-publish","4":"has-post-thumbnail","6":"product_cat-cisco-marcas","7":"product_cat-cisco-small-business","8":"product_cat-cisco-switches","9":"product_tag-4x1g-sfp","10":"product_tag-cisco-cbs220-24fp-4g-eu-smart-24-port-ge","11":"product_tag-full-poe-382w","13":"first","14":"instock","15":"shipping-taxable","16":"purchasable","17":"product-type-simple"},"yoast_head":"<!-- This site is optimized with the Yoast SEO plugin v27.4 - https:\/\/yoast.com\/product\/yoast-seo-wordpress\/ -->\n<title>Cisco CBS220-24FP-4G-EU Smart 24-port GE, Full PoE+ 382W, 4x1G SFP - Cyberlogics Technologies Angola<\/title>\n<meta name=\"description\" content=\"A Maior Loja Online de Angola de Licen\u00e7as Microsoft Office | Chaves Sistemas Operativos Windows | Antiv\u00edrus | Cloud Adobe | Inform\u00e1tica &amp; Servidores | Softwares de Gest\u00e3o ERP | Gaming Hardware | UPS e Baterias &amp; Muito Mais...\" \/>\n<meta name=\"robots\" content=\"index, follow, max-snippet:-1, max-image-preview:large, max-video-preview:-1\" \/>\n<link rel=\"canonical\" href=\"https:\/\/cyberlogics.ao\/index.php\/product\/cisco-cbs220-24fp-4g-eu-smart-24-port-ge-full-poe-382w-4x1g-sfp\/\" \/>\n<meta property=\"og:locale\" content=\"pt_PT\" \/>\n<meta property=\"og:type\" content=\"article\" \/>\n<meta property=\"og:title\" content=\"Cisco CBS220-24FP-4G-EU Smart 24-port GE, Full PoE+ 382W, 4x1G SFP - Cyberlogics Technologies Angola\" \/>\n<meta property=\"og:description\" content=\"A Maior Loja Online de Angola de Licen\u00e7as Microsoft Office | Chaves Sistemas Operativos Windows | Antiv\u00edrus | Cloud Adobe | Inform\u00e1tica &amp; Servidores | Softwares de Gest\u00e3o ERP | Gaming Hardware | UPS e Baterias &amp; Muito Mais...\" \/>\n<meta property=\"og:url\" content=\"https:\/\/cyberlogics.ao\/index.php\/product\/cisco-cbs220-24fp-4g-eu-smart-24-port-ge-full-poe-382w-4x1g-sfp\/\" \/>\n<meta property=\"og:site_name\" content=\"Cyberlogics Technologies Angola\" \/>\n<meta property=\"og:image\" content=\"http:\/\/cyberlogics.ao\/wp-content\/uploads\/2024\/02\/dc5a276140c65aeb1a211c24c9899369ccfda5ff_1020091_CP_8865_K9__image1-10.webp\" \/>\n\t<meta property=\"og:image:width\" content=\"400\" \/>\n\t<meta property=\"og:image:height\" content=\"300\" \/>\n\t<meta property=\"og:image:type\" content=\"image\/webp\" \/>\n<meta name=\"twitter:card\" content=\"summary_large_image\" \/>\n<meta name=\"twitter:label1\" content=\"Tempo estimado de leitura\" \/>\n\t<meta name=\"twitter:data1\" content=\"2 minutos\" \/>\n<script type=\"application\/ld+json\" class=\"yoast-schema-graph\">{\"@context\":\"https:\\\/\\\/schema.org\",\"@graph\":[{\"@type\":\"WebPage\",\"@id\":\"https:\\\/\\\/cyberlogics.ao\\\/index.php\\\/product\\\/cisco-cbs220-24fp-4g-eu-smart-24-port-ge-full-poe-382w-4x1g-sfp\\\/\",\"url\":\"https:\\\/\\\/cyberlogics.ao\\\/index.php\\\/product\\\/cisco-cbs220-24fp-4g-eu-smart-24-port-ge-full-poe-382w-4x1g-sfp\\\/\",\"name\":\"Cisco CBS220-24FP-4G-EU Smart 24-port GE, Full PoE+ 382W, 4x1G SFP - Cyberlogics Technologies Angola\",\"isPartOf\":{\"@id\":\"https:\\\/\\\/cyberlogics.ao\\\/#website\"},\"primaryImageOfPage\":{\"@id\":\"https:\\\/\\\/cyberlogics.ao\\\/index.php\\\/product\\\/cisco-cbs220-24fp-4g-eu-smart-24-port-ge-full-poe-382w-4x1g-sfp\\\/#primaryimage\"},\"image\":{\"@id\":\"https:\\\/\\\/cyberlogics.ao\\\/index.php\\\/product\\\/cisco-cbs220-24fp-4g-eu-smart-24-port-ge-full-poe-382w-4x1g-sfp\\\/#primaryimage\"},\"thumbnailUrl\":\"https:\\\/\\\/cyberlogics.ao\\\/wp-content\\\/uploads\\\/2024\\\/02\\\/dc5a276140c65aeb1a211c24c9899369ccfda5ff_1020091_CP_8865_K9__image1-10.webp\",\"datePublished\":\"2024-02-23T07:01:44+00:00\",\"description\":\"A Maior Loja Online de Angola de Licen\u00e7as Microsoft Office | Chaves Sistemas Operativos Windows | Antiv\u00edrus | Cloud Adobe | Inform\u00e1tica & Servidores | Softwares de Gest\u00e3o ERP | Gaming Hardware | UPS e Baterias & Muito Mais...\",\"breadcrumb\":{\"@id\":\"https:\\\/\\\/cyberlogics.ao\\\/index.php\\\/product\\\/cisco-cbs220-24fp-4g-eu-smart-24-port-ge-full-poe-382w-4x1g-sfp\\\/#breadcrumb\"},\"inLanguage\":\"pt-PT\",\"potentialAction\":[{\"@type\":\"ReadAction\",\"target\":[\"https:\\\/\\\/cyberlogics.ao\\\/index.php\\\/product\\\/cisco-cbs220-24fp-4g-eu-smart-24-port-ge-full-poe-382w-4x1g-sfp\\\/\"]}]},{\"@type\":\"ImageObject\",\"inLanguage\":\"pt-PT\",\"@id\":\"https:\\\/\\\/cyberlogics.ao\\\/index.php\\\/product\\\/cisco-cbs220-24fp-4g-eu-smart-24-port-ge-full-poe-382w-4x1g-sfp\\\/#primaryimage\",\"url\":\"https:\\\/\\\/cyberlogics.ao\\\/wp-content\\\/uploads\\\/2024\\\/02\\\/dc5a276140c65aeb1a211c24c9899369ccfda5ff_1020091_CP_8865_K9__image1-10.webp\",\"contentUrl\":\"https:\\\/\\\/cyberlogics.ao\\\/wp-content\\\/uploads\\\/2024\\\/02\\\/dc5a276140c65aeb1a211c24c9899369ccfda5ff_1020091_CP_8865_K9__image1-10.webp\",\"width\":400,\"height\":300},{\"@type\":\"BreadcrumbList\",\"@id\":\"https:\\\/\\\/cyberlogics.ao\\\/index.php\\\/product\\\/cisco-cbs220-24fp-4g-eu-smart-24-port-ge-full-poe-382w-4x1g-sfp\\\/#breadcrumb\",\"itemListElement\":[{\"@type\":\"ListItem\",\"position\":1,\"name\":\"In\u00edcio\",\"item\":\"https:\\\/\\\/cyberlogics.ao\\\/\"},{\"@type\":\"ListItem\",\"position\":2,\"name\":\"Produtos\",\"item\":\"https:\\\/\\\/cyberlogics.ao\\\/index.php\\\/shop-2\\\/\"},{\"@type\":\"ListItem\",\"position\":3,\"name\":\"Cisco CBS220-24FP-4G-EU Smart 24-port GE, Full PoE+ 382W, 4x1G SFP\"}]},{\"@type\":\"WebSite\",\"@id\":\"https:\\\/\\\/cyberlogics.ao\\\/#website\",\"url\":\"https:\\\/\\\/cyberlogics.ao\\\/\",\"name\":\"Cyberlogics Technologies Angola\",\"description\":\"Loja Online de Licen\u00e7as de Softwares e Inform\u00e1tica\",\"publisher\":{\"@id\":\"https:\\\/\\\/cyberlogics.ao\\\/#organization\"},\"potentialAction\":[{\"@type\":\"SearchAction\",\"target\":{\"@type\":\"EntryPoint\",\"urlTemplate\":\"https:\\\/\\\/cyberlogics.ao\\\/?s={search_term_string}\"},\"query-input\":{\"@type\":\"PropertyValueSpecification\",\"valueRequired\":true,\"valueName\":\"search_term_string\"}}],\"inLanguage\":\"pt-PT\"},{\"@type\":\"Organization\",\"@id\":\"https:\\\/\\\/cyberlogics.ao\\\/#organization\",\"name\":\"Cyberlogics Ao Technologies - Loja Online de Licen\u00e7as de Softwares e Inform\u00e1tica\",\"url\":\"https:\\\/\\\/cyberlogics.ao\\\/\",\"logo\":{\"@type\":\"ImageObject\",\"inLanguage\":\"pt-PT\",\"@id\":\"https:\\\/\\\/cyberlogics.ao\\\/#\\\/schema\\\/logo\\\/image\\\/\",\"url\":\"https:\\\/\\\/cyberlogics.ao\\\/wp-content\\\/uploads\\\/2022\\\/04\\\/CT-logo.png\",\"contentUrl\":\"https:\\\/\\\/cyberlogics.ao\\\/wp-content\\\/uploads\\\/2022\\\/04\\\/CT-logo.png\",\"width\":190,\"height\":75,\"caption\":\"Cyberlogics Ao Technologies - Loja Online de Licen\u00e7as de Softwares e Inform\u00e1tica\"},\"image\":{\"@id\":\"https:\\\/\\\/cyberlogics.ao\\\/#\\\/schema\\\/logo\\\/image\\\/\"}}]}<\/script>\n<!-- \/ Yoast SEO plugin. -->","yoast_head_json":{"title":"Cisco CBS220-24FP-4G-EU Smart 24-port GE, Full PoE+ 382W, 4x1G SFP - Cyberlogics Technologies Angola","description":"A Maior Loja Online de Angola de Licen\u00e7as Microsoft Office | Chaves Sistemas Operativos Windows | Antiv\u00edrus | Cloud Adobe | Inform\u00e1tica & Servidores | Softwares de Gest\u00e3o ERP | Gaming Hardware | UPS e Baterias & Muito Mais...","robots":{"index":"index","follow":"follow","max-snippet":"max-snippet:-1","max-image-preview":"max-image-preview:large","max-video-preview":"max-video-preview:-1"},"canonical":"https:\/\/cyberlogics.ao\/index.php\/product\/cisco-cbs220-24fp-4g-eu-smart-24-port-ge-full-poe-382w-4x1g-sfp\/","og_locale":"pt_PT","og_type":"article","og_title":"Cisco CBS220-24FP-4G-EU Smart 24-port GE, Full PoE+ 382W, 4x1G SFP - Cyberlogics Technologies Angola","og_description":"A Maior Loja Online de Angola de Licen\u00e7as Microsoft Office | Chaves Sistemas Operativos Windows | Antiv\u00edrus | Cloud Adobe | Inform\u00e1tica & Servidores | Softwares de Gest\u00e3o ERP | Gaming Hardware | UPS e Baterias & Muito Mais...","og_url":"https:\/\/cyberlogics.ao\/index.php\/product\/cisco-cbs220-24fp-4g-eu-smart-24-port-ge-full-poe-382w-4x1g-sfp\/","og_site_name":"Cyberlogics Technologies Angola","og_image":[{"width":400,"height":300,"url":"http:\/\/cyberlogics.ao\/wp-content\/uploads\/2024\/02\/dc5a276140c65aeb1a211c24c9899369ccfda5ff_1020091_CP_8865_K9__image1-10.webp","type":"image\/webp"}],"twitter_card":"summary_large_image","twitter_misc":{"Tempo estimado de leitura":"2 minutos"},"schema":{"@context":"https:\/\/schema.org","@graph":[{"@type":"WebPage","@id":"https:\/\/cyberlogics.ao\/index.php\/product\/cisco-cbs220-24fp-4g-eu-smart-24-port-ge-full-poe-382w-4x1g-sfp\/","url":"https:\/\/cyberlogics.ao\/index.php\/product\/cisco-cbs220-24fp-4g-eu-smart-24-port-ge-full-poe-382w-4x1g-sfp\/","name":"Cisco CBS220-24FP-4G-EU Smart 24-port GE, Full PoE+ 382W, 4x1G SFP - Cyberlogics Technologies Angola","isPartOf":{"@id":"https:\/\/cyberlogics.ao\/#website"},"primaryImageOfPage":{"@id":"https:\/\/cyberlogics.ao\/index.php\/product\/cisco-cbs220-24fp-4g-eu-smart-24-port-ge-full-poe-382w-4x1g-sfp\/#primaryimage"},"image":{"@id":"https:\/\/cyberlogics.ao\/index.php\/product\/cisco-cbs220-24fp-4g-eu-smart-24-port-ge-full-poe-382w-4x1g-sfp\/#primaryimage"},"thumbnailUrl":"https:\/\/cyberlogics.ao\/wp-content\/uploads\/2024\/02\/dc5a276140c65aeb1a211c24c9899369ccfda5ff_1020091_CP_8865_K9__image1-10.webp","datePublished":"2024-02-23T07:01:44+00:00","description":"A Maior Loja Online de Angola de Licen\u00e7as Microsoft Office | Chaves Sistemas Operativos Windows | Antiv\u00edrus | Cloud Adobe | Inform\u00e1tica & Servidores | Softwares de Gest\u00e3o ERP | Gaming Hardware | UPS e Baterias & Muito Mais...","breadcrumb":{"@id":"https:\/\/cyberlogics.ao\/index.php\/product\/cisco-cbs220-24fp-4g-eu-smart-24-port-ge-full-poe-382w-4x1g-sfp\/#breadcrumb"},"inLanguage":"pt-PT","potentialAction":[{"@type":"ReadAction","target":["https:\/\/cyberlogics.ao\/index.php\/product\/cisco-cbs220-24fp-4g-eu-smart-24-port-ge-full-poe-382w-4x1g-sfp\/"]}]},{"@type":"ImageObject","inLanguage":"pt-PT","@id":"https:\/\/cyberlogics.ao\/index.php\/product\/cisco-cbs220-24fp-4g-eu-smart-24-port-ge-full-poe-382w-4x1g-sfp\/#primaryimage","url":"https:\/\/cyberlogics.ao\/wp-content\/uploads\/2024\/02\/dc5a276140c65aeb1a211c24c9899369ccfda5ff_1020091_CP_8865_K9__image1-10.webp","contentUrl":"https:\/\/cyberlogics.ao\/wp-content\/uploads\/2024\/02\/dc5a276140c65aeb1a211c24c9899369ccfda5ff_1020091_CP_8865_K9__image1-10.webp","width":400,"height":300},{"@type":"BreadcrumbList","@id":"https:\/\/cyberlogics.ao\/index.php\/product\/cisco-cbs220-24fp-4g-eu-smart-24-port-ge-full-poe-382w-4x1g-sfp\/#breadcrumb","itemListElement":[{"@type":"ListItem","position":1,"name":"In\u00edcio","item":"https:\/\/cyberlogics.ao\/"},{"@type":"ListItem","position":2,"name":"Produtos","item":"https:\/\/cyberlogics.ao\/index.php\/shop-2\/"},{"@type":"ListItem","position":3,"name":"Cisco CBS220-24FP-4G-EU Smart 24-port GE, Full PoE+ 382W, 4x1G SFP"}]},{"@type":"WebSite","@id":"https:\/\/cyberlogics.ao\/#website","url":"https:\/\/cyberlogics.ao\/","name":"Cyberlogics Technologies Angola","description":"Loja Online de Licen\u00e7as de Softwares e Inform\u00e1tica","publisher":{"@id":"https:\/\/cyberlogics.ao\/#organization"},"potentialAction":[{"@type":"SearchAction","target":{"@type":"EntryPoint","urlTemplate":"https:\/\/cyberlogics.ao\/?s={search_term_string}"},"query-input":{"@type":"PropertyValueSpecification","valueRequired":true,"valueName":"search_term_string"}}],"inLanguage":"pt-PT"},{"@type":"Organization","@id":"https:\/\/cyberlogics.ao\/#organization","name":"Cyberlogics Ao Technologies - Loja Online de Licen\u00e7as de Softwares e Inform\u00e1tica","url":"https:\/\/cyberlogics.ao\/","logo":{"@type":"ImageObject","inLanguage":"pt-PT","@id":"https:\/\/cyberlogics.ao\/#\/schema\/logo\/image\/","url":"https:\/\/cyberlogics.ao\/wp-content\/uploads\/2022\/04\/CT-logo.png","contentUrl":"https:\/\/cyberlogics.ao\/wp-content\/uploads\/2022\/04\/CT-logo.png","width":190,"height":75,"caption":"Cyberlogics Ao Technologies - Loja Online de Licen\u00e7as de Softwares e Inform\u00e1tica"},"image":{"@id":"https:\/\/cyberlogics.ao\/#\/schema\/logo\/image\/"}}]}},"_links":{"self":[{"href":"https:\/\/cyberlogics.ao\/index.php\/wp-json\/wp\/v2\/product\/8189","targetHints":{"allow":["GET"]}}],"collection":[{"href":"https:\/\/cyberlogics.ao\/index.php\/wp-json\/wp\/v2\/product"}],"about":[{"href":"https:\/\/cyberlogics.ao\/index.php\/wp-json\/wp\/v2\/types\/product"}],"replies":[{"embeddable":true,"href":"https:\/\/cyberlogics.ao\/index.php\/wp-json\/wp\/v2\/comments?post=8189"}],"wp:featuredmedia":[{"embeddable":true,"href":"https:\/\/cyberlogics.ao\/index.php\/wp-json\/wp\/v2\/media\/8190"}],"wp:attachment":[{"href":"https:\/\/cyberlogics.ao\/index.php\/wp-json\/wp\/v2\/media?parent=8189"}],"wp:term":[{"taxonomy":"product_brand","embeddable":true,"href":"https:\/\/cyberlogics.ao\/index.php\/wp-json\/wp\/v2\/product_brand?post=8189"},{"taxonomy":"product_cat","embeddable":true,"href":"https:\/\/cyberlogics.ao\/index.php\/wp-json\/wp\/v2\/product_cat?post=8189"},{"taxonomy":"product_tag","embeddable":true,"href":"https:\/\/cyberlogics.ao\/index.php\/wp-json\/wp\/v2\/product_tag?post=8189"}],"curies":[{"name":"wp","href":"https:\/\/api.w.org\/{rel}","templated":true}]}}