{"id":8696,"date":"2024-07-23T11:55:15","date_gmt":"2024-07-23T11:55:15","guid":{"rendered":"https:\/\/cyberlogics.ao\/?post_type=product&#038;p=8696"},"modified":"2024-07-23T11:55:15","modified_gmt":"2024-07-23T11:55:15","slug":"cisco-catalyst-ws-c2960cx-8pc-l","status":"publish","type":"product","link":"https:\/\/cyberlogics.ao\/index.php\/product\/cisco-catalyst-ws-c2960cx-8pc-l\/","title":{"rendered":"Cisco Catalyst WS-C2960CX-8PC-L"},"content":{"rendered":"<section id=\"tab-overview\" class=\"et-slide\">\n<div class=\"container\">\n<div class=\"tab-body d-lg-block\">\n<h2>WS-C2960CX-8PC-L Vista Geral<\/h2>\n<div class=\"std prod-description\">\n<p>WS-C2960CX-8PC-L equipa 8 portas Gigabit Ethernet POE+ com 2 x 1 Gigabit cobre e 2 x 1 Gigabit SFP uplinks. O POE alimenta at\u00e9 30 W\/porta e fornece um or\u00e7amento POE total de 124 W que pode alimentar telefones IP, c\u00e2meras IP ou outros dispositivos POE.<\/p>\n<h3><strong>Especifica\u00e7\u00f5es r\u00e1pidas<\/strong><\/h3>\n<p><strong>A Figura 1 mostra a apar\u00eancia do WS-C2960CX-8PC-L.<\/strong><\/p>\n<p><img decoding=\"async\" title=\"WS-C2960CX-8PC-L\" src=\"https:\/\/media.router-switch.com\/media\/wysiwyg\/Cisco-2960CX-Switch\/WS-C2960CX-8PC-L\/WS-C2960CX-8PC-L.jpg\" alt=\"WS-C2960CX-8PC-L\" \/><\/p>\n<p><strong>A Tabela 1 mostra as especifica\u00e7\u00f5es r\u00e1pidas.<\/strong><\/p>\n<table border=\"1\">\n<tbody>\n<tr>\n<td><strong>C\u00f3digo do produto<\/strong><\/td>\n<td>WS-C2960CX-8PC-L<\/td>\n<\/tr>\n<tr>\n<td><strong>Conjunto de caracter\u00edsticas<\/strong><\/td>\n<td>Base LAN<\/td>\n<\/tr>\n<tr>\n<td><strong>Interfaces de uplink<\/strong><\/td>\n<td>2 x 1G cobre mais 2 x 1G SFP<\/td>\n<\/tr>\n<tr>\n<td><strong>portas<\/strong><\/td>\n<td>8 portas Gigabit Ethernet 10\/100\/1000<\/td>\n<\/tr>\n<tr>\n<td><strong>Pot\u00eancia POE dispon\u00edvel<\/strong><\/td>\n<td>124 W<\/td>\n<\/tr>\n<tr>\n<td><strong>largura de banda de encaminhamento<\/strong><\/td>\n<td>12 Gbps<\/td>\n<\/tr>\n<tr>\n<td><strong>Largura de banda de comuta\u00e7\u00e3o (capacidade full-duplex)<\/strong><\/td>\n<td>24 Gbps<\/td>\n<\/tr>\n<tr>\n<td><strong>BATER<\/strong><\/td>\n<td>512 MB<\/td>\n<\/tr>\n<tr>\n<td><strong>Mem\u00f3ria flash<\/strong><\/td>\n<td>128 MB<\/td>\n<\/tr>\n<tr>\n<td><strong>Dimens\u00f5es<\/strong><\/td>\n<td>4,44 x 26,9 x 23,8 cm<\/td>\n<\/tr>\n<tr>\n<td><strong>peso do pacote<\/strong><\/td>\n<td>4,65 Kg<\/td>\n<\/tr>\n<\/tbody>\n<\/table>\n<h3><strong>Detalhes do produto<\/strong><\/h3>\n<p><strong>A Figura 2 mostra o painel frontal do WS-C2960CX-8PC-L.<\/strong><\/p>\n<p><img decoding=\"async\" title=\"Painel frontal WS-C2960CX-8PC-L\" src=\"https:\/\/media.router-switch.com\/media\/wysiwyg\/Cisco-2960CX-Switch\/WS-C2960CX-8PC-L\/WS-C2960CX-8PC-L_Front_Panel.jpg\" alt=\"WS-C2960CX-8PC-L Front Panel\" \/><\/p>\n<p>Observa\u00e7\u00e3o:<\/p>\n<table border=\"1\">\n<tbody>\n<tr>\n<td>\u2460<\/td>\n<td>bot\u00e3o de modo<\/td>\n<td>\u2464<\/td>\n<td>8 portas 10\/100\/1000<\/td>\n<\/tr>\n<tr>\n<td>\u2461<\/td>\n<td>Porta USB Tipo A<\/td>\n<td>\u2465<\/td>\n<td>2 x 1G de cobre<\/td>\n<\/tr>\n<tr>\n<td>\u2462<\/td>\n<td>Porta de console RJ-45<\/td>\n<td>\u2466<\/td>\n<td>Slots do m\u00f3dulo SFP<\/td>\n<\/tr>\n<tr>\n<td>\u2463<\/td>\n<td>Porta mini USB tipo B (console)<\/td>\n<td>\u2467<\/td>\n<td>\u00c1rea de LED<\/td>\n<\/tr>\n<\/tbody>\n<\/table>\n<p><strong>A Tabela 2 mostra as quatro descri\u00e7\u00f5es dos LEDs.<\/strong><\/p>\n<table border=\"1\">\n<tbody>\n<tr>\n<td><strong>LIDERADO<\/strong><\/td>\n<td><strong>Modo Cor\/Porta<\/strong><\/td>\n<td><strong>Descri\u00e7\u00e3o<\/strong><\/td>\n<\/tr>\n<tr>\n<td rowspan=\"3\">SISTEMA<\/p>\n<p>(LED do sistema)<\/td>\n<td>Desligado<\/td>\n<td>O sistema n\u00e3o est\u00e1 ligado.<\/td>\n<\/tr>\n<tr>\n<td>Verde<\/td>\n<td>O sistema est\u00e1 operando normalmente.<\/td>\n<\/tr>\n<tr>\n<td>\u00c2mbar<\/td>\n<td>O sistema est\u00e1 recebendo energia, mas n\u00e3o est\u00e1 funcionando corretamente.<\/td>\n<\/tr>\n<tr>\n<td>ESTADO<\/td>\n<td>status da porta<\/td>\n<td>O estado da porta. Este \u00e9 o modo padr\u00e3o.<\/td>\n<\/tr>\n<tr>\n<td>VELOCIDADE<\/td>\n<td>Velocidade da porta<\/td>\n<td>A velocidade de opera\u00e7\u00e3o da porta: 10, 100 ou 1000 Mb\/s.<\/td>\n<\/tr>\n<tr>\n<td rowspan=\"3\">POE<\/td>\n<td>Desligado<\/td>\n<td>PoE n\u00e3o est\u00e1 ativado.<\/td>\n<\/tr>\n<tr>\n<td>Verde<\/td>\n<td>PoE est\u00e1 ativado. As portas est\u00e3o funcionando corretamente.<\/td>\n<\/tr>\n<tr>\n<td>\u00c2mbar piscando<\/td>\n<td>-O modo PoE n\u00e3o est\u00e1 selecionado<\/p>\n<p>-Pelo menos uma das portas 10\/100 ou 10\/100\/100 PoE foi negada energia<\/p>\n<p>-Pelo menos uma das portas tem uma falha de PoE<\/td>\n<\/tr>\n<\/tbody>\n<\/table>\n<p>Os LEDs do console mostram qual porta do console est\u00e1 em uso.<\/p>\n<p>Se voc\u00ea conectar um cabo a uma porta de console, o switch usar\u00e1 automaticamente essa porta para comunica\u00e7\u00e3o de console. Se voc\u00ea conectar dois cabos de console, a porta USB do mini console ter\u00e1 prioridade.<\/p>\n<p><strong>A Tabela 3 mostra a descri\u00e7\u00e3o do LED do console.<\/strong><\/p>\n<table border=\"1\">\n<tbody>\n<tr>\n<td><strong>LIDERADO<\/strong><\/td>\n<td><strong>Cor<\/strong><\/td>\n<td><strong>Descri\u00e7\u00e3o<\/strong><\/td>\n<\/tr>\n<tr>\n<td rowspan=\"2\">Porta de console RJ-45<\/td>\n<td>Verde<\/td>\n<td>A porta do console RJ-45 est\u00e1 ativa.<\/p>\n<p>O LED da porta USB do mini console n\u00e3o est\u00e1 ativo.<\/td>\n<\/tr>\n<tr>\n<td>Desligado<\/td>\n<td>A porta n\u00e3o est\u00e1 ativa.<\/p>\n<p>A porta mini console USB est\u00e1 ativa.<\/td>\n<\/tr>\n<tr>\n<td rowspan=\"2\">porta mini console USB<\/td>\n<td>Verde<\/td>\n<td>A porta mini console USB est\u00e1 ativa.<\/p>\n<p>O LED da porta do console RJ-45 n\u00e3o est\u00e1 ativo.<\/td>\n<\/tr>\n<tr>\n<td>Desligado<\/td>\n<td>A porta n\u00e3o est\u00e1 ativa.<\/p>\n<p>A porta do console RJ-45 est\u00e1 ativa.<\/td>\n<\/tr>\n<\/tbody>\n<\/table>\n<h3><strong>Os acess\u00f3rios<\/strong><\/h3>\n<p><strong>A Tabela 4 mostra alguns cabos recomendados.<\/strong><\/p>\n<table border=\"1\">\n<tbody>\n<tr>\n<td><strong>modelos<\/strong><\/td>\n<td><strong>Descri\u00e7\u00f5es<\/strong><\/td>\n<\/tr>\n<tr>\n<td><a title=\"CAB-CONSOLE-USB\" href=\"https:\/\/www.router-switch.com\/cab-console-usb-p-4951.html\">CAB-CONSOLE-USB<\/a><\/td>\n<td>Cabo de console Cisco CAB-CONSOLE-USB de 6 p\u00e9s com USB tipo A e mini-B<\/td>\n<\/tr>\n<tr>\n<td><a title=\"CAB-CONSOLE-RJ45\" href=\"https:\/\/www.router-switch.com\/cab-console-rj45-p-4939.html\">CAB-CONSOLE-RJ45<\/a><\/td>\n<td>Cabo de console Cisco CAB-CONSOLE-RJ45 6 p\u00e9s com RJ45 e DB9F<\/td>\n<\/tr>\n<\/tbody>\n<\/table>\n<h3><strong>Comparar com item semelhante<\/strong><\/h3>\n<table border=\"1\">\n<tbody>\n<tr>\n<td><strong>modelos<\/strong><\/td>\n<td>WS-C2960CX-8PC-L<\/td>\n<td><a title=\"WS-C2960CX-8TC-L\" href=\"https:\/\/www.router-switch.com\/ws-c2960cx-8tc-l-p-17871.html\">WS-C2960CX-8TC-L<\/a><\/td>\n<\/tr>\n<tr>\n<td><strong>Uplinks<\/strong><\/td>\n<td>2 x 1G cobre ou 2 x 1G SFP<\/td>\n<td>2 x 1G cobre ou 2 x 1G SFP<\/td>\n<\/tr>\n<tr>\n<td><strong>portas<\/strong><\/td>\n<td>8 x 10\/100\/1000 Gigabit Ethernet<\/td>\n<td>8 x 10\/100\/1000 Gigabit Ethernet<\/td>\n<\/tr>\n<tr>\n<td><strong>Conjunto de caracter\u00edsticas<\/strong><\/td>\n<td>Base LAN<\/td>\n<td>Base LAN<\/td>\n<\/tr>\n<tr>\n<td><strong>Pot\u00eancia POE dispon\u00edvel<\/strong><\/td>\n<td>124 W<\/td>\n<td>Nenhum<\/td>\n<\/tr>\n<\/tbody>\n<\/table>\n<h3><strong>Solu\u00e7\u00e3o<\/strong><\/h3>\n<p><strong>Como usar este produto para criar uma rede para pequenas empresas (requer roteador e m\u00f3dulo de voz)?<\/strong><\/p>\n<p><strong>Veja aqui<\/strong>\u00a0<strong>:<\/strong>\u00a0<strong><a title=\"Op\u00e7\u00f5es de rede SMB\" href=\"https:\/\/www.router-switch.com\/architecture-voice.html\" target=\"_blank\" rel=\"noopener\">Op\u00e7\u00f5es de Rede SMB<\/a><\/strong><\/p>\n<h3><strong>Consiga mais informa\u00e7\u00e3o<\/strong><\/h3>\n<p>Voc\u00ea tem alguma d\u00favida sobre o WS-C2960CX-8PC-L?<\/p>\n<p>Contate-nos agora via\u00a0<a title=\"Chat ao vivo - Router-switch.com\" rel=\"nofollow\"><strong>chat ao vivo<\/strong><\/a>\u00a0ou\u00a0<strong>cisco@router-switch.com<\/strong>\u00a0.<\/p>\n<\/div>\n<\/div>\n<\/div>\n<div class=\"container\">\n<div class=\"authoritative-certification-content\">\n<div class=\"authoritative-certification-title mb-3\"><b>Certifica\u00e7\u00f5es de qualidade<\/b><\/div>\n<div class=\"authoritative-certification-icon\">\n<ul>\n<li><img decoding=\"async\" src=\"https:\/\/www.router-switch.com\/media\/catalog\/product\/authoritative\/products_iso14001.svg?v=20221115\" alt=\"\" \/><\/li>\n<li><img decoding=\"async\" src=\"https:\/\/www.router-switch.com\/media\/catalog\/product\/authoritative\/products_iso9001.svg?v=20221115\" alt=\"\" \/><\/li>\n<li><img decoding=\"async\" src=\"https:\/\/www.router-switch.com\/media\/catalog\/product\/authoritative\/products_rohs.svg?v=20221115\" alt=\"\" \/><\/li>\n<li><img decoding=\"async\" src=\"https:\/\/www.router-switch.com\/media\/catalog\/product\/authoritative\/products_reach.svg?v=20221115\" alt=\"\" \/><\/li>\n<li><img decoding=\"async\" src=\"https:\/\/www.router-switch.com\/media\/catalog\/product\/authoritative\/products_ce.svg?v=20221115\" alt=\"\" \/><\/li>\n<li><img decoding=\"async\" src=\"https:\/\/www.router-switch.com\/media\/catalog\/product\/authoritative\/products_fc.svg?v=20221115\" alt=\"\" \/><\/li>\n<\/ul>\n<\/div>\n<\/div>\n<\/div>\n<\/section>\n<section id=\"tab-specification\" class=\"et-slide\">\n<div class=\"container\">\n<div class=\"tab-body d-lg-block pb-5\">\n<h2>WS-C2960CX-8PC-L Especifica\u00e7\u00e3o<\/h2>\n<div class=\"std\">\n<table border=\"1\">\n<tbody>\n<tr>\n<td colspan=\"2\">\n<h3>Especifica\u00e7\u00e3o WS-2960CX-8PC-L<\/h3>\n<\/td>\n<\/tr>\n<tr>\n<td><strong>Portas Ethernet<\/strong><\/td>\n<td>8 x 10\/100\/1000 Gigabit Ethernet<\/td>\n<\/tr>\n<tr>\n<td><strong>PoE<br \/>\nPortas de Sa\u00edda<\/strong><\/td>\n<td>8 PoE+<\/td>\n<\/tr>\n<tr>\n<td><strong>Dispon\u00edvel<br \/>\nPot\u00eancia PoE<\/strong><\/td>\n<td>124 W<\/td>\n<\/tr>\n<tr>\n<td><strong>Uplinks<\/strong><\/td>\n<td>2 x cobre 1G mais<\/p>\n<p>2x 1G SFP<\/td>\n<\/tr>\n<tr>\n<td><strong>Software padr\u00e3o<\/strong><\/td>\n<td>Base LAN<\/td>\n<\/tr>\n<tr>\n<td><strong>largura de banda de encaminhamento<\/strong><\/td>\n<td>12 Gbps<\/td>\n<\/tr>\n<tr>\n<td><strong>Largura de banda de comuta\u00e7\u00e3o (capacidade full-duplex)<\/strong><\/td>\n<td>24 Gbps<\/td>\n<\/tr>\n<tr>\n<td><strong>Mem\u00f3ria flash<\/strong><\/td>\n<td>128 MB<\/td>\n<\/tr>\n<tr>\n<td><strong>Mem\u00f3ria DRAM<\/strong><\/td>\n<td>512 MB<\/td>\n<\/tr>\n<tr>\n<td><strong>M\u00e1ximo de VLANs<\/strong><\/td>\n<td>255<\/td>\n<\/tr>\n<tr>\n<td><strong>IDs de VLAN<\/strong><\/td>\n<td>4000<\/td>\n<\/tr>\n<tr>\n<td><strong>Unidade m\u00e1xima de transmiss\u00e3o (MTU)<\/strong><\/td>\n<td>At\u00e9 9000 bytes<\/td>\n<\/tr>\n<tr>\n<td><strong>Quadros jumbo<\/strong><\/td>\n<td>9198 bytes<\/td>\n<\/tr>\n<tr>\n<td><strong>Taxa de encaminhamento Pacote de 64 bytes<\/strong><\/td>\n<td>17,9 mpps<\/td>\n<\/tr>\n<tr>\n<td><strong>Conectores de alimenta\u00e7\u00e3o<\/strong><\/td>\n<td>&#8211; Os clientes podem fornecer energia a um switch usando a fonte de alimenta\u00e7\u00e3o interna.<\/p>\n<p>O conector est\u00e1 localizado na parte de tr\u00e1s do switch.<\/p>\n<p>A fonte de alimenta\u00e7\u00e3o interna \u00e9 uma unidade de sele\u00e7\u00e3o autom\u00e1tica<\/p>\n<p>&#8211; A fonte de alimenta\u00e7\u00e3o interna suporta tens\u00f5es de entrada entre 100 e 240VAC<br \/>\n&#8211; Use o cabo de alimenta\u00e7\u00e3o CA fornecido para conectar o conector de alimenta\u00e7\u00e3o CA a uma tomada el\u00e9trica CA<\/td>\n<\/tr>\n<tr>\n<td><strong>Indicadores<\/strong><\/td>\n<td>Status por porta: integridade do link, desativado, atividade, velocidade, full-duplex<\/p>\n<p>Status do sistema: Sistema, status do link, link duplex, velocidade do link<\/td>\n<\/tr>\n<tr>\n<td><strong>Dimens\u00f5es<br \/>\n(A x L x P)<\/strong><\/td>\n<td>1,75 x 10,6 x 9,4\u00a0pol. (\u00a04,44 x 26,9 x 23,8\u00a0cm)<\/td>\n<\/tr>\n<tr>\n<td><strong>Peso<\/strong><\/td>\n<td>5,0 lb (2,27 kg)<\/td>\n<\/tr>\n<tr>\n<td><strong>peso do pacote<\/strong><\/td>\n<td>10,25 lb (4,65 kg)<\/td>\n<\/tr>\n<tr>\n<td><strong>Temperatura operacional* de at\u00e9 5.000 p\u00e9s (1.524 m)<\/strong><\/td>\n<td>-5\u00b0C a +45\u00b0C<\/p>\n<p>(+23\u00b0F a +113\u00b0F)<\/td>\n<\/tr>\n<tr>\n<td><strong>Temperatura operacional* de at\u00e9 10.000 p\u00e9s (3.048 m)<\/strong><\/td>\n<td>-5\u00b0C a +45\u00b0C<\/p>\n<p>(+23\u00b0F a +113\u00b0F)<\/td>\n<\/tr>\n<tr>\n<td><strong>Temperatura de armazenamento de at\u00e9 15.000 p\u00e9s (4.572 m)<\/strong><\/td>\n<td>-25\u00b0C a +70\u00b0C<\/p>\n<p>(-13\u00b0F a +158\u00b0F)<\/td>\n<\/tr>\n<tr>\n<td><strong>Altitude de Opera\u00e7\u00e3o<\/strong><\/td>\n<td>At\u00e9 3048 metros<\/p>\n<p>(at\u00e9 10.000 p\u00e9s)<\/td>\n<\/tr>\n<tr>\n<td><strong>Altitude de armazenamento<\/strong><\/td>\n<td>At\u00e9 4000m<\/p>\n<p>(at\u00e9 15.000 p\u00e9s)<\/td>\n<\/tr>\n<tr>\n<td><strong>Umidade relativa operacional<\/strong><\/td>\n<td>5% a 95% sem condensa\u00e7\u00e3o<\/td>\n<\/tr>\n<tr>\n<td><strong>Umidade relativa de armazenamento<\/strong><\/td>\n<td>5% a 95% sem condensa\u00e7\u00e3o<\/td>\n<\/tr>\n<tr>\n<td><strong>Tempo m\u00e9dio entre falhas (MTBF)<\/strong><\/td>\n<td>569.530<\/td>\n<\/tr>\n<\/tbody>\n<\/table>\n<\/div>\n<\/div>\n<\/div>\n<\/section>\n","protected":false},"excerpt":{"rendered":"<div class=\"col-12 col-xl-4 pr-xl-5\">\n<div class=\"product media\">\n<div class=\"action-skip-wrapper\"><a class=\"action skip gallery-prev-area\" href=\"https:\/\/www.router-switch.com\/ws-c2960cx-8pc-l-p-17872.html#gallery-prev-area\">Skip to the beginning of the images gallery<\/a><\/div>\n<p><a id=\"gallery-next-area\" tabindex=\"-1\"><\/a><\/div>\n<\/div>\n<div class=\"col-12 col-xl-6\">\n<div class=\"product-info-main\">\n<table class=\"data-table product-data-table mt-2\">\n<tbody>\n<tr>\n<td>Nome:<\/td>\n<td>\n<h1 class=\"font18 font-weight-bold color333 mb-0\">WS-C2960CX-8PC-L<\/h1>\n<div><\/div>\n<\/td>\n<\/tr>\n<tr>\n<td class=\"label\">Modelo:<\/td>\n<td class=\"h-model-pr\">WS-C2960CX-8PC-L Cisco Compact Switch 2960CX<\/td>\n<\/tr>\n<tr>\n<td>Detalhes:<\/td>\n<td>\n<div class=\"ellipsis2 \">Cisco Catalyst 2960-CX 8 &#8211; port compact Switch Layer 2, POE+, 124W &#8211; 8 x 10\/100\/1000 Ethernet Ports, 2 SFP&amp;2GE uplinks-<\/div>\n<\/td>\n<\/tr>\n<\/tbody>\n<\/table>\n<\/div>\n<\/div>\n","protected":false},"featured_media":8697,"comment_status":"open","ping_status":"closed","template":"","meta":{"_joinchat":[]},"product_brand":[],"product_cat":[316,422],"product_tag":[631],"class_list":{"0":"post-8696","1":"product","2":"type-product","3":"status-publish","4":"has-post-thumbnail","6":"product_cat-cisco-marcas","7":"product_cat-cisco-switches","8":"product_tag-ws-c2960cx-8pc-l","10":"first","11":"instock","12":"shipping-taxable","13":"purchasable","14":"product-type-simple"},"yoast_head":"<!-- This site is optimized with the Yoast SEO plugin v27.4 - https:\/\/yoast.com\/product\/yoast-seo-wordpress\/ -->\n<title>Cisco Catalyst WS-C2960CX-8PC-L - Cyberlogics Technologies Angola<\/title>\n<meta name=\"description\" content=\"A Maior Loja Online de Angola de Licen\u00e7as Microsoft Office | Chaves Sistemas Operativos Windows | Antiv\u00edrus | Cloud Adobe | Inform\u00e1tica &amp; Servidores | Softwares de Gest\u00e3o ERP | Gaming Hardware | UPS e Baterias &amp; Muito Mais...\" \/>\n<meta name=\"robots\" content=\"index, follow, max-snippet:-1, max-image-preview:large, max-video-preview:-1\" \/>\n<link rel=\"canonical\" href=\"https:\/\/cyberlogics.ao\/index.php\/product\/cisco-catalyst-ws-c2960cx-8pc-l\/\" \/>\n<meta property=\"og:locale\" content=\"pt_PT\" \/>\n<meta property=\"og:type\" content=\"article\" \/>\n<meta property=\"og:title\" content=\"Cisco Catalyst WS-C2960CX-8PC-L - Cyberlogics Technologies Angola\" \/>\n<meta property=\"og:description\" content=\"A Maior Loja Online de Angola de Licen\u00e7as Microsoft Office | Chaves Sistemas Operativos Windows | Antiv\u00edrus | Cloud Adobe | Inform\u00e1tica &amp; Servidores | Softwares de Gest\u00e3o ERP | Gaming Hardware | UPS e Baterias &amp; Muito Mais...\" \/>\n<meta property=\"og:url\" content=\"https:\/\/cyberlogics.ao\/index.php\/product\/cisco-catalyst-ws-c2960cx-8pc-l\/\" \/>\n<meta property=\"og:site_name\" content=\"Cyberlogics Technologies Angola\" \/>\n<meta property=\"og:image\" content=\"http:\/\/cyberlogics.ao\/wp-content\/uploads\/2024\/07\/cisco-ws-c2960cx-8pc-l-1.jpg\" \/>\n\t<meta property=\"og:image:width\" content=\"600\" \/>\n\t<meta property=\"og:image:height\" content=\"600\" \/>\n\t<meta property=\"og:image:type\" content=\"image\/jpeg\" \/>\n<meta name=\"twitter:card\" content=\"summary_large_image\" \/>\n<meta name=\"twitter:label1\" content=\"Tempo estimado de leitura\" \/>\n\t<meta name=\"twitter:data1\" content=\"4 minutos\" \/>\n<script type=\"application\/ld+json\" class=\"yoast-schema-graph\">{\"@context\":\"https:\\\/\\\/schema.org\",\"@graph\":[{\"@type\":\"WebPage\",\"@id\":\"https:\\\/\\\/cyberlogics.ao\\\/index.php\\\/product\\\/cisco-catalyst-ws-c2960cx-8pc-l\\\/\",\"url\":\"https:\\\/\\\/cyberlogics.ao\\\/index.php\\\/product\\\/cisco-catalyst-ws-c2960cx-8pc-l\\\/\",\"name\":\"Cisco Catalyst WS-C2960CX-8PC-L - Cyberlogics Technologies Angola\",\"isPartOf\":{\"@id\":\"https:\\\/\\\/cyberlogics.ao\\\/#website\"},\"primaryImageOfPage\":{\"@id\":\"https:\\\/\\\/cyberlogics.ao\\\/index.php\\\/product\\\/cisco-catalyst-ws-c2960cx-8pc-l\\\/#primaryimage\"},\"image\":{\"@id\":\"https:\\\/\\\/cyberlogics.ao\\\/index.php\\\/product\\\/cisco-catalyst-ws-c2960cx-8pc-l\\\/#primaryimage\"},\"thumbnailUrl\":\"https:\\\/\\\/cyberlogics.ao\\\/wp-content\\\/uploads\\\/2024\\\/07\\\/cisco-ws-c2960cx-8pc-l-1.jpg\",\"datePublished\":\"2024-07-23T11:55:15+00:00\",\"description\":\"A Maior Loja Online de Angola de Licen\u00e7as Microsoft Office | Chaves Sistemas Operativos Windows | Antiv\u00edrus | Cloud Adobe | Inform\u00e1tica & Servidores | Softwares de Gest\u00e3o ERP | Gaming Hardware | UPS e Baterias & Muito Mais...\",\"breadcrumb\":{\"@id\":\"https:\\\/\\\/cyberlogics.ao\\\/index.php\\\/product\\\/cisco-catalyst-ws-c2960cx-8pc-l\\\/#breadcrumb\"},\"inLanguage\":\"pt-PT\",\"potentialAction\":[{\"@type\":\"ReadAction\",\"target\":[\"https:\\\/\\\/cyberlogics.ao\\\/index.php\\\/product\\\/cisco-catalyst-ws-c2960cx-8pc-l\\\/\"]}]},{\"@type\":\"ImageObject\",\"inLanguage\":\"pt-PT\",\"@id\":\"https:\\\/\\\/cyberlogics.ao\\\/index.php\\\/product\\\/cisco-catalyst-ws-c2960cx-8pc-l\\\/#primaryimage\",\"url\":\"https:\\\/\\\/cyberlogics.ao\\\/wp-content\\\/uploads\\\/2024\\\/07\\\/cisco-ws-c2960cx-8pc-l-1.jpg\",\"contentUrl\":\"https:\\\/\\\/cyberlogics.ao\\\/wp-content\\\/uploads\\\/2024\\\/07\\\/cisco-ws-c2960cx-8pc-l-1.jpg\",\"width\":600,\"height\":600},{\"@type\":\"BreadcrumbList\",\"@id\":\"https:\\\/\\\/cyberlogics.ao\\\/index.php\\\/product\\\/cisco-catalyst-ws-c2960cx-8pc-l\\\/#breadcrumb\",\"itemListElement\":[{\"@type\":\"ListItem\",\"position\":1,\"name\":\"In\u00edcio\",\"item\":\"https:\\\/\\\/cyberlogics.ao\\\/\"},{\"@type\":\"ListItem\",\"position\":2,\"name\":\"Produtos\",\"item\":\"https:\\\/\\\/cyberlogics.ao\\\/index.php\\\/shop-2\\\/\"},{\"@type\":\"ListItem\",\"position\":3,\"name\":\"Cisco Catalyst WS-C2960CX-8PC-L\"}]},{\"@type\":\"WebSite\",\"@id\":\"https:\\\/\\\/cyberlogics.ao\\\/#website\",\"url\":\"https:\\\/\\\/cyberlogics.ao\\\/\",\"name\":\"Cyberlogics Technologies Angola\",\"description\":\"Loja Online de Licen\u00e7as de Softwares e Inform\u00e1tica\",\"publisher\":{\"@id\":\"https:\\\/\\\/cyberlogics.ao\\\/#organization\"},\"potentialAction\":[{\"@type\":\"SearchAction\",\"target\":{\"@type\":\"EntryPoint\",\"urlTemplate\":\"https:\\\/\\\/cyberlogics.ao\\\/?s={search_term_string}\"},\"query-input\":{\"@type\":\"PropertyValueSpecification\",\"valueRequired\":true,\"valueName\":\"search_term_string\"}}],\"inLanguage\":\"pt-PT\"},{\"@type\":\"Organization\",\"@id\":\"https:\\\/\\\/cyberlogics.ao\\\/#organization\",\"name\":\"Cyberlogics Ao Technologies - Loja Online de Licen\u00e7as de Softwares e Inform\u00e1tica\",\"url\":\"https:\\\/\\\/cyberlogics.ao\\\/\",\"logo\":{\"@type\":\"ImageObject\",\"inLanguage\":\"pt-PT\",\"@id\":\"https:\\\/\\\/cyberlogics.ao\\\/#\\\/schema\\\/logo\\\/image\\\/\",\"url\":\"https:\\\/\\\/cyberlogics.ao\\\/wp-content\\\/uploads\\\/2022\\\/04\\\/CT-logo.png\",\"contentUrl\":\"https:\\\/\\\/cyberlogics.ao\\\/wp-content\\\/uploads\\\/2022\\\/04\\\/CT-logo.png\",\"width\":190,\"height\":75,\"caption\":\"Cyberlogics Ao Technologies - Loja Online de Licen\u00e7as de Softwares e Inform\u00e1tica\"},\"image\":{\"@id\":\"https:\\\/\\\/cyberlogics.ao\\\/#\\\/schema\\\/logo\\\/image\\\/\"}}]}<\/script>\n<!-- \/ Yoast SEO plugin. -->","yoast_head_json":{"title":"Cisco Catalyst WS-C2960CX-8PC-L - Cyberlogics Technologies Angola","description":"A Maior Loja Online de Angola de Licen\u00e7as Microsoft Office | Chaves Sistemas Operativos Windows | Antiv\u00edrus | Cloud Adobe | Inform\u00e1tica & Servidores | Softwares de Gest\u00e3o ERP | Gaming Hardware | UPS e Baterias & Muito Mais...","robots":{"index":"index","follow":"follow","max-snippet":"max-snippet:-1","max-image-preview":"max-image-preview:large","max-video-preview":"max-video-preview:-1"},"canonical":"https:\/\/cyberlogics.ao\/index.php\/product\/cisco-catalyst-ws-c2960cx-8pc-l\/","og_locale":"pt_PT","og_type":"article","og_title":"Cisco Catalyst WS-C2960CX-8PC-L - Cyberlogics Technologies Angola","og_description":"A Maior Loja Online de Angola de Licen\u00e7as Microsoft Office | Chaves Sistemas Operativos Windows | Antiv\u00edrus | Cloud Adobe | Inform\u00e1tica & Servidores | Softwares de Gest\u00e3o ERP | Gaming Hardware | UPS e Baterias & Muito Mais...","og_url":"https:\/\/cyberlogics.ao\/index.php\/product\/cisco-catalyst-ws-c2960cx-8pc-l\/","og_site_name":"Cyberlogics Technologies Angola","og_image":[{"width":600,"height":600,"url":"http:\/\/cyberlogics.ao\/wp-content\/uploads\/2024\/07\/cisco-ws-c2960cx-8pc-l-1.jpg","type":"image\/jpeg"}],"twitter_card":"summary_large_image","twitter_misc":{"Tempo estimado de leitura":"4 minutos"},"schema":{"@context":"https:\/\/schema.org","@graph":[{"@type":"WebPage","@id":"https:\/\/cyberlogics.ao\/index.php\/product\/cisco-catalyst-ws-c2960cx-8pc-l\/","url":"https:\/\/cyberlogics.ao\/index.php\/product\/cisco-catalyst-ws-c2960cx-8pc-l\/","name":"Cisco Catalyst WS-C2960CX-8PC-L - Cyberlogics Technologies Angola","isPartOf":{"@id":"https:\/\/cyberlogics.ao\/#website"},"primaryImageOfPage":{"@id":"https:\/\/cyberlogics.ao\/index.php\/product\/cisco-catalyst-ws-c2960cx-8pc-l\/#primaryimage"},"image":{"@id":"https:\/\/cyberlogics.ao\/index.php\/product\/cisco-catalyst-ws-c2960cx-8pc-l\/#primaryimage"},"thumbnailUrl":"https:\/\/cyberlogics.ao\/wp-content\/uploads\/2024\/07\/cisco-ws-c2960cx-8pc-l-1.jpg","datePublished":"2024-07-23T11:55:15+00:00","description":"A Maior Loja Online de Angola de Licen\u00e7as Microsoft Office | Chaves Sistemas Operativos Windows | Antiv\u00edrus | Cloud Adobe | Inform\u00e1tica & Servidores | Softwares de Gest\u00e3o ERP | Gaming Hardware | UPS e Baterias & Muito Mais...","breadcrumb":{"@id":"https:\/\/cyberlogics.ao\/index.php\/product\/cisco-catalyst-ws-c2960cx-8pc-l\/#breadcrumb"},"inLanguage":"pt-PT","potentialAction":[{"@type":"ReadAction","target":["https:\/\/cyberlogics.ao\/index.php\/product\/cisco-catalyst-ws-c2960cx-8pc-l\/"]}]},{"@type":"ImageObject","inLanguage":"pt-PT","@id":"https:\/\/cyberlogics.ao\/index.php\/product\/cisco-catalyst-ws-c2960cx-8pc-l\/#primaryimage","url":"https:\/\/cyberlogics.ao\/wp-content\/uploads\/2024\/07\/cisco-ws-c2960cx-8pc-l-1.jpg","contentUrl":"https:\/\/cyberlogics.ao\/wp-content\/uploads\/2024\/07\/cisco-ws-c2960cx-8pc-l-1.jpg","width":600,"height":600},{"@type":"BreadcrumbList","@id":"https:\/\/cyberlogics.ao\/index.php\/product\/cisco-catalyst-ws-c2960cx-8pc-l\/#breadcrumb","itemListElement":[{"@type":"ListItem","position":1,"name":"In\u00edcio","item":"https:\/\/cyberlogics.ao\/"},{"@type":"ListItem","position":2,"name":"Produtos","item":"https:\/\/cyberlogics.ao\/index.php\/shop-2\/"},{"@type":"ListItem","position":3,"name":"Cisco Catalyst WS-C2960CX-8PC-L"}]},{"@type":"WebSite","@id":"https:\/\/cyberlogics.ao\/#website","url":"https:\/\/cyberlogics.ao\/","name":"Cyberlogics Technologies Angola","description":"Loja Online de Licen\u00e7as de Softwares e Inform\u00e1tica","publisher":{"@id":"https:\/\/cyberlogics.ao\/#organization"},"potentialAction":[{"@type":"SearchAction","target":{"@type":"EntryPoint","urlTemplate":"https:\/\/cyberlogics.ao\/?s={search_term_string}"},"query-input":{"@type":"PropertyValueSpecification","valueRequired":true,"valueName":"search_term_string"}}],"inLanguage":"pt-PT"},{"@type":"Organization","@id":"https:\/\/cyberlogics.ao\/#organization","name":"Cyberlogics Ao Technologies - Loja Online de Licen\u00e7as de Softwares e Inform\u00e1tica","url":"https:\/\/cyberlogics.ao\/","logo":{"@type":"ImageObject","inLanguage":"pt-PT","@id":"https:\/\/cyberlogics.ao\/#\/schema\/logo\/image\/","url":"https:\/\/cyberlogics.ao\/wp-content\/uploads\/2022\/04\/CT-logo.png","contentUrl":"https:\/\/cyberlogics.ao\/wp-content\/uploads\/2022\/04\/CT-logo.png","width":190,"height":75,"caption":"Cyberlogics Ao Technologies - Loja Online de Licen\u00e7as de Softwares e Inform\u00e1tica"},"image":{"@id":"https:\/\/cyberlogics.ao\/#\/schema\/logo\/image\/"}}]}},"_links":{"self":[{"href":"https:\/\/cyberlogics.ao\/index.php\/wp-json\/wp\/v2\/product\/8696","targetHints":{"allow":["GET"]}}],"collection":[{"href":"https:\/\/cyberlogics.ao\/index.php\/wp-json\/wp\/v2\/product"}],"about":[{"href":"https:\/\/cyberlogics.ao\/index.php\/wp-json\/wp\/v2\/types\/product"}],"replies":[{"embeddable":true,"href":"https:\/\/cyberlogics.ao\/index.php\/wp-json\/wp\/v2\/comments?post=8696"}],"wp:featuredmedia":[{"embeddable":true,"href":"https:\/\/cyberlogics.ao\/index.php\/wp-json\/wp\/v2\/media\/8697"}],"wp:attachment":[{"href":"https:\/\/cyberlogics.ao\/index.php\/wp-json\/wp\/v2\/media?parent=8696"}],"wp:term":[{"taxonomy":"product_brand","embeddable":true,"href":"https:\/\/cyberlogics.ao\/index.php\/wp-json\/wp\/v2\/product_brand?post=8696"},{"taxonomy":"product_cat","embeddable":true,"href":"https:\/\/cyberlogics.ao\/index.php\/wp-json\/wp\/v2\/product_cat?post=8696"},{"taxonomy":"product_tag","embeddable":true,"href":"https:\/\/cyberlogics.ao\/index.php\/wp-json\/wp\/v2\/product_tag?post=8696"}],"curies":[{"name":"wp","href":"https:\/\/api.w.org\/{rel}","templated":true}]}}