{"id":8724,"date":"2024-07-23T16:13:49","date_gmt":"2024-07-23T16:13:49","guid":{"rendered":"https:\/\/cyberlogics.ao\/?post_type=product&#038;p=8724"},"modified":"2024-07-23T16:13:49","modified_gmt":"2024-07-23T16:13:49","slug":"dell-1u-r440-4216-8g1-600g-sas","status":"publish","type":"product","link":"https:\/\/cyberlogics.ao\/index.php\/product\/dell-1u-r440-4216-8g1-600g-sas\/","title":{"rendered":"Dell 1U R440 4216\/8G*1\/600G SAS"},"content":{"rendered":"<section id=\"tab-overview\" class=\"et-slide\">\n<div class=\"container\">\n<div class=\"tab-body d-lg-block\">\n<h2>Dell 1U R440 4216\/8G*1\/600G SAS 10K*1\/H330\/DVD\/550W*2\/3,5-4 Vista Geral<\/h2>\n<div class=\"std prod-description\">Dell 1U R440 4216 (16 n\u00facleos, 32 threads, 2,10 GHz, 22 MB)\/8G*1\/600G SAS 10K*1\/H330\/DVD\/550W*2\/3,5-4<\/div>\n<\/div>\n<\/div>\n<div class=\"container\">\n<div class=\"authoritative-certification-content\">\n<div class=\"authoritative-certification-title mb-3\"><b>Certifica\u00e7\u00f5es de qualidade<\/b><\/div>\n<div class=\"authoritative-certification-icon\">\n<ul>\n<li><img decoding=\"async\" src=\"https:\/\/www.router-switch.com\/media\/catalog\/product\/authoritative\/products_iso14001.svg?v=20221115\" alt=\"\" \/><\/li>\n<li><img decoding=\"async\" src=\"https:\/\/www.router-switch.com\/media\/catalog\/product\/authoritative\/products_iso9001.svg?v=20221115\" alt=\"\" \/><\/li>\n<li><img decoding=\"async\" src=\"https:\/\/www.router-switch.com\/media\/catalog\/product\/authoritative\/products_rohs.svg?v=20221115\" alt=\"\" \/><\/li>\n<li><img decoding=\"async\" src=\"https:\/\/www.router-switch.com\/media\/catalog\/product\/authoritative\/products_reach.svg?v=20221115\" alt=\"\" \/><\/li>\n<li><img decoding=\"async\" src=\"https:\/\/www.router-switch.com\/media\/catalog\/product\/authoritative\/products_ce.svg?v=20221115\" alt=\"\" \/><\/li>\n<li><img decoding=\"async\" src=\"https:\/\/www.router-switch.com\/media\/catalog\/product\/authoritative\/products_fc.svg?v=20221115\" alt=\"\" \/><\/li>\n<\/ul>\n<\/div>\n<\/div>\n<\/div>\n<\/section>\n<section id=\"tab-specification\" class=\"et-slide\">\n<div class=\"container\">\n<div class=\"tab-body d-lg-block pb-5\">\n<h2>Dell 1U R440 4216\/8G*1\/600G SAS 10K*1\/H330\/DVD\/550W*2\/3,5-4 Especifica\u00e7\u00e3o<\/h2>\n<div class=\"std\">\n<table border=\"1\" cellspacing=\"0\" cellpadding=\"0\">\n<tbody>\n<tr>\n<td colspan=\"2\" valign=\"top\" width=\"100%\">\n<h3 align=\"center\"><strong>Especifica\u00e7\u00e3o Dell PowerEdge R440<\/strong><\/h3>\n<\/td>\n<\/tr>\n<tr>\n<td valign=\"top\" width=\"21%\"><strong>Processador<\/strong><\/td>\n<td valign=\"top\" width=\"78%\">At\u00e9 dois processadores escalon\u00e1veis Intel Xeon de 2\u00aa gera\u00e7\u00e3o, at\u00e9 24 n\u00facleos por processador<\/td>\n<\/tr>\n<tr>\n<td valign=\"top\" width=\"21%\"><strong>Mem\u00f3ria<\/strong><\/td>\n<td valign=\"top\" width=\"78%\">16 slots DDR4 DIMM, suporta RDIMM \/LRDIMM, velocidades de at\u00e9 2666MT\/s, 1TB m\u00e1x.<\/td>\n<\/tr>\n<tr>\n<td valign=\"top\" width=\"21%\"><strong>Controladores de estoque<\/strong><\/td>\n<td valign=\"top\" width=\"78%\">Controladores internos: PERC H330, H730P, H740P, HBA330<\/p>\n<p>Controladores Externos: H840, 12 Gbps SAS HBA<\/td>\n<\/tr>\n<tr>\n<td valign=\"top\" width=\"21%\"><strong>compartimentos de unidade<\/strong><\/td>\n<td valign=\"top\" width=\"78%\">Compartimentos de unidade frontal: At\u00e9 10 x 2,5\u201d SAS\/SATA (HDD\/SSD) com at\u00e9 4 NVMe SSD m\u00e1x. 76,8 TB ou at\u00e9 4 x 3,5 SAS\/SATA HDD m\u00e1x. 64 TB DVD-ROM opcional, DVD+RW<\/td>\n<\/tr>\n<tr>\n<td valign=\"top\" width=\"21%\"><strong>Suprimentos de energia<\/strong><\/td>\n<td valign=\"top\" width=\"78%\">Bronze 450 W (PSU com cabo), Platinum 550 W (PSU hot plug com op\u00e7\u00e3o de redund\u00e2ncia total)<\/td>\n<\/tr>\n<tr>\n<td valign=\"top\" width=\"21%\"><strong>Dimens\u00f5es<\/strong><\/td>\n<td valign=\"top\" width=\"78%\">Altura: 42,8 mm (1,68\u201d)<\/p>\n<p>Largura: 434 mm (17,08\u201d)<\/p>\n<p>Profundidade: 714,62 mm (28,13\u201d)<\/td>\n<\/tr>\n<tr>\n<td valign=\"top\" width=\"21%\"><strong>Moldura<\/strong><\/td>\n<td valign=\"top\" width=\"78%\">LCD opcional ou moldura de seguran\u00e7a<\/td>\n<\/tr>\n<tr>\n<td valign=\"top\" width=\"21%\"><strong>Integra\u00e7\u00f5es e conex\u00f5es<\/strong><\/td>\n<td valign=\"top\" width=\"78%\">Integra\u00e7\u00f5es OpenManage: Microsoft System Center, VMware vCenter, BMC Truesight, Red Hat Ansible Modules<\/p>\n<p>Conex\u00f5es OpenManage: Nagios &amp; Nagios XI, IBM Tivoli Netcool\/OMNIbus, Micro Focus Operations Manager I<\/td>\n<\/tr>\n<tr>\n<td valign=\"top\" width=\"21%\"><strong>Seguran\u00e7a<\/strong><\/td>\n<td valign=\"top\" width=\"78%\">TPM 1.2\/2.0, TCM 2.0 opcional<\/p>\n<p>Firmware assinado criptograficamente<\/p>\n<p>Raiz de Sil\u00edcio da Confian\u00e7a<\/p>\n<p>Modo de seguran\u00e7a<\/p>\n<p>Bloqueio do sistema (requer OpenManage Enterprise)<\/p>\n<p>Apagar Sistema<\/td>\n<\/tr>\n<tr>\n<td valign=\"top\" width=\"21%\"><strong>E\/S &amp; Portas<\/strong><\/td>\n<td valign=\"top\" width=\"78%\">Op\u00e7\u00f5es de rede<\/p>\n<p>2 x 1GbE LOM + (opcional) LOM Riser 2 x 1GbE ou 2x 10GbE SFP+ ou 2 x 10GbE BaseT<\/p>\n<p>Portas frontais: 1 x iDRAC Direct USB Dedicado, 1 x USB 2.0, 1 x V\u00eddeo<\/p>\n<p>Portas traseiras: 1 x porta de rede iDRAC dedicada, 1 x serial, 2 x USB 3.0, 1 x v\u00eddeo<\/p>\n<p>At\u00e9 2 x slots PCIe Gen 3 todos x16<\/td>\n<\/tr>\n<tr>\n<td valign=\"top\" width=\"21%\"><strong>Sistemas operacionais compat\u00edveis<\/strong><\/td>\n<td valign=\"top\" width=\"78%\">Servidor Ubuntu LTS can\u00f4nico<\/p>\n<p>Hipervisor Citrix<\/p>\n<p>Microsoft Windows Server LTSC com Hyper-V<\/p>\n<p>Red Hat Enterprise Linux<\/p>\n<p>Servidor SUSE Linux Enterprise<\/p>\n<p>VMware ESXi<\/td>\n<\/tr>\n<\/tbody>\n<\/table>\n<\/div>\n<\/div>\n<\/div>\n<\/section>\n","protected":false},"excerpt":{"rendered":"<table class=\"data-table product-data-table mt-2\">\n<tbody>\n<tr>\n<td>Nome:<\/td>\n<td>\n<h1 class=\"font18 font-weight-bold color333 mb-0\">Dell 1U R440 4216\/8G*1\/600G SAS 10K*1\/H330\/DVD\/550W*2\/3,5-4<\/h1>\n<div><\/div>\n<\/td>\n<\/tr>\n<tr>\n<td class=\"label\">Modelo:<\/td>\n<td class=\"h-model-pr\">Dell PowerEdge R440 Servers<\/td>\n<\/tr>\n<tr>\n<td>Detalhe:<\/td>\n<td>\n<div class=\"ellipsis2 \">Dell 1U R440 4216 (16 n\u00facleos, 32 threads, 2,10 GHz, 22 MB)\/8G*1\/600G SAS 10K*1\/H330\/DVD\/550W*2\/3,5-4<\/div>\n<\/td>\n<\/tr>\n<\/tbody>\n<\/table>\n","protected":false},"featured_media":8725,"comment_status":"open","ping_status":"closed","template":"","meta":{"_joinchat":[]},"product_brand":[],"product_cat":[317,521],"product_tag":[640],"class_list":{"0":"post-8724","1":"product","2":"type-product","3":"status-publish","4":"has-post-thumbnail","6":"product_cat-dell","7":"product_cat-dell-servers","8":"product_tag-dell-1u-r440-4216-8g1-600g-sas","10":"first","11":"instock","12":"shipping-taxable","13":"purchasable","14":"product-type-simple"},"yoast_head":"<!-- This site is optimized with the Yoast SEO plugin v27.4 - https:\/\/yoast.com\/product\/yoast-seo-wordpress\/ -->\n<title>Dell 1U R440 4216\/8G*1\/600G SAS - Cyberlogics Technologies Angola<\/title>\n<meta name=\"description\" content=\"A Maior Loja Online de Angola de Licen\u00e7as Microsoft Office | Chaves Sistemas Operativos Windows | Antiv\u00edrus | Cloud Adobe | Inform\u00e1tica &amp; Servidores | Softwares de Gest\u00e3o ERP | Gaming Hardware | UPS e Baterias &amp; Muito Mais...\" \/>\n<meta name=\"robots\" content=\"index, follow, max-snippet:-1, max-image-preview:large, max-video-preview:-1\" \/>\n<link rel=\"canonical\" href=\"https:\/\/cyberlogics.ao\/index.php\/product\/dell-1u-r440-4216-8g1-600g-sas\/\" \/>\n<meta property=\"og:locale\" content=\"pt_PT\" \/>\n<meta property=\"og:type\" content=\"article\" \/>\n<meta property=\"og:title\" content=\"Dell 1U R440 4216\/8G*1\/600G SAS - Cyberlogics Technologies Angola\" \/>\n<meta property=\"og:description\" content=\"A Maior Loja Online de Angola de Licen\u00e7as Microsoft Office | Chaves Sistemas Operativos Windows | Antiv\u00edrus | Cloud Adobe | Inform\u00e1tica &amp; Servidores | Softwares de Gest\u00e3o ERP | Gaming Hardware | UPS e Baterias &amp; Muito Mais...\" \/>\n<meta property=\"og:url\" content=\"https:\/\/cyberlogics.ao\/index.php\/product\/dell-1u-r440-4216-8g1-600g-sas\/\" \/>\n<meta property=\"og:site_name\" content=\"Cyberlogics Technologies Angola\" \/>\n<meta property=\"og:image\" content=\"http:\/\/cyberlogics.ao\/wp-content\/uploads\/2024\/07\/dell-r440-server_22.jpg\" \/>\n\t<meta property=\"og:image:width\" content=\"600\" \/>\n\t<meta property=\"og:image:height\" content=\"600\" \/>\n\t<meta property=\"og:image:type\" content=\"image\/jpeg\" \/>\n<meta name=\"twitter:card\" content=\"summary_large_image\" \/>\n<meta name=\"twitter:label1\" content=\"Tempo estimado de leitura\" \/>\n\t<meta name=\"twitter:data1\" content=\"2 minutos\" \/>\n<script type=\"application\/ld+json\" class=\"yoast-schema-graph\">{\"@context\":\"https:\\\/\\\/schema.org\",\"@graph\":[{\"@type\":\"WebPage\",\"@id\":\"https:\\\/\\\/cyberlogics.ao\\\/index.php\\\/product\\\/dell-1u-r440-4216-8g1-600g-sas\\\/\",\"url\":\"https:\\\/\\\/cyberlogics.ao\\\/index.php\\\/product\\\/dell-1u-r440-4216-8g1-600g-sas\\\/\",\"name\":\"Dell 1U R440 4216\\\/8G*1\\\/600G SAS - Cyberlogics Technologies Angola\",\"isPartOf\":{\"@id\":\"https:\\\/\\\/cyberlogics.ao\\\/#website\"},\"primaryImageOfPage\":{\"@id\":\"https:\\\/\\\/cyberlogics.ao\\\/index.php\\\/product\\\/dell-1u-r440-4216-8g1-600g-sas\\\/#primaryimage\"},\"image\":{\"@id\":\"https:\\\/\\\/cyberlogics.ao\\\/index.php\\\/product\\\/dell-1u-r440-4216-8g1-600g-sas\\\/#primaryimage\"},\"thumbnailUrl\":\"https:\\\/\\\/cyberlogics.ao\\\/wp-content\\\/uploads\\\/2024\\\/07\\\/dell-r440-server_22.jpg\",\"datePublished\":\"2024-07-23T16:13:49+00:00\",\"description\":\"A Maior Loja Online de Angola de Licen\u00e7as Microsoft Office | Chaves Sistemas Operativos Windows | Antiv\u00edrus | Cloud Adobe | Inform\u00e1tica & Servidores | Softwares de Gest\u00e3o ERP | Gaming Hardware | UPS e Baterias & Muito Mais...\",\"breadcrumb\":{\"@id\":\"https:\\\/\\\/cyberlogics.ao\\\/index.php\\\/product\\\/dell-1u-r440-4216-8g1-600g-sas\\\/#breadcrumb\"},\"inLanguage\":\"pt-PT\",\"potentialAction\":[{\"@type\":\"ReadAction\",\"target\":[\"https:\\\/\\\/cyberlogics.ao\\\/index.php\\\/product\\\/dell-1u-r440-4216-8g1-600g-sas\\\/\"]}]},{\"@type\":\"ImageObject\",\"inLanguage\":\"pt-PT\",\"@id\":\"https:\\\/\\\/cyberlogics.ao\\\/index.php\\\/product\\\/dell-1u-r440-4216-8g1-600g-sas\\\/#primaryimage\",\"url\":\"https:\\\/\\\/cyberlogics.ao\\\/wp-content\\\/uploads\\\/2024\\\/07\\\/dell-r440-server_22.jpg\",\"contentUrl\":\"https:\\\/\\\/cyberlogics.ao\\\/wp-content\\\/uploads\\\/2024\\\/07\\\/dell-r440-server_22.jpg\",\"width\":600,\"height\":600},{\"@type\":\"BreadcrumbList\",\"@id\":\"https:\\\/\\\/cyberlogics.ao\\\/index.php\\\/product\\\/dell-1u-r440-4216-8g1-600g-sas\\\/#breadcrumb\",\"itemListElement\":[{\"@type\":\"ListItem\",\"position\":1,\"name\":\"In\u00edcio\",\"item\":\"https:\\\/\\\/cyberlogics.ao\\\/\"},{\"@type\":\"ListItem\",\"position\":2,\"name\":\"Produtos\",\"item\":\"https:\\\/\\\/cyberlogics.ao\\\/index.php\\\/shop-2\\\/\"},{\"@type\":\"ListItem\",\"position\":3,\"name\":\"Dell 1U R440 4216\\\/8G*1\\\/600G SAS\"}]},{\"@type\":\"WebSite\",\"@id\":\"https:\\\/\\\/cyberlogics.ao\\\/#website\",\"url\":\"https:\\\/\\\/cyberlogics.ao\\\/\",\"name\":\"Cyberlogics Technologies Angola\",\"description\":\"Loja Online de Licen\u00e7as de Softwares e Inform\u00e1tica\",\"publisher\":{\"@id\":\"https:\\\/\\\/cyberlogics.ao\\\/#organization\"},\"potentialAction\":[{\"@type\":\"SearchAction\",\"target\":{\"@type\":\"EntryPoint\",\"urlTemplate\":\"https:\\\/\\\/cyberlogics.ao\\\/?s={search_term_string}\"},\"query-input\":{\"@type\":\"PropertyValueSpecification\",\"valueRequired\":true,\"valueName\":\"search_term_string\"}}],\"inLanguage\":\"pt-PT\"},{\"@type\":\"Organization\",\"@id\":\"https:\\\/\\\/cyberlogics.ao\\\/#organization\",\"name\":\"Cyberlogics Ao Technologies - Loja Online de Licen\u00e7as de Softwares e Inform\u00e1tica\",\"url\":\"https:\\\/\\\/cyberlogics.ao\\\/\",\"logo\":{\"@type\":\"ImageObject\",\"inLanguage\":\"pt-PT\",\"@id\":\"https:\\\/\\\/cyberlogics.ao\\\/#\\\/schema\\\/logo\\\/image\\\/\",\"url\":\"https:\\\/\\\/cyberlogics.ao\\\/wp-content\\\/uploads\\\/2022\\\/04\\\/CT-logo.png\",\"contentUrl\":\"https:\\\/\\\/cyberlogics.ao\\\/wp-content\\\/uploads\\\/2022\\\/04\\\/CT-logo.png\",\"width\":190,\"height\":75,\"caption\":\"Cyberlogics Ao Technologies - Loja Online de Licen\u00e7as de Softwares e Inform\u00e1tica\"},\"image\":{\"@id\":\"https:\\\/\\\/cyberlogics.ao\\\/#\\\/schema\\\/logo\\\/image\\\/\"}}]}<\/script>\n<!-- \/ Yoast SEO plugin. -->","yoast_head_json":{"title":"Dell 1U R440 4216\/8G*1\/600G SAS - Cyberlogics Technologies Angola","description":"A Maior Loja Online de Angola de Licen\u00e7as Microsoft Office | Chaves Sistemas Operativos Windows | Antiv\u00edrus | Cloud Adobe | Inform\u00e1tica & Servidores | Softwares de Gest\u00e3o ERP | Gaming Hardware | UPS e Baterias & Muito Mais...","robots":{"index":"index","follow":"follow","max-snippet":"max-snippet:-1","max-image-preview":"max-image-preview:large","max-video-preview":"max-video-preview:-1"},"canonical":"https:\/\/cyberlogics.ao\/index.php\/product\/dell-1u-r440-4216-8g1-600g-sas\/","og_locale":"pt_PT","og_type":"article","og_title":"Dell 1U R440 4216\/8G*1\/600G SAS - Cyberlogics Technologies Angola","og_description":"A Maior Loja Online de Angola de Licen\u00e7as Microsoft Office | Chaves Sistemas Operativos Windows | Antiv\u00edrus | Cloud Adobe | Inform\u00e1tica & Servidores | Softwares de Gest\u00e3o ERP | Gaming Hardware | UPS e Baterias & Muito Mais...","og_url":"https:\/\/cyberlogics.ao\/index.php\/product\/dell-1u-r440-4216-8g1-600g-sas\/","og_site_name":"Cyberlogics Technologies Angola","og_image":[{"width":600,"height":600,"url":"http:\/\/cyberlogics.ao\/wp-content\/uploads\/2024\/07\/dell-r440-server_22.jpg","type":"image\/jpeg"}],"twitter_card":"summary_large_image","twitter_misc":{"Tempo estimado de leitura":"2 minutos"},"schema":{"@context":"https:\/\/schema.org","@graph":[{"@type":"WebPage","@id":"https:\/\/cyberlogics.ao\/index.php\/product\/dell-1u-r440-4216-8g1-600g-sas\/","url":"https:\/\/cyberlogics.ao\/index.php\/product\/dell-1u-r440-4216-8g1-600g-sas\/","name":"Dell 1U R440 4216\/8G*1\/600G SAS - Cyberlogics Technologies Angola","isPartOf":{"@id":"https:\/\/cyberlogics.ao\/#website"},"primaryImageOfPage":{"@id":"https:\/\/cyberlogics.ao\/index.php\/product\/dell-1u-r440-4216-8g1-600g-sas\/#primaryimage"},"image":{"@id":"https:\/\/cyberlogics.ao\/index.php\/product\/dell-1u-r440-4216-8g1-600g-sas\/#primaryimage"},"thumbnailUrl":"https:\/\/cyberlogics.ao\/wp-content\/uploads\/2024\/07\/dell-r440-server_22.jpg","datePublished":"2024-07-23T16:13:49+00:00","description":"A Maior Loja Online de Angola de Licen\u00e7as Microsoft Office | Chaves Sistemas Operativos Windows | Antiv\u00edrus | Cloud Adobe | Inform\u00e1tica & Servidores | Softwares de Gest\u00e3o ERP | Gaming Hardware | UPS e Baterias & Muito Mais...","breadcrumb":{"@id":"https:\/\/cyberlogics.ao\/index.php\/product\/dell-1u-r440-4216-8g1-600g-sas\/#breadcrumb"},"inLanguage":"pt-PT","potentialAction":[{"@type":"ReadAction","target":["https:\/\/cyberlogics.ao\/index.php\/product\/dell-1u-r440-4216-8g1-600g-sas\/"]}]},{"@type":"ImageObject","inLanguage":"pt-PT","@id":"https:\/\/cyberlogics.ao\/index.php\/product\/dell-1u-r440-4216-8g1-600g-sas\/#primaryimage","url":"https:\/\/cyberlogics.ao\/wp-content\/uploads\/2024\/07\/dell-r440-server_22.jpg","contentUrl":"https:\/\/cyberlogics.ao\/wp-content\/uploads\/2024\/07\/dell-r440-server_22.jpg","width":600,"height":600},{"@type":"BreadcrumbList","@id":"https:\/\/cyberlogics.ao\/index.php\/product\/dell-1u-r440-4216-8g1-600g-sas\/#breadcrumb","itemListElement":[{"@type":"ListItem","position":1,"name":"In\u00edcio","item":"https:\/\/cyberlogics.ao\/"},{"@type":"ListItem","position":2,"name":"Produtos","item":"https:\/\/cyberlogics.ao\/index.php\/shop-2\/"},{"@type":"ListItem","position":3,"name":"Dell 1U R440 4216\/8G*1\/600G SAS"}]},{"@type":"WebSite","@id":"https:\/\/cyberlogics.ao\/#website","url":"https:\/\/cyberlogics.ao\/","name":"Cyberlogics Technologies Angola","description":"Loja Online de Licen\u00e7as de Softwares e Inform\u00e1tica","publisher":{"@id":"https:\/\/cyberlogics.ao\/#organization"},"potentialAction":[{"@type":"SearchAction","target":{"@type":"EntryPoint","urlTemplate":"https:\/\/cyberlogics.ao\/?s={search_term_string}"},"query-input":{"@type":"PropertyValueSpecification","valueRequired":true,"valueName":"search_term_string"}}],"inLanguage":"pt-PT"},{"@type":"Organization","@id":"https:\/\/cyberlogics.ao\/#organization","name":"Cyberlogics Ao Technologies - Loja Online de Licen\u00e7as de Softwares e Inform\u00e1tica","url":"https:\/\/cyberlogics.ao\/","logo":{"@type":"ImageObject","inLanguage":"pt-PT","@id":"https:\/\/cyberlogics.ao\/#\/schema\/logo\/image\/","url":"https:\/\/cyberlogics.ao\/wp-content\/uploads\/2022\/04\/CT-logo.png","contentUrl":"https:\/\/cyberlogics.ao\/wp-content\/uploads\/2022\/04\/CT-logo.png","width":190,"height":75,"caption":"Cyberlogics Ao Technologies - Loja Online de Licen\u00e7as de Softwares e Inform\u00e1tica"},"image":{"@id":"https:\/\/cyberlogics.ao\/#\/schema\/logo\/image\/"}}]}},"_links":{"self":[{"href":"https:\/\/cyberlogics.ao\/index.php\/wp-json\/wp\/v2\/product\/8724","targetHints":{"allow":["GET"]}}],"collection":[{"href":"https:\/\/cyberlogics.ao\/index.php\/wp-json\/wp\/v2\/product"}],"about":[{"href":"https:\/\/cyberlogics.ao\/index.php\/wp-json\/wp\/v2\/types\/product"}],"replies":[{"embeddable":true,"href":"https:\/\/cyberlogics.ao\/index.php\/wp-json\/wp\/v2\/comments?post=8724"}],"wp:featuredmedia":[{"embeddable":true,"href":"https:\/\/cyberlogics.ao\/index.php\/wp-json\/wp\/v2\/media\/8725"}],"wp:attachment":[{"href":"https:\/\/cyberlogics.ao\/index.php\/wp-json\/wp\/v2\/media?parent=8724"}],"wp:term":[{"taxonomy":"product_brand","embeddable":true,"href":"https:\/\/cyberlogics.ao\/index.php\/wp-json\/wp\/v2\/product_brand?post=8724"},{"taxonomy":"product_cat","embeddable":true,"href":"https:\/\/cyberlogics.ao\/index.php\/wp-json\/wp\/v2\/product_cat?post=8724"},{"taxonomy":"product_tag","embeddable":true,"href":"https:\/\/cyberlogics.ao\/index.php\/wp-json\/wp\/v2\/product_tag?post=8724"}],"curies":[{"name":"wp","href":"https:\/\/api.w.org\/{rel}","templated":true}]}}