{"id":8804,"date":"2025-07-14T16:31:34","date_gmt":"2025-07-14T16:31:34","guid":{"rendered":"https:\/\/cyberlogics.ao\/?post_type=product&#038;p=8804"},"modified":"2025-07-14T16:31:35","modified_gmt":"2025-07-14T16:31:35","slug":"cisco-gigabit-sx-mini-gbic-sfp-network-media-converter-850-nm-part-number-mgbsx1-ean-4260039342731","status":"publish","type":"product","link":"https:\/\/cyberlogics.ao\/index.php\/product\/cisco-gigabit-sx-mini-gbic-sfp-network-media-converter-850-nm-part-number-mgbsx1-ean-4260039342731\/","title":{"rendered":"Cisco Gigabit SX Mini-GBIC SFP network media converter 850 nm Part number: MGBSX1 EAN: 4260039342731"},"content":{"rendered":"","protected":false},"excerpt":{"rendered":"<h1 class=\"top-info__title\">Cisco Gigabit SX Mini-GBIC SFP network media converter 850 nm<\/h1>\n<div class=\"top-info__details top-info-details\">\n<div class=\"top-info-details__item top-info-details__item--mpn\"><span class=\"top-info-details__label\">Part number:\u00a0<\/span><span class=\"top-info-details__value ean-number\">MGBSX1<\/span><\/div>\n<div class=\"top-info-details__item top-info-details__item--ean\"><span class=\"top-info-details__label\">EAN:\u00a0<\/span><span class=\"top-info-details__value ean-number\">4260039342731<\/span><\/div>\n<\/div>\n","protected":false},"featured_media":8805,"comment_status":"open","ping_status":"closed","template":"","meta":{"_joinchat":[]},"product_brand":[],"product_cat":[304,316,425],"product_tag":[],"class_list":{"0":"post-8804","1":"product","2":"type-product","3":"status-publish","4":"has-post-thumbnail","6":"product_cat-cisco","7":"product_cat-cisco-marcas","8":"product_cat-transceptores","10":"first","11":"instock","12":"shipping-taxable","13":"purchasable","14":"product-type-simple"},"yoast_head":"<!-- This site is optimized with the Yoast SEO plugin v27.4 - https:\/\/yoast.com\/product\/yoast-seo-wordpress\/ -->\n<title>Cisco Gigabit SX Mini-GBIC SFP network media converter 850 nm Part number: MGBSX1 EAN: 4260039342731 - Cyberlogics Technologies Angola<\/title>\n<meta name=\"description\" content=\"A Maior Loja Online de Angola de Licen\u00e7as Microsoft Office | Chaves Sistemas Operativos Windows | Antiv\u00edrus | Cloud Adobe | Inform\u00e1tica &amp; Servidores | Softwares de Gest\u00e3o ERP | Gaming Hardware | UPS e Baterias &amp; Muito Mais...\" \/>\n<meta name=\"robots\" content=\"index, follow, max-snippet:-1, max-image-preview:large, max-video-preview:-1\" \/>\n<link rel=\"canonical\" href=\"https:\/\/cyberlogics.ao\/index.php\/product\/cisco-gigabit-sx-mini-gbic-sfp-network-media-converter-850-nm-part-number-mgbsx1-ean-4260039342731\/\" \/>\n<meta property=\"og:locale\" content=\"pt_PT\" \/>\n<meta property=\"og:type\" content=\"article\" \/>\n<meta property=\"og:title\" content=\"Cisco Gigabit SX Mini-GBIC SFP network media converter 850 nm Part number: MGBSX1 EAN: 4260039342731 - Cyberlogics Technologies Angola\" \/>\n<meta property=\"og:description\" content=\"A Maior Loja Online de Angola de Licen\u00e7as Microsoft Office | Chaves Sistemas Operativos Windows | Antiv\u00edrus | Cloud Adobe | Inform\u00e1tica &amp; Servidores | Softwares de Gest\u00e3o ERP | Gaming Hardware | UPS e Baterias &amp; Muito Mais...\" \/>\n<meta property=\"og:url\" content=\"https:\/\/cyberlogics.ao\/index.php\/product\/cisco-gigabit-sx-mini-gbic-sfp-network-media-converter-850-nm-part-number-mgbsx1-ean-4260039342731\/\" \/>\n<meta property=\"og:site_name\" content=\"Cyberlogics Technologies Angola\" \/>\n<meta property=\"article:modified_time\" content=\"2025-07-14T16:31:35+00:00\" \/>\n<meta property=\"og:image\" content=\"http:\/\/cyberlogics.ao\/wp-content\/uploads\/2025\/07\/1001259_MGBSX1_image1.webp\" \/>\n\t<meta property=\"og:image:width\" content=\"250\" \/>\n\t<meta property=\"og:image:height\" content=\"190\" \/>\n\t<meta property=\"og:image:type\" content=\"image\/webp\" \/>\n<meta name=\"twitter:card\" content=\"summary_large_image\" \/>\n<script type=\"application\/ld+json\" class=\"yoast-schema-graph\">{\"@context\":\"https:\\\/\\\/schema.org\",\"@graph\":[{\"@type\":\"WebPage\",\"@id\":\"https:\\\/\\\/cyberlogics.ao\\\/index.php\\\/product\\\/cisco-gigabit-sx-mini-gbic-sfp-network-media-converter-850-nm-part-number-mgbsx1-ean-4260039342731\\\/\",\"url\":\"https:\\\/\\\/cyberlogics.ao\\\/index.php\\\/product\\\/cisco-gigabit-sx-mini-gbic-sfp-network-media-converter-850-nm-part-number-mgbsx1-ean-4260039342731\\\/\",\"name\":\"Cisco Gigabit SX Mini-GBIC SFP network media converter 850 nm Part number: MGBSX1 EAN: 4260039342731 - Cyberlogics Technologies Angola\",\"isPartOf\":{\"@id\":\"https:\\\/\\\/cyberlogics.ao\\\/#website\"},\"primaryImageOfPage\":{\"@id\":\"https:\\\/\\\/cyberlogics.ao\\\/index.php\\\/product\\\/cisco-gigabit-sx-mini-gbic-sfp-network-media-converter-850-nm-part-number-mgbsx1-ean-4260039342731\\\/#primaryimage\"},\"image\":{\"@id\":\"https:\\\/\\\/cyberlogics.ao\\\/index.php\\\/product\\\/cisco-gigabit-sx-mini-gbic-sfp-network-media-converter-850-nm-part-number-mgbsx1-ean-4260039342731\\\/#primaryimage\"},\"thumbnailUrl\":\"https:\\\/\\\/cyberlogics.ao\\\/wp-content\\\/uploads\\\/2025\\\/07\\\/1001259_MGBSX1_image1.webp\",\"datePublished\":\"2025-07-14T16:31:34+00:00\",\"dateModified\":\"2025-07-14T16:31:35+00:00\",\"description\":\"A Maior Loja Online de Angola de Licen\u00e7as Microsoft Office | Chaves Sistemas Operativos Windows | Antiv\u00edrus | Cloud Adobe | Inform\u00e1tica & Servidores | Softwares de Gest\u00e3o ERP | Gaming Hardware | UPS e Baterias & Muito Mais...\",\"breadcrumb\":{\"@id\":\"https:\\\/\\\/cyberlogics.ao\\\/index.php\\\/product\\\/cisco-gigabit-sx-mini-gbic-sfp-network-media-converter-850-nm-part-number-mgbsx1-ean-4260039342731\\\/#breadcrumb\"},\"inLanguage\":\"pt-PT\",\"potentialAction\":[{\"@type\":\"ReadAction\",\"target\":[\"https:\\\/\\\/cyberlogics.ao\\\/index.php\\\/product\\\/cisco-gigabit-sx-mini-gbic-sfp-network-media-converter-850-nm-part-number-mgbsx1-ean-4260039342731\\\/\"]}]},{\"@type\":\"ImageObject\",\"inLanguage\":\"pt-PT\",\"@id\":\"https:\\\/\\\/cyberlogics.ao\\\/index.php\\\/product\\\/cisco-gigabit-sx-mini-gbic-sfp-network-media-converter-850-nm-part-number-mgbsx1-ean-4260039342731\\\/#primaryimage\",\"url\":\"https:\\\/\\\/cyberlogics.ao\\\/wp-content\\\/uploads\\\/2025\\\/07\\\/1001259_MGBSX1_image1.webp\",\"contentUrl\":\"https:\\\/\\\/cyberlogics.ao\\\/wp-content\\\/uploads\\\/2025\\\/07\\\/1001259_MGBSX1_image1.webp\",\"width\":250,\"height\":190},{\"@type\":\"BreadcrumbList\",\"@id\":\"https:\\\/\\\/cyberlogics.ao\\\/index.php\\\/product\\\/cisco-gigabit-sx-mini-gbic-sfp-network-media-converter-850-nm-part-number-mgbsx1-ean-4260039342731\\\/#breadcrumb\",\"itemListElement\":[{\"@type\":\"ListItem\",\"position\":1,\"name\":\"In\u00edcio\",\"item\":\"https:\\\/\\\/cyberlogics.ao\\\/\"},{\"@type\":\"ListItem\",\"position\":2,\"name\":\"Produtos\",\"item\":\"https:\\\/\\\/cyberlogics.ao\\\/index.php\\\/shop-2\\\/\"},{\"@type\":\"ListItem\",\"position\":3,\"name\":\"Cisco Gigabit SX Mini-GBIC SFP network media converter 850 nm Part number: MGBSX1 EAN: 4260039342731\"}]},{\"@type\":\"WebSite\",\"@id\":\"https:\\\/\\\/cyberlogics.ao\\\/#website\",\"url\":\"https:\\\/\\\/cyberlogics.ao\\\/\",\"name\":\"Cyberlogics Technologies Angola\",\"description\":\"Loja Online de Licen\u00e7as de Softwares e Inform\u00e1tica\",\"publisher\":{\"@id\":\"https:\\\/\\\/cyberlogics.ao\\\/#organization\"},\"potentialAction\":[{\"@type\":\"SearchAction\",\"target\":{\"@type\":\"EntryPoint\",\"urlTemplate\":\"https:\\\/\\\/cyberlogics.ao\\\/?s={search_term_string}\"},\"query-input\":{\"@type\":\"PropertyValueSpecification\",\"valueRequired\":true,\"valueName\":\"search_term_string\"}}],\"inLanguage\":\"pt-PT\"},{\"@type\":\"Organization\",\"@id\":\"https:\\\/\\\/cyberlogics.ao\\\/#organization\",\"name\":\"Cyberlogics Ao Technologies - Loja Online de Licen\u00e7as de Softwares e Inform\u00e1tica\",\"url\":\"https:\\\/\\\/cyberlogics.ao\\\/\",\"logo\":{\"@type\":\"ImageObject\",\"inLanguage\":\"pt-PT\",\"@id\":\"https:\\\/\\\/cyberlogics.ao\\\/#\\\/schema\\\/logo\\\/image\\\/\",\"url\":\"https:\\\/\\\/cyberlogics.ao\\\/wp-content\\\/uploads\\\/2022\\\/04\\\/CT-logo.png\",\"contentUrl\":\"https:\\\/\\\/cyberlogics.ao\\\/wp-content\\\/uploads\\\/2022\\\/04\\\/CT-logo.png\",\"width\":190,\"height\":75,\"caption\":\"Cyberlogics Ao Technologies - Loja Online de Licen\u00e7as de Softwares e Inform\u00e1tica\"},\"image\":{\"@id\":\"https:\\\/\\\/cyberlogics.ao\\\/#\\\/schema\\\/logo\\\/image\\\/\"}}]}<\/script>\n<!-- \/ Yoast SEO plugin. -->","yoast_head_json":{"title":"Cisco Gigabit SX Mini-GBIC SFP network media converter 850 nm Part number: MGBSX1 EAN: 4260039342731 - Cyberlogics Technologies Angola","description":"A Maior Loja Online de Angola de Licen\u00e7as Microsoft Office | Chaves Sistemas Operativos Windows | Antiv\u00edrus | Cloud Adobe | Inform\u00e1tica & Servidores | Softwares de Gest\u00e3o ERP | Gaming Hardware | UPS e Baterias & Muito Mais...","robots":{"index":"index","follow":"follow","max-snippet":"max-snippet:-1","max-image-preview":"max-image-preview:large","max-video-preview":"max-video-preview:-1"},"canonical":"https:\/\/cyberlogics.ao\/index.php\/product\/cisco-gigabit-sx-mini-gbic-sfp-network-media-converter-850-nm-part-number-mgbsx1-ean-4260039342731\/","og_locale":"pt_PT","og_type":"article","og_title":"Cisco Gigabit SX Mini-GBIC SFP network media converter 850 nm Part number: MGBSX1 EAN: 4260039342731 - Cyberlogics Technologies Angola","og_description":"A Maior Loja Online de Angola de Licen\u00e7as Microsoft Office | Chaves Sistemas Operativos Windows | Antiv\u00edrus | Cloud Adobe | Inform\u00e1tica & Servidores | Softwares de Gest\u00e3o ERP | Gaming Hardware | UPS e Baterias & Muito Mais...","og_url":"https:\/\/cyberlogics.ao\/index.php\/product\/cisco-gigabit-sx-mini-gbic-sfp-network-media-converter-850-nm-part-number-mgbsx1-ean-4260039342731\/","og_site_name":"Cyberlogics Technologies Angola","article_modified_time":"2025-07-14T16:31:35+00:00","og_image":[{"width":250,"height":190,"url":"http:\/\/cyberlogics.ao\/wp-content\/uploads\/2025\/07\/1001259_MGBSX1_image1.webp","type":"image\/webp"}],"twitter_card":"summary_large_image","schema":{"@context":"https:\/\/schema.org","@graph":[{"@type":"WebPage","@id":"https:\/\/cyberlogics.ao\/index.php\/product\/cisco-gigabit-sx-mini-gbic-sfp-network-media-converter-850-nm-part-number-mgbsx1-ean-4260039342731\/","url":"https:\/\/cyberlogics.ao\/index.php\/product\/cisco-gigabit-sx-mini-gbic-sfp-network-media-converter-850-nm-part-number-mgbsx1-ean-4260039342731\/","name":"Cisco Gigabit SX Mini-GBIC SFP network media converter 850 nm Part number: MGBSX1 EAN: 4260039342731 - Cyberlogics Technologies Angola","isPartOf":{"@id":"https:\/\/cyberlogics.ao\/#website"},"primaryImageOfPage":{"@id":"https:\/\/cyberlogics.ao\/index.php\/product\/cisco-gigabit-sx-mini-gbic-sfp-network-media-converter-850-nm-part-number-mgbsx1-ean-4260039342731\/#primaryimage"},"image":{"@id":"https:\/\/cyberlogics.ao\/index.php\/product\/cisco-gigabit-sx-mini-gbic-sfp-network-media-converter-850-nm-part-number-mgbsx1-ean-4260039342731\/#primaryimage"},"thumbnailUrl":"https:\/\/cyberlogics.ao\/wp-content\/uploads\/2025\/07\/1001259_MGBSX1_image1.webp","datePublished":"2025-07-14T16:31:34+00:00","dateModified":"2025-07-14T16:31:35+00:00","description":"A Maior Loja Online de Angola de Licen\u00e7as Microsoft Office | Chaves Sistemas Operativos Windows | Antiv\u00edrus | Cloud Adobe | Inform\u00e1tica & Servidores | Softwares de Gest\u00e3o ERP | Gaming Hardware | UPS e Baterias & Muito Mais...","breadcrumb":{"@id":"https:\/\/cyberlogics.ao\/index.php\/product\/cisco-gigabit-sx-mini-gbic-sfp-network-media-converter-850-nm-part-number-mgbsx1-ean-4260039342731\/#breadcrumb"},"inLanguage":"pt-PT","potentialAction":[{"@type":"ReadAction","target":["https:\/\/cyberlogics.ao\/index.php\/product\/cisco-gigabit-sx-mini-gbic-sfp-network-media-converter-850-nm-part-number-mgbsx1-ean-4260039342731\/"]}]},{"@type":"ImageObject","inLanguage":"pt-PT","@id":"https:\/\/cyberlogics.ao\/index.php\/product\/cisco-gigabit-sx-mini-gbic-sfp-network-media-converter-850-nm-part-number-mgbsx1-ean-4260039342731\/#primaryimage","url":"https:\/\/cyberlogics.ao\/wp-content\/uploads\/2025\/07\/1001259_MGBSX1_image1.webp","contentUrl":"https:\/\/cyberlogics.ao\/wp-content\/uploads\/2025\/07\/1001259_MGBSX1_image1.webp","width":250,"height":190},{"@type":"BreadcrumbList","@id":"https:\/\/cyberlogics.ao\/index.php\/product\/cisco-gigabit-sx-mini-gbic-sfp-network-media-converter-850-nm-part-number-mgbsx1-ean-4260039342731\/#breadcrumb","itemListElement":[{"@type":"ListItem","position":1,"name":"In\u00edcio","item":"https:\/\/cyberlogics.ao\/"},{"@type":"ListItem","position":2,"name":"Produtos","item":"https:\/\/cyberlogics.ao\/index.php\/shop-2\/"},{"@type":"ListItem","position":3,"name":"Cisco Gigabit SX Mini-GBIC SFP network media converter 850 nm Part number: MGBSX1 EAN: 4260039342731"}]},{"@type":"WebSite","@id":"https:\/\/cyberlogics.ao\/#website","url":"https:\/\/cyberlogics.ao\/","name":"Cyberlogics Technologies Angola","description":"Loja Online de Licen\u00e7as de Softwares e Inform\u00e1tica","publisher":{"@id":"https:\/\/cyberlogics.ao\/#organization"},"potentialAction":[{"@type":"SearchAction","target":{"@type":"EntryPoint","urlTemplate":"https:\/\/cyberlogics.ao\/?s={search_term_string}"},"query-input":{"@type":"PropertyValueSpecification","valueRequired":true,"valueName":"search_term_string"}}],"inLanguage":"pt-PT"},{"@type":"Organization","@id":"https:\/\/cyberlogics.ao\/#organization","name":"Cyberlogics Ao Technologies - Loja Online de Licen\u00e7as de Softwares e Inform\u00e1tica","url":"https:\/\/cyberlogics.ao\/","logo":{"@type":"ImageObject","inLanguage":"pt-PT","@id":"https:\/\/cyberlogics.ao\/#\/schema\/logo\/image\/","url":"https:\/\/cyberlogics.ao\/wp-content\/uploads\/2022\/04\/CT-logo.png","contentUrl":"https:\/\/cyberlogics.ao\/wp-content\/uploads\/2022\/04\/CT-logo.png","width":190,"height":75,"caption":"Cyberlogics Ao Technologies - Loja Online de Licen\u00e7as de Softwares e Inform\u00e1tica"},"image":{"@id":"https:\/\/cyberlogics.ao\/#\/schema\/logo\/image\/"}}]}},"_links":{"self":[{"href":"https:\/\/cyberlogics.ao\/index.php\/wp-json\/wp\/v2\/product\/8804","targetHints":{"allow":["GET"]}}],"collection":[{"href":"https:\/\/cyberlogics.ao\/index.php\/wp-json\/wp\/v2\/product"}],"about":[{"href":"https:\/\/cyberlogics.ao\/index.php\/wp-json\/wp\/v2\/types\/product"}],"replies":[{"embeddable":true,"href":"https:\/\/cyberlogics.ao\/index.php\/wp-json\/wp\/v2\/comments?post=8804"}],"wp:featuredmedia":[{"embeddable":true,"href":"https:\/\/cyberlogics.ao\/index.php\/wp-json\/wp\/v2\/media\/8805"}],"wp:attachment":[{"href":"https:\/\/cyberlogics.ao\/index.php\/wp-json\/wp\/v2\/media?parent=8804"}],"wp:term":[{"taxonomy":"product_brand","embeddable":true,"href":"https:\/\/cyberlogics.ao\/index.php\/wp-json\/wp\/v2\/product_brand?post=8804"},{"taxonomy":"product_cat","embeddable":true,"href":"https:\/\/cyberlogics.ao\/index.php\/wp-json\/wp\/v2\/product_cat?post=8804"},{"taxonomy":"product_tag","embeddable":true,"href":"https:\/\/cyberlogics.ao\/index.php\/wp-json\/wp\/v2\/product_tag?post=8804"}],"curies":[{"name":"wp","href":"https:\/\/api.w.org\/{rel}","templated":true}]}}