{"id":8807,"date":"2025-07-14T16:41:13","date_gmt":"2025-07-14T16:41:13","guid":{"rendered":"https:\/\/cyberlogics.ao\/?post_type=product&#038;p=8807"},"modified":"2025-07-14T16:41:13","modified_gmt":"2025-07-14T16:41:13","slug":"cisco-cbs220-48p-4g-eu-smart-48-port-ge-poe-382w-4x1g-sfp-part-number-cbs220-48p-4g-eu-ean-889728345064","status":"publish","type":"product","link":"https:\/\/cyberlogics.ao\/index.php\/product\/cisco-cbs220-48p-4g-eu-smart-48-port-ge-poe-382w-4x1g-sfp-part-number-cbs220-48p-4g-eu-ean-889728345064\/","title":{"rendered":"Cisco CBS220-48P-4G-EU Smart 48-port GE, PoE+ 382W, 4x1G SFP Part number: CBS220-48P-4G-EU EAN: 889728345064"},"content":{"rendered":"","protected":false},"excerpt":{"rendered":"<p>&gt;Gerido L2 Gest\u00e3o web-based SNMP<\/p>\n<p>&gt;Suporte para Quality of Service (QoS) Configura\u00e7\u00e3o de Defini\u00e7\u00f5es de Localiza\u00e7\u00e3o (DFL)<\/p>\n<p>&gt;N\u00famero de portas ethernet Basic switching RJ-45: 48<\/p>\n<p>&gt;Tabela de endere\u00e7os MAC: 8192 entradas Capacidade de routing\/switching: 104 Gbit\/s<\/p>\n<p>&gt;512 Lista de controlo de acesso (ACL)<\/p>\n<p>&gt;Montagem em prateleira<\/p>\n<p>&gt;Power over Ethernet (PoE)<\/p>\n","protected":false},"featured_media":8808,"comment_status":"open","ping_status":"closed","template":"","meta":{"_joinchat":[]},"product_brand":[],"product_cat":[304,316,422,399,395],"product_tag":[],"class_list":{"0":"post-8807","1":"product","2":"type-product","3":"status-publish","4":"has-post-thumbnail","6":"product_cat-cisco","7":"product_cat-cisco-marcas","8":"product_cat-cisco-switches","9":"product_cat-hub-e-switch","10":"product_cat-redes-e-internet","12":"first","13":"instock","14":"shipping-taxable","15":"purchasable","16":"product-type-simple"},"yoast_head":"<!-- This site is optimized with the Yoast SEO plugin v27.4 - https:\/\/yoast.com\/product\/yoast-seo-wordpress\/ -->\n<title>Cisco CBS220-48P-4G-EU Smart 48-port GE, PoE+ 382W, 4x1G SFP Part number: CBS220-48P-4G-EU EAN: 889728345064 - Cyberlogics Technologies Angola<\/title>\n<meta name=\"description\" content=\"A Maior Loja Online de Angola de Licen\u00e7as Microsoft Office | Chaves Sistemas Operativos Windows | Antiv\u00edrus | Cloud Adobe | Inform\u00e1tica &amp; Servidores | Softwares de Gest\u00e3o ERP | Gaming Hardware | UPS e Baterias &amp; Muito Mais...\" \/>\n<meta name=\"robots\" content=\"index, follow, max-snippet:-1, max-image-preview:large, max-video-preview:-1\" \/>\n<link rel=\"canonical\" href=\"https:\/\/cyberlogics.ao\/index.php\/product\/cisco-cbs220-48p-4g-eu-smart-48-port-ge-poe-382w-4x1g-sfp-part-number-cbs220-48p-4g-eu-ean-889728345064\/\" \/>\n<meta property=\"og:locale\" content=\"pt_PT\" \/>\n<meta property=\"og:type\" content=\"article\" \/>\n<meta property=\"og:title\" content=\"Cisco CBS220-48P-4G-EU Smart 48-port GE, PoE+ 382W, 4x1G SFP Part number: CBS220-48P-4G-EU EAN: 889728345064 - Cyberlogics Technologies Angola\" \/>\n<meta property=\"og:description\" content=\"A Maior Loja Online de Angola de Licen\u00e7as Microsoft Office | Chaves Sistemas Operativos Windows | Antiv\u00edrus | Cloud Adobe | Inform\u00e1tica &amp; Servidores | Softwares de Gest\u00e3o ERP | Gaming Hardware | UPS e Baterias &amp; Muito Mais...\" \/>\n<meta property=\"og:url\" content=\"https:\/\/cyberlogics.ao\/index.php\/product\/cisco-cbs220-48p-4g-eu-smart-48-port-ge-poe-382w-4x1g-sfp-part-number-cbs220-48p-4g-eu-ean-889728345064\/\" \/>\n<meta property=\"og:site_name\" content=\"Cyberlogics Technologies Angola\" \/>\n<meta property=\"og:image\" content=\"http:\/\/cyberlogics.ao\/wp-content\/uploads\/2025\/07\/1652668_CISCO_custom_image1.webp\" \/>\n\t<meta property=\"og:image:width\" content=\"400\" \/>\n\t<meta property=\"og:image:height\" content=\"300\" \/>\n\t<meta property=\"og:image:type\" content=\"image\/webp\" \/>\n<meta name=\"twitter:card\" content=\"summary_large_image\" \/>\n<script type=\"application\/ld+json\" class=\"yoast-schema-graph\">{\"@context\":\"https:\\\/\\\/schema.org\",\"@graph\":[{\"@type\":\"WebPage\",\"@id\":\"https:\\\/\\\/cyberlogics.ao\\\/index.php\\\/product\\\/cisco-cbs220-48p-4g-eu-smart-48-port-ge-poe-382w-4x1g-sfp-part-number-cbs220-48p-4g-eu-ean-889728345064\\\/\",\"url\":\"https:\\\/\\\/cyberlogics.ao\\\/index.php\\\/product\\\/cisco-cbs220-48p-4g-eu-smart-48-port-ge-poe-382w-4x1g-sfp-part-number-cbs220-48p-4g-eu-ean-889728345064\\\/\",\"name\":\"Cisco CBS220-48P-4G-EU Smart 48-port GE, PoE+ 382W, 4x1G SFP Part number: CBS220-48P-4G-EU EAN: 889728345064 - Cyberlogics Technologies Angola\",\"isPartOf\":{\"@id\":\"https:\\\/\\\/cyberlogics.ao\\\/#website\"},\"primaryImageOfPage\":{\"@id\":\"https:\\\/\\\/cyberlogics.ao\\\/index.php\\\/product\\\/cisco-cbs220-48p-4g-eu-smart-48-port-ge-poe-382w-4x1g-sfp-part-number-cbs220-48p-4g-eu-ean-889728345064\\\/#primaryimage\"},\"image\":{\"@id\":\"https:\\\/\\\/cyberlogics.ao\\\/index.php\\\/product\\\/cisco-cbs220-48p-4g-eu-smart-48-port-ge-poe-382w-4x1g-sfp-part-number-cbs220-48p-4g-eu-ean-889728345064\\\/#primaryimage\"},\"thumbnailUrl\":\"https:\\\/\\\/cyberlogics.ao\\\/wp-content\\\/uploads\\\/2025\\\/07\\\/1652668_CISCO_custom_image1.webp\",\"datePublished\":\"2025-07-14T16:41:13+00:00\",\"description\":\"A Maior Loja Online de Angola de Licen\u00e7as Microsoft Office | Chaves Sistemas Operativos Windows | Antiv\u00edrus | Cloud Adobe | Inform\u00e1tica & Servidores | Softwares de Gest\u00e3o ERP | Gaming Hardware | UPS e Baterias & Muito Mais...\",\"breadcrumb\":{\"@id\":\"https:\\\/\\\/cyberlogics.ao\\\/index.php\\\/product\\\/cisco-cbs220-48p-4g-eu-smart-48-port-ge-poe-382w-4x1g-sfp-part-number-cbs220-48p-4g-eu-ean-889728345064\\\/#breadcrumb\"},\"inLanguage\":\"pt-PT\",\"potentialAction\":[{\"@type\":\"ReadAction\",\"target\":[\"https:\\\/\\\/cyberlogics.ao\\\/index.php\\\/product\\\/cisco-cbs220-48p-4g-eu-smart-48-port-ge-poe-382w-4x1g-sfp-part-number-cbs220-48p-4g-eu-ean-889728345064\\\/\"]}]},{\"@type\":\"ImageObject\",\"inLanguage\":\"pt-PT\",\"@id\":\"https:\\\/\\\/cyberlogics.ao\\\/index.php\\\/product\\\/cisco-cbs220-48p-4g-eu-smart-48-port-ge-poe-382w-4x1g-sfp-part-number-cbs220-48p-4g-eu-ean-889728345064\\\/#primaryimage\",\"url\":\"https:\\\/\\\/cyberlogics.ao\\\/wp-content\\\/uploads\\\/2025\\\/07\\\/1652668_CISCO_custom_image1.webp\",\"contentUrl\":\"https:\\\/\\\/cyberlogics.ao\\\/wp-content\\\/uploads\\\/2025\\\/07\\\/1652668_CISCO_custom_image1.webp\",\"width\":400,\"height\":300},{\"@type\":\"BreadcrumbList\",\"@id\":\"https:\\\/\\\/cyberlogics.ao\\\/index.php\\\/product\\\/cisco-cbs220-48p-4g-eu-smart-48-port-ge-poe-382w-4x1g-sfp-part-number-cbs220-48p-4g-eu-ean-889728345064\\\/#breadcrumb\",\"itemListElement\":[{\"@type\":\"ListItem\",\"position\":1,\"name\":\"In\u00edcio\",\"item\":\"https:\\\/\\\/cyberlogics.ao\\\/\"},{\"@type\":\"ListItem\",\"position\":2,\"name\":\"Produtos\",\"item\":\"https:\\\/\\\/cyberlogics.ao\\\/index.php\\\/shop-2\\\/\"},{\"@type\":\"ListItem\",\"position\":3,\"name\":\"Cisco CBS220-48P-4G-EU Smart 48-port GE, PoE+ 382W, 4x1G SFP Part number: CBS220-48P-4G-EU EAN: 889728345064\"}]},{\"@type\":\"WebSite\",\"@id\":\"https:\\\/\\\/cyberlogics.ao\\\/#website\",\"url\":\"https:\\\/\\\/cyberlogics.ao\\\/\",\"name\":\"Cyberlogics Technologies Angola\",\"description\":\"Loja Online de Licen\u00e7as de Softwares e Inform\u00e1tica\",\"publisher\":{\"@id\":\"https:\\\/\\\/cyberlogics.ao\\\/#organization\"},\"potentialAction\":[{\"@type\":\"SearchAction\",\"target\":{\"@type\":\"EntryPoint\",\"urlTemplate\":\"https:\\\/\\\/cyberlogics.ao\\\/?s={search_term_string}\"},\"query-input\":{\"@type\":\"PropertyValueSpecification\",\"valueRequired\":true,\"valueName\":\"search_term_string\"}}],\"inLanguage\":\"pt-PT\"},{\"@type\":\"Organization\",\"@id\":\"https:\\\/\\\/cyberlogics.ao\\\/#organization\",\"name\":\"Cyberlogics Ao Technologies - Loja Online de Licen\u00e7as de Softwares e Inform\u00e1tica\",\"url\":\"https:\\\/\\\/cyberlogics.ao\\\/\",\"logo\":{\"@type\":\"ImageObject\",\"inLanguage\":\"pt-PT\",\"@id\":\"https:\\\/\\\/cyberlogics.ao\\\/#\\\/schema\\\/logo\\\/image\\\/\",\"url\":\"https:\\\/\\\/cyberlogics.ao\\\/wp-content\\\/uploads\\\/2022\\\/04\\\/CT-logo.png\",\"contentUrl\":\"https:\\\/\\\/cyberlogics.ao\\\/wp-content\\\/uploads\\\/2022\\\/04\\\/CT-logo.png\",\"width\":190,\"height\":75,\"caption\":\"Cyberlogics Ao Technologies - Loja Online de Licen\u00e7as de Softwares e Inform\u00e1tica\"},\"image\":{\"@id\":\"https:\\\/\\\/cyberlogics.ao\\\/#\\\/schema\\\/logo\\\/image\\\/\"}}]}<\/script>\n<!-- \/ Yoast SEO plugin. -->","yoast_head_json":{"title":"Cisco CBS220-48P-4G-EU Smart 48-port GE, PoE+ 382W, 4x1G SFP Part number: CBS220-48P-4G-EU EAN: 889728345064 - Cyberlogics Technologies Angola","description":"A Maior Loja Online de Angola de Licen\u00e7as Microsoft Office | Chaves Sistemas Operativos Windows | Antiv\u00edrus | Cloud Adobe | Inform\u00e1tica & Servidores | Softwares de Gest\u00e3o ERP | Gaming Hardware | UPS e Baterias & Muito Mais...","robots":{"index":"index","follow":"follow","max-snippet":"max-snippet:-1","max-image-preview":"max-image-preview:large","max-video-preview":"max-video-preview:-1"},"canonical":"https:\/\/cyberlogics.ao\/index.php\/product\/cisco-cbs220-48p-4g-eu-smart-48-port-ge-poe-382w-4x1g-sfp-part-number-cbs220-48p-4g-eu-ean-889728345064\/","og_locale":"pt_PT","og_type":"article","og_title":"Cisco CBS220-48P-4G-EU Smart 48-port GE, PoE+ 382W, 4x1G SFP Part number: CBS220-48P-4G-EU EAN: 889728345064 - Cyberlogics Technologies Angola","og_description":"A Maior Loja Online de Angola de Licen\u00e7as Microsoft Office | Chaves Sistemas Operativos Windows | Antiv\u00edrus | Cloud Adobe | Inform\u00e1tica & Servidores | Softwares de Gest\u00e3o ERP | Gaming Hardware | UPS e Baterias & Muito Mais...","og_url":"https:\/\/cyberlogics.ao\/index.php\/product\/cisco-cbs220-48p-4g-eu-smart-48-port-ge-poe-382w-4x1g-sfp-part-number-cbs220-48p-4g-eu-ean-889728345064\/","og_site_name":"Cyberlogics Technologies Angola","og_image":[{"width":400,"height":300,"url":"http:\/\/cyberlogics.ao\/wp-content\/uploads\/2025\/07\/1652668_CISCO_custom_image1.webp","type":"image\/webp"}],"twitter_card":"summary_large_image","schema":{"@context":"https:\/\/schema.org","@graph":[{"@type":"WebPage","@id":"https:\/\/cyberlogics.ao\/index.php\/product\/cisco-cbs220-48p-4g-eu-smart-48-port-ge-poe-382w-4x1g-sfp-part-number-cbs220-48p-4g-eu-ean-889728345064\/","url":"https:\/\/cyberlogics.ao\/index.php\/product\/cisco-cbs220-48p-4g-eu-smart-48-port-ge-poe-382w-4x1g-sfp-part-number-cbs220-48p-4g-eu-ean-889728345064\/","name":"Cisco CBS220-48P-4G-EU Smart 48-port GE, PoE+ 382W, 4x1G SFP Part number: CBS220-48P-4G-EU EAN: 889728345064 - Cyberlogics Technologies Angola","isPartOf":{"@id":"https:\/\/cyberlogics.ao\/#website"},"primaryImageOfPage":{"@id":"https:\/\/cyberlogics.ao\/index.php\/product\/cisco-cbs220-48p-4g-eu-smart-48-port-ge-poe-382w-4x1g-sfp-part-number-cbs220-48p-4g-eu-ean-889728345064\/#primaryimage"},"image":{"@id":"https:\/\/cyberlogics.ao\/index.php\/product\/cisco-cbs220-48p-4g-eu-smart-48-port-ge-poe-382w-4x1g-sfp-part-number-cbs220-48p-4g-eu-ean-889728345064\/#primaryimage"},"thumbnailUrl":"https:\/\/cyberlogics.ao\/wp-content\/uploads\/2025\/07\/1652668_CISCO_custom_image1.webp","datePublished":"2025-07-14T16:41:13+00:00","description":"A Maior Loja Online de Angola de Licen\u00e7as Microsoft Office | Chaves Sistemas Operativos Windows | Antiv\u00edrus | Cloud Adobe | Inform\u00e1tica & Servidores | Softwares de Gest\u00e3o ERP | Gaming Hardware | UPS e Baterias & Muito Mais...","breadcrumb":{"@id":"https:\/\/cyberlogics.ao\/index.php\/product\/cisco-cbs220-48p-4g-eu-smart-48-port-ge-poe-382w-4x1g-sfp-part-number-cbs220-48p-4g-eu-ean-889728345064\/#breadcrumb"},"inLanguage":"pt-PT","potentialAction":[{"@type":"ReadAction","target":["https:\/\/cyberlogics.ao\/index.php\/product\/cisco-cbs220-48p-4g-eu-smart-48-port-ge-poe-382w-4x1g-sfp-part-number-cbs220-48p-4g-eu-ean-889728345064\/"]}]},{"@type":"ImageObject","inLanguage":"pt-PT","@id":"https:\/\/cyberlogics.ao\/index.php\/product\/cisco-cbs220-48p-4g-eu-smart-48-port-ge-poe-382w-4x1g-sfp-part-number-cbs220-48p-4g-eu-ean-889728345064\/#primaryimage","url":"https:\/\/cyberlogics.ao\/wp-content\/uploads\/2025\/07\/1652668_CISCO_custom_image1.webp","contentUrl":"https:\/\/cyberlogics.ao\/wp-content\/uploads\/2025\/07\/1652668_CISCO_custom_image1.webp","width":400,"height":300},{"@type":"BreadcrumbList","@id":"https:\/\/cyberlogics.ao\/index.php\/product\/cisco-cbs220-48p-4g-eu-smart-48-port-ge-poe-382w-4x1g-sfp-part-number-cbs220-48p-4g-eu-ean-889728345064\/#breadcrumb","itemListElement":[{"@type":"ListItem","position":1,"name":"In\u00edcio","item":"https:\/\/cyberlogics.ao\/"},{"@type":"ListItem","position":2,"name":"Produtos","item":"https:\/\/cyberlogics.ao\/index.php\/shop-2\/"},{"@type":"ListItem","position":3,"name":"Cisco CBS220-48P-4G-EU Smart 48-port GE, PoE+ 382W, 4x1G SFP Part number: CBS220-48P-4G-EU EAN: 889728345064"}]},{"@type":"WebSite","@id":"https:\/\/cyberlogics.ao\/#website","url":"https:\/\/cyberlogics.ao\/","name":"Cyberlogics Technologies Angola","description":"Loja Online de Licen\u00e7as de Softwares e Inform\u00e1tica","publisher":{"@id":"https:\/\/cyberlogics.ao\/#organization"},"potentialAction":[{"@type":"SearchAction","target":{"@type":"EntryPoint","urlTemplate":"https:\/\/cyberlogics.ao\/?s={search_term_string}"},"query-input":{"@type":"PropertyValueSpecification","valueRequired":true,"valueName":"search_term_string"}}],"inLanguage":"pt-PT"},{"@type":"Organization","@id":"https:\/\/cyberlogics.ao\/#organization","name":"Cyberlogics Ao Technologies - Loja Online de Licen\u00e7as de Softwares e Inform\u00e1tica","url":"https:\/\/cyberlogics.ao\/","logo":{"@type":"ImageObject","inLanguage":"pt-PT","@id":"https:\/\/cyberlogics.ao\/#\/schema\/logo\/image\/","url":"https:\/\/cyberlogics.ao\/wp-content\/uploads\/2022\/04\/CT-logo.png","contentUrl":"https:\/\/cyberlogics.ao\/wp-content\/uploads\/2022\/04\/CT-logo.png","width":190,"height":75,"caption":"Cyberlogics Ao Technologies - Loja Online de Licen\u00e7as de Softwares e Inform\u00e1tica"},"image":{"@id":"https:\/\/cyberlogics.ao\/#\/schema\/logo\/image\/"}}]}},"_links":{"self":[{"href":"https:\/\/cyberlogics.ao\/index.php\/wp-json\/wp\/v2\/product\/8807","targetHints":{"allow":["GET"]}}],"collection":[{"href":"https:\/\/cyberlogics.ao\/index.php\/wp-json\/wp\/v2\/product"}],"about":[{"href":"https:\/\/cyberlogics.ao\/index.php\/wp-json\/wp\/v2\/types\/product"}],"replies":[{"embeddable":true,"href":"https:\/\/cyberlogics.ao\/index.php\/wp-json\/wp\/v2\/comments?post=8807"}],"wp:featuredmedia":[{"embeddable":true,"href":"https:\/\/cyberlogics.ao\/index.php\/wp-json\/wp\/v2\/media\/8808"}],"wp:attachment":[{"href":"https:\/\/cyberlogics.ao\/index.php\/wp-json\/wp\/v2\/media?parent=8807"}],"wp:term":[{"taxonomy":"product_brand","embeddable":true,"href":"https:\/\/cyberlogics.ao\/index.php\/wp-json\/wp\/v2\/product_brand?post=8807"},{"taxonomy":"product_cat","embeddable":true,"href":"https:\/\/cyberlogics.ao\/index.php\/wp-json\/wp\/v2\/product_cat?post=8807"},{"taxonomy":"product_tag","embeddable":true,"href":"https:\/\/cyberlogics.ao\/index.php\/wp-json\/wp\/v2\/product_tag?post=8807"}],"curies":[{"name":"wp","href":"https:\/\/api.w.org\/{rel}","templated":true}]}}