{"id":8833,"date":"2025-09-09T14:53:04","date_gmt":"2025-09-09T14:53:04","guid":{"rendered":"https:\/\/cyberlogics.ao\/?post_type=product&#038;p=8833"},"modified":"2025-09-09T14:53:04","modified_gmt":"2025-09-09T14:53:04","slug":"ubiquiti-ucg-ultra-cloud-gateway-ultra","status":"publish","type":"product","link":"https:\/\/cyberlogics.ao\/index.php\/product\/ubiquiti-ucg-ultra-cloud-gateway-ultra\/","title":{"rendered":"Ubiquiti UCG-Ultra Cloud Gateway Ultra"},"content":{"rendered":"<table id=\"product-attribute-specs-table\" class=\"data-table\">\n<tbody>\n<tr>\n<th colspan=\"100%\">Mec\u00e2nico<\/th>\n<\/tr>\n<tr>\n<td class=\"key\">Dimens\u00f5es<\/td>\n<td class=\"value\">141,8 x 127,6 x 30 mm (5,6 x 5 x 1,2&#8243;)<\/td>\n<\/tr>\n<tr>\n<td class=\"key\">Peso<\/td>\n<td class=\"value\">520 g (1,1 lb)<\/td>\n<\/tr>\n<tr>\n<td class=\"key\">Material da caixa<\/td>\n<td class=\"value\">Policarbonato<\/td>\n<\/tr>\n<tr>\n<th colspan=\"100%\">Hardware<\/th>\n<\/tr>\n<tr>\n<td class=\"key\">Processador<\/td>\n<td class=\"value\">Quad-core ARM\u00ae Cortex\u00ae-A53 a 1,5 GHz<\/td>\n<\/tr>\n<tr>\n<td class=\"key\">Mem\u00f3ria do sistema<\/td>\n<td class=\"value\">3 GB DDR4<\/td>\n<\/tr>\n<tr>\n<td class=\"key\">Armazenamento a bordo<\/td>\n<td class=\"value\">16 GB eMMC<\/td>\n<\/tr>\n<tr>\n<td class=\"key\">Interface de gest\u00e3o<\/td>\n<td class=\"value\">Ethernet<br \/>\nBluetooth<\/td>\n<\/tr>\n<tr>\n<td class=\"key\">Interface de rede<\/td>\n<td class=\"value\">LAN:<br \/>\n(4) portas GbE RJ45<\/p>\n<p>WAN:<br \/>\n(1) porta 1\/2,5 GbE RJ45<\/td>\n<\/tr>\n<tr>\n<td class=\"key\">D\u00e9bito IDS\/IPS<\/td>\n<td class=\"value\">1 Gbps<\/td>\n<\/tr>\n<tr>\n<td class=\"key\">M\u00e9todo de energia<\/td>\n<td class=\"value\">USB tipo C (5V DC\/3A)<\/td>\n<\/tr>\n<tr>\n<td class=\"key\">Faixa de voltagem suportada<\/td>\n<td class=\"value\">100\u2013240V AC<\/td>\n<\/tr>\n<tr>\n<td class=\"key\">Consumo m\u00e1ximo de energia<\/td>\n<td class=\"value\">6,2W<\/td>\n<\/tr>\n<tr>\n<td class=\"key\">Ecr\u00e3 LCM<\/td>\n<td class=\"value\">Ecr\u00e3 de status de 0,96&#8243;<\/td>\n<\/tr>\n<tr>\n<td class=\"key\">Bot\u00e3o<\/td>\n<td class=\"value\">Reposi\u00e7\u00e3o de f\u00e1brica<\/td>\n<\/tr>\n<tr>\n<td class=\"key\">Temperatura de funcionamento ambiente<\/td>\n<td class=\"value\">-10 a 40\u00b0 C (14 a 104\u00b0 F)<\/td>\n<\/tr>\n<tr>\n<td class=\"key\">Humidade de funcionamento ambiente<\/td>\n<td class=\"value\">5 a 95% sem condensa\u00e7\u00e3o<\/td>\n<\/tr>\n<tr>\n<td class=\"key\">Certifica\u00e7\u00f5es<\/td>\n<td class=\"value\">CE, FCC, IC<\/td>\n<\/tr>\n<tr>\n<th colspan=\"100%\">Recursos do Gateway<\/th>\n<\/tr>\n<tr>\n<td class=\"key\">Desempenho<\/td>\n<td class=\"value\">WAN redundante com failover e balanceamento de carga<br \/>\nQoS WiFi com APs UniFi<br \/>\nQoS baseado em aplica\u00e7\u00e3o, dom\u00ednio e pa\u00eds<br \/>\nIdentifica\u00e7\u00e3o de tipo de aplica\u00e7\u00e3o e dispositivo<br \/>\nFailover adicional de internet com Backup LTE<br \/>\nReporte de qualidade e interrup\u00e7\u00e3o da internet<\/td>\n<\/tr>\n<tr>\n<td class=\"key\">Seguran\u00e7a de pr\u00f3xima gera\u00e7\u00e3o<\/td>\n<td class=\"value\">Regras de firewall baseadas em aplica\u00e7\u00e3o<br \/>\nDetec\u00e7\u00e3o de amea\u00e7as IPS\/IDS baseada em assinatura<br \/>\nFiltragem de conte\u00fado, pa\u00eds, dom\u00ednio e an\u00fancios<br \/>\nSegmenta\u00e7\u00e3o de tr\u00e1fego baseada em VLAN\/sub-rede<br \/>\nFirewall completo e stateful<\/td>\n<\/tr>\n<tr>\n<td class=\"key\">Redes avan\u00e7adas<\/td>\n<td class=\"value\">SD-WAN sem licen\u00e7a<br \/>\nServidor WireGuard, L2TP e OpenVPN<br \/>\nCliente OpenVPN<br \/>\nVPN de site para site OpenVPN e IPsec<br \/>\nTeleport e Identity VPN com um clique<br \/>\nRoteamento de WAN e VPN baseado em pol\u00edtica<br \/>\nRel\u00e9 DHCP<br \/>\nServidor DHCP personaliz\u00e1vel<br \/>\nProxy IGMP<br \/>\nSuporte a ISP IPv6<\/td>\n<\/tr>\n<tr>\n<th colspan=\"100%\">LEDs<\/th>\n<\/tr>\n<tr>\n<td class=\"key\">Ethernet<\/td>\n<td class=\"value\">Branco: liga\u00e7\u00e3o\/atividade<\/td>\n<\/tr>\n<tr>\n<th colspan=\"100%\">Requisitos da Aplica\u00e7\u00e3o<\/th>\n<\/tr>\n<tr>\n<td class=\"key\">Aplica\u00e7\u00e3o m\u00f3vel<\/td>\n<td class=\"value\">UniFi iOS\u2122: Vers\u00e3o 10.12.0 e posterior<br \/>\nUniFi Android\u2122: Vers\u00e3o 10.11.2 e posterior<\/td>\n<\/tr>\n<\/tbody>\n<\/table>\n","protected":false},"excerpt":{"rendered":"<div class=\"attribute-desc-section__attribute attribute-desc-section__attribute--seo-description\">\n<p>Potente e compacto Gateway de Nuvem UniFi multi-WAN com um conjunto completo de recursos avan\u00e7ados de roteamento e seguran\u00e7a.<\/p>\n<\/div>\n<div class=\"attribute-desc-section__attribute attribute-desc-section__attribute--key-features\">\n<div>\n<p>Executa o UniFi Network para gest\u00e3o completa da rede<\/p>\n<p>Gerencia 30+ dispositivos UniFi Network e 300+ clientes<\/p>\n<p>Roteamento de 1 Gbps com IDS\/IPS<\/p>\n<p>Balanceamento de carga Multi-WAN<\/p>\n<p>Ecr\u00e3 de estado LCM de 0,96&#8243;<\/p>\n<p>Alimentado por USB-C (adaptador inclu\u00eddo)<\/p>\n<\/div>\n<\/div>\n","protected":false},"featured_media":8834,"comment_status":"open","ping_status":"closed","template":"","meta":{"_joinchat":[]},"product_brand":[],"product_cat":[316,304,426],"product_tag":[],"class_list":{"0":"post-8833","1":"product","2":"type-product","3":"status-publish","4":"has-post-thumbnail","6":"product_cat-cisco-marcas","7":"product_cat-cisco","8":"product_cat-cisco-access-points","10":"first","11":"instock","12":"shipping-taxable","13":"purchasable","14":"product-type-simple"},"yoast_head":"<!-- This site is optimized with the Yoast SEO plugin v27.4 - https:\/\/yoast.com\/product\/yoast-seo-wordpress\/ -->\n<title>Ubiquiti UCG-Ultra Cloud Gateway Ultra - Cyberlogics Technologies Angola<\/title>\n<meta name=\"description\" content=\"A Maior Loja Online de Angola de Licen\u00e7as Microsoft Office | Chaves Sistemas Operativos Windows | Antiv\u00edrus | Cloud Adobe | Inform\u00e1tica &amp; Servidores | Softwares de Gest\u00e3o ERP | Gaming Hardware | UPS e Baterias &amp; Muito Mais...\" \/>\n<meta name=\"robots\" content=\"index, follow, max-snippet:-1, max-image-preview:large, max-video-preview:-1\" \/>\n<link rel=\"canonical\" href=\"https:\/\/cyberlogics.ao\/index.php\/product\/ubiquiti-ucg-ultra-cloud-gateway-ultra\/\" \/>\n<meta property=\"og:locale\" content=\"pt_PT\" \/>\n<meta property=\"og:type\" content=\"article\" \/>\n<meta property=\"og:title\" content=\"Ubiquiti UCG-Ultra Cloud Gateway Ultra - Cyberlogics Technologies Angola\" \/>\n<meta property=\"og:description\" content=\"A Maior Loja Online de Angola de Licen\u00e7as Microsoft Office | Chaves Sistemas Operativos Windows | Antiv\u00edrus | Cloud Adobe | Inform\u00e1tica &amp; Servidores | Softwares de Gest\u00e3o ERP | Gaming Hardware | UPS e Baterias &amp; Muito Mais...\" \/>\n<meta property=\"og:url\" content=\"https:\/\/cyberlogics.ao\/index.php\/product\/ubiquiti-ucg-ultra-cloud-gateway-ultra\/\" \/>\n<meta property=\"og:site_name\" content=\"Cyberlogics Technologies Angola\" \/>\n<meta property=\"og:image\" content=\"http:\/\/cyberlogics.ao\/wp-content\/uploads\/2025\/09\/1725113_UCG_Ultra_custom_image1.png\" \/>\n\t<meta property=\"og:image:width\" content=\"1500\" \/>\n\t<meta property=\"og:image:height\" content=\"1500\" \/>\n\t<meta property=\"og:image:type\" content=\"image\/png\" \/>\n<meta name=\"twitter:card\" content=\"summary_large_image\" \/>\n<meta name=\"twitter:label1\" content=\"Tempo estimado de leitura\" \/>\n\t<meta name=\"twitter:data1\" content=\"1 minuto\" \/>\n<script type=\"application\/ld+json\" class=\"yoast-schema-graph\">{\"@context\":\"https:\\\/\\\/schema.org\",\"@graph\":[{\"@type\":\"WebPage\",\"@id\":\"https:\\\/\\\/cyberlogics.ao\\\/index.php\\\/product\\\/ubiquiti-ucg-ultra-cloud-gateway-ultra\\\/\",\"url\":\"https:\\\/\\\/cyberlogics.ao\\\/index.php\\\/product\\\/ubiquiti-ucg-ultra-cloud-gateway-ultra\\\/\",\"name\":\"Ubiquiti UCG-Ultra Cloud Gateway Ultra - Cyberlogics Technologies Angola\",\"isPartOf\":{\"@id\":\"https:\\\/\\\/cyberlogics.ao\\\/#website\"},\"primaryImageOfPage\":{\"@id\":\"https:\\\/\\\/cyberlogics.ao\\\/index.php\\\/product\\\/ubiquiti-ucg-ultra-cloud-gateway-ultra\\\/#primaryimage\"},\"image\":{\"@id\":\"https:\\\/\\\/cyberlogics.ao\\\/index.php\\\/product\\\/ubiquiti-ucg-ultra-cloud-gateway-ultra\\\/#primaryimage\"},\"thumbnailUrl\":\"https:\\\/\\\/cyberlogics.ao\\\/wp-content\\\/uploads\\\/2025\\\/09\\\/1725113_UCG_Ultra_custom_image1.png\",\"datePublished\":\"2025-09-09T14:53:04+00:00\",\"description\":\"A Maior Loja Online de Angola de Licen\u00e7as Microsoft Office | Chaves Sistemas Operativos Windows | Antiv\u00edrus | Cloud Adobe | Inform\u00e1tica & Servidores | Softwares de Gest\u00e3o ERP | Gaming Hardware | UPS e Baterias & Muito Mais...\",\"breadcrumb\":{\"@id\":\"https:\\\/\\\/cyberlogics.ao\\\/index.php\\\/product\\\/ubiquiti-ucg-ultra-cloud-gateway-ultra\\\/#breadcrumb\"},\"inLanguage\":\"pt-PT\",\"potentialAction\":[{\"@type\":\"ReadAction\",\"target\":[\"https:\\\/\\\/cyberlogics.ao\\\/index.php\\\/product\\\/ubiquiti-ucg-ultra-cloud-gateway-ultra\\\/\"]}]},{\"@type\":\"ImageObject\",\"inLanguage\":\"pt-PT\",\"@id\":\"https:\\\/\\\/cyberlogics.ao\\\/index.php\\\/product\\\/ubiquiti-ucg-ultra-cloud-gateway-ultra\\\/#primaryimage\",\"url\":\"https:\\\/\\\/cyberlogics.ao\\\/wp-content\\\/uploads\\\/2025\\\/09\\\/1725113_UCG_Ultra_custom_image1.png\",\"contentUrl\":\"https:\\\/\\\/cyberlogics.ao\\\/wp-content\\\/uploads\\\/2025\\\/09\\\/1725113_UCG_Ultra_custom_image1.png\",\"width\":1500,\"height\":1500},{\"@type\":\"BreadcrumbList\",\"@id\":\"https:\\\/\\\/cyberlogics.ao\\\/index.php\\\/product\\\/ubiquiti-ucg-ultra-cloud-gateway-ultra\\\/#breadcrumb\",\"itemListElement\":[{\"@type\":\"ListItem\",\"position\":1,\"name\":\"In\u00edcio\",\"item\":\"https:\\\/\\\/cyberlogics.ao\\\/\"},{\"@type\":\"ListItem\",\"position\":2,\"name\":\"Produtos\",\"item\":\"https:\\\/\\\/cyberlogics.ao\\\/index.php\\\/shop-2\\\/\"},{\"@type\":\"ListItem\",\"position\":3,\"name\":\"Ubiquiti UCG-Ultra Cloud Gateway Ultra\"}]},{\"@type\":\"WebSite\",\"@id\":\"https:\\\/\\\/cyberlogics.ao\\\/#website\",\"url\":\"https:\\\/\\\/cyberlogics.ao\\\/\",\"name\":\"Cyberlogics Technologies Angola\",\"description\":\"Loja Online de Licen\u00e7as de Softwares e Inform\u00e1tica\",\"publisher\":{\"@id\":\"https:\\\/\\\/cyberlogics.ao\\\/#organization\"},\"potentialAction\":[{\"@type\":\"SearchAction\",\"target\":{\"@type\":\"EntryPoint\",\"urlTemplate\":\"https:\\\/\\\/cyberlogics.ao\\\/?s={search_term_string}\"},\"query-input\":{\"@type\":\"PropertyValueSpecification\",\"valueRequired\":true,\"valueName\":\"search_term_string\"}}],\"inLanguage\":\"pt-PT\"},{\"@type\":\"Organization\",\"@id\":\"https:\\\/\\\/cyberlogics.ao\\\/#organization\",\"name\":\"Cyberlogics Ao Technologies - Loja Online de Licen\u00e7as de Softwares e Inform\u00e1tica\",\"url\":\"https:\\\/\\\/cyberlogics.ao\\\/\",\"logo\":{\"@type\":\"ImageObject\",\"inLanguage\":\"pt-PT\",\"@id\":\"https:\\\/\\\/cyberlogics.ao\\\/#\\\/schema\\\/logo\\\/image\\\/\",\"url\":\"https:\\\/\\\/cyberlogics.ao\\\/wp-content\\\/uploads\\\/2022\\\/04\\\/CT-logo.png\",\"contentUrl\":\"https:\\\/\\\/cyberlogics.ao\\\/wp-content\\\/uploads\\\/2022\\\/04\\\/CT-logo.png\",\"width\":190,\"height\":75,\"caption\":\"Cyberlogics Ao Technologies - Loja Online de Licen\u00e7as de Softwares e Inform\u00e1tica\"},\"image\":{\"@id\":\"https:\\\/\\\/cyberlogics.ao\\\/#\\\/schema\\\/logo\\\/image\\\/\"}}]}<\/script>\n<!-- \/ Yoast SEO plugin. -->","yoast_head_json":{"title":"Ubiquiti UCG-Ultra Cloud Gateway Ultra - Cyberlogics Technologies Angola","description":"A Maior Loja Online de Angola de Licen\u00e7as Microsoft Office | Chaves Sistemas Operativos Windows | Antiv\u00edrus | Cloud Adobe | Inform\u00e1tica & Servidores | Softwares de Gest\u00e3o ERP | Gaming Hardware | UPS e Baterias & Muito Mais...","robots":{"index":"index","follow":"follow","max-snippet":"max-snippet:-1","max-image-preview":"max-image-preview:large","max-video-preview":"max-video-preview:-1"},"canonical":"https:\/\/cyberlogics.ao\/index.php\/product\/ubiquiti-ucg-ultra-cloud-gateway-ultra\/","og_locale":"pt_PT","og_type":"article","og_title":"Ubiquiti UCG-Ultra Cloud Gateway Ultra - Cyberlogics Technologies Angola","og_description":"A Maior Loja Online de Angola de Licen\u00e7as Microsoft Office | Chaves Sistemas Operativos Windows | Antiv\u00edrus | Cloud Adobe | Inform\u00e1tica & Servidores | Softwares de Gest\u00e3o ERP | Gaming Hardware | UPS e Baterias & Muito Mais...","og_url":"https:\/\/cyberlogics.ao\/index.php\/product\/ubiquiti-ucg-ultra-cloud-gateway-ultra\/","og_site_name":"Cyberlogics Technologies Angola","og_image":[{"width":1500,"height":1500,"url":"http:\/\/cyberlogics.ao\/wp-content\/uploads\/2025\/09\/1725113_UCG_Ultra_custom_image1.png","type":"image\/png"}],"twitter_card":"summary_large_image","twitter_misc":{"Tempo estimado de leitura":"1 minuto"},"schema":{"@context":"https:\/\/schema.org","@graph":[{"@type":"WebPage","@id":"https:\/\/cyberlogics.ao\/index.php\/product\/ubiquiti-ucg-ultra-cloud-gateway-ultra\/","url":"https:\/\/cyberlogics.ao\/index.php\/product\/ubiquiti-ucg-ultra-cloud-gateway-ultra\/","name":"Ubiquiti UCG-Ultra Cloud Gateway Ultra - Cyberlogics Technologies Angola","isPartOf":{"@id":"https:\/\/cyberlogics.ao\/#website"},"primaryImageOfPage":{"@id":"https:\/\/cyberlogics.ao\/index.php\/product\/ubiquiti-ucg-ultra-cloud-gateway-ultra\/#primaryimage"},"image":{"@id":"https:\/\/cyberlogics.ao\/index.php\/product\/ubiquiti-ucg-ultra-cloud-gateway-ultra\/#primaryimage"},"thumbnailUrl":"https:\/\/cyberlogics.ao\/wp-content\/uploads\/2025\/09\/1725113_UCG_Ultra_custom_image1.png","datePublished":"2025-09-09T14:53:04+00:00","description":"A Maior Loja Online de Angola de Licen\u00e7as Microsoft Office | Chaves Sistemas Operativos Windows | Antiv\u00edrus | Cloud Adobe | Inform\u00e1tica & Servidores | Softwares de Gest\u00e3o ERP | Gaming Hardware | UPS e Baterias & Muito Mais...","breadcrumb":{"@id":"https:\/\/cyberlogics.ao\/index.php\/product\/ubiquiti-ucg-ultra-cloud-gateway-ultra\/#breadcrumb"},"inLanguage":"pt-PT","potentialAction":[{"@type":"ReadAction","target":["https:\/\/cyberlogics.ao\/index.php\/product\/ubiquiti-ucg-ultra-cloud-gateway-ultra\/"]}]},{"@type":"ImageObject","inLanguage":"pt-PT","@id":"https:\/\/cyberlogics.ao\/index.php\/product\/ubiquiti-ucg-ultra-cloud-gateway-ultra\/#primaryimage","url":"https:\/\/cyberlogics.ao\/wp-content\/uploads\/2025\/09\/1725113_UCG_Ultra_custom_image1.png","contentUrl":"https:\/\/cyberlogics.ao\/wp-content\/uploads\/2025\/09\/1725113_UCG_Ultra_custom_image1.png","width":1500,"height":1500},{"@type":"BreadcrumbList","@id":"https:\/\/cyberlogics.ao\/index.php\/product\/ubiquiti-ucg-ultra-cloud-gateway-ultra\/#breadcrumb","itemListElement":[{"@type":"ListItem","position":1,"name":"In\u00edcio","item":"https:\/\/cyberlogics.ao\/"},{"@type":"ListItem","position":2,"name":"Produtos","item":"https:\/\/cyberlogics.ao\/index.php\/shop-2\/"},{"@type":"ListItem","position":3,"name":"Ubiquiti UCG-Ultra Cloud Gateway Ultra"}]},{"@type":"WebSite","@id":"https:\/\/cyberlogics.ao\/#website","url":"https:\/\/cyberlogics.ao\/","name":"Cyberlogics Technologies Angola","description":"Loja Online de Licen\u00e7as de Softwares e Inform\u00e1tica","publisher":{"@id":"https:\/\/cyberlogics.ao\/#organization"},"potentialAction":[{"@type":"SearchAction","target":{"@type":"EntryPoint","urlTemplate":"https:\/\/cyberlogics.ao\/?s={search_term_string}"},"query-input":{"@type":"PropertyValueSpecification","valueRequired":true,"valueName":"search_term_string"}}],"inLanguage":"pt-PT"},{"@type":"Organization","@id":"https:\/\/cyberlogics.ao\/#organization","name":"Cyberlogics Ao Technologies - Loja Online de Licen\u00e7as de Softwares e Inform\u00e1tica","url":"https:\/\/cyberlogics.ao\/","logo":{"@type":"ImageObject","inLanguage":"pt-PT","@id":"https:\/\/cyberlogics.ao\/#\/schema\/logo\/image\/","url":"https:\/\/cyberlogics.ao\/wp-content\/uploads\/2022\/04\/CT-logo.png","contentUrl":"https:\/\/cyberlogics.ao\/wp-content\/uploads\/2022\/04\/CT-logo.png","width":190,"height":75,"caption":"Cyberlogics Ao Technologies - Loja Online de Licen\u00e7as de Softwares e Inform\u00e1tica"},"image":{"@id":"https:\/\/cyberlogics.ao\/#\/schema\/logo\/image\/"}}]}},"_links":{"self":[{"href":"https:\/\/cyberlogics.ao\/index.php\/wp-json\/wp\/v2\/product\/8833","targetHints":{"allow":["GET"]}}],"collection":[{"href":"https:\/\/cyberlogics.ao\/index.php\/wp-json\/wp\/v2\/product"}],"about":[{"href":"https:\/\/cyberlogics.ao\/index.php\/wp-json\/wp\/v2\/types\/product"}],"replies":[{"embeddable":true,"href":"https:\/\/cyberlogics.ao\/index.php\/wp-json\/wp\/v2\/comments?post=8833"}],"wp:featuredmedia":[{"embeddable":true,"href":"https:\/\/cyberlogics.ao\/index.php\/wp-json\/wp\/v2\/media\/8834"}],"wp:attachment":[{"href":"https:\/\/cyberlogics.ao\/index.php\/wp-json\/wp\/v2\/media?parent=8833"}],"wp:term":[{"taxonomy":"product_brand","embeddable":true,"href":"https:\/\/cyberlogics.ao\/index.php\/wp-json\/wp\/v2\/product_brand?post=8833"},{"taxonomy":"product_cat","embeddable":true,"href":"https:\/\/cyberlogics.ao\/index.php\/wp-json\/wp\/v2\/product_cat?post=8833"},{"taxonomy":"product_tag","embeddable":true,"href":"https:\/\/cyberlogics.ao\/index.php\/wp-json\/wp\/v2\/product_tag?post=8833"}],"curies":[{"name":"wp","href":"https:\/\/api.w.org\/{rel}","templated":true}]}}