{"id":9035,"date":"2025-09-15T09:40:52","date_gmt":"2025-09-15T09:40:52","guid":{"rendered":"https:\/\/cyberlogics.ao\/?post_type=product&#038;p=9035"},"modified":"2025-09-15T09:40:52","modified_gmt":"2025-09-15T09:40:52","slug":"monitor-21-5-hp-e22-g5-fhd-hdmi-dp-4usb","status":"publish","type":"product","link":"https:\/\/cyberlogics.ao\/index.php\/product\/monitor-21-5-hp-e22-g5-fhd-hdmi-dp-4usb\/","title":{"rendered":"MONITOR 21.5&#8242; HP E22 G5 FHD HDMI\/DP\/4USB"},"content":{"rendered":"<table class=\"table-data-sheet\">\n<tbody>\n<tr>\n<th id=\"pfc_table_header\" colspan=\"2\"><strong>Caracter\u00edsticas Principais<\/strong><\/th>\n<\/tr>\n<tr class=\"odd\">\n<td>Modelo<\/td>\n<td>Monitor HP E22 G5 FHD<\/td>\n<\/tr>\n<tr class=\" even\">\n<td>Tamanho do Ecr\u00e3 (diagonal)<\/td>\n<td>21.5&#8242;<\/td>\n<\/tr>\n<tr class=\"odd\">\n<td>Resolu\u00e7\u00e3o nativa<\/td>\n<td>Resolu\u00e7\u00e3o Full HD (1920 x 1080)<\/td>\n<\/tr>\n<tr class=\" even\">\n<td>R\u00e1cio de contraste<\/td>\n<td>1000:1<\/td>\n<\/tr>\n<tr class=\"odd\">\n<td>Temo de resposta<\/td>\n<td>5ms GtG (com overdrive)<\/td>\n<\/tr>\n<tr>\n<th id=\"pfc_table_header\" colspan=\"2\"><strong>Conectividade<\/strong><\/th>\n<\/tr>\n<tr class=\" even\">\n<td>Conectores de entrada e sa\u00edda<\/td>\n<td>4 SuperSpeed \u200b\u200bUSB Tipo-A taxa de sinaliza\u00e7\u00e3o de 5 Gbps (1 carregamento), 1 DisplayPort\u2122 1.2, 1 HDMI 1.4, 1 USB-B<\/td>\n<\/tr>\n<tr>\n<th id=\"pfc_table_header\" colspan=\"2\"><strong>Outras<\/strong><\/th>\n<\/tr>\n<tr class=\"odd\">\n<td>Tens\u00e3o de entrada:<\/td>\n<td>100 &#8211; 240 VCA 50\/60 Hz<\/td>\n<\/tr>\n<tr class=\" even\">\n<td>Dimens\u00f5es<\/td>\n<td>19,24 x 1,81 x 11,57 pol (sem dobradi\u00e7a); 19,24 x 2,96 x 11,57 pol (com dobradi\u00e7a)<\/td>\n<\/tr>\n<tr>\n<th id=\"pfc_table_header\" colspan=\"2\"><strong>Filtros<\/strong><\/th>\n<\/tr>\n<tr class=\"odd\">\n<td>Ecr\u00e3<\/td>\n<td>21.5&#8243;<\/td>\n<\/tr>\n<tr class=\" even\">\n<td>Resolu\u00e7\u00e3o<\/td>\n<td>FHD<\/td>\n<\/tr>\n<\/tbody>\n<\/table>\n","protected":false},"excerpt":{"rendered":"<p><label>Marca:<\/label>\u00a0<span class=\"editable\">HP<\/span><br \/>\n<label>Part-Number:<\/label>\u00a0<span class=\"editable\">6N4E8AS<\/span><\/p>\n","protected":false},"featured_media":9037,"comment_status":"open","ping_status":"closed","template":"","meta":{"_joinchat":[]},"product_brand":[],"product_cat":[333,651],"product_tag":[],"class_list":{"0":"post-9035","1":"product","2":"type-product","3":"status-publish","4":"has-post-thumbnail","6":"product_cat-computadores","7":"product_cat-computadores-e-monitores","9":"first","10":"instock","11":"shipping-taxable","12":"purchasable","13":"product-type-simple"},"yoast_head":"<!-- This site is optimized with the Yoast SEO plugin v27.4 - https:\/\/yoast.com\/product\/yoast-seo-wordpress\/ -->\n<title>MONITOR 21.5&#039; HP E22 G5 FHD HDMI\/DP\/4USB - Cyberlogics Technologies Angola<\/title>\n<meta name=\"description\" content=\"A Maior Loja Online de Angola de Licen\u00e7as Microsoft Office | Chaves Sistemas Operativos Windows | Antiv\u00edrus | Cloud Adobe | Inform\u00e1tica &amp; Servidores | Softwares de Gest\u00e3o ERP | Gaming Hardware | UPS e Baterias &amp; Muito Mais...\" \/>\n<meta name=\"robots\" content=\"index, follow, max-snippet:-1, max-image-preview:large, max-video-preview:-1\" \/>\n<link rel=\"canonical\" href=\"https:\/\/cyberlogics.ao\/index.php\/product\/monitor-21-5-hp-e22-g5-fhd-hdmi-dp-4usb\/\" \/>\n<meta property=\"og:locale\" content=\"pt_PT\" \/>\n<meta property=\"og:type\" content=\"article\" \/>\n<meta property=\"og:title\" content=\"MONITOR 21.5&#039; HP E22 G5 FHD HDMI\/DP\/4USB - Cyberlogics Technologies Angola\" \/>\n<meta property=\"og:description\" content=\"A Maior Loja Online de Angola de Licen\u00e7as Microsoft Office | Chaves Sistemas Operativos Windows | Antiv\u00edrus | Cloud Adobe | Inform\u00e1tica &amp; Servidores | Softwares de Gest\u00e3o ERP | Gaming Hardware | UPS e Baterias &amp; Muito Mais...\" \/>\n<meta property=\"og:url\" content=\"https:\/\/cyberlogics.ao\/index.php\/product\/monitor-21-5-hp-e22-g5-fhd-hdmi-dp-4usb\/\" \/>\n<meta property=\"og:site_name\" content=\"Cyberlogics Technologies Angola\" \/>\n<meta property=\"og:image\" content=\"http:\/\/cyberlogics.ao\/wp-content\/uploads\/2025\/09\/monitor-215-hp-e22-g5-fhd-hdmidp4usb.jpg\" \/>\n\t<meta property=\"og:image:width\" content=\"135\" \/>\n\t<meta property=\"og:image:height\" content=\"135\" \/>\n\t<meta property=\"og:image:type\" content=\"image\/jpeg\" \/>\n<meta name=\"twitter:card\" content=\"summary_large_image\" \/>\n<script type=\"application\/ld+json\" class=\"yoast-schema-graph\">{\"@context\":\"https:\\\/\\\/schema.org\",\"@graph\":[{\"@type\":\"WebPage\",\"@id\":\"https:\\\/\\\/cyberlogics.ao\\\/index.php\\\/product\\\/monitor-21-5-hp-e22-g5-fhd-hdmi-dp-4usb\\\/\",\"url\":\"https:\\\/\\\/cyberlogics.ao\\\/index.php\\\/product\\\/monitor-21-5-hp-e22-g5-fhd-hdmi-dp-4usb\\\/\",\"name\":\"MONITOR 21.5' HP E22 G5 FHD HDMI\\\/DP\\\/4USB - Cyberlogics Technologies Angola\",\"isPartOf\":{\"@id\":\"https:\\\/\\\/cyberlogics.ao\\\/#website\"},\"primaryImageOfPage\":{\"@id\":\"https:\\\/\\\/cyberlogics.ao\\\/index.php\\\/product\\\/monitor-21-5-hp-e22-g5-fhd-hdmi-dp-4usb\\\/#primaryimage\"},\"image\":{\"@id\":\"https:\\\/\\\/cyberlogics.ao\\\/index.php\\\/product\\\/monitor-21-5-hp-e22-g5-fhd-hdmi-dp-4usb\\\/#primaryimage\"},\"thumbnailUrl\":\"https:\\\/\\\/cyberlogics.ao\\\/wp-content\\\/uploads\\\/2025\\\/09\\\/monitor-215-hp-e22-g5-fhd-hdmidp4usb.jpg\",\"datePublished\":\"2025-09-15T09:40:52+00:00\",\"description\":\"A Maior Loja Online de Angola de Licen\u00e7as Microsoft Office | Chaves Sistemas Operativos Windows | Antiv\u00edrus | Cloud Adobe | Inform\u00e1tica & Servidores | Softwares de Gest\u00e3o ERP | Gaming Hardware | UPS e Baterias & Muito Mais...\",\"breadcrumb\":{\"@id\":\"https:\\\/\\\/cyberlogics.ao\\\/index.php\\\/product\\\/monitor-21-5-hp-e22-g5-fhd-hdmi-dp-4usb\\\/#breadcrumb\"},\"inLanguage\":\"pt-PT\",\"potentialAction\":[{\"@type\":\"ReadAction\",\"target\":[\"https:\\\/\\\/cyberlogics.ao\\\/index.php\\\/product\\\/monitor-21-5-hp-e22-g5-fhd-hdmi-dp-4usb\\\/\"]}]},{\"@type\":\"ImageObject\",\"inLanguage\":\"pt-PT\",\"@id\":\"https:\\\/\\\/cyberlogics.ao\\\/index.php\\\/product\\\/monitor-21-5-hp-e22-g5-fhd-hdmi-dp-4usb\\\/#primaryimage\",\"url\":\"https:\\\/\\\/cyberlogics.ao\\\/wp-content\\\/uploads\\\/2025\\\/09\\\/monitor-215-hp-e22-g5-fhd-hdmidp4usb.jpg\",\"contentUrl\":\"https:\\\/\\\/cyberlogics.ao\\\/wp-content\\\/uploads\\\/2025\\\/09\\\/monitor-215-hp-e22-g5-fhd-hdmidp4usb.jpg\",\"width\":135,\"height\":135},{\"@type\":\"BreadcrumbList\",\"@id\":\"https:\\\/\\\/cyberlogics.ao\\\/index.php\\\/product\\\/monitor-21-5-hp-e22-g5-fhd-hdmi-dp-4usb\\\/#breadcrumb\",\"itemListElement\":[{\"@type\":\"ListItem\",\"position\":1,\"name\":\"In\u00edcio\",\"item\":\"https:\\\/\\\/cyberlogics.ao\\\/\"},{\"@type\":\"ListItem\",\"position\":2,\"name\":\"Produtos\",\"item\":\"https:\\\/\\\/cyberlogics.ao\\\/index.php\\\/shop-2\\\/\"},{\"@type\":\"ListItem\",\"position\":3,\"name\":\"MONITOR 21.5&#8242; HP E22 G5 FHD HDMI\\\/DP\\\/4USB\"}]},{\"@type\":\"WebSite\",\"@id\":\"https:\\\/\\\/cyberlogics.ao\\\/#website\",\"url\":\"https:\\\/\\\/cyberlogics.ao\\\/\",\"name\":\"Cyberlogics Technologies Angola\",\"description\":\"Loja Online de Licen\u00e7as de Softwares e Inform\u00e1tica\",\"publisher\":{\"@id\":\"https:\\\/\\\/cyberlogics.ao\\\/#organization\"},\"potentialAction\":[{\"@type\":\"SearchAction\",\"target\":{\"@type\":\"EntryPoint\",\"urlTemplate\":\"https:\\\/\\\/cyberlogics.ao\\\/?s={search_term_string}\"},\"query-input\":{\"@type\":\"PropertyValueSpecification\",\"valueRequired\":true,\"valueName\":\"search_term_string\"}}],\"inLanguage\":\"pt-PT\"},{\"@type\":\"Organization\",\"@id\":\"https:\\\/\\\/cyberlogics.ao\\\/#organization\",\"name\":\"Cyberlogics Ao Technologies - Loja Online de Licen\u00e7as de Softwares e Inform\u00e1tica\",\"url\":\"https:\\\/\\\/cyberlogics.ao\\\/\",\"logo\":{\"@type\":\"ImageObject\",\"inLanguage\":\"pt-PT\",\"@id\":\"https:\\\/\\\/cyberlogics.ao\\\/#\\\/schema\\\/logo\\\/image\\\/\",\"url\":\"https:\\\/\\\/cyberlogics.ao\\\/wp-content\\\/uploads\\\/2022\\\/04\\\/CT-logo.png\",\"contentUrl\":\"https:\\\/\\\/cyberlogics.ao\\\/wp-content\\\/uploads\\\/2022\\\/04\\\/CT-logo.png\",\"width\":190,\"height\":75,\"caption\":\"Cyberlogics Ao Technologies - Loja Online de Licen\u00e7as de Softwares e Inform\u00e1tica\"},\"image\":{\"@id\":\"https:\\\/\\\/cyberlogics.ao\\\/#\\\/schema\\\/logo\\\/image\\\/\"}}]}<\/script>\n<!-- \/ Yoast SEO plugin. -->","yoast_head_json":{"title":"MONITOR 21.5' HP E22 G5 FHD HDMI\/DP\/4USB - Cyberlogics Technologies Angola","description":"A Maior Loja Online de Angola de Licen\u00e7as Microsoft Office | Chaves Sistemas Operativos Windows | Antiv\u00edrus | Cloud Adobe | Inform\u00e1tica & Servidores | Softwares de Gest\u00e3o ERP | Gaming Hardware | UPS e Baterias & Muito Mais...","robots":{"index":"index","follow":"follow","max-snippet":"max-snippet:-1","max-image-preview":"max-image-preview:large","max-video-preview":"max-video-preview:-1"},"canonical":"https:\/\/cyberlogics.ao\/index.php\/product\/monitor-21-5-hp-e22-g5-fhd-hdmi-dp-4usb\/","og_locale":"pt_PT","og_type":"article","og_title":"MONITOR 21.5' HP E22 G5 FHD HDMI\/DP\/4USB - Cyberlogics Technologies Angola","og_description":"A Maior Loja Online de Angola de Licen\u00e7as Microsoft Office | Chaves Sistemas Operativos Windows | Antiv\u00edrus | Cloud Adobe | Inform\u00e1tica & Servidores | Softwares de Gest\u00e3o ERP | Gaming Hardware | UPS e Baterias & Muito Mais...","og_url":"https:\/\/cyberlogics.ao\/index.php\/product\/monitor-21-5-hp-e22-g5-fhd-hdmi-dp-4usb\/","og_site_name":"Cyberlogics Technologies Angola","og_image":[{"width":135,"height":135,"url":"http:\/\/cyberlogics.ao\/wp-content\/uploads\/2025\/09\/monitor-215-hp-e22-g5-fhd-hdmidp4usb.jpg","type":"image\/jpeg"}],"twitter_card":"summary_large_image","schema":{"@context":"https:\/\/schema.org","@graph":[{"@type":"WebPage","@id":"https:\/\/cyberlogics.ao\/index.php\/product\/monitor-21-5-hp-e22-g5-fhd-hdmi-dp-4usb\/","url":"https:\/\/cyberlogics.ao\/index.php\/product\/monitor-21-5-hp-e22-g5-fhd-hdmi-dp-4usb\/","name":"MONITOR 21.5' HP E22 G5 FHD HDMI\/DP\/4USB - Cyberlogics Technologies Angola","isPartOf":{"@id":"https:\/\/cyberlogics.ao\/#website"},"primaryImageOfPage":{"@id":"https:\/\/cyberlogics.ao\/index.php\/product\/monitor-21-5-hp-e22-g5-fhd-hdmi-dp-4usb\/#primaryimage"},"image":{"@id":"https:\/\/cyberlogics.ao\/index.php\/product\/monitor-21-5-hp-e22-g5-fhd-hdmi-dp-4usb\/#primaryimage"},"thumbnailUrl":"https:\/\/cyberlogics.ao\/wp-content\/uploads\/2025\/09\/monitor-215-hp-e22-g5-fhd-hdmidp4usb.jpg","datePublished":"2025-09-15T09:40:52+00:00","description":"A Maior Loja Online de Angola de Licen\u00e7as Microsoft Office | Chaves Sistemas Operativos Windows | Antiv\u00edrus | Cloud Adobe | Inform\u00e1tica & Servidores | Softwares de Gest\u00e3o ERP | Gaming Hardware | UPS e Baterias & Muito Mais...","breadcrumb":{"@id":"https:\/\/cyberlogics.ao\/index.php\/product\/monitor-21-5-hp-e22-g5-fhd-hdmi-dp-4usb\/#breadcrumb"},"inLanguage":"pt-PT","potentialAction":[{"@type":"ReadAction","target":["https:\/\/cyberlogics.ao\/index.php\/product\/monitor-21-5-hp-e22-g5-fhd-hdmi-dp-4usb\/"]}]},{"@type":"ImageObject","inLanguage":"pt-PT","@id":"https:\/\/cyberlogics.ao\/index.php\/product\/monitor-21-5-hp-e22-g5-fhd-hdmi-dp-4usb\/#primaryimage","url":"https:\/\/cyberlogics.ao\/wp-content\/uploads\/2025\/09\/monitor-215-hp-e22-g5-fhd-hdmidp4usb.jpg","contentUrl":"https:\/\/cyberlogics.ao\/wp-content\/uploads\/2025\/09\/monitor-215-hp-e22-g5-fhd-hdmidp4usb.jpg","width":135,"height":135},{"@type":"BreadcrumbList","@id":"https:\/\/cyberlogics.ao\/index.php\/product\/monitor-21-5-hp-e22-g5-fhd-hdmi-dp-4usb\/#breadcrumb","itemListElement":[{"@type":"ListItem","position":1,"name":"In\u00edcio","item":"https:\/\/cyberlogics.ao\/"},{"@type":"ListItem","position":2,"name":"Produtos","item":"https:\/\/cyberlogics.ao\/index.php\/shop-2\/"},{"@type":"ListItem","position":3,"name":"MONITOR 21.5&#8242; HP E22 G5 FHD HDMI\/DP\/4USB"}]},{"@type":"WebSite","@id":"https:\/\/cyberlogics.ao\/#website","url":"https:\/\/cyberlogics.ao\/","name":"Cyberlogics Technologies Angola","description":"Loja Online de Licen\u00e7as de Softwares e Inform\u00e1tica","publisher":{"@id":"https:\/\/cyberlogics.ao\/#organization"},"potentialAction":[{"@type":"SearchAction","target":{"@type":"EntryPoint","urlTemplate":"https:\/\/cyberlogics.ao\/?s={search_term_string}"},"query-input":{"@type":"PropertyValueSpecification","valueRequired":true,"valueName":"search_term_string"}}],"inLanguage":"pt-PT"},{"@type":"Organization","@id":"https:\/\/cyberlogics.ao\/#organization","name":"Cyberlogics Ao Technologies - Loja Online de Licen\u00e7as de Softwares e Inform\u00e1tica","url":"https:\/\/cyberlogics.ao\/","logo":{"@type":"ImageObject","inLanguage":"pt-PT","@id":"https:\/\/cyberlogics.ao\/#\/schema\/logo\/image\/","url":"https:\/\/cyberlogics.ao\/wp-content\/uploads\/2022\/04\/CT-logo.png","contentUrl":"https:\/\/cyberlogics.ao\/wp-content\/uploads\/2022\/04\/CT-logo.png","width":190,"height":75,"caption":"Cyberlogics Ao Technologies - Loja Online de Licen\u00e7as de Softwares e Inform\u00e1tica"},"image":{"@id":"https:\/\/cyberlogics.ao\/#\/schema\/logo\/image\/"}}]}},"_links":{"self":[{"href":"https:\/\/cyberlogics.ao\/index.php\/wp-json\/wp\/v2\/product\/9035","targetHints":{"allow":["GET"]}}],"collection":[{"href":"https:\/\/cyberlogics.ao\/index.php\/wp-json\/wp\/v2\/product"}],"about":[{"href":"https:\/\/cyberlogics.ao\/index.php\/wp-json\/wp\/v2\/types\/product"}],"replies":[{"embeddable":true,"href":"https:\/\/cyberlogics.ao\/index.php\/wp-json\/wp\/v2\/comments?post=9035"}],"wp:featuredmedia":[{"embeddable":true,"href":"https:\/\/cyberlogics.ao\/index.php\/wp-json\/wp\/v2\/media\/9037"}],"wp:attachment":[{"href":"https:\/\/cyberlogics.ao\/index.php\/wp-json\/wp\/v2\/media?parent=9035"}],"wp:term":[{"taxonomy":"product_brand","embeddable":true,"href":"https:\/\/cyberlogics.ao\/index.php\/wp-json\/wp\/v2\/product_brand?post=9035"},{"taxonomy":"product_cat","embeddable":true,"href":"https:\/\/cyberlogics.ao\/index.php\/wp-json\/wp\/v2\/product_cat?post=9035"},{"taxonomy":"product_tag","embeddable":true,"href":"https:\/\/cyberlogics.ao\/index.php\/wp-json\/wp\/v2\/product_tag?post=9035"}],"curies":[{"name":"wp","href":"https:\/\/api.w.org\/{rel}","templated":true}]}}