{"id":9050,"date":"2025-09-15T10:03:13","date_gmt":"2025-09-15T10:03:13","guid":{"rendered":"https:\/\/cyberlogics.ao\/?post_type=product&#038;p=9050"},"modified":"2025-09-15T10:03:13","modified_gmt":"2025-09-15T10:03:13","slug":"monitor-27-xiaomi-mi-g27i-gaming-165hz","status":"publish","type":"product","link":"https:\/\/cyberlogics.ao\/index.php\/product\/monitor-27-xiaomi-mi-g27i-gaming-165hz\/","title":{"rendered":"MONITOR 27&#8242; XIAOMI MI G27I GAMING 165HZ"},"content":{"rendered":"<div class=\" lazy\" data-type=\"bg\" data-id=\"4bdd82954b\" data-background-image=\"\" data-loaded=\"true\">\n<div class=\" lazy\" data-type=\"bg\" data-id=\"55f9c06ea2\" data-background-image=\"\" data-loaded=\"true\"><span class=\"xm-text f-bold \" data-key=\"spec_1\" data-type=\"text\" data-id=\"db84a1893e\">Especifica\u00e7\u00e3o<\/span><\/div>\n<div class=\" lazy\" data-type=\"bg\" data-id=\"33ad2dd7b7\" data-background-image=\"\" data-loaded=\"true\">\n<div class=\" lazy\" data-type=\"bg\" data-id=\"263a5ae964\" data-background-image=\"\" data-loaded=\"true\"><span class=\"xm-text f-bold \" data-key=\"spec_2\" data-type=\"text\" data-id=\"2325bbece4\">Modelo do produto<\/span><span class=\"xm-text f-regular \" data-key=\"spec_3\" data-type=\"text\" data-id=\"a1a33c4e5d\">P27FBB-RGGL<\/span><\/div>\n<div class=\" lazy\" data-type=\"bg\" data-id=\"e5558a6a00\" data-background-image=\"\" data-loaded=\"true\"><span class=\"xm-text f-bold \" data-key=\"spec_4\" data-type=\"text\" data-id=\"b17844a6c4\">Entrada de energia<\/span><span class=\"xm-text f-regular \" data-key=\"spec_5\" data-type=\"text\" data-id=\"cbec342a4b\">12V\u23933,0A<\/span><\/div>\n<div class=\" lazy\" data-type=\"bg\" data-id=\"4b1b606787\" data-background-image=\"\" data-loaded=\"true\"><span class=\"xm-text f-bold \" data-key=\"spec_6\" data-type=\"text\" data-id=\"498dabfa7a\">Pot\u00eancia nominal<\/span><span class=\"xm-text f-regular \" data-key=\"spec_7\" data-type=\"text\" data-id=\"d2d61581a9\">36W<\/span><\/div>\n<div class=\" lazy\" data-type=\"bg\" data-id=\"e5e47eb7b8\" data-background-image=\"\" data-loaded=\"true\"><span class=\"xm-text f-bold \" data-key=\"spec_8\" data-type=\"text\" data-id=\"c08deab2cc\">Tamanho da tela<\/span><span class=\"xm-text f-regular \" data-key=\"spec_9\" data-type=\"text\" data-id=\"4ef0e4d256\">27&#8243;<\/span><\/div>\n<div class=\" lazy\" data-type=\"bg\" data-id=\"f4c3a31e33\" data-background-image=\"\" data-loaded=\"true\"><span class=\"xm-text f-bold \" data-key=\"spec_10\" data-type=\"text\" data-id=\"719a5f170d\">\u00c2ngulo de vis\u00e3o<\/span><span class=\"xm-text f-regular \" data-key=\"spec_11\" data-type=\"text\" data-id=\"bcb4dff1b0\">178 (H) \/ 178 (V)<\/span><\/div>\n<div class=\" lazy\" data-type=\"bg\" data-id=\"b4e0d3b87a\" data-background-image=\"\" data-loaded=\"true\"><span class=\"xm-text f-bold \" data-key=\"spec_12\" data-type=\"text\" data-id=\"3c88ab71c0\">Brilho<\/span><span class=\"xm-text f-regular \" data-key=\"spec_13\" data-type=\"text\" data-id=\"003124ea30\">250 nits (t\u00edpico)<\/span><\/div>\n<div class=\" lazy\" data-type=\"bg\" data-id=\"a347800bfa\" data-background-image=\"\" data-loaded=\"true\"><span class=\"xm-text f-bold \" data-key=\"spec_14\" data-type=\"text\" data-id=\"e5744b6d1a\">Taxa de contraste<\/span><span class=\"xm-text f-regular \" data-key=\"spec_15\" data-type=\"text\" data-id=\"50777881e5\">1000:1<\/span><\/div>\n<div class=\" lazy\" data-type=\"bg\" data-id=\"c0673087cb\" data-background-image=\"\" data-loaded=\"true\"><span class=\"xm-text f-bold \" data-key=\"spec_16\" data-type=\"text\" data-id=\"68410eaa83\">Profundidade de cor<\/span><span class=\"xm-text f-regular \" data-key=\"spec_17\" data-type=\"text\" data-id=\"7eb4f73f0e\">16,7 milh\u00f5es<\/span><\/div>\n<div class=\" lazy\" data-type=\"bg\" data-id=\"5b5b6fd04a\" data-background-image=\"\" data-loaded=\"true\"><span class=\"xm-text f-bold \" data-key=\"spec_18\" data-type=\"text\" data-id=\"44046fd8df\">Propor\u00e7\u00e3o da tela<\/span><span class=\"xm-text f-regular \" data-key=\"spec_19\" data-type=\"text\" data-id=\"fa05e794e3\">16:9<\/span><\/div>\n<div class=\" lazy\" data-type=\"bg\" data-id=\"1e729ed7d0\" data-background-image=\"\" data-loaded=\"true\"><span class=\"xm-text f-bold \" data-key=\"spec_20\" data-type=\"text\" data-id=\"4e00b7410a\">Resolu\u00e7\u00e3o<\/span><span class=\"xm-text f-regular \" data-key=\"spec_21\" data-type=\"text\" data-id=\"1c7ff14762\">1920 \u00d7 1080<\/span><\/div>\n<div class=\" lazy\" data-type=\"bg\" data-id=\"ef5224e65c\" data-background-image=\"\" data-loaded=\"true\"><span class=\"xm-text f-bold \" data-key=\"spec_22\" data-type=\"text\" data-id=\"b4ec286cad\">Taxa de atualiza\u00e7\u00e3o do painel (m\u00e1x.)<\/span><span class=\"xm-text f-regular \" data-key=\"spec_23\" data-type=\"text\" data-id=\"1a114d021e\">165Hz<\/span><\/div>\n<div class=\" lazy\" data-type=\"bg\" data-id=\"dba444a327\" data-background-image=\"\" data-loaded=\"true\"><span class=\"xm-text f-bold \" data-key=\"spec_24\" data-type=\"text\" data-id=\"16d5ad5377\">Tempo de resposta<\/span><span class=\"xm-text f-regular \" data-key=\"spec_25\" data-type=\"text\" data-id=\"ee3cfc6396\">1 ms (t\u00edpico)<\/span><\/div>\n<div class=\" lazy\" data-type=\"bg\" data-id=\"74ca618283\" data-background-image=\"\" data-loaded=\"true\"><span class=\"xm-text f-bold \" data-key=\"spec_26\" data-type=\"text\" data-id=\"d432268134\">Dimens\u00f5es (incluindo base)<\/span><span class=\"xm-text f-regular \" data-key=\"spec_27\" data-type=\"text\" data-id=\"51a93dc449\">612,3 (C) \u00d7 170 (L) \u00d7 451,7 (A) mm<\/span><\/div>\n<div class=\" lazy\" data-type=\"bg\" data-id=\"cc1487ae65\" data-background-image=\"\" data-loaded=\"true\"><span class=\"xm-text f-bold \" data-key=\"spec_28\" data-type=\"text\" data-id=\"71cf75ce42\">Peso (incluindo base)<\/span><span class=\"xm-text f-regular \" data-key=\"spec_29\" data-type=\"text\" data-id=\"204d1b51b8\">3,6 kg<\/span><\/div>\n<div class=\" lazy\" data-type=\"bg\" data-id=\"bdaa5f3c10\" data-background-image=\"\" data-loaded=\"true\"><span class=\"xm-text f-bold \" data-key=\"spec_30\" data-type=\"text\" data-id=\"15f835def6\">Tamanho de montagem na parede<\/span><span class=\"xm-text f-regular \" data-key=\"spec_31\" data-type=\"text\" data-id=\"fad7dad38a\">75 mm \u00d7 75 mm<\/span><\/div>\n<div class=\" lazy\" data-type=\"bg\" data-id=\"1c6739efc9\" data-background-image=\"\" data-loaded=\"true\"><span class=\"xm-text f-bold \" data-key=\"spec_32\" data-type=\"text\" data-id=\"74e36314b8\">Inclina\u00e7\u00e3o (\u00e2ngulo)<\/span><span class=\"xm-text f-regular \" data-key=\"spec_33\" data-type=\"text\" data-id=\"88178e3b7a\">-5\u00b0\u00b12 ~ +15\u00b0\u00b12<\/span><\/div>\n<div class=\" lazy\" data-type=\"bg\" data-id=\"5efd071305\" data-background-image=\"\" data-loaded=\"true\"><\/div>\n<div class=\" lazy\" data-type=\"bg\" data-id=\"3e0b05e433\" data-background-image=\"\" data-loaded=\"true\"><\/div>\n<\/div>\n<\/div>\n<div class=\" lazy\" data-type=\"bg\" data-id=\"f0f39a8112\" data-background-image=\"\" data-loaded=\"true\">\n<div class=\" lazy\" data-type=\"bg\" data-id=\"6c1ca47328\" data-background-image=\"\" data-loaded=\"true\"><span class=\"xm-text f-bold \" data-key=\"spec_34\" data-type=\"text\" data-id=\"c6f2d67fc0\">Conte\u00fado da embalagem<\/span><\/div>\n<div class=\" lazy\" data-type=\"bg\" data-id=\"7e73cc96f4\" data-background-image=\"\" data-loaded=\"true\">\n<div class=\" lazy\" data-type=\"bg\" data-id=\"743b23e623\" data-background-image=\"\" data-loaded=\"true\"><span class=\"xm-text f-regular \" data-key=\"spec_35\" data-type=\"text\" data-id=\"96db3934d3\">Monitor \u00d71 Base \u00d71 Suporte \u00d71 Cabo HDMI \u00d71 Chave de fenda \u00d71 Parafusos \u00d72 Adaptador de energia \u00d71 Manual do usu\u00e1rio \u00d71 Cart\u00e3o de garantia \u00d71<\/span><\/div>\n<\/div>\n<\/div>\n<div class=\" lazy\" data-type=\"bg\" data-id=\"946012ac2e\" data-background-image=\"\" data-loaded=\"true\">\n<div class=\" lazy\" data-type=\"bg\" data-id=\"93482e452a\" data-background-image=\"\" data-loaded=\"true\"><span class=\"xm-text f-bold \" data-key=\"spec_44\" data-type=\"text\" data-id=\"229051ebf6\">N\u00famero e tipo de portas<\/span><\/div>\n<div class=\" lazy\" data-type=\"bg\" data-id=\"6652bdfea1\" data-background-image=\"\" data-loaded=\"true\">\n<div class=\" lazy\" data-type=\"bg\" data-id=\"e9d08597f1\" data-background-image=\"\" data-loaded=\"true\"><span class=\"xm-text f-regular \" data-key=\"spec_45\" data-type=\"text\" data-id=\"a064df82ca\">Porta DP \u00d71 Porta HDMI 2.0 \u00d71 Porta de \u00e1udio \u00d71 Porta de cabo DC IN \u00d71<\/span><\/div>\n<\/div>\n<\/div>\n","protected":false},"excerpt":{"rendered":"<p><label>Marca:<\/label>\u00a0<span class=\"editable\">XIAOMI<\/span><br \/>\n<label>Part-Number:<\/label>\u00a0<span class=\"editable\">ELA5375EU<\/span><\/p>\n","protected":false},"featured_media":9051,"comment_status":"open","ping_status":"closed","template":"","meta":{"_joinchat":[]},"product_brand":[],"product_cat":[333,651],"product_tag":[],"class_list":{"0":"post-9050","1":"product","2":"type-product","3":"status-publish","4":"has-post-thumbnail","6":"product_cat-computadores","7":"product_cat-computadores-e-monitores","9":"first","10":"instock","11":"shipping-taxable","12":"purchasable","13":"product-type-simple"},"yoast_head":"<!-- This site is optimized with the Yoast SEO plugin v27.4 - https:\/\/yoast.com\/product\/yoast-seo-wordpress\/ -->\n<title>MONITOR 27&#039; XIAOMI MI G27I GAMING 165HZ - Cyberlogics Technologies Angola<\/title>\n<meta name=\"description\" content=\"A Maior Loja Online de Angola de Licen\u00e7as Microsoft Office | Chaves Sistemas Operativos Windows | Antiv\u00edrus | Cloud Adobe | Inform\u00e1tica &amp; Servidores | Softwares de Gest\u00e3o ERP | Gaming Hardware | UPS e Baterias &amp; Muito Mais...\" \/>\n<meta name=\"robots\" content=\"index, follow, max-snippet:-1, max-image-preview:large, max-video-preview:-1\" \/>\n<link rel=\"canonical\" href=\"https:\/\/cyberlogics.ao\/index.php\/product\/monitor-27-xiaomi-mi-g27i-gaming-165hz\/\" \/>\n<meta property=\"og:locale\" content=\"pt_PT\" \/>\n<meta property=\"og:type\" content=\"article\" \/>\n<meta property=\"og:title\" content=\"MONITOR 27&#039; XIAOMI MI G27I GAMING 165HZ - Cyberlogics Technologies Angola\" \/>\n<meta property=\"og:description\" content=\"A Maior Loja Online de Angola de Licen\u00e7as Microsoft Office | Chaves Sistemas Operativos Windows | Antiv\u00edrus | Cloud Adobe | Inform\u00e1tica &amp; Servidores | Softwares de Gest\u00e3o ERP | Gaming Hardware | UPS e Baterias &amp; Muito Mais...\" \/>\n<meta property=\"og:url\" content=\"https:\/\/cyberlogics.ao\/index.php\/product\/monitor-27-xiaomi-mi-g27i-gaming-165hz\/\" \/>\n<meta property=\"og:site_name\" content=\"Cyberlogics Technologies Angola\" \/>\n<meta property=\"og:image\" content=\"http:\/\/cyberlogics.ao\/wp-content\/uploads\/2025\/09\/monitor-27-xiaomi-mi-g27i-gaming-165hz.png\" \/>\n\t<meta property=\"og:image:width\" content=\"400\" \/>\n\t<meta property=\"og:image:height\" content=\"400\" \/>\n\t<meta property=\"og:image:type\" content=\"image\/png\" \/>\n<meta name=\"twitter:card\" content=\"summary_large_image\" \/>\n<meta name=\"twitter:label1\" content=\"Tempo estimado de leitura\" \/>\n\t<meta name=\"twitter:data1\" content=\"1 minuto\" \/>\n<script type=\"application\/ld+json\" class=\"yoast-schema-graph\">{\"@context\":\"https:\\\/\\\/schema.org\",\"@graph\":[{\"@type\":\"WebPage\",\"@id\":\"https:\\\/\\\/cyberlogics.ao\\\/index.php\\\/product\\\/monitor-27-xiaomi-mi-g27i-gaming-165hz\\\/\",\"url\":\"https:\\\/\\\/cyberlogics.ao\\\/index.php\\\/product\\\/monitor-27-xiaomi-mi-g27i-gaming-165hz\\\/\",\"name\":\"MONITOR 27' XIAOMI MI G27I GAMING 165HZ - Cyberlogics Technologies Angola\",\"isPartOf\":{\"@id\":\"https:\\\/\\\/cyberlogics.ao\\\/#website\"},\"primaryImageOfPage\":{\"@id\":\"https:\\\/\\\/cyberlogics.ao\\\/index.php\\\/product\\\/monitor-27-xiaomi-mi-g27i-gaming-165hz\\\/#primaryimage\"},\"image\":{\"@id\":\"https:\\\/\\\/cyberlogics.ao\\\/index.php\\\/product\\\/monitor-27-xiaomi-mi-g27i-gaming-165hz\\\/#primaryimage\"},\"thumbnailUrl\":\"https:\\\/\\\/cyberlogics.ao\\\/wp-content\\\/uploads\\\/2025\\\/09\\\/monitor-27-xiaomi-mi-g27i-gaming-165hz.png\",\"datePublished\":\"2025-09-15T10:03:13+00:00\",\"description\":\"A Maior Loja Online de Angola de Licen\u00e7as Microsoft Office | Chaves Sistemas Operativos Windows | Antiv\u00edrus | Cloud Adobe | Inform\u00e1tica & Servidores | Softwares de Gest\u00e3o ERP | Gaming Hardware | UPS e Baterias & Muito Mais...\",\"breadcrumb\":{\"@id\":\"https:\\\/\\\/cyberlogics.ao\\\/index.php\\\/product\\\/monitor-27-xiaomi-mi-g27i-gaming-165hz\\\/#breadcrumb\"},\"inLanguage\":\"pt-PT\",\"potentialAction\":[{\"@type\":\"ReadAction\",\"target\":[\"https:\\\/\\\/cyberlogics.ao\\\/index.php\\\/product\\\/monitor-27-xiaomi-mi-g27i-gaming-165hz\\\/\"]}]},{\"@type\":\"ImageObject\",\"inLanguage\":\"pt-PT\",\"@id\":\"https:\\\/\\\/cyberlogics.ao\\\/index.php\\\/product\\\/monitor-27-xiaomi-mi-g27i-gaming-165hz\\\/#primaryimage\",\"url\":\"https:\\\/\\\/cyberlogics.ao\\\/wp-content\\\/uploads\\\/2025\\\/09\\\/monitor-27-xiaomi-mi-g27i-gaming-165hz.png\",\"contentUrl\":\"https:\\\/\\\/cyberlogics.ao\\\/wp-content\\\/uploads\\\/2025\\\/09\\\/monitor-27-xiaomi-mi-g27i-gaming-165hz.png\",\"width\":400,\"height\":400},{\"@type\":\"BreadcrumbList\",\"@id\":\"https:\\\/\\\/cyberlogics.ao\\\/index.php\\\/product\\\/monitor-27-xiaomi-mi-g27i-gaming-165hz\\\/#breadcrumb\",\"itemListElement\":[{\"@type\":\"ListItem\",\"position\":1,\"name\":\"In\u00edcio\",\"item\":\"https:\\\/\\\/cyberlogics.ao\\\/\"},{\"@type\":\"ListItem\",\"position\":2,\"name\":\"Produtos\",\"item\":\"https:\\\/\\\/cyberlogics.ao\\\/index.php\\\/shop-2\\\/\"},{\"@type\":\"ListItem\",\"position\":3,\"name\":\"MONITOR 27&#8242; XIAOMI MI G27I GAMING 165HZ\"}]},{\"@type\":\"WebSite\",\"@id\":\"https:\\\/\\\/cyberlogics.ao\\\/#website\",\"url\":\"https:\\\/\\\/cyberlogics.ao\\\/\",\"name\":\"Cyberlogics Technologies Angola\",\"description\":\"Loja Online de Licen\u00e7as de Softwares e Inform\u00e1tica\",\"publisher\":{\"@id\":\"https:\\\/\\\/cyberlogics.ao\\\/#organization\"},\"potentialAction\":[{\"@type\":\"SearchAction\",\"target\":{\"@type\":\"EntryPoint\",\"urlTemplate\":\"https:\\\/\\\/cyberlogics.ao\\\/?s={search_term_string}\"},\"query-input\":{\"@type\":\"PropertyValueSpecification\",\"valueRequired\":true,\"valueName\":\"search_term_string\"}}],\"inLanguage\":\"pt-PT\"},{\"@type\":\"Organization\",\"@id\":\"https:\\\/\\\/cyberlogics.ao\\\/#organization\",\"name\":\"Cyberlogics Ao Technologies - Loja Online de Licen\u00e7as de Softwares e Inform\u00e1tica\",\"url\":\"https:\\\/\\\/cyberlogics.ao\\\/\",\"logo\":{\"@type\":\"ImageObject\",\"inLanguage\":\"pt-PT\",\"@id\":\"https:\\\/\\\/cyberlogics.ao\\\/#\\\/schema\\\/logo\\\/image\\\/\",\"url\":\"https:\\\/\\\/cyberlogics.ao\\\/wp-content\\\/uploads\\\/2022\\\/04\\\/CT-logo.png\",\"contentUrl\":\"https:\\\/\\\/cyberlogics.ao\\\/wp-content\\\/uploads\\\/2022\\\/04\\\/CT-logo.png\",\"width\":190,\"height\":75,\"caption\":\"Cyberlogics Ao Technologies - Loja Online de Licen\u00e7as de Softwares e Inform\u00e1tica\"},\"image\":{\"@id\":\"https:\\\/\\\/cyberlogics.ao\\\/#\\\/schema\\\/logo\\\/image\\\/\"}}]}<\/script>\n<!-- \/ Yoast SEO plugin. -->","yoast_head_json":{"title":"MONITOR 27' XIAOMI MI G27I GAMING 165HZ - Cyberlogics Technologies Angola","description":"A Maior Loja Online de Angola de Licen\u00e7as Microsoft Office | Chaves Sistemas Operativos Windows | Antiv\u00edrus | Cloud Adobe | Inform\u00e1tica & Servidores | Softwares de Gest\u00e3o ERP | Gaming Hardware | UPS e Baterias & Muito Mais...","robots":{"index":"index","follow":"follow","max-snippet":"max-snippet:-1","max-image-preview":"max-image-preview:large","max-video-preview":"max-video-preview:-1"},"canonical":"https:\/\/cyberlogics.ao\/index.php\/product\/monitor-27-xiaomi-mi-g27i-gaming-165hz\/","og_locale":"pt_PT","og_type":"article","og_title":"MONITOR 27' XIAOMI MI G27I GAMING 165HZ - Cyberlogics Technologies Angola","og_description":"A Maior Loja Online de Angola de Licen\u00e7as Microsoft Office | Chaves Sistemas Operativos Windows | Antiv\u00edrus | Cloud Adobe | Inform\u00e1tica & Servidores | Softwares de Gest\u00e3o ERP | Gaming Hardware | UPS e Baterias & Muito Mais...","og_url":"https:\/\/cyberlogics.ao\/index.php\/product\/monitor-27-xiaomi-mi-g27i-gaming-165hz\/","og_site_name":"Cyberlogics Technologies Angola","og_image":[{"width":400,"height":400,"url":"http:\/\/cyberlogics.ao\/wp-content\/uploads\/2025\/09\/monitor-27-xiaomi-mi-g27i-gaming-165hz.png","type":"image\/png"}],"twitter_card":"summary_large_image","twitter_misc":{"Tempo estimado de leitura":"1 minuto"},"schema":{"@context":"https:\/\/schema.org","@graph":[{"@type":"WebPage","@id":"https:\/\/cyberlogics.ao\/index.php\/product\/monitor-27-xiaomi-mi-g27i-gaming-165hz\/","url":"https:\/\/cyberlogics.ao\/index.php\/product\/monitor-27-xiaomi-mi-g27i-gaming-165hz\/","name":"MONITOR 27' XIAOMI MI G27I GAMING 165HZ - Cyberlogics Technologies Angola","isPartOf":{"@id":"https:\/\/cyberlogics.ao\/#website"},"primaryImageOfPage":{"@id":"https:\/\/cyberlogics.ao\/index.php\/product\/monitor-27-xiaomi-mi-g27i-gaming-165hz\/#primaryimage"},"image":{"@id":"https:\/\/cyberlogics.ao\/index.php\/product\/monitor-27-xiaomi-mi-g27i-gaming-165hz\/#primaryimage"},"thumbnailUrl":"https:\/\/cyberlogics.ao\/wp-content\/uploads\/2025\/09\/monitor-27-xiaomi-mi-g27i-gaming-165hz.png","datePublished":"2025-09-15T10:03:13+00:00","description":"A Maior Loja Online de Angola de Licen\u00e7as Microsoft Office | Chaves Sistemas Operativos Windows | Antiv\u00edrus | Cloud Adobe | Inform\u00e1tica & Servidores | Softwares de Gest\u00e3o ERP | Gaming Hardware | UPS e Baterias & Muito Mais...","breadcrumb":{"@id":"https:\/\/cyberlogics.ao\/index.php\/product\/monitor-27-xiaomi-mi-g27i-gaming-165hz\/#breadcrumb"},"inLanguage":"pt-PT","potentialAction":[{"@type":"ReadAction","target":["https:\/\/cyberlogics.ao\/index.php\/product\/monitor-27-xiaomi-mi-g27i-gaming-165hz\/"]}]},{"@type":"ImageObject","inLanguage":"pt-PT","@id":"https:\/\/cyberlogics.ao\/index.php\/product\/monitor-27-xiaomi-mi-g27i-gaming-165hz\/#primaryimage","url":"https:\/\/cyberlogics.ao\/wp-content\/uploads\/2025\/09\/monitor-27-xiaomi-mi-g27i-gaming-165hz.png","contentUrl":"https:\/\/cyberlogics.ao\/wp-content\/uploads\/2025\/09\/monitor-27-xiaomi-mi-g27i-gaming-165hz.png","width":400,"height":400},{"@type":"BreadcrumbList","@id":"https:\/\/cyberlogics.ao\/index.php\/product\/monitor-27-xiaomi-mi-g27i-gaming-165hz\/#breadcrumb","itemListElement":[{"@type":"ListItem","position":1,"name":"In\u00edcio","item":"https:\/\/cyberlogics.ao\/"},{"@type":"ListItem","position":2,"name":"Produtos","item":"https:\/\/cyberlogics.ao\/index.php\/shop-2\/"},{"@type":"ListItem","position":3,"name":"MONITOR 27&#8242; XIAOMI MI G27I GAMING 165HZ"}]},{"@type":"WebSite","@id":"https:\/\/cyberlogics.ao\/#website","url":"https:\/\/cyberlogics.ao\/","name":"Cyberlogics Technologies Angola","description":"Loja Online de Licen\u00e7as de Softwares e Inform\u00e1tica","publisher":{"@id":"https:\/\/cyberlogics.ao\/#organization"},"potentialAction":[{"@type":"SearchAction","target":{"@type":"EntryPoint","urlTemplate":"https:\/\/cyberlogics.ao\/?s={search_term_string}"},"query-input":{"@type":"PropertyValueSpecification","valueRequired":true,"valueName":"search_term_string"}}],"inLanguage":"pt-PT"},{"@type":"Organization","@id":"https:\/\/cyberlogics.ao\/#organization","name":"Cyberlogics Ao Technologies - Loja Online de Licen\u00e7as de Softwares e Inform\u00e1tica","url":"https:\/\/cyberlogics.ao\/","logo":{"@type":"ImageObject","inLanguage":"pt-PT","@id":"https:\/\/cyberlogics.ao\/#\/schema\/logo\/image\/","url":"https:\/\/cyberlogics.ao\/wp-content\/uploads\/2022\/04\/CT-logo.png","contentUrl":"https:\/\/cyberlogics.ao\/wp-content\/uploads\/2022\/04\/CT-logo.png","width":190,"height":75,"caption":"Cyberlogics Ao Technologies - Loja Online de Licen\u00e7as de Softwares e Inform\u00e1tica"},"image":{"@id":"https:\/\/cyberlogics.ao\/#\/schema\/logo\/image\/"}}]}},"_links":{"self":[{"href":"https:\/\/cyberlogics.ao\/index.php\/wp-json\/wp\/v2\/product\/9050","targetHints":{"allow":["GET"]}}],"collection":[{"href":"https:\/\/cyberlogics.ao\/index.php\/wp-json\/wp\/v2\/product"}],"about":[{"href":"https:\/\/cyberlogics.ao\/index.php\/wp-json\/wp\/v2\/types\/product"}],"replies":[{"embeddable":true,"href":"https:\/\/cyberlogics.ao\/index.php\/wp-json\/wp\/v2\/comments?post=9050"}],"wp:featuredmedia":[{"embeddable":true,"href":"https:\/\/cyberlogics.ao\/index.php\/wp-json\/wp\/v2\/media\/9051"}],"wp:attachment":[{"href":"https:\/\/cyberlogics.ao\/index.php\/wp-json\/wp\/v2\/media?parent=9050"}],"wp:term":[{"taxonomy":"product_brand","embeddable":true,"href":"https:\/\/cyberlogics.ao\/index.php\/wp-json\/wp\/v2\/product_brand?post=9050"},{"taxonomy":"product_cat","embeddable":true,"href":"https:\/\/cyberlogics.ao\/index.php\/wp-json\/wp\/v2\/product_cat?post=9050"},{"taxonomy":"product_tag","embeddable":true,"href":"https:\/\/cyberlogics.ao\/index.php\/wp-json\/wp\/v2\/product_tag?post=9050"}],"curies":[{"name":"wp","href":"https:\/\/api.w.org\/{rel}","templated":true}]}}